{"id":568,"date":"2026-02-03T02:04:37","date_gmt":"2026-02-03T02:04:37","guid":{"rendered":"https:\/\/www.fenxifiber.com\/?post_type=product&#038;p=568"},"modified":"2026-02-04T01:18:57","modified_gmt":"2026-02-04T01:18:57","slug":"mpo-lc-3m-12core","status":"publish","type":"product","link":"https:\/\/www.fenxifiber.com\/tr\/product\/mpo-lc-3m-12core\/","title":{"rendered":"MPO-LC-3M-12Core - K\u0131sa Eri\u015fimli MPO - LC Fan \u00c7\u0131k\u0131\u015fl\u0131 Kablo"},"content":{"rendered":"<h3 data-start=\"620\" data-end=\"656\"><strong data-start=\"624\" data-end=\"656\">Bu Kablo Ne \u0130\u00e7in \u00dcretilmi\u015ftir<\/strong><\/h3>\n<p data-start=\"658\" data-end=\"776\">MPO-LC-3M-12Core sadece fiber say\u0131s\u0131 ile ilgili de\u011fildir - bu <strong data-start=\"722\" data-end=\"751\">verimli optik y\u00f6nlendirme<\/strong> kalabal\u0131k ortamlarda:<\/p>\n<ul data-start=\"778\" data-end=\"1262\">\n<li data-start=\"778\" data-end=\"929\">\n<p data-start=\"780\" data-end=\"929\"><strong data-start=\"780\" data-end=\"808\">3 metrelik optimize edilmi\u015f uzunluk<\/strong><br data-start=\"808\" data-end=\"811\" \/>Raftan rafa veya raftan anahtara ba\u011flant\u0131lar i\u00e7in yeterince uzun, kablo gev\u015fekli\u011fini ve hava ak\u0131\u015f\u0131 t\u0131kan\u0131kl\u0131\u011f\u0131n\u0131 \u00f6nlemek i\u00e7in yeterince k\u0131sa.<\/p>\n<\/li>\n<li data-start=\"931\" data-end=\"1053\">\n<p data-start=\"933\" data-end=\"1053\"><strong data-start=\"933\" data-end=\"982\">Y\u00fcksek yo\u011funluklu omurgadan ekipmana ge\u00e7i\u015f<\/strong><br data-start=\"982\" data-end=\"985\" \/>Bir MPO trunk on iki LC portunu besleyerek patch panel karma\u015fas\u0131n\u0131 azalt\u0131r.<\/p>\n<\/li>\n<li data-start=\"1055\" data-end=\"1156\">\n<p data-start=\"1057\" data-end=\"1156\"><strong data-start=\"1057\" data-end=\"1076\">H\u0131zl\u0131 da\u011f\u0131t\u0131m<\/strong><br data-start=\"1076\" data-end=\"1079\" \/>Fabrikada sonland\u0131r\u0131lm\u0131\u015f ve test edilmi\u015ftir, bu nedenle sahada parlatma veya ekleme gerekmez.<\/p>\n<\/li>\n<li data-start=\"1158\" data-end=\"1262\">\n<p data-start=\"1160\" data-end=\"1262\"><strong data-start=\"1160\" data-end=\"1190\">Kararl\u0131 optik performans<\/strong><br data-start=\"1190\" data-end=\"1193\" \/>On iki kanal\u0131n tamam\u0131nda d\u00fc\u015f\u00fck ekleme kayb\u0131n\u0131 korumak i\u00e7in tasarlanm\u0131\u015ft\u0131r.<\/p>\n<\/li>\n<\/ul>\n<hr data-start=\"1264\" data-end=\"1267\" \/>\n<h3 data-start=\"1269\" data-end=\"1299\"><strong data-start=\"1273\" data-end=\"1299\">Temel Teknik Detaylar<\/strong><\/h3>\n<div class=\"TyagGW_tableContainer\">\n<div class=\"group TyagGW_tableWrapper flex flex-col-reverse w-fit\" tabindex=\"-1\">\n<table class=\"w-fit min-w-(--thread-content-width)\" data-start=\"1301\" data-end=\"1687\">\n<thead data-start=\"1301\" data-end=\"1328\">\n<tr data-start=\"1301\" data-end=\"1328\">\n<th class=\"\" data-start=\"1301\" data-end=\"1308\" data-col-size=\"sm\">\u00d6\u011fe<\/th>\n<th class=\"\" data-start=\"1308\" data-end=\"1328\" data-col-size=\"md\">MPO-LC-3M-12Core<\/th>\n<\/tr>\n<\/thead>\n<tbody data-start=\"1355\" data-end=\"1687\">\n<tr data-start=\"1355\" data-end=\"1382\">\n<td data-start=\"1355\" data-end=\"1370\" data-col-size=\"sm\">Kablo Uzunlu\u011fu<\/td>\n<td data-start=\"1370\" data-end=\"1382\" data-col-size=\"md\">3 metre<\/td>\n<\/tr>\n<tr data-start=\"1383\" data-end=\"1403\">\n<td data-start=\"1383\" data-end=\"1397\" data-col-size=\"sm\">Lif Say\u0131s\u0131<\/td>\n<td data-start=\"1397\" data-end=\"1403\" data-col-size=\"md\">12<\/td>\n<\/tr>\n<tr data-start=\"1404\" data-end=\"1442\">\n<td data-start=\"1404\" data-end=\"1418\" data-col-size=\"sm\">Konekt\u00f6r A<\/td>\n<td data-start=\"1418\" data-end=\"1442\" data-col-size=\"md\">MPO \/ MTP (12 fiber)<\/td>\n<\/tr>\n<tr data-start=\"1443\" data-end=\"1468\">\n<td data-start=\"1443\" data-end=\"1457\" data-col-size=\"sm\">Konekt\u00f6r B<\/td>\n<td data-start=\"1457\" data-end=\"1468\" data-col-size=\"md\">12 \u00d7 LC<\/td>\n<\/tr>\n<tr data-start=\"1469\" data-end=\"1535\">\n<td data-start=\"1469\" data-end=\"1482\" data-col-size=\"sm\">Elyaf Tipi<\/td>\n<td data-start=\"1482\" data-end=\"1535\" data-col-size=\"md\">\u00c7ok modlu OM3 \/ OM4 veya Tek modlu OS2 (iste\u011fe ba\u011fl\u0131)<\/td>\n<\/tr>\n<tr data-start=\"1536\" data-end=\"1584\">\n<td data-start=\"1536\" data-end=\"1553\" data-col-size=\"sm\">Ekleme Kayb\u0131<\/td>\n<td data-start=\"1553\" data-end=\"1584\" data-col-size=\"md\">MPO \u2264 0,35 dB, LC \u2264 0,30 dB<\/td>\n<\/tr>\n<tr data-start=\"1585\" data-end=\"1609\">\n<td data-start=\"1585\" data-end=\"1594\" data-col-size=\"sm\">Ceket<\/td>\n<td data-start=\"1594\" data-end=\"1609\" data-col-size=\"md\">LSZH veya PVC<\/td>\n<\/tr>\n<tr data-start=\"1610\" data-end=\"1648\">\n<td data-start=\"1610\" data-end=\"1628\" data-col-size=\"sm\">\u00c7al\u0131\u015fma S\u0131cakl\u0131\u011f\u0131.<\/td>\n<td data-col-size=\"md\" data-start=\"1628\" data-end=\"1648\">-10 \u00b0C ila +70 \u00b0C<\/td>\n<\/tr>\n<tr data-start=\"1649\" data-end=\"1687\">\n<td data-start=\"1649\" data-end=\"1662\" data-col-size=\"sm\">Uyumluluk<\/td>\n<td data-col-size=\"md\" data-start=\"1662\" data-end=\"1687\">IEC, TIA, RoHS, REACH<\/td>\n<\/tr>\n<\/tbody>\n<\/table>\n<\/div>\n<\/div>\n<hr data-start=\"1689\" data-end=\"1692\" \/>\n<h3 data-start=\"1694\" data-end=\"1720\"><strong data-start=\"1698\" data-end=\"1720\">En \u0130yi Uydu\u011fu Yer<\/strong><\/h3>\n<p data-start=\"1722\" data-end=\"1751\">Bu kablo yayg\u0131n olarak kullan\u0131lmaktad\u0131r:<\/p>\n<ul data-start=\"1753\" data-end=\"1949\">\n<li data-start=\"1753\" data-end=\"1791\">\n<p data-start=\"1755\" data-end=\"1791\"><strong data-start=\"1755\" data-end=\"1789\">Veri merkezi raflar\u0131 ve kabinleri<\/strong><\/p>\n<\/li>\n<li data-start=\"1792\" data-end=\"1828\">\n<p data-start=\"1794\" data-end=\"1828\"><strong data-start=\"1794\" data-end=\"1826\">MPO omurgas\u0131ndan anahtar ba\u011flant\u0131 noktalar\u0131na<\/strong><\/p>\n<\/li>\n<li data-start=\"1829\" data-end=\"1869\">\n<p data-start=\"1831\" data-end=\"1869\"><strong data-start=\"1831\" data-end=\"1867\">40G \/ 100G \/ 400G kesme ba\u011flant\u0131lar\u0131<\/strong><\/p>\n<\/li>\n<li data-start=\"1870\" data-end=\"1915\">\n<p data-start=\"1872\" data-end=\"1915\"><strong data-start=\"1872\" data-end=\"1913\">\u00c7apraz ba\u011flant\u0131 ve patch-panel sistemleri<\/strong><\/p>\n<\/li>\n<li data-start=\"1916\" data-end=\"1949\">\n<p data-start=\"1918\" data-end=\"1949\"><strong data-start=\"1918\" data-end=\"1949\">Bulut ve yapay zeka altyap\u0131s\u0131<\/strong><\/p>\n<\/li>\n<\/ul>\n<hr data-start=\"1951\" data-end=\"1954\" \/>\n<h3 data-start=\"1956\" data-end=\"1998\"><strong data-start=\"1960\" data-end=\"1998\">Y\u00fcksek Yo\u011funluklu A\u011flar i\u00e7in Tasarland\u0131<\/strong><\/h3>\n<p data-start=\"2000\" data-end=\"2272\">Y\u00fcksek h\u0131zl\u0131 a\u011flar sadece h\u0131zl\u0131 optiklere ihtiya\u00e7 duymaz, ayn\u0131 zamanda <strong data-start=\"2060\" data-end=\"2085\">d\u00fczenli fiber y\u00f6nlendirme<\/strong>. Bu <strong data-start=\"2091\" data-end=\"2111\">MPO-LC-3M-12Core<\/strong> kurulumlar\u0131 kompakt tutar, t\u0131kan\u0131kl\u0131\u011f\u0131 en aza indirir ve teknisyenlerin MPO omurgas\u0131na dokunmadan tek tek kanallar\u0131 h\u0131zl\u0131 bir \u015fekilde tan\u0131mlamas\u0131na ve bak\u0131m yapmas\u0131na olanak tan\u0131r.<\/p>\n<hr data-start=\"2274\" data-end=\"2277\" \/>\n<h2 data-start=\"2279\" data-end=\"2302\"><strong data-start=\"2282\" data-end=\"2302\">Profesyonel Soru-Cevap<\/strong><\/h2>\n<p data-start=\"2304\" data-end=\"2467\"><strong data-start=\"2304\" data-end=\"2353\">S1: 3 metre veri merkezi kullan\u0131m\u0131 i\u00e7in uygun mu?<\/strong><br data-start=\"2353\" data-end=\"2356\" \/>Evet. 3 m en yayg\u0131n yama uzunluklar\u0131ndan biridir ve raftan rafa ve kabinden kabine ba\u011flant\u0131lar i\u00e7in idealdir.<\/p>\n<p data-start=\"2469\" data-end=\"2642\"><strong data-start=\"2469\" data-end=\"2520\">S2: Bu kablo 100G ve 400G ba\u011flant\u0131lar\u0131 destekleyebilir mi?<\/strong><br data-start=\"2520\" data-end=\"2523\" \/>Evet. Do\u011fru MPO ve LC tabanl\u0131 al\u0131c\u0131-vericilerle e\u015fle\u015ftirildi\u011finde \u015funlar\u0131 destekler <strong data-start=\"2600\" data-end=\"2641\">paralel-optik 100G ve 400G a\u011flar\u0131<\/strong>.<\/p>\n<p data-start=\"2644\" data-end=\"2813\"><strong data-start=\"2644\" data-end=\"2701\">S3: Hem OM4 hem de tek modlu fiber ile \u00e7al\u0131\u015f\u0131yor mu?<\/strong><br data-start=\"2701\" data-end=\"2704\" \/>Evet. MPO-LC-3M-12Core \u015fu \u015fekilde tedarik edilebilir <strong data-start=\"2749\" data-end=\"2781\">OM3, OM4 veya OS2 tek modlu<\/strong>, uygulaman\u0131za ba\u011fl\u0131 olarak.<\/p>\n<p data-start=\"2815\" data-end=\"2971\"><strong data-start=\"2815\" data-end=\"2861\">S4: MPO polaritesi konusunda endi\u015felenmeme gerek var m\u0131?<\/strong><br data-start=\"2861\" data-end=\"2864\" \/>Evet. \u0130letim ve al\u0131m fiberlerinin do\u011fru hizaland\u0131\u011f\u0131ndan emin olmak i\u00e7in polarite (Tip A, B veya C) se\u00e7ilmelidir.<\/p>","protected":false},"excerpt":{"rendered":"<p data-start=\"64\" data-end=\"472\">Temiz, verimli raftan rafa ve tepsiden cihaza ba\u011flant\u0131lar i\u00e7in tasarlanan <strong data-start=\"143\" data-end=\"163\">MPO-LC-3M-12Core<\/strong> bir <strong data-start=\"169\" data-end=\"211\">3 metrelik MPO - LC koparma fiber kablosu<\/strong> y\u00fcksek yo\u011funluklu veri merkezleri ve kurumsal a\u011flar i\u00e7in \u00fcretilmi\u015ftir. Tek bir <strong data-start=\"287\" data-end=\"313\">12 fiber MPO konekt\u00f6r<\/strong> bir ucunda ve <strong data-start=\"329\" data-end=\"353\">on iki LC konekt\u00f6r<\/strong> Di\u011fer yandan, kompakt omurga kablolar\u0131n\u0131 performanstan veya alandan \u00f6d\u00fcn vermeden kullan\u0131m\u0131 kolay LC ba\u011flant\u0131 noktalar\u0131na d\u00f6n\u00fc\u015ft\u00fcr\u00fcr.<\/p>\n<p data-start=\"474\" data-end=\"613\">Bu uzunluk a\u015fa\u011f\u0131dakiler i\u00e7in idealdir <strong data-start=\"499\" data-end=\"553\">kabin i\u00e7i, s\u0131radan s\u0131raya ve \u00e7apraz ba\u011flant\u0131 yamas\u0131<\/strong>, Sinyal b\u00fct\u00fcnl\u00fc\u011f\u00fcn\u00fc korurken kablo ge\u00e7i\u015flerini d\u00fczenli tutar.<\/p>","protected":false},"featured_media":569,"comment_status":"open","ping_status":"closed","template":"","meta":[],"product_brand":[],"product_cat":[42],"product_tag":[],"class_list":{"0":"post-568","1":"product","2":"type-product","3":"status-publish","4":"has-post-thumbnail","6":"product_cat-mpo-mtp-fiber-optic-patch-cord","8":"first","9":"instock","10":"shipping-taxable","11":"product-type-simple"},"_links":{"self":[{"href":"https:\/\/www.fenxifiber.com\/tr\/wp-json\/wp\/v2\/product\/568","targetHints":{"allow":["GET"]}}],"collection":[{"href":"https:\/\/www.fenxifiber.com\/tr\/wp-json\/wp\/v2\/product"}],"about":[{"href":"https:\/\/www.fenxifiber.com\/tr\/wp-json\/wp\/v2\/types\/product"}],"replies":[{"embeddable":true,"href":"https:\/\/www.fenxifiber.com\/tr\/wp-json\/wp\/v2\/comments?post=568"}],"wp:featuredmedia":[{"embeddable":true,"href":"https:\/\/www.fenxifiber.com\/tr\/wp-json\/wp\/v2\/media\/569"}],"wp:attachment":[{"href":"https:\/\/www.fenxifiber.com\/tr\/wp-json\/wp\/v2\/media?parent=568"}],"wp:term":[{"taxonomy":"product_brand","embeddable":true,"href":"https:\/\/www.fenxifiber.com\/tr\/wp-json\/wp\/v2\/product_brand?post=568"},{"taxonomy":"product_cat","embeddable":true,"href":"https:\/\/www.fenxifiber.com\/tr\/wp-json\/wp\/v2\/product_cat?post=568"},{"taxonomy":"product_tag","embeddable":true,"href":"https:\/\/www.fenxifiber.com\/tr\/wp-json\/wp\/v2\/product_tag?post=568"}],"curies":[{"name":"wp","href":"https:\/\/api.w.org\/{rel}","templated":true}]}}