{"id":578,"date":"2026-02-03T02:27:56","date_gmt":"2026-02-03T02:27:56","guid":{"rendered":"https:\/\/www.fenxifiber.com\/?post_type=product&#038;p=578"},"modified":"2026-02-04T00:23:28","modified_gmt":"2026-02-04T00:23:28","slug":"lc-upc-12core-sm","status":"publish","type":"product","link":"https:\/\/www.fenxifiber.com\/tr\/product\/lc-upc-12core-sm\/","title":{"rendered":"LC\/UPC 12 \u00c7ekirdekli Tek Modlu Fiber Pigtail"},"content":{"rendered":"<h2>LC\/UPC 12 \u00c7ekirdekli SM Fiber Pigtail'in Temel Avantajlar\u0131<\/h2>\n<h3>1. E\u015fsiz Tekrarlanabilirlik ve Kararl\u0131l\u0131k<\/h3>\n<div>El yap\u0131m\u0131 <strong>y\u00fcksek s\u0131cakl\u0131\u011fa dayan\u0131kl\u0131, \u00e7evre dostu yeni malzemeler<\/strong>, 12 \u00e7ekirdekli fiber \u00f6rg\u00fcm\u00fcz deformasyona, k\u0131r\u0131lmaya ve ayr\u0131lmaya kar\u015f\u0131 dayan\u0131kl\u0131 olacak \u015fekilde tasarlanm\u0131\u015ft\u0131r. \u00d6zel tam otomatik standartla\u015ft\u0131r\u0131lm\u0131\u015f \u00fcretim s\u00fcreci, manuel m\u00fcdahaleyi en aza indirerek her birimde tutarl\u0131 kalite sa\u011flar. Bu istikrar, zorlu \u00e7evre ko\u015fullar\u0131nda bile tek tip performans\u0131 garanti ederek uzun vadeli a\u011f da\u011f\u0131t\u0131mlar\u0131 i\u00e7in idealdir.<\/div>\n<h3>2. D\u00fc\u015f\u00fck Ekleme Kayb\u0131 ve Mekanik Kararl\u0131l\u0131k<\/h3>\n<div>\u00d6zellikli bir <strong>y\u00fcksek kaliteli y\u00fcks\u00fck<\/strong>, LC\/UPC konnekt\u00f6r\u00fc ola\u011fan\u00fcst\u00fc g\u00fcvenilirlik, e\u015fmerkezlilik ve hassas boyutsal do\u011frulu\u011fa sahiptir. Bu \u00f6zellikler do\u011frudan ekleme kayb\u0131n\u0131 (\u22640,3dB) azalt\u0131r ve sinyal b\u00fct\u00fcnl\u00fc\u011f\u00fcn\u00fc koruyarak zaman i\u00e7inde minimum sinyal bozulmas\u0131 sa\u011flar. Kararl\u0131 mekanik tasar\u0131m, tekrarlanan e\u015fle\u015fmelerden kaynaklanan a\u015f\u0131nmaya da diren\u00e7 g\u00f6stererek y\u00fcksek trafikli a\u011f ortamlar\u0131 i\u00e7in uygun hale getirir.<\/div>\n<h3>3. Y\u00fcksek Performansl\u0131 Tek Modlu Fiber \u00c7ekirdek<\/h3>\n<div>Bu sa\u00e7 \u00f6rg\u00fcs\u00fcn\u00fcn kalbinde bir <strong>ithal y\u00fcksek kaliteli tek modlu fiber \u00e7ekirdek<\/strong>. Her birim teslimattan \u00f6nce 100% titiz testlerinden ge\u00e7irilerek end\u00fcstri performans kriterlerine uygunluk sa\u011flan\u0131r. D\u00fcnya \u00e7ap\u0131nda a\u011f m\u00fchendisleri ve entegrat\u00f6rleri taraf\u0131ndan tan\u0131nan bu fiber \u00e7ekirdek, eve kadar fiber (FTTH) ve veri merkezi ba\u011flant\u0131s\u0131 i\u00e7in \u00fcst\u00fcn sinyal iletimi sunarak kritik g\u00f6rev uygulamalar\u0131 i\u00e7in tercih edilen bir se\u00e7enek haline gelir.<\/div>\n<h2>Teknik \u00d6zellikler<\/h2>\n<div>\n<div>\n<table>\n<thead>\n<tr>\n<th>Parametre<\/th>\n<th>Detaylar<\/th>\n<\/tr>\n<\/thead>\n<tbody>\n<tr>\n<td><strong>\u00dcr\u00fcn Ad\u0131<\/strong><\/td>\n<td>12 \u00e7ekirdekli fiber pigtail (LC\/UPC-12core-SM)<\/td>\n<\/tr>\n<tr>\n<td><strong>Konekt\u00f6r Tipi<\/strong><\/td>\n<td>LC\/UPC (SC\/UPC, SC\/APC, FC\/UPC, FC\/APC, LC\/APC, ST\/UPC ile uyumlu)<\/td>\n<\/tr>\n<tr>\n<td><strong>Elyaf Tipi<\/strong><\/td>\n<td>Tek Mod (SM)<\/td>\n<\/tr>\n<tr>\n<td><strong>Renk Kodlamas\u0131<\/strong><\/td>\n<td>SM: Sar\u0131; MM-OM3: Aqua; MM-OM4: Macenta<\/td>\n<\/tr>\n<tr>\n<td><strong>Gerilim Dayan\u0131m\u0131<\/strong><\/td>\n<td>\u2265 1000N<\/td>\n<\/tr>\n<tr>\n<td><strong>Dayan\u0131kl\u0131l\u0131k<\/strong><\/td>\n<td>\u2265 1000 \u00e7iftle\u015fme zaman\u0131<\/td>\n<\/tr>\n<tr>\n<td><strong>Ekleme Kayb\u0131<\/strong><\/td>\n<td>\u2264 0,3dB<\/td>\n<\/tr>\n<tr>\n<td><strong>Geri D\u00f6n\u00fc\u015f Kayb\u0131<\/strong><\/td>\n<td>UPC\u226530dB; APC\u226540dB<\/td>\n<\/tr>\n<tr>\n<td><strong>Bant Geni\u015fli\u011fi<\/strong><\/td>\n<td>\u00b140nm<\/td>\n<\/tr>\n<tr>\n<td><strong>\u00c7al\u0131\u015fma Dalga Boyu<\/strong><\/td>\n<td>1310nm-1490nm, 1550nm-850nm<\/td>\n<\/tr>\n<tr>\n<td><strong>Malzeme<\/strong><\/td>\n<td>LSZH (D\u00fc\u015f\u00fck Dumanl\u0131 S\u0131f\u0131r Halojen)<\/td>\n<\/tr>\n<\/tbody>\n<\/table>\n<\/div>\n<\/div>\n<h2>\u0130deal Uygulamalar<\/h2>\n<div>LC\/UPC 12 \u00c7ekirdekli Tek Modlu Fiber Pigtail, \u00e7e\u015fitli y\u00fcksek talep senaryolar\u0131 i\u00e7in tasarlanm\u0131\u015ft\u0131r:<\/div>\n<div><\/div>\n<ul>\n<li><strong>Eve Kadar Fiber (FTTH)<\/strong>: Konut ve i\u015f kullan\u0131c\u0131lar\u0131 i\u00e7in g\u00fcvenilir son kilometre ba\u011flant\u0131s\u0131 sa\u011flar.<\/li>\n<li><strong>Veri Merkezleri<\/strong>: Sunucular, anahtarlar ve depolama sistemleri aras\u0131nda y\u00fcksek yo\u011funluklu ara ba\u011flant\u0131lar\u0131 destekler.<\/li>\n<li><strong>Kurumsal A\u011flar<\/strong>: Ofis kamp\u00fcsleri ve \u00e7ok tesisli kurulu\u015flar i\u00e7in g\u00fcvenli, y\u00fcksek h\u0131zl\u0131 veri iletimini kolayla\u015ft\u0131r\u0131r.<\/li>\n<li><strong>Telekom\u00fcnikasyon Altyap\u0131s\u0131<\/strong>: Servis sa\u011flay\u0131c\u0131lar i\u00e7in uzun mesafeli ve metro a\u011f da\u011f\u0131t\u0131mlar\u0131n\u0131 destekler.<\/li>\n<\/ul>\n<h2>S\u0131k\u00e7a Sorulan Sorular (SSS)<\/h2>\n<h3>S1: UPC ve APC konnekt\u00f6rleri aras\u0131ndaki temel fark nedir?<\/h3>\n<div>A: UPC (Ultra Fiziksel Temas) konnekt\u00f6rleri, sinyal yans\u0131mas\u0131n\u0131 en aza indiren (geri d\u00f6n\u00fc\u015f kayb\u0131 \u226530dB) cilal\u0131 bir y\u00fczeye sahiptir, bu da onlar\u0131 y\u00fcksek h\u0131zl\u0131 veri a\u011flar\u0131 i\u00e7in ideal hale getirir. APC (A\u00e7\u0131l\u0131 Fiziksel Temas) konnekt\u00f6rleri 8 derecelik a\u00e7\u0131l\u0131 cilaya sahiptir ve CATV gibi analog ve y\u00fcksek frekansl\u0131 uygulamalar i\u00e7in kritik olan geri d\u00f6n\u00fc\u015f kayb\u0131n\u0131 \u226540dB'ye d\u00fc\u015f\u00fcr\u00fcr. LC\/UPC pigtaillerimiz veri merkezleri ve FTTH'de dijital veri iletimi i\u00e7in optimize edilmi\u015ftir.<\/div>\n<h3>S2: 12 \u00e7ekirdekli tasar\u0131m fiber a\u011f\u0131ma nas\u0131l fayda sa\u011fl\u0131yor?<\/h3>\n<div>C: 12 \u00e7ekirdekli tasar\u0131m, 12 ayr\u0131 fiber telini tek bir kompakt \u00f6rg\u00fcye birle\u015ftirerek kablo karma\u015fas\u0131n\u0131 azalt\u0131r ve veri merkezleri gibi y\u00fcksek yo\u011funluklu ortamlarda kurulumu basitle\u015ftirir. Bu tasar\u0131m ayn\u0131 zamanda tek bir ad\u0131mda \u00e7oklu fiber ba\u011flant\u0131lar\u0131 m\u00fcmk\u00fcn k\u0131larak kurulum s\u00fcresini ve i\u015f\u00e7ilik maliyetlerini azalt\u0131r.<\/div>\n<h3>S3: Hangi test protokolleri fiber pigtaillerinizin g\u00fcvenilirli\u011fini sa\u011fl\u0131yor?<\/h3>\n<div>C: Her LC\/UPC 12 \u00e7ekirdekli SM pigtail, ekleme kayb\u0131, geri d\u00f6n\u00fc\u015f kayb\u0131 ve gerilme mukavemeti do\u011frulamas\u0131 dahil olmak \u00fczere 100% fabrika testine tabi tutulur. IEC 61753-1 ve Telcordia GR-326 standartlar\u0131na ba\u011fl\u0131 kalarak k\u00fcresel performans ve dayan\u0131kl\u0131l\u0131k \u00f6l\u00e7\u00fctlerine uygunluk sa\u011fl\u0131yoruz.<\/div>\n<h3>S4: Fiber pigtaillerinizde neden LSZH malzemesi kullan\u0131l\u0131yor?<\/h3>\n<div>C: LSZH (D\u00fc\u015f\u00fck Dumanl\u0131 S\u0131f\u0131r Halojen) malzeme, yang\u0131na maruz kald\u0131\u011f\u0131nda minimum duman ve zehirli duman yayarak veri merkezleri ve ofis binalar\u0131 gibi kapal\u0131 alanlarda g\u00fcvenli\u011fi art\u0131r\u0131r. Bu, pigtaillerimizi AB'nin RoHS direktifi de dahil olmak \u00fczere d\u00fcnya \u00e7ap\u0131ndaki kat\u0131 yang\u0131n g\u00fcvenli\u011fi d\u00fczenlemeleriyle uyumlu hale getirir.<\/div>\n<h3>S5: LC\/UPC fiber pigtaillerimin optimum performans\u0131n\u0131 nas\u0131l koruyabilirim?<\/h3>\n<div>C: Uzun vadeli performans sa\u011flamak i\u00e7in:<\/div>\n<ul>\n<li>Kabloyu minimum b\u00fck\u00fclme yar\u0131\u00e7ap\u0131n\u0131n \u00f6tesinde b\u00fckmekten ka\u00e7\u0131n\u0131n (tek modlu fiberler i\u00e7in tipik olarak \u226530 mm).<\/li>\n<li>Konekt\u00f6r u\u00e7lar\u0131n\u0131 tiftiksiz mendil ve izopropil alkol kullanarak temiz tutun.<\/li>\n<li>Kullan\u0131lmad\u0131\u011f\u0131nda pigtailleri tozsuz ortamlarda saklay\u0131n.<\/li>\n<li>Y\u00fcks\u00fck hasar\u0131n\u0131 \u00f6nlemek i\u00e7in birle\u015ftirme ve ay\u0131rma i\u00e7in uygun fiber optik aletler kullan\u0131n.<\/li>\n<\/ul>","protected":false},"excerpt":{"rendered":"<h2>FTTH, Veri Merkezleri ve Telekom\u00fcnikasyon Altyap\u0131s\u0131 i\u00e7in G\u00fcvenilir, Dayan\u0131kl\u0131 ve Hassas Tasar\u0131m<\/h2>\n<div>Fiber optik ileti\u015fimin h\u0131zla geli\u015fen ortam\u0131nda <strong>LC\/UPC 12 \u00c7ekirdekli Tek Modlu Fiber Pigtail<\/strong> y\u00fcksek performansl\u0131 ba\u011flant\u0131 i\u00e7in bir k\u00f6\u015fe ta\u015f\u0131 olarak duruyor. Bir par\u00e7as\u0131 olarak <em>Fiber Optik Yama Kablosu<\/em> \u00fcr\u00fcn ailesi olarak kategorize edilmi\u015ftir. <em>12 \u00e7ekirdekli Fiber Pigtail<\/em>, Bu bile\u015fen, kritik a\u011f operasyonlar\u0131n\u0131 desteklemek i\u00e7in ola\u011fan\u00fcst\u00fc tekrarlanabilirlik, d\u00fc\u015f\u00fck ekleme kayb\u0131 ve sa\u011flam dayan\u0131kl\u0131l\u0131k sunar. \u0130ster eve kadar fiber (FTTH) da\u011f\u0131t\u0131mlar\u0131, ister veri merkezi ara ba\u011flant\u0131lar\u0131 veya kurumsal a\u011f geni\u015fletmeleri i\u00e7in olsun, sorunsuz sinyal iletimi ve uzun vadeli g\u00fcvenilirlik sa\u011flar.<\/div>","protected":false},"featured_media":635,"comment_status":"open","ping_status":"closed","template":"","meta":[],"product_brand":[],"product_cat":[43],"product_tag":[],"class_list":{"0":"post-578","1":"product","2":"type-product","3":"status-publish","4":"has-post-thumbnail","6":"product_cat-12-core-fiber-pigtail","8":"first","9":"instock","10":"shipping-taxable","11":"product-type-simple"},"_links":{"self":[{"href":"https:\/\/www.fenxifiber.com\/tr\/wp-json\/wp\/v2\/product\/578","targetHints":{"allow":["GET"]}}],"collection":[{"href":"https:\/\/www.fenxifiber.com\/tr\/wp-json\/wp\/v2\/product"}],"about":[{"href":"https:\/\/www.fenxifiber.com\/tr\/wp-json\/wp\/v2\/types\/product"}],"replies":[{"embeddable":true,"href":"https:\/\/www.fenxifiber.com\/tr\/wp-json\/wp\/v2\/comments?post=578"}],"wp:featuredmedia":[{"embeddable":true,"href":"https:\/\/www.fenxifiber.com\/tr\/wp-json\/wp\/v2\/media\/635"}],"wp:attachment":[{"href":"https:\/\/www.fenxifiber.com\/tr\/wp-json\/wp\/v2\/media?parent=578"}],"wp:term":[{"taxonomy":"product_brand","embeddable":true,"href":"https:\/\/www.fenxifiber.com\/tr\/wp-json\/wp\/v2\/product_brand?post=578"},{"taxonomy":"product_cat","embeddable":true,"href":"https:\/\/www.fenxifiber.com\/tr\/wp-json\/wp\/v2\/product_cat?post=578"},{"taxonomy":"product_tag","embeddable":true,"href":"https:\/\/www.fenxifiber.com\/tr\/wp-json\/wp\/v2\/product_tag?post=578"}],"curies":[{"name":"wp","href":"https:\/\/api.w.org\/{rel}","templated":true}]}}