{"id":605,"date":"2026-02-03T02:53:07","date_gmt":"2026-02-03T02:53:07","guid":{"rendered":"https:\/\/www.fenxifiber.com\/?post_type=product&#038;p=605"},"modified":"2026-02-04T00:53:24","modified_gmt":"2026-02-04T00:53:24","slug":"lc-upc-12-core-cok-modlu-fiber-pigtail","status":"publish","type":"product","link":"https:\/\/www.fenxifiber.com\/tr\/product\/lc-upc-12-core-multimode-fiber-pigtail\/","title":{"rendered":"LC\/UPC 12 \u00c7ekirdekli \u00c7ok Modlu Fiber Pigtail"},"content":{"rendered":"<h2>\ud83c\udfaf Distrib\u00fct\u00f6r Temel Faydalar\u0131<\/h2>\n<div>\n<div>\n<table>\n<thead>\n<tr>\n<th>Fayda<\/th>\n<th>\u0130\u015fletmeniz i\u00e7in De\u011fer<\/th>\n<\/tr>\n<\/thead>\n<tbody>\n<tr>\n<td><strong>Cazip Kar Marjlar\u0131<\/strong><\/td>\n<td>Y\u00fcksek hacimli i\u015f ortaklar\u0131 i\u00e7in hacim bazl\u0131 fiyat indirimleri ile toplu sipari\u015flerde 35%'ye kadar br\u00fct marj.<\/td>\n<\/tr>\n<tr>\n<td><strong>D\u00fc\u015f\u00fck Envanter Riski<\/strong><\/td>\n<td>24 saat sipari\u015f kar\u015f\u0131lama i\u00e7in k\u00fcresel stokta (AB, ABD, APAC) 10.000'den fazla birim, bekletme maliyetlerinizi azalt\u0131r.<\/td>\n<\/tr>\n<tr>\n<td><strong>Marka ve Pazarlama Deste\u011fi<\/strong><\/td>\n<td>Sat\u0131\u015f ekipleriniz i\u00e7in \u00fccretsiz ortak markal\u0131 \u00fcr\u00fcn kataloglar\u0131, dijital pazarlama varl\u0131klar\u0131 ve teknik e\u011fitim.<\/td>\n<\/tr>\n<tr>\n<td><strong>\u00d6zelle\u015ftirme Esnekli\u011fi<\/strong><\/td>\n<td>Son m\u00fc\u015fteri OEM\/ODM gereksinimlerini kar\u015f\u0131lamak i\u00e7in \u00f6zel uzunluklar (0,5m-10m) ve k\u0131l\u0131f renkleri sunun.<\/td>\n<\/tr>\n<\/tbody>\n<\/table>\n<\/div>\n<\/div>\n<div><\/div>\n<hr \/>\n<h2>\u2705 \u00dcr\u00fcn Temel Sat\u0131\u015f Noktalar\u0131 (Son M\u00fc\u015fterileriniz \u0130\u00e7in)<\/h2>\n<ol>\n<li><strong>12 \u00c7ekirdekli Y\u00fcksek Yo\u011funluklu Tasar\u0131m<\/strong>\n<div>12 \u00e7ok modlu fiberi kompakt bir d\u00fczenekte birle\u015ftirerek 70% ile patch panellerdeki kablo karma\u015fas\u0131n\u0131 azalt\u0131r ve veri merkezi operat\u00f6rleri i\u00e7in kurulum i\u015f\u00e7ili\u011fi maliyetlerini d\u00fc\u015f\u00fcr\u00fcr.<\/div>\n<\/li>\n<li><strong>LC\/UPC Evrensel Uyumluluk<\/strong>\n<div>SC\/UPC, FC\/UPC ve ST\/UPC adapt\u00f6rleriyle sorunsuz bir \u015fekilde \u00e7al\u0131\u015farak eski ve modern a\u011f altyap\u0131s\u0131 i\u00e7in \u00e7ok y\u00f6nl\u00fc bir se\u00e7imdir.<\/div>\n<\/li>\n<li><strong>LSZH Uyumluluk ve Dayan\u0131kl\u0131l\u0131k<\/strong>\n<div>D\u00fc\u015f\u00fck Dumanl\u0131 S\u0131f\u0131r Halojen k\u0131l\u0131f, AB RoHS ve IEC 60332 yang\u0131n g\u00fcvenli\u011fi standartlar\u0131n\u0131 kar\u015f\u0131layarak veri merkezleri ve ofis binalar\u0131 gibi kapal\u0131 alanlarda uyumluluk sa\u011flar. Uzun s\u00fcreli g\u00fcvenilirlik i\u00e7in \u22651500 e\u015fle\u015fme d\u00f6ng\u00fcs\u00fcne dayan\u0131r.<\/div>\n<\/li>\n<\/ol>\n<hr \/>\n<h2>\ud83d\udccb Teknik \u00d6zellikler<\/h2>\n<div>\n<div>\n<table>\n<thead>\n<tr>\n<th>Parametre<\/th>\n<th>Detaylar<\/th>\n<\/tr>\n<\/thead>\n<tbody>\n<tr>\n<td><strong>\u00dcr\u00fcn Ad\u0131<\/strong><\/td>\n<td>LC\/UPC 12 \u00c7ekirdekli \u00c7ok Modlu Fiber Pigtail<\/td>\n<\/tr>\n<tr>\n<td><strong>Konekt\u00f6r Tipi<\/strong><\/td>\n<td>LC\/UPC<\/td>\n<\/tr>\n<tr>\n<td><strong>Elyaf Tipi<\/strong><\/td>\n<td>\u00c7ok modlu (OM3\/OM4 uyumlu)<\/td>\n<\/tr>\n<tr>\n<td><strong>\u00c7ekirdek Say\u0131s\u0131<\/strong><\/td>\n<td>12<\/td>\n<\/tr>\n<tr>\n<td><strong>Ekleme Kayb\u0131<\/strong><\/td>\n<td>\u2264 0,35dB<\/td>\n<\/tr>\n<tr>\n<td><strong>Geri D\u00f6n\u00fc\u015f Kayb\u0131<\/strong><\/td>\n<td>\u2265 25dB<\/td>\n<\/tr>\n<tr>\n<td><strong>\u00c7al\u0131\u015fma Dalga Boyu<\/strong><\/td>\n<td>850nm \/ 1300nm<\/td>\n<\/tr>\n<tr>\n<td><strong>Malzeme<\/strong><\/td>\n<td>LSZH<\/td>\n<\/tr>\n<tr>\n<td><strong>Gerilim Dayan\u0131m\u0131<\/strong><\/td>\n<td>\u2265 1200N<\/td>\n<\/tr>\n<\/tbody>\n<\/table>\n<\/div>\n<\/div>\n<div><\/div>\n<hr \/>\n<h2>\ud83e\udd1d Distrib\u00fct\u00f6r Odakl\u0131 SSS<\/h2>\n<h4>S1: Toplu al\u0131mlar i\u00e7in minimum sipari\u015f miktar\u0131 (MOQ) nedir?<\/h4>\n<div>C: Standart MOQ, stok kalemleri i\u00e7in 50 birimdir ve \u00f6zel uzunluktaki sipari\u015fler i\u00e7in esnek MOQ'lar (10 birim kadar d\u00fc\u015f\u00fck) vard\u0131r. \u00dcr\u00fcn kalitesini do\u011frulamak i\u00e7in yeni ortaklara numune kitleri de sunuyoruz.<\/div>\n<h4>S2: Bu sa\u00e7 \u00f6rg\u00fcs\u00fcn\u00fc markam i\u00e7in \u00f6zel olarak etiketleyebilir miyim?<\/h4>\n<div>C: Evet - 500 birimin \u00fczerindeki sipari\u015fler i\u00e7in ek tak\u0131m \u00fccreti olmaks\u0131z\u0131n \u00f6zel paketleme, lazer markalama ve markal\u0131 teknik dok\u00fcmantasyon dahil olmak \u00fczere tam \u00f6zel etiket hizmetleri sunuyoruz.<\/div>\n<h4>S3: Nas\u0131l bir sat\u0131\u015f sonras\u0131 destek sunuyorsunuz?<\/h4>\n<div>C: T\u00fcm \u00fcr\u00fcnler 2 y\u0131l garantilidir ve teknik destek ekibimiz son m\u00fc\u015fteri da\u011f\u0131t\u0131m sorunlar\u0131 i\u00e7in 7\/24 sorun giderme hizmeti sunmaktad\u0131r. Ayr\u0131ca kusurlu birimler i\u00e7in 30 g\u00fcnl\u00fck iade politikas\u0131 sunuyoruz.<\/div>","protected":false},"excerpt":{"rendered":"<div>Veri merkezleri ve kamp\u00fcs a\u011flar\u0131nda y\u00fcksek yo\u011funluklu \u00e7ok modlu ba\u011flant\u0131ya y\u00f6nelik talep artt\u0131k\u00e7a <strong>LC\/UPC 12 \u00c7ekirdekli \u00c7ok Modlu Fiber Pigtail<\/strong> telekom distrib\u00fct\u00f6rleri ve sistem entegrat\u00f6rleri i\u00e7in y\u00fcksek marjl\u0131, d\u00fc\u015f\u00fck riskli bir \u00fcr\u00fcn olarak ortaya \u00e7\u0131k\u0131yor. \u00d6l\u00e7eklenebilirlik ve geni\u015f uyumluluk i\u00e7in tasarlanan bu \u00fcr\u00fcn, 40G\/100G Ethernet da\u011f\u0131t\u0131mlar\u0131 ve kurumsal a\u011f y\u00fckseltmeleri gibi h\u0131zla b\u00fcy\u00fcyen segmentlerde gelir f\u0131rsatlar\u0131n\u0131n kilidini a\u00e7\u0131yor.<\/div>\n<div><\/div>","protected":false},"featured_media":610,"comment_status":"open","ping_status":"closed","template":"","meta":[],"product_brand":[],"product_cat":[43],"product_tag":[],"class_list":{"0":"post-605","1":"product","2":"type-product","3":"status-publish","4":"has-post-thumbnail","6":"product_cat-12-core-fiber-pigtail","8":"first","9":"instock","10":"shipping-taxable","11":"product-type-simple"},"_links":{"self":[{"href":"https:\/\/www.fenxifiber.com\/tr\/wp-json\/wp\/v2\/product\/605","targetHints":{"allow":["GET"]}}],"collection":[{"href":"https:\/\/www.fenxifiber.com\/tr\/wp-json\/wp\/v2\/product"}],"about":[{"href":"https:\/\/www.fenxifiber.com\/tr\/wp-json\/wp\/v2\/types\/product"}],"replies":[{"embeddable":true,"href":"https:\/\/www.fenxifiber.com\/tr\/wp-json\/wp\/v2\/comments?post=605"}],"wp:featuredmedia":[{"embeddable":true,"href":"https:\/\/www.fenxifiber.com\/tr\/wp-json\/wp\/v2\/media\/610"}],"wp:attachment":[{"href":"https:\/\/www.fenxifiber.com\/tr\/wp-json\/wp\/v2\/media?parent=605"}],"wp:term":[{"taxonomy":"product_brand","embeddable":true,"href":"https:\/\/www.fenxifiber.com\/tr\/wp-json\/wp\/v2\/product_brand?post=605"},{"taxonomy":"product_cat","embeddable":true,"href":"https:\/\/www.fenxifiber.com\/tr\/wp-json\/wp\/v2\/product_cat?post=605"},{"taxonomy":"product_tag","embeddable":true,"href":"https:\/\/www.fenxifiber.com\/tr\/wp-json\/wp\/v2\/product_tag?post=605"}],"curies":[{"name":"wp","href":"https:\/\/api.w.org\/{rel}","templated":true}]}}