{"id":609,"date":"2026-02-03T03:29:32","date_gmt":"2026-02-03T03:29:32","guid":{"rendered":"https:\/\/www.fenxifiber.com\/?post_type=product&#038;p=609"},"modified":"2026-02-04T00:55:24","modified_gmt":"2026-02-04T00:55:24","slug":"sc-upc-12-core-om3","status":"publish","type":"product","link":"https:\/\/www.fenxifiber.com\/tr\/product\/sc-upc-12-core-om3\/","title":{"rendered":"SC\/UPC-12 \u00c7ekirdek OM3 Pigtail | Y\u00fcksek Bant Geni\u015flikli \u00c7ok Modlu \u00c7\u00f6z\u00fcm"},"content":{"rendered":"<div class=\"ds-message _63c77b1\">\n<div class=\"ds-markdown\">\n<h2>Temel \u00d6zellikler ve Uygulamalar<\/h2>\n<p class=\"ds-markdown-paragraph\"><strong>Ana Avantajlar:<\/strong><\/p>\n<ul>\n<li>\n<p class=\"ds-markdown-paragraph\"><strong>Y\u00fcksek H\u0131zl\u0131 Veri Deste\u011fi:<\/strong>\u00a0OM3 50\/125\u03bcm lazerle optimize edilmi\u015f \u00e7ok modlu fiber, 300 metreye kadar uzunluklarda 10 Gigabit Ethernet sa\u011flar ve 40\/100G paralel optikler i\u00e7in temel olu\u015fturur.<\/p>\n<\/li>\n<li>\n<p class=\"ds-markdown-paragraph\"><strong>Y\u00fcksek Yo\u011funluklu Ba\u011flant\u0131:<\/strong>\u00a0Tek bir kabloda 12 fiber konfig\u00fcrasyonu, patch paneller aras\u0131ndaki veya aktif ekipmana giden trunk ba\u011flant\u0131lar\u0131 i\u00e7in y\u00f6netimi basitle\u015ftirir.<\/p>\n<\/li>\n<li>\n<p class=\"ds-markdown-paragraph\"><strong>G\u00f6rsel Kanal Tan\u0131mlama:<\/strong>\u00a0Bu\u00a0<strong>su mavisi<\/strong>\u00a0ceket (OM3\/OM4 i\u00e7in standart), karma\u015f\u0131k yollarda tek modlu (sar\u0131) veya di\u011fer fiber t\u00fcrlerinden h\u0131zl\u0131 g\u00f6rsel ayr\u0131m sa\u011flar.<\/p>\n<\/li>\n<li>\n<p class=\"ds-markdown-paragraph\"><strong>Dijital Sinyaller i\u00e7in Optimize Edilmi\u015ftir:<\/strong>\u00a0UPC cilas\u0131, dijital sistemler i\u00e7in d\u00fc\u015f\u00fck ekleme kayb\u0131 sa\u011flayarak y\u00fcksek bant geni\u015fli\u011fi uygulamalar\u0131nda sinyal b\u00fct\u00fcnl\u00fc\u011f\u00fc sa\u011flar.<\/p>\n<\/li>\n<\/ul>\n<p class=\"ds-markdown-paragraph\"><strong>Birincil Kullan\u0131m Durumlar\u0131:<\/strong><br \/>\n\u2714 10G\/40G\/100G Veri Merkezi Ara Ba\u011flant\u0131lar\u0131<br \/>\n\u2714 Y\u00fcksek Performansl\u0131 Bilgi \u0130\u015flem K\u00fcmeleri<br \/>\n\u2714 Kurumsal A\u011f Omurgas\u0131 Y\u00fckseltici Kablolama<br \/>\n\u2714 Kamp\u00fcs Binadan Binaya Ba\u011flant\u0131lar<\/p>\n<h2>Teknik \u00d6zellikler \u00d6zeti<\/h2>\n<div class=\"ds-scroll-area _1210dd7 c03cafe9\">\n<table>\n<thead>\n<tr>\n<th>Parametre<\/th>\n<th>\u015eartname<\/th>\n<\/tr>\n<\/thead>\n<tbody>\n<tr>\n<td><strong>\u00dcr\u00fcn Ad\u0131<\/strong><\/td>\n<td>SC\/UPC-12 \u00c7ekirdek OM3 Pigtail<\/td>\n<\/tr>\n<tr>\n<td><strong>Fiber Tipi \/ Standart<\/strong><\/td>\n<td>OM3, 50\/125\u03bcm \u00c7ok Modlu, Lazerle Optimize Edilmi\u015f<\/td>\n<\/tr>\n<tr>\n<td><strong>Konekt\u00f6r Tipi<\/strong><\/td>\n<td>SC\/UPC<\/td>\n<\/tr>\n<tr>\n<td><strong>Ceket Rengi<\/strong><\/td>\n<td>Su Mavisi<\/td>\n<\/tr>\n<tr>\n<td><strong>\u00c7al\u0131\u015fma Dalga Boyu<\/strong><\/td>\n<td>850 nm (birincil), 1300 nm<\/td>\n<\/tr>\n<tr>\n<td><strong>Ekleme Kayb\u0131<\/strong><\/td>\n<td>\u2264 0,3 dB<\/td>\n<\/tr>\n<tr>\n<td><strong>Bant Geni\u015fli\u011fi<\/strong><\/td>\n<td>850 nm'de 2000 MHz-km<\/td>\n<\/tr>\n<tr>\n<td><strong>Kablo Ceketi<\/strong><\/td>\n<td>LSZH<\/td>\n<\/tr>\n<tr>\n<td><strong>Dayan\u0131kl\u0131l\u0131k<\/strong><\/td>\n<td>\u2265 500 \u00e7iftle\u015fme d\u00f6ng\u00fcs\u00fc<\/td>\n<\/tr>\n<\/tbody>\n<\/table>\n<\/div>\n<hr \/>\n<h2>Teknik Soru-Cevap<\/h2>\n<p class=\"ds-markdown-paragraph\"><strong>S1: Bu uygulamada OM3 ve OM4 aras\u0131ndaki temel fark nedir?<\/strong><br \/>\n<strong>A1:<\/strong>\u00a0Her ikisi de lazer i\u00e7in optimize edilmi\u015f 50\/125\u03bcm fiberdir. Aralar\u0131ndaki temel fark\u00a0<strong>etkin modal bant geni\u015fli\u011fi (EMB)<\/strong>. OM4 daha y\u00fcksek bir EMB'ye sahiptir (OM3\u2019\u00fcn 850nm'de 2000 MHz-km'sine kar\u015f\u0131l\u0131k 4700 MHz-km), bu da 10\/40\/100G Ethernet \u00fczerinden\u00a0<strong>daha uzun mesafeler<\/strong>. OM3, 100 metrenin alt\u0131ndaki \u00e7o\u011fu bina i\u00e7i ve veri merkezi ba\u011flant\u0131s\u0131 i\u00e7in tam performansl\u0131 ve uygun maliyetli bir \u00e7\u00f6z\u00fcm sunar.<\/p>\n<p class=\"ds-markdown-paragraph\"><strong>S2: Bu OM3 \u00f6rg\u00fcs\u00fc eski 62,5\u03bcm (OM1) ekipmanla kullan\u0131labilir mi?<\/strong><br \/>\n<strong>A2:<\/strong>\u00a0Bu\u00a0<strong>m\u00fcmk\u00fcn ancak kontrol edilmeden \u00f6nerilmez<\/strong>. Konekt\u00f6rler e\u015fle\u015fecek olsa da, \u00e7ekirdek \u00e7aplar\u0131ndaki uyumsuzluk (50\u03bcm vs. 62.5\u03bcm) yanl\u0131\u015f hizalama nedeniyle y\u00fcksek ekleme kayb\u0131na (tipik olarak 3-5 dB) neden olabilir. Bu kay\u0131p optik ba\u011flant\u0131y\u0131 bozabilir veya k\u0131rabilir. 50\u03bcm omurga kablosu ve ekipman portlar\u0131 ile her zaman 50\u03bcm pigtail kullan\u0131n.<\/p>\n<p class=\"ds-markdown-paragraph\"><strong>S3: 100G\/400G i\u00e7in tek modun y\u00fckseli\u015fiyle OM3 fiber hala ge\u00e7erli mi?<\/strong><br \/>\n<strong>A3:<\/strong>\u00a0<strong>Kesinlikle, k\u0131sa mesafe ekonomisi i\u00e7in.<\/strong>\u00a0Bir veri merkezi salonu i\u00e7indeki ba\u011flant\u0131lar i\u00e7in (100-150 m'nin alt\u0131nda), paralel \u00e7ok modlu optikler (QSFP-SR4 gibi) tek modlu uzun eri\u015fimli muadillerine g\u00f6re \u00f6nemli \u00f6l\u00e7\u00fcde daha ucuzdur. OM3\/OM4 kablolama, y\u00fcksek h\u0131zl\u0131 tesis i\u00e7i ba\u011flant\u0131 i\u00e7in bask\u0131n ve en uygun maliyetli fiziksel katman olmaya devam etmektedir.<\/p>\n<\/div>\n<\/div>\n<div class=\"ds-theme\"><\/div>\n<div class=\"ds-flex _0a3d93b\">\n<div class=\"ds-flex _965abe9 _54866f7\">\n<div class=\"db183363 ds-icon-button ds-icon-button--m ds-icon-button--sizing-container\" tabindex=\"0\" role=\"button\" aria-disabled=\"false\">\n<div class=\"ds-icon-button__hover-bg\"><\/div>\n<div class=\"ds-icon\"><\/div>\n<div class=\"ds-focus-ring\"><\/div>\n<\/div>\n<div class=\"db183363 ds-icon-button ds-icon-button--m ds-icon-button--sizing-container\" tabindex=\"0\" role=\"button\" aria-disabled=\"false\">\n<div class=\"ds-icon-button__hover-bg\"><\/div>\n<div class=\"ds-icon\"><\/div>\n<div class=\"ds-focus-ring\"><\/div>\n<\/div>\n<div class=\"db183363 ds-icon-button ds-icon-button--m ds-icon-button--sizing-container\" tabindex=\"0\" role=\"button\" aria-disabled=\"false\">\n<div class=\"ds-icon-button__hover-bg\"><\/div>\n<div class=\"ds-icon\"><\/div>\n<div class=\"ds-focus-ring\"><\/div>\n<\/div>\n<div class=\"db183363 ds-icon-button ds-icon-button--m ds-icon-button--sizing-container\" tabindex=\"0\" role=\"button\" aria-disabled=\"false\">\n<div class=\"ds-icon-button__hover-bg\"><\/div>\n<div class=\"ds-icon\"><\/div>\n<div class=\"ds-focus-ring\"><\/div>\n<\/div>\n<div class=\"db183363 ds-icon-button ds-icon-button--m ds-icon-button--sizing-container\" tabindex=\"0\" role=\"button\" aria-disabled=\"false\">\n<div class=\"ds-icon-button__hover-bg\"><\/div>\n<div class=\"ds-icon\"><\/div>\n<\/div>\n<\/div>\n<\/div>","protected":false},"excerpt":{"rendered":"<p class=\"ds-markdown-paragraph\">Y\u00fcksek h\u0131zl\u0131, k\u0131sa eri\u015fimli veri merkezi ve kurumsal omurga ba\u011flant\u0131lar\u0131 i\u00e7in optimize edilen SC\/UPC-12 Core OM3 Fiber Pigtail, g\u00fcvenilir ve uygun maliyetli bir ba\u011flant\u0131 \u00e7\u00f6z\u00fcm\u00fc sunar. \u00c7ok modlu fiber \u00fczerinden 10 Gb\/sn ve 40 Gb\/sn Ethernet iletimini destekleyerek sunucu raflar\u0131, depolama alan\u0131 a\u011flar\u0131 (SAN'lar) ve LAN omurgalar\u0131 i\u00e7indeki yap\u0131land\u0131r\u0131lm\u0131\u015f kablolama i\u00e7in idealdir.<\/p>","protected":false},"featured_media":617,"comment_status":"open","ping_status":"closed","template":"","meta":[],"product_brand":[],"product_cat":[43],"product_tag":[],"class_list":{"0":"post-609","1":"product","2":"type-product","3":"status-publish","4":"has-post-thumbnail","6":"product_cat-12-core-fiber-pigtail","8":"first","9":"instock","10":"shipping-taxable","11":"product-type-simple"},"_links":{"self":[{"href":"https:\/\/www.fenxifiber.com\/tr\/wp-json\/wp\/v2\/product\/609","targetHints":{"allow":["GET"]}}],"collection":[{"href":"https:\/\/www.fenxifiber.com\/tr\/wp-json\/wp\/v2\/product"}],"about":[{"href":"https:\/\/www.fenxifiber.com\/tr\/wp-json\/wp\/v2\/types\/product"}],"replies":[{"embeddable":true,"href":"https:\/\/www.fenxifiber.com\/tr\/wp-json\/wp\/v2\/comments?post=609"}],"wp:featuredmedia":[{"embeddable":true,"href":"https:\/\/www.fenxifiber.com\/tr\/wp-json\/wp\/v2\/media\/617"}],"wp:attachment":[{"href":"https:\/\/www.fenxifiber.com\/tr\/wp-json\/wp\/v2\/media?parent=609"}],"wp:term":[{"taxonomy":"product_brand","embeddable":true,"href":"https:\/\/www.fenxifiber.com\/tr\/wp-json\/wp\/v2\/product_brand?post=609"},{"taxonomy":"product_cat","embeddable":true,"href":"https:\/\/www.fenxifiber.com\/tr\/wp-json\/wp\/v2\/product_cat?post=609"},{"taxonomy":"product_tag","embeddable":true,"href":"https:\/\/www.fenxifiber.com\/tr\/wp-json\/wp\/v2\/product_tag?post=609"}],"curies":[{"name":"wp","href":"https:\/\/api.w.org\/{rel}","templated":true}]}}