{"id":639,"date":"2026-02-03T05:25:41","date_gmt":"2026-02-03T05:25:41","guid":{"rendered":"https:\/\/www.fenxifiber.com\/?post_type=product&#038;p=639"},"modified":"2026-02-04T00:57:12","modified_gmt":"2026-02-04T00:57:12","slug":"12-cekirdekli-om3-fc-upc-fiber-pigtail","status":"publish","type":"product","link":"https:\/\/www.fenxifiber.com\/tr\/product\/12-core-om3-fc-upc-fiber-pigtail\/","title":{"rendered":"12 \u00c7ekirdekli OM3 FC\/UPC Fiber Pigtail"},"content":{"rendered":"<h2 data-start=\"748\" data-end=\"781\">Temel \u00d6zellikler ve Avantajlar<\/h2>\n<ul data-start=\"783\" data-end=\"1913\">\n<li data-start=\"783\" data-end=\"1029\">\n<p data-start=\"785\" data-end=\"1029\"><strong data-start=\"785\" data-end=\"819\">Y\u00fcksek Kararl\u0131l\u0131k ve Tekrarlanabilirlik<\/strong> - Boyutsal hassasiyet, \u00e7evresel diren\u00e7 ve uzun vadeli performans istikrar\u0131 sa\u011flamak i\u00e7in geli\u015fmi\u015f malzemeler ve otomatik \u00fcretim s\u00fcre\u00e7leri ile \u00fcretilmi\u015ftir.<\/p>\n<\/li>\n<li data-start=\"1030\" data-end=\"1292\">\n<p data-start=\"1032\" data-end=\"1292\"><strong data-start=\"1032\" data-end=\"1073\">D\u00fc\u015f\u00fck Ekleme Kayb\u0131 ve Y\u00fcksek Geri D\u00f6n\u00fc\u015f Kayb\u0131<\/strong> - Y\u00fcksek kaliteli FC\/UPC seramik y\u00fcks\u00fckler ve hassas parlatma, d\u00fc\u015f\u00fck ekleme kayb\u0131 ve m\u00fckemmel geri d\u00f6n\u00fc\u015f kayb\u0131 sa\u011flayarak sinyal yans\u0131malar\u0131n\u0131 azalt\u0131r ve y\u00fcksek ba\u011flant\u0131 kalitesini korur.<\/p>\n<\/li>\n<li data-start=\"1293\" data-end=\"1523\">\n<p data-start=\"1295\" data-end=\"1523\"><strong data-start=\"1295\" data-end=\"1332\">Hassas Fiber \u00c7ekirdek ve Ba\u011flant\u0131<\/strong> - i\u00e7in optimize edilmi\u015f OM3 50\/125 \u00b5m \u00e7ok modlu fiber kullan\u0131r <strong data-start=\"1384\" data-end=\"1424\">10 Gigabit ve daha y\u00fcksek h\u0131zl\u0131 a\u011flar<\/strong>, Eski \u00e7ok modlu fiber \u00fczerinde geli\u015fmi\u015f bant geni\u015fli\u011fi sa\u011flar.<\/p>\n<\/li>\n<li data-start=\"1524\" data-end=\"1770\">\n<p data-start=\"1526\" data-end=\"1770\"><strong data-start=\"1526\" data-end=\"1561\">Dayan\u0131kl\u0131 ve Esnek Yap\u0131<\/strong> - S\u0131k\u0131 tamponlu demet tasar\u0131m\u0131, da\u011f\u0131t\u0131m \u00e7er\u00e7eveleri, patch paneller veya telekom kabinleri i\u00e7inde kolay s\u0131y\u0131rma, fan-out organizasyonu ve g\u00fcvenli ek yeri sonland\u0131rmas\u0131 sa\u011flar.<\/p>\n<\/li>\n<li data-start=\"1771\" data-end=\"1913\">\n<p data-start=\"1773\" data-end=\"1913\"><strong data-start=\"1773\" data-end=\"1806\">Renk Kodlu ve Kurulumu Kolay<\/strong> - Aqua multimode kablo k\u0131l\u0131f\u0131 ve renkli fiber tan\u0131mlama, kurulumu ve saha y\u00f6netimini kolayla\u015ft\u0131r\u0131r.<\/p>\n<\/li>\n<\/ul>\n<hr data-start=\"1915\" data-end=\"1918\" \/>\n<h2 data-start=\"1920\" data-end=\"1951\">Teknik \u00d6zellikler<\/h2>\n<div class=\"TyagGW_tableContainer\">\n<div class=\"group TyagGW_tableWrapper flex flex-col-reverse w-fit\" tabindex=\"-1\">\n<table class=\"w-fit min-w-(--thread-content-width)\" data-start=\"1953\" data-end=\"2803\">\n<thead data-start=\"1953\" data-end=\"1990\">\n<tr data-start=\"1953\" data-end=\"1990\">\n<th class=\"\" data-start=\"1953\" data-end=\"1969\" data-col-size=\"sm\"><strong data-start=\"1955\" data-end=\"1968\">Parametre<\/strong><\/th>\n<th class=\"\" data-start=\"1969\" data-end=\"1990\" data-col-size=\"md\"><strong data-start=\"1971\" data-end=\"1988\">\u015eartname<\/strong><\/th>\n<\/tr>\n<\/thead>\n<tbody data-start=\"2029\" data-end=\"2803\">\n<tr data-start=\"2029\" data-end=\"2073\">\n<td data-start=\"2029\" data-end=\"2048\" data-col-size=\"sm\"><strong data-start=\"2031\" data-end=\"2047\">\u00dcr\u00fcn Ad\u0131<\/strong><\/td>\n<td data-start=\"2048\" data-end=\"2073\" data-col-size=\"md\">12 \u00e7ekirdekli Fiber Pigtail<\/td>\n<\/tr>\n<tr data-start=\"2074\" data-end=\"2120\">\n<td data-start=\"2074\" data-end=\"2091\" data-col-size=\"sm\"><strong data-start=\"2076\" data-end=\"2090\">Elyaf Tipi<\/strong><\/td>\n<td data-start=\"2091\" data-end=\"2120\" data-col-size=\"md\">OM3 \u00c7ok Modlu (50\/125 \u00b5m)<\/td>\n<\/tr>\n<tr data-start=\"2121\" data-end=\"2152\">\n<td data-start=\"2121\" data-end=\"2142\" data-col-size=\"sm\"><strong data-start=\"2123\" data-end=\"2141\">Konekt\u00f6r Tipi<\/strong><\/td>\n<td data-start=\"2142\" data-end=\"2152\" data-col-size=\"md\">FC\/UPC<\/td>\n<\/tr>\n<tr data-start=\"2153\" data-end=\"2254\">\n<td data-start=\"2153\" data-end=\"2184\" data-col-size=\"sm\"><strong data-start=\"2155\" data-end=\"2183\">Ekleme Kayb\u0131 (Tipik)<\/strong><\/td>\n<td data-start=\"2184\" data-end=\"2254\" data-col-size=\"md\">Konekt\u00f6r ba\u015f\u0131na \u2264 0,2 - 0,3 dB<\/td>\n<\/tr>\n<tr data-start=\"2255\" data-end=\"2334\">\n<td data-start=\"2255\" data-end=\"2273\" data-col-size=\"sm\"><strong data-start=\"2257\" data-end=\"2272\">Geri D\u00f6n\u00fc\u015f Kayb\u0131<\/strong><\/td>\n<td data-start=\"2273\" data-end=\"2334\" data-col-size=\"md\">\u2265 35 dB (\u00e7ok modlu)<\/td>\n<\/tr>\n<tr data-start=\"2335\" data-end=\"2422\">\n<td data-start=\"2335\" data-end=\"2368\" data-col-size=\"sm\"><strong data-start=\"2337\" data-end=\"2367\">Dayan\u0131kl\u0131l\u0131k (\u00c7iftle\u015fme D\u00f6ng\u00fcleri)<\/strong><\/td>\n<td data-start=\"2368\" data-end=\"2422\" data-col-size=\"md\">\u2265 1000 kez<\/td>\n<\/tr>\n<tr data-start=\"2423\" data-end=\"2493\">\n<td data-start=\"2423\" data-end=\"2443\" data-col-size=\"sm\"><strong data-start=\"2425\" data-end=\"2442\">Tekrarlanabilirlik<\/strong><\/td>\n<td data-start=\"2443\" data-end=\"2493\" data-col-size=\"md\">\u2264 0,1 dB<\/td>\n<\/tr>\n<tr data-start=\"2494\" data-end=\"2598\">\n<td data-start=\"2494\" data-end=\"2521\" data-col-size=\"sm\"><strong data-start=\"2496\" data-end=\"2520\">\u00c7al\u0131\u015fma Dalga Boyu<\/strong><\/td>\n<td data-start=\"2521\" data-end=\"2598\" data-col-size=\"md\">850 nm, 1300 nm (OM3 i\u00e7in tipik)<\/td>\n<\/tr>\n<tr data-start=\"2599\" data-end=\"2654\">\n<td data-start=\"2599\" data-end=\"2621\" data-col-size=\"sm\"><strong data-start=\"2601\" data-end=\"2620\">Ceket Malzemesi<\/strong><\/td>\n<td data-start=\"2621\" data-end=\"2654\" data-col-size=\"md\">LSZH (D\u00fc\u015f\u00fck Dumanl\u0131 S\u0131f\u0131r Halojen)<\/td>\n<\/tr>\n<tr data-start=\"2655\" data-end=\"2711\">\n<td data-start=\"2655\" data-end=\"2676\" data-col-size=\"sm\"><strong data-start=\"2657\" data-end=\"2675\">Kablo \u00c7ap\u0131<\/strong><\/td>\n<td data-start=\"2676\" data-end=\"2711\" data-col-size=\"md\">Tipik olarak 0,9 mm s\u0131k\u0131 tamponlu<\/td>\n<\/tr>\n<tr data-start=\"2712\" data-end=\"2803\">\n<td data-start=\"2712\" data-end=\"2740\" data-col-size=\"sm\"><strong data-start=\"2714\" data-end=\"2739\">\u00c7al\u0131\u015fma S\u0131cakl\u0131\u011f\u0131<\/strong><\/td>\n<td data-start=\"2740\" data-end=\"2803\" data-col-size=\"md\">-40 \u00b0C ila +75\/80 \u00b0C<\/td>\n<\/tr>\n<\/tbody>\n<\/table>\n<\/div>\n<\/div>\n<hr data-start=\"2805\" data-end=\"2808\" \/>\n<h2 data-start=\"2810\" data-end=\"2829\">Uygulamalar<\/h2>\n<ul data-start=\"2831\" data-end=\"3082\">\n<li data-start=\"2831\" data-end=\"2892\">\n<p data-start=\"2833\" data-end=\"2892\">Veri merkezi ara ba\u011flant\u0131lar\u0131 ve fiber omurga da\u011f\u0131t\u0131m\u0131<\/p>\n<\/li>\n<li data-start=\"2893\" data-end=\"2936\">\n<p data-start=\"2895\" data-end=\"2936\">LAN\/WAN ve kurumsal optik a\u011flar<\/p>\n<\/li>\n<li data-start=\"2937\" data-end=\"2976\">\n<p data-start=\"2939\" data-end=\"2976\">Telekom ve FTTH\/FTTx kurulumlar\u0131<\/p>\n<\/li>\n<li data-start=\"2977\" data-end=\"3033\">\n<p data-start=\"2979\" data-end=\"3033\">Patch paneller, fiber muhafazalar ve telekom kabinleri<\/p>\n<\/li>\n<li data-start=\"3034\" data-end=\"3082\">\n<p data-start=\"3036\" data-end=\"3082\">\u0130\u00e7 mekan optik ekleme ve da\u011f\u0131t\u0131m sistemleri<\/p>\n<\/li>\n<\/ul>\n<hr data-start=\"3084\" data-end=\"3087\" \/>\n<h2 data-start=\"3089\" data-end=\"3112\">Profesyonel Soru-Cevap<\/h2>\n<p data-start=\"3114\" data-end=\"3431\"><strong data-start=\"3114\" data-end=\"3159\">S1: \u201cOM3\u201d tan\u0131m\u0131 ne anlama geliyor?<\/strong><br data-start=\"3159\" data-end=\"3162\" \/><strong data-start=\"3162\" data-end=\"3168\">A:<\/strong> OM3 \u015fu anlama gelir <strong data-start=\"3184\" data-end=\"3207\">Optik \u00c7ok Modlu 3<\/strong>, y\u00fcksek h\u0131zl\u0131 veri aktar\u0131m\u0131 (\u00f6rn. 10 Gbps ve \u00fczeri) i\u00e7in tasarlanm\u0131\u015f, lazerle optimize edilmi\u015f \u00e7ok modlu bir fiber t\u00fcr\u00fcd\u00fcr. Kolay tan\u0131mlama i\u00e7in 50\/125 \u00b5m \u00e7ekirdek boyutuna ve aqua ceket rengine sahiptir.<\/p>\n<p data-start=\"3433\" data-end=\"3768\"><strong data-start=\"3433\" data-end=\"3484\">S2: Bir pigtail i\u00e7in neden FC\/UPC konnekt\u00f6rleri se\u00e7ilmeli?<\/strong><br data-start=\"3484\" data-end=\"3487\" \/><strong data-start=\"3487\" data-end=\"3493\">A:<\/strong> <strong data-start=\"3494\" data-end=\"3515\">FC\/UPC konnekt\u00f6rleri<\/strong> di\u015fli ba\u011flant\u0131 tasar\u0131m\u0131 ile m\u00fckemmel mekanik dayan\u0131kl\u0131l\u0131k ve istikrarl\u0131 optik performans sunar. Ultra Fiziksel Temas (UPC) cilas\u0131, geri yans\u0131may\u0131 azalt\u0131r ve \u00e7ok modlu sistemlerde geri d\u00f6n\u00fc\u015f kayb\u0131n\u0131 art\u0131r\u0131r.<\/p>\n<p data-start=\"3770\" data-end=\"4093\"><strong data-start=\"3770\" data-end=\"3828\">S3: Bu pigtailler hangi ortamlar i\u00e7in uygundur?<\/strong><br data-start=\"3828\" data-end=\"3831\" \/><strong data-start=\"3831\" data-end=\"3837\">A:<\/strong> Bu pigtailler telekom, veri merkezleri, ofis binalar\u0131 ve a\u011f da\u011f\u0131t\u0131m raflar\u0131ndaki i\u00e7 ortamlar i\u00e7in idealdir. Bu <strong data-start=\"3967\" data-end=\"3982\">LSZH ceket<\/strong> d\u00fc\u015f\u00fck dumanl\u0131, yang\u0131na kar\u015f\u0131 g\u00fcvenli tesisatlarla g\u00fcvenlik ve uyumluluk sa\u011flar.<\/p>\n<p data-start=\"4095\" data-end=\"4408\"><strong data-start=\"4095\" data-end=\"4146\">S4: Ekleme kayb\u0131 performans\u0131 nas\u0131l etkiler?<\/strong><br data-start=\"4146\" data-end=\"4149\" \/><strong data-start=\"4149\" data-end=\"4155\">A:<\/strong> Daha d\u00fc\u015f\u00fck ekleme kayb\u0131, ba\u011flant\u0131 noktas\u0131nda daha az sinyal g\u00fcc\u00fc kayb\u0131 anlam\u0131na gelir ve daha verimli veri iletimi sa\u011flar - y\u00fcksek h\u0131zl\u0131 optik a\u011flarda kritik \u00f6neme sahiptir. Bu konnekt\u00f6rler i\u00e7in tipik de\u011ferler \u2264 0,3 dB'dir.<\/p>","protected":false},"excerpt":{"rendered":"<p>Bu <strong data-start=\"313\" data-end=\"348\">FC\/UPC-12core-OM3 Fiber Pigtail<\/strong> g\u00fcvenilir, y\u00fcksek h\u0131zl\u0131 optik a\u011flar ve hassas ba\u011flant\u0131 uygulamalar\u0131 i\u00e7in tasarlanm\u0131\u015f \u00fcst\u00fcn kaliteli \u00e7ok modlu bir fiber optik \u00f6rg\u00fcs\u00fcd\u00fcr. Sa\u011flam ancak hafif bir LSZH k\u0131l\u0131f ve y\u00fcksek hassasiyetli FC\/UPC konekt\u00f6rlerle tasarlanan bu 12 fiberli pigtail \u015funlar\u0131 sunar <strong data-start=\"612\" data-end=\"672\">tutarl\u0131 performans, d\u00fc\u015f\u00fck kay\u0131p ve \u00fcst\u00fcn kararl\u0131l\u0131k<\/strong> zorlu ileti\u015fim sistemlerinde.<\/p>","protected":false},"featured_media":640,"comment_status":"open","ping_status":"closed","template":"","meta":[],"product_brand":[],"product_cat":[43],"product_tag":[],"class_list":{"0":"post-639","1":"product","2":"type-product","3":"status-publish","4":"has-post-thumbnail","6":"product_cat-12-core-fiber-pigtail","8":"first","9":"instock","10":"shipping-taxable","11":"product-type-simple"},"_links":{"self":[{"href":"https:\/\/www.fenxifiber.com\/tr\/wp-json\/wp\/v2\/product\/639","targetHints":{"allow":["GET"]}}],"collection":[{"href":"https:\/\/www.fenxifiber.com\/tr\/wp-json\/wp\/v2\/product"}],"about":[{"href":"https:\/\/www.fenxifiber.com\/tr\/wp-json\/wp\/v2\/types\/product"}],"replies":[{"embeddable":true,"href":"https:\/\/www.fenxifiber.com\/tr\/wp-json\/wp\/v2\/comments?post=639"}],"wp:featuredmedia":[{"embeddable":true,"href":"https:\/\/www.fenxifiber.com\/tr\/wp-json\/wp\/v2\/media\/640"}],"wp:attachment":[{"href":"https:\/\/www.fenxifiber.com\/tr\/wp-json\/wp\/v2\/media?parent=639"}],"wp:term":[{"taxonomy":"product_brand","embeddable":true,"href":"https:\/\/www.fenxifiber.com\/tr\/wp-json\/wp\/v2\/product_brand?post=639"},{"taxonomy":"product_cat","embeddable":true,"href":"https:\/\/www.fenxifiber.com\/tr\/wp-json\/wp\/v2\/product_cat?post=639"},{"taxonomy":"product_tag","embeddable":true,"href":"https:\/\/www.fenxifiber.com\/tr\/wp-json\/wp\/v2\/product_tag?post=639"}],"curies":[{"name":"wp","href":"https:\/\/api.w.org\/{rel}","templated":true}]}}