{"id":641,"date":"2026-02-03T05:28:33","date_gmt":"2026-02-03T05:28:33","guid":{"rendered":"https:\/\/www.fenxifiber.com\/?post_type=product&#038;p=641"},"modified":"2026-02-04T00:58:59","modified_gmt":"2026-02-04T00:58:59","slug":"lc-upc-12core-om3-fiber-pigtail","status":"publish","type":"product","link":"https:\/\/www.fenxifiber.com\/tr\/product\/lc-upc-12core-om3-fiber-pigtail\/","title":{"rendered":"LC\/UPC-12core-OM3 Fiber Pigtail - Y\u00fcksek Yo\u011funluklu A\u011f Ba\u011flant\u0131s\u0131"},"content":{"rendered":"<h2 data-start=\"639\" data-end=\"673\">\ud83d\udd0d <strong data-start=\"646\" data-end=\"673\">Temel \u00d6zellikler ve Avantajlar<\/strong><\/h2>\n<ul data-start=\"675\" data-end=\"1209\">\n<li data-start=\"675\" data-end=\"784\">\n<p data-start=\"677\" data-end=\"784\"><strong data-start=\"677\" data-end=\"701\">Kompakt LC Konnekt\u00f6r<\/strong> y\u00fcksek yo\u011funluklu kurulumlar i\u00e7in - modern veri merkezleri ve patch paneller i\u00e7in idealdir.<\/p>\n<\/li>\n<li data-start=\"785\" data-end=\"892\">\n<p data-start=\"787\" data-end=\"892\"><strong data-start=\"787\" data-end=\"828\">D\u00fc\u015f\u00fck Ekleme Kayb\u0131 ve Y\u00fcksek Geri D\u00f6n\u00fc\u015f Kayb\u0131<\/strong> minimum yans\u0131ma ile verimli sinyal iletimi sa\u011flar.<\/p>\n<\/li>\n<li data-start=\"893\" data-end=\"1010\">\n<p data-start=\"895\" data-end=\"1010\"><strong data-start=\"895\" data-end=\"931\">Y\u00fcksek Kaliteli OM3 \u00c7ok Modlu Fiber<\/strong> y\u00fcksek bant geni\u015fli\u011fini destekler ve 10 Gbps ve \u00fczeri uygulamalar i\u00e7in optimize edilmi\u015ftir.<\/p>\n<\/li>\n<li data-start=\"1011\" data-end=\"1114\">\n<p data-start=\"1013\" data-end=\"1114\"><strong data-start=\"1013\" data-end=\"1052\">Kararl\u0131 Yap\u0131 ve Tekrarlanabilirlik<\/strong> Otomatik \u00fcretim ve s\u0131k\u0131 kalite kontrolleri sayesinde.<\/p>\n<\/li>\n<li data-start=\"1115\" data-end=\"1209\">\n<p data-start=\"1117\" data-end=\"1209\"><strong data-start=\"1117\" data-end=\"1141\">Kullan\u0131c\u0131 Dostu Tasar\u0131m<\/strong> Kolay tan\u0131mlama ve d\u00fczenli y\u00f6nlendirme i\u00e7in aqua OM3 k\u0131l\u0131fl\u0131.<\/p>\n<\/li>\n<\/ul>\n<hr data-start=\"1211\" data-end=\"1214\" \/>\n<h2 data-start=\"1216\" data-end=\"1267\">\ud83d\udcca <strong data-start=\"1222\" data-end=\"1267\">LC\/UPC-12core-OM3 Teknik \u00d6zellikler<\/strong><\/h2>\n<div class=\"TyagGW_tableContainer\">\n<div class=\"group TyagGW_tableWrapper flex flex-col-reverse w-fit\" tabindex=\"-1\">\n<table class=\"w-fit min-w-(--thread-content-width)\" data-start=\"1269\" data-end=\"1715\">\n<thead data-start=\"1269\" data-end=\"1306\">\n<tr data-start=\"1269\" data-end=\"1306\">\n<th class=\"\" data-start=\"1269\" data-end=\"1285\" data-col-size=\"sm\"><strong data-start=\"1271\" data-end=\"1284\">Parametre<\/strong><\/th>\n<th class=\"\" data-start=\"1285\" data-end=\"1306\" data-col-size=\"sm\"><strong data-start=\"1287\" data-end=\"1304\">\u015eartname<\/strong><\/th>\n<\/tr>\n<\/thead>\n<tbody data-start=\"1345\" data-end=\"1715\">\n<tr data-start=\"1345\" data-end=\"1392\">\n<td data-start=\"1345\" data-end=\"1360\" data-col-size=\"sm\">\u00dcr\u00fcn Ad\u0131<\/td>\n<td data-start=\"1360\" data-end=\"1392\" data-col-size=\"sm\">LC\/UPC 12 \u00e7ekirdekli Fiber Pigtail<\/td>\n<\/tr>\n<tr data-start=\"1393\" data-end=\"1435\">\n<td data-start=\"1393\" data-end=\"1406\" data-col-size=\"sm\">Elyaf Tipi<\/td>\n<td data-start=\"1406\" data-end=\"1435\" data-col-size=\"sm\">\u00c7ok Modlu OM3 (50\/125 \u00b5m)<\/td>\n<\/tr>\n<tr data-start=\"1436\" data-end=\"1463\">\n<td data-start=\"1436\" data-end=\"1453\" data-col-size=\"sm\">Konekt\u00f6r Tipi<\/td>\n<td data-start=\"1453\" data-end=\"1463\" data-col-size=\"sm\">LC\/UPC<\/td>\n<\/tr>\n<tr data-start=\"1464\" data-end=\"1499\">\n<td data-start=\"1464\" data-end=\"1481\" data-col-size=\"sm\">Ekleme Kayb\u0131<\/td>\n<td data-start=\"1481\" data-end=\"1499\" data-col-size=\"sm\">\u2264 0,2 - 0,3 dB<\/td>\n<\/tr>\n<tr data-start=\"1500\" data-end=\"1525\">\n<td data-start=\"1500\" data-end=\"1514\" data-col-size=\"sm\">Geri D\u00f6n\u00fc\u015f Kayb\u0131<\/td>\n<td data-start=\"1514\" data-end=\"1525\" data-col-size=\"sm\">\u2265 35 dB<\/td>\n<\/tr>\n<tr data-start=\"1526\" data-end=\"1563\">\n<td data-start=\"1526\" data-end=\"1539\" data-col-size=\"sm\">Dayan\u0131kl\u0131l\u0131k<\/td>\n<td data-start=\"1539\" data-end=\"1563\" data-col-size=\"sm\">\u2265 1000 \u00e7iftle\u015fme d\u00f6ng\u00fcs\u00fc<\/td>\n<\/tr>\n<tr data-start=\"1564\" data-end=\"1607\">\n<td data-start=\"1564\" data-end=\"1587\" data-col-size=\"sm\">\u00c7al\u0131\u015fma Dalga Boyu<\/td>\n<td data-start=\"1587\" data-end=\"1607\" data-col-size=\"sm\">850 nm ve 1300 nm<\/td>\n<\/tr>\n<tr data-start=\"1608\" data-end=\"1634\">\n<td data-start=\"1608\" data-end=\"1626\" data-col-size=\"sm\">Ceket Malzemesi<\/td>\n<td data-start=\"1626\" data-end=\"1634\" data-col-size=\"sm\">LSZH<\/td>\n<\/tr>\n<tr data-start=\"1635\" data-end=\"1677\">\n<td data-start=\"1635\" data-end=\"1652\" data-col-size=\"sm\">Kablo \u00c7ap\u0131<\/td>\n<td data-start=\"1652\" data-end=\"1677\" data-col-size=\"sm\">0,9 mm s\u0131k\u0131 tamponlu<\/td>\n<\/tr>\n<tr data-start=\"1678\" data-end=\"1715\">\n<td data-start=\"1678\" data-end=\"1695\" data-col-size=\"sm\">\u00c7al\u0131\u015fma S\u0131cakl\u0131\u011f\u0131<\/td>\n<td data-start=\"1695\" data-end=\"1715\" data-col-size=\"sm\">-40 \u00b0C ila +80 \u00b0C<\/td>\n<\/tr>\n<\/tbody>\n<\/table>\n<\/div>\n<\/div>","protected":false},"excerpt":{"rendered":"<p data-start=\"224\" data-end=\"637\">Bu <strong data-start=\"228\" data-end=\"263\">LC\/UPC-12core-OM3 Fiber Pigtail<\/strong> kompakt, g\u00fcvenilir ba\u011flant\u0131 gerektiren y\u00fcksek h\u0131zl\u0131 ileti\u015fim a\u011flar\u0131 i\u00e7in tasarlanm\u0131\u015f y\u00fcksek performansl\u0131 \u00e7ok modlu bir fiber optik aksamd\u0131r. Hassas LC\/UPC konnekt\u00f6rleri ve OM3 \u00e7ok modlu fiber ile donat\u0131lm\u0131\u015f bu pigtail \u015funlar\u0131 sunar <strong data-start=\"495\" data-end=\"551\">d\u00fc\u015f\u00fck kay\u0131p, y\u00fcksek stabilite ve \u00fcst\u00fcn tekrarlanabilirlik<\/strong> veri merkezlerinde, kurumsal a\u011flarda, telekom odalar\u0131nda ve optik da\u011f\u0131t\u0131m \u00e7er\u00e7evelerinde.<\/p>\n<h3 data-start=\"639\" data-end=\"673\"><\/h3>","protected":false},"featured_media":642,"comment_status":"open","ping_status":"closed","template":"","meta":[],"product_brand":[],"product_cat":[43],"product_tag":[],"class_list":{"0":"post-641","1":"product","2":"type-product","3":"status-publish","4":"has-post-thumbnail","6":"product_cat-12-core-fiber-pigtail","8":"first","9":"instock","10":"shipping-taxable","11":"product-type-simple"},"_links":{"self":[{"href":"https:\/\/www.fenxifiber.com\/tr\/wp-json\/wp\/v2\/product\/641","targetHints":{"allow":["GET"]}}],"collection":[{"href":"https:\/\/www.fenxifiber.com\/tr\/wp-json\/wp\/v2\/product"}],"about":[{"href":"https:\/\/www.fenxifiber.com\/tr\/wp-json\/wp\/v2\/types\/product"}],"replies":[{"embeddable":true,"href":"https:\/\/www.fenxifiber.com\/tr\/wp-json\/wp\/v2\/comments?post=641"}],"wp:featuredmedia":[{"embeddable":true,"href":"https:\/\/www.fenxifiber.com\/tr\/wp-json\/wp\/v2\/media\/642"}],"wp:attachment":[{"href":"https:\/\/www.fenxifiber.com\/tr\/wp-json\/wp\/v2\/media?parent=641"}],"wp:term":[{"taxonomy":"product_brand","embeddable":true,"href":"https:\/\/www.fenxifiber.com\/tr\/wp-json\/wp\/v2\/product_brand?post=641"},{"taxonomy":"product_cat","embeddable":true,"href":"https:\/\/www.fenxifiber.com\/tr\/wp-json\/wp\/v2\/product_cat?post=641"},{"taxonomy":"product_tag","embeddable":true,"href":"https:\/\/www.fenxifiber.com\/tr\/wp-json\/wp\/v2\/product_tag?post=641"}],"curies":[{"name":"wp","href":"https:\/\/api.w.org\/{rel}","templated":true}]}}