{"id":643,"date":"2026-02-03T05:32:11","date_gmt":"2026-02-03T05:32:11","guid":{"rendered":"https:\/\/www.fenxifiber.com\/?post_type=product&#038;p=643"},"modified":"2026-02-04T00:59:40","modified_gmt":"2026-02-04T00:59:40","slug":"st-upc-12core-om3-fiber-pigtail","status":"publish","type":"product","link":"https:\/\/www.fenxifiber.com\/tr\/product\/st-upc-12core-om3-fiber-pigtail\/","title":{"rendered":"ST\/UPC-12core-OM3 Fiber Pigtail - Sa\u011flam Saha Ba\u011flant\u0131s\u0131"},"content":{"rendered":"<h2 data-start=\"2082\" data-end=\"2116\">\ud83d\udd0d <strong data-start=\"2089\" data-end=\"2116\">Temel \u00d6zellikler ve Avantajlar<\/strong><\/h2>\n<ul data-start=\"2118\" data-end=\"2551\">\n<li data-start=\"2118\" data-end=\"2206\">\n<p data-start=\"2120\" data-end=\"2206\"><strong data-start=\"2120\" data-end=\"2140\">ST\/UPC Konnekt\u00f6r<\/strong> bayonet kilitleme ile h\u0131zl\u0131 tak ve \u00e7al\u0131\u015ft\u0131r kurulum sa\u011flar.<\/p>\n<\/li>\n<li data-start=\"2207\" data-end=\"2308\">\n<p data-start=\"2209\" data-end=\"2308\"><strong data-start=\"2209\" data-end=\"2244\">Y\u00fcksek Kaliteli Cilal\u0131 Konnekt\u00f6r<\/strong> d\u00fc\u015f\u00fck ekleme kayb\u0131 ve m\u00fckemmel optik performans sa\u011flar.<\/p>\n<\/li>\n<li data-start=\"2309\" data-end=\"2392\">\n<p data-start=\"2311\" data-end=\"2392\"><strong data-start=\"2311\" data-end=\"2334\">OM3 \u00c7ok Modlu Fiber<\/strong> k\u0131sa ve orta mesafelerde y\u00fcksek bant geni\u015fli\u011fi sa\u011flar.<\/p>\n<\/li>\n<li data-start=\"2393\" data-end=\"2468\">\n<p data-start=\"2395\" data-end=\"2468\"><strong data-start=\"2395\" data-end=\"2426\">Dayan\u0131kl\u0131 ve Esnek Ceket<\/strong> Daha fazla g\u00fcvenlik i\u00e7in LSZH malzeme ile.<\/p>\n<\/li>\n<li data-start=\"2469\" data-end=\"2551\">\n<p data-start=\"2471\" data-end=\"2551\"><strong data-start=\"2471\" data-end=\"2489\">12 \u00c7ekirdekli Tasar\u0131m<\/strong> paralel iletimi ve y\u00fcksek yo\u011funluklu ba\u011flant\u0131y\u0131 destekler.<\/p>\n<\/li>\n<\/ul>\n<hr data-start=\"2553\" data-end=\"2556\" \/>\n<h2 data-start=\"2558\" data-end=\"2609\">\ud83d\udcca <strong data-start=\"2564\" data-end=\"2609\">ST\/UPC-12core-OM3 Teknik \u00d6zellikler<\/strong><\/h2>\n<div class=\"TyagGW_tableContainer\">\n<div class=\"group TyagGW_tableWrapper flex flex-col-reverse w-fit\" tabindex=\"-1\">\n<table class=\"w-fit min-w-(--thread-content-width)\" data-start=\"2611\" data-end=\"3051\">\n<thead data-start=\"2611\" data-end=\"2648\">\n<tr data-start=\"2611\" data-end=\"2648\">\n<th class=\"\" data-start=\"2611\" data-end=\"2627\" data-col-size=\"sm\"><strong data-start=\"2613\" data-end=\"2626\">Parametre<\/strong><\/th>\n<th class=\"\" data-start=\"2627\" data-end=\"2648\" data-col-size=\"sm\"><strong data-start=\"2629\" data-end=\"2646\">\u015eartname<\/strong><\/th>\n<\/tr>\n<\/thead>\n<tbody data-start=\"2687\" data-end=\"3051\">\n<tr data-start=\"2687\" data-end=\"2734\">\n<td data-start=\"2687\" data-end=\"2702\" data-col-size=\"sm\">\u00dcr\u00fcn Ad\u0131<\/td>\n<td data-start=\"2702\" data-end=\"2734\" data-col-size=\"sm\">ST\/UPC 12 \u00e7ekirdekli Fiber Pigtail<\/td>\n<\/tr>\n<tr data-start=\"2735\" data-end=\"2777\">\n<td data-start=\"2735\" data-end=\"2748\" data-col-size=\"sm\">Elyaf Tipi<\/td>\n<td data-start=\"2748\" data-end=\"2777\" data-col-size=\"sm\">\u00c7ok Modlu OM3 (50\/125 \u00b5m)<\/td>\n<\/tr>\n<tr data-start=\"2778\" data-end=\"2805\">\n<td data-start=\"2778\" data-end=\"2795\" data-col-size=\"sm\">Konekt\u00f6r Tipi<\/td>\n<td data-start=\"2795\" data-end=\"2805\" data-col-size=\"sm\">ST\/UPC<\/td>\n<\/tr>\n<tr data-start=\"2806\" data-end=\"2835\">\n<td data-start=\"2806\" data-end=\"2823\" data-col-size=\"sm\">Ekleme Kayb\u0131<\/td>\n<td data-start=\"2823\" data-end=\"2835\" data-col-size=\"sm\">\u2264 0,3 dB<\/td>\n<\/tr>\n<tr data-start=\"2836\" data-end=\"2861\">\n<td data-start=\"2836\" data-end=\"2850\" data-col-size=\"sm\">Geri D\u00f6n\u00fc\u015f Kayb\u0131<\/td>\n<td data-start=\"2850\" data-end=\"2861\" data-col-size=\"sm\">\u2265 30 dB<\/td>\n<\/tr>\n<tr data-start=\"2862\" data-end=\"2899\">\n<td data-start=\"2862\" data-end=\"2875\" data-col-size=\"sm\">Dayan\u0131kl\u0131l\u0131k<\/td>\n<td data-start=\"2875\" data-end=\"2899\" data-col-size=\"sm\">\u2265 1000 \u00e7iftle\u015fme d\u00f6ng\u00fcs\u00fc<\/td>\n<\/tr>\n<tr data-start=\"2900\" data-end=\"2943\">\n<td data-start=\"2900\" data-end=\"2923\" data-col-size=\"sm\">\u00c7al\u0131\u015fma Dalga Boyu<\/td>\n<td data-start=\"2923\" data-end=\"2943\" data-col-size=\"sm\">850 nm ve 1300 nm<\/td>\n<\/tr>\n<tr data-start=\"2944\" data-end=\"2970\">\n<td data-start=\"2944\" data-end=\"2962\" data-col-size=\"sm\">Ceket Malzemesi<\/td>\n<td data-start=\"2962\" data-end=\"2970\" data-col-size=\"sm\">LSZH<\/td>\n<\/tr>\n<tr data-start=\"2971\" data-end=\"3013\">\n<td data-start=\"2971\" data-end=\"2988\" data-col-size=\"sm\">Kablo \u00c7ap\u0131<\/td>\n<td data-start=\"2988\" data-end=\"3013\" data-col-size=\"sm\">0,9 mm s\u0131k\u0131 tamponlu<\/td>\n<\/tr>\n<tr data-start=\"3014\" data-end=\"3051\">\n<td data-start=\"3014\" data-end=\"3031\" data-col-size=\"sm\">\u00c7al\u0131\u015fma S\u0131cakl\u0131\u011f\u0131<\/td>\n<td data-start=\"3031\" data-end=\"3051\" data-col-size=\"sm\">-40 \u00b0C ila +80 \u00b0C<\/td>\n<\/tr>\n<\/tbody>\n<\/table>\n<\/div>\n<\/div>\n<hr data-start=\"3053\" data-end=\"3056\" \/>\n<h2 data-start=\"3058\" data-end=\"3091\">\ud83d\udccc <strong data-start=\"3064\" data-end=\"3091\">Yayg\u0131n Mesleki Soru-Cevaplar<\/strong><\/h2>\n<p data-start=\"3093\" data-end=\"3324\"><strong data-start=\"3093\" data-end=\"3152\">S1: LC ve ST konnekt\u00f6rleri aras\u0131ndaki fark nedir?<\/strong><br data-start=\"3152\" data-end=\"3155\" \/><strong data-start=\"3155\" data-end=\"3161\">A:<\/strong> LC konekt\u00f6rler, a\u015fa\u011f\u0131dakiler i\u00e7in mandal kilitlemeli daha k\u00fc\u00e7\u00fckt\u00fcr <strong data-start=\"3211\" data-end=\"3234\">y\u00fcksek yo\u011funluklu paneller<\/strong>, kullan\u0131rken, ST konekt\u00f6rleri bir <strong data-start=\"3262\" data-end=\"3284\">s\u00fcng\u00fc burgulu kilit<\/strong> eski veya end\u00fcstriyel kablolama i\u00e7in idealdir.<\/p>\n<p data-start=\"3326\" data-end=\"3532\"><strong data-start=\"3326\" data-end=\"3385\">S2: Pigtailler i\u00e7in neden OM1\/OM2 yerine OM3 multimode se\u00e7ilmeli?<\/strong><br data-start=\"3385\" data-end=\"3388\" \/><strong data-start=\"3388\" data-end=\"3394\">A:<\/strong> OM3 a\u015fa\u011f\u0131dakiler i\u00e7in optimize edilmi\u015ftir <strong data-start=\"3416\" data-end=\"3444\">lazer tabanl\u0131 iletim<\/strong>, daha y\u00fcksek h\u0131zlar\u0131 ve daha uzun mesafeleri (\u00f6rn. 10 Gbps+) daha iyi bant geni\u015fli\u011fi ile destekler.<\/p>\n<p data-start=\"3534\" data-end=\"3709\"><strong data-start=\"3534\" data-end=\"3561\">S3: UPC ne anlama geliyor?<\/strong><br data-start=\"3561\" data-end=\"3564\" \/><strong data-start=\"3564\" data-end=\"3570\">A:<\/strong> UPC'nin a\u00e7\u0131l\u0131m\u0131 <strong data-start=\"3586\" data-end=\"3611\">Ultra Fizik-Kontak<\/strong> cila - geri yans\u0131may\u0131 azalt\u0131r ve daha kararl\u0131 optik performans i\u00e7in geri d\u00f6n\u00fc\u015f kayb\u0131n\u0131 iyile\u015ftirir.<\/p>\n<p data-start=\"3711\" data-end=\"3939\"><strong data-start=\"3711\" data-end=\"3755\">S4: Bu pigtailler a\u00e7\u0131k havada kullan\u0131labilir mi?<\/strong><br data-start=\"3755\" data-end=\"3758\" \/><strong data-start=\"3758\" data-end=\"3764\">A:<\/strong> Bu \u00f6zel s\u00fcr\u00fcmler genellikle \u015funlar i\u00e7indir <strong data-start=\"3807\" data-end=\"3849\">i\u00e7 mekan veya korumal\u0131 d\u0131\u015f mekan muhafazalar\u0131<\/strong> (LSZH ceketler). D\u0131\u015f mekan kullan\u0131m\u0131 i\u00e7in z\u0131rhl\u0131 veya d\u0131\u015f mekan s\u0131n\u0131f\u0131 kablo \u00e7e\u015fitleri \u00f6nerilir.<\/p>","protected":false},"excerpt":{"rendered":"<p data-start=\"1792\" data-end=\"2080\">Bu <strong data-start=\"1796\" data-end=\"1831\">ST\/UPC-12core-OM3 Fiber Pigtail<\/strong> geleneksel ST bayonet kilitleme konekt\u00f6rlerini modern OM3 \u00e7ok modlu fiber ile birle\u015ftirir. Kullan\u0131m kolayl\u0131\u011f\u0131 ve g\u00fcvenilir ba\u011flant\u0131n\u0131n gerekli oldu\u011fu kurulumlar i\u00e7in tasarlanan bu pigtail, yap\u0131land\u0131r\u0131lm\u0131\u015f kablolama, kamp\u00fcsler ve end\u00fcstriyel a\u011flar i\u00e7in idealdir.<\/p>","protected":false},"featured_media":644,"comment_status":"open","ping_status":"closed","template":"","meta":[],"product_brand":[],"product_cat":[43],"product_tag":[],"class_list":{"0":"post-643","1":"product","2":"type-product","3":"status-publish","4":"has-post-thumbnail","6":"product_cat-12-core-fiber-pigtail","8":"first","9":"instock","10":"shipping-taxable","11":"product-type-simple"},"_links":{"self":[{"href":"https:\/\/www.fenxifiber.com\/tr\/wp-json\/wp\/v2\/product\/643","targetHints":{"allow":["GET"]}}],"collection":[{"href":"https:\/\/www.fenxifiber.com\/tr\/wp-json\/wp\/v2\/product"}],"about":[{"href":"https:\/\/www.fenxifiber.com\/tr\/wp-json\/wp\/v2\/types\/product"}],"replies":[{"embeddable":true,"href":"https:\/\/www.fenxifiber.com\/tr\/wp-json\/wp\/v2\/comments?post=643"}],"wp:featuredmedia":[{"embeddable":true,"href":"https:\/\/www.fenxifiber.com\/tr\/wp-json\/wp\/v2\/media\/644"}],"wp:attachment":[{"href":"https:\/\/www.fenxifiber.com\/tr\/wp-json\/wp\/v2\/media?parent=643"}],"wp:term":[{"taxonomy":"product_brand","embeddable":true,"href":"https:\/\/www.fenxifiber.com\/tr\/wp-json\/wp\/v2\/product_brand?post=643"},{"taxonomy":"product_cat","embeddable":true,"href":"https:\/\/www.fenxifiber.com\/tr\/wp-json\/wp\/v2\/product_cat?post=643"},{"taxonomy":"product_tag","embeddable":true,"href":"https:\/\/www.fenxifiber.com\/tr\/wp-json\/wp\/v2\/product_tag?post=643"}],"curies":[{"name":"wp","href":"https:\/\/api.w.org\/{rel}","templated":true}]}}