{"id":656,"date":"2026-02-03T05:55:05","date_gmt":"2026-02-03T05:55:05","guid":{"rendered":"https:\/\/www.fenxifiber.com\/?post_type=product&#038;p=656"},"modified":"2026-02-04T01:22:27","modified_gmt":"2026-02-04T01:22:27","slug":"fc-upc-lc-upc-50-125-dx","status":"publish","type":"product","link":"https:\/\/www.fenxifiber.com\/tr\/product\/fc-upc-lc-upc-50-125-dx\/","title":{"rendered":"FC\/UPC-LC\/UPC-50\/125-DX \u00c7ok Modlu Fiber Optik Yama Kablosu"},"content":{"rendered":"<h3 data-start=\"620\" data-end=\"671\"><strong data-start=\"624\" data-end=\"671\">\u0130ki Ba\u011flant\u0131 D\u00fcnyas\u0131 Aras\u0131nda Ak\u0131ll\u0131 Bir K\u00f6pr\u00fc<\/strong><\/h3>\n<p data-start=\"673\" data-end=\"938\">Bir\u00e7ok optik test seti, OTDR ve eski telekom cihazlar\u0131 hala <strong data-start=\"741\" data-end=\"753\">FC ba\u011flant\u0131 noktalar\u0131<\/strong>, Modern anahtarlar, patch paneller ve al\u0131c\u0131-vericiler ise <strong data-start=\"817\" data-end=\"834\">LC aray\u00fczleri<\/strong>. Bu kablo, adapt\u00f6r olmadan ve sinyal dengesizli\u011fi olmadan ikisi aras\u0131nda sorunsuz entegrasyon sa\u011flar.<\/p>\n<p data-start=\"940\" data-end=\"1142\">Bu <strong data-start=\"944\" data-end=\"970\">UPC cilal\u0131 u\u00e7 y\u00fczeyler<\/strong> lifler aras\u0131nda s\u0131k\u0131 fiziksel temas sa\u011flayarak <strong data-start=\"1025\" data-end=\"1077\">ekleme kayb\u0131 d\u00fc\u015f\u00fck ve yans\u0131malar kontrol alt\u0131nda<\/strong>, Bu da do\u011fru sinyal iletimi ve test i\u00e7in kritik \u00f6neme sahiptir.<\/p>\n<hr data-start=\"1144\" data-end=\"1147\" \/>\n<h3 data-start=\"1149\" data-end=\"1192\"><strong data-start=\"1153\" data-end=\"1192\">Performans ve Yap\u0131ya Genel Bak\u0131\u015f<\/strong><\/h3>\n<div class=\"TyagGW_tableContainer\">\n<div class=\"group TyagGW_tableWrapper flex flex-col-reverse w-fit\" tabindex=\"-1\">\n<table class=\"w-fit min-w-(--thread-content-width)\" data-start=\"1194\" data-end=\"1705\">\n<thead data-start=\"1194\" data-end=\"1233\">\n<tr data-start=\"1194\" data-end=\"1233\">\n<th class=\"\" data-start=\"1194\" data-end=\"1206\" data-col-size=\"sm\">Parametre<\/th>\n<th class=\"\" data-start=\"1206\" data-end=\"1233\" data-col-size=\"sm\">FC\/UPC\u2013LC\/UPC-50\/125-DX<\/th>\n<\/tr>\n<\/thead>\n<tbody data-start=\"1262\" data-end=\"1705\">\n<tr data-start=\"1262\" data-end=\"1298\">\n<td data-start=\"1262\" data-end=\"1275\" data-col-size=\"sm\">Elyaf Tipi<\/td>\n<td data-col-size=\"sm\" data-start=\"1275\" data-end=\"1298\">\u00c7ok Modlu 50\/125 \u03bcm<\/td>\n<\/tr>\n<tr data-start=\"1299\" data-end=\"1330\">\n<td data-start=\"1299\" data-end=\"1306\" data-col-size=\"sm\">Mod<\/td>\n<td data-start=\"1306\" data-end=\"1330\" data-col-size=\"sm\">OM2 \/ OM3 uyumlu<\/td>\n<\/tr>\n<tr data-start=\"1331\" data-end=\"1362\">\n<td data-start=\"1331\" data-end=\"1347\" data-col-size=\"sm\">Konfig\u00fcrasyon<\/td>\n<td data-start=\"1347\" data-end=\"1362\" data-col-size=\"sm\">Dubleks (DX)<\/td>\n<\/tr>\n<tr data-start=\"1363\" data-end=\"1389\">\n<td data-start=\"1363\" data-end=\"1377\" data-col-size=\"sm\">Konekt\u00f6r A<\/td>\n<td data-start=\"1377\" data-end=\"1389\" data-col-size=\"sm\">FC \/ UPC<\/td>\n<\/tr>\n<tr data-start=\"1390\" data-end=\"1416\">\n<td data-start=\"1390\" data-end=\"1404\" data-col-size=\"sm\">Konekt\u00f6r B<\/td>\n<td data-start=\"1404\" data-end=\"1416\" data-col-size=\"sm\">LC \/ UPC<\/td>\n<\/tr>\n<tr data-start=\"1417\" data-end=\"1460\">\n<td data-start=\"1417\" data-end=\"1440\" data-col-size=\"sm\">\u00c7al\u0131\u015fma Dalga Boyu<\/td>\n<td data-start=\"1440\" data-end=\"1460\" data-col-size=\"sm\">850 nm \/ 1300 nm<\/td>\n<\/tr>\n<tr data-start=\"1461\" data-end=\"1491\">\n<td data-start=\"1461\" data-end=\"1478\" data-col-size=\"sm\">Ekleme Kayb\u0131<\/td>\n<td data-col-size=\"sm\" data-start=\"1478\" data-end=\"1491\">\u2264 0,30 dB<\/td>\n<\/tr>\n<tr data-start=\"1492\" data-end=\"1517\">\n<td data-start=\"1492\" data-end=\"1506\" data-col-size=\"sm\">Geri D\u00f6n\u00fc\u015f Kayb\u0131<\/td>\n<td data-col-size=\"sm\" data-start=\"1506\" data-end=\"1517\">\u2265 30 dB<\/td>\n<\/tr>\n<tr data-start=\"1518\" data-end=\"1548\">\n<td data-start=\"1518\" data-end=\"1533\" data-col-size=\"sm\">Kablo Ceketi<\/td>\n<td data-col-size=\"sm\" data-start=\"1533\" data-end=\"1548\">LSZH veya PVC<\/td>\n<\/tr>\n<tr data-start=\"1549\" data-end=\"1579\">\n<td data-start=\"1549\" data-end=\"1568\" data-col-size=\"sm\">\u00c7ekme Dayan\u0131m\u0131<\/td>\n<td data-col-size=\"sm\" data-start=\"1568\" data-end=\"1579\">\u2265 200 N<\/td>\n<\/tr>\n<tr data-start=\"1580\" data-end=\"1618\">\n<td data-start=\"1580\" data-end=\"1600\" data-col-size=\"sm\">\u00c7iftle\u015fme Dayan\u0131kl\u0131l\u0131\u011f\u0131<\/td>\n<td data-col-size=\"sm\" data-start=\"1600\" data-end=\"1618\">\u2265 1.000 d\u00f6ng\u00fc<\/td>\n<\/tr>\n<tr data-start=\"1619\" data-end=\"1663\">\n<td data-start=\"1619\" data-end=\"1643\" data-col-size=\"sm\">\u00c7al\u0131\u015fma S\u0131cakl\u0131\u011f\u0131<\/td>\n<td data-col-size=\"sm\" data-start=\"1643\" data-end=\"1663\">-10 \u00b0C ila +70 \u00b0C<\/td>\n<\/tr>\n<tr data-start=\"1664\" data-end=\"1705\">\n<td data-start=\"1664\" data-end=\"1676\" data-col-size=\"sm\">Standartlar<\/td>\n<td data-col-size=\"sm\" data-start=\"1676\" data-end=\"1705\">IEC, TIA-568, RoHS, REACH<\/td>\n<\/tr>\n<\/tbody>\n<\/table>\n<\/div>\n<\/div>\n<hr data-start=\"1707\" data-end=\"1710\" \/>\n<h3 data-start=\"1712\" data-end=\"1751\"><strong data-start=\"1716\" data-end=\"1751\">Ger\u00e7ek Kullan\u0131mda Neler Bekleyebilirsiniz<\/strong><\/h3>\n<p data-start=\"1753\" data-end=\"1803\">At <strong data-start=\"1756\" data-end=\"1766\">850 nm<\/strong>, 50\/125 \u00b5m \u00e7ok modlu fiber destekler:<\/p>\n<ul data-start=\"1805\" data-end=\"1896\">\n<li data-start=\"1805\" data-end=\"1841\">\n<p data-start=\"1807\" data-end=\"1841\"><strong data-start=\"1807\" data-end=\"1841\">300 m'ye kadar 10G Ethernet (OM3)<\/strong><\/p>\n<\/li>\n<li data-start=\"1842\" data-end=\"1896\">\n<p data-start=\"1844\" data-end=\"1896\"><strong data-start=\"1844\" data-end=\"1874\">100-150 m'ye kadar 40G \/ 100G<\/strong> paralel optik kullanarak<\/p>\n<\/li>\n<\/ul>\n<p data-start=\"1898\" data-end=\"1956\">Bu, FC'den LC'ye dubleks kabloyu m\u00fckemmel bir uyum haline getirir:<\/p>\n<ul data-start=\"1958\" data-end=\"2126\">\n<li data-start=\"1958\" data-end=\"2002\">\n<p data-start=\"1960\" data-end=\"2002\"><strong data-start=\"1960\" data-end=\"2002\">Optik test ve \u00f6l\u00e7\u00fcm ekipmanlar\u0131<\/strong><\/p>\n<\/li>\n<li data-start=\"2003\" data-end=\"2029\">\n<p data-start=\"2005\" data-end=\"2029\"><strong data-start=\"2005\" data-end=\"2029\">Veri merkezi yamalama<\/strong><\/p>\n<\/li>\n<li data-start=\"2030\" data-end=\"2060\">\n<p data-start=\"2032\" data-end=\"2060\"><strong data-start=\"2032\" data-end=\"2060\">Kurumsal LAN omurgalar\u0131<\/strong><\/p>\n<\/li>\n<li data-start=\"2061\" data-end=\"2086\">\n<p data-start=\"2063\" data-end=\"2086\"><strong data-start=\"2063\" data-end=\"2086\">End\u00fcstriyel Ethernet<\/strong><\/p>\n<\/li>\n<li data-start=\"2087\" data-end=\"2126\">\n<p data-start=\"2089\" data-end=\"2126\"><strong data-start=\"2089\" data-end=\"2126\">Telekom ve metro eri\u015fim a\u011flar\u0131<\/strong><\/p>\n<\/li>\n<\/ul>\n<hr data-start=\"2128\" data-end=\"2131\" \/>\n<h3 data-start=\"2133\" data-end=\"2166\"><strong data-start=\"2137\" data-end=\"2166\">G\u00fcvenebilece\u011finiz Hassasiyet<\/strong><\/h3>\n<p data-start=\"2168\" data-end=\"2459\">Her FC\/UPC-LC\/UPC-DX patch cord \u015fu \u015fekilde monte edilir <strong data-start=\"2220\" data-end=\"2251\">y\u00fcksek kaliteli seramik y\u00fcks\u00fckler<\/strong>, lazerle hizalanm\u0131\u015f damarlar ve tam otomatik parlatma ve denetim s\u00fcre\u00e7leri. Her kablo <strong data-start=\"2345\" data-end=\"2370\">100% optik olarak test edilmi\u015ftir<\/strong> Her iki fiber kanalda da tutarl\u0131 kay\u0131p ve istikrarl\u0131 performans sa\u011flamak i\u00e7in teslimattan \u00f6nce.<\/p>\n<p data-start=\"2461\" data-end=\"2579\">Sonu\u00e7, ilk g\u00fcn ve y\u0131llar s\u00fcren takma, \u00e7\u0131karma ve yeniden y\u00f6nlendirme i\u015flemlerinden sonra ayn\u0131 \u015fekilde davranan bir fiber jumper'd\u0131r.<\/p>\n<hr data-start=\"2581\" data-end=\"2584\" \/>\n<h2 data-start=\"2586\" data-end=\"2609\"><strong data-start=\"2589\" data-end=\"2609\">Profesyonel Soru-Cevap<\/strong><\/h2>\n<p data-start=\"2611\" data-end=\"2822\"><strong data-start=\"2611\" data-end=\"2661\">S1: Neden FC ve LC konnekt\u00f6rlerini tek bir kabloda kar\u0131\u015ft\u0131r\u0131yorsunuz?<\/strong><br data-start=\"2661\" data-end=\"2664\" \/>Bu izin verir <strong data-start=\"2674\" data-end=\"2733\">eski veya test ekipman\u0131 (FC) aras\u0131nda do\u011frudan ba\u011flant\u0131<\/strong> ve <strong data-start=\"2738\" data-end=\"2778\">modern anahtarlar veya patch paneller (LC)<\/strong> Ekstra kay\u0131plara neden olan adapt\u00f6rler olmadan.<\/p>\n<p data-start=\"2824\" data-end=\"3006\"><strong data-start=\"2824\" data-end=\"2879\">S2: Bu kablo y\u00fcksek h\u0131zl\u0131 a\u011flar i\u00e7in uygun mu?<\/strong><br data-start=\"2879\" data-end=\"2882\" \/>Evet. OM3 s\u0131n\u0131f\u0131 50\/125 fiber ile \u015funlar\u0131 destekler <strong data-start=\"2928\" data-end=\"2950\">10G, 40G ve 100G<\/strong> standart mesafe s\u0131n\u0131rlar\u0131 i\u00e7inde \u00e7ok modlu uygulamalar.<\/p>\n<p data-start=\"3008\" data-end=\"3186\"><strong data-start=\"3008\" data-end=\"3053\">S3: UPC parlatman\u0131n faydas\u0131 nedir?<\/strong><br data-start=\"3053\" data-end=\"3056\" \/>UPC \u015funlar\u0131 sa\u011flar <strong data-start=\"3071\" data-end=\"3098\">p\u00fcr\u00fczs\u00fcz fiziksel temas<\/strong> fiberler aras\u0131nda, ekleme kayb\u0131n\u0131 azalt\u0131r ve geri d\u00f6n\u00fc\u015f kayb\u0131n\u0131 sabit bir seviyede tutar <strong data-start=\"3175\" data-end=\"3185\">\u226530 dB<\/strong>.<\/p>\n<p data-start=\"3188\" data-end=\"3368\"><strong data-start=\"3188\" data-end=\"3227\">S4: Veri merkezlerinde kullan\u0131labilir mi?<\/strong><br data-start=\"3227\" data-end=\"3230\" \/>Kesinlikle. LC ucu y\u00fcksek yo\u011funluklu panellere ve anahtarlara uyarken, FC ucu kolayca <strong data-start=\"3328\" data-end=\"3367\">test setleri, ODF'ler veya eski ekipmanlar<\/strong>.<\/p>","protected":false},"excerpt":{"rendered":"<p data-start=\"65\" data-end=\"445\">Bu <strong data-start=\"69\" data-end=\"96\">FC\/UPC\u2013LC\/UPC-50\/125-DX<\/strong> bir <strong data-start=\"102\" data-end=\"139\">dubleks \u00e7ok modlu fiber ba\u011flant\u0131 kablosu<\/strong> ba\u011flamak i\u00e7in tasarlanm\u0131\u015ft\u0131r <strong data-start=\"160\" data-end=\"189\">alet s\u0131n\u0131f\u0131 FC ba\u011flant\u0131 noktalar\u0131<\/strong> ile <strong data-start=\"195\" data-end=\"225\">y\u00fcksek yo\u011funluklu LC aray\u00fczleri<\/strong> modern a\u011flarda. Birle\u015ftirir <strong data-start=\"262\" data-end=\"312\">FC di\u015fli konnekt\u00f6rlerin mekanik kararl\u0131l\u0131\u011f\u0131<\/strong> ile <strong data-start=\"322\" data-end=\"349\">LC'nin kompakt ayak izi<\/strong>, Bu sayede laboratuvarlar, veri merkezleri, telekom odalar\u0131 ve end\u00fcstriyel optik sistemler i\u00e7in idealdir.<\/p>\n<p data-start=\"447\" data-end=\"613\">\u00dczerine in\u015fa edildi <strong data-start=\"456\" data-end=\"485\">50\/125 \u00b5m \u00e7ok modlu fiber<\/strong>, Bu kablo, g\u00fcn\u00fcm\u00fcz\u00fcn en yayg\u0131n kullan\u0131lan <strong data-start=\"532\" data-end=\"554\">850 nm ve 1300 nm<\/strong> k\u0131sa ve orta menzilli iletim i\u00e7in optik dalga boylar\u0131.<\/p>","protected":false},"featured_media":657,"comment_status":"open","ping_status":"closed","template":"","meta":[],"product_brand":[],"product_cat":[44],"product_tag":[],"class_list":{"0":"post-656","1":"product","2":"type-product","3":"status-publish","4":"has-post-thumbnail","6":"product_cat-multimode-fiber-optic-patch-cord","8":"first","9":"instock","10":"shipping-taxable","11":"product-type-simple"},"_links":{"self":[{"href":"https:\/\/www.fenxifiber.com\/tr\/wp-json\/wp\/v2\/product\/656","targetHints":{"allow":["GET"]}}],"collection":[{"href":"https:\/\/www.fenxifiber.com\/tr\/wp-json\/wp\/v2\/product"}],"about":[{"href":"https:\/\/www.fenxifiber.com\/tr\/wp-json\/wp\/v2\/types\/product"}],"replies":[{"embeddable":true,"href":"https:\/\/www.fenxifiber.com\/tr\/wp-json\/wp\/v2\/comments?post=656"}],"wp:featuredmedia":[{"embeddable":true,"href":"https:\/\/www.fenxifiber.com\/tr\/wp-json\/wp\/v2\/media\/657"}],"wp:attachment":[{"href":"https:\/\/www.fenxifiber.com\/tr\/wp-json\/wp\/v2\/media?parent=656"}],"wp:term":[{"taxonomy":"product_brand","embeddable":true,"href":"https:\/\/www.fenxifiber.com\/tr\/wp-json\/wp\/v2\/product_brand?post=656"},{"taxonomy":"product_cat","embeddable":true,"href":"https:\/\/www.fenxifiber.com\/tr\/wp-json\/wp\/v2\/product_cat?post=656"},{"taxonomy":"product_tag","embeddable":true,"href":"https:\/\/www.fenxifiber.com\/tr\/wp-json\/wp\/v2\/product_tag?post=656"}],"curies":[{"name":"wp","href":"https:\/\/api.w.org\/{rel}","templated":true}]}}