{"id":658,"date":"2026-02-03T05:59:20","date_gmt":"2026-02-03T05:59:20","guid":{"rendered":"https:\/\/www.fenxifiber.com\/?post_type=product&#038;p=658"},"modified":"2026-02-04T01:23:37","modified_gmt":"2026-02-04T01:23:37","slug":"fc-upc-st-upc-50-125-dx","status":"publish","type":"product","link":"https:\/\/www.fenxifiber.com\/tr\/product\/fc-upc-st-upc-50-125-dx\/","title":{"rendered":"FC\/UPC-ST\/UPC-50\/125-DX \u00c7ok Modlu Fiber Optik Yama Kablosu"},"content":{"rendered":"<h3 data-start=\"615\" data-end=\"672\"><strong data-start=\"619\" data-end=\"672\">Zorlu Tesislerde Stabilite i\u00e7in Tasarland\u0131<\/strong><\/h3>\n<p data-start=\"674\" data-end=\"946\">Hem FC hem de ST konnekt\u00f6rleri \u015fu \u00f6zellikleriyle bilinir <strong data-start=\"720\" data-end=\"751\">pozitif kilitleme mekanizmalar\u0131<\/strong>. FC ucunda bir <strong data-start=\"771\" data-end=\"792\">di\u015fli kaplin<\/strong> mikro hareketi \u00f6nlemek i\u00e7in, ST ucu ise bir <strong data-start=\"850\" data-end=\"877\">\u00e7evir ve t\u0131kla s\u00fcng\u00fc<\/strong>, Bu da kabloyu titre\u015fime ve kazara kopmalara kar\u015f\u0131 dayan\u0131kl\u0131 hale getirir.<\/p>\n<p data-start=\"948\" data-end=\"1144\">ile <strong data-start=\"953\" data-end=\"970\">UPC parlatma<\/strong> Her iki u\u00e7ta da, fiber damarlar d\u00fczg\u00fcn fiziksel temas sa\u011flar ve <strong data-start=\"1035\" data-end=\"1080\">ekleme kayb\u0131 d\u00fc\u015f\u00fck ve geri d\u00f6n\u00fc\u015f kayb\u0131 sabit<\/strong>, Bu \u00f6zellikle test ve izleme sistemleri i\u00e7in \u00f6nemlidir.<\/p>\n<hr data-start=\"1146\" data-end=\"1149\" \/>\n<h3 data-start=\"1151\" data-end=\"1176\"><strong data-start=\"1155\" data-end=\"1176\">Teknik Profil<\/strong><\/h3>\n<div class=\"TyagGW_tableContainer\">\n<div class=\"group TyagGW_tableWrapper flex flex-col-reverse w-fit\" tabindex=\"-1\">\n<table class=\"w-fit min-w-(--thread-content-width)\" data-start=\"1178\" data-end=\"1695\">\n<thead data-start=\"1178\" data-end=\"1217\">\n<tr data-start=\"1178\" data-end=\"1217\">\n<th class=\"\" data-start=\"1178\" data-end=\"1190\" data-col-size=\"sm\">Parametre<\/th>\n<th class=\"\" data-start=\"1190\" data-end=\"1217\" data-col-size=\"sm\">FC\/UPC\u2013ST\/UPC-50\/125-DX<\/th>\n<\/tr>\n<\/thead>\n<tbody data-start=\"1246\" data-end=\"1695\">\n<tr data-start=\"1246\" data-end=\"1282\">\n<td data-start=\"1246\" data-end=\"1259\" data-col-size=\"sm\">Elyaf Tipi<\/td>\n<td data-start=\"1259\" data-end=\"1282\" data-col-size=\"sm\">\u00c7ok Modlu 50\/125 \u03bcm<\/td>\n<\/tr>\n<tr data-start=\"1283\" data-end=\"1320\">\n<td data-start=\"1283\" data-end=\"1296\" data-col-size=\"sm\">Fiber Modu<\/td>\n<td data-start=\"1296\" data-end=\"1320\" data-col-size=\"sm\">OM2 \/ OM3 uyumlu<\/td>\n<\/tr>\n<tr data-start=\"1321\" data-end=\"1352\">\n<td data-start=\"1321\" data-end=\"1337\" data-col-size=\"sm\">Konfig\u00fcrasyon<\/td>\n<td data-start=\"1337\" data-end=\"1352\" data-col-size=\"sm\">Dubleks (DX)<\/td>\n<\/tr>\n<tr data-start=\"1353\" data-end=\"1379\">\n<td data-start=\"1353\" data-end=\"1367\" data-col-size=\"sm\">Konekt\u00f6r A<\/td>\n<td data-start=\"1367\" data-end=\"1379\" data-col-size=\"sm\">FC \/ UPC<\/td>\n<\/tr>\n<tr data-start=\"1380\" data-end=\"1406\">\n<td data-start=\"1380\" data-end=\"1394\" data-col-size=\"sm\">Konekt\u00f6r B<\/td>\n<td data-start=\"1394\" data-end=\"1406\" data-col-size=\"sm\">ST \/ UPC<\/td>\n<\/tr>\n<tr data-start=\"1407\" data-end=\"1450\">\n<td data-start=\"1407\" data-end=\"1430\" data-col-size=\"sm\">\u00c7al\u0131\u015fma Dalga Boyu<\/td>\n<td data-start=\"1430\" data-end=\"1450\" data-col-size=\"sm\">850 nm \/ 1300 nm<\/td>\n<\/tr>\n<tr data-start=\"1451\" data-end=\"1481\">\n<td data-start=\"1451\" data-end=\"1468\" data-col-size=\"sm\">Ekleme Kayb\u0131<\/td>\n<td data-start=\"1468\" data-end=\"1481\" data-col-size=\"sm\">\u2264 0,30 dB<\/td>\n<\/tr>\n<tr data-start=\"1482\" data-end=\"1507\">\n<td data-start=\"1482\" data-end=\"1496\" data-col-size=\"sm\">Geri D\u00f6n\u00fc\u015f Kayb\u0131<\/td>\n<td data-start=\"1496\" data-end=\"1507\" data-col-size=\"sm\">\u2265 30 dB<\/td>\n<\/tr>\n<tr data-start=\"1508\" data-end=\"1538\">\n<td data-start=\"1508\" data-end=\"1523\" data-col-size=\"sm\">Kablo Ceketi<\/td>\n<td data-col-size=\"sm\" data-start=\"1523\" data-end=\"1538\">LSZH veya PVC<\/td>\n<\/tr>\n<tr data-start=\"1539\" data-end=\"1569\">\n<td data-start=\"1539\" data-end=\"1558\" data-col-size=\"sm\">\u00c7ekme Dayan\u0131m\u0131<\/td>\n<td data-col-size=\"sm\" data-start=\"1558\" data-end=\"1569\">\u2265 200 N<\/td>\n<\/tr>\n<tr data-start=\"1570\" data-end=\"1608\">\n<td data-start=\"1570\" data-end=\"1583\" data-col-size=\"sm\">Dayan\u0131kl\u0131l\u0131k<\/td>\n<td data-col-size=\"sm\" data-start=\"1583\" data-end=\"1608\">\u2265 1.000 \u00e7iftle\u015fme d\u00f6ng\u00fcs\u00fc<\/td>\n<\/tr>\n<tr data-start=\"1609\" data-end=\"1653\">\n<td data-start=\"1609\" data-end=\"1633\" data-col-size=\"sm\">\u00c7al\u0131\u015fma S\u0131cakl\u0131\u011f\u0131<\/td>\n<td data-col-size=\"sm\" data-start=\"1633\" data-end=\"1653\">-10 \u00b0C ila +70 \u00b0C<\/td>\n<\/tr>\n<tr data-start=\"1654\" data-end=\"1695\">\n<td data-start=\"1654\" data-end=\"1666\" data-col-size=\"sm\">Standartlar<\/td>\n<td data-col-size=\"sm\" data-start=\"1666\" data-end=\"1695\">IEC, TIA-568, RoHS, REACH<\/td>\n<\/tr>\n<\/tbody>\n<\/table>\n<\/div>\n<\/div>\n<hr data-start=\"1697\" data-end=\"1700\" \/>\n<h3 data-start=\"1702\" data-end=\"1732\"><strong data-start=\"1706\" data-end=\"1732\">Ger\u00e7ek D\u00fcnya Performans\u0131<\/strong><\/h3>\n<p data-start=\"1734\" data-end=\"1805\">Kullanma <strong data-start=\"1740\" data-end=\"1769\">50\/125 \u00b5m \u00e7ok modlu fiber<\/strong> at <strong data-start=\"1773\" data-end=\"1783\">850 nm<\/strong>, bu kablo desteklemektedir:<\/p>\n<ul data-start=\"1807\" data-end=\"1894\">\n<li data-start=\"1807\" data-end=\"1843\">\n<p data-start=\"1809\" data-end=\"1843\"><strong data-start=\"1809\" data-end=\"1843\">300 m'ye kadar 10G Ethernet (OM3)<\/strong><\/p>\n<\/li>\n<li data-start=\"1844\" data-end=\"1894\">\n<p data-start=\"1846\" data-end=\"1894\"><strong data-start=\"1846\" data-end=\"1894\">100-150 m'ye kadar 40G ve 100G \u00e7ok modlu ba\u011flant\u0131lar<\/strong><\/p>\n<\/li>\n<\/ul>\n<p data-start=\"1896\" data-end=\"1923\">Bu, onu a\u015fa\u011f\u0131dakiler i\u00e7in uygun hale getirir:<\/p>\n<ul data-start=\"1925\" data-end=\"2094\">\n<li data-start=\"1925\" data-end=\"1959\">\n<p data-start=\"1927\" data-end=\"1959\"><strong data-start=\"1927\" data-end=\"1959\">End\u00fcstriyel Ethernet a\u011flar\u0131<\/strong><\/p>\n<\/li>\n<li data-start=\"1960\" data-end=\"1995\">\n<p data-start=\"1962\" data-end=\"1995\"><strong data-start=\"1962\" data-end=\"1995\">Kamp\u00fcs ve bina omurgalar\u0131<\/strong><\/p>\n<\/li>\n<li data-start=\"1996\" data-end=\"2022\">\n<p data-start=\"1998\" data-end=\"2022\"><strong data-start=\"1998\" data-end=\"2022\">Fiber test cihazlar\u0131<\/strong><\/p>\n<\/li>\n<li data-start=\"2023\" data-end=\"2056\">\n<p data-start=\"2025\" data-end=\"2056\"><strong data-start=\"2025\" data-end=\"2056\">Optik da\u011f\u0131t\u0131m \u00e7er\u00e7eveleri<\/strong><\/p>\n<\/li>\n<li data-start=\"2057\" data-end=\"2094\">\n<p data-start=\"2059\" data-end=\"2094\"><strong data-start=\"2059\" data-end=\"2094\">G\u00fcvenlik ve izleme sistemleri<\/strong><\/p>\n<\/li>\n<\/ul>\n<hr data-start=\"2096\" data-end=\"2099\" \/>\n<h3 data-start=\"2101\" data-end=\"2140\"><strong data-start=\"2105\" data-end=\"2140\">Uzun Vadeli G\u00fcvenilirlik i\u00e7in \u00dcretildi<\/strong><\/h3>\n<p data-start=\"2142\" data-end=\"2442\">Her yama kablosu a\u015fa\u011f\u0131dakilerle birle\u015ftirilmi\u015ftir <strong data-start=\"2176\" data-end=\"2211\">y\u00fcksek hassasiyetli seramik y\u00fcks\u00fckler<\/strong> ve otomatik interferometri ve ekleme kayb\u0131 testi kullan\u0131larak denetlenir. Bu \u015funlar\u0131 sa\u011flar <strong data-start=\"2298\" data-end=\"2330\">tutarl\u0131 optik hizalama<\/strong> ve <strong data-start=\"2335\" data-end=\"2361\">tekrarlanabilir performans<\/strong> Y\u00fcksek trafikli yama ortamlar\u0131nda bile binlerce ba\u011flant\u0131 d\u00f6ng\u00fcs\u00fc boyunca.<\/p>\n<p data-start=\"2444\" data-end=\"2597\">Bu <strong data-start=\"2448\" data-end=\"2470\">LSZH ceket se\u00e7ene\u011fi<\/strong> veri merkezlerindeki ve kamu binalar\u0131ndaki kurulumlar\u0131 da destekler. <strong data-start=\"2545\" data-end=\"2583\">yang\u0131n g\u00fcvenli\u011fi ve d\u00fc\u015f\u00fck duman emisyonu<\/strong> gerekli.<\/p>\n<hr data-start=\"2599\" data-end=\"2602\" \/>\n<h2 data-start=\"2604\" data-end=\"2627\"><strong data-start=\"2607\" data-end=\"2627\">Profesyonel Soru-Cevap<\/strong><\/h2>\n<p data-start=\"2629\" data-end=\"2828\"><strong data-start=\"2629\" data-end=\"2693\">S1: FC ve ST konnekt\u00f6rlerini end\u00fcstriyel kullan\u0131m i\u00e7in iyi yapan nedir?<\/strong><br data-start=\"2693\" data-end=\"2696\" \/>Her ikisi de <strong data-start=\"2705\" data-end=\"2727\">ki\u0307li\u0307tleme mekani\u0307zmalari<\/strong> titre\u015fime ve kazara fi\u015ften \u00e7ekilmeye kar\u015f\u0131 dayan\u0131kl\u0131d\u0131r, bu da onlar\u0131 zorlu veya aktif ortamlar i\u00e7in ideal hale getirir.<\/p>\n<p data-start=\"2830\" data-end=\"2968\"><strong data-start=\"2830\" data-end=\"2878\">S2: Bu kablo 10G Ethernet i\u00e7in uygun mu?<\/strong><br data-start=\"2878\" data-end=\"2881\" \/>Evet. OM3 s\u0131n\u0131f\u0131 50\/125 fiber ile \u015funlar\u0131 destekler <strong data-start=\"2927\" data-end=\"2957\">300 metreye kadar 10G ba\u011flant\u0131lar<\/strong> 850 nm'de.<\/p>\n<p data-start=\"2970\" data-end=\"3149\"><strong data-start=\"2970\" data-end=\"3023\">S3: Bu kablo test cihazlar\u0131 ile kullan\u0131labilir mi?<\/strong><br data-start=\"3023\" data-end=\"3026\" \/>Kesinlikle. FC konnekt\u00f6rleri <strong data-start=\"3066\" data-end=\"3100\">OTDR'ler ve optik g\u00fc\u00e7 \u00f6l\u00e7erler<\/strong>, ST ise da\u011f\u0131t\u0131m \u00e7er\u00e7evelerinde yayg\u0131n olarak kullan\u0131lmaktad\u0131r.<\/p>\n<p data-start=\"3151\" data-end=\"3342\"><strong data-start=\"3151\" data-end=\"3200\">S4: UPC parlatma sinyal kalitesini etkiler mi?<\/strong><br data-start=\"3200\" data-end=\"3203\" \/>Evet. UPC \u015funlar\u0131 sa\u011flar <strong data-start=\"3221\" data-end=\"3275\">d\u00fc\u015f\u00fck ekleme kayb\u0131 ve sabit geri d\u00f6n\u00fc\u015f kayb\u0131 (\u226530 dB)<\/strong>, Bu da \u00f6l\u00e7\u00fcm do\u011frulu\u011funu ve iletim g\u00fcvenilirli\u011fini art\u0131r\u0131r.<\/p>","protected":false},"excerpt":{"rendered":"<p data-start=\"65\" data-end=\"432\">Bu <strong data-start=\"69\" data-end=\"96\">FC\/UPC\u2013ST\/UPC-50\/125-DX<\/strong> sa\u011flam bir <strong data-start=\"109\" data-end=\"146\">dubleks \u00e7ok modlu fiber ba\u011flant\u0131 kablosu<\/strong> ortamlar i\u00e7in yarat\u0131lm\u0131\u015ft\u0131r. <strong data-start=\"178\" data-end=\"242\">g\u00fcvenli kilitleme, sinyal kararl\u0131l\u0131\u011f\u0131 ve mekanik g\u00fcvenilirlik<\/strong> \u00f6nemli. Bu ba\u011flant\u0131lar <strong data-start=\"260\" data-end=\"281\">FC i\u015f par\u00e7ac\u0131kl\u0131 ba\u011flant\u0131 noktalar\u0131<\/strong> i\u00e7in <strong data-start=\"285\" data-end=\"316\">ST bayonet tarz\u0131 konnekt\u00f6rler<\/strong>, i\u00e7in pratik bir \u00e7\u00f6z\u00fcm haline getirir. <strong data-start=\"353\" data-end=\"431\">telekom odalar\u0131, end\u00fcstriyel a\u011flar, laboratuvarlar ve kamp\u00fcs fiber sistemleri<\/strong>.<\/p>\n<p data-start=\"434\" data-end=\"608\">\u0130le in\u015fa edilmi\u015ftir <strong data-start=\"445\" data-end=\"474\">50\/125 \u03bcm \u00e7ok modlu fiber<\/strong>, i\u00e7in optimize edilmi\u015ftir, bu yama kablosu <strong data-start=\"509\" data-end=\"531\">850 nm ve 1300 nm<\/strong> dalga boylar\u0131 - k\u0131sa menzilli ve orta menzilli optik ileti\u015fimin omurgas\u0131.<\/p>","protected":false},"featured_media":659,"comment_status":"open","ping_status":"closed","template":"","meta":[],"product_brand":[],"product_cat":[44],"product_tag":[],"class_list":{"0":"post-658","1":"product","2":"type-product","3":"status-publish","4":"has-post-thumbnail","6":"product_cat-multimode-fiber-optic-patch-cord","8":"first","9":"instock","10":"shipping-taxable","11":"product-type-simple"},"_links":{"self":[{"href":"https:\/\/www.fenxifiber.com\/tr\/wp-json\/wp\/v2\/product\/658","targetHints":{"allow":["GET"]}}],"collection":[{"href":"https:\/\/www.fenxifiber.com\/tr\/wp-json\/wp\/v2\/product"}],"about":[{"href":"https:\/\/www.fenxifiber.com\/tr\/wp-json\/wp\/v2\/types\/product"}],"replies":[{"embeddable":true,"href":"https:\/\/www.fenxifiber.com\/tr\/wp-json\/wp\/v2\/comments?post=658"}],"wp:featuredmedia":[{"embeddable":true,"href":"https:\/\/www.fenxifiber.com\/tr\/wp-json\/wp\/v2\/media\/659"}],"wp:attachment":[{"href":"https:\/\/www.fenxifiber.com\/tr\/wp-json\/wp\/v2\/media?parent=658"}],"wp:term":[{"taxonomy":"product_brand","embeddable":true,"href":"https:\/\/www.fenxifiber.com\/tr\/wp-json\/wp\/v2\/product_brand?post=658"},{"taxonomy":"product_cat","embeddable":true,"href":"https:\/\/www.fenxifiber.com\/tr\/wp-json\/wp\/v2\/product_cat?post=658"},{"taxonomy":"product_tag","embeddable":true,"href":"https:\/\/www.fenxifiber.com\/tr\/wp-json\/wp\/v2\/product_tag?post=658"}],"curies":[{"name":"wp","href":"https:\/\/api.w.org\/{rel}","templated":true}]}}