{"id":660,"date":"2026-02-03T06:02:31","date_gmt":"2026-02-03T06:02:31","guid":{"rendered":"https:\/\/www.fenxifiber.com\/?post_type=product&#038;p=660"},"modified":"2026-02-04T01:25:04","modified_gmt":"2026-02-04T01:25:04","slug":"lc-upc-lc-upc-50-125-dx","status":"publish","type":"product","link":"https:\/\/www.fenxifiber.com\/tr\/product\/lc-upc-lc-upc-50-125-dx\/","title":{"rendered":"LC\/UPC-LC\/UPC-50\/125-DX Y\u00fcksek Yo\u011funluklu \u00c7ok Modlu \u00c7ift Y\u00f6nl\u00fc Yama Kablosu"},"content":{"rendered":"<h2 data-start=\"731\" data-end=\"755\">Performans anl\u0131k g\u00f6r\u00fcnt\u00fcs\u00fc<\/h2>\n<div class=\"TyagGW_tableContainer\">\n<div class=\"group TyagGW_tableWrapper flex flex-col-reverse w-fit\" tabindex=\"-1\">\n<table class=\"w-fit min-w-(--thread-content-width)\" data-start=\"757\" data-end=\"992\">\n<thead data-start=\"757\" data-end=\"773\">\n<tr data-start=\"757\" data-end=\"773\">\n<th class=\"\" data-start=\"757\" data-end=\"764\" data-col-size=\"sm\">\u00d6\u011fe<\/th>\n<th class=\"\" data-start=\"764\" data-end=\"773\" data-col-size=\"sm\">De\u011fer<\/th>\n<\/tr>\n<\/thead>\n<tbody data-start=\"791\" data-end=\"992\">\n<tr data-start=\"791\" data-end=\"834\">\n<td data-start=\"791\" data-end=\"799\" data-col-size=\"sm\">Elyaf<\/td>\n<td data-col-size=\"sm\" data-start=\"799\" data-end=\"834\">50\/125 \u00b5m \u00c7ok Modlu (OM2 \/ OM3)<\/td>\n<\/tr>\n<tr data-start=\"835\" data-end=\"867\">\n<td data-start=\"835\" data-end=\"848\" data-col-size=\"sm\">Konekt\u00f6rler<\/td>\n<td data-col-size=\"sm\" data-start=\"848\" data-end=\"867\">LC\/UPC \u2194 LC\/UPC<\/td>\n<\/tr>\n<tr data-start=\"868\" data-end=\"898\">\n<td data-start=\"868\" data-end=\"885\" data-col-size=\"sm\">Ekleme kayb\u0131<\/td>\n<td data-col-size=\"sm\" data-start=\"885\" data-end=\"898\">\u2264 0,30 dB<\/td>\n<\/tr>\n<tr data-start=\"899\" data-end=\"924\">\n<td data-start=\"899\" data-end=\"913\" data-col-size=\"sm\">Geri d\u00f6n\u00fc\u015f kayb\u0131<\/td>\n<td data-col-size=\"sm\" data-start=\"913\" data-end=\"924\">\u2265 30 dB<\/td>\n<\/tr>\n<tr data-start=\"925\" data-end=\"958\">\n<td data-start=\"925\" data-end=\"938\" data-col-size=\"sm\">Dalga boyu<\/td>\n<td data-col-size=\"sm\" data-start=\"938\" data-end=\"958\">850 nm \/ 1300 nm<\/td>\n<\/tr>\n<tr data-start=\"959\" data-end=\"992\">\n<td data-start=\"959\" data-end=\"971\" data-col-size=\"sm\">10G Eri\u015fim<\/td>\n<td data-col-size=\"sm\" data-start=\"971\" data-end=\"992\">300 m'ye kadar (OM3)<\/td>\n<\/tr>\n<\/tbody>\n<\/table>\n<\/div>\n<\/div>\n<p data-start=\"994\" data-end=\"1076\"><strong data-start=\"994\" data-end=\"1009\">Tipik kullan\u0131m<\/strong>: anahtardan anahtara yama, sunucu NIC'leri, y\u00fcksek yo\u011funluklu fiber tepsiler.<\/p>\n<hr data-start=\"1078\" data-end=\"1081\" \/>\n<h2 data-start=\"1083\" data-end=\"1113\"><strong data-start=\"1086\" data-end=\"1113\">SC\/UPC\u2013FC\/UPC-50\/125-DX<\/strong><\/h2>\n<h3 data-start=\"1114\" data-end=\"1153\"><em data-start=\"1118\" data-end=\"1153\">End\u00fcstriyel s\u0131n\u0131f \u00e7ok modlu jumper<\/em><\/h3>\n<p data-start=\"1155\" data-end=\"1429\">Bu <strong data-start=\"1159\" data-end=\"1186\">SC\/UPC\u2013FC\/UPC-50\/125-DX<\/strong> ortamlar i\u00e7in yap\u0131lm\u0131\u015ft\u0131r. <strong data-start=\"1218\" data-end=\"1275\">konnekt\u00f6r kararl\u0131l\u0131\u011f\u0131 sinyal kalitesi kadar \u00f6nemlidir<\/strong>. Bu <strong data-start=\"1281\" data-end=\"1292\">SC taraf\u0131<\/strong> patch panellerde h\u0131zl\u0131 push-pull ba\u011flant\u0131lar\u0131na izin verirken <strong data-start=\"1355\" data-end=\"1366\">FC taraf\u0131<\/strong> di\u015fli bir metal y\u00fcks\u00fck kullanarak aletlere veya ODF'lere kilitlenir.<\/p>\n<p data-start=\"1431\" data-end=\"1591\">Bu hibrit tasar\u0131m \u015fu alanlarda yayg\u0131nd\u0131r <strong data-start=\"1463\" data-end=\"1527\">telekom odalar\u0131, laboratuvarlar ve end\u00fcstriyel kontrol a\u011flar\u0131<\/strong> ekipman titre\u015fiminin veya tekrarlanan yeniden ba\u011flant\u0131n\u0131n beklendi\u011fi yerlerde.<\/p>\n<p data-start=\"1593\" data-end=\"1618\"><strong data-start=\"1593\" data-end=\"1618\">Bu kablo neden var?<\/strong><\/p>\n<ul data-start=\"1620\" data-end=\"1760\">\n<li data-start=\"1620\" data-end=\"1669\">\n<p data-start=\"1622\" data-end=\"1669\">FC \u00f6l\u00e7\u00fcm s\u0131ras\u0131nda mikro hareketleri \u00f6nler<\/p>\n<\/li>\n<li data-start=\"1670\" data-end=\"1707\">\n<p data-start=\"1672\" data-end=\"1707\">SC, patch-panel y\u00f6nlendirmesini h\u0131zl\u0131 hale getirir<\/p>\n<\/li>\n<li data-start=\"1708\" data-end=\"1760\">\n<p data-start=\"1710\" data-end=\"1760\">50\/125 multimode k\u0131sa ba\u011flant\u0131lar i\u00e7in maliyetleri d\u00fc\u015f\u00fck tutar<\/p>\n<\/li>\n<\/ul>\n<p data-start=\"1762\" data-end=\"1778\"><strong data-start=\"1762\" data-end=\"1778\">Optik veriler<\/strong><\/p>\n<div class=\"TyagGW_tableContainer\">\n<div class=\"group TyagGW_tableWrapper flex flex-col-reverse w-fit\" tabindex=\"-1\">\n<table class=\"w-fit min-w-(--thread-content-width)\" data-start=\"1780\" data-end=\"1938\">\n<thead data-start=\"1780\" data-end=\"1800\">\n<tr data-start=\"1780\" data-end=\"1800\">\n<th class=\"\" data-start=\"1780\" data-end=\"1792\" data-col-size=\"sm\">Parametre<\/th>\n<th class=\"\" data-start=\"1792\" data-end=\"1800\" data-col-size=\"sm\">Spesifik<\/th>\n<\/tr>\n<\/thead>\n<tbody data-start=\"1819\" data-end=\"1938\">\n<tr data-start=\"1819\" data-end=\"1843\">\n<td data-start=\"1819\" data-end=\"1827\" data-col-size=\"sm\">Elyaf<\/td>\n<td data-start=\"1827\" data-end=\"1843\" data-col-size=\"sm\">50\/125 \u00b5m MM<\/td>\n<\/tr>\n<tr data-start=\"1844\" data-end=\"1861\">\n<td data-start=\"1844\" data-end=\"1849\" data-col-size=\"sm\">IL<\/td>\n<td data-start=\"1849\" data-end=\"1861\" data-col-size=\"sm\">\u22640,30 dB<\/td>\n<\/tr>\n<tr data-start=\"1862\" data-end=\"1877\">\n<td data-start=\"1862\" data-end=\"1867\" data-col-size=\"sm\">RL<\/td>\n<td data-start=\"1867\" data-end=\"1877\" data-col-size=\"sm\">\u226530 dB<\/td>\n<\/tr>\n<tr data-start=\"1878\" data-end=\"1907\">\n<td data-start=\"1878\" data-end=\"1891\" data-col-size=\"sm\">Veri h\u0131zlar\u0131<\/td>\n<td data-col-size=\"sm\" data-start=\"1891\" data-end=\"1907\">1G, 10G, 40G<\/td>\n<\/tr>\n<tr data-start=\"1908\" data-end=\"1938\">\n<td data-start=\"1908\" data-end=\"1921\" data-col-size=\"sm\">Dalga boyu<\/td>\n<td data-col-size=\"sm\" data-start=\"1921\" data-end=\"1938\">850 \/ 1300 nm<\/td>\n<\/tr>\n<\/tbody>\n<\/table>\n<\/div>\n<\/div>","protected":false},"excerpt":{"rendered":"<p data-start=\"243\" data-end=\"570\">Modern veri merkezleri ve kurumsal a\u011flar i\u00e7in tasarlanan <strong data-start=\"305\" data-end=\"332\">LC\/UPC\u2013LC\/UPC-50\/125-DX<\/strong> bir <strong data-start=\"338\" data-end=\"379\">kompakt dubleks \u00e7ok modlu fiber jumper<\/strong> de\u011ferli raf alan\u0131ndan tasarruf sa\u011flarken y\u00fcksek bant geni\u015fli\u011fi sunar. \u0130le <strong data-start=\"448\" data-end=\"478\">Her iki u\u00e7ta LC konekt\u00f6rler<\/strong>, direkt olarak <strong data-start=\"503\" data-end=\"541\">SFP, SFP+ ve QSFP koparma ba\u011flant\u0131 noktalar\u0131<\/strong>, B\u00f6ylece hantal adapt\u00f6rler ortadan kalkar.<\/p>\n<p data-start=\"572\" data-end=\"729\">Kullanma <strong data-start=\"578\" data-end=\"607\">50\/125 \u00b5m \u00e7ok modlu fiber<\/strong>, bu kablo \u015funlar\u0131 destekler <strong data-start=\"629\" data-end=\"658\">850 nm VCSEL tabanl\u0131 optikler<\/strong>, Bug\u00fcn\u00fcn d\u00fcnyas\u0131na hakim olan <strong data-start=\"683\" data-end=\"710\">10G, 25G, 40G ve 100G<\/strong> k\u0131sa eri\u015fimli ba\u011flant\u0131lar.<\/p>","protected":false},"featured_media":662,"comment_status":"open","ping_status":"closed","template":"","meta":[],"product_brand":[],"product_cat":[44],"product_tag":[],"class_list":{"0":"post-660","1":"product","2":"type-product","3":"status-publish","4":"has-post-thumbnail","6":"product_cat-multimode-fiber-optic-patch-cord","8":"first","9":"instock","10":"shipping-taxable","11":"product-type-simple"},"_links":{"self":[{"href":"https:\/\/www.fenxifiber.com\/tr\/wp-json\/wp\/v2\/product\/660","targetHints":{"allow":["GET"]}}],"collection":[{"href":"https:\/\/www.fenxifiber.com\/tr\/wp-json\/wp\/v2\/product"}],"about":[{"href":"https:\/\/www.fenxifiber.com\/tr\/wp-json\/wp\/v2\/types\/product"}],"replies":[{"embeddable":true,"href":"https:\/\/www.fenxifiber.com\/tr\/wp-json\/wp\/v2\/comments?post=660"}],"wp:featuredmedia":[{"embeddable":true,"href":"https:\/\/www.fenxifiber.com\/tr\/wp-json\/wp\/v2\/media\/662"}],"wp:attachment":[{"href":"https:\/\/www.fenxifiber.com\/tr\/wp-json\/wp\/v2\/media?parent=660"}],"wp:term":[{"taxonomy":"product_brand","embeddable":true,"href":"https:\/\/www.fenxifiber.com\/tr\/wp-json\/wp\/v2\/product_brand?post=660"},{"taxonomy":"product_cat","embeddable":true,"href":"https:\/\/www.fenxifiber.com\/tr\/wp-json\/wp\/v2\/product_cat?post=660"},{"taxonomy":"product_tag","embeddable":true,"href":"https:\/\/www.fenxifiber.com\/tr\/wp-json\/wp\/v2\/product_tag?post=660"}],"curies":[{"name":"wp","href":"https:\/\/api.w.org\/{rel}","templated":true}]}}