{"id":663,"date":"2026-02-03T06:05:05","date_gmt":"2026-02-03T06:05:05","guid":{"rendered":"https:\/\/www.fenxifiber.com\/?post_type=product&#038;p=663"},"modified":"2026-02-04T01:25:30","modified_gmt":"2026-02-04T01:25:30","slug":"sc-upc-fc-upc-50-125-dx","status":"publish","type":"product","link":"https:\/\/www.fenxifiber.com\/tr\/product\/sc-upc-fc-upc-50-125-dx\/","title":{"rendered":"SC\/UPC-LC\/UPC-62.5\/125-DX Modern LC sistemlerine eski \u00e7ok modlu"},"content":{"rendered":"<p data-start=\"2356\" data-end=\"2386\"><strong data-start=\"2356\" data-end=\"2386\">62,5\/125 neden hala \u00f6nemli?<\/strong><\/p>\n<p data-start=\"2388\" data-end=\"2464\">Bug\u00fcn bile, bir\u00e7ok bina hala <strong data-start=\"2425\" data-end=\"2440\">OM1 kablolama<\/strong>. 850 nm'de destekler:<\/p>\n<ul data-start=\"2466\" data-end=\"2526\">\n<li data-start=\"2466\" data-end=\"2495\">\n<p data-start=\"2468\" data-end=\"2495\"><strong data-start=\"2468\" data-end=\"2495\">275 m'ye kadar 1G Ethernet<\/strong><\/p>\n<\/li>\n<li data-start=\"2496\" data-end=\"2526\">\n<p data-start=\"2498\" data-end=\"2526\"><strong data-start=\"2498\" data-end=\"2526\">2 km'ye kadar H\u0131zl\u0131 Ethernet<\/strong><\/p>\n<\/li>\n<\/ul>\n<p data-start=\"2528\" data-end=\"2624\">Bu yama kablosu, bu sistemlerin a\u015fa\u011f\u0131dakilerle \u00e7al\u0131\u015fmaya devam etmesini sa\u011flar <strong data-start=\"2587\" data-end=\"2623\">modern anahtarlar ve al\u0131c\u0131-vericiler<\/strong>.<\/p>\n<hr data-start=\"2626\" data-end=\"2629\" \/>\n<h2 data-start=\"2631\" data-end=\"2663\"><strong data-start=\"2634\" data-end=\"2663\">SC\/UPC\u2013SC\/UPC-62.5\/125-DX<\/strong><\/h2>\n<h3 data-start=\"2664\" data-end=\"2719\"><em data-start=\"2668\" data-end=\"2719\">Klasik fiber a\u011flar i\u00e7in g\u00fcvenilir \u00e7ift y\u00f6nl\u00fc jumper<\/em><\/h3>\n<p data-start=\"2721\" data-end=\"3021\">Bu <strong data-start=\"2725\" data-end=\"2754\">SC\/UPC\u2013SC\/UPC-62.5\/125-DX<\/strong> geleneksel bir <strong data-start=\"2772\" data-end=\"2803\">\u00e7ok modlu dubleks yama kablosu<\/strong> yayg\u0131n olarak kullan\u0131lan <strong data-start=\"2819\" data-end=\"2875\">eski LAN'lar, CCTV fiber ba\u011flant\u0131lar\u0131 ve bina omurgalar\u0131<\/strong>. B\u00fcy\u00fck \u00e7ekirdekli <strong data-start=\"2892\" data-end=\"2909\">62,5 \u00b5m fiber<\/strong> sa\u011flar <strong data-start=\"2919\" data-end=\"2974\">hizalama ve konekt\u00f6r a\u015f\u0131nmas\u0131na kar\u015f\u0131 m\u00fckemmel tolerans<\/strong>, Bu da onu uzun s\u00fcreli kurulumlarda pop\u00fcler hale getirir.<\/p>\n<p data-start=\"3023\" data-end=\"3156\">SC konekt\u00f6rler \u015funlar\u0131 sunar <strong data-start=\"3043\" data-end=\"3073\">sa\u011flam, kareye oturan hizalama<\/strong>, Bu da bu kablonun kullan\u0131m\u0131n\u0131 \u00f6zellikle kolayla\u015ft\u0131r\u0131r <strong data-start=\"3122\" data-end=\"3155\">fiber paneller ve duvar prizleri<\/strong>.<\/p>\n<p data-start=\"3158\" data-end=\"3181\"><strong data-start=\"3158\" data-end=\"3181\">Temel \u00f6zellikler<\/strong><\/p>\n<div class=\"TyagGW_tableContainer\">\n<div class=\"group TyagGW_tableWrapper flex flex-col-reverse w-fit\" tabindex=\"-1\">\n<table class=\"w-fit min-w-(--thread-content-width)\" data-start=\"3183\" data-end=\"3362\">\n<thead data-start=\"3183\" data-end=\"3199\">\n<tr data-start=\"3183\" data-end=\"3199\">\n<th class=\"\" data-start=\"3183\" data-end=\"3190\" data-col-size=\"sm\">\u00d6\u011fe<\/th>\n<th class=\"\" data-start=\"3190\" data-end=\"3199\" data-col-size=\"sm\">De\u011fer<\/th>\n<\/tr>\n<\/thead>\n<tbody data-start=\"3216\" data-end=\"3362\">\n<tr data-start=\"3216\" data-end=\"3243\">\n<td data-start=\"3216\" data-end=\"3224\" data-col-size=\"sm\">Elyaf<\/td>\n<td data-start=\"3224\" data-end=\"3243\" data-col-size=\"sm\">62,5\/125 \u00b5m OM1<\/td>\n<\/tr>\n<tr data-start=\"3244\" data-end=\"3276\">\n<td data-start=\"3244\" data-end=\"3257\" data-col-size=\"sm\">Konekt\u00f6rler<\/td>\n<td data-start=\"3257\" data-end=\"3276\" data-col-size=\"sm\">SC\/UPC \u2194 SC\/UPC<\/td>\n<\/tr>\n<tr data-start=\"3277\" data-end=\"3306\">\n<td data-start=\"3277\" data-end=\"3294\" data-col-size=\"sm\">Ekleme kayb\u0131<\/td>\n<td data-start=\"3294\" data-end=\"3306\" data-col-size=\"sm\">\u22640,30 dB<\/td>\n<\/tr>\n<tr data-start=\"3307\" data-end=\"3331\">\n<td data-start=\"3307\" data-end=\"3321\" data-col-size=\"sm\">Geri d\u00f6n\u00fc\u015f kayb\u0131<\/td>\n<td data-start=\"3321\" data-end=\"3331\" data-col-size=\"sm\">\u226530 dB<\/td>\n<\/tr>\n<tr data-start=\"3332\" data-end=\"3362\">\n<td data-start=\"3332\" data-end=\"3345\" data-col-size=\"sm\">Dayan\u0131kl\u0131l\u0131k<\/td>\n<td data-col-size=\"sm\" data-start=\"3345\" data-end=\"3362\">&gt;1000'den fazla \u00e7iftle\u015fme<\/td>\n<\/tr>\n<\/tbody>\n<\/table>\n<\/div>\n<\/div>\n<hr data-start=\"3364\" data-end=\"3367\" \/>\n<h2 data-start=\"3369\" data-end=\"3392\"><strong data-start=\"3372\" data-end=\"3392\">Profesyonel Soru-Cevap<\/strong><\/h2>\n<p data-start=\"3394\" data-end=\"3549\"><strong data-start=\"3394\" data-end=\"3439\">S1: 50\/125 vs 62,5\/125 - hangisi daha iyi?<\/strong><br data-start=\"3439\" data-end=\"3442\" \/>50\/125 destekler <strong data-start=\"3458\" data-end=\"3483\">\u00e7ok daha y\u00fcksek bant geni\u015fli\u011fi<\/strong> (10G-100G), 62.5\/125 ise a\u011f\u0131rl\u0131kl\u0131 olarak <strong data-start=\"3529\" data-end=\"3548\">eski\u0307 a\u011flar<\/strong>.<\/p>\n<p data-start=\"3551\" data-end=\"3666\"><strong data-start=\"3551\" data-end=\"3591\">S2: SC ve LC'yi tek bir ba\u011flant\u0131da kar\u0131\u015ft\u0131rabilir miyim?<\/strong><br data-start=\"3591\" data-end=\"3594\" \/>Evet - hibrit kablolar tam olarak b\u00f6yle <strong data-start=\"3639\" data-end=\"3648\">SC-LC<\/strong> i\u00e7in tasarlanm\u0131\u015ft\u0131r.<\/p>\n<p data-start=\"3668\" data-end=\"3794\"><strong data-start=\"3668\" data-end=\"3706\">S3: Bunlar 10G Ethernet'i destekliyor mu?<\/strong><br data-start=\"3706\" data-end=\"3709\" \/>50\/125 (OM3) destekler <strong data-start=\"3731\" data-end=\"3750\">300 m'ye kadar 10G<\/strong>.<br data-start=\"3751\" data-end=\"3754\" \/>62.5\/125 tipik olarak a\u015fa\u011f\u0131dakilerle s\u0131n\u0131rl\u0131d\u0131r <strong data-start=\"3787\" data-end=\"3793\">1G<\/strong>.<\/p>\n<p data-start=\"3796\" data-end=\"3915\"><strong data-start=\"3796\" data-end=\"3829\">S4: Bunlar fabrikada test edildi mi?<\/strong><br data-start=\"3829\" data-end=\"3832\" \/>Evet. T\u00fcm modeller <strong data-start=\"3852\" data-end=\"3898\">100% ekleme kayb\u0131 ve geri d\u00f6n\u00fc\u015f kayb\u0131 test edildi<\/strong> sevkiyattan \u00f6nce.<\/p>","protected":false},"excerpt":{"rendered":"<p data-start=\"2023\" data-end=\"2217\">Bu <strong data-start=\"2027\" data-end=\"2056\">SC\/UPC\u2013LC\/UPC-62.5\/125-DX<\/strong> i\u00e7in \u00f6zel olarak \u00fcretilmi\u015ftir <strong data-start=\"2083\" data-end=\"2113\">eski fiber altyap\u0131<\/strong> hala kullanan <strong data-start=\"2130\" data-end=\"2163\">62,5 \u00b5m \u00e7ok modlu fiber (OM1)<\/strong> ancak \u015fu adrese ba\u011flanmas\u0131 gerekir <strong data-start=\"2188\" data-end=\"2216\">daha yeni LC tabanl\u0131 ekipman<\/strong>.<\/p>\n<p data-start=\"2219\" data-end=\"2354\">Bu, onu a\u015fa\u011f\u0131dakiler i\u00e7in ideal k\u0131lar <strong data-start=\"2243\" data-end=\"2302\">kamp\u00fcs a\u011flar\u0131, fabrika tesisleri ve bina omurgalar\u0131<\/strong> Kurulu fiberin de\u011fi\u015ftirilmesinin pahal\u0131 olaca\u011f\u0131 yerlerde.<\/p>","protected":false},"featured_media":664,"comment_status":"open","ping_status":"closed","template":"","meta":[],"product_brand":[],"product_cat":[44],"product_tag":[],"class_list":{"0":"post-663","1":"product","2":"type-product","3":"status-publish","4":"has-post-thumbnail","6":"product_cat-multimode-fiber-optic-patch-cord","8":"first","9":"instock","10":"shipping-taxable","11":"product-type-simple"},"_links":{"self":[{"href":"https:\/\/www.fenxifiber.com\/tr\/wp-json\/wp\/v2\/product\/663","targetHints":{"allow":["GET"]}}],"collection":[{"href":"https:\/\/www.fenxifiber.com\/tr\/wp-json\/wp\/v2\/product"}],"about":[{"href":"https:\/\/www.fenxifiber.com\/tr\/wp-json\/wp\/v2\/types\/product"}],"replies":[{"embeddable":true,"href":"https:\/\/www.fenxifiber.com\/tr\/wp-json\/wp\/v2\/comments?post=663"}],"wp:featuredmedia":[{"embeddable":true,"href":"https:\/\/www.fenxifiber.com\/tr\/wp-json\/wp\/v2\/media\/664"}],"wp:attachment":[{"href":"https:\/\/www.fenxifiber.com\/tr\/wp-json\/wp\/v2\/media?parent=663"}],"wp:term":[{"taxonomy":"product_brand","embeddable":true,"href":"https:\/\/www.fenxifiber.com\/tr\/wp-json\/wp\/v2\/product_brand?post=663"},{"taxonomy":"product_cat","embeddable":true,"href":"https:\/\/www.fenxifiber.com\/tr\/wp-json\/wp\/v2\/product_cat?post=663"},{"taxonomy":"product_tag","embeddable":true,"href":"https:\/\/www.fenxifiber.com\/tr\/wp-json\/wp\/v2\/product_tag?post=663"}],"curies":[{"name":"wp","href":"https:\/\/api.w.org\/{rel}","templated":true}]}}