{"id":665,"date":"2026-02-03T06:10:32","date_gmt":"2026-02-03T06:10:32","guid":{"rendered":"https:\/\/www.fenxifiber.com\/?post_type=product&#038;p=665"},"modified":"2026-02-04T01:26:59","modified_gmt":"2026-02-04T01:26:59","slug":"sc-upc-lc-upc-62-5-125-dx","status":"publish","type":"product","link":"https:\/\/www.fenxifiber.com\/tr\/product\/sc-upc-lc-upc-62-5-125-dx\/","title":{"rendered":"SC\/UPC-LC\/UPC-62.5\/125-DX \u00c7ok Modlu Fiber Optik Yama Kablosu"},"content":{"rendered":"<h3 data-start=\"699\" data-end=\"757\"><strong data-start=\"703\" data-end=\"757\">Eski Fiber i\u00e7in \u00dcretildi, Modern Ekipman i\u00e7in Haz\u0131r<\/strong><\/h3>\n<p data-start=\"759\" data-end=\"1046\">OM1 <strong data-start=\"763\" data-end=\"794\">62,5\/125 \u03bcm \u00e7ok modlu fiber<\/strong> fiber LAN'lar\u0131n ilk g\u00fcnlerinde yayg\u0131n olarak kullan\u0131lm\u0131\u015ft\u0131r ve hastanelerde, havaalanlar\u0131nda, \u00fcniversitelerde ve end\u00fcstriyel tesislerde hala yayg\u0131nd\u0131r. Yeni a\u011flar daha k\u00fc\u00e7\u00fck LC ba\u011flant\u0131 noktalar\u0131 kullansa da, fiberin kendisi a\u015fa\u011f\u0131dakiler i\u00e7in m\u00fckemmel \u015fekilde kullan\u0131labilir <strong data-start=\"1021\" data-end=\"1045\">1G ve H\u0131zl\u0131 Ethernet<\/strong>.<\/p>\n<p data-start=\"1048\" data-end=\"1168\">Bu ba\u011flant\u0131 kablosu, bu a\u011flar\u0131n verimli bir \u015fekilde \u00e7al\u0131\u015fmas\u0131n\u0131 sa\u011flarken, do\u011frudan <strong data-start=\"1148\" data-end=\"1167\">LC tabanl\u0131 optikler<\/strong>.<\/p>\n<hr data-start=\"1170\" data-end=\"1173\" \/>\n<h3 data-start=\"1175\" data-end=\"1207\"><strong data-start=\"1179\" data-end=\"1207\">Teknik \u00d6zellikler<\/strong><\/h3>\n<div class=\"TyagGW_tableContainer\">\n<div class=\"group TyagGW_tableWrapper flex flex-col-reverse w-fit\" tabindex=\"-1\">\n<table class=\"w-fit min-w-(--thread-content-width)\" data-start=\"1209\" data-end=\"1687\">\n<thead data-start=\"1209\" data-end=\"1250\">\n<tr data-start=\"1209\" data-end=\"1250\">\n<th class=\"\" data-start=\"1209\" data-end=\"1221\" data-col-size=\"sm\">Parametre<\/th>\n<th class=\"\" data-start=\"1221\" data-end=\"1250\" data-col-size=\"sm\">SC\/UPC\u2013LC\/UPC-62.5\/125-DX<\/th>\n<\/tr>\n<\/thead>\n<tbody data-start=\"1279\" data-end=\"1687\">\n<tr data-start=\"1279\" data-end=\"1323\">\n<td data-start=\"1279\" data-end=\"1292\" data-col-size=\"sm\">Elyaf Tipi<\/td>\n<td data-start=\"1292\" data-end=\"1323\" data-col-size=\"sm\">\u00c7ok Modlu 62,5\/125 \u03bcm (OM1)<\/td>\n<\/tr>\n<tr data-start=\"1324\" data-end=\"1355\">\n<td data-start=\"1324\" data-end=\"1340\" data-col-size=\"sm\">Konfig\u00fcrasyon<\/td>\n<td data-col-size=\"sm\" data-start=\"1340\" data-end=\"1355\">Dubleks (DX)<\/td>\n<\/tr>\n<tr data-start=\"1356\" data-end=\"1382\">\n<td data-start=\"1356\" data-end=\"1370\" data-col-size=\"sm\">Konekt\u00f6r A<\/td>\n<td data-start=\"1370\" data-end=\"1382\" data-col-size=\"sm\">SC \/ UPC<\/td>\n<\/tr>\n<tr data-start=\"1383\" data-end=\"1409\">\n<td data-start=\"1383\" data-end=\"1397\" data-col-size=\"sm\">Konekt\u00f6r B<\/td>\n<td data-start=\"1397\" data-end=\"1409\" data-col-size=\"sm\">LC \/ UPC<\/td>\n<\/tr>\n<tr data-start=\"1410\" data-end=\"1453\">\n<td data-start=\"1410\" data-end=\"1433\" data-col-size=\"sm\">\u00c7al\u0131\u015fma Dalga Boyu<\/td>\n<td data-col-size=\"sm\" data-start=\"1433\" data-end=\"1453\">850 nm \/ 1300 nm<\/td>\n<\/tr>\n<tr data-start=\"1454\" data-end=\"1484\">\n<td data-start=\"1454\" data-end=\"1471\" data-col-size=\"sm\">Ekleme Kayb\u0131<\/td>\n<td data-start=\"1471\" data-end=\"1484\" data-col-size=\"sm\">\u2264 0,30 dB<\/td>\n<\/tr>\n<tr data-start=\"1485\" data-end=\"1510\">\n<td data-start=\"1485\" data-end=\"1499\" data-col-size=\"sm\">Geri D\u00f6n\u00fc\u015f Kayb\u0131<\/td>\n<td data-start=\"1499\" data-end=\"1510\" data-col-size=\"sm\">\u2265 30 dB<\/td>\n<\/tr>\n<tr data-start=\"1511\" data-end=\"1569\">\n<td data-start=\"1511\" data-end=\"1531\" data-col-size=\"sm\">Tipik Veri H\u0131z\u0131<\/td>\n<td data-start=\"1531\" data-end=\"1569\" data-col-size=\"sm\">1G Ethernet (850 nm'de 275 m'ye kadar)<\/td>\n<\/tr>\n<tr data-start=\"1570\" data-end=\"1600\">\n<td data-start=\"1570\" data-end=\"1585\" data-col-size=\"sm\">Kablo Ceketi<\/td>\n<td data-start=\"1585\" data-end=\"1600\" data-col-size=\"sm\">LSZH veya PVC<\/td>\n<\/tr>\n<tr data-start=\"1601\" data-end=\"1645\">\n<td data-start=\"1601\" data-end=\"1625\" data-col-size=\"sm\">\u00c7al\u0131\u015fma S\u0131cakl\u0131\u011f\u0131<\/td>\n<td data-start=\"1625\" data-end=\"1645\" data-col-size=\"sm\">-10 \u00b0C ila +70 \u00b0C<\/td>\n<\/tr>\n<tr data-start=\"1646\" data-end=\"1687\">\n<td data-start=\"1646\" data-end=\"1658\" data-col-size=\"sm\">Standartlar<\/td>\n<td data-start=\"1658\" data-end=\"1687\" data-col-size=\"sm\">IEC, TIA-568, RoHS, REACH<\/td>\n<\/tr>\n<\/tbody>\n<\/table>\n<\/div>\n<\/div>\n<hr data-start=\"1689\" data-end=\"1692\" \/>\n<h3 data-start=\"1694\" data-end=\"1734\"><strong data-start=\"1698\" data-end=\"1734\">Ger\u00e7ek A\u011flarda Nas\u0131l Performans G\u00f6sterir?<\/strong><\/h3>\n<p data-start=\"1736\" data-end=\"1778\">At <strong data-start=\"1739\" data-end=\"1749\">850 nm<\/strong>, 62,5\/125 \u03bcm fiber destekler:<\/p>\n<ul data-start=\"1780\" data-end=\"1847\">\n<li data-start=\"1780\" data-end=\"1816\">\n<p data-start=\"1782\" data-end=\"1816\"><strong data-start=\"1782\" data-end=\"1814\">275 metreye kadar 1G Ethernet<\/strong><\/p>\n<\/li>\n<li data-start=\"1817\" data-end=\"1847\">\n<p data-start=\"1819\" data-end=\"1847\"><strong data-start=\"1819\" data-end=\"1847\">2 km'ye kadar H\u0131zl\u0131 Ethernet<\/strong><\/p>\n<\/li>\n<\/ul>\n<p data-start=\"1849\" data-end=\"1891\">Bu, SC-LC OM1 jumper'\u0131n\u0131 a\u015fa\u011f\u0131dakiler i\u00e7in ideal k\u0131lar:<\/p>\n<ul data-start=\"1893\" data-end=\"2045\">\n<li data-start=\"1893\" data-end=\"1934\">\n<p data-start=\"1895\" data-end=\"1934\"><strong data-start=\"1895\" data-end=\"1934\">Kamp\u00fcs ve ofis binas\u0131 a\u011flar\u0131<\/strong><\/p>\n<\/li>\n<li data-start=\"1935\" data-end=\"1970\">\n<p data-start=\"1937\" data-end=\"1970\"><strong data-start=\"1937\" data-end=\"1970\">End\u00fcstriyel otomasyon sistemleri<\/strong><\/p>\n<\/li>\n<li data-start=\"1971\" data-end=\"2006\">\n<p data-start=\"1973\" data-end=\"2006\"><strong data-start=\"1973\" data-end=\"2006\">G\u00fcvenlik ve CCTV fiber ba\u011flant\u0131lar\u0131<\/strong><\/p>\n<\/li>\n<li data-start=\"2007\" data-end=\"2045\">\n<p data-start=\"2009\" data-end=\"2045\"><strong data-start=\"2009\" data-end=\"2045\">Eski fiber da\u011f\u0131t\u0131m \u00e7er\u00e7eveleri<\/strong><\/p>\n<\/li>\n<\/ul>\n<hr data-start=\"2047\" data-end=\"2050\" \/>\n<h3 data-start=\"2052\" data-end=\"2097\"><strong data-start=\"2056\" data-end=\"2097\">G\u00fcvenebilece\u011finiz Hassas \u00dcretim<\/strong><\/h3>\n<p data-start=\"2099\" data-end=\"2366\">Her kablo \u015fu malzemeler kullan\u0131larak \u00fcretilmi\u015ftir <strong data-start=\"2132\" data-end=\"2208\">seramik y\u00fcks\u00fckler, hassas UPC parlatma ve otomatik optik testler<\/strong>. Her iki fiber kanal da a\u015fa\u011f\u0131dakiler i\u00e7in denetlenir <strong data-start=\"2248\" data-end=\"2287\">ekleme kayb\u0131 ve u\u00e7 y\u00fczey kalitesi<\/strong>, sonras\u0131nda bile g\u00fcvenilir iletim sa\u011flar. <strong data-start=\"2331\" data-end=\"2365\">binlerce ba\u011flant\u0131 d\u00f6ng\u00fcs\u00fc<\/strong>.<\/p>\n<p data-start=\"2368\" data-end=\"2477\">LSZH ceket se\u00e7ene\u011fi ayn\u0131 zamanda modern <strong data-start=\"2409\" data-end=\"2451\">yang\u0131n g\u00fcvenli\u011fi ve d\u00fc\u015f\u00fck duman gereksinimleri<\/strong> i\u00e7 mekan kurulumlar\u0131 i\u00e7in.<\/p>\n<hr data-start=\"2479\" data-end=\"2482\" \/>\n<h2 data-start=\"2484\" data-end=\"2507\"><strong data-start=\"2487\" data-end=\"2507\">Profesyonel Soru-Cevap<\/strong><\/h2>\n<p data-start=\"2509\" data-end=\"2706\"><strong data-start=\"2509\" data-end=\"2554\">S1: 62,5\/125 fiber bug\u00fcn hala kullan\u0131labilir mi?<\/strong><br data-start=\"2554\" data-end=\"2557\" \/>Evet. Uzun mesafelerde 10G'yi desteklemese de, a\u015fa\u011f\u0131dakiler i\u00e7in tamamen uygun kal\u0131r <strong data-start=\"2641\" data-end=\"2665\">1G ve H\u0131zl\u0131 Ethernet<\/strong> hala yayg\u0131n olarak kullan\u0131lan a\u011flar.<\/p>\n<p data-start=\"2708\" data-end=\"2913\"><strong data-start=\"2708\" data-end=\"2761\">S2: Neden bir u\u00e7ta SC ve di\u011fer u\u00e7ta LC se\u00e7ilmeli?<\/strong><br data-start=\"2761\" data-end=\"2764\" \/>SC'ye kolayca ba\u011flan\u0131r <strong data-start=\"2786\" data-end=\"2808\">eski patch paneller<\/strong>, 'ye uyarken, LC <strong data-start=\"2824\" data-end=\"2864\">modern anahtarlar ve SFP al\u0131c\u0131-vericiler<\/strong>, Bu da kabloyu karma ortamlar i\u00e7in ideal hale getirir.<\/p>\n<p data-start=\"2915\" data-end=\"3095\"><strong data-start=\"2915\" data-end=\"2962\">S3: Bu kablo veri merkezlerinde kullan\u0131labilir mi?<\/strong><br data-start=\"2962\" data-end=\"2965\" \/>Genellikle \u015fu noktalarda kullan\u0131l\u0131r <strong data-start=\"2993\" data-end=\"3034\">veri merkezlerinin veya telekom odalar\u0131n\u0131n kenar\u0131<\/strong> Eski OM1 fiberin daha yeni LC tabanl\u0131 ekipmana ba\u011fland\u0131\u011f\u0131 yerlerde.<\/p>\n<p data-start=\"3097\" data-end=\"3270\"><strong data-start=\"3097\" data-end=\"3137\">S4: UPC parlatma ne sa\u011flar?<\/strong><br data-start=\"3137\" data-end=\"3140\" \/>UPC bir <strong data-start=\"3154\" data-end=\"3181\">p\u00fcr\u00fczs\u00fcz fiziksel temas<\/strong> fiber u\u00e7 y\u00fczeyleri aras\u0131nda <strong data-start=\"3215\" data-end=\"3269\">ekleme kayb\u0131 d\u00fc\u015f\u00fck ve yans\u0131malar kararl\u0131 (\u226530 dB)<\/strong>.<\/p>","protected":false},"excerpt":{"rendered":"<p data-start=\"67\" data-end=\"456\">Bu <strong data-start=\"71\" data-end=\"100\">SC\/UPC\u2013LC\/UPC-62.5\/125-DX<\/strong> \u00f6zel olarak in\u015fa edilmi\u015f bir <strong data-start=\"120\" data-end=\"157\">dubleks \u00e7ok modlu fiber ba\u011flant\u0131 kablosu<\/strong> ba\u011flamak i\u00e7in tasarlanm\u0131\u015ft\u0131r <strong data-start=\"178\" data-end=\"221\">eski 62,5 \u03bcm OM1 fiber altyap\u0131s\u0131<\/strong> bug\u00fcn\u00fcn <strong data-start=\"235\" data-end=\"288\">LC tabanl\u0131 anahtarlar, al\u0131c\u0131-vericiler ve patch paneller<\/strong>. Yayg\u0131n olarak kullan\u0131l\u0131r <strong data-start=\"311\" data-end=\"390\">kamp\u00fcs a\u011flar\u0131, fabrika zeminleri, CCTV fiber sistemleri ve bina omurgalar\u0131<\/strong> eski fiber tesislerinin hala y\u0131llarca g\u00fcvenilir hizmet sa\u011flad\u0131\u011f\u0131 yerlerde.<\/p>\n<p data-start=\"458\" data-end=\"692\">Birle\u015ftirerek <strong data-start=\"473\" data-end=\"498\">standart SC konekt\u00f6r\u00fc<\/strong> bir ucunda bir <strong data-start=\"517\" data-end=\"541\">kompakt LC konnekt\u00f6r<\/strong> Di\u011fer yandan bu kablo, kurulu kablolar\u0131 de\u011fi\u015ftirmeden geleneksel fiber panellerden modern a\u011f ekipmanlar\u0131na temiz bir y\u00fckseltme yolu sunar.<\/p>","protected":false},"featured_media":666,"comment_status":"open","ping_status":"closed","template":"","meta":[],"product_brand":[],"product_cat":[44],"product_tag":[],"class_list":{"0":"post-665","1":"product","2":"type-product","3":"status-publish","4":"has-post-thumbnail","6":"product_cat-multimode-fiber-optic-patch-cord","8":"first","9":"instock","10":"shipping-taxable","11":"product-type-simple"},"_links":{"self":[{"href":"https:\/\/www.fenxifiber.com\/tr\/wp-json\/wp\/v2\/product\/665","targetHints":{"allow":["GET"]}}],"collection":[{"href":"https:\/\/www.fenxifiber.com\/tr\/wp-json\/wp\/v2\/product"}],"about":[{"href":"https:\/\/www.fenxifiber.com\/tr\/wp-json\/wp\/v2\/types\/product"}],"replies":[{"embeddable":true,"href":"https:\/\/www.fenxifiber.com\/tr\/wp-json\/wp\/v2\/comments?post=665"}],"wp:featuredmedia":[{"embeddable":true,"href":"https:\/\/www.fenxifiber.com\/tr\/wp-json\/wp\/v2\/media\/666"}],"wp:attachment":[{"href":"https:\/\/www.fenxifiber.com\/tr\/wp-json\/wp\/v2\/media?parent=665"}],"wp:term":[{"taxonomy":"product_brand","embeddable":true,"href":"https:\/\/www.fenxifiber.com\/tr\/wp-json\/wp\/v2\/product_brand?post=665"},{"taxonomy":"product_cat","embeddable":true,"href":"https:\/\/www.fenxifiber.com\/tr\/wp-json\/wp\/v2\/product_cat?post=665"},{"taxonomy":"product_tag","embeddable":true,"href":"https:\/\/www.fenxifiber.com\/tr\/wp-json\/wp\/v2\/product_tag?post=665"}],"curies":[{"name":"wp","href":"https:\/\/api.w.org\/{rel}","templated":true}]}}