{"id":667,"date":"2026-02-03T06:12:34","date_gmt":"2026-02-03T06:12:34","guid":{"rendered":"https:\/\/www.fenxifiber.com\/?post_type=product&#038;p=667"},"modified":"2026-02-04T01:27:46","modified_gmt":"2026-02-04T01:27:46","slug":"sc-upc-sc-upc-62-5-125-dx","status":"publish","type":"product","link":"https:\/\/www.fenxifiber.com\/tr\/product\/sc-upc-sc-upc-62-5-125-dx\/","title":{"rendered":"SC\/UPC-SC\/UPC-62.5\/125-DX \u00c7ok Modlu Fiber Optik Yama Kablosu"},"content":{"rendered":"<h3 data-start=\"612\" data-end=\"664\"><strong data-start=\"616\" data-end=\"664\">Kurulu Fiber Altyap\u0131 i\u00e7in Optimize Edildi<\/strong><\/h3>\n<p data-start=\"666\" data-end=\"946\">B\u00fcy\u00fck miktarlarda <strong data-start=\"683\" data-end=\"714\">62,5\/125 \u03bcm \u00e7ok modlu fiber<\/strong> hala d\u00fcnya \u00e7ap\u0131nda okullarda, hastanelerde, fabrikalarda ve ofis binalar\u0131nda kurulmaktad\u0131r. Bu yama kablosu, bu a\u011flar\u0131n maliyetli yeniden kablolama olmadan \u00e7al\u0131\u015f\u0131r durumda kalmas\u0131n\u0131 sa\u011flarken <strong data-start=\"899\" data-end=\"945\">850 nm ve 1300 nm'de temiz sinyal kalitesi<\/strong>.<\/p>\n<hr data-start=\"948\" data-end=\"951\" \/>\n<h3 data-start=\"953\" data-end=\"986\"><strong data-start=\"957\" data-end=\"986\">Teknik \u00d6zellikler<\/strong><\/h3>\n<div class=\"TyagGW_tableContainer\">\n<div class=\"group TyagGW_tableWrapper flex flex-col-reverse w-fit\" tabindex=\"-1\">\n<table class=\"w-fit min-w-(--thread-content-width)\" data-start=\"988\" data-end=\"1456\">\n<thead data-start=\"988\" data-end=\"1029\">\n<tr data-start=\"988\" data-end=\"1029\">\n<th class=\"\" data-start=\"988\" data-end=\"1000\" data-col-size=\"sm\">Parametre<\/th>\n<th class=\"\" data-start=\"1000\" data-end=\"1029\" data-col-size=\"sm\">SC\/UPC\u2013SC\/UPC-62.5\/125-DX<\/th>\n<\/tr>\n<\/thead>\n<tbody data-start=\"1058\" data-end=\"1456\">\n<tr data-start=\"1058\" data-end=\"1102\">\n<td data-start=\"1058\" data-end=\"1071\" data-col-size=\"sm\">Elyaf Tipi<\/td>\n<td data-start=\"1071\" data-end=\"1102\" data-col-size=\"sm\">\u00c7ok Modlu 62,5\/125 \u03bcm (OM1)<\/td>\n<\/tr>\n<tr data-start=\"1103\" data-end=\"1134\">\n<td data-start=\"1103\" data-end=\"1119\" data-col-size=\"sm\">Konfig\u00fcrasyon<\/td>\n<td data-start=\"1119\" data-end=\"1134\" data-col-size=\"sm\">Dubleks (DX)<\/td>\n<\/tr>\n<tr data-start=\"1135\" data-end=\"1161\">\n<td data-start=\"1135\" data-end=\"1149\" data-col-size=\"sm\">Konekt\u00f6r A<\/td>\n<td data-start=\"1149\" data-end=\"1161\" data-col-size=\"sm\">SC \/ UPC<\/td>\n<\/tr>\n<tr data-start=\"1162\" data-end=\"1188\">\n<td data-start=\"1162\" data-end=\"1176\" data-col-size=\"sm\">Konekt\u00f6r B<\/td>\n<td data-start=\"1176\" data-end=\"1188\" data-col-size=\"sm\">SC \/ UPC<\/td>\n<\/tr>\n<tr data-start=\"1189\" data-end=\"1232\">\n<td data-start=\"1189\" data-end=\"1212\" data-col-size=\"sm\">\u00c7al\u0131\u015fma Dalga Boyu<\/td>\n<td data-start=\"1212\" data-end=\"1232\" data-col-size=\"sm\">850 nm \/ 1300 nm<\/td>\n<\/tr>\n<tr data-start=\"1233\" data-end=\"1263\">\n<td data-start=\"1233\" data-end=\"1250\" data-col-size=\"sm\">Ekleme Kayb\u0131<\/td>\n<td data-col-size=\"sm\" data-start=\"1250\" data-end=\"1263\">\u2264 0,30 dB<\/td>\n<\/tr>\n<tr data-start=\"1264\" data-end=\"1289\">\n<td data-start=\"1264\" data-end=\"1278\" data-col-size=\"sm\">Geri D\u00f6n\u00fc\u015f Kayb\u0131<\/td>\n<td data-start=\"1278\" data-end=\"1289\" data-col-size=\"sm\">\u2265 30 dB<\/td>\n<\/tr>\n<tr data-start=\"1290\" data-end=\"1337\">\n<td data-start=\"1290\" data-end=\"1310\" data-col-size=\"sm\">Tipik Veri H\u0131z\u0131<\/td>\n<td data-start=\"1310\" data-end=\"1337\" data-col-size=\"sm\">275 m'ye kadar 1G Ethernet<\/td>\n<\/tr>\n<tr data-start=\"1338\" data-end=\"1368\">\n<td data-start=\"1338\" data-end=\"1353\" data-col-size=\"sm\">Kablo Ceketi<\/td>\n<td data-start=\"1353\" data-end=\"1368\" data-col-size=\"sm\">LSZH veya PVC<\/td>\n<\/tr>\n<tr data-start=\"1369\" data-end=\"1413\">\n<td data-start=\"1369\" data-end=\"1393\" data-col-size=\"sm\">\u00c7al\u0131\u015fma S\u0131cakl\u0131\u011f\u0131<\/td>\n<td data-col-size=\"sm\" data-start=\"1393\" data-end=\"1413\">-10 \u00b0C ila +70 \u00b0C<\/td>\n<\/tr>\n<tr data-start=\"1414\" data-end=\"1456\">\n<td data-start=\"1414\" data-end=\"1427\" data-col-size=\"sm\">Uyumluluk<\/td>\n<td data-col-size=\"sm\" data-start=\"1427\" data-end=\"1456\">IEC, TIA-568, RoHS, REACH<\/td>\n<\/tr>\n<\/tbody>\n<\/table>\n<\/div>\n<\/div>\n<hr data-start=\"1458\" data-end=\"1461\" \/>\n<h3 data-start=\"1463\" data-end=\"1498\"><strong data-start=\"1467\" data-end=\"1498\">Yayg\u0131n Olarak Ne \u0130\u00e7in Kullan\u0131l\u0131r<\/strong><\/h3>\n<p data-start=\"1500\" data-end=\"1533\">Bu kablo yayg\u0131n olarak kullan\u0131lmaktad\u0131r:<\/p>\n<ul data-start=\"1535\" data-end=\"1747\">\n<li data-start=\"1535\" data-end=\"1576\">\n<p data-start=\"1537\" data-end=\"1576\"><strong data-start=\"1537\" data-end=\"1576\">Fiber patch paneller ve duvar prizleri<\/strong><\/p>\n<\/li>\n<li data-start=\"1577\" data-end=\"1613\">\n<p data-start=\"1579\" data-end=\"1613\"><strong data-start=\"1579\" data-end=\"1613\">Kurumsal ve kamp\u00fcs a\u011flar\u0131<\/strong><\/p>\n<\/li>\n<li data-start=\"1614\" data-end=\"1659\">\n<p data-start=\"1616\" data-end=\"1659\"><strong data-start=\"1616\" data-end=\"1659\">G\u00fcvenlik ve g\u00f6zetim fiber sistemleri<\/strong><\/p>\n<\/li>\n<li data-start=\"1660\" data-end=\"1708\">\n<p data-start=\"1662\" data-end=\"1708\"><strong data-start=\"1662\" data-end=\"1708\">End\u00fcstriyel kontrol ve izleme a\u011flar\u0131<\/strong><\/p>\n<\/li>\n<li data-start=\"1709\" data-end=\"1747\">\n<p data-start=\"1711\" data-end=\"1747\"><strong data-start=\"1711\" data-end=\"1747\">Eski telekom ve LAN omurgalar\u0131<\/strong><\/p>\n<\/li>\n<\/ul>\n<p data-start=\"1749\" data-end=\"1890\">Onun <strong data-start=\"1753\" data-end=\"1769\">62,5 \u00b5m \u00e7ekirdek<\/strong> konnekt\u00f6r hizalamas\u0131na m\u00fckemmel tolerans sa\u011flar, bu da onu \u00f6zellikle y\u00fcksek d\u00f6vme d\u00f6ng\u00fcs\u00fc ortamlar\u0131nda affedici hale getirir.<\/p>\n<hr data-start=\"1892\" data-end=\"1895\" \/>\n<h3 data-start=\"1897\" data-end=\"1936\"><strong data-start=\"1901\" data-end=\"1936\">Uzun Vadeli G\u00fcvenilirlik i\u00e7in \u00dcretildi<\/strong><\/h3>\n<p data-start=\"1938\" data-end=\"2217\">Her SC\/UPC-SC\/UPC-DX patch cord a\u015fa\u011f\u0131daki malzemeler kullan\u0131larak \u00fcretilmi\u015ftir <strong data-start=\"1994\" data-end=\"2029\">y\u00fcksek hassasiyetli seramik y\u00fcks\u00fckler<\/strong> ve <strong data-start=\"2034\" data-end=\"2060\">UPC cilal\u0131 u\u00e7 y\u00fczeyler<\/strong>, i\u00e7in test edildi. <strong data-start=\"2078\" data-end=\"2132\">ekleme kayb\u0131, geri d\u00f6n\u00fc\u015f kayb\u0131 ve u\u00e7 y\u00fcz geometrisi<\/strong>. Bu, a\u015fa\u011f\u0131daki i\u015flemlerden sonra bile tutarl\u0131 optik performans sa\u011flar <strong data-start=\"2189\" data-end=\"2216\">binlerce ekleme<\/strong>.<\/p>\n<p data-start=\"2219\" data-end=\"2336\">LSZH ceket se\u00e7ene\u011fi ayr\u0131ca \u015funlar\u0131 da destekler <strong data-start=\"2256\" data-end=\"2290\">modern yangin g\u00fcvenli\u0307\u011fi\u0307 d\u00fczenlemeleri\u0307<\/strong> i\u00e7 mekan ve kamu binas\u0131 kurulumlar\u0131 i\u00e7in.<\/p>\n<hr data-start=\"2338\" data-end=\"2341\" \/>\n<h2 data-start=\"2343\" data-end=\"2366\"><strong data-start=\"2346\" data-end=\"2366\">Profesyonel Soru-Cevap<\/strong><\/h2>\n<p data-start=\"2368\" data-end=\"2495\"><strong data-start=\"2368\" data-end=\"2416\">S1: Bu kablo Gigabit Ethernet'i destekleyebilir mi?<\/strong><br data-start=\"2416\" data-end=\"2419\" \/>Evet. OM1 62.5\/125 fiber destekler <strong data-start=\"2452\" data-end=\"2494\">850 nm'de 275 metreye kadar 1G Ethernet<\/strong>.<\/p>\n<p data-start=\"2497\" data-end=\"2672\"><strong data-start=\"2497\" data-end=\"2544\">S2: SC neden hala bir\u00e7ok binada kullan\u0131l\u0131yor?<\/strong><br data-start=\"2544\" data-end=\"2547\" \/>SC konekt\u00f6rler <strong data-start=\"2565\" data-end=\"2613\">dayan\u0131kl\u0131, kullan\u0131m\u0131 kolay ve son derece g\u00fcvenilir<\/strong>, onlar\u0131 pop\u00fcler hale getiriyor <strong data-start=\"2638\" data-end=\"2671\">yama panelleri ve duvar prizleri<\/strong>.<\/p>\n<p data-start=\"2674\" data-end=\"2826\"><strong data-start=\"2674\" data-end=\"2707\">S3: Bu 10G i\u00e7in uygun mu?<\/strong><br data-start=\"2707\" data-end=\"2710\" \/>Hay\u0131r. OM1 fiber, standart mesafelerde 10G Ethernet i\u00e7in tasarlanmam\u0131\u015ft\u0131r. \u015eunlar i\u00e7in tasarlanm\u0131\u015ft\u0131r <strong data-start=\"2801\" data-end=\"2825\">H\u0131zl\u0131 Ethernet ve 1G<\/strong>.<\/p>\n<p data-start=\"2828\" data-end=\"2982\"><strong data-start=\"2828\" data-end=\"2876\">S4: Modern binalara monte edilebilir mi?<\/strong><br data-start=\"2876\" data-end=\"2879\" \/>Evet, \u00f6zellikle de <strong data-start=\"2898\" data-end=\"2928\">yenilemeler ve geni\u015fletmeler<\/strong> Maliyetten tasarruf etmek i\u00e7in mevcut 62,5\/125 fiberin yeniden kullan\u0131ld\u0131\u011f\u0131 yerlerde.<\/p>","protected":false},"excerpt":{"rendered":"<p data-start=\"67\" data-end=\"439\">Bu <strong data-start=\"71\" data-end=\"100\">SC\/UPC\u2013SC\/UPC-62.5\/125-DX<\/strong> bir klasiktir <strong data-start=\"114\" data-end=\"151\">dubleks \u00e7ok modlu fiber ba\u011flant\u0131 kablosu<\/strong> i\u00e7in tasarland\u0131 <strong data-start=\"167\" data-end=\"245\">eski LAN'lar, bina omurgalar\u0131, CCTV fiber ba\u011flant\u0131lar\u0131 ve end\u00fcstriyel a\u011flar<\/strong> \u00fczerinde \u00e7al\u0131\u015fmaya devam eden <strong data-start=\"270\" data-end=\"291\">62,5 \u03bcm OM1 fiber<\/strong>. ile <strong data-start=\"298\" data-end=\"328\">Her iki u\u00e7ta SC konekt\u00f6rler<\/strong>, aras\u0131nda basit ve istikrarl\u0131 bir ba\u011flant\u0131 sa\u011flar. <strong data-start=\"387\" data-end=\"438\">fiber paneller, duvar prizleri ve optik cihazlar<\/strong>.<\/p>\n<p data-start=\"441\" data-end=\"605\">Yeni a\u011flar daha k\u00fc\u00e7\u00fck konekt\u00f6rleri tercih etse de SC, g\u00fcvenilirli\u011fi sayesinde g\u00fcvenilir bir standart olmaya devam etmektedir. <strong data-start=\"536\" data-end=\"571\">sa\u011flam bas-\u00e7ek kilitleme tasar\u0131m\u0131<\/strong> ve m\u00fckemmel hizalama do\u011frulu\u011fu.<\/p>","protected":false},"featured_media":668,"comment_status":"open","ping_status":"closed","template":"","meta":[],"product_brand":[],"product_cat":[44],"product_tag":[],"class_list":{"0":"post-667","1":"product","2":"type-product","3":"status-publish","4":"has-post-thumbnail","6":"product_cat-multimode-fiber-optic-patch-cord","8":"first","9":"instock","10":"shipping-taxable","11":"product-type-simple"},"_links":{"self":[{"href":"https:\/\/www.fenxifiber.com\/tr\/wp-json\/wp\/v2\/product\/667","targetHints":{"allow":["GET"]}}],"collection":[{"href":"https:\/\/www.fenxifiber.com\/tr\/wp-json\/wp\/v2\/product"}],"about":[{"href":"https:\/\/www.fenxifiber.com\/tr\/wp-json\/wp\/v2\/types\/product"}],"replies":[{"embeddable":true,"href":"https:\/\/www.fenxifiber.com\/tr\/wp-json\/wp\/v2\/comments?post=667"}],"wp:featuredmedia":[{"embeddable":true,"href":"https:\/\/www.fenxifiber.com\/tr\/wp-json\/wp\/v2\/media\/668"}],"wp:attachment":[{"href":"https:\/\/www.fenxifiber.com\/tr\/wp-json\/wp\/v2\/media?parent=667"}],"wp:term":[{"taxonomy":"product_brand","embeddable":true,"href":"https:\/\/www.fenxifiber.com\/tr\/wp-json\/wp\/v2\/product_brand?post=667"},{"taxonomy":"product_cat","embeddable":true,"href":"https:\/\/www.fenxifiber.com\/tr\/wp-json\/wp\/v2\/product_cat?post=667"},{"taxonomy":"product_tag","embeddable":true,"href":"https:\/\/www.fenxifiber.com\/tr\/wp-json\/wp\/v2\/product_tag?post=667"}],"curies":[{"name":"wp","href":"https:\/\/api.w.org\/{rel}","templated":true}]}}