{"id":669,"date":"2026-02-03T06:14:03","date_gmt":"2026-02-03T06:14:03","guid":{"rendered":"https:\/\/www.fenxifiber.com\/?post_type=product&#038;p=669"},"modified":"2026-02-04T01:28:19","modified_gmt":"2026-02-04T01:28:19","slug":"st-upc-sc-upc-62-5-125-dx","status":"publish","type":"product","link":"https:\/\/www.fenxifiber.com\/tr\/product\/st-upc-sc-upc-62-5-125-dx\/","title":{"rendered":"ST\/UPC-SC\/UPC-62.5\/125-DX \u00c7ok Modlu Fiber Optik Yama Kablosu"},"content":{"rendered":"<p data-start=\"465\" data-end=\"593\">Bu hibrit konnekt\u00f6r tasar\u0131m\u0131, eski ST sonland\u0131rmal\u0131 ba\u011flant\u0131lar\u0131n daha yap\u0131land\u0131r\u0131lm\u0131\u015f SC da\u011f\u0131t\u0131m sistemlerine temiz bir \u015fekilde entegre edilmesini sa\u011flar.<\/p>\n<hr data-start=\"595\" data-end=\"598\" \/>\n<h3 data-start=\"600\" data-end=\"649\"><strong data-start=\"604\" data-end=\"649\">Kar\u0131\u015f\u0131k Konnekt\u00f6rl\u00fc Ortamlar i\u00e7in Tasarland\u0131<\/strong><\/h3>\n<p data-start=\"651\" data-end=\"920\">ST konekt\u00f6rler yayg\u0131n olarak \u015fu alanlarda kullan\u0131l\u0131r <strong data-start=\"684\" data-end=\"731\">eski fiber \u00e7\u0131k\u0131\u015flar\u0131 ve saha kurulumlar\u0131<\/strong>, 'de SC konnekt\u00f6rler hakimken <strong data-start=\"765\" data-end=\"801\">fiber paneller ve ekipman raflar\u0131<\/strong>. Bu yama kablosu, ekstra kay\u0131p veya karars\u0131zl\u0131k yaratan adapt\u00f6rler olmadan ikisi aras\u0131nda pratik bir k\u00f6pr\u00fc g\u00f6revi g\u00f6r\u00fcr.<\/p>\n<p data-start=\"922\" data-end=\"1076\">Bu <strong data-start=\"926\" data-end=\"952\">UPC cilal\u0131 u\u00e7 y\u00fczeyler<\/strong> s\u0131k\u0131 fiziksel temas sa\u011flayarak yans\u0131malar\u0131 d\u00fc\u015f\u00fck tutar ve hem veri iletimi hem de optik izleme i\u00e7in sinyalleri temiz tutar.<\/p>\n<hr data-start=\"1078\" data-end=\"1081\" \/>\n<h3 data-start=\"1083\" data-end=\"1109\"><strong data-start=\"1087\" data-end=\"1109\">Teknik Genel Bak\u0131\u015f<\/strong><\/h3>\n<div class=\"TyagGW_tableContainer\">\n<div class=\"group TyagGW_tableWrapper flex flex-col-reverse w-fit\" tabindex=\"-1\">\n<table class=\"w-fit min-w-(--thread-content-width)\" data-start=\"1111\" data-end=\"1578\">\n<thead data-start=\"1111\" data-end=\"1152\">\n<tr data-start=\"1111\" data-end=\"1152\">\n<th class=\"\" data-start=\"1111\" data-end=\"1123\" data-col-size=\"sm\">Parametre<\/th>\n<th class=\"\" data-start=\"1123\" data-end=\"1152\" data-col-size=\"sm\">ST\/UPC\u2013SC\/UPC-62.5\/125-DX<\/th>\n<\/tr>\n<\/thead>\n<tbody data-start=\"1181\" data-end=\"1578\">\n<tr data-start=\"1181\" data-end=\"1225\">\n<td data-start=\"1181\" data-end=\"1194\" data-col-size=\"sm\">Elyaf Tipi<\/td>\n<td data-start=\"1194\" data-end=\"1225\" data-col-size=\"sm\">\u00c7ok Modlu 62,5\/125 \u03bcm (OM1)<\/td>\n<\/tr>\n<tr data-start=\"1226\" data-end=\"1257\">\n<td data-start=\"1226\" data-end=\"1242\" data-col-size=\"sm\">Konfig\u00fcrasyon<\/td>\n<td data-start=\"1242\" data-end=\"1257\" data-col-size=\"sm\">Dubleks (DX)<\/td>\n<\/tr>\n<tr data-start=\"1258\" data-end=\"1284\">\n<td data-start=\"1258\" data-end=\"1272\" data-col-size=\"sm\">Konekt\u00f6r A<\/td>\n<td data-start=\"1272\" data-end=\"1284\" data-col-size=\"sm\">ST \/ UPC<\/td>\n<\/tr>\n<tr data-start=\"1285\" data-end=\"1311\">\n<td data-start=\"1285\" data-end=\"1299\" data-col-size=\"sm\">Konekt\u00f6r B<\/td>\n<td data-start=\"1299\" data-end=\"1311\" data-col-size=\"sm\">SC \/ UPC<\/td>\n<\/tr>\n<tr data-start=\"1312\" data-end=\"1355\">\n<td data-start=\"1312\" data-end=\"1335\" data-col-size=\"sm\">\u00c7al\u0131\u015fma Dalga Boyu<\/td>\n<td data-start=\"1335\" data-end=\"1355\" data-col-size=\"sm\">850 nm \/ 1300 nm<\/td>\n<\/tr>\n<tr data-start=\"1356\" data-end=\"1386\">\n<td data-start=\"1356\" data-end=\"1373\" data-col-size=\"sm\">Ekleme Kayb\u0131<\/td>\n<td data-start=\"1373\" data-end=\"1386\" data-col-size=\"sm\">\u2264 0,30 dB<\/td>\n<\/tr>\n<tr data-start=\"1387\" data-end=\"1412\">\n<td data-start=\"1387\" data-end=\"1401\" data-col-size=\"sm\">Geri D\u00f6n\u00fc\u015f Kayb\u0131<\/td>\n<td data-start=\"1401\" data-end=\"1412\" data-col-size=\"sm\">\u2265 30 dB<\/td>\n<\/tr>\n<tr data-start=\"1413\" data-end=\"1460\">\n<td data-start=\"1413\" data-end=\"1433\" data-col-size=\"sm\">Tipik Veri H\u0131z\u0131<\/td>\n<td data-start=\"1433\" data-end=\"1460\" data-col-size=\"sm\">275 m'ye kadar 1G Ethernet<\/td>\n<\/tr>\n<tr data-start=\"1461\" data-end=\"1491\">\n<td data-start=\"1461\" data-end=\"1476\" data-col-size=\"sm\">Kablo Ceketi<\/td>\n<td data-start=\"1476\" data-end=\"1491\" data-col-size=\"sm\">LSZH veya PVC<\/td>\n<\/tr>\n<tr data-start=\"1492\" data-end=\"1536\">\n<td data-start=\"1492\" data-end=\"1516\" data-col-size=\"sm\">\u00c7al\u0131\u015fma S\u0131cakl\u0131\u011f\u0131<\/td>\n<td data-start=\"1516\" data-end=\"1536\" data-col-size=\"sm\">-10 \u00b0C ila +70 \u00b0C<\/td>\n<\/tr>\n<tr data-start=\"1537\" data-end=\"1578\">\n<td data-start=\"1537\" data-end=\"1549\" data-col-size=\"sm\">Standartlar<\/td>\n<td data-start=\"1549\" data-end=\"1578\" data-col-size=\"sm\">IEC, TIA-568, RoHS, REACH<\/td>\n<\/tr>\n<\/tbody>\n<\/table>\n<\/div>\n<\/div>\n<hr data-start=\"1580\" data-end=\"1583\" \/>\n<h3 data-start=\"1585\" data-end=\"1615\"><strong data-start=\"1589\" data-end=\"1615\">Ger\u00e7ek D\u00fcnya Performans\u0131<\/strong><\/h3>\n<p data-start=\"1617\" data-end=\"1677\">At <strong data-start=\"1620\" data-end=\"1630\">850 nm<\/strong>, OM1 <strong data-start=\"1636\" data-end=\"1667\">62,5\/125 \u00b5m \u00e7ok modlu fiber<\/strong> destekler:<\/p>\n<ul data-start=\"1679\" data-end=\"1744\">\n<li data-start=\"1679\" data-end=\"1713\">\n<p data-start=\"1681\" data-end=\"1713\"><strong data-start=\"1681\" data-end=\"1713\">275 metreye kadar 1G Ethernet<\/strong><\/p>\n<\/li>\n<li data-start=\"1714\" data-end=\"1744\">\n<p data-start=\"1716\" data-end=\"1744\"><strong data-start=\"1716\" data-end=\"1744\">2 km'ye kadar H\u0131zl\u0131 Ethernet<\/strong><\/p>\n<\/li>\n<\/ul>\n<p data-start=\"1746\" data-end=\"1797\">Bu, ST-SC dubleks jumper'\u0131 a\u015fa\u011f\u0131dakiler i\u00e7in \u00e7ok uygun hale getirir:<\/p>\n<ul data-start=\"1799\" data-end=\"1944\">\n<li data-start=\"1799\" data-end=\"1831\">\n<p data-start=\"1801\" data-end=\"1831\"><strong data-start=\"1801\" data-end=\"1831\">Kamp\u00fcs ve ofis a\u011flar\u0131<\/strong><\/p>\n<\/li>\n<li data-start=\"1832\" data-end=\"1869\">\n<p data-start=\"1834\" data-end=\"1869\"><strong data-start=\"1834\" data-end=\"1869\">Fiber CCTV ve g\u00fcvenlik sistemleri<\/strong><\/p>\n<\/li>\n<li data-start=\"1870\" data-end=\"1897\">\n<p data-start=\"1872\" data-end=\"1897\"><strong data-start=\"1872\" data-end=\"1897\">End\u00fcstriyel izleme<\/strong><\/p>\n<\/li>\n<li data-start=\"1898\" data-end=\"1944\">\n<p data-start=\"1900\" data-end=\"1944\"><strong data-start=\"1900\" data-end=\"1944\">Telekom ve bina da\u011f\u0131t\u0131m \u00e7er\u00e7eveleri<\/strong><\/p>\n<\/li>\n<\/ul>\n<hr data-start=\"1946\" data-end=\"1949\" \/>\n<h3 data-start=\"1951\" data-end=\"1986\"><strong data-start=\"1955\" data-end=\"1986\">G\u00fcvenebilece\u011finiz Hassasiyet<\/strong><\/h3>\n<p data-start=\"1988\" data-end=\"2243\">Her yama kablosu fabrikada a\u015fa\u011f\u0131dakilerle monte edilir <strong data-start=\"2031\" data-end=\"2107\">seramik y\u00fcks\u00fckler, UPC parlatma ve otomatik interferometre denetimi<\/strong>. Her iki kanal da a\u015fa\u011f\u0131dakiler i\u00e7in test edilmi\u015ftir <strong data-start=\"2138\" data-end=\"2172\">ekleme kayb\u0131 ve geri d\u00f6n\u00fc\u015f kayb\u0131<\/strong>, sonras\u0131nda bile istikrarl\u0131 performans sa\u011flar. <strong data-start=\"2213\" data-end=\"2242\">y\u00fczlerce yeniden ba\u011flant\u0131<\/strong>.<\/p>\n<p data-start=\"2245\" data-end=\"2342\">LSZH ceket se\u00e7ene\u011fi ayr\u0131ca \u015funlar\u0131 da destekler <strong data-start=\"2282\" data-end=\"2317\">modern yang\u0131n g\u00fcvenli\u011fi gereklilikleri<\/strong> i\u00e7 mekan kurulumlar\u0131nda.<\/p>\n<hr data-start=\"2344\" data-end=\"2347\" \/>\n<h2 data-start=\"2349\" data-end=\"2372\"><strong data-start=\"2352\" data-end=\"2372\">Profesyonel Soru-Cevap<\/strong><\/h2>\n<p data-start=\"2374\" data-end=\"2599\"><strong data-start=\"2374\" data-end=\"2429\">S1: ST konnekt\u00f6rleri neden hala bir\u00e7ok tesiste kullan\u0131l\u0131yor?<\/strong><br data-start=\"2429\" data-end=\"2432\" \/>ST konekt\u00f6rleri <strong data-start=\"2450\" data-end=\"2522\">sa\u011flam, sonland\u0131rmas\u0131 kolay, toza ve titre\u015fime kar\u015f\u0131 y\u00fcksek toleransl\u0131<\/strong>, Bu nedenle eski binalarda ve end\u00fcstriyel a\u011flarda yayg\u0131n olarak kullan\u0131lmaya devam etmektedirler.<\/p>\n<p data-start=\"2601\" data-end=\"2752\"><strong data-start=\"2601\" data-end=\"2651\">S2: Bu kablo modern anahtarlara ba\u011flanabilir mi?<\/strong><br data-start=\"2651\" data-end=\"2654\" \/>Evet. <strong data-start=\"2663\" data-end=\"2673\">SC sonu<\/strong> SC adapt\u00f6rleri kullanan modern fiber panellere veya anahtar ba\u011flant\u0131 noktalar\u0131na do\u011frudan ba\u011flan\u0131r.<\/p>\n<p data-start=\"2754\" data-end=\"2918\"><strong data-start=\"2754\" data-end=\"2789\">S3: 62,5\/125 fiberin modas\u0131 ge\u00e7ti mi?<\/strong><br data-start=\"2789\" data-end=\"2792\" \/>Hay\u0131r. Y\u00fcksek h\u0131zl\u0131 10G ba\u011flant\u0131lar\u0131n\u0131 desteklemese de, a\u015fa\u011f\u0131dakiler i\u00e7in yayg\u0131n olarak kullan\u0131lmaya devam etmektedir <strong data-start=\"2871\" data-end=\"2917\">1G, H\u0131zl\u0131 Ethernet ve CCTV fiber a\u011flar\u0131<\/strong>.<\/p>\n<p data-start=\"2920\" data-end=\"3104\"><strong data-start=\"2920\" data-end=\"2969\">S4: UPC parlatma sinyal kalitesini etkiler mi?<\/strong><br data-start=\"2969\" data-end=\"2972\" \/>Evet. UPC y\u00fczey yans\u0131malar\u0131n\u0131 azalt\u0131r ve <strong data-start=\"3019\" data-end=\"3044\">\u226530 dB'de geri d\u00f6n\u00fc\u015f kayb\u0131<\/strong>, iletim kararl\u0131l\u0131\u011f\u0131n\u0131 ve \u00f6l\u00e7\u00fcm do\u011frulu\u011funu art\u0131r\u0131r.<\/p>","protected":false},"excerpt":{"rendered":"<p data-start=\"67\" data-end=\"463\">Bu <strong data-start=\"71\" data-end=\"100\">ST\/UPC\u2013SC\/UPC-62.5\/125-DX<\/strong> bir <strong data-start=\"106\" data-end=\"143\">dubleks \u00e7ok modlu fiber ba\u011flant\u0131 kablosu<\/strong> i\u00e7in yarat\u0131ld\u0131 <strong data-start=\"156\" data-end=\"185\">eski OM1 fiber a\u011flar<\/strong> ba\u011flanmas\u0131 gereken <strong data-start=\"207\" data-end=\"237\">ST tipi saha sonland\u0131rmalar\u0131<\/strong> ile <strong data-start=\"243\" data-end=\"289\">SC tabanl\u0131 patch paneller veya a\u011f ekipmanlar\u0131<\/strong>. Yayg\u0131n olarak \u015furada bulunur <strong data-start=\"315\" data-end=\"401\">kamp\u00fcs a\u011flar\u0131, CCTV fiber sistemleri, end\u00fcstriyel otomasyon ve bina omurgalar\u0131<\/strong> nerede <strong data-start=\"408\" data-end=\"437\">62,5 \u03bcm \u00e7ok modlu kablolama<\/strong> hala yayg\u0131n olarak kullan\u0131lmaktad\u0131r.<\/p>\n<p data-start=\"465\" data-end=\"593\">","protected":false},"featured_media":670,"comment_status":"open","ping_status":"closed","template":"","meta":[],"product_brand":[],"product_cat":[44],"product_tag":[],"class_list":{"0":"post-669","1":"product","2":"type-product","3":"status-publish","4":"has-post-thumbnail","6":"product_cat-multimode-fiber-optic-patch-cord","8":"first","9":"instock","10":"shipping-taxable","11":"product-type-simple"},"_links":{"self":[{"href":"https:\/\/www.fenxifiber.com\/tr\/wp-json\/wp\/v2\/product\/669","targetHints":{"allow":["GET"]}}],"collection":[{"href":"https:\/\/www.fenxifiber.com\/tr\/wp-json\/wp\/v2\/product"}],"about":[{"href":"https:\/\/www.fenxifiber.com\/tr\/wp-json\/wp\/v2\/types\/product"}],"replies":[{"embeddable":true,"href":"https:\/\/www.fenxifiber.com\/tr\/wp-json\/wp\/v2\/comments?post=669"}],"wp:featuredmedia":[{"embeddable":true,"href":"https:\/\/www.fenxifiber.com\/tr\/wp-json\/wp\/v2\/media\/670"}],"wp:attachment":[{"href":"https:\/\/www.fenxifiber.com\/tr\/wp-json\/wp\/v2\/media?parent=669"}],"wp:term":[{"taxonomy":"product_brand","embeddable":true,"href":"https:\/\/www.fenxifiber.com\/tr\/wp-json\/wp\/v2\/product_brand?post=669"},{"taxonomy":"product_cat","embeddable":true,"href":"https:\/\/www.fenxifiber.com\/tr\/wp-json\/wp\/v2\/product_cat?post=669"},{"taxonomy":"product_tag","embeddable":true,"href":"https:\/\/www.fenxifiber.com\/tr\/wp-json\/wp\/v2\/product_tag?post=669"}],"curies":[{"name":"wp","href":"https:\/\/api.w.org\/{rel}","templated":true}]}}