{"id":671,"date":"2026-02-03T06:16:24","date_gmt":"2026-02-03T06:16:24","guid":{"rendered":"https:\/\/www.fenxifiber.com\/?post_type=product&#038;p=671"},"modified":"2026-02-04T01:28:45","modified_gmt":"2026-02-04T01:28:45","slug":"lc-upc-st-upc-62-5-125-dx","status":"publish","type":"product","link":"https:\/\/www.fenxifiber.com\/tr\/product\/lc-upc-st-upc-62-5-125-dx\/","title":{"rendered":"LC\/UPC-ST\/UPC-62.5\/125-DX \u00c7ok Modlu Fiber Optik Yama Kablosu"},"content":{"rendered":"<h3 data-start=\"573\" data-end=\"627\"><strong data-start=\"577\" data-end=\"627\">Eski Altyap\u0131n\u0131n Modern Donan\u0131mla Bulu\u015ftu\u011fu Yer<\/strong><\/h3>\n<p data-start=\"629\" data-end=\"904\">Mevcut binalar\u0131n bir\u00e7o\u011fu hala <strong data-start=\"667\" data-end=\"709\">ST sonland\u0131rmal\u0131 62,5\/125 \u00e7ok modlu fiber<\/strong>. Ayn\u0131 zamanda, yeni anahtarlar ve SFP mod\u00fclleri neredeyse her zaman <strong data-start=\"776\" data-end=\"788\">LC ba\u011flant\u0131 noktalar\u0131<\/strong>. LC-ST hibrit tasar\u0131m\u0131 bu bo\u015flu\u011fu temiz bir \u015fekilde kapatarak \u015funlar\u0131 yapman\u0131z\u0131 sa\u011flar <strong data-start=\"856\" data-end=\"903\">kablolamay\u0131 de\u011fi\u015ftirmeden ekipman\u0131 y\u00fckseltin<\/strong>.<\/p>\n<p data-start=\"906\" data-end=\"1035\">Bu <strong data-start=\"910\" data-end=\"936\">UPC cilal\u0131 u\u00e7 y\u00fczeyler<\/strong> s\u0131k\u0131 fiziksel fiber temas\u0131 sa\u011flayarak <strong data-start=\"982\" data-end=\"1034\">ekleme kayb\u0131 d\u00fc\u015f\u00fck ve yans\u0131malar kontrol alt\u0131nda<\/strong>.<\/p>\n<hr data-start=\"1037\" data-end=\"1040\" \/>\n<h3 data-start=\"1042\" data-end=\"1064\"><strong data-start=\"1046\" data-end=\"1064\">Teknik Veriler<\/strong><\/h3>\n<div class=\"TyagGW_tableContainer\">\n<div class=\"group TyagGW_tableWrapper flex flex-col-reverse w-fit\" tabindex=\"-1\">\n<table class=\"w-fit min-w-(--thread-content-width)\" data-start=\"1066\" data-end=\"1533\">\n<thead data-start=\"1066\" data-end=\"1107\">\n<tr data-start=\"1066\" data-end=\"1107\">\n<th class=\"\" data-start=\"1066\" data-end=\"1078\" data-col-size=\"sm\">Parametre<\/th>\n<th class=\"\" data-start=\"1078\" data-end=\"1107\" data-col-size=\"sm\">LC\/UPC\u2013ST\/UPC-62.5\/125-DX<\/th>\n<\/tr>\n<\/thead>\n<tbody data-start=\"1136\" data-end=\"1533\">\n<tr data-start=\"1136\" data-end=\"1180\">\n<td data-start=\"1136\" data-end=\"1149\" data-col-size=\"sm\">Elyaf Tipi<\/td>\n<td data-col-size=\"sm\" data-start=\"1149\" data-end=\"1180\">\u00c7ok Modlu 62,5\/125 \u03bcm (OM1)<\/td>\n<\/tr>\n<tr data-start=\"1181\" data-end=\"1212\">\n<td data-start=\"1181\" data-end=\"1197\" data-col-size=\"sm\">Konfig\u00fcrasyon<\/td>\n<td data-start=\"1197\" data-end=\"1212\" data-col-size=\"sm\">Dubleks (DX)<\/td>\n<\/tr>\n<tr data-start=\"1213\" data-end=\"1239\">\n<td data-start=\"1213\" data-end=\"1227\" data-col-size=\"sm\">Konekt\u00f6r A<\/td>\n<td data-start=\"1227\" data-end=\"1239\" data-col-size=\"sm\">LC \/ UPC<\/td>\n<\/tr>\n<tr data-start=\"1240\" data-end=\"1266\">\n<td data-start=\"1240\" data-end=\"1254\" data-col-size=\"sm\">Konekt\u00f6r B<\/td>\n<td data-start=\"1254\" data-end=\"1266\" data-col-size=\"sm\">ST \/ UPC<\/td>\n<\/tr>\n<tr data-start=\"1267\" data-end=\"1310\">\n<td data-start=\"1267\" data-end=\"1290\" data-col-size=\"sm\">\u00c7al\u0131\u015fma Dalga Boyu<\/td>\n<td data-start=\"1290\" data-end=\"1310\" data-col-size=\"sm\">850 nm \/ 1300 nm<\/td>\n<\/tr>\n<tr data-start=\"1311\" data-end=\"1341\">\n<td data-start=\"1311\" data-end=\"1328\" data-col-size=\"sm\">Ekleme Kayb\u0131<\/td>\n<td data-start=\"1328\" data-end=\"1341\" data-col-size=\"sm\">\u2264 0,30 dB<\/td>\n<\/tr>\n<tr data-start=\"1342\" data-end=\"1367\">\n<td data-start=\"1342\" data-end=\"1356\" data-col-size=\"sm\">Geri D\u00f6n\u00fc\u015f Kayb\u0131<\/td>\n<td data-start=\"1356\" data-end=\"1367\" data-col-size=\"sm\">\u2265 30 dB<\/td>\n<\/tr>\n<tr data-start=\"1368\" data-end=\"1415\">\n<td data-start=\"1368\" data-end=\"1388\" data-col-size=\"sm\">Tipik Veri H\u0131z\u0131<\/td>\n<td data-start=\"1388\" data-end=\"1415\" data-col-size=\"sm\">275 m'ye kadar 1G Ethernet<\/td>\n<\/tr>\n<tr data-start=\"1416\" data-end=\"1446\">\n<td data-start=\"1416\" data-end=\"1431\" data-col-size=\"sm\">Kablo Ceketi<\/td>\n<td data-start=\"1431\" data-end=\"1446\" data-col-size=\"sm\">LSZH veya PVC<\/td>\n<\/tr>\n<tr data-start=\"1447\" data-end=\"1491\">\n<td data-start=\"1447\" data-end=\"1471\" data-col-size=\"sm\">\u00c7al\u0131\u015fma S\u0131cakl\u0131\u011f\u0131<\/td>\n<td data-start=\"1471\" data-end=\"1491\" data-col-size=\"sm\">-10 \u00b0C ila +70 \u00b0C<\/td>\n<\/tr>\n<tr data-start=\"1492\" data-end=\"1533\">\n<td data-start=\"1492\" data-end=\"1504\" data-col-size=\"sm\">Standartlar<\/td>\n<td data-start=\"1504\" data-end=\"1533\" data-col-size=\"sm\">IEC, TIA-568, RoHS, REACH<\/td>\n<\/tr>\n<\/tbody>\n<\/table>\n<\/div>\n<\/div>\n<hr data-start=\"1535\" data-end=\"1538\" \/>\n<h3 data-start=\"1540\" data-end=\"1571\"><strong data-start=\"1544\" data-end=\"1571\">Ger\u00e7ek D\u00fcnya Uygulamalar\u0131<\/strong><\/h3>\n<p data-start=\"1573\" data-end=\"1604\">Bu model yayg\u0131n olarak \u015fu alanlarda kullan\u0131l\u0131r:<\/p>\n<ul data-start=\"1606\" data-end=\"1790\">\n<li data-start=\"1606\" data-end=\"1638\">\n<p data-start=\"1608\" data-end=\"1638\"><strong data-start=\"1608\" data-end=\"1638\">Kurumsal ve kamp\u00fcs LAN'lar\u0131<\/strong><\/p>\n<\/li>\n<li data-start=\"1639\" data-end=\"1684\">\n<p data-start=\"1641\" data-end=\"1684\"><strong data-start=\"1641\" data-end=\"1684\">G\u00fcvenlik ve g\u00f6zetim fiber sistemleri<\/strong><\/p>\n<\/li>\n<li data-start=\"1685\" data-end=\"1710\">\n<p data-start=\"1687\" data-end=\"1710\"><strong data-start=\"1687\" data-end=\"1710\">End\u00fcstriyel Ethernet<\/strong><\/p>\n<\/li>\n<li data-start=\"1711\" data-end=\"1750\">\n<p data-start=\"1713\" data-end=\"1750\"><strong data-start=\"1713\" data-end=\"1750\">Telekom odalar\u0131 ve MDF\/IDF dolaplar\u0131<\/strong><\/p>\n<\/li>\n<li data-start=\"1751\" data-end=\"1790\">\n<p data-start=\"1753\" data-end=\"1790\"><strong data-start=\"1753\" data-end=\"1790\">Fiber ortam d\u00f6n\u00fc\u015ft\u00fcr\u00fcc\u00fc ba\u011flant\u0131lar\u0131<\/strong><\/p>\n<\/li>\n<\/ul>\n<p data-start=\"1792\" data-end=\"1908\">Onun <strong data-start=\"1796\" data-end=\"1812\">62,5 \u03bcm \u00e7ekirdek<\/strong> hizalamaya kar\u015f\u0131 iyi tolerans sa\u011flayarak y\u00fcksek ba\u011flant\u0131 say\u0131s\u0131na sahip ortamlarda g\u00fcvenilir olmas\u0131n\u0131 sa\u011flar.<\/p>\n<hr data-start=\"1910\" data-end=\"1913\" \/>\n<h3 data-start=\"1915\" data-end=\"1962\"><strong data-start=\"1919\" data-end=\"1962\">Tutarl\u0131 Performans i\u00e7in \u00dcretilmi\u015ftir<\/strong><\/h3>\n<p data-start=\"1964\" data-end=\"2247\">Her LC-ST OM1 yama kablosu a\u015fa\u011f\u0131dakiler kullan\u0131larak \u00fcretilir <strong data-start=\"2008\" data-end=\"2056\">hassas seramik y\u00fcks\u00fckler ve UPC parlatma<\/strong>, ve ard\u0131ndan <strong data-start=\"2070\" data-end=\"2114\">100% optik inceleme ve kay\u0131p testi<\/strong>. Bu, her iki lifin de a\u015fa\u011f\u0131dakileri kar\u015f\u0131lamas\u0131n\u0131 sa\u011flar <strong data-start=\"2151\" data-end=\"2201\">s\u0131k\u0131 ekleme kayb\u0131 ve geri d\u00f6n\u00fc\u015f kayb\u0131 standartlar\u0131<\/strong>, tekrar tekrar fi\u015fe tak\u0131p \u00e7\u0131kard\u0131ktan sonra bile.<\/p>\n<hr data-start=\"2249\" data-end=\"2252\" \/>\n<h2 data-start=\"2254\" data-end=\"2277\"><strong data-start=\"2257\" data-end=\"2277\">Profesyonel Soru-Cevap<\/strong><\/h2>\n<p data-start=\"2279\" data-end=\"2406\"><strong data-start=\"2279\" data-end=\"2327\">S1: Bu kablo Gigabit Ethernet'i destekleyebilir mi?<\/strong><br data-start=\"2327\" data-end=\"2330\" \/>Evet. OM1 62.5\/125 fiber destekler <strong data-start=\"2363\" data-end=\"2405\">850 nm'de 275 metreye kadar 1G Ethernet<\/strong>.<\/p>\n<p data-start=\"2408\" data-end=\"2565\"><strong data-start=\"2408\" data-end=\"2458\">S2: Neden bir u\u00e7ta LC ve di\u011fer u\u00e7ta ST kullan\u0131l\u0131yor?<\/strong><br data-start=\"2458\" data-end=\"2461\" \/>LC'ye ba\u011flan\u0131r <strong data-start=\"2476\" data-end=\"2506\">modern SFP tabanl\u0131 ekipman<\/strong>, ST e\u015fle\u015firken <strong data-start=\"2525\" data-end=\"2564\">eski duvar prizleri ve patch paneller<\/strong>.<\/p>\n<p data-start=\"2567\" data-end=\"2684\"><strong data-start=\"2567\" data-end=\"2600\">S3: Bu 10G i\u00e7in uygun mu?<\/strong><br data-start=\"2600\" data-end=\"2603\" \/>Hay\u0131r. OM1 fiber a\u015fa\u011f\u0131dakiler i\u00e7in tasarlanm\u0131\u015ft\u0131r <strong data-start=\"2633\" data-end=\"2657\">H\u0131zl\u0131 Ethernet ve 1G<\/strong>, 10G iletim i\u00e7in de\u011fil.<\/p>\n<p data-start=\"2686\" data-end=\"2850\"><strong data-start=\"2686\" data-end=\"2736\">S4: UPC parlatma sinyal kalitesini art\u0131r\u0131r m\u0131?<\/strong><br data-start=\"2736\" data-end=\"2739\" \/>Evet. UPC daha yumu\u015fak bir elyaf temas\u0131 yaratarak <strong data-start=\"2790\" data-end=\"2812\">geri d\u00f6n\u00fc\u015f kayb\u0131 \u226530 dB<\/strong> ve iletim stabilitesinin iyile\u015ftirilmesi.<\/p>","protected":false},"excerpt":{"rendered":"<p data-start=\"67\" data-end=\"388\">Bu <strong data-start=\"71\" data-end=\"100\">LC\/UPC\u2013ST\/UPC-62.5\/125-DX<\/strong> bir <strong data-start=\"106\" data-end=\"139\">dubleks \u00e7ok modlu fiber jumper<\/strong> ba\u011flamak i\u00e7in tasarlanm\u0131\u015ft\u0131r <strong data-start=\"157\" data-end=\"186\">modern LC tabanl\u0131 ekipman<\/strong> ile <strong data-start=\"192\" data-end=\"230\">eski ST fiber \u00e7\u0131k\u0131\u015flar\u0131 ve panelleri<\/strong>. Yayg\u0131n olarak kullan\u0131l\u0131r <strong data-start=\"253\" data-end=\"337\">kamp\u00fcs a\u011flar\u0131, end\u00fcstriyel otomasyon, CCTV fiber ba\u011flant\u0131lar\u0131 ve bina omurgalar\u0131<\/strong> nerede <strong data-start=\"344\" data-end=\"367\">62,5 \u03bcm OM1 kablolama<\/strong> hala hizmette.<\/p>\n<p data-start=\"390\" data-end=\"566\">Bu kablo ba\u011flant\u0131 kurmay\u0131 kolayla\u015ft\u0131r\u0131r <strong data-start=\"426\" data-end=\"453\">kompakt LC al\u0131c\u0131-vericiler<\/strong> anahtarlarda veya ortam d\u00f6n\u00fc\u015ft\u00fcr\u00fcc\u00fclerde <strong data-start=\"489\" data-end=\"527\">ST sonland\u0131rmal\u0131 fiber altyap\u0131<\/strong> adapt\u00f6rler veya sinyal \u00f6d\u00fcnleri olmadan.<\/p>","protected":false},"featured_media":673,"comment_status":"open","ping_status":"closed","template":"","meta":[],"product_brand":[],"product_cat":[44],"product_tag":[],"class_list":{"0":"post-671","1":"product","2":"type-product","3":"status-publish","4":"has-post-thumbnail","6":"product_cat-multimode-fiber-optic-patch-cord","8":"first","9":"instock","10":"shipping-taxable","11":"product-type-simple"},"_links":{"self":[{"href":"https:\/\/www.fenxifiber.com\/tr\/wp-json\/wp\/v2\/product\/671","targetHints":{"allow":["GET"]}}],"collection":[{"href":"https:\/\/www.fenxifiber.com\/tr\/wp-json\/wp\/v2\/product"}],"about":[{"href":"https:\/\/www.fenxifiber.com\/tr\/wp-json\/wp\/v2\/types\/product"}],"replies":[{"embeddable":true,"href":"https:\/\/www.fenxifiber.com\/tr\/wp-json\/wp\/v2\/comments?post=671"}],"wp:featuredmedia":[{"embeddable":true,"href":"https:\/\/www.fenxifiber.com\/tr\/wp-json\/wp\/v2\/media\/673"}],"wp:attachment":[{"href":"https:\/\/www.fenxifiber.com\/tr\/wp-json\/wp\/v2\/media?parent=671"}],"wp:term":[{"taxonomy":"product_brand","embeddable":true,"href":"https:\/\/www.fenxifiber.com\/tr\/wp-json\/wp\/v2\/product_brand?post=671"},{"taxonomy":"product_cat","embeddable":true,"href":"https:\/\/www.fenxifiber.com\/tr\/wp-json\/wp\/v2\/product_cat?post=671"},{"taxonomy":"product_tag","embeddable":true,"href":"https:\/\/www.fenxifiber.com\/tr\/wp-json\/wp\/v2\/product_tag?post=671"}],"curies":[{"name":"wp","href":"https:\/\/api.w.org\/{rel}","templated":true}]}}