{"id":676,"date":"2026-02-03T06:20:06","date_gmt":"2026-02-03T06:20:06","guid":{"rendered":"https:\/\/www.fenxifiber.com\/?post_type=product&#038;p=676"},"modified":"2026-02-04T01:29:46","modified_gmt":"2026-02-04T01:29:46","slug":"lc-upc-lc-upc-62-5-125-dx","status":"publish","type":"product","link":"https:\/\/www.fenxifiber.com\/tr\/product\/lc-upc-lc-upc-62-5-125-dx\/","title":{"rendered":"LC\/UPC-LC\/UPC-62.5\/125-DX \u00c7ok Modlu Fiber Optik Yama Kablosu"},"content":{"rendered":"<h3 data-start=\"634\" data-end=\"670\"><strong data-start=\"638\" data-end=\"670\">Bu Kablo Neden Hala \u00d6nemli?<\/strong><\/h3>\n<p data-start=\"672\" data-end=\"1046\">Bir\u00e7ok bina orijinal olarak <strong data-start=\"714\" data-end=\"745\">62,5\/125 \u03bcm \u00e7ok modlu fiber<\/strong>, 'yi m\u00fckemmel bir \u015fekilde idare edebilmektedir. <strong data-start=\"791\" data-end=\"829\">H\u0131zl\u0131 Ethernet ve Gigabit Ethernet<\/strong>. Bu kablo, her iki ucunda LC konekt\u00f6rleri kullanarak, bu a\u011flar\u0131n do\u011frudan <strong data-start=\"924\" data-end=\"955\">modern LC donan\u0131ml\u0131 donan\u0131m<\/strong>, B\u00f6ylece mevcut fiber altyap\u0131n\u0131n \u00f6mr\u00fcn\u00fc uzat\u0131rken y\u00fckseltme maliyetlerini de d\u00fc\u015f\u00fck tutuyor.<\/p>\n<hr data-start=\"1048\" data-end=\"1051\" \/>\n<h3 data-start=\"1053\" data-end=\"1085\"><strong data-start=\"1057\" data-end=\"1085\">Teknik \u00d6zellikler<\/strong><\/h3>\n<div class=\"TyagGW_tableContainer\">\n<div class=\"group TyagGW_tableWrapper flex flex-col-reverse w-fit\" tabindex=\"-1\">\n<table class=\"w-fit min-w-(--thread-content-width)\" data-start=\"1087\" data-end=\"1554\">\n<thead data-start=\"1087\" data-end=\"1128\">\n<tr data-start=\"1087\" data-end=\"1128\">\n<th class=\"\" data-start=\"1087\" data-end=\"1099\" data-col-size=\"sm\">Parametre<\/th>\n<th class=\"\" data-start=\"1099\" data-end=\"1128\" data-col-size=\"sm\">LC\/UPC\u2013LC\/UPC-62.5\/125-DX<\/th>\n<\/tr>\n<\/thead>\n<tbody data-start=\"1157\" data-end=\"1554\">\n<tr data-start=\"1157\" data-end=\"1201\">\n<td data-start=\"1157\" data-end=\"1170\" data-col-size=\"sm\">Elyaf Tipi<\/td>\n<td data-start=\"1170\" data-end=\"1201\" data-col-size=\"sm\">\u00c7ok Modlu 62,5\/125 \u03bcm (OM1)<\/td>\n<\/tr>\n<tr data-start=\"1202\" data-end=\"1233\">\n<td data-start=\"1202\" data-end=\"1218\" data-col-size=\"sm\">Konfig\u00fcrasyon<\/td>\n<td data-start=\"1218\" data-end=\"1233\" data-col-size=\"sm\">Dubleks (DX)<\/td>\n<\/tr>\n<tr data-start=\"1234\" data-end=\"1260\">\n<td data-start=\"1234\" data-end=\"1248\" data-col-size=\"sm\">Konekt\u00f6r A<\/td>\n<td data-start=\"1248\" data-end=\"1260\" data-col-size=\"sm\">LC \/ UPC<\/td>\n<\/tr>\n<tr data-start=\"1261\" data-end=\"1287\">\n<td data-start=\"1261\" data-end=\"1275\" data-col-size=\"sm\">Konekt\u00f6r B<\/td>\n<td data-start=\"1275\" data-end=\"1287\" data-col-size=\"sm\">LC \/ UPC<\/td>\n<\/tr>\n<tr data-start=\"1288\" data-end=\"1331\">\n<td data-start=\"1288\" data-end=\"1311\" data-col-size=\"sm\">\u00c7al\u0131\u015fma Dalga Boyu<\/td>\n<td data-start=\"1311\" data-end=\"1331\" data-col-size=\"sm\">850 nm \/ 1300 nm<\/td>\n<\/tr>\n<tr data-start=\"1332\" data-end=\"1362\">\n<td data-start=\"1332\" data-end=\"1349\" data-col-size=\"sm\">Ekleme Kayb\u0131<\/td>\n<td data-start=\"1349\" data-end=\"1362\" data-col-size=\"sm\">\u2264 0,30 dB<\/td>\n<\/tr>\n<tr data-start=\"1363\" data-end=\"1388\">\n<td data-start=\"1363\" data-end=\"1377\" data-col-size=\"sm\">Geri D\u00f6n\u00fc\u015f Kayb\u0131<\/td>\n<td data-start=\"1377\" data-end=\"1388\" data-col-size=\"sm\">\u2265 30 dB<\/td>\n<\/tr>\n<tr data-start=\"1389\" data-end=\"1436\">\n<td data-start=\"1389\" data-end=\"1409\" data-col-size=\"sm\">Tipik Veri H\u0131z\u0131<\/td>\n<td data-start=\"1409\" data-end=\"1436\" data-col-size=\"sm\">275 m'ye kadar 1G Ethernet<\/td>\n<\/tr>\n<tr data-start=\"1437\" data-end=\"1467\">\n<td data-start=\"1437\" data-end=\"1452\" data-col-size=\"sm\">Kablo Ceketi<\/td>\n<td data-start=\"1452\" data-end=\"1467\" data-col-size=\"sm\">LSZH veya PVC<\/td>\n<\/tr>\n<tr data-start=\"1468\" data-end=\"1512\">\n<td data-start=\"1468\" data-end=\"1492\" data-col-size=\"sm\">\u00c7al\u0131\u015fma S\u0131cakl\u0131\u011f\u0131<\/td>\n<td data-start=\"1492\" data-end=\"1512\" data-col-size=\"sm\">-10 \u00b0C ila +70 \u00b0C<\/td>\n<\/tr>\n<tr data-start=\"1513\" data-end=\"1554\">\n<td data-start=\"1513\" data-end=\"1525\" data-col-size=\"sm\">Standartlar<\/td>\n<td data-start=\"1525\" data-end=\"1554\" data-col-size=\"sm\">IEC, TIA-568, RoHS, REACH<\/td>\n<\/tr>\n<\/tbody>\n<\/table>\n<\/div>\n<\/div>\n<hr data-start=\"1556\" data-end=\"1559\" \/>\n<h3 data-start=\"1561\" data-end=\"1589\"><strong data-start=\"1565\" data-end=\"1589\">Tipik Uygulamalar<\/strong><\/h3>\n<ul data-start=\"1591\" data-end=\"1776\">\n<li data-start=\"1591\" data-end=\"1640\">\n<p data-start=\"1593\" data-end=\"1640\"><strong data-start=\"1593\" data-end=\"1640\">Switch-to-switch ve switch-to-server ba\u011flant\u0131lar\u0131<\/strong><\/p>\n<\/li>\n<li data-start=\"1641\" data-end=\"1669\">\n<p data-start=\"1643\" data-end=\"1669\"><strong data-start=\"1643\" data-end=\"1669\">Fiber medya d\u00f6n\u00fc\u015ft\u00fcr\u00fcc\u00fcler<\/strong><\/p>\n<\/li>\n<li data-start=\"1670\" data-end=\"1702\">\n<p data-start=\"1672\" data-end=\"1702\"><strong data-start=\"1672\" data-end=\"1702\">Kamp\u00fcs ve kurumsal LAN'lar<\/strong><\/p>\n<\/li>\n<li data-start=\"1703\" data-end=\"1740\">\n<p data-start=\"1705\" data-end=\"1740\"><strong data-start=\"1705\" data-end=\"1740\">G\u00fcvenlik ve CCTV fiber sistemleri<\/strong><\/p>\n<\/li>\n<li data-start=\"1741\" data-end=\"1776\">\n<p data-start=\"1743\" data-end=\"1776\"><strong data-start=\"1743\" data-end=\"1776\">Telekom odalar\u0131 ve IDF dolaplar\u0131<\/strong><\/p>\n<\/li>\n<\/ul>\n<p data-start=\"1778\" data-end=\"1913\">Bu <strong data-start=\"1782\" data-end=\"1805\">daha b\u00fcy\u00fck 62,5 \u03bcm \u00e7ekirdek<\/strong> kabloyu hizalamaya ve toza kar\u015f\u0131 daha toleransl\u0131 hale getirir, bu da y\u00fcksek trafikli yama ortamlar\u0131nda kullan\u0131\u015fl\u0131d\u0131r.<\/p>\n<hr data-start=\"1915\" data-end=\"1918\" \/>\n<h3 data-start=\"1920\" data-end=\"1971\"><strong data-start=\"1924\" data-end=\"1971\">Kararl\u0131 Optik Performans i\u00e7in \u00dcretilmi\u015ftir<\/strong><\/h3>\n<p data-start=\"1973\" data-end=\"2239\">Her LC\/UPC-LC\/UPC ba\u011flant\u0131 kablosu \u015fu malzemeler kullan\u0131larak \u00fcretilmi\u015ftir <strong data-start=\"2018\" data-end=\"2080\">y\u00fcksek hassasiyetli seramik y\u00fcks\u00fckler ve UPC cilal\u0131 u\u00e7 y\u00fczeyleri<\/strong>, ve ard\u0131ndan <strong data-start=\"2094\" data-end=\"2140\">100% muayene ve ekleme kayb\u0131 testi<\/strong>. Bu, kablonun \u00f6mr\u00fc boyunca g\u00fcvenilir performans ve tutarl\u0131 sinyal kalitesi sa\u011flar.<\/p>\n<p data-start=\"2241\" data-end=\"2364\">\u0130ste\u011fe ba\u011fl\u0131 <strong data-start=\"2254\" data-end=\"2269\">LSZH ceket<\/strong> moderni destekler <strong data-start=\"2286\" data-end=\"2328\">yang\u0131n g\u00fcvenli\u011fi ve d\u00fc\u015f\u00fck duman gereksinimleri<\/strong> kamu ve ticari binalarda.<\/p>\n<hr data-start=\"2366\" data-end=\"2369\" \/>\n<h2 data-start=\"2371\" data-end=\"2394\"><strong data-start=\"2374\" data-end=\"2394\">Profesyonel Soru-Cevap<\/strong><\/h2>\n<p data-start=\"2396\" data-end=\"2527\"><strong data-start=\"2396\" data-end=\"2448\">S1: Bu kablo Gigabit Ethernet i\u00e7in kullan\u0131labilir mi?<\/strong><br data-start=\"2448\" data-end=\"2451\" \/>Evet. OM1 62.5\/125 fiber destekler <strong data-start=\"2484\" data-end=\"2526\">850 nm'de 275 metreye kadar 1G Ethernet<\/strong>.<\/p>\n<p data-start=\"2529\" data-end=\"2671\"><strong data-start=\"2529\" data-end=\"2581\">S2: LC eski \u00e7ok modlu fiber ile uyumlu mu?<\/strong><br data-start=\"2581\" data-end=\"2584\" \/>Evet. LC sadece konekt\u00f6r tipidir - a\u015fa\u011f\u0131dakilerle m\u00fckemmel \u00e7al\u0131\u015f\u0131r <strong data-start=\"2645\" data-end=\"2670\">62,5\/125 \u03bcm OM1 fiber<\/strong>.<\/p>\n<p data-start=\"2673\" data-end=\"2790\"><strong data-start=\"2673\" data-end=\"2706\">S3: Bu 10G i\u00e7in uygun mu?<\/strong><br data-start=\"2706\" data-end=\"2709\" \/>Hay\u0131r. OM1 fiber a\u015fa\u011f\u0131dakiler i\u00e7in tasarlanm\u0131\u015ft\u0131r <strong data-start=\"2739\" data-end=\"2763\">H\u0131zl\u0131 Ethernet ve 1G<\/strong>, 10G iletim i\u00e7in de\u011fil.<\/p>\n<p data-start=\"2792\" data-end=\"2967\"><strong data-start=\"2792\" data-end=\"2834\">S4: Neden SC-SC yerine LC-LC'yi se\u00e7melisiniz?<\/strong><br data-start=\"2834\" data-end=\"2837\" \/>LC konekt\u00f6rler <strong data-start=\"2855\" data-end=\"2898\">daha k\u00fc\u00e7\u00fckt\u00fcr ve daha y\u00fcksek ba\u011flant\u0131 noktas\u0131 yo\u011funlu\u011funu destekler<\/strong>, i\u00e7in ideal hale getirmektedir. <strong data-start=\"2922\" data-end=\"2966\">modern anahtarlar ve kompakt patch paneller<\/strong>.<\/p>","protected":false},"excerpt":{"rendered":"<p data-start=\"67\" data-end=\"462\">Bu <strong data-start=\"71\" data-end=\"100\">LC\/UPC\u2013LC\/UPC-62.5\/125-DX<\/strong> bir <strong data-start=\"106\" data-end=\"151\">kompakt dubleks \u00e7ok modlu fiber ba\u011flant\u0131 kablosu<\/strong> hala \u00e7al\u0131\u015fan ortamlar i\u00e7in tasarlanm\u0131\u015ft\u0131r <strong data-start=\"200\" data-end=\"221\">OM1 62,5 \u03bcm fiber<\/strong> ancak <strong data-start=\"238\" data-end=\"272\">k\u00fc\u00e7\u00fck form fakt\u00f6rl\u00fc LC aray\u00fcz\u00fc<\/strong> modern anahtarlar, y\u00f6nlendiriciler ve al\u0131c\u0131-vericiler taraf\u0131ndan kullan\u0131l\u0131r. Ba\u011flanmak i\u00e7in temiz ve verimli bir yol sa\u011flar <strong data-start=\"374\" data-end=\"400\">eski \u00e7ok modlu ba\u011flant\u0131lar<\/strong> do\u011frudan <strong data-start=\"413\" data-end=\"444\">LC tabanl\u0131 SFP ve SFP+ ba\u011flant\u0131 noktalar\u0131<\/strong> adapt\u00f6rler olmadan.<\/p>\n<p data-start=\"464\" data-end=\"627\">Bu model \u015fu alanlarda yayg\u0131n olarak kullan\u0131lmaktad\u0131r <strong data-start=\"493\" data-end=\"574\">kamp\u00fcs a\u011flar\u0131, bina omurgalar\u0131, fiber medya d\u00f6n\u00fc\u015ft\u00fcr\u00fcc\u00fcler ve CCTV sistemleri<\/strong> OM1 kablolaman\u0131n kurulu ve \u00e7al\u0131\u015f\u0131r durumda kald\u0131\u011f\u0131 yerlerde.<\/p>","protected":false},"featured_media":677,"comment_status":"open","ping_status":"closed","template":"","meta":[],"product_brand":[],"product_cat":[44],"product_tag":[],"class_list":{"0":"post-676","1":"product","2":"type-product","3":"status-publish","4":"has-post-thumbnail","6":"product_cat-multimode-fiber-optic-patch-cord","8":"first","9":"instock","10":"shipping-taxable","11":"product-type-simple"},"_links":{"self":[{"href":"https:\/\/www.fenxifiber.com\/tr\/wp-json\/wp\/v2\/product\/676","targetHints":{"allow":["GET"]}}],"collection":[{"href":"https:\/\/www.fenxifiber.com\/tr\/wp-json\/wp\/v2\/product"}],"about":[{"href":"https:\/\/www.fenxifiber.com\/tr\/wp-json\/wp\/v2\/types\/product"}],"replies":[{"embeddable":true,"href":"https:\/\/www.fenxifiber.com\/tr\/wp-json\/wp\/v2\/comments?post=676"}],"wp:featuredmedia":[{"embeddable":true,"href":"https:\/\/www.fenxifiber.com\/tr\/wp-json\/wp\/v2\/media\/677"}],"wp:attachment":[{"href":"https:\/\/www.fenxifiber.com\/tr\/wp-json\/wp\/v2\/media?parent=676"}],"wp:term":[{"taxonomy":"product_brand","embeddable":true,"href":"https:\/\/www.fenxifiber.com\/tr\/wp-json\/wp\/v2\/product_brand?post=676"},{"taxonomy":"product_cat","embeddable":true,"href":"https:\/\/www.fenxifiber.com\/tr\/wp-json\/wp\/v2\/product_cat?post=676"},{"taxonomy":"product_tag","embeddable":true,"href":"https:\/\/www.fenxifiber.com\/tr\/wp-json\/wp\/v2\/product_tag?post=676"}],"curies":[{"name":"wp","href":"https:\/\/api.w.org\/{rel}","templated":true}]}}