{"id":678,"date":"2026-02-03T06:53:30","date_gmt":"2026-02-03T06:53:30","guid":{"rendered":"https:\/\/www.fenxifiber.com\/?post_type=product&#038;p=678"},"modified":"2026-02-04T01:30:17","modified_gmt":"2026-02-04T01:30:17","slug":"fc-upc-st-upc-om3-dx","status":"publish","type":"product","link":"https:\/\/www.fenxifiber.com\/tr\/product\/fc-upc-st-upc-om3-dx\/","title":{"rendered":"FC\/UPC-ST\/UPC-OM3-DX \u00c7ok Modlu Fiber Optik Yama Kablosu"},"content":{"rendered":"<h3 data-start=\"675\" data-end=\"709\"><strong data-start=\"679\" data-end=\"709\">Neden OM3 Fiber \u00fczerinde FC-to-ST?<\/strong><\/h3>\n<p data-start=\"711\" data-end=\"958\">FC konekt\u00f6rleri \u015funlar\u0131 sa\u011flar <strong data-start=\"733\" data-end=\"774\">di\u015fli, titre\u015fime dayan\u0131kl\u0131 kilitleme<\/strong>, i\u00e7in ideal hale getirmektedir. <strong data-start=\"798\" data-end=\"842\">\u00f6l\u00e7\u00fcm eki\u0307pmanlari ve kri\u0307ti\u0307k ba\u011flantilar<\/strong>.<br data-start=\"843\" data-end=\"846\" \/>ST konnekt\u00f6rleri \u015funlar\u0131 sunar <strong data-start=\"866\" data-end=\"892\">h\u0131zl\u0131 bayonet kaplin<\/strong>, h\u0131zl\u0131 kurulum sa\u011flayan <strong data-start=\"924\" data-end=\"957\">yama panelleri ve duvar prizleri<\/strong>.<\/p>\n<p data-start=\"960\" data-end=\"1071\">Bu ikisini birle\u015ftirmek <strong data-start=\"983\" data-end=\"996\">OM3 fiber<\/strong> sana verir <strong data-start=\"1007\" data-end=\"1070\">veri\u0307 merkezi\u0307 sinifi bant geni\u0307\u015fli\u0307\u011fi\u0307 i\u0307le end\u00fcstri\u0307yel sinif kararlilik<\/strong>.<\/p>\n<hr data-start=\"1073\" data-end=\"1076\" \/>\n<h3 data-start=\"1078\" data-end=\"1110\"><strong data-start=\"1082\" data-end=\"1110\">Teknik \u00d6zellikler<\/strong><\/h3>\n<div class=\"TyagGW_tableContainer\">\n<div class=\"group TyagGW_tableWrapper flex flex-col-reverse w-fit\" tabindex=\"-1\">\n<table class=\"w-fit min-w-(--thread-content-width)\" data-start=\"1112\" data-end=\"1594\">\n<thead data-start=\"1112\" data-end=\"1148\">\n<tr data-start=\"1112\" data-end=\"1148\">\n<th class=\"\" data-start=\"1112\" data-end=\"1124\" data-col-size=\"sm\">Parametre<\/th>\n<th class=\"\" data-start=\"1124\" data-end=\"1148\" data-col-size=\"sm\">FC\/UPC-ST\/UPC-OM3-DX<\/th>\n<\/tr>\n<\/thead>\n<tbody data-start=\"1177\" data-end=\"1594\">\n<tr data-start=\"1177\" data-end=\"1217\">\n<td data-start=\"1177\" data-end=\"1190\" data-col-size=\"sm\">Elyaf Tipi<\/td>\n<td data-col-size=\"sm\" data-start=\"1190\" data-end=\"1217\">OM3 \u00c7ok Modlu 50\/125 \u03bcm<\/td>\n<\/tr>\n<tr data-start=\"1218\" data-end=\"1249\">\n<td data-start=\"1218\" data-end=\"1234\" data-col-size=\"sm\">Konfig\u00fcrasyon<\/td>\n<td data-start=\"1234\" data-end=\"1249\" data-col-size=\"sm\">Dubleks (DX)<\/td>\n<\/tr>\n<tr data-start=\"1250\" data-end=\"1276\">\n<td data-start=\"1250\" data-end=\"1264\" data-col-size=\"sm\">Konekt\u00f6r A<\/td>\n<td data-start=\"1264\" data-end=\"1276\" data-col-size=\"sm\">FC \/ UPC<\/td>\n<\/tr>\n<tr data-start=\"1277\" data-end=\"1303\">\n<td data-start=\"1277\" data-end=\"1291\" data-col-size=\"sm\">Konekt\u00f6r B<\/td>\n<td data-col-size=\"sm\" data-start=\"1291\" data-end=\"1303\">ST \/ UPC<\/td>\n<\/tr>\n<tr data-start=\"1304\" data-end=\"1347\">\n<td data-start=\"1304\" data-end=\"1327\" data-col-size=\"sm\">\u00c7al\u0131\u015fma Dalga Boyu<\/td>\n<td data-start=\"1327\" data-end=\"1347\" data-col-size=\"sm\">850 nm \/ 1300 nm<\/td>\n<\/tr>\n<tr data-start=\"1348\" data-end=\"1378\">\n<td data-start=\"1348\" data-end=\"1365\" data-col-size=\"sm\">Ekleme Kayb\u0131<\/td>\n<td data-start=\"1365\" data-end=\"1378\" data-col-size=\"sm\">\u2264 0,30 dB<\/td>\n<\/tr>\n<tr data-start=\"1379\" data-end=\"1404\">\n<td data-start=\"1379\" data-end=\"1393\" data-col-size=\"sm\">Geri D\u00f6n\u00fc\u015f Kayb\u0131<\/td>\n<td data-start=\"1393\" data-end=\"1404\" data-col-size=\"sm\">\u2265 30 dB<\/td>\n<\/tr>\n<tr data-start=\"1405\" data-end=\"1441\">\n<td data-start=\"1405\" data-end=\"1426\" data-col-size=\"sm\">10G Ethernet Eri\u015fimi<\/td>\n<td data-col-size=\"sm\" data-start=\"1426\" data-end=\"1441\">300 m'ye kadar<\/td>\n<\/tr>\n<tr data-start=\"1442\" data-end=\"1476\">\n<td data-start=\"1442\" data-end=\"1461\" data-col-size=\"sm\">40G \/ 100G Eri\u015fim<\/td>\n<td data-col-size=\"sm\" data-start=\"1461\" data-end=\"1476\">100 m'ye kadar<\/td>\n<\/tr>\n<tr data-start=\"1477\" data-end=\"1507\">\n<td data-start=\"1477\" data-end=\"1492\" data-col-size=\"sm\">Kablo Ceketi<\/td>\n<td data-col-size=\"sm\" data-start=\"1492\" data-end=\"1507\">LSZH veya PVC<\/td>\n<\/tr>\n<tr data-start=\"1508\" data-end=\"1552\">\n<td data-start=\"1508\" data-end=\"1532\" data-col-size=\"sm\">\u00c7al\u0131\u015fma S\u0131cakl\u0131\u011f\u0131<\/td>\n<td data-col-size=\"sm\" data-start=\"1532\" data-end=\"1552\">-10 \u00b0C ila +70 \u00b0C<\/td>\n<\/tr>\n<tr data-start=\"1553\" data-end=\"1594\">\n<td data-start=\"1553\" data-end=\"1565\" data-col-size=\"sm\">Standartlar<\/td>\n<td data-start=\"1565\" data-end=\"1594\" data-col-size=\"sm\">IEC, TIA-568, RoHS, REACH<\/td>\n<\/tr>\n<\/tbody>\n<\/table>\n<\/div>\n<\/div>\n<hr data-start=\"1596\" data-end=\"1599\" \/>\n<h3 data-start=\"1601\" data-end=\"1631\"><strong data-start=\"1605\" data-end=\"1631\">Ger\u00e7ek D\u00fcnya Performans\u0131<\/strong><\/h3>\n<p data-start=\"1633\" data-end=\"1703\">OM3 fiber destekler <strong data-start=\"1652\" data-end=\"1687\">850 nm'de 2000 MHz-km bant geni\u015fli\u011fi<\/strong>, sa\u011flar:<\/p>\n<ul data-start=\"1705\" data-end=\"1776\">\n<li data-start=\"1705\" data-end=\"1740\">\n<p data-start=\"1707\" data-end=\"1740\"><strong data-start=\"1707\" data-end=\"1740\">300 metreye kadar 10G Ethernet<\/strong><\/p>\n<\/li>\n<li data-start=\"1741\" data-end=\"1776\">\n<p data-start=\"1743\" data-end=\"1776\"><strong data-start=\"1743\" data-end=\"1776\">100 metreye kadar 40G ve 100G<\/strong><\/p>\n<\/li>\n<\/ul>\n<p data-start=\"1778\" data-end=\"1823\">Bu, FC-ST OM3 jumper'\u0131n\u0131 a\u015fa\u011f\u0131dakiler i\u00e7in uygun hale getirir:<\/p>\n<ul data-start=\"1825\" data-end=\"2012\">\n<li data-start=\"1825\" data-end=\"1861\">\n<p data-start=\"1827\" data-end=\"1861\"><strong data-start=\"1827\" data-end=\"1861\">Y\u00fcksek h\u0131zl\u0131 end\u00fcstriyel Ethernet<\/strong><\/p>\n<\/li>\n<li data-start=\"1862\" data-end=\"1904\">\n<p data-start=\"1864\" data-end=\"1904\"><strong data-start=\"1864\" data-end=\"1904\">Optik test ve \u00f6l\u00e7\u00fcm sistemleri<\/strong><\/p>\n<\/li>\n<li data-start=\"1905\" data-end=\"1942\">\n<p data-start=\"1907\" data-end=\"1942\"><strong data-start=\"1907\" data-end=\"1942\">Telekom ve metro u\u00e7 a\u011flar\u0131<\/strong><\/p>\n<\/li>\n<li data-start=\"1943\" data-end=\"1975\">\n<p data-start=\"1945\" data-end=\"1975\"><strong data-start=\"1945\" data-end=\"1975\">Veri merkezi \u00e7apraz ba\u011flant\u0131lar\u0131<\/strong><\/p>\n<\/li>\n<li data-start=\"1976\" data-end=\"2012\">\n<p data-start=\"1978\" data-end=\"2012\"><strong data-start=\"1978\" data-end=\"2012\">Otomasyon ve kontrol sistemleri<\/strong><\/p>\n<\/li>\n<\/ul>\n<hr data-start=\"2014\" data-end=\"2017\" \/>\n<h3 data-start=\"2019\" data-end=\"2060\"><strong data-start=\"2023\" data-end=\"2060\">Sinyal B\u00fct\u00fcnl\u00fc\u011f\u00fc i\u00e7in \u00dcretilmi\u015ftir<\/strong><\/h3>\n<p data-start=\"2062\" data-end=\"2345\">Her bir kablo \u015fu malzemeler kullan\u0131larak monte edilir <strong data-start=\"2092\" data-end=\"2178\">hassas seramik y\u00fcks\u00fckler, UPC parlatma ve otomatik interferometre denetimi<\/strong>. Her iki fiber kanal da <strong data-start=\"2204\" data-end=\"2254\">100% ekleme kayb\u0131 ve geri d\u00f6n\u00fc\u015f kayb\u0131 i\u00e7in test edilmi\u015ftir<\/strong>, 'de bile istikrarl\u0131 iletim sa\u011flar. <strong data-start=\"2293\" data-end=\"2344\">y\u00fcksek titre\u015fimli veya y\u00fcksek s\u0131cakl\u0131kl\u0131 ortamlar<\/strong>.<\/p>\n<p data-start=\"2347\" data-end=\"2455\">Bu <strong data-start=\"2351\" data-end=\"2373\">LSZH ceket se\u00e7ene\u011fi<\/strong> modernle bulu\u015fuyor <strong data-start=\"2387\" data-end=\"2412\">yangin g\u00fcvenli\u0307\u011fi\u0307 standartlari<\/strong> veri merkezleri ve ticari binalar i\u00e7in.<\/p>\n<hr data-start=\"2457\" data-end=\"2460\" \/>\n<h2 data-start=\"2462\" data-end=\"2485\"><strong data-start=\"2465\" data-end=\"2485\">Profesyonel Soru-Cevap<\/strong><\/h2>\n<p data-start=\"2487\" data-end=\"2636\"><strong data-start=\"2487\" data-end=\"2536\">S1: OM3'\u00fcn 62.5\/125 fiberden fark\u0131 nedir?<\/strong><br data-start=\"2536\" data-end=\"2539\" \/>OM3'te <strong data-start=\"2547\" data-end=\"2572\">\u00e7ok daha y\u00fcksek bant geni\u015fli\u011fi<\/strong> ve destekler <strong data-start=\"2586\" data-end=\"2598\">10G-100G<\/strong>, ile s\u0131n\u0131rl\u0131yken, 62,5\/125 <strong data-start=\"2629\" data-end=\"2635\">1G<\/strong>.<\/p>\n<p data-start=\"2638\" data-end=\"2812\"><strong data-start=\"2638\" data-end=\"2688\">S2: Y\u00fcksek h\u0131zl\u0131 ba\u011flant\u0131larda neden FC konekt\u00f6rleri kullan\u0131l\u0131yor?<\/strong><br data-start=\"2688\" data-end=\"2691\" \/>FC'nin <strong data-start=\"2696\" data-end=\"2723\">di\u015fli metal kaplin<\/strong> hassas optik sistemlerde sinyal dalgalanmalar\u0131na neden olabilecek mikro hareketleri \u00f6nler.<\/p>\n<p data-start=\"2814\" data-end=\"2979\"><strong data-start=\"2814\" data-end=\"2862\">S3: Bu kablo veri merkezleri i\u00e7in uygun mu?<\/strong><br data-start=\"2862\" data-end=\"2865\" \/>Evet. OM3 \u015funlar\u0131 destekler <strong data-start=\"2883\" data-end=\"2905\">10G, 40G ve 100G<\/strong> Veri merkezlerinde ve bulut altyap\u0131s\u0131nda yayg\u0131n olarak kullan\u0131lan k\u0131sa eri\u015fimli ba\u011flant\u0131lar.<\/p>","protected":false},"excerpt":{"rendered":"<p data-start=\"62\" data-end=\"476\">Bu <strong data-start=\"66\" data-end=\"90\">FC\/UPC-ST\/UPC-OM3-DX<\/strong> bir <strong data-start=\"96\" data-end=\"150\">y\u00fcksek performansl\u0131 dubleks \u00e7ok modlu fiber ba\u011flant\u0131 kablosu<\/strong> i\u00e7in tasarland\u0131 <strong data-start=\"166\" data-end=\"200\">10G ve 40G'ye haz\u0131r OM3 a\u011flar\u0131<\/strong> gerektiren <strong data-start=\"214\" data-end=\"295\">bir tarafta g\u00fcvenli FC ba\u011flant\u0131lar\u0131 ve di\u011fer tarafta h\u0131zl\u0131 ba\u011flant\u0131 ST aray\u00fczleri<\/strong>. Yayg\u0131n olarak kullan\u0131l\u0131r <strong data-start=\"318\" data-end=\"412\">telekom odalar\u0131, end\u00fcstriyel Ethernet, optik test laboratuvarlar\u0131 ve veri merkezi u\u00e7 da\u011f\u0131t\u0131mlar\u0131<\/strong> Hem mekanik stabilite hem de optik h\u0131z\u0131n gerekli oldu\u011fu durumlarda.<\/p>\n<p data-start=\"478\" data-end=\"668\">\u0130le in\u015fa edilmi\u015ftir <strong data-start=\"489\" data-end=\"528\">OM3 50\/125 \u03bcm lazer i\u00e7in optimize edilmi\u015f fiber<\/strong>, bu kablo modern kablolar i\u00e7in tasarlanm\u0131\u015ft\u0131r <strong data-start=\"564\" data-end=\"593\">850 nm VCSEL tabanl\u0131 optikler<\/strong>, Eski OM1 ve OM2 fiberlere g\u00f6re \u00f6nemli \u00f6l\u00e7\u00fcde daha y\u00fcksek bant geni\u015fli\u011fi sa\u011flar.<\/p>","protected":false},"featured_media":679,"comment_status":"open","ping_status":"closed","template":"","meta":[],"product_brand":[],"product_cat":[44],"product_tag":[],"class_list":{"0":"post-678","1":"product","2":"type-product","3":"status-publish","4":"has-post-thumbnail","6":"product_cat-multimode-fiber-optic-patch-cord","8":"first","9":"instock","10":"shipping-taxable","11":"product-type-simple"},"_links":{"self":[{"href":"https:\/\/www.fenxifiber.com\/tr\/wp-json\/wp\/v2\/product\/678","targetHints":{"allow":["GET"]}}],"collection":[{"href":"https:\/\/www.fenxifiber.com\/tr\/wp-json\/wp\/v2\/product"}],"about":[{"href":"https:\/\/www.fenxifiber.com\/tr\/wp-json\/wp\/v2\/types\/product"}],"replies":[{"embeddable":true,"href":"https:\/\/www.fenxifiber.com\/tr\/wp-json\/wp\/v2\/comments?post=678"}],"wp:featuredmedia":[{"embeddable":true,"href":"https:\/\/www.fenxifiber.com\/tr\/wp-json\/wp\/v2\/media\/679"}],"wp:attachment":[{"href":"https:\/\/www.fenxifiber.com\/tr\/wp-json\/wp\/v2\/media?parent=678"}],"wp:term":[{"taxonomy":"product_brand","embeddable":true,"href":"https:\/\/www.fenxifiber.com\/tr\/wp-json\/wp\/v2\/product_brand?post=678"},{"taxonomy":"product_cat","embeddable":true,"href":"https:\/\/www.fenxifiber.com\/tr\/wp-json\/wp\/v2\/product_cat?post=678"},{"taxonomy":"product_tag","embeddable":true,"href":"https:\/\/www.fenxifiber.com\/tr\/wp-json\/wp\/v2\/product_tag?post=678"}],"curies":[{"name":"wp","href":"https:\/\/api.w.org\/{rel}","templated":true}]}}