{"id":680,"date":"2026-02-03T06:55:42","date_gmt":"2026-02-03T06:55:42","guid":{"rendered":"https:\/\/www.fenxifiber.com\/?post_type=product&#038;p=680"},"modified":"2026-02-04T01:30:51","modified_gmt":"2026-02-04T01:30:51","slug":"fc-upc-lc-upc-om3-dx","status":"publish","type":"product","link":"https:\/\/www.fenxifiber.com\/tr\/product\/fc-upc-lc-upc-om3-dx\/","title":{"rendered":"FC\/UPC-LC\/UPC-OM3-DX \u00c7ok Modlu Fiber Optik Yama Kablosu"},"content":{"rendered":"<h3 data-start=\"616\" data-end=\"667\"><strong data-start=\"620\" data-end=\"667\">\u0130stikrar\u0131n Y\u00fcksek H\u0131zl\u0131 A\u011f ile Bulu\u015ftu\u011fu Yer<\/strong><\/h3>\n<p data-start=\"669\" data-end=\"987\">FC konekt\u00f6rleri bir <strong data-start=\"689\" data-end=\"716\">di\u015fli metal kaplin<\/strong>, Bu sayede titre\u015fime ve mikro hareketlere kar\u015f\u0131 son derece dayan\u0131kl\u0131d\u0131r. <strong data-start=\"791\" data-end=\"839\">OTDR'ler, optik analiz\u00f6rler ve kritik ba\u011flant\u0131lar<\/strong>.<br data-start=\"840\" data-end=\"843\" \/>\u00d6te yandan LC konekt\u00f6rler \u015funlar\u0131 sa\u011flar <strong data-start=\"885\" data-end=\"923\">kompakt, y\u00fcksek yo\u011funluklu ba\u011flant\u0131<\/strong>, \u00fczerinde standart olan <strong data-start=\"946\" data-end=\"986\">SFP+, QSFP ve QSFP-DD al\u0131c\u0131-vericileri<\/strong>.<\/p>\n<p data-start=\"989\" data-end=\"1120\">Bu hibrit tasar\u0131m ba\u011flant\u0131 kurman\u0131z\u0131 sa\u011flar <strong data-start=\"1025\" data-end=\"1088\">hassas ekipman do\u011frudan y\u00fcksek h\u0131zl\u0131 a\u011f donan\u0131m\u0131na<\/strong> adapt\u00f6r veya ilave kay\u0131p olmadan.<\/p>\n<hr data-start=\"1122\" data-end=\"1125\" \/>\n<h3 data-start=\"1127\" data-end=\"1159\"><strong data-start=\"1131\" data-end=\"1159\">Teknik \u00d6zellikler<\/strong><\/h3>\n<div class=\"TyagGW_tableContainer\">\n<div class=\"group TyagGW_tableWrapper flex flex-col-reverse w-fit\" tabindex=\"-1\">\n<table class=\"w-fit min-w-(--thread-content-width)\" data-start=\"1161\" data-end=\"1631\">\n<thead data-start=\"1161\" data-end=\"1197\">\n<tr data-start=\"1161\" data-end=\"1197\">\n<th class=\"\" data-start=\"1161\" data-end=\"1173\" data-col-size=\"sm\">Parametre<\/th>\n<th class=\"\" data-start=\"1173\" data-end=\"1197\" data-col-size=\"sm\">FC\/UPC-LC\/UPC-OM3-DX<\/th>\n<\/tr>\n<\/thead>\n<tbody data-start=\"1226\" data-end=\"1631\">\n<tr data-start=\"1226\" data-end=\"1266\">\n<td data-start=\"1226\" data-end=\"1239\" data-col-size=\"sm\">Elyaf Tipi<\/td>\n<td data-start=\"1239\" data-end=\"1266\" data-col-size=\"sm\">OM3 \u00c7ok Modlu 50\/125 \u03bcm<\/td>\n<\/tr>\n<tr data-start=\"1267\" data-end=\"1298\">\n<td data-start=\"1267\" data-end=\"1283\" data-col-size=\"sm\">Konfig\u00fcrasyon<\/td>\n<td data-start=\"1283\" data-end=\"1298\" data-col-size=\"sm\">Dubleks (DX)<\/td>\n<\/tr>\n<tr data-start=\"1299\" data-end=\"1325\">\n<td data-start=\"1299\" data-end=\"1313\" data-col-size=\"sm\">Konekt\u00f6r A<\/td>\n<td data-start=\"1313\" data-end=\"1325\" data-col-size=\"sm\">FC \/ UPC<\/td>\n<\/tr>\n<tr data-start=\"1326\" data-end=\"1352\">\n<td data-start=\"1326\" data-end=\"1340\" data-col-size=\"sm\">Konekt\u00f6r B<\/td>\n<td data-start=\"1340\" data-end=\"1352\" data-col-size=\"sm\">LC \/ UPC<\/td>\n<\/tr>\n<tr data-start=\"1353\" data-end=\"1396\">\n<td data-start=\"1353\" data-end=\"1376\" data-col-size=\"sm\">\u00c7al\u0131\u015fma Dalga Boyu<\/td>\n<td data-start=\"1376\" data-end=\"1396\" data-col-size=\"sm\">850 nm \/ 1300 nm<\/td>\n<\/tr>\n<tr data-start=\"1397\" data-end=\"1427\">\n<td data-start=\"1397\" data-end=\"1414\" data-col-size=\"sm\">Ekleme Kayb\u0131<\/td>\n<td data-start=\"1414\" data-end=\"1427\" data-col-size=\"sm\">\u2264 0,30 dB<\/td>\n<\/tr>\n<tr data-start=\"1428\" data-end=\"1453\">\n<td data-start=\"1428\" data-end=\"1442\" data-col-size=\"sm\">Geri D\u00f6n\u00fc\u015f Kayb\u0131<\/td>\n<td data-start=\"1442\" data-end=\"1453\" data-col-size=\"sm\">\u2265 30 dB<\/td>\n<\/tr>\n<tr data-start=\"1454\" data-end=\"1484\">\n<td data-start=\"1454\" data-end=\"1469\" data-col-size=\"sm\">10G Ethernet<\/td>\n<td data-start=\"1469\" data-end=\"1484\" data-col-size=\"sm\">300 m'ye kadar<\/td>\n<\/tr>\n<tr data-start=\"1485\" data-end=\"1513\">\n<td data-start=\"1485\" data-end=\"1498\" data-col-size=\"sm\">40G \/ 100G<\/td>\n<td data-start=\"1498\" data-end=\"1513\" data-col-size=\"sm\">100 m'ye kadar<\/td>\n<\/tr>\n<tr data-start=\"1514\" data-end=\"1544\">\n<td data-start=\"1514\" data-end=\"1529\" data-col-size=\"sm\">Kablo Ceketi<\/td>\n<td data-start=\"1529\" data-end=\"1544\" data-col-size=\"sm\">LSZH veya PVC<\/td>\n<\/tr>\n<tr data-start=\"1545\" data-end=\"1589\">\n<td data-start=\"1545\" data-end=\"1569\" data-col-size=\"sm\">\u00c7al\u0131\u015fma S\u0131cakl\u0131\u011f\u0131<\/td>\n<td data-start=\"1569\" data-end=\"1589\" data-col-size=\"sm\">-10 \u00b0C ila +70 \u00b0C<\/td>\n<\/tr>\n<tr data-start=\"1590\" data-end=\"1631\">\n<td data-start=\"1590\" data-end=\"1602\" data-col-size=\"sm\">Standartlar<\/td>\n<td data-start=\"1602\" data-end=\"1631\" data-col-size=\"sm\">IEC, TIA-568, RoHS, REACH<\/td>\n<\/tr>\n<\/tbody>\n<\/table>\n<\/div>\n<\/div>\n<hr data-start=\"1633\" data-end=\"1636\" \/>\n<h3 data-start=\"1638\" data-end=\"1682\"><strong data-start=\"1642\" data-end=\"1682\">Bu Kablo Yayg\u0131n Olarak Ne \u0130\u00e7in Kullan\u0131l\u0131r?<\/strong><\/h3>\n<ul data-start=\"1684\" data-end=\"1859\">\n<li data-start=\"1684\" data-end=\"1726\">\n<p data-start=\"1686\" data-end=\"1726\"><strong data-start=\"1686\" data-end=\"1726\">Optik test ve \u00f6l\u00e7\u00fcm sistemleri<\/strong><\/p>\n<\/li>\n<li data-start=\"1727\" data-end=\"1752\">\n<p data-start=\"1729\" data-end=\"1752\"><strong data-start=\"1729\" data-end=\"1752\">End\u00fcstriyel Ethernet<\/strong><\/p>\n<\/li>\n<li data-start=\"1753\" data-end=\"1785\">\n<p data-start=\"1755\" data-end=\"1785\"><strong data-start=\"1755\" data-end=\"1785\">Telekom ve metro a\u011flar\u0131<\/strong><\/p>\n<\/li>\n<li data-start=\"1786\" data-end=\"1818\">\n<p data-start=\"1788\" data-end=\"1818\"><strong data-start=\"1788\" data-end=\"1818\">Veri merkezi \u00e7apraz ba\u011flant\u0131lar\u0131<\/strong><\/p>\n<\/li>\n<li data-start=\"1819\" data-end=\"1859\">\n<p data-start=\"1821\" data-end=\"1859\"><strong data-start=\"1821\" data-end=\"1859\">Y\u00fcksek h\u0131zl\u0131 sunucu ve anahtar ba\u011flant\u0131lar\u0131<\/strong><\/p>\n<\/li>\n<\/ul>\n<p data-start=\"1861\" data-end=\"1989\">OM3\u2019ler ile <strong data-start=\"1872\" data-end=\"1907\">850 nm'de 2000 MHz-km bant geni\u015fli\u011fi<\/strong>, i\u00e7in g\u00fc\u00e7l\u00fc bir optik b\u00fct\u00e7e sa\u011flar. <strong data-start=\"1949\" data-end=\"1988\">k\u0131sa eri\u015fimli y\u00fcksek h\u0131zl\u0131 uygulamalar<\/strong>.<\/p>\n<hr data-start=\"1991\" data-end=\"1994\" \/>\n<h3 data-start=\"1996\" data-end=\"2039\"><strong data-start=\"2000\" data-end=\"2039\">Hassasiyet ve G\u00fcvenilirlik i\u00e7in \u00dcretildi<\/strong><\/h3>\n<p data-start=\"2041\" data-end=\"2347\">Her FC-LC OM3 yama kablosu \u015fu malzemeler kullan\u0131larak \u00fcretilir <strong data-start=\"2086\" data-end=\"2156\">seramik y\u00fcks\u00fckler, UPC parlatma ve otomatik u\u00e7 y\u00fczey denetimi<\/strong>, i\u00e7in tamamen test edilmi\u015ftir. <strong data-start=\"2180\" data-end=\"2214\">ekleme kayb\u0131 ve geri d\u00f6n\u00fc\u015f kayb\u0131<\/strong>. Bu, a\u015fa\u011f\u0131dakileri sa\u011flar <strong data-start=\"2229\" data-end=\"2259\">istikrarl\u0131 optik performans<\/strong> olan ortamlarda bile <strong data-start=\"2286\" data-end=\"2346\">titre\u015fim, s\u0131cakl\u0131k de\u011fi\u015fiklikleri veya s\u0131k s\u0131k yeniden ba\u011flanma<\/strong>.<\/p>\n<p data-start=\"2349\" data-end=\"2469\">\u0130ste\u011fe ba\u011fl\u0131 <strong data-start=\"2362\" data-end=\"2377\">LSZH ceket<\/strong> ayn\u0131 zamanda modern <strong data-start=\"2396\" data-end=\"2424\">yang\u0131n g\u00fcvenli\u011fi gereklilikleri<\/strong> ticari ve veri merkezi kurulumlar\u0131nda.<\/p>\n<hr data-start=\"2471\" data-end=\"2474\" \/>\n<h2 data-start=\"2476\" data-end=\"2499\"><strong data-start=\"2479\" data-end=\"2499\">Profesyonel Soru-Cevap<\/strong><\/h2>\n<p data-start=\"2501\" data-end=\"2670\"><strong data-start=\"2501\" data-end=\"2561\">S1: OM3'\u00fc standart \u00e7ok modlu fiberden daha iyi yapan nedir?<\/strong><br data-start=\"2561\" data-end=\"2564\" \/>OM3 <strong data-start=\"2571\" data-end=\"2590\">lazer i\u0307\u00e7i\u0307n opti\u0307mi\u0307ze edi\u0307lmi\u0307\u015f<\/strong>, \u00e7ok daha y\u00fcksek bant geni\u015fli\u011fi sunar ve <strong data-start=\"2638\" data-end=\"2653\">10G ila 100G<\/strong> 850 nm'de ba\u011flant\u0131lar.<\/p>\n<p data-start=\"2672\" data-end=\"2837\"><strong data-start=\"2672\" data-end=\"2722\">S2: Y\u00fcksek h\u0131zl\u0131 ba\u011flant\u0131larda neden FC konekt\u00f6rleri kullan\u0131l\u0131yor?<\/strong><br data-start=\"2722\" data-end=\"2725\" \/>FC'nin <strong data-start=\"2730\" data-end=\"2755\">di\u015fli metal tasar\u0131m<\/strong> hassas optik sistemlerde sinyal dalgalanmas\u0131na neden olabilecek hareketi \u00f6nler.<\/p>\n<p data-start=\"2839\" data-end=\"2987\"><strong data-start=\"2839\" data-end=\"2886\">S3: Bu kablo veri merkezlerinde kullan\u0131labilir mi?<\/strong><br data-start=\"2886\" data-end=\"2889\" \/>Evet. OM3 fiber a\u015fa\u011f\u0131dakiler i\u00e7in yayg\u0131n olarak kullan\u0131l\u0131r <strong data-start=\"2923\" data-end=\"2963\">10G, 40G ve 100G k\u0131sa eri\u015fimli ba\u011flant\u0131lar<\/strong> modern veri merkezlerinde.<\/p>\n<p data-start=\"2989\" data-end=\"3134\"><strong data-start=\"2989\" data-end=\"3049\">S4: Bu kablo SFP+ ve QSFP mod\u00fclleri ile uyumlu mu?<\/strong><br data-start=\"3049\" data-end=\"3052\" \/>Evet. <strong data-start=\"3061\" data-end=\"3071\">LC sonu<\/strong> do\u011frudan ba\u011flan\u0131r <strong data-start=\"3093\" data-end=\"3133\">SFP+, QSFP ve QSFP-DD al\u0131c\u0131-vericileri<\/strong>.<\/p>","protected":false},"excerpt":{"rendered":"<p data-start=\"62\" data-end=\"444\">Bu <strong data-start=\"66\" data-end=\"90\">FC\/UPC-LC\/UPC-OM3-DX<\/strong> bir <strong data-start=\"96\" data-end=\"137\">dubleks OM3 \u00e7ok modlu fiber ba\u011flant\u0131 kablosu<\/strong> ba\u011flanmak i\u0307\u00e7i\u0307n yapildi <strong data-start=\"155\" data-end=\"184\">alet s\u0131n\u0131f\u0131 FC ba\u011flant\u0131 noktalar\u0131<\/strong> ile <strong data-start=\"190\" data-end=\"220\">y\u00fcksek yo\u011funluklu LC aray\u00fczleri<\/strong> modern anahtarlarda ve al\u0131c\u0131-vericilerde kullan\u0131l\u0131r. A\u015fa\u011f\u0131dakiler i\u00e7in ideal bir \u00e7\u00f6z\u00fcmd\u00fcr <strong data-start=\"290\" data-end=\"375\">telekom odalar\u0131, optik test laboratuvarlar\u0131, end\u00fcstriyel Ethernet ve veri merkezi u\u00e7 ba\u011flant\u0131lar\u0131<\/strong> her ikisinin de <strong data-start=\"387\" data-end=\"430\">mekanik stabilite ve y\u00fcksek bant geni\u015fli\u011fi<\/strong> gerekli.<\/p>\n<p data-start=\"446\" data-end=\"609\">Kullanma <strong data-start=\"452\" data-end=\"491\">OM3 50\/125 \u03bcm lazer i\u00e7in optimize edilmi\u015f fiber<\/strong>, bu kablo g\u00fcn\u00fcm\u00fcz\u00fcn <strong data-start=\"521\" data-end=\"550\">850 nm VCSEL tabanl\u0131 optikler<\/strong>, etkinle\u015ftirme <strong data-start=\"561\" data-end=\"608\">10G, 40G ve 100G k\u0131sa eri\u015fimli iletim<\/strong>.<\/p>","protected":false},"featured_media":681,"comment_status":"open","ping_status":"closed","template":"","meta":[],"product_brand":[],"product_cat":[44],"product_tag":[],"class_list":{"0":"post-680","1":"product","2":"type-product","3":"status-publish","4":"has-post-thumbnail","6":"product_cat-multimode-fiber-optic-patch-cord","8":"first","9":"instock","10":"shipping-taxable","11":"product-type-simple"},"_links":{"self":[{"href":"https:\/\/www.fenxifiber.com\/tr\/wp-json\/wp\/v2\/product\/680","targetHints":{"allow":["GET"]}}],"collection":[{"href":"https:\/\/www.fenxifiber.com\/tr\/wp-json\/wp\/v2\/product"}],"about":[{"href":"https:\/\/www.fenxifiber.com\/tr\/wp-json\/wp\/v2\/types\/product"}],"replies":[{"embeddable":true,"href":"https:\/\/www.fenxifiber.com\/tr\/wp-json\/wp\/v2\/comments?post=680"}],"wp:featuredmedia":[{"embeddable":true,"href":"https:\/\/www.fenxifiber.com\/tr\/wp-json\/wp\/v2\/media\/681"}],"wp:attachment":[{"href":"https:\/\/www.fenxifiber.com\/tr\/wp-json\/wp\/v2\/media?parent=680"}],"wp:term":[{"taxonomy":"product_brand","embeddable":true,"href":"https:\/\/www.fenxifiber.com\/tr\/wp-json\/wp\/v2\/product_brand?post=680"},{"taxonomy":"product_cat","embeddable":true,"href":"https:\/\/www.fenxifiber.com\/tr\/wp-json\/wp\/v2\/product_cat?post=680"},{"taxonomy":"product_tag","embeddable":true,"href":"https:\/\/www.fenxifiber.com\/tr\/wp-json\/wp\/v2\/product_tag?post=680"}],"curies":[{"name":"wp","href":"https:\/\/api.w.org\/{rel}","templated":true}]}}