{"id":682,"date":"2026-02-03T06:59:34","date_gmt":"2026-02-03T06:59:34","guid":{"rendered":"https:\/\/www.fenxifiber.com\/?post_type=product&#038;p=682"},"modified":"2026-02-04T01:31:32","modified_gmt":"2026-02-04T01:31:32","slug":"lc-upc-lc-upc-om3-dx","status":"publish","type":"product","link":"https:\/\/www.fenxifiber.com\/tr\/product\/lc-upc-lc-upc-om3-dx\/","title":{"rendered":"LC\/UPC-LC\/UPC-OM3-DX \u00c7ok Modlu Fiber Optik Yama Kablosu"},"content":{"rendered":"<h3 data-start=\"572\" data-end=\"613\"><strong data-start=\"576\" data-end=\"613\">Modern Y\u00fcksek H\u0131zl\u0131 Optikler i\u00e7in \u00dcretildi<\/strong><\/h3>\n<p data-start=\"615\" data-end=\"765\">OM3 fiber a\u015fa\u011f\u0131dakiler i\u00e7in optimize edilmi\u015ftir <strong data-start=\"642\" data-end=\"672\">850 nm VCSEL \u0131\u015f\u0131k kaynaklar\u0131<\/strong>, k\u0131sa eri\u015fimli Ethernet'in omurgas\u0131d\u0131r. ile <strong data-start=\"719\" data-end=\"744\">2000 MHz-km bant geni\u015fli\u011fi<\/strong>, kolayca destekler:<\/p>\n<ul data-start=\"767\" data-end=\"828\">\n<li data-start=\"767\" data-end=\"797\">\n<p data-start=\"769\" data-end=\"797\"><strong data-start=\"769\" data-end=\"797\">300 m'ye kadar 10G Ethernet<\/strong><\/p>\n<\/li>\n<li data-start=\"798\" data-end=\"828\">\n<p data-start=\"800\" data-end=\"828\"><strong data-start=\"800\" data-end=\"828\">100 m'ye kadar 40G ve 100G<\/strong><\/p>\n<\/li>\n<\/ul>\n<p data-start=\"830\" data-end=\"964\">LC konekt\u00f6rler \u015funlar\u0131 sa\u011flar <strong data-start=\"850\" data-end=\"876\">ba\u011flant\u0131 noktas\u0131 yo\u011funlu\u011funun iki kat\u0131<\/strong> eski SC konnekt\u00f6rlerinin yerini alarak yo\u011fun raflarda panel alan\u0131n\u0131 ve kablo s\u0131k\u0131\u015f\u0131kl\u0131\u011f\u0131n\u0131 azaltmaya yard\u0131mc\u0131 olur.<\/p>\n<hr data-start=\"966\" data-end=\"969\" \/>\n<h3 data-start=\"971\" data-end=\"1003\"><strong data-start=\"975\" data-end=\"1003\">Teknik \u00d6zellikler<\/strong><\/h3>\n<div class=\"TyagGW_tableContainer\">\n<div class=\"group TyagGW_tableWrapper flex flex-col-reverse w-fit\" tabindex=\"-1\">\n<table class=\"w-fit min-w-(--thread-content-width)\" data-start=\"1005\" data-end=\"1475\">\n<thead data-start=\"1005\" data-end=\"1041\">\n<tr data-start=\"1005\" data-end=\"1041\">\n<th class=\"\" data-start=\"1005\" data-end=\"1017\" data-col-size=\"sm\">Parametre<\/th>\n<th class=\"\" data-start=\"1017\" data-end=\"1041\" data-col-size=\"sm\">LC\/UPC-LC\/UPC-OM3-DX<\/th>\n<\/tr>\n<\/thead>\n<tbody data-start=\"1070\" data-end=\"1475\">\n<tr data-start=\"1070\" data-end=\"1110\">\n<td data-start=\"1070\" data-end=\"1083\" data-col-size=\"sm\">Elyaf Tipi<\/td>\n<td data-start=\"1083\" data-end=\"1110\" data-col-size=\"sm\">OM3 \u00c7ok Modlu 50\/125 \u03bcm<\/td>\n<\/tr>\n<tr data-start=\"1111\" data-end=\"1142\">\n<td data-start=\"1111\" data-end=\"1127\" data-col-size=\"sm\">Konfig\u00fcrasyon<\/td>\n<td data-start=\"1127\" data-end=\"1142\" data-col-size=\"sm\">Dubleks (DX)<\/td>\n<\/tr>\n<tr data-start=\"1143\" data-end=\"1169\">\n<td data-start=\"1143\" data-end=\"1157\" data-col-size=\"sm\">Konekt\u00f6r A<\/td>\n<td data-start=\"1157\" data-end=\"1169\" data-col-size=\"sm\">LC \/ UPC<\/td>\n<\/tr>\n<tr data-start=\"1170\" data-end=\"1196\">\n<td data-start=\"1170\" data-end=\"1184\" data-col-size=\"sm\">Konekt\u00f6r B<\/td>\n<td data-start=\"1184\" data-end=\"1196\" data-col-size=\"sm\">LC \/ UPC<\/td>\n<\/tr>\n<tr data-start=\"1197\" data-end=\"1240\">\n<td data-start=\"1197\" data-end=\"1220\" data-col-size=\"sm\">\u00c7al\u0131\u015fma Dalga Boyu<\/td>\n<td data-start=\"1220\" data-end=\"1240\" data-col-size=\"sm\">850 nm \/ 1300 nm<\/td>\n<\/tr>\n<tr data-start=\"1241\" data-end=\"1271\">\n<td data-start=\"1241\" data-end=\"1258\" data-col-size=\"sm\">Ekleme Kayb\u0131<\/td>\n<td data-start=\"1258\" data-end=\"1271\" data-col-size=\"sm\">\u2264 0,30 dB<\/td>\n<\/tr>\n<tr data-start=\"1272\" data-end=\"1297\">\n<td data-start=\"1272\" data-end=\"1286\" data-col-size=\"sm\">Geri D\u00f6n\u00fc\u015f Kayb\u0131<\/td>\n<td data-start=\"1286\" data-end=\"1297\" data-col-size=\"sm\">\u2265 30 dB<\/td>\n<\/tr>\n<tr data-start=\"1298\" data-end=\"1328\">\n<td data-start=\"1298\" data-end=\"1313\" data-col-size=\"sm\">10G Ethernet<\/td>\n<td data-start=\"1313\" data-end=\"1328\" data-col-size=\"sm\">300 m'ye kadar<\/td>\n<\/tr>\n<tr data-start=\"1329\" data-end=\"1357\">\n<td data-start=\"1329\" data-end=\"1342\" data-col-size=\"sm\">40G \/ 100G<\/td>\n<td data-start=\"1342\" data-end=\"1357\" data-col-size=\"sm\">100 m'ye kadar<\/td>\n<\/tr>\n<tr data-start=\"1358\" data-end=\"1388\">\n<td data-start=\"1358\" data-end=\"1373\" data-col-size=\"sm\">Kablo Ceketi<\/td>\n<td data-start=\"1373\" data-end=\"1388\" data-col-size=\"sm\">LSZH veya PVC<\/td>\n<\/tr>\n<tr data-start=\"1389\" data-end=\"1433\">\n<td data-start=\"1389\" data-end=\"1413\" data-col-size=\"sm\">\u00c7al\u0131\u015fma S\u0131cakl\u0131\u011f\u0131<\/td>\n<td data-start=\"1413\" data-end=\"1433\" data-col-size=\"sm\">-10 \u00b0C ila +70 \u00b0C<\/td>\n<\/tr>\n<tr data-start=\"1434\" data-end=\"1475\">\n<td data-start=\"1434\" data-end=\"1446\" data-col-size=\"sm\">Standartlar<\/td>\n<td data-start=\"1446\" data-end=\"1475\" data-col-size=\"sm\">IEC, TIA-568, RoHS, REACH<\/td>\n<\/tr>\n<\/tbody>\n<\/table>\n<\/div>\n<\/div>\n<hr data-start=\"1477\" data-end=\"1480\" \/>\n<h3 data-start=\"1482\" data-end=\"1514\"><strong data-start=\"1486\" data-end=\"1514\">Bu Kablonun Kullan\u0131ld\u0131\u011f\u0131 Yerler<\/strong><\/h3>\n<ul data-start=\"1516\" data-end=\"1701\">\n<li data-start=\"1516\" data-end=\"1565\">\n<p data-start=\"1518\" data-end=\"1565\"><strong data-start=\"1518\" data-end=\"1565\">Switch-to-switch ve switch-to-server ba\u011flant\u0131lar\u0131<\/strong><\/p>\n<\/li>\n<li data-start=\"1566\" data-end=\"1598\">\n<p data-start=\"1568\" data-end=\"1598\"><strong data-start=\"1568\" data-end=\"1598\">Veri merkezi \u00e7apraz ba\u011flant\u0131lar\u0131<\/strong><\/p>\n<\/li>\n<li data-start=\"1599\" data-end=\"1629\">\n<p data-start=\"1601\" data-end=\"1629\"><strong data-start=\"1601\" data-end=\"1629\">Kurumsal LAN omurgalar\u0131<\/strong><\/p>\n<\/li>\n<li data-start=\"1630\" data-end=\"1667\">\n<p data-start=\"1632\" data-end=\"1667\"><strong data-start=\"1632\" data-end=\"1667\">Bulut ve yapay zeka bili\u015fim k\u00fcmeleri<\/strong><\/p>\n<\/li>\n<li data-start=\"1668\" data-end=\"1701\">\n<p data-start=\"1670\" data-end=\"1701\"><strong data-start=\"1670\" data-end=\"1701\">Y\u00fcksek h\u0131zl\u0131 depolama a\u011flar\u0131<\/strong><\/p>\n<\/li>\n<\/ul>\n<p data-start=\"1703\" data-end=\"1836\">OM3\u2019\u00fcn d\u00fc\u015f\u00fck zay\u0131flamas\u0131 ve y\u00fcksek bant geni\u015fli\u011fi onu a\u015fa\u011f\u0131dakiler i\u00e7in ideal k\u0131lar <strong data-start=\"1762\" data-end=\"1794\">y\u00fcksek port say\u0131s\u0131na sahip ortamlar<\/strong> performans ve tutarl\u0131l\u0131\u011f\u0131n \u00f6nemli oldu\u011fu yerlerde.<\/p>\n<hr data-start=\"1838\" data-end=\"1841\" \/>\n<h3 data-start=\"1843\" data-end=\"1887\"><strong data-start=\"1847\" data-end=\"1887\">D\u00fc\u015f\u00fck Kay\u0131p i\u00e7in Hassas \u00dcretim<\/strong><\/h3>\n<p data-start=\"1889\" data-end=\"2164\">Her bir LC-LC OM3 atlama teli, a\u015fa\u011f\u0131dakiler kullan\u0131larak monte edilir <strong data-start=\"1930\" data-end=\"1988\">y\u00fcksek kaliteli seramik y\u00fcks\u00fckler ve UPC cilal\u0131 u\u00e7 y\u00fczeyleri<\/strong>, daha sonra a\u015fa\u011f\u0131dakiler i\u00e7in incelenir ve test edilir <strong data-start=\"2020\" data-end=\"2074\">ekleme kayb\u0131, geri d\u00f6n\u00fc\u015f kayb\u0131 ve u\u00e7 y\u00fcz geometrisi<\/strong>. Bu garanti <strong data-start=\"2092\" data-end=\"2122\">istikrarl\u0131 optik performans<\/strong> binlerce tak ve \u00e7al\u0131\u015ft\u0131r d\u00f6ng\u00fcs\u00fc boyunca.<\/p>\n<p data-start=\"2166\" data-end=\"2276\">Bu <strong data-start=\"2170\" data-end=\"2192\">LSZH ceket se\u00e7ene\u011fi<\/strong> moderni destekler <strong data-start=\"2209\" data-end=\"2234\">yangin g\u00fcvenli\u0307\u011fi\u0307 standartlari<\/strong> veri merkezlerinde ve ticari binalarda.<\/p>\n<hr data-start=\"2278\" data-end=\"2281\" \/>\n<h2 data-start=\"2283\" data-end=\"2306\"><strong data-start=\"2286\" data-end=\"2306\">Profesyonel Soru-Cevap<\/strong><\/h2>\n<p data-start=\"2308\" data-end=\"2467\"><strong data-start=\"2308\" data-end=\"2360\">S1: OM3 yeni kurulumlar i\u00e7in hala ge\u00e7erli mi?<\/strong><br data-start=\"2360\" data-end=\"2363\" \/>Evet. OM3 bir <strong data-start=\"2382\" data-end=\"2405\">ana ak\u0131m standart<\/strong> i\u00e7in <strong data-start=\"2410\" data-end=\"2450\">10G, 40G ve 100G k\u0131sa eri\u015fimli ba\u011flant\u0131lar<\/strong> veri merkezlerinde.<\/p>\n<p data-start=\"2469\" data-end=\"2607\"><strong data-start=\"2469\" data-end=\"2518\">S2: Bu kablo SFP+ mod\u00fclleri ile kullan\u0131labilir mi?<\/strong><br data-start=\"2518\" data-end=\"2521\" \/>Kesinlikle. LC konekt\u00f6rler <strong data-start=\"2555\" data-end=\"2606\">SFP, SFP+ ve QSFP optikleri i\u00e7in yerel aray\u00fcz<\/strong>.<\/p>\n<p data-start=\"2609\" data-end=\"2793\"><strong data-start=\"2609\" data-end=\"2660\">S3: OM3 ve OM4 aras\u0131ndaki fark nedir?<\/strong><br data-start=\"2660\" data-end=\"2663\" \/>OM4 destekler <strong data-start=\"2676\" data-end=\"2701\">daha uzun 100G mesafeleri<\/strong>, ancak OM3 daha uygun maliyetlidir ve yine de \u00e7o\u011fu <strong data-start=\"2755\" data-end=\"2786\">raftan rafa ve s\u0131radan s\u0131raya<\/strong> \u0130htiya\u00e7lar.<\/p>\n<p data-start=\"2795\" data-end=\"2939\"><strong data-start=\"2795\" data-end=\"2844\">S4: UPC parlatma sinyal kalitesini etkiler mi?<\/strong><br data-start=\"2844\" data-end=\"2847\" \/>Evet. UPC geri yans\u0131may\u0131 azalt\u0131r ve <strong data-start=\"2890\" data-end=\"2912\">geri d\u00f6n\u00fc\u015f kayb\u0131 \u226530 dB<\/strong>, ba\u011flant\u0131 stabilitesini art\u0131r\u0131r.<\/p>","protected":false},"excerpt":{"rendered":"<p data-start=\"62\" data-end=\"455\">Bu <strong data-start=\"66\" data-end=\"90\">LC\/UPC-LC\/UPC-OM3-DX<\/strong> bir <strong data-start=\"96\" data-end=\"146\">y\u00fcksek yo\u011funluklu dubleks \u00e7ok modlu fiber ba\u011flant\u0131 kablosu<\/strong> bug\u00fcn\u00fcn d\u00fcnyas\u0131 i\u00e7in <strong data-start=\"165\" data-end=\"209\">10G, 40G ve 100G Ethernet ortamlar\u0131<\/strong>. ile <strong data-start=\"216\" data-end=\"246\">Her iki u\u00e7ta LC konekt\u00f6rler<\/strong> ve <strong data-start=\"251\" data-end=\"290\">OM3 lazer i\u00e7in optimize edilmi\u015f 50\/125 \u03bcm fiber<\/strong>, direkt olarak <strong data-start=\"315\" data-end=\"355\">SFP+, QSFP ve QSFP-DD al\u0131c\u0131-vericileri<\/strong>, i\u00e7in standart se\u00e7im haline getirir. <strong data-start=\"391\" data-end=\"454\">veri merkezleri, kurumsal a\u011flar ve bulut altyap\u0131s\u0131<\/strong>.<\/p>\n<p data-start=\"457\" data-end=\"565\">Kompakt, d\u00fc\u015f\u00fck kay\u0131pl\u0131 ve bant geni\u015fli\u011fi a\u00e7\u0131s\u0131ndan zengin olan bu jumper, y\u00fcksek h\u0131zl\u0131 ba\u011flant\u0131lar\u0131 temiz ve verimli tutmak i\u00e7in tasarlanm\u0131\u015ft\u0131r.<\/p>","protected":false},"featured_media":683,"comment_status":"open","ping_status":"closed","template":"","meta":[],"product_brand":[],"product_cat":[44],"product_tag":[],"class_list":{"0":"post-682","1":"product","2":"type-product","3":"status-publish","4":"has-post-thumbnail","6":"product_cat-multimode-fiber-optic-patch-cord","8":"first","9":"instock","10":"shipping-taxable","11":"product-type-simple"},"_links":{"self":[{"href":"https:\/\/www.fenxifiber.com\/tr\/wp-json\/wp\/v2\/product\/682","targetHints":{"allow":["GET"]}}],"collection":[{"href":"https:\/\/www.fenxifiber.com\/tr\/wp-json\/wp\/v2\/product"}],"about":[{"href":"https:\/\/www.fenxifiber.com\/tr\/wp-json\/wp\/v2\/types\/product"}],"replies":[{"embeddable":true,"href":"https:\/\/www.fenxifiber.com\/tr\/wp-json\/wp\/v2\/comments?post=682"}],"wp:featuredmedia":[{"embeddable":true,"href":"https:\/\/www.fenxifiber.com\/tr\/wp-json\/wp\/v2\/media\/683"}],"wp:attachment":[{"href":"https:\/\/www.fenxifiber.com\/tr\/wp-json\/wp\/v2\/media?parent=682"}],"wp:term":[{"taxonomy":"product_brand","embeddable":true,"href":"https:\/\/www.fenxifiber.com\/tr\/wp-json\/wp\/v2\/product_brand?post=682"},{"taxonomy":"product_cat","embeddable":true,"href":"https:\/\/www.fenxifiber.com\/tr\/wp-json\/wp\/v2\/product_cat?post=682"},{"taxonomy":"product_tag","embeddable":true,"href":"https:\/\/www.fenxifiber.com\/tr\/wp-json\/wp\/v2\/product_tag?post=682"}],"curies":[{"name":"wp","href":"https:\/\/api.w.org\/{rel}","templated":true}]}}