{"id":685,"date":"2026-02-03T07:01:26","date_gmt":"2026-02-03T07:01:26","guid":{"rendered":"https:\/\/www.fenxifiber.com\/?post_type=product&#038;p=685"},"modified":"2026-02-04T01:32:04","modified_gmt":"2026-02-04T01:32:04","slug":"sc-upc-st-upc-om3-dx","status":"publish","type":"product","link":"https:\/\/www.fenxifiber.com\/tr\/product\/sc-upc-st-upc-om3-dx\/","title":{"rendered":"SC\/UPC-ST\/UPC-OM3-DX \u00c7ok Modlu Fiber Optik Yama Kablosu"},"content":{"rendered":"<h3 data-start=\"612\" data-end=\"661\"><strong data-start=\"616\" data-end=\"661\">A\u011f Ge\u00e7i\u015fi ve Geni\u015flemesi i\u00e7in Tasarland\u0131<\/strong><\/h3>\n<p data-start=\"663\" data-end=\"966\">Bir\u00e7ok tesis hala <strong data-start=\"693\" data-end=\"710\">ST konekt\u00f6rler<\/strong> patch panellerde veya omurga ba\u011flant\u0131lar\u0131nda <strong data-start=\"752\" data-end=\"769\">SC konekt\u00f6rler<\/strong> anahtarlarda ve optik da\u011f\u0131t\u0131m \u00e7er\u00e7evelerinde hakimdir. Bu SC'den ST'ye yap\u0131land\u0131rma, adapt\u00f6r ihtiyac\u0131n\u0131 ortadan kald\u0131rarak <strong data-start=\"895\" data-end=\"965\">ekleme kayb\u0131, yans\u0131ma noktalar\u0131 ve uzun vadeli bak\u0131m riskleri<\/strong>.<\/p>\n<p data-start=\"968\" data-end=\"1106\">OM3 fiber ile m\u00fckemmel performans sa\u011flar <strong data-start=\"1013\" data-end=\"1042\">850 nm VCSEL al\u0131c\u0131-vericiler<\/strong>, ki bunlar g\u00fcn\u00fcm\u00fcz\u00fcn standart <strong data-start=\"1074\" data-end=\"1105\">y\u00fcksek h\u0131zl\u0131 \u00e7ok modlu optikler<\/strong>.<\/p>\n<hr data-start=\"1108\" data-end=\"1111\" \/>\n<h3 data-start=\"1113\" data-end=\"1147\"><strong data-start=\"1117\" data-end=\"1147\">Performans \u00d6zellikleri<\/strong><\/h3>\n<div class=\"TyagGW_tableContainer\">\n<div class=\"group TyagGW_tableWrapper flex flex-col-reverse w-fit\" tabindex=\"-1\">\n<table class=\"w-fit min-w-(--thread-content-width)\" data-start=\"1149\" data-end=\"1602\">\n<thead data-start=\"1149\" data-end=\"1180\">\n<tr data-start=\"1149\" data-end=\"1180\">\n<th class=\"\" data-start=\"1149\" data-end=\"1156\" data-col-size=\"sm\">\u00d6\u011fe<\/th>\n<th class=\"\" data-start=\"1156\" data-end=\"1180\" data-col-size=\"sm\">SC\/UPC-ST\/UPC-OM3-DX<\/th>\n<\/tr>\n<\/thead>\n<tbody data-start=\"1207\" data-end=\"1602\">\n<tr data-start=\"1207\" data-end=\"1247\">\n<td data-start=\"1207\" data-end=\"1220\" data-col-size=\"sm\">Elyaf Tipi<\/td>\n<td data-start=\"1220\" data-end=\"1247\" data-col-size=\"sm\">OM3 \u00c7ok Modlu 50\/125 \u03bcm<\/td>\n<\/tr>\n<tr data-start=\"1248\" data-end=\"1277\">\n<td data-start=\"1248\" data-end=\"1262\" data-col-size=\"sm\">Lif Say\u0131s\u0131<\/td>\n<td data-start=\"1262\" data-end=\"1277\" data-col-size=\"sm\">Dubleks (DX)<\/td>\n<\/tr>\n<tr data-start=\"1278\" data-end=\"1304\">\n<td data-start=\"1278\" data-end=\"1292\" data-col-size=\"sm\">Konekt\u00f6r A<\/td>\n<td data-start=\"1292\" data-end=\"1304\" data-col-size=\"sm\">SC \/ UPC<\/td>\n<\/tr>\n<tr data-start=\"1305\" data-end=\"1331\">\n<td data-start=\"1305\" data-end=\"1319\" data-col-size=\"sm\">Konekt\u00f6r B<\/td>\n<td data-start=\"1319\" data-end=\"1331\" data-col-size=\"sm\">ST \/ UPC<\/td>\n<\/tr>\n<tr data-start=\"1332\" data-end=\"1375\">\n<td data-start=\"1332\" data-end=\"1355\" data-col-size=\"sm\">\u00c7al\u0131\u015fma Dalga Boyu<\/td>\n<td data-col-size=\"sm\" data-start=\"1355\" data-end=\"1375\">850 nm \/ 1300 nm<\/td>\n<\/tr>\n<tr data-start=\"1376\" data-end=\"1412\">\n<td data-start=\"1376\" data-end=\"1397\" data-col-size=\"sm\">Bant Geni\u015fli\u011fi @ 850 nm<\/td>\n<td data-col-size=\"sm\" data-start=\"1397\" data-end=\"1412\">2000 MHz-km<\/td>\n<\/tr>\n<tr data-start=\"1413\" data-end=\"1443\">\n<td data-start=\"1413\" data-end=\"1430\" data-col-size=\"sm\">Ekleme Kayb\u0131<\/td>\n<td data-start=\"1430\" data-end=\"1443\" data-col-size=\"sm\">\u2264 0,30 dB<\/td>\n<\/tr>\n<tr data-start=\"1444\" data-end=\"1469\">\n<td data-start=\"1444\" data-end=\"1458\" data-col-size=\"sm\">Geri D\u00f6n\u00fc\u015f Kayb\u0131<\/td>\n<td data-start=\"1458\" data-end=\"1469\" data-col-size=\"sm\">\u2265 30 dB<\/td>\n<\/tr>\n<tr data-start=\"1470\" data-end=\"1500\">\n<td data-start=\"1470\" data-end=\"1485\" data-col-size=\"sm\">10G Ethernet<\/td>\n<td data-col-size=\"sm\" data-start=\"1485\" data-end=\"1500\">300 m'ye kadar<\/td>\n<\/tr>\n<tr data-start=\"1501\" data-end=\"1529\">\n<td data-start=\"1501\" data-end=\"1514\" data-col-size=\"sm\">40G \/ 100G<\/td>\n<td data-col-size=\"sm\" data-start=\"1514\" data-end=\"1529\">100 m'ye kadar<\/td>\n<\/tr>\n<tr data-start=\"1530\" data-end=\"1559\">\n<td data-start=\"1530\" data-end=\"1544\" data-col-size=\"sm\">Ceket Tipi<\/td>\n<td data-col-size=\"sm\" data-start=\"1544\" data-end=\"1559\">LSZH veya PVC<\/td>\n<\/tr>\n<tr data-start=\"1560\" data-end=\"1602\">\n<td data-start=\"1560\" data-end=\"1573\" data-col-size=\"sm\">Uyumluluk<\/td>\n<td data-col-size=\"sm\" data-start=\"1573\" data-end=\"1602\">TIA-568, IEC, RoHS, REACH<\/td>\n<\/tr>\n<\/tbody>\n<\/table>\n<\/div>\n<\/div>\n<hr data-start=\"1604\" data-end=\"1607\" \/>\n<h3 data-start=\"1609\" data-end=\"1643\"><strong data-start=\"1613\" data-end=\"1643\">Bu Kablonun En \u0130yi Uydu\u011fu Yer<\/strong><\/h3>\n<ul data-start=\"1645\" data-end=\"1855\">\n<li data-start=\"1645\" data-end=\"1701\">\n<p data-start=\"1647\" data-end=\"1701\"><strong data-start=\"1647\" data-end=\"1701\">Eski ST a\u011flar\u0131n\u0131 modern SC donan\u0131m\u0131na y\u00fckseltme<\/strong><\/p>\n<\/li>\n<li data-start=\"1702\" data-end=\"1739\">\n<p data-start=\"1704\" data-end=\"1739\"><strong data-start=\"1704\" data-end=\"1739\">Kurumsal ve kamp\u00fcs omurgalar\u0131<\/strong><\/p>\n<\/li>\n<li data-start=\"1740\" data-end=\"1788\">\n<p data-start=\"1742\" data-end=\"1788\"><strong data-start=\"1742\" data-end=\"1788\">End\u00fcstriyel Ethernet ve fabrika otomasyonu<\/strong><\/p>\n<\/li>\n<li data-start=\"1789\" data-end=\"1822\">\n<p data-start=\"1791\" data-end=\"1822\"><strong data-start=\"1791\" data-end=\"1822\">Telekom da\u011f\u0131t\u0131m \u00e7er\u00e7eveleri<\/strong><\/p>\n<\/li>\n<li data-start=\"1823\" data-end=\"1855\">\n<p data-start=\"1825\" data-end=\"1855\"><strong data-start=\"1825\" data-end=\"1855\">Veri merkezi \u00e7apraz ba\u011flant\u0131lar\u0131<\/strong><\/p>\n<\/li>\n<\/ul>\n<p data-start=\"1857\" data-end=\"1965\">OM3 fiber, a\u015fa\u011f\u0131dakiler i\u00e7in gereken optik bo\u015flu\u011fu sa\u011flar <strong data-start=\"1908\" data-end=\"1964\">y\u00fcksek yo\u011funluklu anahtarlama ve gelecekteki bant geni\u015fli\u011fi y\u00fckseltmeleri<\/strong>.<\/p>\n<hr data-start=\"1967\" data-end=\"1970\" \/>\n<h3 data-start=\"1972\" data-end=\"2013\"><strong data-start=\"1976\" data-end=\"2013\">Sinyal B\u00fct\u00fcnl\u00fc\u011f\u00fc i\u00e7in \u00dcretilmi\u015ftir<\/strong><\/h3>\n<p data-start=\"2015\" data-end=\"2269\">Her yama kablosu \u015fu \u00f6zelliklerle \u00fcretilir <strong data-start=\"2048\" data-end=\"2119\">hassas seramik y\u00fcks\u00fckler, UPC parlatma ve 100% optik test<\/strong>. Bu garanti <strong data-start=\"2137\" data-end=\"2206\">istikrarl\u0131 \u0131\u015f\u0131k ge\u00e7irgenli\u011fi, d\u00fc\u015f\u00fck yans\u0131tma ve uzun hizmet \u00f6mr\u00fc<\/strong>, y\u00fcksek titre\u015fimli veya s\u0131k s\u0131k yeniden yama yap\u0131lan ortamlarda bile.<\/p>\n<p data-start=\"2271\" data-end=\"2393\">\u0130ste\u011fe ba\u011fl\u0131 <strong data-start=\"2284\" data-end=\"2299\">LSZH ceket<\/strong> destekler <strong data-start=\"2309\" data-end=\"2351\">yang\u0131n g\u00fcvenli\u011fi ve d\u00fc\u015f\u00fck duman gereksinimleri<\/strong> ticari binalarda ve veri merkezlerinde.<\/p>\n<hr data-start=\"2395\" data-end=\"2398\" \/>\n<h2 data-start=\"2400\" data-end=\"2423\"><strong data-start=\"2403\" data-end=\"2423\">Profesyonel Soru-Cevap<\/strong><\/h2>\n<p data-start=\"2425\" data-end=\"2579\"><strong data-start=\"2425\" data-end=\"2481\">S1: Neden eski \u00e7ok modlu fiber yerine OM3'\u00fc se\u00e7melisiniz?<\/strong><br data-start=\"2481\" data-end=\"2484\" \/>OM3 <strong data-start=\"2491\" data-end=\"2510\">lazer i\u0307\u00e7i\u0307n opti\u0307mi\u0307ze edi\u0307lmi\u0307\u015f<\/strong> ve destekler <strong data-start=\"2524\" data-end=\"2539\">10G ila 100G<\/strong> h\u0131zlar\u0131, eski OM1 veya OM2 fiberlerin aksine.<\/p>\n<p data-start=\"2581\" data-end=\"2725\"><strong data-start=\"2581\" data-end=\"2634\">S2: Bu kablo veri merkezi ba\u011flant\u0131lar\u0131 i\u00e7in kullan\u0131labilir mi?<\/strong><br data-start=\"2634\" data-end=\"2637\" \/>Evet. OM3 a\u015fa\u011f\u0131dakiler i\u00e7in yayg\u0131n olarak kullan\u0131l\u0131r <strong data-start=\"2665\" data-end=\"2708\">k\u0131sa eri\u015fimli 10G, 40G ve 100G Ethernet<\/strong> veri merkezlerinde.<\/p>\n<p data-start=\"2727\" data-end=\"2886\"><strong data-start=\"2727\" data-end=\"2777\">S3: UPC parlatma ne gibi avantajlar sa\u011flar?<\/strong><br data-start=\"2777\" data-end=\"2780\" \/>UPC konekt\u00f6rleri geri yans\u0131may\u0131 azaltarak <strong data-start=\"2827\" data-end=\"2854\">30 dB'nin \u00fczerinde geri d\u00f6n\u00fc\u015f kayb\u0131<\/strong>, Bu da ba\u011flant\u0131 istikrar\u0131n\u0131 art\u0131r\u0131r.<\/p>\n<p data-start=\"2888\" data-end=\"3053\"><strong data-start=\"2888\" data-end=\"2947\">S4: Bu kablo end\u00fcstriyel ortamlar i\u00e7in uygun mu?<\/strong><br data-start=\"2947\" data-end=\"2950\" \/>Evet. <strong data-start=\"2959\" data-end=\"2990\">ST konnekt\u00f6r\u00fcn\u00fcn s\u00fcng\u00fc kilidi<\/strong> ve <strong data-start=\"2995\" data-end=\"3016\">SC'nin g\u00fcvenli mandal\u0131<\/strong> g\u00fc\u00e7l\u00fc mekanik stabilite sa\u011flar.<\/p>","protected":false},"excerpt":{"rendered":"<p data-start=\"62\" data-end=\"410\">Bu <strong data-start=\"66\" data-end=\"90\">SC\/UPC-ST\/UPC-OM3-DX<\/strong> bir <strong data-start=\"96\" data-end=\"131\">dubleks OM3 \u00e7ok modlu yama kablosu<\/strong> k\u00f6pr\u00fc kurmak i\u00e7in tasarland\u0131 <strong data-start=\"151\" data-end=\"191\">eski ST tabanl\u0131 fiber altyap\u0131<\/strong> ile <strong data-start=\"197\" data-end=\"228\">modern SC a\u011f ekipmanlar\u0131<\/strong>. Kullanma <strong data-start=\"236\" data-end=\"275\">lazer i\u00e7in optimize edilmi\u015f 50\/125 \u03bcm OM3 fiber<\/strong>, i\u00e7in gerekli bant geni\u015fli\u011fini sa\u011flar. <strong data-start=\"316\" data-end=\"340\">10G ve 40G Ethernet<\/strong> Mevcut \u00e7ok modlu sistemlerle tam uyumlulu\u011fu korurken.<\/p>\n<p data-start=\"412\" data-end=\"605\">Bu hibrit konekt\u00f6r tasar\u0131m\u0131, onu a\u015fa\u011f\u0131dakiler i\u00e7in pratik bir se\u00e7im haline getirir <strong data-start=\"473\" data-end=\"557\">veri merkezi y\u00fckseltmeleri, kamp\u00fcs a\u011flar\u0131, telekom odalar\u0131 ve end\u00fcstriyel fiber ba\u011flant\u0131lar<\/strong> Eski ve yeni ekipmanlar\u0131n birlikte \u00e7al\u0131\u015fmas\u0131 gereken yerlerde.<\/p>","protected":false},"featured_media":686,"comment_status":"open","ping_status":"closed","template":"","meta":[],"product_brand":[],"product_cat":[44],"product_tag":[],"class_list":{"0":"post-685","1":"product","2":"type-product","3":"status-publish","4":"has-post-thumbnail","6":"product_cat-multimode-fiber-optic-patch-cord","8":"first","9":"instock","10":"shipping-taxable","11":"product-type-simple"},"_links":{"self":[{"href":"https:\/\/www.fenxifiber.com\/tr\/wp-json\/wp\/v2\/product\/685","targetHints":{"allow":["GET"]}}],"collection":[{"href":"https:\/\/www.fenxifiber.com\/tr\/wp-json\/wp\/v2\/product"}],"about":[{"href":"https:\/\/www.fenxifiber.com\/tr\/wp-json\/wp\/v2\/types\/product"}],"replies":[{"embeddable":true,"href":"https:\/\/www.fenxifiber.com\/tr\/wp-json\/wp\/v2\/comments?post=685"}],"wp:featuredmedia":[{"embeddable":true,"href":"https:\/\/www.fenxifiber.com\/tr\/wp-json\/wp\/v2\/media\/686"}],"wp:attachment":[{"href":"https:\/\/www.fenxifiber.com\/tr\/wp-json\/wp\/v2\/media?parent=685"}],"wp:term":[{"taxonomy":"product_brand","embeddable":true,"href":"https:\/\/www.fenxifiber.com\/tr\/wp-json\/wp\/v2\/product_brand?post=685"},{"taxonomy":"product_cat","embeddable":true,"href":"https:\/\/www.fenxifiber.com\/tr\/wp-json\/wp\/v2\/product_cat?post=685"},{"taxonomy":"product_tag","embeddable":true,"href":"https:\/\/www.fenxifiber.com\/tr\/wp-json\/wp\/v2\/product_tag?post=685"}],"curies":[{"name":"wp","href":"https:\/\/api.w.org\/{rel}","templated":true}]}}