{"id":687,"date":"2026-02-03T07:02:57","date_gmt":"2026-02-03T07:02:57","guid":{"rendered":"https:\/\/www.fenxifiber.com\/?post_type=product&#038;p=687"},"modified":"2026-02-04T01:32:36","modified_gmt":"2026-02-04T01:32:36","slug":"lc-upc-st-upc-om3-dx","status":"publish","type":"product","link":"https:\/\/www.fenxifiber.com\/tr\/product\/lc-upc-st-upc-om3-dx\/","title":{"rendered":"LC\/UPC-ST\/UPC-OM3-DX \u00c7ok Modlu Fiber Optik Yama Kablosu"},"content":{"rendered":"<h3 data-start=\"570\" data-end=\"622\"><strong data-start=\"574\" data-end=\"622\">Karma Nesil Fiber A\u011flar i\u00e7in Tasarland\u0131<\/strong><\/h3>\n<p data-start=\"624\" data-end=\"938\">LC konekt\u00f6rler art\u0131k standart olarak <strong data-start=\"658\" data-end=\"693\">SFP+, QSFP ve QSFP-DD mod\u00fclleri<\/strong>, ST konnekt\u00f6rleri yayg\u0131n olarak kullan\u0131lmaya devam ederken <strong data-start=\"737\" data-end=\"798\">eski kamp\u00fcs a\u011flar\u0131, telekom \u00e7er\u00e7eveleri ve fabrika zeminleri<\/strong>. Bu hibrit LC-ST konfig\u00fcrasyonu, adapt\u00f6rler olmadan sorunsuz entegrasyon sa\u011flar. <strong data-start=\"892\" data-end=\"937\">ekstra ekleme kayb\u0131 veya yans\u0131ma noktalar\u0131<\/strong>.<\/p>\n<p data-start=\"940\" data-end=\"1073\">OM3 fiber size \u015funlar\u0131 sa\u011flar <strong data-start=\"960\" data-end=\"998\">y\u00fcksek bant geni\u015fli\u011fi ve d\u00fc\u015f\u00fck zay\u0131flama<\/strong>, Bu da onu her ikisi i\u00e7in de uygun hale getirir <strong data-start=\"1028\" data-end=\"1048\">a\u011f y\u00fckseltmeleri<\/strong> ve <strong data-start=\"1053\" data-end=\"1072\">yeni da\u011f\u0131t\u0131mlar<\/strong>.<\/p>\n<hr data-start=\"1075\" data-end=\"1078\" \/>\n<h3 data-start=\"1080\" data-end=\"1118\"><strong data-start=\"1084\" data-end=\"1118\">Teknik Performansa Genel Bak\u0131\u015f<\/strong><\/h3>\n<div class=\"TyagGW_tableContainer\">\n<div class=\"group TyagGW_tableWrapper flex flex-col-reverse w-fit\" tabindex=\"-1\">\n<table class=\"w-fit min-w-(--thread-content-width)\" data-start=\"1120\" data-end=\"1585\">\n<thead data-start=\"1120\" data-end=\"1160\">\n<tr data-start=\"1120\" data-end=\"1160\">\n<th class=\"\" data-start=\"1120\" data-end=\"1136\" data-col-size=\"sm\">\u015eartname<\/th>\n<th class=\"\" data-start=\"1136\" data-end=\"1160\" data-col-size=\"sm\">LC\/UPC-ST\/UPC-OM3-DX<\/th>\n<\/tr>\n<\/thead>\n<tbody data-start=\"1194\" data-end=\"1585\">\n<tr data-start=\"1194\" data-end=\"1234\">\n<td data-start=\"1194\" data-end=\"1207\" data-col-size=\"sm\">Elyaf Tipi<\/td>\n<td data-start=\"1207\" data-end=\"1234\" data-col-size=\"sm\">OM3 \u00c7ok Modlu 50\/125 \u03bcm<\/td>\n<\/tr>\n<tr data-start=\"1235\" data-end=\"1266\">\n<td data-start=\"1235\" data-end=\"1251\" data-col-size=\"sm\">Konfig\u00fcrasyon<\/td>\n<td data-start=\"1251\" data-end=\"1266\" data-col-size=\"sm\">Dubleks (DX)<\/td>\n<\/tr>\n<tr data-start=\"1267\" data-end=\"1293\">\n<td data-start=\"1267\" data-end=\"1281\" data-col-size=\"sm\">Konekt\u00f6r A<\/td>\n<td data-start=\"1281\" data-end=\"1293\" data-col-size=\"sm\">LC \/ UPC<\/td>\n<\/tr>\n<tr data-start=\"1294\" data-end=\"1320\">\n<td data-start=\"1294\" data-end=\"1308\" data-col-size=\"sm\">Konekt\u00f6r B<\/td>\n<td data-start=\"1308\" data-end=\"1320\" data-col-size=\"sm\">ST \/ UPC<\/td>\n<\/tr>\n<tr data-start=\"1321\" data-end=\"1364\">\n<td data-start=\"1321\" data-end=\"1344\" data-col-size=\"sm\">\u00c7al\u0131\u015fma Dalga Boyu<\/td>\n<td data-start=\"1344\" data-end=\"1364\" data-col-size=\"sm\">850 nm \/ 1300 nm<\/td>\n<\/tr>\n<tr data-start=\"1365\" data-end=\"1401\">\n<td data-start=\"1365\" data-end=\"1386\" data-col-size=\"sm\">Bant Geni\u015fli\u011fi @ 850 nm<\/td>\n<td data-start=\"1386\" data-end=\"1401\" data-col-size=\"sm\">2000 MHz-km<\/td>\n<\/tr>\n<tr data-start=\"1402\" data-end=\"1432\">\n<td data-start=\"1402\" data-end=\"1419\" data-col-size=\"sm\">Ekleme Kayb\u0131<\/td>\n<td data-start=\"1419\" data-end=\"1432\" data-col-size=\"sm\">\u2264 0,30 dB<\/td>\n<\/tr>\n<tr data-start=\"1433\" data-end=\"1458\">\n<td data-start=\"1433\" data-end=\"1447\" data-col-size=\"sm\">Geri D\u00f6n\u00fc\u015f Kayb\u0131<\/td>\n<td data-col-size=\"sm\" data-start=\"1447\" data-end=\"1458\">\u2265 30 dB<\/td>\n<\/tr>\n<tr data-start=\"1459\" data-end=\"1489\">\n<td data-start=\"1459\" data-end=\"1474\" data-col-size=\"sm\">10G Ethernet<\/td>\n<td data-start=\"1474\" data-end=\"1489\" data-col-size=\"sm\">300 m'ye kadar<\/td>\n<\/tr>\n<tr data-start=\"1490\" data-end=\"1518\">\n<td data-start=\"1490\" data-end=\"1503\" data-col-size=\"sm\">40G \/ 100G<\/td>\n<td data-start=\"1503\" data-end=\"1518\" data-col-size=\"sm\">100 m'ye kadar<\/td>\n<\/tr>\n<tr data-start=\"1519\" data-end=\"1543\">\n<td data-start=\"1519\" data-end=\"1528\" data-col-size=\"sm\">Ceket<\/td>\n<td data-col-size=\"sm\" data-start=\"1528\" data-end=\"1543\">LSZH veya PVC<\/td>\n<\/tr>\n<tr data-start=\"1544\" data-end=\"1585\">\n<td data-start=\"1544\" data-end=\"1556\" data-col-size=\"sm\">Standartlar<\/td>\n<td data-start=\"1556\" data-end=\"1585\" data-col-size=\"sm\">IEC, TIA-568, RoHS, REACH<\/td>\n<\/tr>\n<\/tbody>\n<\/table>\n<\/div>\n<\/div>\n<hr data-start=\"1587\" data-end=\"1590\" \/>\n<h3 data-start=\"1592\" data-end=\"1620\"><strong data-start=\"1596\" data-end=\"1620\">Tipik Uygulamalar<\/strong><\/h3>\n<ul data-start=\"1622\" data-end=\"1853\">\n<li data-start=\"1622\" data-end=\"1673\">\n<p data-start=\"1624\" data-end=\"1673\"><strong data-start=\"1624\" data-end=\"1673\">SFP+\/QSFP ba\u011flant\u0131 noktalar\u0131n\u0131 ST yama panellerine ba\u011flama<\/strong><\/p>\n<\/li>\n<li data-start=\"1674\" data-end=\"1723\">\n<p data-start=\"1676\" data-end=\"1723\"><strong data-start=\"1676\" data-end=\"1723\">Veri merkezi ve kurumsal a\u011f y\u00fckseltmeleri<\/strong><\/p>\n<\/li>\n<li data-start=\"1724\" data-end=\"1765\">\n<p data-start=\"1726\" data-end=\"1765\"><strong data-start=\"1726\" data-end=\"1765\">Kamp\u00fcs ve bina fiber omurgalar\u0131<\/strong><\/p>\n<\/li>\n<li data-start=\"1766\" data-end=\"1814\">\n<p data-start=\"1768\" data-end=\"1814\"><strong data-start=\"1768\" data-end=\"1814\">End\u00fcstriyel Ethernet ve otomasyon sistemleri<\/strong><\/p>\n<\/li>\n<li data-start=\"1815\" data-end=\"1853\">\n<p data-start=\"1817\" data-end=\"1853\"><strong data-start=\"1817\" data-end=\"1853\">Telekom ve izleme ekipmanlar\u0131<\/strong><\/p>\n<\/li>\n<\/ul>\n<p data-start=\"1855\" data-end=\"1958\">OM3 fiber \u015funlar\u0131 sa\u011flar <strong data-start=\"1873\" data-end=\"1916\">istikrarl\u0131, d\u00fc\u015f\u00fck gecikmeli sinyal iletimi<\/strong> yo\u011fun veya y\u00fcksek h\u0131zl\u0131 ortamlarda bile.<\/p>\n<hr data-start=\"1960\" data-end=\"1963\" \/>\n<h3 data-start=\"1965\" data-end=\"2015\"><strong data-start=\"1969\" data-end=\"2015\">G\u00fcvenilir Optik Ba\u011flant\u0131lar i\u00e7in Hassas \u00dcretim<\/strong><\/h3>\n<p data-start=\"2017\" data-end=\"2315\">Her LC-ST OM3 atlama teli, a\u015fa\u011f\u0131dakiler kullan\u0131larak monte edilir <strong data-start=\"2059\" data-end=\"2117\">y\u00fcksek kaliteli seramik y\u00fcks\u00fckler ve UPC cilal\u0131 u\u00e7 y\u00fczeyleri<\/strong>, i\u00e7in test edildi. <strong data-start=\"2135\" data-end=\"2189\">ekleme kayb\u0131, geri d\u00f6n\u00fc\u015f kayb\u0131 ve u\u00e7 y\u00fcz geometrisi<\/strong>. Bu \u015fu sonu\u00e7lar\u0131 do\u011furur <strong data-start=\"2207\" data-end=\"2270\">temiz \u0131\u015f\u0131k yollar\u0131, d\u00fc\u015f\u00fck yans\u0131ma ve uzun s\u00fcreli dayan\u0131kl\u0131l\u0131k<\/strong>, S\u0131k s\u0131k fi\u015fe tak\u0131l\u0131p \u00e7\u0131kar\u0131lsa bile.<\/p>\n<p data-start=\"2317\" data-end=\"2434\">Bu <strong data-start=\"2321\" data-end=\"2343\">LSZH ceket se\u00e7ene\u011fi<\/strong> ayn\u0131 zamanda modern <strong data-start=\"2362\" data-end=\"2404\">yang\u0131n g\u00fcvenli\u011fi ve d\u00fc\u015f\u00fck duman gereksinimleri<\/strong> ticari kurulumlar i\u00e7in.<\/p>\n<hr data-start=\"2436\" data-end=\"2439\" \/>\n<h2 data-start=\"2441\" data-end=\"2464\"><strong data-start=\"2444\" data-end=\"2464\">Profesyonel Soru-Cevap<\/strong><\/h2>\n<p data-start=\"2466\" data-end=\"2598\"><strong data-start=\"2466\" data-end=\"2513\">S1: OM3 40G ve 100G ba\u011flant\u0131lar i\u00e7in uygun mudur?<\/strong><br data-start=\"2513\" data-end=\"2516\" \/>Evet. OM3 \u015funlar\u0131 destekler <strong data-start=\"2534\" data-end=\"2567\">100 metreye kadar 40G ve 100G<\/strong> 850 nm \u00e7ok modlu optik kullanarak.<\/p>\n<p data-start=\"2600\" data-end=\"2783\"><strong data-start=\"2600\" data-end=\"2637\">S2: Neden LC ve ST konnekt\u00f6rleri kar\u0131\u015ft\u0131r\u0131yorsunuz?<\/strong><br data-start=\"2637\" data-end=\"2640\" \/>LC do\u011frudan <strong data-start=\"2664\" data-end=\"2687\">modern al\u0131c\u0131-vericiler<\/strong>, ile aray\u00fcz olu\u015ftururken, ST <strong data-start=\"2714\" data-end=\"2751\">eski veya end\u00fcstriyel fiber sistemler<\/strong>-Bu kablo her iki d\u00fcnya aras\u0131nda k\u00f6pr\u00fc kuruyor.<\/p>\n<p data-start=\"2785\" data-end=\"2936\"><strong data-start=\"2785\" data-end=\"2832\">S3: UPC parlatma performans\u0131 art\u0131r\u0131r m\u0131?<\/strong><br data-start=\"2832\" data-end=\"2835\" \/>Evet. UPC geri yans\u0131may\u0131 en aza indirir ve <strong data-start=\"2884\" data-end=\"2907\">geri d\u00f6n\u00fc\u015f kayb\u0131 \u2265 30 dB<\/strong>, sinyal kararl\u0131l\u0131\u011f\u0131n\u0131 art\u0131r\u0131r.<\/p>\n<p data-start=\"2938\" data-end=\"3124\"><strong data-start=\"2938\" data-end=\"2990\">S4: Bu end\u00fcstriyel ortamlarda kullan\u0131labilir mi?<\/strong><br data-start=\"2990\" data-end=\"2993\" \/>Kesinlikle. Bu <strong data-start=\"3009\" data-end=\"3028\">ST s\u00fcng\u00fc kilit<\/strong> m\u00fckemmel titre\u015fim direnci sa\u011flarken, LC taraf\u0131 y\u00fcksek yo\u011funluklu ba\u011flant\u0131y\u0131 korur.<\/p>","protected":false},"excerpt":{"rendered":"<p data-start=\"62\" data-end=\"410\">Bu <strong data-start=\"66\" data-end=\"90\">LC\/UPC-ST\/UPC-OM3-DX<\/strong> bir <strong data-start=\"96\" data-end=\"133\">dubleks OM3 \u00e7ok modlu fiber jumper<\/strong> ba\u011flanmak \u00fczere tasarland\u0131 <strong data-start=\"156\" data-end=\"189\">Kompakt LC tabanl\u0131 al\u0131c\u0131-vericiler<\/strong> ile <strong data-start=\"195\" data-end=\"226\">ST sonland\u0131rmal\u0131 fiber sistemler<\/strong>. Bu, a\u015fa\u011f\u0131daki ortamlar i\u00e7in ak\u0131ll\u0131 bir \u00e7\u00f6z\u00fcmd\u00fcr <strong data-start=\"273\" data-end=\"304\">modern anahtarlar ve sunucular<\/strong> ile aray\u00fcz olu\u015fturmal\u0131d\u0131r <strong data-start=\"325\" data-end=\"365\">eski veya end\u00fcstriyel ST patch paneller<\/strong> h\u0131zdan veya sinyal kalitesinden \u00f6d\u00fcn vermeden.<\/p>\n<p data-start=\"412\" data-end=\"563\">ile <strong data-start=\"417\" data-end=\"456\">OM3 50\/125 \u03bcm lazer i\u00e7in optimize edilmi\u015f fiber<\/strong>, bu kablo a\u015fa\u011f\u0131dakileri tam olarak destekleyebilir <strong data-start=\"500\" data-end=\"543\">10G, 40G ve 100G k\u0131sa eri\u015fimli Ethernet<\/strong> 850 nm optik \u00fczerinde.<\/p>","protected":false},"featured_media":688,"comment_status":"open","ping_status":"closed","template":"","meta":[],"product_brand":[],"product_cat":[44],"product_tag":[],"class_list":{"0":"post-687","1":"product","2":"type-product","3":"status-publish","4":"has-post-thumbnail","6":"product_cat-multimode-fiber-optic-patch-cord","8":"first","9":"instock","10":"shipping-taxable","11":"product-type-simple"},"_links":{"self":[{"href":"https:\/\/www.fenxifiber.com\/tr\/wp-json\/wp\/v2\/product\/687","targetHints":{"allow":["GET"]}}],"collection":[{"href":"https:\/\/www.fenxifiber.com\/tr\/wp-json\/wp\/v2\/product"}],"about":[{"href":"https:\/\/www.fenxifiber.com\/tr\/wp-json\/wp\/v2\/types\/product"}],"replies":[{"embeddable":true,"href":"https:\/\/www.fenxifiber.com\/tr\/wp-json\/wp\/v2\/comments?post=687"}],"wp:featuredmedia":[{"embeddable":true,"href":"https:\/\/www.fenxifiber.com\/tr\/wp-json\/wp\/v2\/media\/688"}],"wp:attachment":[{"href":"https:\/\/www.fenxifiber.com\/tr\/wp-json\/wp\/v2\/media?parent=687"}],"wp:term":[{"taxonomy":"product_brand","embeddable":true,"href":"https:\/\/www.fenxifiber.com\/tr\/wp-json\/wp\/v2\/product_brand?post=687"},{"taxonomy":"product_cat","embeddable":true,"href":"https:\/\/www.fenxifiber.com\/tr\/wp-json\/wp\/v2\/product_cat?post=687"},{"taxonomy":"product_tag","embeddable":true,"href":"https:\/\/www.fenxifiber.com\/tr\/wp-json\/wp\/v2\/product_tag?post=687"}],"curies":[{"name":"wp","href":"https:\/\/api.w.org\/{rel}","templated":true}]}}