{"id":689,"date":"2026-02-03T07:04:43","date_gmt":"2026-02-03T07:04:43","guid":{"rendered":"https:\/\/www.fenxifiber.com\/?post_type=product&#038;p=689"},"modified":"2026-02-04T01:33:03","modified_gmt":"2026-02-04T01:33:03","slug":"fc-upc-sc-upc-om3-dx","status":"publish","type":"product","link":"https:\/\/www.fenxifiber.com\/tr\/product\/fc-upc-sc-upc-om3-dx\/","title":{"rendered":"FC\/UPC-SC\/UPC-OM3-DX \u00c7ok Modlu Fiber Optik Yama Kablosu"},"content":{"rendered":"<h3 data-start=\"576\" data-end=\"608\"><strong data-start=\"580\" data-end=\"608\">FC'den SC'ye Ge\u00e7i\u015f Neden Mant\u0131kl\u0131?<\/strong><\/h3>\n<p data-start=\"610\" data-end=\"919\">FC konekt\u00f6rler \u015fu alanlarda tercih edilir <strong data-start=\"639\" data-end=\"685\">\u00f6l\u00e7\u00fcm eki\u0307pmanlari ve ta\u015fiyici a\u011flar<\/strong> \u00e7\u00fcnk\u00fc onlar\u0131n <strong data-start=\"700\" data-end=\"747\">vidal\u0131 metal g\u00f6vde mikro hareketleri \u00f6nler<\/strong> optik karars\u0131zl\u0131\u011fa neden olabilir.<br data-start=\"783\" data-end=\"786\" \/>Buna kar\u015f\u0131n SC konekt\u00f6rler standart olarak <strong data-start=\"830\" data-end=\"866\">ODF'ler, ba\u011flant\u0131 panelleri ve anahtarlar<\/strong> onlar\u0131n <strong data-start=\"877\" data-end=\"918\">ge\u00e7meli g\u00fcvenilirlik ve kolay kullan\u0131m<\/strong>.<\/p>\n<p data-start=\"921\" data-end=\"1075\">Bu hibrit tasar\u0131m ba\u011flant\u0131 kurman\u0131z\u0131 sa\u011flar <strong data-start=\"957\" data-end=\"987\">hassas s\u0131n\u0131f FC cihazlar\u0131<\/strong> do\u011frudan <strong data-start=\"1000\" data-end=\"1035\">SC tabanl\u0131 a\u011f altyap\u0131s\u0131<\/strong> adapt\u00f6rler veya sinyal bozulmas\u0131 olmadan.<\/p>\n<hr data-start=\"1077\" data-end=\"1080\" \/>\n<h3 data-start=\"1082\" data-end=\"1125\"><strong data-start=\"1086\" data-end=\"1125\">Optik ve Mekanik \u00d6zellikler<\/strong><\/h3>\n<div class=\"TyagGW_tableContainer\">\n<div class=\"group TyagGW_tableWrapper flex flex-col-reverse w-fit\" tabindex=\"-1\">\n<table class=\"w-fit min-w-(--thread-content-width)\" data-start=\"1127\" data-end=\"1588\">\n<thead data-start=\"1127\" data-end=\"1161\">\n<tr data-start=\"1127\" data-end=\"1161\">\n<th class=\"\" data-start=\"1127\" data-end=\"1137\" data-col-size=\"sm\">\u00d6zellik<\/th>\n<th class=\"\" data-start=\"1137\" data-end=\"1161\" data-col-size=\"sm\">FC\/UPC-SC\/UPC-OM3-DX<\/th>\n<\/tr>\n<\/thead>\n<tbody data-start=\"1190\" data-end=\"1588\">\n<tr data-start=\"1190\" data-end=\"1230\">\n<td data-start=\"1190\" data-end=\"1203\" data-col-size=\"sm\">Elyaf Tipi<\/td>\n<td data-start=\"1203\" data-end=\"1230\" data-col-size=\"sm\">OM3 \u00c7ok Modlu 50\/125 \u03bcm<\/td>\n<\/tr>\n<tr data-start=\"1231\" data-end=\"1260\">\n<td data-start=\"1231\" data-end=\"1245\" data-col-size=\"sm\">Lif Say\u0131s\u0131<\/td>\n<td data-col-size=\"sm\" data-start=\"1245\" data-end=\"1260\">Dubleks (DX)<\/td>\n<\/tr>\n<tr data-start=\"1261\" data-end=\"1287\">\n<td data-start=\"1261\" data-end=\"1275\" data-col-size=\"sm\">Konekt\u00f6r A<\/td>\n<td data-start=\"1275\" data-end=\"1287\" data-col-size=\"sm\">FC \/ UPC<\/td>\n<\/tr>\n<tr data-start=\"1288\" data-end=\"1314\">\n<td data-start=\"1288\" data-end=\"1302\" data-col-size=\"sm\">Konekt\u00f6r B<\/td>\n<td data-start=\"1302\" data-end=\"1314\" data-col-size=\"sm\">SC \/ UPC<\/td>\n<\/tr>\n<tr data-start=\"1315\" data-end=\"1358\">\n<td data-start=\"1315\" data-end=\"1338\" data-col-size=\"sm\">\u00c7al\u0131\u015fma Dalga Boyu<\/td>\n<td data-start=\"1338\" data-end=\"1358\" data-col-size=\"sm\">850 nm \/ 1300 nm<\/td>\n<\/tr>\n<tr data-start=\"1359\" data-end=\"1395\">\n<td data-start=\"1359\" data-end=\"1380\" data-col-size=\"sm\">Bant Geni\u015fli\u011fi @ 850 nm<\/td>\n<td data-col-size=\"sm\" data-start=\"1380\" data-end=\"1395\">2000 MHz-km<\/td>\n<\/tr>\n<tr data-start=\"1396\" data-end=\"1426\">\n<td data-start=\"1396\" data-end=\"1413\" data-col-size=\"sm\">Ekleme Kayb\u0131<\/td>\n<td data-start=\"1413\" data-end=\"1426\" data-col-size=\"sm\">\u2264 0,30 dB<\/td>\n<\/tr>\n<tr data-start=\"1427\" data-end=\"1452\">\n<td data-start=\"1427\" data-end=\"1441\" data-col-size=\"sm\">Geri D\u00f6n\u00fc\u015f Kayb\u0131<\/td>\n<td data-start=\"1441\" data-end=\"1452\" data-col-size=\"sm\">\u2265 30 dB<\/td>\n<\/tr>\n<tr data-start=\"1453\" data-end=\"1483\">\n<td data-start=\"1453\" data-end=\"1468\" data-col-size=\"sm\">10G Ethernet<\/td>\n<td data-start=\"1468\" data-end=\"1483\" data-col-size=\"sm\">300 m'ye kadar<\/td>\n<\/tr>\n<tr data-start=\"1484\" data-end=\"1512\">\n<td data-start=\"1484\" data-end=\"1497\" data-col-size=\"sm\">40G \/ 100G<\/td>\n<td data-col-size=\"sm\" data-start=\"1497\" data-end=\"1512\">100 m'ye kadar<\/td>\n<\/tr>\n<tr data-start=\"1513\" data-end=\"1545\">\n<td data-start=\"1513\" data-end=\"1530\" data-col-size=\"sm\">Ceket Se\u00e7enekleri<\/td>\n<td data-start=\"1530\" data-end=\"1545\" data-col-size=\"sm\">LSZH veya PVC<\/td>\n<\/tr>\n<tr data-start=\"1546\" data-end=\"1588\">\n<td data-start=\"1546\" data-end=\"1559\" data-col-size=\"sm\">Uyumluluk<\/td>\n<td data-start=\"1559\" data-end=\"1588\" data-col-size=\"sm\">IEC, TIA-568, RoHS, REACH<\/td>\n<\/tr>\n<\/tbody>\n<\/table>\n<\/div>\n<\/div>\n<hr data-start=\"1590\" data-end=\"1593\" \/>\n<h3 data-start=\"1595\" data-end=\"1631\"><strong data-start=\"1599\" data-end=\"1631\">Yayg\u0131n Olarak Kullan\u0131ld\u0131\u011f\u0131 Yerler<\/strong><\/h3>\n<ul data-start=\"1633\" data-end=\"1808\">\n<li data-start=\"1633\" data-end=\"1662\">\n<p data-start=\"1635\" data-end=\"1662\"><strong data-start=\"1635\" data-end=\"1662\">Telekom merkez ofisleri<\/strong><\/p>\n<\/li>\n<li data-start=\"1663\" data-end=\"1706\">\n<p data-start=\"1665\" data-end=\"1706\"><strong data-start=\"1665\" data-end=\"1706\">OTDR'ler, g\u00fc\u00e7 \u00f6l\u00e7erler ve test tezgahlar\u0131<\/strong><\/p>\n<\/li>\n<li data-start=\"1707\" data-end=\"1739\">\n<p data-start=\"1709\" data-end=\"1739\"><strong data-start=\"1709\" data-end=\"1739\">Veri merkezi \u00e7apraz ba\u011flant\u0131lar\u0131<\/strong><\/p>\n<\/li>\n<li data-start=\"1740\" data-end=\"1768\">\n<p data-start=\"1742\" data-end=\"1768\"><strong data-start=\"1742\" data-end=\"1768\">Kamp\u00fcs fiber omurgalar\u0131<\/strong><\/p>\n<\/li>\n<li data-start=\"1769\" data-end=\"1808\">\n<p data-start=\"1771\" data-end=\"1808\"><strong data-start=\"1771\" data-end=\"1808\">End\u00fcstriyel ve yay\u0131n a\u011flar\u0131<\/strong><\/p>\n<\/li>\n<\/ul>\n<p data-start=\"1810\" data-end=\"1914\">OM3\u2019\u00fcn y\u00fcksek bant geni\u015fli\u011fi \u015funlar\u0131 sa\u011flar <strong data-start=\"1839\" data-end=\"1868\">temiz sinyal iletimi<\/strong> birden fazla yama noktas\u0131 s\u00f6z konusu oldu\u011funda bile.<\/p>\n<hr data-start=\"1916\" data-end=\"1919\" \/>\n<h3 data-start=\"1921\" data-end=\"1963\"><strong data-start=\"1925\" data-end=\"1963\">Optik Tutarl\u0131l\u0131k i\u00e7in Tasarland\u0131<\/strong><\/h3>\n<p data-start=\"1965\" data-end=\"2208\">Her FC-SC OM3 atlama teli a\u015fa\u011f\u0131dakilerle birle\u015ftirilmi\u015ftir <strong data-start=\"2005\" data-end=\"2052\">seramik y\u00fcks\u00fckler ve UPC cilal\u0131 u\u00e7 y\u00fczeyleri<\/strong>, sonra <strong data-start=\"2059\" data-end=\"2074\">100% test edildi<\/strong> ekleme kayb\u0131, yans\u0131ma ve geometri i\u00e7in. Bu \u015funlar\u0131 sa\u011flar <strong data-start=\"2135\" data-end=\"2207\">d\u00fc\u015f\u00fck geri yans\u0131ma, y\u00fcksek ba\u011flant\u0131 verimlili\u011fi ve uzun hizmet \u00f6mr\u00fc<\/strong>.<\/p>\n<p data-start=\"2210\" data-end=\"2340\">Bu <strong data-start=\"2214\" data-end=\"2236\">LSZH ceket se\u00e7ene\u011fi<\/strong> modernle bulu\u015fuyor <strong data-start=\"2250\" data-end=\"2289\">yangin g\u00fcvenli\u0307\u011fi\u0307 ve d\u00fc\u015f\u00fck duman standartlari<\/strong> ticari binalarda ve veri merkezlerinde gereklidir.<\/p>\n<hr data-start=\"2342\" data-end=\"2345\" \/>\n<h2 data-start=\"2347\" data-end=\"2370\"><strong data-start=\"2350\" data-end=\"2370\">Profesyonel Soru-Cevap<\/strong><\/h2>\n<p data-start=\"2372\" data-end=\"2544\"><strong data-start=\"2372\" data-end=\"2421\">S1: Modern a\u011flarda neden FC konekt\u00f6rleri kullan\u0131l\u0131yor?<\/strong><br data-start=\"2421\" data-end=\"2424\" \/>FC konekt\u00f6rler \u015funlar\u0131 sunar <strong data-start=\"2444\" data-end=\"2469\">ola\u011fan\u00fcst\u00fc kararl\u0131l\u0131k<\/strong> ve hala yayg\u0131n olarak kullan\u0131lmaktad\u0131r <strong data-start=\"2499\" data-end=\"2543\">test ekipmanlar\u0131 ve ta\u015f\u0131y\u0131c\u0131 s\u0131n\u0131f\u0131 sistemler<\/strong>.<\/p>\n<p data-start=\"2546\" data-end=\"2667\"><strong data-start=\"2546\" data-end=\"2584\">S2: OM3 100G Ethernet'i destekleyebilir mi?<\/strong><br data-start=\"2584\" data-end=\"2587\" \/>Evet. OM3 \u015funlar\u0131 destekler <strong data-start=\"2605\" data-end=\"2630\">100 metreye kadar 100G<\/strong> 850 nm \u00e7ok modlu al\u0131c\u0131-vericiler kullanarak.<\/p>\n<p data-start=\"2669\" data-end=\"2804\"><strong data-start=\"2669\" data-end=\"2717\">S3: Bu kablo patch paneller i\u00e7in uygun mu?<\/strong><br data-start=\"2717\" data-end=\"2720\" \/>Kesinlikle. Bu <strong data-start=\"2736\" data-end=\"2746\">SC sonu<\/strong> do\u011frudan standart <strong data-start=\"2776\" data-end=\"2803\">ODF'ler ve a\u011f panelleri<\/strong>.<\/p>\n<p data-start=\"2806\" data-end=\"2947\"><strong data-start=\"2806\" data-end=\"2840\">S4: UPC parlatma \u00f6nemli midir?<\/strong><br data-start=\"2840\" data-end=\"2843\" \/>Evet. UPC parlatma yans\u0131may\u0131 azalt\u0131r ve <strong data-start=\"2895\" data-end=\"2918\">geri d\u00f6n\u00fc\u015f kayb\u0131 \u2265 30 dB<\/strong>, ba\u011flant\u0131 g\u00fcvenilirli\u011fini art\u0131r\u0131r.<\/p>","protected":false},"excerpt":{"rendered":"<p data-start=\"62\" data-end=\"431\">Bu <strong data-start=\"66\" data-end=\"90\">FC\/UPC-SC\/UPC-OM3-DX<\/strong> bir <strong data-start=\"96\" data-end=\"131\">dubleks OM3 \u00e7ok modlu yama kablosu<\/strong> gerektiren ortamlar i\u00e7in tasarlanm\u0131\u015ft\u0131r. <strong data-start=\"173\" data-end=\"251\">bir u\u00e7ta mekanik stabilite ve di\u011fer u\u00e7ta y\u00fcksek yo\u011funluklu ba\u011flant\u0131<\/strong>. ile <strong data-start=\"260\" data-end=\"285\">di\u015fli FC konekt\u00f6r\u00fc<\/strong> e\u015fle\u015ftirilmi\u015f bir <strong data-start=\"298\" data-end=\"324\">push-pull SC aray\u00fcz\u00fc<\/strong>, bu kablo a\u015fa\u011f\u0131daki alanlarda yayg\u0131n olarak kullan\u0131lmaktad\u0131r <strong data-start=\"355\" data-end=\"430\">telekom odalar\u0131, optik test kurulumlar\u0131 ve veri merkezi da\u011f\u0131t\u0131m \u00e7er\u00e7eveleri<\/strong>.<\/p>\n<p data-start=\"433\" data-end=\"569\">\u0130le in\u015fa edilmi\u015ftir <strong data-start=\"444\" data-end=\"483\">50\/125 \u03bcm lazer i\u00e7in optimize edilmi\u015f OM3 fiber<\/strong>, tam olarak destekler <strong data-start=\"503\" data-end=\"534\">10G, 40G ve 100G Ethernet<\/strong> k\u0131sa eri\u015fimli \u00e7ok modlu optikler \u00fczerinden.<\/p>","protected":false},"featured_media":690,"comment_status":"open","ping_status":"closed","template":"","meta":[],"product_brand":[],"product_cat":[44],"product_tag":[],"class_list":{"0":"post-689","1":"product","2":"type-product","3":"status-publish","4":"has-post-thumbnail","6":"product_cat-multimode-fiber-optic-patch-cord","8":"first","9":"instock","10":"shipping-taxable","11":"product-type-simple"},"_links":{"self":[{"href":"https:\/\/www.fenxifiber.com\/tr\/wp-json\/wp\/v2\/product\/689","targetHints":{"allow":["GET"]}}],"collection":[{"href":"https:\/\/www.fenxifiber.com\/tr\/wp-json\/wp\/v2\/product"}],"about":[{"href":"https:\/\/www.fenxifiber.com\/tr\/wp-json\/wp\/v2\/types\/product"}],"replies":[{"embeddable":true,"href":"https:\/\/www.fenxifiber.com\/tr\/wp-json\/wp\/v2\/comments?post=689"}],"wp:featuredmedia":[{"embeddable":true,"href":"https:\/\/www.fenxifiber.com\/tr\/wp-json\/wp\/v2\/media\/690"}],"wp:attachment":[{"href":"https:\/\/www.fenxifiber.com\/tr\/wp-json\/wp\/v2\/media?parent=689"}],"wp:term":[{"taxonomy":"product_brand","embeddable":true,"href":"https:\/\/www.fenxifiber.com\/tr\/wp-json\/wp\/v2\/product_brand?post=689"},{"taxonomy":"product_cat","embeddable":true,"href":"https:\/\/www.fenxifiber.com\/tr\/wp-json\/wp\/v2\/product_cat?post=689"},{"taxonomy":"product_tag","embeddable":true,"href":"https:\/\/www.fenxifiber.com\/tr\/wp-json\/wp\/v2\/product_tag?post=689"}],"curies":[{"name":"wp","href":"https:\/\/api.w.org\/{rel}","templated":true}]}}