{"id":692,"date":"2026-02-03T07:06:07","date_gmt":"2026-02-03T07:06:07","guid":{"rendered":"https:\/\/www.fenxifiber.com\/?post_type=product&#038;p=692"},"modified":"2026-02-04T01:33:31","modified_gmt":"2026-02-04T01:33:31","slug":"lc-upc-sc-upc-om3-dx","status":"publish","type":"product","link":"https:\/\/www.fenxifiber.com\/tr\/product\/lc-upc-sc-upc-om3-dx\/","title":{"rendered":"LC\/UPC-SC\/UPC-OM3-DX \u00c7ok Modlu Fiber Optik Yama Kablosu"},"content":{"rendered":"<h3 data-start=\"631\" data-end=\"677\"><strong data-start=\"635\" data-end=\"677\">Karma Aray\u00fczl\u00fc A\u011flar i\u00e7in Optimize Edilmi\u015ftir<\/strong><\/h3>\n<p data-start=\"679\" data-end=\"983\">LC konnekt\u00f6rler bask\u0131n <strong data-start=\"702\" data-end=\"737\">SFP+, QSFP ve QSFP-DD mod\u00fclleri<\/strong>, 'de SC konekt\u00f6rler standart olarak kal\u0131rken <strong data-start=\"778\" data-end=\"803\">ODF'ler ve fiber paneller<\/strong>. Bu LC'den SC'ye yap\u0131land\u0131rma, a\u015fa\u011f\u0131dakilere neden olabilecek adapt\u00f6rlere olan ihtiyac\u0131 ortadan kald\u0131r\u0131r <strong data-start=\"885\" data-end=\"914\">ekstra kay\u0131p ve yans\u0131ma<\/strong>, 'de bile sinyal kalitesini y\u00fcksek tutarak <strong data-start=\"952\" data-end=\"982\">yo\u011fun, y\u00fcksek h\u0131zl\u0131 a\u011flar<\/strong>.<\/p>\n<p data-start=\"985\" data-end=\"1092\">OM3 fiber, a\u015fa\u011f\u0131dakiler i\u00e7in gereken bant geni\u015fli\u011fi bo\u015flu\u011funu sa\u011flar <strong data-start=\"1038\" data-end=\"1091\">sanalla\u015ft\u0131rma, bulut bili\u015fim ve yapay zeka i\u015f y\u00fckleri<\/strong>.<\/p>\n<hr data-start=\"1094\" data-end=\"1097\" \/>\n<h3 data-start=\"1099\" data-end=\"1127\"><strong data-start=\"1103\" data-end=\"1127\">Temel Performans Verileri<\/strong><\/h3>\n<div class=\"TyagGW_tableContainer\">\n<div class=\"group TyagGW_tableWrapper flex flex-col-reverse w-fit\" tabindex=\"-1\">\n<table class=\"w-fit min-w-(--thread-content-width)\" data-start=\"1129\" data-end=\"1590\">\n<thead data-start=\"1129\" data-end=\"1165\">\n<tr data-start=\"1129\" data-end=\"1165\">\n<th class=\"\" data-start=\"1129\" data-end=\"1141\" data-col-size=\"sm\">Parametre<\/th>\n<th class=\"\" data-start=\"1141\" data-end=\"1165\" data-col-size=\"sm\">LC\/UPC-SC\/UPC-OM3-DX<\/th>\n<\/tr>\n<\/thead>\n<tbody data-start=\"1195\" data-end=\"1590\">\n<tr data-start=\"1195\" data-end=\"1235\">\n<td data-start=\"1195\" data-end=\"1208\" data-col-size=\"sm\">Elyaf Tipi<\/td>\n<td data-start=\"1208\" data-end=\"1235\" data-col-size=\"sm\">OM3 \u00c7ok Modlu 50\/125 \u03bcm<\/td>\n<\/tr>\n<tr data-start=\"1236\" data-end=\"1265\">\n<td data-start=\"1236\" data-end=\"1250\" data-col-size=\"sm\">Lif Say\u0131s\u0131<\/td>\n<td data-start=\"1250\" data-end=\"1265\" data-col-size=\"sm\">Dubleks (DX)<\/td>\n<\/tr>\n<tr data-start=\"1266\" data-end=\"1292\">\n<td data-start=\"1266\" data-end=\"1280\" data-col-size=\"sm\">Konekt\u00f6r A<\/td>\n<td data-start=\"1280\" data-end=\"1292\" data-col-size=\"sm\">LC \/ UPC<\/td>\n<\/tr>\n<tr data-start=\"1293\" data-end=\"1319\">\n<td data-start=\"1293\" data-end=\"1307\" data-col-size=\"sm\">Konekt\u00f6r B<\/td>\n<td data-start=\"1307\" data-end=\"1319\" data-col-size=\"sm\">SC \/ UPC<\/td>\n<\/tr>\n<tr data-start=\"1320\" data-end=\"1363\">\n<td data-start=\"1320\" data-end=\"1343\" data-col-size=\"sm\">\u00c7al\u0131\u015fma Dalga Boyu<\/td>\n<td data-col-size=\"sm\" data-start=\"1343\" data-end=\"1363\">850 nm \/ 1300 nm<\/td>\n<\/tr>\n<tr data-start=\"1364\" data-end=\"1400\">\n<td data-start=\"1364\" data-end=\"1385\" data-col-size=\"sm\">Bant Geni\u015fli\u011fi @ 850 nm<\/td>\n<td data-start=\"1385\" data-end=\"1400\" data-col-size=\"sm\">2000 MHz-km<\/td>\n<\/tr>\n<tr data-start=\"1401\" data-end=\"1431\">\n<td data-start=\"1401\" data-end=\"1418\" data-col-size=\"sm\">Ekleme Kayb\u0131<\/td>\n<td data-start=\"1418\" data-end=\"1431\" data-col-size=\"sm\">\u2264 0,30 dB<\/td>\n<\/tr>\n<tr data-start=\"1432\" data-end=\"1457\">\n<td data-start=\"1432\" data-end=\"1446\" data-col-size=\"sm\">Geri D\u00f6n\u00fc\u015f Kayb\u0131<\/td>\n<td data-col-size=\"sm\" data-start=\"1446\" data-end=\"1457\">\u2265 30 dB<\/td>\n<\/tr>\n<tr data-start=\"1458\" data-end=\"1488\">\n<td data-start=\"1458\" data-end=\"1473\" data-col-size=\"sm\">10G Ethernet<\/td>\n<td data-start=\"1473\" data-end=\"1488\" data-col-size=\"sm\">300 m'ye kadar<\/td>\n<\/tr>\n<tr data-start=\"1489\" data-end=\"1517\">\n<td data-start=\"1489\" data-end=\"1502\" data-col-size=\"sm\">40G \/ 100G<\/td>\n<td data-start=\"1502\" data-end=\"1517\" data-col-size=\"sm\">100 m'ye kadar<\/td>\n<\/tr>\n<tr data-start=\"1518\" data-end=\"1548\">\n<td data-start=\"1518\" data-end=\"1533\" data-col-size=\"sm\">Kablo Ceketi<\/td>\n<td data-start=\"1533\" data-end=\"1548\" data-col-size=\"sm\">LSZH veya PVC<\/td>\n<\/tr>\n<tr data-start=\"1549\" data-end=\"1590\">\n<td data-start=\"1549\" data-end=\"1561\" data-col-size=\"sm\">Standartlar<\/td>\n<td data-start=\"1561\" data-end=\"1590\" data-col-size=\"sm\">IEC, TIA-568, RoHS, REACH<\/td>\n<\/tr>\n<\/tbody>\n<\/table>\n<\/div>\n<\/div>\n<hr data-start=\"1592\" data-end=\"1595\" \/>\n<h3 data-start=\"1597\" data-end=\"1628\"><strong data-start=\"1601\" data-end=\"1628\">Bu Kablonun \u00dcst\u00fcn Oldu\u011fu Noktalar<\/strong><\/h3>\n<ul data-start=\"1630\" data-end=\"1817\">\n<li data-start=\"1630\" data-end=\"1677\">\n<p data-start=\"1632\" data-end=\"1677\"><strong data-start=\"1632\" data-end=\"1677\">Switch-ODF ve patch panel ba\u011flant\u0131lar\u0131<\/strong><\/p>\n<\/li>\n<li data-start=\"1678\" data-end=\"1710\">\n<p data-start=\"1680\" data-end=\"1710\"><strong data-start=\"1680\" data-end=\"1710\">Veri merkezi \u00e7apraz ba\u011flant\u0131lar\u0131<\/strong><\/p>\n<\/li>\n<li data-start=\"1711\" data-end=\"1741\">\n<p data-start=\"1713\" data-end=\"1741\"><strong data-start=\"1713\" data-end=\"1741\">Kurumsal LAN omurgalar\u0131<\/strong><\/p>\n<\/li>\n<li data-start=\"1742\" data-end=\"1775\">\n<p data-start=\"1744\" data-end=\"1775\"><strong data-start=\"1744\" data-end=\"1775\">Telekom da\u011f\u0131t\u0131m \u00e7er\u00e7eveleri<\/strong><\/p>\n<\/li>\n<li data-start=\"1776\" data-end=\"1817\">\n<p data-start=\"1778\" data-end=\"1817\"><strong data-start=\"1778\" data-end=\"1817\">Y\u00fcksek h\u0131zl\u0131 sunucu ve depolama ba\u011flant\u0131lar\u0131<\/strong><\/p>\n<\/li>\n<\/ul>\n<p data-start=\"1819\" data-end=\"1934\">OM3\u2019\u00fcn d\u00fc\u015f\u00fck zay\u0131flamas\u0131 ve y\u00fcksek modal bant geni\u015fli\u011fi <strong data-start=\"1873\" data-end=\"1908\">istikrarl\u0131, d\u00fc\u015f\u00fck gecikmeli performans<\/strong> k\u0131sa eri\u015fimli ba\u011flant\u0131lar aras\u0131nda.<\/p>\n<hr data-start=\"1936\" data-end=\"1939\" \/>\n<h3 data-start=\"1941\" data-end=\"1993\"><strong data-start=\"1945\" data-end=\"1993\">Uzun Vadeli G\u00fcvenilirlik i\u00e7in Hassas Montaj<\/strong><\/h3>\n<p data-start=\"1995\" data-end=\"2258\">Her LC-SC OM3 patch cord \u015fu \u00f6zelliklerle \u00fcretilmi\u015ftir <strong data-start=\"2043\" data-end=\"2118\">seramik y\u00fcks\u00fckler, UPC ile parlat\u0131lm\u0131\u015f u\u00e7 y\u00fczeyleri ve s\u0131k\u0131 optik denetim<\/strong>. Her birim a\u015fa\u011f\u0131dakiler i\u00e7in test edilmi\u015ftir <strong data-start=\"2144\" data-end=\"2189\">ekleme kayb\u0131, geri d\u00f6n\u00fc\u015f kayb\u0131 ve geometri<\/strong>, sa\u011flamak <strong data-start=\"2200\" data-end=\"2257\">tutarl\u0131 \u0131\u015f\u0131k ba\u011flant\u0131s\u0131 ve minimum geri yans\u0131ma<\/strong>.<\/p>\n<p data-start=\"2260\" data-end=\"2386\">Bu <strong data-start=\"2264\" data-end=\"2286\">LSZH ceket se\u00e7ene\u011fi<\/strong> moderni destekler <strong data-start=\"2303\" data-end=\"2344\">yang\u0131n g\u00fcvenli\u011fi ve d\u00fc\u015f\u00fck duman y\u00f6netmelikleri<\/strong> ticari binalarda ve veri merkezlerinde.<\/p>\n<hr data-start=\"2388\" data-end=\"2391\" \/>\n<h2 data-start=\"2393\" data-end=\"2416\"><strong data-start=\"2396\" data-end=\"2416\">Profesyonel Soru-Cevap<\/strong><\/h2>\n<p data-start=\"2418\" data-end=\"2586\"><strong data-start=\"2418\" data-end=\"2475\">S1: OM3 yeni kurulumlar i\u00e7in hala iyi bir se\u00e7im mi?<\/strong><br data-start=\"2475\" data-end=\"2478\" \/>Evet. OM3 bir <strong data-start=\"2497\" data-end=\"2521\">yayg\u0131n olarak kullan\u0131lan standart<\/strong> i\u00e7in <strong data-start=\"2526\" data-end=\"2564\">10G, 40G ve 100G \u00e7ok modlu ba\u011flant\u0131lar<\/strong> 100-300 metreye kadar.<\/p>\n<p data-start=\"2588\" data-end=\"2733\"><strong data-start=\"2588\" data-end=\"2644\">S2: Bu kablo do\u011frudan SFP+ mod\u00fcllerine ba\u011flanabilir mi?<\/strong><br data-start=\"2644\" data-end=\"2647\" \/>Evet. <strong data-start=\"2656\" data-end=\"2666\">LC sonu<\/strong> do\u011frudan tak\u0131l\u0131r <strong data-start=\"2687\" data-end=\"2732\">SFP, SFP+, QSFP ve QSFP-DD al\u0131c\u0131-vericileri<\/strong>.<\/p>\n<p data-start=\"2735\" data-end=\"2904\"><strong data-start=\"2735\" data-end=\"2789\">S3: Neden hibrit kablolar yerine adapt\u00f6rler kullan\u0131lm\u0131yor?<\/strong><br data-start=\"2789\" data-end=\"2792\" \/>Hibrit kablolar azalt\u0131r <strong data-start=\"2813\" data-end=\"2834\">ba\u011flant\u0131 noktalar\u0131<\/strong>, d\u00fc\u015f\u00fcrmek <strong data-start=\"2845\" data-end=\"2903\">ekleme kayb\u0131, yans\u0131ma ve uzun vadeli ar\u0131za riski<\/strong>.<\/p>\n<p data-start=\"2906\" data-end=\"3049\"><strong data-start=\"2906\" data-end=\"2941\">S4: UPC parlatma ne i\u015fe yarar?<\/strong><br data-start=\"2941\" data-end=\"2944\" \/>UPC parlatma iyile\u015ftirir <strong data-start=\"2967\" data-end=\"2991\">geri d\u00f6n\u00fc\u015f kayb\u0131 (\u226530 dB)<\/strong>, geri yans\u0131may\u0131 azalt\u0131r ve sinyal kararl\u0131l\u0131\u011f\u0131n\u0131 art\u0131r\u0131r.<\/p>","protected":false},"excerpt":{"rendered":"<p data-start=\"62\" data-end=\"446\">Bu <strong data-start=\"66\" data-end=\"90\">LC\/UPC-SC\/UPC-OM3-DX<\/strong> bir <strong data-start=\"96\" data-end=\"133\">dubleks OM3 \u00e7ok modlu fiber jumper<\/strong> i\u00e7in tasarlanm\u0131\u015ft\u0131r <strong data-start=\"147\" data-end=\"181\">y\u00fcksek yo\u011funluklu a\u011f donan\u0131m\u0131<\/strong> bir ucunda ve <strong data-start=\"197\" data-end=\"225\">standart SC yama panelleri<\/strong> di\u011ferinde. Aras\u0131nda temiz, d\u00fc\u015f\u00fck kay\u0131pl\u0131 bir optik k\u00f6pr\u00fc sa\u011flar <strong data-start=\"293\" data-end=\"321\">modern al\u0131c\u0131-vericiler (LC)<\/strong> ve <strong data-start=\"326\" data-end=\"366\">geleneksel da\u011f\u0131t\u0131m \u00e7er\u00e7eveleri (SC)<\/strong>, i\u00e7in ideal hale getirir. <strong data-start=\"388\" data-end=\"445\">veri merkezleri, kurumsal omurgalar ve telekom odalar\u0131<\/strong>.<\/p>\n<p data-start=\"448\" data-end=\"624\">ile <strong data-start=\"453\" data-end=\"492\">50\/125 \u03bcm lazer i\u00e7in optimize edilmi\u015f OM3 fiber<\/strong>, bu ba\u011flant\u0131 kablosu g\u00fcn\u00fcm\u00fcz\u00fcn <strong data-start=\"527\" data-end=\"556\">850 nm VCSEL tabanl\u0131 optikler<\/strong>, g\u00fcvenilirlik sa\u011flayan <strong data-start=\"576\" data-end=\"623\">10G, 40G ve 100G k\u0131sa eri\u015fimli iletim<\/strong>.<\/p>","protected":false},"featured_media":693,"comment_status":"open","ping_status":"closed","template":"","meta":[],"product_brand":[],"product_cat":[44],"product_tag":[],"class_list":{"0":"post-692","1":"product","2":"type-product","3":"status-publish","4":"has-post-thumbnail","6":"product_cat-multimode-fiber-optic-patch-cord","8":"first","9":"instock","10":"shipping-taxable","11":"product-type-simple"},"_links":{"self":[{"href":"https:\/\/www.fenxifiber.com\/tr\/wp-json\/wp\/v2\/product\/692","targetHints":{"allow":["GET"]}}],"collection":[{"href":"https:\/\/www.fenxifiber.com\/tr\/wp-json\/wp\/v2\/product"}],"about":[{"href":"https:\/\/www.fenxifiber.com\/tr\/wp-json\/wp\/v2\/types\/product"}],"replies":[{"embeddable":true,"href":"https:\/\/www.fenxifiber.com\/tr\/wp-json\/wp\/v2\/comments?post=692"}],"wp:featuredmedia":[{"embeddable":true,"href":"https:\/\/www.fenxifiber.com\/tr\/wp-json\/wp\/v2\/media\/693"}],"wp:attachment":[{"href":"https:\/\/www.fenxifiber.com\/tr\/wp-json\/wp\/v2\/media?parent=692"}],"wp:term":[{"taxonomy":"product_brand","embeddable":true,"href":"https:\/\/www.fenxifiber.com\/tr\/wp-json\/wp\/v2\/product_brand?post=692"},{"taxonomy":"product_cat","embeddable":true,"href":"https:\/\/www.fenxifiber.com\/tr\/wp-json\/wp\/v2\/product_cat?post=692"},{"taxonomy":"product_tag","embeddable":true,"href":"https:\/\/www.fenxifiber.com\/tr\/wp-json\/wp\/v2\/product_tag?post=692"}],"curies":[{"name":"wp","href":"https:\/\/api.w.org\/{rel}","templated":true}]}}