{"id":698,"date":"2026-02-03T07:11:36","date_gmt":"2026-02-03T07:11:36","guid":{"rendered":"https:\/\/www.fenxifiber.com\/?post_type=product&#038;p=698"},"modified":"2026-02-04T01:34:43","modified_gmt":"2026-02-04T01:34:43","slug":"st-upc-st-upc-om3-dx","status":"publish","type":"product","link":"https:\/\/www.fenxifiber.com\/tr\/product\/st-upc-st-upc-om3-dx\/","title":{"rendered":"ST\/UPC-ST\/UPC-OM3-DX \u00c7ok Modlu Fiber Optik Yama Kablosu"},"content":{"rendered":"<h3 data-start=\"616\" data-end=\"654\"><strong data-start=\"620\" data-end=\"654\">ST Konnekt\u00f6rleri Neden Hala \u00d6nemli?<\/strong><\/h3>\n<p data-start=\"656\" data-end=\"993\">ST konnekt\u00f6rler yayg\u0131n olarak kullan\u0131lmaya devam ediyor <strong data-start=\"692\" data-end=\"785\">end\u00fcstriyel Ethernet, kamp\u00fcs omurgalar\u0131, yay\u0131n sistemleri ve eski telekom kurulumlar\u0131<\/strong> \u00e7\u00fcnk\u00fc onlar\u0131n <strong data-start=\"800\" data-end=\"854\">\u00e7evirmeli kilit tasar\u0131m\u0131 kazara ba\u011flant\u0131n\u0131n kesilmesine kar\u015f\u0131 dayan\u0131kl\u0131d\u0131r<\/strong>. ile e\u015fle\u015ftirildi\u011finde <strong data-start=\"873\" data-end=\"886\">OM3 fiber<\/strong>, bu klasik konekt\u00f6r bir <strong data-start=\"921\" data-end=\"954\">y\u00fcksek performansl\u0131 optik ba\u011flant\u0131<\/strong> modern veri h\u0131zlar\u0131n\u0131 idare edebilecek kapasitede.<\/p>\n<p data-start=\"995\" data-end=\"1107\">Bu, ST-ST OM3 ba\u011flant\u0131 kablosunu a\u015fa\u011f\u0131dakiler i\u00e7in ideal hale getirir <strong data-start=\"1041\" data-end=\"1106\">eski ST donan\u0131m\u0131n\u0131 de\u011fi\u015ftirmeden a\u011f h\u0131zlar\u0131n\u0131 y\u00fckseltme<\/strong>.<\/p>\n<hr data-start=\"1109\" data-end=\"1112\" \/>\n<h3 data-start=\"1114\" data-end=\"1157\"><strong data-start=\"1118\" data-end=\"1157\">Optik ve Mekanik \u00d6zellikler<\/strong><\/h3>\n<div class=\"TyagGW_tableContainer\">\n<div class=\"group TyagGW_tableWrapper flex flex-col-reverse w-fit\" tabindex=\"-1\">\n<table class=\"w-fit min-w-(--thread-content-width)\" data-start=\"1159\" data-end=\"1597\">\n<thead data-start=\"1159\" data-end=\"1190\">\n<tr data-start=\"1159\" data-end=\"1190\">\n<th class=\"\" data-start=\"1159\" data-end=\"1166\" data-col-size=\"sm\">\u00d6\u011fe<\/th>\n<th class=\"\" data-start=\"1166\" data-end=\"1190\" data-col-size=\"sm\">ST\/UPC-ST\/UPC-OM3-DX<\/th>\n<\/tr>\n<\/thead>\n<tbody data-start=\"1217\" data-end=\"1597\">\n<tr data-start=\"1217\" data-end=\"1257\">\n<td data-start=\"1217\" data-end=\"1230\" data-col-size=\"sm\">Elyaf Tipi<\/td>\n<td data-start=\"1230\" data-end=\"1257\" data-col-size=\"sm\">OM3 \u00c7ok Modlu 50\/125 \u03bcm<\/td>\n<\/tr>\n<tr data-start=\"1258\" data-end=\"1289\">\n<td data-start=\"1258\" data-end=\"1274\" data-col-size=\"sm\">Konfig\u00fcrasyon<\/td>\n<td data-start=\"1274\" data-end=\"1289\" data-col-size=\"sm\">Dubleks (DX)<\/td>\n<\/tr>\n<tr data-start=\"1290\" data-end=\"1331\">\n<td data-start=\"1290\" data-end=\"1307\" data-col-size=\"sm\">Konekt\u00f6r Tipi<\/td>\n<td data-col-size=\"sm\" data-start=\"1307\" data-end=\"1331\">ST \/ UPC - ST \/ UPC<\/td>\n<\/tr>\n<tr data-start=\"1332\" data-end=\"1375\">\n<td data-start=\"1332\" data-end=\"1355\" data-col-size=\"sm\">\u00c7al\u0131\u015fma Dalga Boyu<\/td>\n<td data-start=\"1355\" data-end=\"1375\" data-col-size=\"sm\">850 nm \/ 1300 nm<\/td>\n<\/tr>\n<tr data-start=\"1376\" data-end=\"1412\">\n<td data-start=\"1376\" data-end=\"1397\" data-col-size=\"sm\">Bant Geni\u015fli\u011fi @ 850 nm<\/td>\n<td data-start=\"1397\" data-end=\"1412\" data-col-size=\"sm\">2000 MHz-km<\/td>\n<\/tr>\n<tr data-start=\"1413\" data-end=\"1443\">\n<td data-start=\"1413\" data-end=\"1430\" data-col-size=\"sm\">Ekleme Kayb\u0131<\/td>\n<td data-start=\"1430\" data-end=\"1443\" data-col-size=\"sm\">\u2264 0,30 dB<\/td>\n<\/tr>\n<tr data-start=\"1444\" data-end=\"1469\">\n<td data-start=\"1444\" data-end=\"1458\" data-col-size=\"sm\">Geri D\u00f6n\u00fc\u015f Kayb\u0131<\/td>\n<td data-start=\"1458\" data-end=\"1469\" data-col-size=\"sm\">\u2265 30 dB<\/td>\n<\/tr>\n<tr data-start=\"1470\" data-end=\"1500\">\n<td data-start=\"1470\" data-end=\"1485\" data-col-size=\"sm\">10G Ethernet<\/td>\n<td data-start=\"1485\" data-end=\"1500\" data-col-size=\"sm\">300 m'ye kadar<\/td>\n<\/tr>\n<tr data-start=\"1501\" data-end=\"1529\">\n<td data-start=\"1501\" data-end=\"1514\" data-col-size=\"sm\">40G \/ 100G<\/td>\n<td data-start=\"1514\" data-end=\"1529\" data-col-size=\"sm\">100 m'ye kadar<\/td>\n<\/tr>\n<tr data-start=\"1530\" data-end=\"1554\">\n<td data-start=\"1530\" data-end=\"1539\" data-col-size=\"sm\">Ceket<\/td>\n<td data-start=\"1539\" data-end=\"1554\" data-col-size=\"sm\">LSZH veya PVC<\/td>\n<\/tr>\n<tr data-start=\"1555\" data-end=\"1597\">\n<td data-start=\"1555\" data-end=\"1568\" data-col-size=\"sm\">Uyumluluk<\/td>\n<td data-start=\"1568\" data-end=\"1597\" data-col-size=\"sm\">IEC, TIA-568, RoHS, REACH<\/td>\n<\/tr>\n<\/tbody>\n<\/table>\n<\/div>\n<\/div>\n<hr data-start=\"1599\" data-end=\"1602\" \/>\n<h3 data-start=\"1604\" data-end=\"1627\"><strong data-start=\"1608\" data-end=\"1627\">Kullan\u0131ld\u0131\u011f\u0131 Yerler<\/strong><\/h3>\n<ul data-start=\"1629\" data-end=\"1812\">\n<li data-start=\"1629\" data-end=\"1669\">\n<p data-start=\"1631\" data-end=\"1669\"><strong data-start=\"1631\" data-end=\"1669\">End\u00fcstriyel Ethernet ve otomasyon<\/strong><\/p>\n<\/li>\n<li data-start=\"1670\" data-end=\"1706\">\n<p data-start=\"1672\" data-end=\"1706\"><strong data-start=\"1672\" data-end=\"1706\">Yay\u0131n ve CCTV fiber ba\u011flant\u0131lar\u0131<\/strong><\/p>\n<\/li>\n<li data-start=\"1707\" data-end=\"1740\">\n<p data-start=\"1709\" data-end=\"1740\"><strong data-start=\"1709\" data-end=\"1740\">Telekom da\u011f\u0131t\u0131m \u00e7er\u00e7eveleri<\/strong><\/p>\n<\/li>\n<li data-start=\"1741\" data-end=\"1776\">\n<p data-start=\"1743\" data-end=\"1776\"><strong data-start=\"1743\" data-end=\"1776\">Kamp\u00fcs ve bina omurgalar\u0131<\/strong><\/p>\n<\/li>\n<li data-start=\"1777\" data-end=\"1812\">\n<p data-start=\"1779\" data-end=\"1812\"><strong data-start=\"1779\" data-end=\"1812\">Eski fiber a\u011f y\u00fckseltmeleri<\/strong><\/p>\n<\/li>\n<\/ul>\n<p data-start=\"1814\" data-end=\"1929\">OM3 \u015funlar\u0131 sa\u011flar <strong data-start=\"1826\" data-end=\"1864\">d\u00fc\u015f\u00fck zay\u0131flama ve y\u00fcksek bant geni\u015fli\u011fi<\/strong>, konu\u015fland\u0131r\u0131ld\u0131\u011f\u0131nda bile <strong data-start=\"1888\" data-end=\"1928\">eski ST tabanl\u0131 fiber altyap\u0131lar<\/strong>.<\/p>\n<hr data-start=\"1931\" data-end=\"1934\" \/>\n<h3 data-start=\"1936\" data-end=\"1977\"><strong data-start=\"1940\" data-end=\"1977\">Stabilite ve Uzun \u00d6m\u00fcrl\u00fcl\u00fck i\u00e7in \u00dcretildi<\/strong><\/h3>\n<p data-start=\"1979\" data-end=\"2244\">Her ST-ST OM3 atlama teli a\u015fa\u011f\u0131dakilerle birle\u015ftirilmi\u015ftir <strong data-start=\"2019\" data-end=\"2076\">hassas seramik y\u00fcks\u00fckler ve UPC cilal\u0131 u\u00e7 y\u00fczeyleri<\/strong>, i\u00e7in tamamen test edilmi\u015ftir. <strong data-start=\"2100\" data-end=\"2132\">optik kay\u0131p ve yans\u0131ma<\/strong>. Sonu\u00e7 bir <strong data-start=\"2150\" data-end=\"2178\">temiz, sabit \u0131\u015f\u0131k yolu<\/strong> boyunca g\u00fcvenilir kalan <strong data-start=\"2209\" data-end=\"2243\">binlerce ba\u011flant\u0131 d\u00f6ng\u00fcs\u00fc<\/strong>.<\/p>\n<p data-start=\"2246\" data-end=\"2393\">Bu <strong data-start=\"2250\" data-end=\"2272\">LSZH ceket se\u00e7ene\u011fi<\/strong> ayn\u0131 zamanda modern <strong data-start=\"2291\" data-end=\"2330\">yangin g\u00fcvenli\u0307\u011fi\u0307 ve d\u00fc\u015f\u00fck duman standartlari<\/strong>, i\u00e7in uygun hale getirir <strong data-start=\"2355\" data-end=\"2392\">kamu binalar\u0131 ve veri merkezleri<\/strong>.<\/p>\n<hr data-start=\"2395\" data-end=\"2398\" \/>\n<h2 data-start=\"2400\" data-end=\"2423\"><strong data-start=\"2403\" data-end=\"2423\">Profesyonel Soru-Cevap<\/strong><\/h2>\n<p data-start=\"2425\" data-end=\"2589\"><strong data-start=\"2425\" data-end=\"2475\">S1: ST konnekt\u00f6rleri y\u00fcksek h\u0131zl\u0131 ba\u011flant\u0131lar\u0131 idare edebilir mi?<\/strong><br data-start=\"2475\" data-end=\"2478\" \/>Evet. ile e\u015fle\u015ftirildi\u011finde <strong data-start=\"2500\" data-end=\"2513\">OM3 fiber<\/strong>, ST konekt\u00f6rleri deste\u011fi <strong data-start=\"2537\" data-end=\"2588\">10G, 40G ve hatta 100G k\u0131sa eri\u015fimli ba\u011flant\u0131lar<\/strong>.<\/p>\n<p data-start=\"2591\" data-end=\"2746\"><strong data-start=\"2591\" data-end=\"2643\">S2: OM3, OM2 ve OM1 ile geriye d\u00f6n\u00fck olarak uyumlu mu?<\/strong><br data-start=\"2643\" data-end=\"2646\" \/>Evet. OM3, eski \u00e7ok modlu ekipmanlarla \u00e7al\u0131\u015f\u0131rken a\u015fa\u011f\u0131dakileri sunar <strong data-start=\"2707\" data-end=\"2745\">y\u00fckseltmeler i\u00e7in \u00e7ok daha y\u00fcksek bant geni\u015fli\u011fi<\/strong>.<\/p>\n<p data-start=\"2748\" data-end=\"2875\"><strong data-start=\"2748\" data-end=\"2781\">S3: Neden UPC parlatmay\u0131 se\u00e7melisiniz?<\/strong><br data-start=\"2781\" data-end=\"2784\" \/>UPC geri yans\u0131may\u0131 azalt\u0131r ve <strong data-start=\"2826\" data-end=\"2848\">geri d\u00f6n\u00fc\u015f kayb\u0131 \u226530 dB<\/strong>, sinyal kalitesini art\u0131r\u0131r.<\/p>\n<p data-start=\"2877\" data-end=\"3045\"><strong data-start=\"2877\" data-end=\"2933\">S4: Bu kablo fabrika ortamlar\u0131 i\u00e7in uygun mu?<\/strong><br data-start=\"2933\" data-end=\"2936\" \/>Kesinlikle. Bu <strong data-start=\"2952\" data-end=\"2971\">ST s\u00fcng\u00fc kilit<\/strong> kar\u015f\u0131 m\u00fckemmel diren\u00e7 sa\u011flar. <strong data-start=\"3005\" data-end=\"3044\">titre\u015fim ve kazara fi\u015ften \u00e7ekme<\/strong>.<\/p>","protected":false},"excerpt":{"rendered":"<p data-start=\"62\" data-end=\"453\">Bu <strong data-start=\"66\" data-end=\"90\">ST\/UPC-ST\/UPC-OM3-DX<\/strong> bir <strong data-start=\"96\" data-end=\"137\">dubleks OM3 \u00e7ok modlu fiber ba\u011flant\u0131 kablosu<\/strong> i\u00e7in tasarlanm\u0131\u015ft\u0131r <strong data-start=\"151\" data-end=\"202\">sa\u011flam, titre\u015fime dayan\u0131kl\u0131 optik ba\u011flant\u0131lar<\/strong> i\u00e7inde <strong data-start=\"206\" data-end=\"278\">end\u00fcstriyel a\u011flar, telekom odalar\u0131 ve eski fiber altyap\u0131lar<\/strong>. ile <strong data-start=\"285\" data-end=\"328\">her iki u\u00e7ta bayonet kilitli ST konekt\u00f6rler<\/strong>, bu kablo bir <strong data-start=\"352\" data-end=\"377\">g\u00fcvenli mekanik uyum<\/strong> bile sabit kalan <strong data-start=\"404\" data-end=\"452\">y\u00fcksek hareket veya y\u00fcksek titre\u015fimli ortamlar<\/strong>.<\/p>\n<p data-start=\"455\" data-end=\"609\">\u0130le in\u015fa edilmi\u015ftir <strong data-start=\"466\" data-end=\"505\">50\/125 \u03bcm lazer i\u00e7in optimize edilmi\u015f OM3 fiber<\/strong>, i\u00e7in gereken bant geni\u015fli\u011fini sa\u011flar. <strong data-start=\"544\" data-end=\"575\">10G, 40G ve 100G Ethernet<\/strong> k\u0131sa eri\u015fimli \u00e7ok modlu ba\u011flant\u0131lar \u00fczerinden.<\/p>","protected":false},"featured_media":699,"comment_status":"open","ping_status":"closed","template":"","meta":[],"product_brand":[],"product_cat":[44],"product_tag":[],"class_list":{"0":"post-698","1":"product","2":"type-product","3":"status-publish","4":"has-post-thumbnail","6":"product_cat-multimode-fiber-optic-patch-cord","8":"first","9":"instock","10":"shipping-taxable","11":"product-type-simple"},"_links":{"self":[{"href":"https:\/\/www.fenxifiber.com\/tr\/wp-json\/wp\/v2\/product\/698","targetHints":{"allow":["GET"]}}],"collection":[{"href":"https:\/\/www.fenxifiber.com\/tr\/wp-json\/wp\/v2\/product"}],"about":[{"href":"https:\/\/www.fenxifiber.com\/tr\/wp-json\/wp\/v2\/types\/product"}],"replies":[{"embeddable":true,"href":"https:\/\/www.fenxifiber.com\/tr\/wp-json\/wp\/v2\/comments?post=698"}],"wp:featuredmedia":[{"embeddable":true,"href":"https:\/\/www.fenxifiber.com\/tr\/wp-json\/wp\/v2\/media\/699"}],"wp:attachment":[{"href":"https:\/\/www.fenxifiber.com\/tr\/wp-json\/wp\/v2\/media?parent=698"}],"wp:term":[{"taxonomy":"product_brand","embeddable":true,"href":"https:\/\/www.fenxifiber.com\/tr\/wp-json\/wp\/v2\/product_brand?post=698"},{"taxonomy":"product_cat","embeddable":true,"href":"https:\/\/www.fenxifiber.com\/tr\/wp-json\/wp\/v2\/product_cat?post=698"},{"taxonomy":"product_tag","embeddable":true,"href":"https:\/\/www.fenxifiber.com\/tr\/wp-json\/wp\/v2\/product_tag?post=698"}],"curies":[{"name":"wp","href":"https:\/\/api.w.org\/{rel}","templated":true}]}}