{"id":700,"date":"2026-02-03T07:17:09","date_gmt":"2026-02-03T07:17:09","guid":{"rendered":"https:\/\/www.fenxifiber.com\/?post_type=product&#038;p=700"},"modified":"2026-02-04T01:35:28","modified_gmt":"2026-02-04T01:35:28","slug":"fc-apc-fc-apc-zirhli","status":"publish","type":"product","link":"https:\/\/www.fenxifiber.com\/tr\/product\/fc-apc-fc-apc-armoured\/","title":{"rendered":"FC\/APC-FC\/APC Z\u0131rhl\u0131 Tek Modlu Fiber Optik Yama Kablosu"},"content":{"rendered":"<h3 data-start=\"716\" data-end=\"755\"><strong data-start=\"720\" data-end=\"755\">Bu Kabloyu Farkl\u0131 K\u0131lan Nedir?<\/strong><\/h3>\n<p data-start=\"757\" data-end=\"876\">\u00c7o\u011fu ba\u011flant\u0131 kablosu yaln\u0131zca optik performansa odaklan\u0131r.<br data-start=\"808\" data-end=\"811\" \/>Bu, a\u015fa\u011f\u0131dakiler i\u00e7in \u00fcretilmi\u015ftir <strong data-start=\"833\" data-end=\"875\">optik performans art\u0131 beka kabiliyeti<\/strong>.<\/p>\n<p data-start=\"878\" data-end=\"1234\">Bu <strong data-start=\"882\" data-end=\"915\">APC (A\u00e7\u0131l\u0131 Fiziksel Temas)<\/strong> y\u00fcks\u00fckler geri yans\u0131may\u0131 en aza indirerek kabloyu a\u015fa\u011f\u0131dakiler i\u00e7in ideal hale getirir <strong data-start=\"978\" data-end=\"1003\">1550 nm lazer sistemleri<\/strong>, RF-over-fiber, ve <strong data-start=\"1024\" data-end=\"1059\">y\u00fcksek g\u00fc\u00e7l\u00fc optik iletim<\/strong>.<br data-start=\"1060\" data-end=\"1063\" \/>Bu <strong data-start=\"1067\" data-end=\"1085\">z\u0131rhl\u0131 katman<\/strong> elyaf\u0131 a\u015fa\u011f\u0131dakilere kar\u015f\u0131 korur <strong data-start=\"1113\" data-end=\"1172\">\u00e7ekme, b\u00fckme, kemirgen \u0131s\u0131r\u0131klar\u0131 ve montaj hasar\u0131<\/strong> - i\u00e7in b\u00fcy\u00fck bir avantaj <strong data-start=\"1197\" data-end=\"1233\">d\u0131\u015f mekan veya end\u00fcstriyel da\u011f\u0131t\u0131m<\/strong>.<\/p>\n<p data-start=\"1236\" data-end=\"1392\">Bu arada <strong data-start=\"1251\" data-end=\"1276\">FC di\u015fli konnekt\u00f6r<\/strong> y\u00fcks\u00fc\u011f\u00fcn kalmas\u0131n\u0131 sa\u011flar <strong data-start=\"1303\" data-end=\"1322\">yerinde kilitli<\/strong>, B\u00f6ylece zaman i\u00e7inde sinyal kalitesini d\u00fc\u015f\u00fcrebilecek mikro hareketleri \u00f6nler.<\/p>\n<hr data-start=\"1394\" data-end=\"1397\" \/>\n<h3 data-start=\"1399\" data-end=\"1431\"><strong data-start=\"1403\" data-end=\"1431\">Teknik \u00d6zellikler<\/strong><\/h3>\n<div class=\"TyagGW_tableContainer\">\n<div class=\"group TyagGW_tableWrapper flex flex-col-reverse w-fit\" tabindex=\"-1\">\n<table class=\"w-fit min-w-(--thread-content-width)\" data-start=\"1433\" data-end=\"1977\">\n<thead data-start=\"1433\" data-end=\"1471\">\n<tr data-start=\"1433\" data-end=\"1471\">\n<th class=\"\" data-start=\"1433\" data-end=\"1445\" data-col-size=\"sm\">Parametre<\/th>\n<th class=\"\" data-start=\"1445\" data-end=\"1471\" data-col-size=\"md\">FC\/APC-FC\/APC Z\u0131rhl\u0131<\/th>\n<\/tr>\n<\/thead>\n<tbody data-start=\"1500\" data-end=\"1977\">\n<tr data-start=\"1500\" data-end=\"1543\">\n<td data-start=\"1500\" data-end=\"1513\" data-col-size=\"sm\">Elyaf Tipi<\/td>\n<td data-start=\"1513\" data-end=\"1543\" data-col-size=\"md\">Tek modlu OS2 (9\/125 \u03bcm)<\/td>\n<\/tr>\n<tr data-start=\"1544\" data-end=\"1570\">\n<td data-start=\"1544\" data-end=\"1558\" data-col-size=\"sm\">Konekt\u00f6r A<\/td>\n<td data-col-size=\"md\" data-start=\"1558\" data-end=\"1570\">FC \/ APC<\/td>\n<\/tr>\n<tr data-start=\"1571\" data-end=\"1597\">\n<td data-start=\"1571\" data-end=\"1585\" data-col-size=\"sm\">Konekt\u00f6r B<\/td>\n<td data-start=\"1585\" data-end=\"1597\" data-col-size=\"md\">FC \/ APC<\/td>\n<\/tr>\n<tr data-start=\"1598\" data-end=\"1631\">\n<td data-start=\"1598\" data-end=\"1612\" data-col-size=\"sm\">Leh\u00e7e Tipi<\/td>\n<td data-start=\"1612\" data-end=\"1631\" data-col-size=\"md\">APC (8\u00b0 a\u00e7\u0131l\u0131)<\/td>\n<\/tr>\n<tr data-start=\"1632\" data-end=\"1688\">\n<td data-start=\"1632\" data-end=\"1650\" data-col-size=\"sm\">Kablo Yap\u0131s\u0131<\/td>\n<td data-start=\"1650\" data-end=\"1688\" data-col-size=\"md\">Z\u0131rhl\u0131 (\u00e7elik veya al\u00fcminyum ala\u015f\u0131ml\u0131)<\/td>\n<\/tr>\n<tr data-start=\"1689\" data-end=\"1733\">\n<td data-start=\"1689\" data-end=\"1712\" data-col-size=\"sm\">\u00c7al\u0131\u015fma Dalga Boyu<\/td>\n<td data-start=\"1712\" data-end=\"1733\" data-col-size=\"md\">1310 nm \/ 1550 nm<\/td>\n<\/tr>\n<tr data-start=\"1734\" data-end=\"1764\">\n<td data-start=\"1734\" data-end=\"1751\" data-col-size=\"sm\">Ekleme Kayb\u0131<\/td>\n<td data-start=\"1751\" data-end=\"1764\" data-col-size=\"md\">\u2264 0,30 dB<\/td>\n<\/tr>\n<tr data-start=\"1765\" data-end=\"1796\">\n<td data-start=\"1765\" data-end=\"1779\" data-col-size=\"sm\">Geri D\u00f6n\u00fc\u015f Kayb\u0131<\/td>\n<td data-start=\"1779\" data-end=\"1796\" data-col-size=\"md\">\u2265 60 dB (APC)<\/td>\n<\/tr>\n<tr data-start=\"1797\" data-end=\"1835\">\n<td data-start=\"1797\" data-end=\"1811\" data-col-size=\"sm\">B\u00fck\u00fclme Yar\u0131\u00e7ap\u0131<\/td>\n<td data-start=\"1811\" data-end=\"1835\" data-col-size=\"md\">\u2265 10\u00d7 kablo \u00e7ap\u0131<\/td>\n<\/tr>\n<tr data-start=\"1836\" data-end=\"1905\">\n<td data-start=\"1836\" data-end=\"1855\" data-col-size=\"sm\">\u00c7ekme Dayan\u0131m\u0131<\/td>\n<td data-start=\"1855\" data-end=\"1905\" data-col-size=\"md\">Standart patch kablolardan \u00f6nemli \u00f6l\u00e7\u00fcde daha y\u00fcksek<\/td>\n<\/tr>\n<tr data-start=\"1906\" data-end=\"1934\">\n<td data-start=\"1906\" data-end=\"1915\" data-col-size=\"sm\">Ceket<\/td>\n<td data-start=\"1915\" data-end=\"1934\" data-col-size=\"md\">LSZH \/ PVC \/ PE<\/td>\n<\/tr>\n<tr data-start=\"1935\" data-end=\"1977\">\n<td data-start=\"1935\" data-end=\"1948\" data-col-size=\"sm\">Uyumluluk<\/td>\n<td data-start=\"1948\" data-end=\"1977\" data-col-size=\"md\">IEC, TIA-568, RoHS, REACH<\/td>\n<\/tr>\n<\/tbody>\n<\/table>\n<\/div>\n<\/div>\n<hr data-start=\"1979\" data-end=\"1982\" \/>\n<h3 data-start=\"1984\" data-end=\"2016\"><strong data-start=\"1988\" data-end=\"2016\">Bu Kablonun Kullan\u0131ld\u0131\u011f\u0131 Yerler<\/strong><\/h3>\n<ul data-start=\"2018\" data-end=\"2218\">\n<li data-start=\"2018\" data-end=\"2054\">\n<p data-start=\"2020\" data-end=\"2054\"><strong data-start=\"2020\" data-end=\"2054\">FTTx ve telekom merkez ofisleri<\/strong><\/p>\n<\/li>\n<li data-start=\"2055\" data-end=\"2090\">\n<p data-start=\"2057\" data-end=\"2090\"><strong data-start=\"2057\" data-end=\"2090\">CATV &amp; RF-over-fiber a\u011flar<\/strong><\/p>\n<\/li>\n<li data-start=\"2091\" data-end=\"2118\">\n<p data-start=\"2093\" data-end=\"2118\"><strong data-start=\"2093\" data-end=\"2118\">D\u0131\u015f mekan baz istasyonlar\u0131<\/strong><\/p>\n<\/li>\n<li data-start=\"2119\" data-end=\"2169\">\n<p data-start=\"2121\" data-end=\"2169\"><strong data-start=\"2121\" data-end=\"2169\">Demiryolu ve end\u00fcstriyel ileti\u015fim sistemleri<\/strong><\/p>\n<\/li>\n<li data-start=\"2170\" data-end=\"2218\">\n<p data-start=\"2172\" data-end=\"2218\"><strong data-start=\"2172\" data-end=\"2218\">Askeri, yay\u0131n ve g\u00fcvenlik a\u011flar\u0131<\/strong><\/p>\n<\/li>\n<\/ul>\n<p data-start=\"2220\" data-end=\"2412\">Bu kombinasyon <strong data-start=\"2239\" data-end=\"2280\">APC parlatma + z\u0131rhl\u0131 yap\u0131<\/strong> \u00f6zellikle a\u015fa\u011f\u0131dakiler i\u00e7in uygun hale getirir <strong data-start=\"2314\" data-end=\"2356\">uzun mesafeli ve y\u00fcksek g\u00fc\u00e7l\u00fc optik ba\u011flant\u0131lar<\/strong> Yans\u0131ma ve fiziksel hasar\u0131n en aza indirilmesi gereken yerlerde.<\/p>\n<hr data-start=\"2414\" data-end=\"2417\" \/>\n<h3 data-start=\"2419\" data-end=\"2471\"><strong data-start=\"2423\" data-end=\"2471\">Y\u00fcksek Performansl\u0131 A\u011flarda APC Neden \u00d6nemlidir?<\/strong><\/h3>\n<p data-start=\"2473\" data-end=\"2641\">UPC konekt\u00f6rlerinin aksine, <strong data-start=\"2496\" data-end=\"2546\">APC y\u00fcks\u00fckleri 8 derecelik a\u00e7\u0131yla parlat\u0131lm\u0131\u015ft\u0131r<\/strong>, yans\u0131yan \u0131\u015f\u0131\u011f\u0131 lazere geri g\u00f6ndermek yerine fiber kaplamas\u0131na y\u00f6nlendirir. Bu azalt\u0131r:<\/p>\n<ul data-start=\"2643\" data-end=\"2713\">\n<li data-start=\"2643\" data-end=\"2662\">\n<p data-start=\"2645\" data-end=\"2662\"><strong data-start=\"2645\" data-end=\"2662\">Optik g\u00fcr\u00fclt\u00fc<\/strong><\/p>\n<\/li>\n<li data-start=\"2663\" data-end=\"2686\">\n<p data-start=\"2665\" data-end=\"2686\"><strong data-start=\"2665\" data-end=\"2686\">Lazer dengesizli\u011fi<\/strong><\/p>\n<\/li>\n<li data-start=\"2687\" data-end=\"2713\">\n<p data-start=\"2689\" data-end=\"2713\"><strong data-start=\"2689\" data-end=\"2713\">Bit hata oran\u0131 (BER)<\/strong><\/p>\n<\/li>\n<\/ul>\n<p data-start=\"2715\" data-end=\"2822\">ile <strong data-start=\"2720\" data-end=\"2743\">geri d\u00f6n\u00fc\u015f kayb\u0131 \u2265 60 dB<\/strong>, APC konekt\u00f6rleri a\u015fa\u011f\u0131dakiler i\u00e7in standartt\u0131r <strong data-start=\"2781\" data-end=\"2821\">CATV, PON ve RF-over-fiber sistemleri<\/strong>.<\/p>\n<hr data-start=\"2824\" data-end=\"2827\" \/>\n<h3 data-start=\"2829\" data-end=\"2870\"><strong data-start=\"2833\" data-end=\"2870\">Zorlu Ortamlar i\u00e7in Tasarland\u0131<\/strong><\/h3>\n<p data-start=\"2872\" data-end=\"2900\">Z\u0131rhl\u0131 yap\u0131 ekliyor:<\/p>\n<ul data-start=\"2902\" data-end=\"3008\">\n<li data-start=\"2902\" data-end=\"2924\">\n<p data-start=\"2904\" data-end=\"2924\"><strong data-start=\"2904\" data-end=\"2924\">Ezilme direnci<\/strong><\/p>\n<\/li>\n<li data-start=\"2925\" data-end=\"2948\">\n<p data-start=\"2927\" data-end=\"2948\"><strong data-start=\"2927\" data-end=\"2948\">Kemirgen korumas\u0131<\/strong><\/p>\n<\/li>\n<li data-start=\"2949\" data-end=\"2976\">\n<p data-start=\"2951\" data-end=\"2976\"><strong data-start=\"2951\" data-end=\"2976\">Y\u00fcksek gerilme mukavemeti<\/strong><\/p>\n<\/li>\n<li data-start=\"2977\" data-end=\"3008\">\n<p data-start=\"2979\" data-end=\"3008\"><strong data-start=\"2979\" data-end=\"3008\">Daha iyi b\u00fck\u00fclme dayan\u0131kl\u0131l\u0131\u011f\u0131<\/strong><\/p>\n<\/li>\n<\/ul>\n<p data-start=\"3010\" data-end=\"3157\">Bu, kablonun a\u015fa\u011f\u0131dakiler arac\u0131l\u0131\u011f\u0131yla y\u00f6nlendirilmesini sa\u011flar <strong data-start=\"3053\" data-end=\"3110\">kablo kanallar\u0131, d\u0131\u015f mekan kanallar\u0131 ve end\u00fcstriyel muhafazalar<\/strong> standart ba\u011flant\u0131 kablolar\u0131n\u0131n k\u0131r\u0131lganl\u0131\u011f\u0131 olmadan.<\/p>\n<hr data-start=\"3159\" data-end=\"3162\" \/>\n<h2 data-start=\"3164\" data-end=\"3187\"><strong data-start=\"3167\" data-end=\"3187\">Profesyonel Soru-Cevap<\/strong><\/h2>\n<p data-start=\"3189\" data-end=\"3351\"><strong data-start=\"3189\" data-end=\"3242\">S1: FC\/APC konekt\u00f6rleri UPC portlar\u0131yla kullan\u0131labilir mi?<\/strong><br data-start=\"3242\" data-end=\"3245\" \/>Hay\u0131r. <strong data-start=\"3249\" data-end=\"3284\">APC ve UPC asla kar\u0131\u015ft\u0131r\u0131lmamal\u0131d\u0131r<\/strong> - Bunu yapmak konekt\u00f6rlere zarar verebilir ve performans\u0131 ciddi \u015fekilde d\u00fc\u015f\u00fcrebilir.<\/p>\n<p data-start=\"3353\" data-end=\"3533\"><strong data-start=\"3353\" data-end=\"3412\">S2: Bu kablo neden CATV ve RF-over-fiber i\u00e7in idealdir?<\/strong><br data-start=\"3412\" data-end=\"3415\" \/>\u00c7\u00fcnk\u00fc APC konekt\u00f6rleri <strong data-start=\"3446\" data-end=\"3475\">ultra d\u00fc\u015f\u00fck geri yans\u0131ma<\/strong>, i\u00e7in kritik olan <strong data-start=\"3499\" data-end=\"3532\">analog ve RF optik sinyaller<\/strong>.<\/p>\n<p data-start=\"3535\" data-end=\"3743\"><strong data-start=\"3535\" data-end=\"3590\">S3: Z\u0131rhl\u0131 kablo ne gibi avantajlar sa\u011flar?<\/strong><br data-start=\"3590\" data-end=\"3593\" \/>Elyaf\u0131 a\u015fa\u011f\u0131dakilere kar\u015f\u0131 korur <strong data-start=\"3623\" data-end=\"3690\">k\u0131rma, \u00e7ekme, kemirgenler ve zorlu kurulum ortamlar\u0131<\/strong>, i\u00e7in ideal hale getirir. <strong data-start=\"3712\" data-end=\"3742\">d\u0131\u015f mekan ve end\u00fcstriyel kullan\u0131m<\/strong>.<\/p>\n<p data-start=\"3745\" data-end=\"3885\"><strong data-start=\"3745\" data-end=\"3800\">S4: Bu kablo 10G ve PON sistemleri i\u00e7in uygun mu?<\/strong><br data-start=\"3800\" data-end=\"3803\" \/>Evet. Tamamen destekler <strong data-start=\"3826\" data-end=\"3884\">10G, GPON, XG-PON, XGS-PON ve RF-over-fiber a\u011flar<\/strong>.<\/p>","protected":false},"excerpt":{"rendered":"<p data-start=\"66\" data-end=\"487\">Bu <strong data-start=\"70\" data-end=\"113\">FC\/APC-FC\/APC Z\u0131rhl\u0131 fiber patch cord<\/strong> i\u00e7in tasarlanm\u0131\u015ft\u0131r <strong data-start=\"132\" data-end=\"166\">g\u00f6rev a\u00e7\u0131s\u0131ndan kritik optik ba\u011flant\u0131lar<\/strong> nerede <strong data-start=\"173\" data-end=\"237\">sinyal safl\u0131\u011f\u0131, mekanik kararl\u0131l\u0131k ve fiziksel koruma<\/strong> hepsi \u00f6nemli. \u00d6zellikler <strong data-start=\"260\" data-end=\"314\">APC'li di\u015fli FC konnekt\u00f6rler (8\u00b0 a\u00e7\u0131l\u0131 cila)<\/strong> her iki ucunda ve bir <strong data-start=\"334\" data-end=\"368\">metal z\u0131rhl\u0131 kablo yap\u0131s\u0131<\/strong>, bu jumper a\u015fa\u011f\u0131dakiler i\u00e7in tasarlanm\u0131\u015ft\u0131r <strong data-start=\"398\" data-end=\"486\">telekom a\u011flar\u0131, CATV headendleri, d\u0131\u015f mekan kabinleri ve zorlu end\u00fcstriyel ortamlar<\/strong>.<\/p>\n<p data-start=\"489\" data-end=\"709\">Birle\u015ftirerek <strong data-start=\"502\" data-end=\"541\">ultra d\u00fc\u015f\u00fck yans\u0131tmal\u0131 APC parlatma<\/strong> ile <strong data-start=\"547\" data-end=\"576\">Ezilme diren\u00e7li z\u0131rhlama<\/strong>, bu kablo \u015funlar\u0131 sa\u011flar <strong data-start=\"598\" data-end=\"628\">istikrarl\u0131 optik performans<\/strong> maruz kalan yerlerde bile <strong data-start=\"658\" data-end=\"708\">titre\u015fim, kemirgenler, toz veya mekanik stres<\/strong>.<\/p>","protected":false},"featured_media":701,"comment_status":"open","ping_status":"closed","template":"","meta":[],"product_brand":[],"product_cat":[44],"product_tag":[],"class_list":{"0":"post-700","1":"product","2":"type-product","3":"status-publish","4":"has-post-thumbnail","6":"product_cat-multimode-fiber-optic-patch-cord","8":"first","9":"instock","10":"shipping-taxable","11":"product-type-simple"},"_links":{"self":[{"href":"https:\/\/www.fenxifiber.com\/tr\/wp-json\/wp\/v2\/product\/700","targetHints":{"allow":["GET"]}}],"collection":[{"href":"https:\/\/www.fenxifiber.com\/tr\/wp-json\/wp\/v2\/product"}],"about":[{"href":"https:\/\/www.fenxifiber.com\/tr\/wp-json\/wp\/v2\/types\/product"}],"replies":[{"embeddable":true,"href":"https:\/\/www.fenxifiber.com\/tr\/wp-json\/wp\/v2\/comments?post=700"}],"wp:featuredmedia":[{"embeddable":true,"href":"https:\/\/www.fenxifiber.com\/tr\/wp-json\/wp\/v2\/media\/701"}],"wp:attachment":[{"href":"https:\/\/www.fenxifiber.com\/tr\/wp-json\/wp\/v2\/media?parent=700"}],"wp:term":[{"taxonomy":"product_brand","embeddable":true,"href":"https:\/\/www.fenxifiber.com\/tr\/wp-json\/wp\/v2\/product_brand?post=700"},{"taxonomy":"product_cat","embeddable":true,"href":"https:\/\/www.fenxifiber.com\/tr\/wp-json\/wp\/v2\/product_cat?post=700"},{"taxonomy":"product_tag","embeddable":true,"href":"https:\/\/www.fenxifiber.com\/tr\/wp-json\/wp\/v2\/product_tag?post=700"}],"curies":[{"name":"wp","href":"https:\/\/api.w.org\/{rel}","templated":true}]}}