{"id":702,"date":"2026-02-03T07:18:26","date_gmt":"2026-02-03T07:18:26","guid":{"rendered":"https:\/\/www.fenxifiber.com\/?post_type=product&#038;p=702"},"modified":"2026-02-04T01:36:01","modified_gmt":"2026-02-04T01:36:01","slug":"fc-upc-fc-upc-zirhli","status":"publish","type":"product","link":"https:\/\/www.fenxifiber.com\/tr\/product\/fc-upc-fc-upc-armoured\/","title":{"rendered":"FC\/UPC-FC\/UPC Z\u0131rhl\u0131 Tek Modlu Fiber Optik Yama Kablosu"},"content":{"rendered":"<h3 data-start=\"611\" data-end=\"662\"><strong data-start=\"615\" data-end=\"662\">FC + Z\u0131rhl\u0131 Neden G\u00fc\u00e7l\u00fc Bir Kombinasyondur?<\/strong><\/h3>\n<p data-start=\"664\" data-end=\"872\">FC konnekt\u00f6rleri \u015fu \u00f6zellikleriyle bilinir <strong data-start=\"698\" data-end=\"721\">vidal\u0131 metal g\u00f6vde<\/strong>, Bu da mikro hareketleri \u00f6nler. <strong data-start=\"772\" data-end=\"795\">optik karars\u0131zl\u0131k<\/strong>. Bu da onlar\u0131 <strong data-start=\"827\" data-end=\"869\">ta\u015f\u0131y\u0131c\u0131 a\u011flar ve test ortamlar\u0131<\/strong>.<\/p>\n<p data-start=\"874\" data-end=\"956\">ile birle\u015ftirildi\u011finde <strong data-start=\"896\" data-end=\"914\">z\u0131rhl\u0131 kablo<\/strong>, Sonu\u00e7, diren\u00e7li bir yama kablosudur:<\/p>\n<ul data-start=\"958\" data-end=\"1059\">\n<li data-start=\"958\" data-end=\"984\">\n<p data-start=\"960\" data-end=\"984\"><strong data-start=\"960\" data-end=\"984\">Ezme ve \u00e7ekme<\/strong><\/p>\n<\/li>\n<li data-start=\"985\" data-end=\"1003\">\n<p data-start=\"987\" data-end=\"1003\"><strong data-start=\"987\" data-end=\"1003\">Kemirgen \u0131s\u0131r\u0131klar\u0131<\/strong><\/p>\n<\/li>\n<li data-start=\"1004\" data-end=\"1021\">\n<p data-start=\"1006\" data-end=\"1021\"><strong data-start=\"1006\" data-end=\"1021\">Keskin k\u0131vr\u0131mlar<\/strong><\/p>\n<\/li>\n<li data-start=\"1022\" data-end=\"1059\">\n<p data-start=\"1024\" data-end=\"1059\"><strong data-start=\"1024\" data-end=\"1059\">Yanl\u0131\u015fl\u0131kla basma veya s\u0131k\u0131\u015ft\u0131rma<\/strong><\/p>\n<\/li>\n<\/ul>\n<p data-start=\"1061\" data-end=\"1174\">\u015eunlar i\u00e7in m\u00fckemmel bir \u00e7\u00f6z\u00fcm <strong data-start=\"1091\" data-end=\"1173\">ger\u00e7ek d\u00fcnyada, laboratuvar d\u0131\u015f\u0131 ko\u015fullarda g\u00fcvenilir \u015fekilde \u00e7al\u0131\u015fmas\u0131 gereken optik ba\u011flant\u0131lar<\/strong>.<\/p>\n<hr data-start=\"1176\" data-end=\"1179\" \/>\n<h3 data-start=\"1181\" data-end=\"1213\"><strong data-start=\"1185\" data-end=\"1213\">Teknik \u00d6zellikler<\/strong><\/h3>\n<div class=\"TyagGW_tableContainer\">\n<div class=\"group TyagGW_tableWrapper flex flex-col-reverse w-fit\" tabindex=\"-1\">\n<table class=\"w-fit min-w-(--thread-content-width)\" data-start=\"1215\" data-end=\"1729\">\n<thead data-start=\"1215\" data-end=\"1253\">\n<tr data-start=\"1215\" data-end=\"1253\">\n<th class=\"\" data-start=\"1215\" data-end=\"1227\" data-col-size=\"sm\">Parametre<\/th>\n<th class=\"\" data-start=\"1227\" data-end=\"1253\" data-col-size=\"sm\">FC\/UPC-FC\/UPC Z\u0131rhl\u0131<\/th>\n<\/tr>\n<\/thead>\n<tbody data-start=\"1282\" data-end=\"1729\">\n<tr data-start=\"1282\" data-end=\"1325\">\n<td data-start=\"1282\" data-end=\"1295\" data-col-size=\"sm\">Elyaf Tipi<\/td>\n<td data-start=\"1295\" data-end=\"1325\" data-col-size=\"sm\">Tek modlu OS2 (9\/125 \u03bcm)<\/td>\n<\/tr>\n<tr data-start=\"1326\" data-end=\"1352\">\n<td data-start=\"1326\" data-end=\"1340\" data-col-size=\"sm\">Konekt\u00f6r A<\/td>\n<td data-start=\"1340\" data-end=\"1352\" data-col-size=\"sm\">FC \/ UPC<\/td>\n<\/tr>\n<tr data-start=\"1353\" data-end=\"1379\">\n<td data-start=\"1353\" data-end=\"1367\" data-col-size=\"sm\">Konekt\u00f6r B<\/td>\n<td data-start=\"1367\" data-end=\"1379\" data-col-size=\"sm\">FC \/ UPC<\/td>\n<\/tr>\n<tr data-start=\"1380\" data-end=\"1441\">\n<td data-start=\"1380\" data-end=\"1398\" data-col-size=\"sm\">Kablo Yap\u0131s\u0131<\/td>\n<td data-start=\"1398\" data-end=\"1441\" data-col-size=\"sm\">Z\u0131rhl\u0131 (\u00e7elik veya al\u00fcminyum ala\u015f\u0131ml\u0131 boru)<\/td>\n<\/tr>\n<tr data-start=\"1442\" data-end=\"1486\">\n<td data-start=\"1442\" data-end=\"1465\" data-col-size=\"sm\">\u00c7al\u0131\u015fma Dalga Boyu<\/td>\n<td data-start=\"1465\" data-end=\"1486\" data-col-size=\"sm\">1310 nm \/ 1550 nm<\/td>\n<\/tr>\n<tr data-start=\"1487\" data-end=\"1517\">\n<td data-start=\"1487\" data-end=\"1504\" data-col-size=\"sm\">Ekleme Kayb\u0131<\/td>\n<td data-start=\"1504\" data-end=\"1517\" data-col-size=\"sm\">\u2264 0,30 dB<\/td>\n<\/tr>\n<tr data-start=\"1518\" data-end=\"1549\">\n<td data-start=\"1518\" data-end=\"1532\" data-col-size=\"sm\">Geri D\u00f6n\u00fc\u015f Kayb\u0131<\/td>\n<td data-start=\"1532\" data-end=\"1549\" data-col-size=\"sm\">\u2265 50 dB (UPC)<\/td>\n<\/tr>\n<tr data-start=\"1550\" data-end=\"1610\">\n<td data-start=\"1550\" data-end=\"1569\" data-col-size=\"sm\">\u00c7ekme Dayan\u0131m\u0131<\/td>\n<td data-start=\"1569\" data-end=\"1610\" data-col-size=\"sm\">Standart patch cordlardan \u00e7ok daha y\u00fcksek<\/td>\n<\/tr>\n<tr data-start=\"1611\" data-end=\"1657\">\n<td data-start=\"1611\" data-end=\"1633\" data-col-size=\"sm\">Minimum B\u00fck\u00fclme Yar\u0131\u00e7ap\u0131<\/td>\n<td data-start=\"1633\" data-end=\"1657\" data-col-size=\"sm\">\u2265 10\u00d7 kablo \u00e7ap\u0131<\/td>\n<\/tr>\n<tr data-start=\"1658\" data-end=\"1686\">\n<td data-start=\"1658\" data-end=\"1667\" data-col-size=\"sm\">Ceket<\/td>\n<td data-start=\"1667\" data-end=\"1686\" data-col-size=\"sm\">LSZH \/ PVC \/ PE<\/td>\n<\/tr>\n<tr data-start=\"1687\" data-end=\"1729\">\n<td data-start=\"1687\" data-end=\"1700\" data-col-size=\"sm\">Uyumluluk<\/td>\n<td data-start=\"1700\" data-end=\"1729\" data-col-size=\"sm\">IEC, TIA-568, RoHS, REACH<\/td>\n<\/tr>\n<\/tbody>\n<\/table>\n<\/div>\n<\/div>\n<hr data-start=\"1731\" data-end=\"1734\" \/>\n<h3 data-start=\"1736\" data-end=\"1768\"><strong data-start=\"1740\" data-end=\"1768\">Yayg\u0131n Olarak Kullan\u0131ld\u0131\u011f\u0131 Yerler<\/strong><\/h3>\n<ul data-start=\"1770\" data-end=\"1946\">\n<li data-start=\"1770\" data-end=\"1801\">\n<p data-start=\"1772\" data-end=\"1801\"><strong data-start=\"1772\" data-end=\"1801\">FTTx ve ta\u015f\u0131y\u0131c\u0131 a\u011flar<\/strong><\/p>\n<\/li>\n<li data-start=\"1802\" data-end=\"1832\">\n<p data-start=\"1804\" data-end=\"1832\"><strong data-start=\"1804\" data-end=\"1832\">D\u0131\u015f mekan telekom kabinleri<\/strong><\/p>\n<\/li>\n<li data-start=\"1833\" data-end=\"1858\">\n<p data-start=\"1835\" data-end=\"1858\"><strong data-start=\"1835\" data-end=\"1858\">End\u00fcstriyel Ethernet<\/strong><\/p>\n<\/li>\n<li data-start=\"1859\" data-end=\"1906\">\n<p data-start=\"1861\" data-end=\"1906\"><strong data-start=\"1861\" data-end=\"1906\">Demiryolu ve kamu hizmeti ileti\u015fim sistemleri<\/strong><\/p>\n<\/li>\n<li data-start=\"1907\" data-end=\"1946\">\n<p data-start=\"1909\" data-end=\"1946\"><strong data-start=\"1909\" data-end=\"1946\">Fiber test ve \u00f6l\u00e7\u00fcm d\u00fczenekleri<\/strong><\/p>\n<\/li>\n<\/ul>\n<p data-start=\"1948\" data-end=\"2063\">Z\u0131rhl\u0131 yap\u0131 \u015funlar\u0131 sa\u011flar <strong data-start=\"1979\" data-end=\"2062\">zorlu veya y\u00fcksek riskli kurulum ortamlar\u0131nda bile istikrarl\u0131 optik performans<\/strong>.<\/p>\n<hr data-start=\"2065\" data-end=\"2068\" \/>\n<h3 data-start=\"2070\" data-end=\"2106\"><strong data-start=\"2074\" data-end=\"2106\">G\u00fcvenebilece\u011finiz Sinyal Kalitesi<\/strong><\/h3>\n<p data-start=\"2108\" data-end=\"2402\">UPC cilalama bir <strong data-start=\"2132\" data-end=\"2159\">p\u00fcr\u00fczs\u00fcz, d\u0131\u015fb\u00fckey u\u00e7 y\u00fczey<\/strong> sa\u011flayan <strong data-start=\"2173\" data-end=\"2215\">lifler aras\u0131nda g\u00fc\u00e7l\u00fc fiziksel temas<\/strong>, azalt\u0131lmas\u0131 <strong data-start=\"2226\" data-end=\"2267\">ekleme kayb\u0131 ve Fresnel yans\u0131mas\u0131<\/strong>. ile <strong data-start=\"2274\" data-end=\"2297\">geri d\u00f6n\u00fc\u015f kayb\u0131 \u2265 50 dB<\/strong>, bu kablo \u015funlar\u0131 sa\u011flar <strong data-start=\"2319\" data-end=\"2352\">temiz, d\u00fc\u015f\u00fck g\u00fcr\u00fclt\u00fcl\u00fc iletim<\/strong> i\u00e7in <strong data-start=\"2357\" data-end=\"2401\">veri, ses ve optik kontrol sistemleri<\/strong>.<\/p>\n<hr data-start=\"2404\" data-end=\"2407\" \/>\n<h3 data-start=\"2409\" data-end=\"2454\"><strong data-start=\"2413\" data-end=\"2454\">Standart Patch Kablolardan Daha Uzun S\u00fcre Dayanacak \u015eekilde \u00dcretilmi\u015ftir<\/strong><\/h3>\n<p data-start=\"2456\" data-end=\"2545\">Standart PVC ceketli jumperlar\u0131n aksine, z\u0131rhl\u0131 FC-FC kablosu g\u00fcvenli bir \u015fekilde y\u00f6nlendirilebilir:<\/p>\n<ul data-start=\"2547\" data-end=\"2633\">\n<li data-start=\"2547\" data-end=\"2567\">\n<p data-start=\"2549\" data-end=\"2567\"><strong data-start=\"2549\" data-end=\"2567\">Metal kanallar<\/strong><\/p>\n<\/li>\n<li data-start=\"2568\" data-end=\"2585\">\n<p data-start=\"2570\" data-end=\"2585\"><strong data-start=\"2570\" data-end=\"2585\">Zemin kanallar\u0131<\/strong><\/p>\n<\/li>\n<li data-start=\"2586\" data-end=\"2611\">\n<p data-start=\"2588\" data-end=\"2611\"><strong data-start=\"2588\" data-end=\"2611\">D\u0131\u015f mekan kablo kanallar\u0131<\/strong><\/p>\n<\/li>\n<li data-start=\"2612\" data-end=\"2633\">\n<p data-start=\"2614\" data-end=\"2633\"><strong data-start=\"2614\" data-end=\"2633\">Ekipman raflar\u0131<\/strong><\/p>\n<\/li>\n<\/ul>\n<p data-start=\"2635\" data-end=\"2692\">endi\u015felenmeden <strong data-start=\"2658\" data-end=\"2691\">ezilme veya kazara hasar<\/strong>.<\/p>\n<hr data-start=\"2694\" data-end=\"2697\" \/>\n<h2 data-start=\"2699\" data-end=\"2722\"><strong data-start=\"2702\" data-end=\"2722\">Profesyonel Soru-Cevap<\/strong><\/h2>\n<p data-start=\"2724\" data-end=\"2924\"><strong data-start=\"2724\" data-end=\"2771\">S1: Bu kablo d\u0131\u015f mekan kullan\u0131m\u0131 i\u00e7in uygun mu?<\/strong><br data-start=\"2771\" data-end=\"2774\" \/>Evet. <strong data-start=\"2783\" data-end=\"2805\">z\u0131rhl\u0131 yap\u0131<\/strong> kar\u015f\u0131 koruma sa\u011flar <strong data-start=\"2834\" data-end=\"2867\">mekanik stres ve kemirgenler<\/strong>, Bu sayede d\u0131\u015f mekan dolaplar\u0131 ve baz istasyonlar\u0131 i\u00e7in idealdir.<\/p>\n<p data-start=\"2926\" data-end=\"3068\"><strong data-start=\"2926\" data-end=\"2969\">S2: Bu 10G ve 25G ba\u011flant\u0131lar\u0131 destekleyebilir mi?<\/strong><br data-start=\"2969\" data-end=\"2972\" \/>Kesinlikle. OS2 tek modlu fiber \u015funlar\u0131 destekler <strong data-start=\"3015\" data-end=\"3047\">10G, 25G, 40G ve hatta 100G<\/strong> uzun mesafeler boyunca.<\/p>\n<p data-start=\"3070\" data-end=\"3246\"><strong data-start=\"3070\" data-end=\"3123\">S3: Neden LC veya SC yerine FC konekt\u00f6rleri se\u00e7melisiniz?<\/strong><br data-start=\"3123\" data-end=\"3126\" \/>FC konekt\u00f6rler \u015funlar\u0131 sunar <strong data-start=\"3146\" data-end=\"3166\">di\u015fli kilitleme<\/strong>, bu da onlar\u0131 daha kararl\u0131 hale getirir <strong data-start=\"3195\" data-end=\"3245\">titre\u015fime e\u011filimli veya test ekipman\u0131 ortamlar\u0131<\/strong>.<\/p>\n<p data-start=\"3248\" data-end=\"3381\"><strong data-start=\"3248\" data-end=\"3298\">S4: Z\u0131rhlama optik performans\u0131 etkiler mi?<\/strong><br data-start=\"3298\" data-end=\"3301\" \/>Hay\u0131r. Z\u0131rhlama elyaf\u0131 korur <strong data-start=\"3338\" data-end=\"3380\">ekstra optik kay\u0131p olu\u015fturmadan<\/strong>.<\/p>","protected":false},"excerpt":{"rendered":"<p data-start=\"66\" data-end=\"437\">Bu <strong data-start=\"70\" data-end=\"107\">FC\/UPC-FC\/UPC Z\u0131rhl\u0131 yama kablosu<\/strong> i\u00e7in in\u015fa edilmi\u015ftir <strong data-start=\"121\" data-end=\"218\">Sinyal kalitesinden \u00f6d\u00fcn vermeden zorlu fiziksel ko\u015fullara dayanmas\u0131 gereken optik ba\u011flant\u0131lar<\/strong>. Kullanma <strong data-start=\"226\" data-end=\"252\">di\u015fli FC konnekt\u00f6rleri<\/strong> her iki ucunda ve bir <strong data-start=\"272\" data-end=\"306\">metal z\u0131rhl\u0131 kablo yap\u0131s\u0131<\/strong>, bu s\u00fcveter \u015funlar\u0131 sunar <strong data-start=\"329\" data-end=\"356\">kaya gi\u0307bi\u0307 sa\u011flam ba\u011flanti<\/strong> i\u00e7in <strong data-start=\"361\" data-end=\"436\">telekom odalar\u0131, d\u0131\u015f mekan kabinleri, baz istasyonlar\u0131 ve end\u00fcstriyel a\u011flar<\/strong>.<\/p>\n<p data-start=\"439\" data-end=\"604\">\u00c7evresinde tasarland\u0131 <strong data-start=\"455\" data-end=\"480\">OS2 tek modlu fiber<\/strong>, destekler <strong data-start=\"494\" data-end=\"530\">1310 nm ve 1550 nm iletim<\/strong>, i\u00e7in ideal hale getirir. <strong data-start=\"552\" data-end=\"603\">uzun mesafe, y\u00fcksek h\u0131z ve PON uygulamalar\u0131<\/strong>.<\/p>","protected":false},"featured_media":703,"comment_status":"open","ping_status":"closed","template":"","meta":[],"product_brand":[],"product_cat":[44],"product_tag":[],"class_list":{"0":"post-702","1":"product","2":"type-product","3":"status-publish","4":"has-post-thumbnail","6":"product_cat-multimode-fiber-optic-patch-cord","8":"first","9":"instock","10":"shipping-taxable","11":"product-type-simple"},"_links":{"self":[{"href":"https:\/\/www.fenxifiber.com\/tr\/wp-json\/wp\/v2\/product\/702","targetHints":{"allow":["GET"]}}],"collection":[{"href":"https:\/\/www.fenxifiber.com\/tr\/wp-json\/wp\/v2\/product"}],"about":[{"href":"https:\/\/www.fenxifiber.com\/tr\/wp-json\/wp\/v2\/types\/product"}],"replies":[{"embeddable":true,"href":"https:\/\/www.fenxifiber.com\/tr\/wp-json\/wp\/v2\/comments?post=702"}],"wp:featuredmedia":[{"embeddable":true,"href":"https:\/\/www.fenxifiber.com\/tr\/wp-json\/wp\/v2\/media\/703"}],"wp:attachment":[{"href":"https:\/\/www.fenxifiber.com\/tr\/wp-json\/wp\/v2\/media?parent=702"}],"wp:term":[{"taxonomy":"product_brand","embeddable":true,"href":"https:\/\/www.fenxifiber.com\/tr\/wp-json\/wp\/v2\/product_brand?post=702"},{"taxonomy":"product_cat","embeddable":true,"href":"https:\/\/www.fenxifiber.com\/tr\/wp-json\/wp\/v2\/product_cat?post=702"},{"taxonomy":"product_tag","embeddable":true,"href":"https:\/\/www.fenxifiber.com\/tr\/wp-json\/wp\/v2\/product_tag?post=702"}],"curies":[{"name":"wp","href":"https:\/\/api.w.org\/{rel}","templated":true}]}}