{"id":705,"date":"2026-02-03T07:19:53","date_gmt":"2026-02-03T07:19:53","guid":{"rendered":"https:\/\/www.fenxifiber.com\/?post_type=product&#038;p=705"},"modified":"2026-02-04T01:36:56","modified_gmt":"2026-02-04T01:36:56","slug":"lc-apc-lc-apc-zirhli","status":"publish","type":"product","link":"https:\/\/www.fenxifiber.com\/tr\/product\/lc-apc-lc-apc-armoured\/","title":{"rendered":"LC\/APC-LC\/APC Z\u0131rhl\u0131 Tek Modlu Fiber Optik Yama Kablosu"},"content":{"rendered":"<h3 data-start=\"653\" data-end=\"718\"><strong data-start=\"657\" data-end=\"718\">Bu Model Entegrat\u00f6rler ve Distrib\u00fct\u00f6rler Taraf\u0131ndan Neden Tercih Ediliyor?<\/strong><\/h3>\n<p data-start=\"720\" data-end=\"967\">APC konekt\u00f6rleri a\u015fa\u011f\u0131dakiler i\u00e7in end\u00fcstri standard\u0131d\u0131r <strong data-start=\"765\" data-end=\"823\">PON, RF-over-fiber, CATV ve y\u00fcksek g\u00fc\u00e7l\u00fc lazer sistemleri<\/strong> \u00e7\u00fcnk\u00fc sa\u011flad\u0131klar\u0131 <strong data-start=\"845\" data-end=\"874\">ultra d\u00fc\u015f\u00fck geri yans\u0131ma<\/strong>.<br data-start=\"875\" data-end=\"878\" \/>ile birle\u015ftirildi\u011finde <strong data-start=\"900\" data-end=\"918\">z\u0131rhl\u0131 kablo<\/strong>, i\u00e7in bu ba\u011flant\u0131 kablosu ideal bir \u00e7\u00f6z\u00fcm haline gelir:<\/p>\n<ul data-start=\"969\" data-end=\"1112\">\n<li data-start=\"969\" data-end=\"999\">\n<p data-start=\"971\" data-end=\"999\"><strong data-start=\"971\" data-end=\"999\">D\u0131\u015f mekan telekom kabinleri<\/strong><\/p>\n<\/li>\n<li data-start=\"1000\" data-end=\"1028\">\n<p data-start=\"1002\" data-end=\"1028\"><strong data-start=\"1002\" data-end=\"1028\">FTTH ve FTTx a\u011flar\u0131<\/strong><\/p>\n<\/li>\n<li data-start=\"1029\" data-end=\"1062\">\n<p data-start=\"1031\" data-end=\"1062\"><strong data-start=\"1031\" data-end=\"1062\">Baz istasyonlar\u0131 ve veri kul\u00fcbeleri<\/strong><\/p>\n<\/li>\n<li data-start=\"1063\" data-end=\"1112\">\n<p data-start=\"1065\" data-end=\"1112\"><strong data-start=\"1065\" data-end=\"1112\">Demiryolu, enerji ve g\u00fcvenlik fiber sistemleri<\/strong><\/p>\n<\/li>\n<\/ul>\n<p data-start=\"1114\" data-end=\"1341\">Bu <strong data-start=\"1118\" data-end=\"1131\">LC format\u0131<\/strong> izin verir <strong data-start=\"1139\" data-end=\"1164\">y\u00fcksek yo\u011funluklu yama<\/strong>, ve <strong data-start=\"1176\" data-end=\"1193\">z\u0131rhl\u0131 t\u00fcp<\/strong> kar\u015f\u0131 korur <strong data-start=\"1211\" data-end=\"1265\">ezilme, kemirgenler, e\u011filme ve kazara \u00e7ekme<\/strong>-i\u00e7in b\u00fcy\u00fck bir avantajd\u0131r. <strong data-start=\"1288\" data-end=\"1340\">sistem entegrat\u00f6rleri ve proje bazl\u0131 da\u011f\u0131t\u0131mlar<\/strong>.<\/p>\n<hr data-start=\"1343\" data-end=\"1346\" \/>\n<h3 data-start=\"1348\" data-end=\"1380\"><strong data-start=\"1352\" data-end=\"1380\">Teknik \u00d6zellikler<\/strong><\/h3>\n<div class=\"TyagGW_tableContainer\">\n<div class=\"group TyagGW_tableWrapper flex flex-col-reverse w-fit\" tabindex=\"-1\">\n<table class=\"w-fit min-w-(--thread-content-width)\" data-start=\"1382\" data-end=\"1899\">\n<thead data-start=\"1382\" data-end=\"1420\">\n<tr data-start=\"1382\" data-end=\"1420\">\n<th class=\"\" data-start=\"1382\" data-end=\"1394\" data-col-size=\"sm\">Parametre<\/th>\n<th class=\"\" data-start=\"1394\" data-end=\"1420\" data-col-size=\"sm\">LC\/APC-LC\/APC Z\u0131rhl\u0131<\/th>\n<\/tr>\n<\/thead>\n<tbody data-start=\"1449\" data-end=\"1899\">\n<tr data-start=\"1449\" data-end=\"1492\">\n<td data-start=\"1449\" data-end=\"1462\" data-col-size=\"sm\">Elyaf Tipi<\/td>\n<td data-start=\"1462\" data-end=\"1492\" data-col-size=\"sm\">Tek modlu OS2 (9\/125 \u03bcm)<\/td>\n<\/tr>\n<tr data-start=\"1493\" data-end=\"1534\">\n<td data-start=\"1493\" data-end=\"1510\" data-col-size=\"sm\">Konekt\u00f6r Tipi<\/td>\n<td data-start=\"1510\" data-end=\"1534\" data-col-size=\"sm\">LC \/ APC'den LC \/ APC'ye<\/td>\n<\/tr>\n<tr data-start=\"1535\" data-end=\"1563\">\n<td data-start=\"1535\" data-end=\"1544\" data-col-size=\"sm\">Leh\u00e7e<\/td>\n<td data-start=\"1544\" data-end=\"1563\" data-col-size=\"sm\">APC (8\u00b0 a\u00e7\u0131l\u0131)<\/td>\n<\/tr>\n<tr data-start=\"1564\" data-end=\"1626\">\n<td data-start=\"1564\" data-end=\"1582\" data-col-size=\"sm\">Kablo Yap\u0131s\u0131<\/td>\n<td data-start=\"1582\" data-end=\"1626\" data-col-size=\"sm\">Metal z\u0131rhl\u0131 (\u00e7elik veya al\u00fcminyum ala\u015f\u0131ml\u0131)<\/td>\n<\/tr>\n<tr data-start=\"1627\" data-end=\"1671\">\n<td data-start=\"1627\" data-end=\"1650\" data-col-size=\"sm\">\u00c7al\u0131\u015fma Dalga Boyu<\/td>\n<td data-start=\"1650\" data-end=\"1671\" data-col-size=\"sm\">1310 nm \/ 1550 nm<\/td>\n<\/tr>\n<tr data-start=\"1672\" data-end=\"1702\">\n<td data-start=\"1672\" data-end=\"1689\" data-col-size=\"sm\">Ekleme Kayb\u0131<\/td>\n<td data-start=\"1689\" data-end=\"1702\" data-col-size=\"sm\">\u2264 0,30 dB<\/td>\n<\/tr>\n<tr data-start=\"1703\" data-end=\"1728\">\n<td data-start=\"1703\" data-end=\"1717\" data-col-size=\"sm\">Geri D\u00f6n\u00fc\u015f Kayb\u0131<\/td>\n<td data-start=\"1717\" data-end=\"1728\" data-col-size=\"sm\">\u2265 60 dB<\/td>\n<\/tr>\n<tr data-start=\"1729\" data-end=\"1788\">\n<td data-start=\"1729\" data-end=\"1748\" data-col-size=\"sm\">\u00c7ekme Dayan\u0131m\u0131<\/td>\n<td data-col-size=\"sm\" data-start=\"1748\" data-end=\"1788\">Standart patch cordlardan \u00e7ok daha y\u00fcksek<\/td>\n<\/tr>\n<tr data-start=\"1789\" data-end=\"1827\">\n<td data-start=\"1789\" data-end=\"1803\" data-col-size=\"sm\">B\u00fck\u00fclme Yar\u0131\u00e7ap\u0131<\/td>\n<td data-start=\"1803\" data-end=\"1827\" data-col-size=\"sm\">\u2265 10\u00d7 kablo \u00e7ap\u0131<\/td>\n<\/tr>\n<tr data-start=\"1828\" data-end=\"1856\">\n<td data-start=\"1828\" data-end=\"1837\" data-col-size=\"sm\">Ceket<\/td>\n<td data-start=\"1837\" data-end=\"1856\" data-col-size=\"sm\">LSZH \/ PE \/ PVC<\/td>\n<\/tr>\n<tr data-start=\"1857\" data-end=\"1899\">\n<td data-start=\"1857\" data-end=\"1870\" data-col-size=\"sm\">Uyumluluk<\/td>\n<td data-col-size=\"sm\" data-start=\"1870\" data-end=\"1899\">IEC, TIA-568, RoHS, REACH<\/td>\n<\/tr>\n<\/tbody>\n<\/table>\n<\/div>\n<\/div>\n<hr data-start=\"1901\" data-end=\"1904\" \/>\n<h3 data-start=\"1906\" data-end=\"1953\"><strong data-start=\"1910\" data-end=\"1953\">Toptan Sat\u0131\u015f ve Proje Tedariki i\u00e7in Tasarland\u0131<\/strong><\/h3>\n<p data-start=\"1955\" data-end=\"2010\">Bu LC\/APC z\u0131rhl\u0131 yama kablosu yayg\u0131n olarak taraf\u0131ndan sat\u0131n al\u0131n\u0131r:<\/p>\n<ul data-start=\"2012\" data-end=\"2157\">\n<li data-start=\"2012\" data-end=\"2048\">\n<p data-start=\"2014\" data-end=\"2048\"><strong data-start=\"2014\" data-end=\"2048\">Telekom ekipman distrib\u00fct\u00f6rleri<\/strong><\/p>\n<\/li>\n<li data-start=\"2049\" data-end=\"2074\">\n<p data-start=\"2051\" data-end=\"2074\"><strong data-start=\"2051\" data-end=\"2074\">A\u011f entegrat\u00f6rleri<\/strong><\/p>\n<\/li>\n<li data-start=\"2075\" data-end=\"2097\">\n<p data-start=\"2077\" data-end=\"2097\"><strong data-start=\"2077\" data-end=\"2097\">FTTH y\u00fcklenicileri<\/strong><\/p>\n<\/li>\n<li data-start=\"2098\" data-end=\"2118\">\n<p data-start=\"2100\" data-end=\"2118\"><strong data-start=\"2100\" data-end=\"2118\">CATV operat\u00f6rleri<\/strong><\/p>\n<\/li>\n<li data-start=\"2119\" data-end=\"2157\">\n<p data-start=\"2121\" data-end=\"2157\"><strong data-start=\"2121\" data-end=\"2157\">End\u00fcstriyel fiber sistem \u00fcreticileri<\/strong><\/p>\n<\/li>\n<\/ul>\n<p data-start=\"2159\" data-end=\"2170\">Destekliyoruz:<\/p>\n<ul data-start=\"2171\" data-end=\"2304\">\n<li data-start=\"2171\" data-end=\"2188\">\n<p data-start=\"2173\" data-end=\"2188\"><strong data-start=\"2173\" data-end=\"2188\">Toplu sipari\u015fler<\/strong><\/p>\n<\/li>\n<li data-start=\"2189\" data-end=\"2209\">\n<p data-start=\"2191\" data-end=\"2209\"><strong data-start=\"2191\" data-end=\"2209\">\u00d6zel uzunluklar<\/strong><\/p>\n<\/li>\n<li data-start=\"2210\" data-end=\"2234\">\n<p data-start=\"2212\" data-end=\"2234\"><strong data-start=\"2212\" data-end=\"2234\">OEM \/ ODM markalama<\/strong><\/p>\n<\/li>\n<li data-start=\"2235\" data-end=\"2267\">\n<p data-start=\"2237\" data-end=\"2267\"><strong data-start=\"2237\" data-end=\"2267\">Deneme tedariki i\u00e7in d\u00fc\u015f\u00fck MOQ<\/strong><\/p>\n<\/li>\n<li data-start=\"2268\" data-end=\"2304\">\n<p data-start=\"2270\" data-end=\"2304\"><strong data-start=\"2270\" data-end=\"2304\">H\u0131zl\u0131 ihracat ve k\u00fcresel lojistik<\/strong><\/p>\n<\/li>\n<\/ul>\n<p data-start=\"2306\" data-end=\"2471\">Olarak <strong data-start=\"2311\" data-end=\"2357\">fiber patch cord \u00fcreticisi ve ihracat\u00e7\u0131s\u0131<\/strong>, yard\u0131m ediyoruz <strong data-start=\"2367\" data-end=\"2414\">acenteler, toptanc\u0131lar ve tedarik \u015firketleri<\/strong> korurken maliyeti d\u00fc\u015f\u00fcrmek <strong data-start=\"2445\" data-end=\"2470\">ta\u015f\u0131y\u0131c\u0131 s\u0131n\u0131f\u0131 kalite<\/strong>.<\/p>\n<hr data-start=\"2473\" data-end=\"2476\" \/>\n<h3 data-start=\"2478\" data-end=\"2526\"><strong data-start=\"2482\" data-end=\"2526\">APC + Armoured Neden Premium Bir \u00c7\u00f6z\u00fcmd\u00fcr?<\/strong><\/h3>\n<p data-start=\"2528\" data-end=\"2611\">APC konekt\u00f6rleri azalt\u0131r <strong data-start=\"2550\" data-end=\"2573\">optik geri d\u00f6n\u00fc\u015f kayb\u0131<\/strong> i\u00e7in <strong data-start=\"2577\" data-end=\"2587\">\u226560 dB<\/strong>, i\u00e7in kritik \u00f6neme sahiptir:<\/p>\n<ul data-start=\"2612\" data-end=\"2722\">\n<li data-start=\"2612\" data-end=\"2647\">\n<p data-start=\"2614\" data-end=\"2647\"><strong data-start=\"2614\" data-end=\"2647\">PON (GPON \/ XG-PON \/ XGS-PON)<\/strong><\/p>\n<\/li>\n<li data-start=\"2648\" data-end=\"2667\">\n<p data-start=\"2650\" data-end=\"2667\"><strong data-start=\"2650\" data-end=\"2667\">RF-over-fiber<\/strong><\/p>\n<\/li>\n<li data-start=\"2668\" data-end=\"2691\">\n<p data-start=\"2670\" data-end=\"2691\"><strong data-start=\"2670\" data-end=\"2691\">CATV iletimi<\/strong><\/p>\n<\/li>\n<li data-start=\"2692\" data-end=\"2722\">\n<p data-start=\"2694\" data-end=\"2722\"><strong data-start=\"2694\" data-end=\"2722\">Y\u00fcksek g\u00fc\u00e7l\u00fc optik ba\u011flant\u0131lar<\/strong><\/p>\n<\/li>\n<\/ul>\n<p data-start=\"2724\" data-end=\"2774\">Bu <strong data-start=\"2728\" data-end=\"2746\">z\u0131rhl\u0131 katman<\/strong> kablonun hayatta kalmas\u0131n\u0131 sa\u011flar:<\/p>\n<ul data-start=\"2775\" data-end=\"2870\">\n<li data-start=\"2775\" data-end=\"2790\">\n<p data-start=\"2777\" data-end=\"2790\">Kablo kanallar\u0131<\/p>\n<\/li>\n<li data-start=\"2791\" data-end=\"2810\">\n<p data-start=\"2793\" data-end=\"2810\">D\u0131\u015f mekan y\u00f6nlendirme<\/p>\n<\/li>\n<li data-start=\"2811\" data-end=\"2836\">\n<p data-start=\"2813\" data-end=\"2836\">Kabin kurulumlar\u0131<\/p>\n<\/li>\n<li data-start=\"2837\" data-end=\"2870\">\n<p data-start=\"2839\" data-end=\"2870\">Zorlu end\u00fcstriyel ortamlar<\/p>\n<\/li>\n<\/ul>\n<p data-start=\"2872\" data-end=\"2965\">Bu \u00f6nemli \u00f6l\u00e7\u00fcde d\u00fc\u015f\u00fcr\u00fcr <strong data-start=\"2897\" data-end=\"2934\">ar\u0131za oran\u0131 ve bak\u0131m maliyeti<\/strong> operat\u00f6rler ve entegrat\u00f6rler i\u00e7in.<\/p>\n<hr data-start=\"2967\" data-end=\"2970\" \/>\n<h2 data-start=\"2972\" data-end=\"2995\"><strong data-start=\"2975\" data-end=\"2995\">Profesyonel Soru-Cevap<\/strong><\/h2>\n<p data-start=\"2997\" data-end=\"3149\"><strong data-start=\"2997\" data-end=\"3052\">S1: Bu telekom ve FTTH projeleri i\u00e7in uygun mu?<\/strong><br data-start=\"3052\" data-end=\"3055\" \/>Evet. LC\/APC z\u0131rhl\u0131 kablolar a\u015fa\u011f\u0131daki alanlarda yayg\u0131n olarak kullan\u0131lmaktad\u0131r <strong data-start=\"3102\" data-end=\"3148\">FTTx, PON ve d\u0131\u015f mekan telekom da\u011f\u0131t\u0131mlar\u0131<\/strong>.<\/p>\n<p data-start=\"3151\" data-end=\"3314\"><strong data-start=\"3151\" data-end=\"3213\">S2: Bu, distrib\u00fct\u00f6rler veya OEM'ler i\u00e7in toplu olarak tedarik edilebilir mi?<\/strong><br data-start=\"3213\" data-end=\"3216\" \/>Kesinlikle. Biz sa\u011fl\u0131yoruz <strong data-start=\"3239\" data-end=\"3304\">fabrika toptan sat\u0131\u015f\u0131, OEM\/ODM, \u00f6zel etiketleme ve toplu ihracat<\/strong> hizmetler.<\/p>\n<p data-start=\"3316\" data-end=\"3437\"><strong data-start=\"3316\" data-end=\"3348\">S3: Tipik MOQ nedir?<\/strong><br data-start=\"3348\" data-end=\"3351\" \/>Adedi esnektir ve destekler <strong data-start=\"3380\" data-end=\"3436\">k\u00fc\u00e7\u00fck deneme sipari\u015flerinin yan\u0131 s\u0131ra b\u00fcy\u00fck proje tedariki<\/strong>.<\/p>\n<p data-start=\"3439\" data-end=\"3598\"><strong data-start=\"3439\" data-end=\"3499\">S4: CATV ve PON a\u011flar\u0131 neden APC konekt\u00f6rlerine ihtiya\u00e7 duyar?<\/strong><br data-start=\"3499\" data-end=\"3502\" \/>APC \u015funlar\u0131 sa\u011flar <strong data-start=\"3515\" data-end=\"3539\">ultra d\u00fc\u015f\u00fck yans\u0131ma<\/strong>, i\u00e7in gerekli olan <strong data-start=\"3564\" data-end=\"3597\">analog ve RF optik sinyaller<\/strong>.<\/p>","protected":false},"excerpt":{"rendered":"<p data-start=\"66\" data-end=\"491\">Bu <strong data-start=\"70\" data-end=\"113\">LC\/APC-LC\/APC Z\u0131rhl\u0131 fiber ba\u011flant\u0131 kablosu<\/strong> bir <strong data-start=\"119\" data-end=\"164\">ta\u015f\u0131y\u0131c\u0131 s\u0131n\u0131f\u0131, tek modlu optik jumper<\/strong> i\u00e7in tasarland\u0131 <strong data-start=\"180\" data-end=\"250\">y\u00fcksek g\u00fc\u00e7, d\u00fc\u015f\u00fck yans\u0131ma ve fiziksel olarak zorlu kurulumlar<\/strong>. \u0130le tasarlanm\u0131\u015ft\u0131r <strong data-start=\"266\" data-end=\"299\">8\u00b0 APC cilal\u0131 LC konnekt\u00f6rler<\/strong> ve bir <strong data-start=\"306\" data-end=\"340\">metal z\u0131rhl\u0131 kablo yap\u0131s\u0131<\/strong>, her ikisini de sunar <strong data-start=\"359\" data-end=\"380\">optik hassasiyet<\/strong> ve <strong data-start=\"385\" data-end=\"411\">sahada kullan\u0131ma haz\u0131r dayan\u0131kl\u0131l\u0131k<\/strong> i\u00e7in <strong data-start=\"416\" data-end=\"490\">telekom operat\u00f6rleri, sistem entegrat\u00f6rleri ve end\u00fcstriyel a\u011f projeleri<\/strong>.<\/p>\n<p data-start=\"493\" data-end=\"646\">Olarak <strong data-start=\"498\" data-end=\"550\">do\u011frudan fabrika \u00fcreticisi ve OEM\/ODM tedarik\u00e7isi<\/strong>, i\u00e7in bu modeli sa\u011fl\u0131yoruz. <strong data-start=\"578\" data-end=\"645\">toptan sat\u0131\u015f, toplu sipari\u015fler, distrib\u00fct\u00f6r tedariki ve k\u00fcresel ihracat<\/strong>.<\/p>","protected":false},"featured_media":706,"comment_status":"open","ping_status":"closed","template":"","meta":[],"product_brand":[],"product_cat":[44],"product_tag":[],"class_list":{"0":"post-705","1":"product","2":"type-product","3":"status-publish","4":"has-post-thumbnail","6":"product_cat-multimode-fiber-optic-patch-cord","8":"first","9":"instock","10":"shipping-taxable","11":"product-type-simple"},"_links":{"self":[{"href":"https:\/\/www.fenxifiber.com\/tr\/wp-json\/wp\/v2\/product\/705","targetHints":{"allow":["GET"]}}],"collection":[{"href":"https:\/\/www.fenxifiber.com\/tr\/wp-json\/wp\/v2\/product"}],"about":[{"href":"https:\/\/www.fenxifiber.com\/tr\/wp-json\/wp\/v2\/types\/product"}],"replies":[{"embeddable":true,"href":"https:\/\/www.fenxifiber.com\/tr\/wp-json\/wp\/v2\/comments?post=705"}],"wp:featuredmedia":[{"embeddable":true,"href":"https:\/\/www.fenxifiber.com\/tr\/wp-json\/wp\/v2\/media\/706"}],"wp:attachment":[{"href":"https:\/\/www.fenxifiber.com\/tr\/wp-json\/wp\/v2\/media?parent=705"}],"wp:term":[{"taxonomy":"product_brand","embeddable":true,"href":"https:\/\/www.fenxifiber.com\/tr\/wp-json\/wp\/v2\/product_brand?post=705"},{"taxonomy":"product_cat","embeddable":true,"href":"https:\/\/www.fenxifiber.com\/tr\/wp-json\/wp\/v2\/product_cat?post=705"},{"taxonomy":"product_tag","embeddable":true,"href":"https:\/\/www.fenxifiber.com\/tr\/wp-json\/wp\/v2\/product_tag?post=705"}],"curies":[{"name":"wp","href":"https:\/\/api.w.org\/{rel}","templated":true}]}}