{"id":707,"date":"2026-02-03T07:22:20","date_gmt":"2026-02-03T07:22:20","guid":{"rendered":"https:\/\/www.fenxifiber.com\/?post_type=product&#038;p=707"},"modified":"2026-02-04T01:37:27","modified_gmt":"2026-02-04T01:37:27","slug":"fc-upc-lc-upc-zirhli","status":"publish","type":"product","link":"https:\/\/www.fenxifiber.com\/tr\/product\/fc-upc-lc-upc-armoured\/","title":{"rendered":"FC\/UPC-LC\/UPC Z\u0131rhl\u0131 Tek Modlu Fiber Optik Yama Kablosu"},"content":{"rendered":"<h3 data-start=\"696\" data-end=\"738\"><strong data-start=\"700\" data-end=\"738\">Neden FC to LC with Armoured Design?<\/strong><\/h3>\n<p data-start=\"740\" data-end=\"1047\">Bu <strong data-start=\"744\" data-end=\"760\">FC konekt\u00f6r\u00fc<\/strong> sa\u011flar <strong data-start=\"770\" data-end=\"794\">vida-kilit stabilitesi<\/strong>, i\u00e7in kritik olan optik dalgalanmaya neden olabilecek mikro hareketleri \u00f6nler. <strong data-start=\"870\" data-end=\"922\">test ekipmanlar\u0131, telekom raflar\u0131 ve ta\u015f\u0131y\u0131c\u0131 ba\u011flant\u0131lar\u0131<\/strong>.<br data-start=\"923\" data-end=\"926\" \/>Bu <strong data-start=\"930\" data-end=\"946\">LC konekt\u00f6r<\/strong> destekler <strong data-start=\"956\" data-end=\"981\">y\u00fcksek yo\u011funluklu yama<\/strong> ve do\u011frudan ba\u011flant\u0131 <strong data-start=\"1007\" data-end=\"1046\">SFP+, QSFP ve modern al\u0131c\u0131-vericiler<\/strong>.<\/p>\n<p data-start=\"1049\" data-end=\"1095\">Bu <strong data-start=\"1053\" data-end=\"1070\">z\u0131rhl\u0131 t\u00fcp<\/strong> lifleri korur:<\/p>\n<ul data-start=\"1096\" data-end=\"1199\">\n<li data-start=\"1096\" data-end=\"1122\">\n<p data-start=\"1098\" data-end=\"1122\"><strong data-start=\"1098\" data-end=\"1122\">Ezme ve \u00e7ekme<\/strong><\/p>\n<\/li>\n<li data-start=\"1123\" data-end=\"1141\">\n<p data-start=\"1125\" data-end=\"1141\"><strong data-start=\"1125\" data-end=\"1141\">Kemirgen \u0131s\u0131r\u0131klar\u0131<\/strong><\/p>\n<\/li>\n<li data-start=\"1142\" data-end=\"1161\">\n<p data-start=\"1144\" data-end=\"1161\"><strong data-start=\"1144\" data-end=\"1161\">Keskin b\u00fckme<\/strong><\/p>\n<\/li>\n<li data-start=\"1162\" data-end=\"1199\">\n<p data-start=\"1164\" data-end=\"1199\"><strong data-start=\"1164\" data-end=\"1199\">Zorlu kurulum ortamlar\u0131<\/strong><\/p>\n<\/li>\n<\/ul>\n<p data-start=\"1201\" data-end=\"1314\">Bu, FC-LC z\u0131rhl\u0131 yama kablosunu a\u015fa\u011f\u0131dakiler i\u00e7in m\u00fckemmel k\u0131lar <strong data-start=\"1254\" data-end=\"1313\">d\u0131\u015f mekan y\u00f6nlendirmeleri, kablo kanallar\u0131 ve end\u00fcstriyel muhafazalar<\/strong>.<\/p>\n<hr data-start=\"1316\" data-end=\"1319\" \/>\n<h3 data-start=\"1321\" data-end=\"1353\"><strong data-start=\"1325\" data-end=\"1353\">Teknik \u00d6zellikler<\/strong><\/h3>\n<div class=\"TyagGW_tableContainer\">\n<div class=\"group TyagGW_tableWrapper flex flex-col-reverse w-fit\" tabindex=\"-1\">\n<table class=\"w-fit min-w-(--thread-content-width)\" data-start=\"1355\" data-end=\"1865\">\n<thead data-start=\"1355\" data-end=\"1393\">\n<tr data-start=\"1355\" data-end=\"1393\">\n<th class=\"\" data-start=\"1355\" data-end=\"1367\" data-col-size=\"sm\">Parametre<\/th>\n<th class=\"\" data-start=\"1367\" data-end=\"1393\" data-col-size=\"sm\">FC\/UPC-LC\/UPC Z\u0131rhl\u0131<\/th>\n<\/tr>\n<\/thead>\n<tbody data-start=\"1422\" data-end=\"1865\">\n<tr data-start=\"1422\" data-end=\"1465\">\n<td data-start=\"1422\" data-end=\"1435\" data-col-size=\"sm\">Elyaf Tipi<\/td>\n<td data-start=\"1435\" data-end=\"1465\" data-col-size=\"sm\">Tek modlu OS2 (9\/125 \u03bcm)<\/td>\n<\/tr>\n<tr data-start=\"1466\" data-end=\"1492\">\n<td data-start=\"1466\" data-end=\"1480\" data-col-size=\"sm\">Konekt\u00f6r A<\/td>\n<td data-start=\"1480\" data-end=\"1492\" data-col-size=\"sm\">FC \/ UPC<\/td>\n<\/tr>\n<tr data-start=\"1493\" data-end=\"1519\">\n<td data-start=\"1493\" data-end=\"1507\" data-col-size=\"sm\">Konekt\u00f6r B<\/td>\n<td data-start=\"1507\" data-end=\"1519\" data-col-size=\"sm\">LC \/ UPC<\/td>\n<\/tr>\n<tr data-start=\"1520\" data-end=\"1581\">\n<td data-start=\"1520\" data-end=\"1538\" data-col-size=\"sm\">Kablo Yap\u0131s\u0131<\/td>\n<td data-start=\"1538\" data-end=\"1581\" data-col-size=\"sm\">Metal z\u0131rhl\u0131 (\u00e7elik veya al\u00fcminyum boru)<\/td>\n<\/tr>\n<tr data-start=\"1582\" data-end=\"1626\">\n<td data-start=\"1582\" data-end=\"1605\" data-col-size=\"sm\">\u00c7al\u0131\u015fma Dalga Boyu<\/td>\n<td data-start=\"1605\" data-end=\"1626\" data-col-size=\"sm\">1310 nm \/ 1550 nm<\/td>\n<\/tr>\n<tr data-start=\"1627\" data-end=\"1657\">\n<td data-start=\"1627\" data-end=\"1644\" data-col-size=\"sm\">Ekleme Kayb\u0131<\/td>\n<td data-start=\"1644\" data-end=\"1657\" data-col-size=\"sm\">\u2264 0,30 dB<\/td>\n<\/tr>\n<tr data-start=\"1658\" data-end=\"1683\">\n<td data-start=\"1658\" data-end=\"1672\" data-col-size=\"sm\">Geri D\u00f6n\u00fc\u015f Kayb\u0131<\/td>\n<td data-start=\"1672\" data-end=\"1683\" data-col-size=\"sm\">\u2265 50 dB<\/td>\n<\/tr>\n<tr data-start=\"1684\" data-end=\"1747\">\n<td data-start=\"1684\" data-end=\"1703\" data-col-size=\"sm\">\u00c7ekme Dayan\u0131m\u0131<\/td>\n<td data-start=\"1703\" data-end=\"1747\" data-col-size=\"sm\">Standart kordonlardan \u00f6nemli \u00f6l\u00e7\u00fcde daha y\u00fcksek<\/td>\n<\/tr>\n<tr data-start=\"1748\" data-end=\"1794\">\n<td data-start=\"1748\" data-end=\"1770\" data-col-size=\"sm\">Minimum B\u00fck\u00fclme Yar\u0131\u00e7ap\u0131<\/td>\n<td data-start=\"1770\" data-end=\"1794\" data-col-size=\"sm\">\u2265 10\u00d7 kablo \u00e7ap\u0131<\/td>\n<\/tr>\n<tr data-start=\"1795\" data-end=\"1823\">\n<td data-start=\"1795\" data-end=\"1804\" data-col-size=\"sm\">Ceket<\/td>\n<td data-start=\"1804\" data-end=\"1823\" data-col-size=\"sm\">LSZH \/ PE \/ PVC<\/td>\n<\/tr>\n<tr data-start=\"1824\" data-end=\"1865\">\n<td data-start=\"1824\" data-end=\"1836\" data-col-size=\"sm\">Standartlar<\/td>\n<td data-start=\"1836\" data-end=\"1865\" data-col-size=\"sm\">IEC, TIA-568, RoHS, REACH<\/td>\n<\/tr>\n<\/tbody>\n<\/table>\n<\/div>\n<\/div>\n<hr data-start=\"1867\" data-end=\"1870\" \/>\n<h3 data-start=\"1872\" data-end=\"1921\"><strong data-start=\"1876\" data-end=\"1921\">Toptan Sat\u0131\u015f, OEM ve Proje Tedariki i\u00e7in \u00dcretildi<\/strong><\/h3>\n<p data-start=\"1923\" data-end=\"1955\">Bu model yayg\u0131n olarak \u015fu kaynaklardan temin edilmektedir:<\/p>\n<ul data-start=\"1957\" data-end=\"2113\">\n<li data-start=\"1957\" data-end=\"1983\">\n<p data-start=\"1959\" data-end=\"1983\"><strong data-start=\"1959\" data-end=\"1983\">Telekom distrib\u00fct\u00f6rleri<\/strong><\/p>\n<\/li>\n<li data-start=\"1984\" data-end=\"2008\">\n<p data-start=\"1986\" data-end=\"2008\"><strong data-start=\"1986\" data-end=\"2008\">Sistem entegrat\u00f6rleri<\/strong><\/p>\n<\/li>\n<li data-start=\"2009\" data-end=\"2040\">\n<p data-start=\"2011\" data-end=\"2040\"><strong data-start=\"2011\" data-end=\"2040\">FTTH ve FTTx y\u00fcklenicileri<\/strong><\/p>\n<\/li>\n<li data-start=\"2041\" data-end=\"2074\">\n<p data-start=\"2043\" data-end=\"2074\"><strong data-start=\"2043\" data-end=\"2074\">End\u00fcstriyel a\u011f kurucular\u0131<\/strong><\/p>\n<\/li>\n<li data-start=\"2075\" data-end=\"2113\">\n<p data-start=\"2077\" data-end=\"2113\"><strong data-start=\"2077\" data-end=\"2113\">\u0130hracat\u00e7\u0131lar ve kaynak \u015firketleri<\/strong><\/p>\n<\/li>\n<\/ul>\n<p data-start=\"2115\" data-end=\"2126\">Destekliyoruz:<\/p>\n<ul data-start=\"2127\" data-end=\"2264\">\n<li data-start=\"2127\" data-end=\"2144\">\n<p data-start=\"2129\" data-end=\"2144\"><strong data-start=\"2129\" data-end=\"2144\">Toplu sipari\u015fler<\/strong><\/p>\n<\/li>\n<li data-start=\"2145\" data-end=\"2176\">\n<p data-start=\"2147\" data-end=\"2176\"><strong data-start=\"2147\" data-end=\"2176\">\u00d6zel uzunluklar ve etiketleme<\/strong><\/p>\n<\/li>\n<li data-start=\"2177\" data-end=\"2206\">\n<p data-start=\"2179\" data-end=\"2206\"><strong data-start=\"2179\" data-end=\"2206\">OEM \/ ODM \u00fcretim<\/strong><\/p>\n<\/li>\n<li data-start=\"2207\" data-end=\"2237\">\n<p data-start=\"2209\" data-end=\"2237\"><strong data-start=\"2209\" data-end=\"2237\">Deneme sipari\u015fleri i\u00e7in d\u00fc\u015f\u00fck MOQ<\/strong><\/p>\n<\/li>\n<li data-start=\"2238\" data-end=\"2264\">\n<p data-start=\"2240\" data-end=\"2264\"><strong data-start=\"2240\" data-end=\"2264\">H\u0131zl\u0131 k\u00fcresel g\u00f6nderim<\/strong><\/p>\n<\/li>\n<\/ul>\n<p data-start=\"2266\" data-end=\"2437\">Olarak <strong data-start=\"2271\" data-end=\"2317\">fiber patch cord \u00fcreticisi ve tedarik\u00e7isi<\/strong>, yard\u0131m ediyoruz. <strong data-start=\"2331\" data-end=\"2379\">acenteler, toptanc\u0131lar ve entegrat\u00f6r ortaklar<\/strong> sa\u011flarken maliyeti d\u00fc\u015f\u00fcr\u00fcr <strong data-start=\"2407\" data-end=\"2436\">ta\u015f\u0131y\u0131c\u0131 s\u0131n\u0131f\u0131 performans<\/strong>.<\/p>\n<hr data-start=\"2439\" data-end=\"2442\" \/>\n<h3 data-start=\"2444\" data-end=\"2472\"><strong data-start=\"2448\" data-end=\"2472\">Neden Tek Modlu OS2?<\/strong><\/h3>\n<p data-start=\"2474\" data-end=\"2493\">OS2 fiber destekler:<\/p>\n<ul data-start=\"2494\" data-end=\"2645\">\n<li data-start=\"2494\" data-end=\"2526\">\n<p data-start=\"2496\" data-end=\"2526\"><strong data-start=\"2496\" data-end=\"2526\">Uzun mesafeli iletim<\/strong><\/p>\n<\/li>\n<li data-start=\"2527\" data-end=\"2563\">\n<p data-start=\"2529\" data-end=\"2563\"><strong data-start=\"2529\" data-end=\"2563\">10G, 25G, 40G, 100G ve \u00f6tesi<\/strong><\/p>\n<\/li>\n<li data-start=\"2564\" data-end=\"2599\">\n<p data-start=\"2566\" data-end=\"2599\"><strong data-start=\"2566\" data-end=\"2599\">1310 nm ve 1550 nm dalga boylar\u0131<\/strong><\/p>\n<\/li>\n<li data-start=\"2600\" data-end=\"2645\">\n<p data-start=\"2602\" data-end=\"2645\"><strong data-start=\"2602\" data-end=\"2645\">FTTH, PON, metro ve omurga a\u011flar\u0131<\/strong><\/p>\n<\/li>\n<\/ul>\n<p data-start=\"2647\" data-end=\"2715\">i\u00e7in standart bir se\u00e7imdir. <strong data-start=\"2676\" data-end=\"2714\">telekom s\u0131n\u0131f\u0131 z\u0131rhl\u0131 yama kablolar\u0131<\/strong>.<\/p>\n<hr data-start=\"2717\" data-end=\"2720\" \/>\n<h2 data-start=\"2722\" data-end=\"2745\"><strong data-start=\"2725\" data-end=\"2745\">Profesyonel Soru-Cevap<\/strong><\/h2>\n<p data-start=\"2747\" data-end=\"2908\"><strong data-start=\"2747\" data-end=\"2801\">S1: Bu d\u0131\u015f mekan telekom kabinleri i\u00e7in uygun mu?<\/strong><br data-start=\"2801\" data-end=\"2804\" \/>Evet. <strong data-start=\"2813\" data-end=\"2835\">z\u0131rhl\u0131 yap\u0131<\/strong> kar\u015f\u0131 korur <strong data-start=\"2853\" data-end=\"2907\">mekanik stres, kemirgenler ve zorlu ortamlar<\/strong>.<\/p>\n<p data-start=\"2910\" data-end=\"3048\"><strong data-start=\"2910\" data-end=\"2971\">S2: Bu OEM veya distrib\u00fct\u00f6r markas\u0131 i\u00e7in tedarik edilebilir mi?<\/strong><br data-start=\"2971\" data-end=\"2974\" \/>Evet. Biz sa\u011fl\u0131yoruz <strong data-start=\"2990\" data-end=\"3047\">OEM\/ODM, \u00f6zel etiket ve toplu toptan \u00fcretim<\/strong>.<\/p>\n<p data-start=\"3050\" data-end=\"3217\"><strong data-start=\"3050\" data-end=\"3116\">S3: FC-LC z\u0131rhl\u0131 kablolar genellikle ne t\u00fcr projelerde kullan\u0131l\u0131r?<\/strong><br data-start=\"3116\" data-end=\"3119\" \/>Genellikle \u015fu alanlarda kullan\u0131l\u0131rlar <strong data-start=\"3145\" data-end=\"3216\">FTTx, baz istasyonlar\u0131, end\u00fcstriyel fiber sistemler ve ta\u015f\u0131y\u0131c\u0131 a\u011flar<\/strong>.<\/p>\n<p data-start=\"3219\" data-end=\"3344\"><strong data-start=\"3219\" data-end=\"3261\">S4: Toplu tedarik i\u00e7in MOQ nedir?<\/strong><br data-start=\"3261\" data-end=\"3264\" \/>MOQ esnektir, her ikisini de destekler <strong data-start=\"3297\" data-end=\"3343\">numune sipari\u015fleri ve b\u00fcy\u00fck hacimli tedarik<\/strong>.<\/p>","protected":false},"excerpt":{"rendered":"<p data-start=\"66\" data-end=\"524\">Bu <strong data-start=\"70\" data-end=\"113\">FC\/UPC-LC\/UPC Z\u0131rhl\u0131 fiber ba\u011flant\u0131 kablosu<\/strong> i\u00e7in tasarlanm\u0131\u015ft\u0131r <strong data-start=\"132\" data-end=\"162\">ta\u015f\u0131y\u0131c\u0131 s\u0131n\u0131f\u0131 ba\u011flant\u0131<\/strong> nerede <strong data-start=\"169\" data-end=\"232\">mekanik g\u00fcvenlik, d\u00fc\u015f\u00fck optik kay\u0131p ve saha dayan\u0131kl\u0131l\u0131\u011f\u0131<\/strong> hepsi gerekli. \u00d6zellikli bir <strong data-start=\"263\" data-end=\"288\">di\u015fli FC konekt\u00f6r\u00fc<\/strong> bir ucunda ve bir <strong data-start=\"306\" data-end=\"335\">y\u00fcksek yo\u011funluklu LC konnekt\u00f6r<\/strong> di\u011fer yandan, bir <strong data-start=\"366\" data-end=\"400\">metal z\u0131rhl\u0131 kablo yap\u0131s\u0131<\/strong>, bu jumper a\u015fa\u011f\u0131dakiler i\u00e7in idealdir <strong data-start=\"427\" data-end=\"523\">telekom a\u011flar\u0131, d\u0131\u015f mekan kabinleri, veri merkezi \u00e7apraz ba\u011flant\u0131lar\u0131 ve end\u00fcstriyel fiber sistemleri<\/strong>.<\/p>\n<p data-start=\"526\" data-end=\"689\">Olarak <strong data-start=\"531\" data-end=\"578\">fabrika \u00fcreticisi ve toptan ihracat\u00e7\u0131s\u0131<\/strong>, i\u00e7in bu modeli tedarik ediyoruz. <strong data-start=\"605\" data-end=\"678\">OEM\/ODM projeleri, sistem entegrat\u00f6rleri, distrib\u00fct\u00f6rler ve toplu tedarik<\/strong> D\u00fcnya \u00e7ap\u0131nda.<\/p>","protected":false},"featured_media":708,"comment_status":"open","ping_status":"closed","template":"","meta":[],"product_brand":[],"product_cat":[44],"product_tag":[],"class_list":{"0":"post-707","1":"product","2":"type-product","3":"status-publish","4":"has-post-thumbnail","6":"product_cat-multimode-fiber-optic-patch-cord","8":"first","9":"instock","10":"shipping-taxable","11":"product-type-simple"},"_links":{"self":[{"href":"https:\/\/www.fenxifiber.com\/tr\/wp-json\/wp\/v2\/product\/707","targetHints":{"allow":["GET"]}}],"collection":[{"href":"https:\/\/www.fenxifiber.com\/tr\/wp-json\/wp\/v2\/product"}],"about":[{"href":"https:\/\/www.fenxifiber.com\/tr\/wp-json\/wp\/v2\/types\/product"}],"replies":[{"embeddable":true,"href":"https:\/\/www.fenxifiber.com\/tr\/wp-json\/wp\/v2\/comments?post=707"}],"wp:featuredmedia":[{"embeddable":true,"href":"https:\/\/www.fenxifiber.com\/tr\/wp-json\/wp\/v2\/media\/708"}],"wp:attachment":[{"href":"https:\/\/www.fenxifiber.com\/tr\/wp-json\/wp\/v2\/media?parent=707"}],"wp:term":[{"taxonomy":"product_brand","embeddable":true,"href":"https:\/\/www.fenxifiber.com\/tr\/wp-json\/wp\/v2\/product_brand?post=707"},{"taxonomy":"product_cat","embeddable":true,"href":"https:\/\/www.fenxifiber.com\/tr\/wp-json\/wp\/v2\/product_cat?post=707"},{"taxonomy":"product_tag","embeddable":true,"href":"https:\/\/www.fenxifiber.com\/tr\/wp-json\/wp\/v2\/product_tag?post=707"}],"curies":[{"name":"wp","href":"https:\/\/api.w.org\/{rel}","templated":true}]}}