{"id":709,"date":"2026-02-03T07:25:21","date_gmt":"2026-02-03T07:25:21","guid":{"rendered":"https:\/\/www.fenxifiber.com\/?post_type=product&#038;p=709"},"modified":"2026-02-04T01:38:09","modified_gmt":"2026-02-04T01:38:09","slug":"lc-upc-lc-upc-zirhli","status":"publish","type":"product","link":"https:\/\/www.fenxifiber.com\/tr\/product\/lc-upc-lc-upc-armoured\/","title":{"rendered":"LC\/UPC-LC\/UPC Z\u0131rhl\u0131 Tek Modlu Fiber Optik Yama Kablosu"},"content":{"rendered":"<h3 data-start=\"745\" data-end=\"809\"><strong data-start=\"749\" data-end=\"809\">Bu Z\u0131rhl\u0131 LC-LC Kablo Neden Ak\u0131ll\u0131 Bir Kaynak Se\u00e7imi?<\/strong><\/h3>\n<p data-start=\"811\" data-end=\"1019\">LC konnekt\u00f6rler bask\u0131n <strong data-start=\"834\" data-end=\"878\">SFP+, QSFP ve modern al\u0131c\u0131-verici ba\u011flant\u0131 noktalar\u0131<\/strong>, Bu da LC-LC'yi <strong data-start=\"897\" data-end=\"919\">standart aray\u00fcz<\/strong> y\u00fcksek yo\u011funluklu fiber a\u011flar i\u00e7in.<br data-start=\"952\" data-end=\"955\" \/>Bir ekleme yaparak <strong data-start=\"968\" data-end=\"985\">z\u0131rhl\u0131 t\u00fcp<\/strong>, bu kablo a\u015fa\u011f\u0131dakiler i\u00e7in uygun hale gelir:<\/p>\n<ul data-start=\"1021\" data-end=\"1173\">\n<li data-start=\"1021\" data-end=\"1051\">\n<p data-start=\"1023\" data-end=\"1051\"><strong data-start=\"1023\" data-end=\"1051\">D\u0131\u015f mekan telekom kabinleri<\/strong><\/p>\n<\/li>\n<li data-start=\"1052\" data-end=\"1085\">\n<p data-start=\"1054\" data-end=\"1085\"><strong data-start=\"1054\" data-end=\"1085\">Kablo kanallar\u0131 ve zemin kanallar\u0131<\/strong><\/p>\n<\/li>\n<li data-start=\"1086\" data-end=\"1117\">\n<p data-start=\"1088\" data-end=\"1117\"><strong data-start=\"1088\" data-end=\"1117\">FTTH ve FTTx da\u011f\u0131t\u0131mlar\u0131<\/strong><\/p>\n<\/li>\n<li data-start=\"1118\" data-end=\"1143\">\n<p data-start=\"1120\" data-end=\"1143\"><strong data-start=\"1120\" data-end=\"1143\">End\u00fcstriyel Ethernet<\/strong><\/p>\n<\/li>\n<li data-start=\"1144\" data-end=\"1173\">\n<p data-start=\"1146\" data-end=\"1173\"><strong data-start=\"1146\" data-end=\"1173\">Y\u00fcksek de\u011ferli fiber rotalar<\/strong><\/p>\n<\/li>\n<\/ul>\n<p data-start=\"1175\" data-end=\"1355\">Z\u0131rhl\u0131 tasar\u0131m a\u015fa\u011f\u0131dakileri \u00f6nler <strong data-start=\"1204\" data-end=\"1272\">ezilme, kemirgen hasar\u0131, b\u00fck\u00fclme hatas\u0131 ve kazara \u00e7ekme<\/strong>, azalt\u0131lmas\u0131 <strong data-start=\"1283\" data-end=\"1324\">a\u011f kesinti s\u00fcresi ve bak\u0131m maliyeti<\/strong> entegrat\u00f6rler ve operat\u00f6rler i\u00e7in.<\/p>\n<hr data-start=\"1357\" data-end=\"1360\" \/>\n<h3 data-start=\"1362\" data-end=\"1394\"><strong data-start=\"1366\" data-end=\"1394\">Teknik \u00d6zellikler<\/strong><\/h3>\n<div class=\"TyagGW_tableContainer\">\n<div class=\"group TyagGW_tableWrapper flex flex-col-reverse w-fit\" tabindex=\"-1\">\n<table class=\"w-fit min-w-(--thread-content-width)\" data-start=\"1396\" data-end=\"1906\">\n<thead data-start=\"1396\" data-end=\"1434\">\n<tr data-start=\"1396\" data-end=\"1434\">\n<th class=\"\" data-start=\"1396\" data-end=\"1408\" data-col-size=\"sm\">Parametre<\/th>\n<th class=\"\" data-start=\"1408\" data-end=\"1434\" data-col-size=\"md\">LC\/UPC-LC\/UPC Z\u0131rhl\u0131<\/th>\n<\/tr>\n<\/thead>\n<tbody data-start=\"1463\" data-end=\"1906\">\n<tr data-start=\"1463\" data-end=\"1506\">\n<td data-start=\"1463\" data-end=\"1476\" data-col-size=\"sm\">Elyaf Tipi<\/td>\n<td data-start=\"1476\" data-end=\"1506\" data-col-size=\"md\">Tek modlu OS2 (9\/125 \u03bcm)<\/td>\n<\/tr>\n<tr data-start=\"1507\" data-end=\"1548\">\n<td data-start=\"1507\" data-end=\"1524\" data-col-size=\"sm\">Konekt\u00f6r Tipi<\/td>\n<td data-start=\"1524\" data-end=\"1548\" data-col-size=\"md\">LC \/ UPC'den LC \/ UPC'ye<\/td>\n<\/tr>\n<tr data-start=\"1549\" data-end=\"1616\">\n<td data-start=\"1549\" data-end=\"1567\" data-col-size=\"sm\">Kablo Yap\u0131s\u0131<\/td>\n<td data-start=\"1567\" data-end=\"1616\" data-col-size=\"md\">Metal z\u0131rhl\u0131 (\u00e7elik veya al\u00fcminyum ala\u015f\u0131ml\u0131 boru)<\/td>\n<\/tr>\n<tr data-start=\"1617\" data-end=\"1661\">\n<td data-start=\"1617\" data-end=\"1640\" data-col-size=\"sm\">\u00c7al\u0131\u015fma Dalga Boyu<\/td>\n<td data-start=\"1640\" data-end=\"1661\" data-col-size=\"md\">1310 nm \/ 1550 nm<\/td>\n<\/tr>\n<tr data-start=\"1662\" data-end=\"1692\">\n<td data-start=\"1662\" data-end=\"1679\" data-col-size=\"sm\">Ekleme Kayb\u0131<\/td>\n<td data-start=\"1679\" data-end=\"1692\" data-col-size=\"md\">\u2264 0,30 dB<\/td>\n<\/tr>\n<tr data-start=\"1693\" data-end=\"1718\">\n<td data-start=\"1693\" data-end=\"1707\" data-col-size=\"sm\">Geri D\u00f6n\u00fc\u015f Kayb\u0131<\/td>\n<td data-start=\"1707\" data-end=\"1718\" data-col-size=\"md\">\u2265 50 dB<\/td>\n<\/tr>\n<tr data-start=\"1719\" data-end=\"1779\">\n<td data-start=\"1719\" data-end=\"1738\" data-col-size=\"sm\">\u00c7ekme Dayan\u0131m\u0131<\/td>\n<td data-start=\"1738\" data-end=\"1779\" data-col-size=\"md\">Standart patch cordlardan \u00e7ok daha y\u00fcksek<\/td>\n<\/tr>\n<tr data-start=\"1780\" data-end=\"1826\">\n<td data-start=\"1780\" data-end=\"1802\" data-col-size=\"sm\">Minimum B\u00fck\u00fclme Yar\u0131\u00e7ap\u0131<\/td>\n<td data-start=\"1802\" data-end=\"1826\" data-col-size=\"md\">\u2265 10\u00d7 kablo \u00e7ap\u0131<\/td>\n<\/tr>\n<tr data-start=\"1827\" data-end=\"1863\">\n<td data-start=\"1827\" data-end=\"1844\" data-col-size=\"sm\">Ceket Se\u00e7enekleri<\/td>\n<td data-start=\"1844\" data-end=\"1863\" data-col-size=\"md\">LSZH \/ PE \/ PVC<\/td>\n<\/tr>\n<tr data-start=\"1864\" data-end=\"1906\">\n<td data-start=\"1864\" data-end=\"1877\" data-col-size=\"sm\">Uyumluluk<\/td>\n<td data-start=\"1877\" data-end=\"1906\" data-col-size=\"md\">IEC, TIA-568, RoHS, REACH<\/td>\n<\/tr>\n<\/tbody>\n<\/table>\n<\/div>\n<\/div>\n<hr data-start=\"1908\" data-end=\"1911\" \/>\n<h3 data-start=\"1913\" data-end=\"1965\"><strong data-start=\"1917\" data-end=\"1965\">Toptan Sat\u0131\u015f, OEM ve Proje Tedariki i\u00e7in Tasarland\u0131<\/strong><\/h3>\n<p data-start=\"1967\" data-end=\"2016\">Bu LC-LC z\u0131rhl\u0131 yama kablosu yayg\u0131n olarak kullan\u0131lmaktad\u0131r:<\/p>\n<ul data-start=\"2018\" data-end=\"2186\">\n<li data-start=\"2018\" data-end=\"2044\">\n<p data-start=\"2020\" data-end=\"2044\"><strong data-start=\"2020\" data-end=\"2044\">Telekom distrib\u00fct\u00f6rleri<\/strong><\/p>\n<\/li>\n<li data-start=\"2045\" data-end=\"2077\">\n<p data-start=\"2047\" data-end=\"2077\"><strong data-start=\"2047\" data-end=\"2077\">A\u011f sistemi entegrat\u00f6rleri<\/strong><\/p>\n<\/li>\n<li data-start=\"2078\" data-end=\"2109\">\n<p data-start=\"2080\" data-end=\"2109\"><strong data-start=\"2080\" data-end=\"2109\">FTTH ve FTTx y\u00fcklenicileri<\/strong><\/p>\n<\/li>\n<li data-start=\"2110\" data-end=\"2150\">\n<p data-start=\"2112\" data-end=\"2150\"><strong data-start=\"2112\" data-end=\"2150\">End\u00fcstriyel ileti\u015fim tedarik\u00e7ileri<\/strong><\/p>\n<\/li>\n<li data-start=\"2151\" data-end=\"2186\">\n<p data-start=\"2153\" data-end=\"2186\"><strong data-start=\"2153\" data-end=\"2186\">\u0130hracat\u00e7\u0131lar ve tedarik acenteleri<\/strong><\/p>\n<\/li>\n<\/ul>\n<p data-start=\"2188\" data-end=\"2199\">Destekliyoruz:<\/p>\n<ul data-start=\"2200\" data-end=\"2341\">\n<li data-start=\"2200\" data-end=\"2217\">\n<p data-start=\"2202\" data-end=\"2217\"><strong data-start=\"2202\" data-end=\"2217\">Toplu sipari\u015fler<\/strong><\/p>\n<\/li>\n<li data-start=\"2218\" data-end=\"2236\">\n<p data-start=\"2220\" data-end=\"2236\"><strong data-start=\"2220\" data-end=\"2236\">Esnek Adedi<\/strong><\/p>\n<\/li>\n<li data-start=\"2237\" data-end=\"2257\">\n<p data-start=\"2239\" data-end=\"2257\"><strong data-start=\"2239\" data-end=\"2257\">\u00d6zel uzunluklar<\/strong><\/p>\n<\/li>\n<li data-start=\"2258\" data-end=\"2282\">\n<p data-start=\"2260\" data-end=\"2282\"><strong data-start=\"2260\" data-end=\"2282\">OEM \/ ODM markalama<\/strong><\/p>\n<\/li>\n<li data-start=\"2283\" data-end=\"2311\">\n<p data-start=\"2285\" data-end=\"2311\"><strong data-start=\"2285\" data-end=\"2311\">Fabrika do\u011frudan fiyatland\u0131rmas\u0131<\/strong><\/p>\n<\/li>\n<li data-start=\"2312\" data-end=\"2341\">\n<p data-start=\"2314\" data-end=\"2341\"><strong data-start=\"2314\" data-end=\"2341\">K\u00fcresel ihracat lojisti\u011fi<\/strong><\/p>\n<\/li>\n<\/ul>\n<p data-start=\"2343\" data-end=\"2513\">Olarak <strong data-start=\"2348\" data-end=\"2402\">profesyonel fiber optik \u00fcreticisi ve tedarik\u00e7isi<\/strong>, yard\u0131m ediyoruz <strong data-start=\"2412\" data-end=\"2452\">toptanc\u0131lar, acenteler ve entegrat\u00f6rler<\/strong> ile projeler kazan\u0131n <strong data-start=\"2471\" data-end=\"2512\">g\u00fcvenilir kalite ve rekabet\u00e7i maliyet<\/strong>.<\/p>\n<hr data-start=\"2515\" data-end=\"2518\" \/>\n<h3 data-start=\"2520\" data-end=\"2554\"><strong data-start=\"2524\" data-end=\"2554\">Neden OS2 Tek Modlu Fiber?<\/strong><\/h3>\n<p data-start=\"2556\" data-end=\"2647\">OS2 fiber, a\u015fa\u011f\u0131dakiler i\u00e7in k\u00fcresel standartt\u0131r <strong data-start=\"2593\" data-end=\"2634\">uzun mesafe ve y\u00fcksek h\u0131zl\u0131 a\u011flar<\/strong>, destekliyor:<\/p>\n<ul data-start=\"2649\" data-end=\"2774\">\n<li data-start=\"2649\" data-end=\"2678\">\n<p data-start=\"2651\" data-end=\"2678\"><strong data-start=\"2651\" data-end=\"2678\">10G \/ 25G \/ 40G \/ 100G+<\/strong><\/p>\n<\/li>\n<li data-start=\"2679\" data-end=\"2703\">\n<p data-start=\"2681\" data-end=\"2703\"><strong data-start=\"2681\" data-end=\"2703\">FTTH &amp; PON sistemleri<\/strong><\/p>\n<\/li>\n<li data-start=\"2704\" data-end=\"2737\">\n<p data-start=\"2706\" data-end=\"2737\"><strong data-start=\"2706\" data-end=\"2737\">Metro ve omurga a\u011flar\u0131<\/strong><\/p>\n<\/li>\n<li data-start=\"2738\" data-end=\"2774\">\n<p data-start=\"2740\" data-end=\"2774\"><strong data-start=\"2740\" data-end=\"2774\">1310 nm ve 1550 nm iletim<\/strong><\/p>\n<\/li>\n<\/ul>\n<p data-start=\"2776\" data-end=\"2856\">ile birlikte <strong data-start=\"2790\" data-end=\"2813\">z\u0131rhl\u0131 koruma<\/strong>, teslim eder <strong data-start=\"2827\" data-end=\"2855\">ta\u015f\u0131y\u0131c\u0131 s\u0131n\u0131f\u0131 dayan\u0131kl\u0131l\u0131k<\/strong>.<\/p>\n<hr data-start=\"2858\" data-end=\"2861\" \/>\n<h2 data-start=\"2863\" data-end=\"2886\"><strong data-start=\"2866\" data-end=\"2886\">Profesyonel Soru-Cevap<\/strong><\/h2>\n<p data-start=\"2888\" data-end=\"3088\"><strong data-start=\"2888\" data-end=\"2953\">S1: Bu d\u0131\u015f mekan veya zemin kanal\u0131 kurulumlar\u0131 i\u00e7in uygun mu?<\/strong><br data-start=\"2953\" data-end=\"2956\" \/>Evet. <strong data-start=\"2965\" data-end=\"2987\">z\u0131rhl\u0131 yap\u0131<\/strong> kar\u015f\u0131 korur <strong data-start=\"3005\" data-end=\"3039\">ezme, kemirgenler ve \u00e7ekme<\/strong>, Bu da onu zorlu y\u00f6nlendirme ortamlar\u0131 i\u00e7in ideal hale getirir.<\/p>\n<p data-start=\"3090\" data-end=\"3230\"><strong data-start=\"3090\" data-end=\"3151\">S2: Bu OEM veya distrib\u00fct\u00f6r markas\u0131 i\u00e7in tedarik edilebilir mi?<\/strong><br data-start=\"3151\" data-end=\"3154\" \/>Evet. Biz teklif ediyoruz <strong data-start=\"3168\" data-end=\"3229\">OEM, ODM, \u00f6zel etiketleme ve toplu toptan \u00fcretim<\/strong>.<\/p>\n<p data-start=\"3232\" data-end=\"3395\"><strong data-start=\"3232\" data-end=\"3291\">S3: Bu kabloyu tipik olarak ne t\u00fcr m\u00fc\u015fteriler tedarik ediyor?<\/strong><br data-start=\"3291\" data-end=\"3294\" \/><strong data-start=\"3294\" data-end=\"3370\">Telekom operat\u00f6rleri, entegrat\u00f6rler, FTTH y\u00fcklenicileri ve fiber da\u011f\u0131t\u0131c\u0131lar\u0131<\/strong> yayg\u0131n olarak bu modeli kullanmaktad\u0131r.<\/p>\n<p data-start=\"3397\" data-end=\"3530\"><strong data-start=\"3397\" data-end=\"3442\">S4: Toptan sipari\u015fler i\u00e7in MOQ nedir?<\/strong><br data-start=\"3442\" data-end=\"3445\" \/>Adedi <strong data-start=\"3452\" data-end=\"3464\">esnek<\/strong>, desteklemek <strong data-start=\"3477\" data-end=\"3529\">k\u00fc\u00e7\u00fck deneme sipari\u015fleri ve b\u00fcy\u00fck proje tedariki<\/strong>.<\/p>","protected":false},"excerpt":{"rendered":"<p data-start=\"66\" data-end=\"332\">Bu <strong data-start=\"70\" data-end=\"107\">LC\/UPC-LC\/UPC Z\u0131rhl\u0131 yama kablosu<\/strong> bir <strong data-start=\"113\" data-end=\"169\">ta\u015f\u0131y\u0131c\u0131 s\u0131n\u0131f\u0131, y\u00fcksek yo\u011funluklu tek modlu fiber jumper<\/strong> i\u00e7in tasarlanm\u0131\u015ft\u0131r <strong data-start=\"183\" data-end=\"265\">veri merkezleri, telekom a\u011flar\u0131, d\u0131\u015f mekan kabinleri ve end\u00fcstriyel fiber sistemleri<\/strong> gerektiren <strong data-start=\"279\" data-end=\"329\">hem optik hassasiyet hem de fiziksel koruma<\/strong>.<\/p>\n<p data-start=\"334\" data-end=\"566\">ile <strong data-start=\"339\" data-end=\"373\">Her iki u\u00e7ta LC\/UPC konekt\u00f6rler<\/strong> ve bir <strong data-start=\"380\" data-end=\"414\">metal z\u0131rhl\u0131 kablo yap\u0131s\u0131<\/strong>, bu model \u015funlar\u0131 sunar <strong data-start=\"436\" data-end=\"468\">istikrarl\u0131 d\u00fc\u015f\u00fck kay\u0131pl\u0131 iletim<\/strong> hayatta kal\u0131rken <strong data-start=\"485\" data-end=\"518\">zorlu kurulum ko\u015fullar\u0131<\/strong> Bu da standart ba\u011flant\u0131 kablolar\u0131na h\u0131zla zarar verebilir.<\/p>\n<p data-start=\"568\" data-end=\"738\">Olarak <strong data-start=\"573\" data-end=\"627\">do\u011frudan fabrika \u00fcreticisi ve toptan tedarik\u00e7isi<\/strong>, i\u00e7in bu \u00fcr\u00fcn\u00fc sa\u011fl\u0131yoruz <strong data-start=\"657\" data-end=\"727\">OEM, ODM, distrib\u00fct\u00f6r, sistem entegrat\u00f6r\u00fc ve toplu ihracat projeleri<\/strong> D\u00fcnya \u00e7ap\u0131nda.<\/p>","protected":false},"featured_media":710,"comment_status":"open","ping_status":"closed","template":"","meta":[],"product_brand":[],"product_cat":[44],"product_tag":[],"class_list":{"0":"post-709","1":"product","2":"type-product","3":"status-publish","4":"has-post-thumbnail","6":"product_cat-multimode-fiber-optic-patch-cord","8":"first","9":"instock","10":"shipping-taxable","11":"product-type-simple"},"_links":{"self":[{"href":"https:\/\/www.fenxifiber.com\/tr\/wp-json\/wp\/v2\/product\/709","targetHints":{"allow":["GET"]}}],"collection":[{"href":"https:\/\/www.fenxifiber.com\/tr\/wp-json\/wp\/v2\/product"}],"about":[{"href":"https:\/\/www.fenxifiber.com\/tr\/wp-json\/wp\/v2\/types\/product"}],"replies":[{"embeddable":true,"href":"https:\/\/www.fenxifiber.com\/tr\/wp-json\/wp\/v2\/comments?post=709"}],"wp:featuredmedia":[{"embeddable":true,"href":"https:\/\/www.fenxifiber.com\/tr\/wp-json\/wp\/v2\/media\/710"}],"wp:attachment":[{"href":"https:\/\/www.fenxifiber.com\/tr\/wp-json\/wp\/v2\/media?parent=709"}],"wp:term":[{"taxonomy":"product_brand","embeddable":true,"href":"https:\/\/www.fenxifiber.com\/tr\/wp-json\/wp\/v2\/product_brand?post=709"},{"taxonomy":"product_cat","embeddable":true,"href":"https:\/\/www.fenxifiber.com\/tr\/wp-json\/wp\/v2\/product_cat?post=709"},{"taxonomy":"product_tag","embeddable":true,"href":"https:\/\/www.fenxifiber.com\/tr\/wp-json\/wp\/v2\/product_tag?post=709"}],"curies":[{"name":"wp","href":"https:\/\/api.w.org\/{rel}","templated":true}]}}