{"id":711,"date":"2026-02-03T07:26:58","date_gmt":"2026-02-03T07:26:58","guid":{"rendered":"https:\/\/www.fenxifiber.com\/?post_type=product&#038;p=711"},"modified":"2026-02-04T01:38:47","modified_gmt":"2026-02-04T01:38:47","slug":"sc-upc-lc-upc-zirhli","status":"publish","type":"product","link":"https:\/\/www.fenxifiber.com\/tr\/product\/sc-upc-lc-upc-armoured\/","title":{"rendered":"SC\/UPC-LC\/UPC Z\u0131rhl\u0131 Tek Modlu Fiber Optik Yama Kablosu"},"content":{"rendered":"<h3 data-start=\"854\" data-end=\"903\"><strong data-start=\"858\" data-end=\"903\">Z\u0131rhl\u0131 Bir Tasar\u0131mda LC i\u00e7in Neden SC'yi Se\u00e7melisiniz?<\/strong><\/h3>\n<p data-start=\"905\" data-end=\"1119\">SC konekt\u00f6rler yayg\u0131n olarak \u015fu alanlarda kullan\u0131l\u0131r <strong data-start=\"938\" data-end=\"963\">ODF'ler ve patch paneller<\/strong>, sunan bir <strong data-start=\"976\" data-end=\"1010\">g\u00fc\u00e7l\u00fc mandal ve kolay kullan\u0131m<\/strong>.<br data-start=\"1011\" data-end=\"1014\" \/>LC konnekt\u00f6rler bask\u0131n <strong data-start=\"1037\" data-end=\"1081\">SFP+, QSFP ve modern al\u0131c\u0131-verici ba\u011flant\u0131 noktalar\u0131<\/strong>, etkinle\u015ftirme <strong data-start=\"1092\" data-end=\"1118\">y\u00fcksek yo\u011funluklu anahtarlama<\/strong>.<\/p>\n<p data-start=\"1121\" data-end=\"1332\">Birle\u015ftirerek <strong data-start=\"1134\" data-end=\"1154\">SC-LC aray\u00fczleri<\/strong> ile <strong data-start=\"1160\" data-end=\"1183\">z\u0131rhl\u0131 koruma<\/strong>, bu yama kablosu entegrat\u00f6rlerin ve operat\u00f6rlerin <strong data-start=\"1237\" data-end=\"1331\">OS2 fiberini fiziksel hasar veya sinyal kayb\u0131 riski olmadan ger\u00e7ek d\u00fcnya ortamlar\u0131nda da\u011f\u0131t\u0131n<\/strong>.<\/p>\n<hr data-start=\"1334\" data-end=\"1337\" \/>\n<h3 data-start=\"1339\" data-end=\"1371\"><strong data-start=\"1343\" data-end=\"1371\">Teknik \u00d6zellikler<\/strong><\/h3>\n<div class=\"TyagGW_tableContainer\">\n<div class=\"group TyagGW_tableWrapper flex flex-col-reverse w-fit\" tabindex=\"-1\">\n<table class=\"w-fit min-w-(--thread-content-width)\" data-start=\"1373\" data-end=\"1894\">\n<thead data-start=\"1373\" data-end=\"1411\">\n<tr data-start=\"1373\" data-end=\"1411\">\n<th class=\"\" data-start=\"1373\" data-end=\"1385\" data-col-size=\"sm\">Parametre<\/th>\n<th class=\"\" data-start=\"1385\" data-end=\"1411\" data-col-size=\"md\">SC\/UPC-LC\/UPC Z\u0131rhl\u0131<\/th>\n<\/tr>\n<\/thead>\n<tbody data-start=\"1440\" data-end=\"1894\">\n<tr data-start=\"1440\" data-end=\"1483\">\n<td data-start=\"1440\" data-end=\"1453\" data-col-size=\"sm\">Elyaf Tipi<\/td>\n<td data-start=\"1453\" data-end=\"1483\" data-col-size=\"md\">Tek modlu OS2 (9\/125 \u03bcm)<\/td>\n<\/tr>\n<tr data-start=\"1484\" data-end=\"1510\">\n<td data-start=\"1484\" data-end=\"1498\" data-col-size=\"sm\">Konekt\u00f6r A<\/td>\n<td data-start=\"1498\" data-end=\"1510\" data-col-size=\"md\">SC \/ UPC<\/td>\n<\/tr>\n<tr data-start=\"1511\" data-end=\"1537\">\n<td data-start=\"1511\" data-end=\"1525\" data-col-size=\"sm\">Konekt\u00f6r B<\/td>\n<td data-start=\"1525\" data-end=\"1537\" data-col-size=\"md\">LC \/ UPC<\/td>\n<\/tr>\n<tr data-start=\"1538\" data-end=\"1605\">\n<td data-start=\"1538\" data-end=\"1556\" data-col-size=\"sm\">Kablo Yap\u0131s\u0131<\/td>\n<td data-start=\"1556\" data-end=\"1605\" data-col-size=\"md\">Metal z\u0131rhl\u0131 (\u00e7elik veya al\u00fcminyum ala\u015f\u0131ml\u0131 boru)<\/td>\n<\/tr>\n<tr data-start=\"1606\" data-end=\"1650\">\n<td data-start=\"1606\" data-end=\"1629\" data-col-size=\"sm\">\u00c7al\u0131\u015fma Dalga Boyu<\/td>\n<td data-start=\"1629\" data-end=\"1650\" data-col-size=\"md\">1310 nm \/ 1550 nm<\/td>\n<\/tr>\n<tr data-start=\"1651\" data-end=\"1681\">\n<td data-start=\"1651\" data-end=\"1668\" data-col-size=\"sm\">Ekleme Kayb\u0131<\/td>\n<td data-start=\"1668\" data-end=\"1681\" data-col-size=\"md\">\u2264 0,30 dB<\/td>\n<\/tr>\n<tr data-start=\"1682\" data-end=\"1707\">\n<td data-start=\"1682\" data-end=\"1696\" data-col-size=\"sm\">Geri D\u00f6n\u00fc\u015f Kayb\u0131<\/td>\n<td data-start=\"1696\" data-end=\"1707\" data-col-size=\"md\">\u2265 50 dB<\/td>\n<\/tr>\n<tr data-start=\"1708\" data-end=\"1768\">\n<td data-start=\"1708\" data-end=\"1727\" data-col-size=\"sm\">\u00c7ekme Dayan\u0131m\u0131<\/td>\n<td data-start=\"1727\" data-end=\"1768\" data-col-size=\"md\">Standart patch cordlardan \u00e7ok daha y\u00fcksek<\/td>\n<\/tr>\n<tr data-start=\"1769\" data-end=\"1815\">\n<td data-start=\"1769\" data-end=\"1791\" data-col-size=\"sm\">Minimum B\u00fck\u00fclme Yar\u0131\u00e7ap\u0131<\/td>\n<td data-start=\"1791\" data-end=\"1815\" data-col-size=\"md\">\u2265 10\u00d7 kablo \u00e7ap\u0131<\/td>\n<\/tr>\n<tr data-start=\"1816\" data-end=\"1852\">\n<td data-start=\"1816\" data-end=\"1833\" data-col-size=\"sm\">Ceket Se\u00e7enekleri<\/td>\n<td data-start=\"1833\" data-end=\"1852\" data-col-size=\"md\">LSZH \/ PE \/ PVC<\/td>\n<\/tr>\n<tr data-start=\"1853\" data-end=\"1894\">\n<td data-start=\"1853\" data-end=\"1865\" data-col-size=\"sm\">Standartlar<\/td>\n<td data-start=\"1865\" data-end=\"1894\" data-col-size=\"md\">IEC, TIA-568, RoHS, REACH<\/td>\n<\/tr>\n<\/tbody>\n<\/table>\n<\/div>\n<\/div>\n<hr data-start=\"1896\" data-end=\"1899\" \/>\n<h3 data-start=\"1901\" data-end=\"1950\"><strong data-start=\"1905\" data-end=\"1950\">Toptan Sat\u0131\u015f, OEM ve Proje Tedariki i\u00e7in \u00dcretildi<\/strong><\/h3>\n<p data-start=\"1952\" data-end=\"1984\">Bu model yayg\u0131n olarak \u015fu kaynaklardan temin edilmektedir:<\/p>\n<ul data-start=\"1986\" data-end=\"2161\">\n<li data-start=\"1986\" data-end=\"2012\">\n<p data-start=\"1988\" data-end=\"2012\"><strong data-start=\"1988\" data-end=\"2012\">Telekom distrib\u00fct\u00f6rleri<\/strong><\/p>\n<\/li>\n<li data-start=\"2013\" data-end=\"2045\">\n<p data-start=\"2015\" data-end=\"2045\"><strong data-start=\"2015\" data-end=\"2045\">A\u011f sistemi entegrat\u00f6rleri<\/strong><\/p>\n<\/li>\n<li data-start=\"2046\" data-end=\"2077\">\n<p data-start=\"2048\" data-end=\"2077\"><strong data-start=\"2048\" data-end=\"2077\">FTTH ve FTTx y\u00fcklenicileri<\/strong><\/p>\n<\/li>\n<li data-start=\"2078\" data-end=\"2118\">\n<p data-start=\"2080\" data-end=\"2118\"><strong data-start=\"2080\" data-end=\"2118\">End\u00fcstriyel ileti\u015fim tedarik\u00e7ileri<\/strong><\/p>\n<\/li>\n<li data-start=\"2119\" data-end=\"2161\">\n<p data-start=\"2121\" data-end=\"2161\"><strong data-start=\"2121\" data-end=\"2161\">\u0130hracat\u00e7\u0131lar ve k\u00fcresel tedarik acenteleri<\/strong><\/p>\n<\/li>\n<\/ul>\n<p data-start=\"2163\" data-end=\"2174\">Destekliyoruz:<\/p>\n<ul data-start=\"2175\" data-end=\"2323\">\n<li data-start=\"2175\" data-end=\"2192\">\n<p data-start=\"2177\" data-end=\"2192\"><strong data-start=\"2177\" data-end=\"2192\">Toplu sipari\u015fler<\/strong><\/p>\n<\/li>\n<li data-start=\"2193\" data-end=\"2211\">\n<p data-start=\"2195\" data-end=\"2211\"><strong data-start=\"2195\" data-end=\"2211\">Esnek Adedi<\/strong><\/p>\n<\/li>\n<li data-start=\"2212\" data-end=\"2236\">\n<p data-start=\"2214\" data-end=\"2236\"><strong data-start=\"2214\" data-end=\"2236\">OEM \/ ODM markalama<\/strong><\/p>\n<\/li>\n<li data-start=\"2237\" data-end=\"2269\">\n<p data-start=\"2239\" data-end=\"2269\"><strong data-start=\"2239\" data-end=\"2269\">\u00d6zel boylar ve paketleme<\/strong><\/p>\n<\/li>\n<li data-start=\"2270\" data-end=\"2298\">\n<p data-start=\"2272\" data-end=\"2298\"><strong data-start=\"2272\" data-end=\"2298\">Fabrika do\u011frudan fiyatland\u0131rmas\u0131<\/strong><\/p>\n<\/li>\n<li data-start=\"2299\" data-end=\"2323\">\n<p data-start=\"2301\" data-end=\"2323\"><strong data-start=\"2301\" data-end=\"2323\">H\u0131zl\u0131 k\u00fcresel ihracat<\/strong><\/p>\n<\/li>\n<\/ul>\n<hr data-start=\"2325\" data-end=\"2328\" \/>\n<h3 data-start=\"2330\" data-end=\"2376\"><strong data-start=\"2334\" data-end=\"2376\">OS2 Tek Modlu + Z\u0131rhl\u0131 Neden \u00d6nemlidir?<\/strong><\/h3>\n<p data-start=\"2378\" data-end=\"2637\">OS2 fiber destekler <strong data-start=\"2397\" data-end=\"2438\">uzun mesafe ve y\u00fcksek h\u0131zl\u0131 a\u011flar<\/strong> (10G, 25G, 40G, 100G+).<br data-start=\"2462\" data-end=\"2465\" \/>ile birle\u015ftirildi\u011finde <strong data-start=\"2487\" data-end=\"2509\">z\u0131rhl\u0131 yap\u0131<\/strong>, bu bir <strong data-start=\"2524\" data-end=\"2548\">sahaya hazir \u00e7\u00f6z\u00fcm<\/strong> azaltan <strong data-start=\"2562\" data-end=\"2606\">k\u0131r\u0131lma, ar\u0131za s\u00fcresi ve bak\u0131m maliyeti<\/strong> operat\u00f6rler ve entegrat\u00f6rler i\u00e7in.<\/p>\n<hr data-start=\"2639\" data-end=\"2642\" \/>\n<h2 data-start=\"2644\" data-end=\"2667\"><strong data-start=\"2647\" data-end=\"2667\">Profesyonel SSS<\/strong><\/h2>\n<p data-start=\"2669\" data-end=\"2876\"><strong data-start=\"2669\" data-end=\"2729\">S1: Bu kablo d\u0131\u015f mekan telekom kabinleri i\u00e7in uygun mu?<\/strong><br data-start=\"2729\" data-end=\"2732\" \/>Evet. <strong data-start=\"2741\" data-end=\"2763\">z\u0131rhl\u0131 yap\u0131<\/strong> elyaf\u0131 a\u015fa\u011f\u0131dakilerden korur <strong data-start=\"2788\" data-end=\"2835\">ezilme, kemirgenler ve \u00e7evresel stres<\/strong>, Bu da onu d\u0131\u015f mekan muhafazalar\u0131 i\u00e7in ideal hale getirir.<\/p>\n<p data-start=\"2878\" data-end=\"3041\"><strong data-start=\"2878\" data-end=\"2928\">S2: Bu FTTH ve PON a\u011flar\u0131nda kullan\u0131labilir mi?<\/strong><br data-start=\"2928\" data-end=\"2931\" \/>Kesinlikle. Bu <strong data-start=\"2947\" data-end=\"2972\">OS2 tek modlu fiber<\/strong> ve <strong data-start=\"2977\" data-end=\"2994\">UPC parlatma<\/strong> destek <strong data-start=\"3003\" data-end=\"3040\">GPON, XG-PON ve XGS-PON sistemleri<\/strong>.<\/p>\n<p data-start=\"3043\" data-end=\"3197\"><strong data-start=\"3043\" data-end=\"3088\">S3: OEM veya \u00f6zel etiketleme mevcut mu?<\/strong><br data-start=\"3088\" data-end=\"3091\" \/>Evet. Biz sa\u011fl\u0131yoruz <strong data-start=\"3107\" data-end=\"3163\">OEM, ODM, \u00f6zel markalama ve \u00f6zelle\u015ftirilmi\u015f paketleme<\/strong> distrib\u00fct\u00f6rler ve entegrat\u00f6rler i\u00e7in.<\/p>\n<p data-start=\"3199\" data-end=\"3332\"><strong data-start=\"3199\" data-end=\"3247\">S4: Toplu sipari\u015fler i\u00e7in tipik MOQ nedir?<\/strong><br data-start=\"3247\" data-end=\"3250\" \/>Adedi <strong data-start=\"3257\" data-end=\"3269\">esnek<\/strong>, desteklemek <strong data-start=\"3282\" data-end=\"3331\">k\u00fc\u00e7\u00fck deneme sipari\u015fleri ve b\u00fcy\u00fck proje tedariki<\/strong>.<\/p>\n<p data-start=\"3334\" data-end=\"3493\"><strong data-start=\"3334\" data-end=\"3393\">S5: Z\u0131rhl\u0131 katman optik performans\u0131 etkiliyor mu?<\/strong><br data-start=\"3393\" data-end=\"3396\" \/>Hay\u0131r. Z\u0131rhlama <strong data-start=\"3423\" data-end=\"3453\">sadece mekanik koruma<\/strong> ve yapar <strong data-start=\"3463\" data-end=\"3492\">optik kayb\u0131 art\u0131rmaz<\/strong>.<\/p>\n<p data-start=\"3495\" data-end=\"3668\"><strong data-start=\"3495\" data-end=\"3549\">S6: Bu modeli genellikle ne t\u00fcr m\u00fc\u015fteriler sat\u0131n al\u0131yor?<\/strong><br data-start=\"3549\" data-end=\"3552\" \/>Genellikle \u015fu kaynaklardan temin edilir <strong data-start=\"3578\" data-end=\"3667\">telekom operat\u00f6rleri, FTTH y\u00fcklenicileri, sistem entegrat\u00f6rleri ve fiber optik da\u011f\u0131t\u0131c\u0131lar\u0131<\/strong>.<\/p>","protected":false},"excerpt":{"rendered":"<p data-start=\"66\" data-end=\"461\">Bu <strong data-start=\"70\" data-end=\"113\">SC\/UPC-LC\/UPC Z\u0131rhl\u0131 fiber ba\u011flant\u0131 kablosu<\/strong> bir <strong data-start=\"119\" data-end=\"172\">ta\u015f\u0131y\u0131c\u0131 s\u0131n\u0131f\u0131, y\u00fcksek dayan\u0131kl\u0131l\u0131\u011fa sahip tek modlu jumper<\/strong> i\u00e7in tasarlanm\u0131\u015ft\u0131r <strong data-start=\"186\" data-end=\"270\">telekom a\u011flar\u0131, veri merkezleri, FTTH sistemleri ve end\u00fcstriyel fiber kurulumlar\u0131<\/strong>. ile <strong data-start=\"279\" data-end=\"302\">sa\u011flam SC konekt\u00f6r\u00fc<\/strong> bir ucunda ve bir <strong data-start=\"320\" data-end=\"344\">kompakt LC konnekt\u00f6r<\/strong> di\u011fer yandan, bu kablo hem <strong data-start=\"384\" data-end=\"413\">g\u00fcvenli panel ba\u011flant\u0131s\u0131<\/strong> ve <strong data-start=\"418\" data-end=\"460\">y\u00fcksek yo\u011funluklu al\u0131c\u0131-verici uyumlulu\u011fu<\/strong>.<\/p>\n<p data-start=\"463\" data-end=\"695\">Bu <strong data-start=\"467\" data-end=\"501\">metal z\u0131rhl\u0131 kablo yap\u0131s\u0131<\/strong> kar\u015f\u0131 \u00fcst\u00fcn koruma sa\u011flar <strong data-start=\"539\" data-end=\"602\">ezilme, kemirgen hasar\u0131, keskin k\u0131vr\u0131mlar ve mekanik stres<\/strong>, i\u00e7in ideal hale getirir. <strong data-start=\"624\" data-end=\"694\">d\u0131\u015f mekan dolaplar\u0131, kablo kanallar\u0131 ve zorlu kurulum ortamlar\u0131<\/strong>.<\/p>","protected":false},"featured_media":712,"comment_status":"open","ping_status":"closed","template":"","meta":[],"product_brand":[],"product_cat":[44],"product_tag":[],"class_list":{"0":"post-711","1":"product","2":"type-product","3":"status-publish","4":"has-post-thumbnail","6":"product_cat-multimode-fiber-optic-patch-cord","8":"first","9":"instock","10":"shipping-taxable","11":"product-type-simple"},"_links":{"self":[{"href":"https:\/\/www.fenxifiber.com\/tr\/wp-json\/wp\/v2\/product\/711","targetHints":{"allow":["GET"]}}],"collection":[{"href":"https:\/\/www.fenxifiber.com\/tr\/wp-json\/wp\/v2\/product"}],"about":[{"href":"https:\/\/www.fenxifiber.com\/tr\/wp-json\/wp\/v2\/types\/product"}],"replies":[{"embeddable":true,"href":"https:\/\/www.fenxifiber.com\/tr\/wp-json\/wp\/v2\/comments?post=711"}],"wp:featuredmedia":[{"embeddable":true,"href":"https:\/\/www.fenxifiber.com\/tr\/wp-json\/wp\/v2\/media\/712"}],"wp:attachment":[{"href":"https:\/\/www.fenxifiber.com\/tr\/wp-json\/wp\/v2\/media?parent=711"}],"wp:term":[{"taxonomy":"product_brand","embeddable":true,"href":"https:\/\/www.fenxifiber.com\/tr\/wp-json\/wp\/v2\/product_brand?post=711"},{"taxonomy":"product_cat","embeddable":true,"href":"https:\/\/www.fenxifiber.com\/tr\/wp-json\/wp\/v2\/product_cat?post=711"},{"taxonomy":"product_tag","embeddable":true,"href":"https:\/\/www.fenxifiber.com\/tr\/wp-json\/wp\/v2\/product_tag?post=711"}],"curies":[{"name":"wp","href":"https:\/\/api.w.org\/{rel}","templated":true}]}}