{"id":713,"date":"2026-02-03T07:28:23","date_gmt":"2026-02-03T07:28:23","guid":{"rendered":"https:\/\/www.fenxifiber.com\/?post_type=product&#038;p=713"},"modified":"2026-02-04T01:39:19","modified_gmt":"2026-02-04T01:39:19","slug":"fc-apc-sc-apc-zirhli","status":"publish","type":"product","link":"https:\/\/www.fenxifiber.com\/tr\/product\/fc-apc-sc-apc-armoured\/","title":{"rendered":"FC\/APC-SC\/APC Z\u0131rhl\u0131 Tek Modlu Fiber Optik Yama Kablosu"},"content":{"rendered":"<h3 data-start=\"740\" data-end=\"790\"><strong data-start=\"744\" data-end=\"790\">Z\u0131rhl\u0131 Bir Tasar\u0131mda Neden FC\/APC'den SC\/APC'ye<\/strong><\/h3>\n<ul data-start=\"792\" data-end=\"1269\">\n<li data-start=\"792\" data-end=\"926\">\n<p data-start=\"794\" data-end=\"926\"><strong data-start=\"794\" data-end=\"804\">FC\/APC<\/strong> teklifler <strong data-start=\"812\" data-end=\"849\">di\u015fli, titre\u015fime dayan\u0131kl\u0131 kilitleme<\/strong>, i\u00e7in idealdir. <strong data-start=\"861\" data-end=\"923\">test ekipmanlar\u0131, telekom raflar\u0131 ve uzun vadeli ta\u015f\u0131y\u0131c\u0131 ba\u011flant\u0131lar\u0131<\/strong>.<\/p>\n<\/li>\n<li data-start=\"927\" data-end=\"1015\">\n<p data-start=\"929\" data-end=\"1015\"><strong data-start=\"929\" data-end=\"939\">SC\/APC<\/strong> i\u00e7in standart aray\u00fczd\u00fcr. <strong data-start=\"970\" data-end=\"1012\">ODF'ler, PON ay\u0131r\u0131c\u0131lar ve CATV headend'ler<\/strong>.<\/p>\n<\/li>\n<li data-start=\"1016\" data-end=\"1120\">\n<p data-start=\"1018\" data-end=\"1120\"><strong data-start=\"1018\" data-end=\"1046\">APC parlatma (8\u00b0 a\u00e7\u0131)<\/strong> teslim eder <strong data-start=\"1056\" data-end=\"1078\">geri d\u00f6n\u00fc\u015f kayb\u0131 \u226560 dB<\/strong>, yans\u0131ma ve lazer g\u00fcr\u00fclt\u00fcs\u00fcn\u00fc en aza indirir.<\/p>\n<\/li>\n<li data-start=\"1121\" data-end=\"1269\">\n<p data-start=\"1123\" data-end=\"1269\"><strong data-start=\"1123\" data-end=\"1141\">Z\u0131rhl\u0131 kablo<\/strong> kar\u015f\u0131 korur <strong data-start=\"1159\" data-end=\"1206\">ezme, \u00e7ekme, kemirgenler ve keskin virajlar<\/strong>, i\u00e7in m\u00fckemmel hale getirir. <strong data-start=\"1230\" data-end=\"1268\">d\u0131\u015f mekan ve end\u00fcstriyel da\u011f\u0131t\u0131mlar<\/strong>.<\/p>\n<\/li>\n<\/ul>\n<p data-start=\"1271\" data-end=\"1387\">Bu kombinasyon kabloyu bir <strong data-start=\"1306\" data-end=\"1386\">FTTH, GPON, XG-PON, XGS-PON ve RF-over-fiber a\u011flar i\u00e7in tercih edilen se\u00e7im<\/strong>.<\/p>\n<hr data-start=\"1389\" data-end=\"1392\" \/>\n<h3 data-start=\"1394\" data-end=\"1426\"><strong data-start=\"1398\" data-end=\"1426\">Teknik \u00d6zellikler<\/strong><\/h3>\n<div class=\"TyagGW_tableContainer\">\n<div class=\"group TyagGW_tableWrapper flex flex-col-reverse w-fit\" tabindex=\"-1\">\n<table class=\"w-fit min-w-(--thread-content-width)\" data-start=\"1428\" data-end=\"1978\">\n<thead data-start=\"1428\" data-end=\"1466\">\n<tr data-start=\"1428\" data-end=\"1466\">\n<th class=\"\" data-start=\"1428\" data-end=\"1440\" data-col-size=\"sm\">Parametre<\/th>\n<th class=\"\" data-start=\"1440\" data-end=\"1466\" data-col-size=\"sm\">FC\/APC-SC\/APC Z\u0131rhl\u0131<\/th>\n<\/tr>\n<\/thead>\n<tbody data-start=\"1495\" data-end=\"1978\">\n<tr data-start=\"1495\" data-end=\"1538\">\n<td data-start=\"1495\" data-end=\"1508\" data-col-size=\"sm\">Elyaf Tipi<\/td>\n<td data-start=\"1508\" data-end=\"1538\" data-col-size=\"sm\">Tek modlu OS2 (9\/125 \u03bcm)<\/td>\n<\/tr>\n<tr data-start=\"1539\" data-end=\"1565\">\n<td data-start=\"1539\" data-end=\"1553\" data-col-size=\"sm\">Konekt\u00f6r A<\/td>\n<td data-start=\"1553\" data-end=\"1565\" data-col-size=\"sm\">FC \/ APC<\/td>\n<\/tr>\n<tr data-start=\"1566\" data-end=\"1592\">\n<td data-start=\"1566\" data-end=\"1580\" data-col-size=\"sm\">Konekt\u00f6r B<\/td>\n<td data-start=\"1580\" data-end=\"1592\" data-col-size=\"sm\">SC \/ APC<\/td>\n<\/tr>\n<tr data-start=\"1593\" data-end=\"1626\">\n<td data-start=\"1593\" data-end=\"1607\" data-col-size=\"sm\">Leh\u00e7e Tipi<\/td>\n<td data-start=\"1607\" data-end=\"1626\" data-col-size=\"sm\">APC (8\u00b0 a\u00e7\u0131l\u0131)<\/td>\n<\/tr>\n<tr data-start=\"1627\" data-end=\"1688\">\n<td data-start=\"1627\" data-end=\"1645\" data-col-size=\"sm\">Kablo Yap\u0131s\u0131<\/td>\n<td data-start=\"1645\" data-end=\"1688\" data-col-size=\"sm\">Metal z\u0131rhl\u0131 (\u00e7elik veya al\u00fcminyum boru)<\/td>\n<\/tr>\n<tr data-start=\"1689\" data-end=\"1733\">\n<td data-start=\"1689\" data-end=\"1712\" data-col-size=\"sm\">\u00c7al\u0131\u015fma Dalga Boyu<\/td>\n<td data-start=\"1712\" data-end=\"1733\" data-col-size=\"sm\">1310 nm \/ 1550 nm<\/td>\n<\/tr>\n<tr data-start=\"1734\" data-end=\"1764\">\n<td data-start=\"1734\" data-end=\"1751\" data-col-size=\"sm\">Ekleme Kayb\u0131<\/td>\n<td data-start=\"1751\" data-end=\"1764\" data-col-size=\"sm\">\u2264 0,30 dB<\/td>\n<\/tr>\n<tr data-start=\"1765\" data-end=\"1790\">\n<td data-start=\"1765\" data-end=\"1779\" data-col-size=\"sm\">Geri D\u00f6n\u00fc\u015f Kayb\u0131<\/td>\n<td data-start=\"1779\" data-end=\"1790\" data-col-size=\"sm\">\u2265 60 dB<\/td>\n<\/tr>\n<tr data-start=\"1791\" data-end=\"1851\">\n<td data-start=\"1791\" data-end=\"1810\" data-col-size=\"sm\">\u00c7ekme Dayan\u0131m\u0131<\/td>\n<td data-start=\"1810\" data-end=\"1851\" data-col-size=\"sm\">Standart patch cordlardan \u00e7ok daha y\u00fcksek<\/td>\n<\/tr>\n<tr data-start=\"1852\" data-end=\"1898\">\n<td data-start=\"1852\" data-end=\"1874\" data-col-size=\"sm\">Minimum B\u00fck\u00fclme Yar\u0131\u00e7ap\u0131<\/td>\n<td data-start=\"1874\" data-end=\"1898\" data-col-size=\"sm\">\u2265 10\u00d7 kablo \u00e7ap\u0131<\/td>\n<\/tr>\n<tr data-start=\"1899\" data-end=\"1935\">\n<td data-start=\"1899\" data-end=\"1916\" data-col-size=\"sm\">Ceket Se\u00e7enekleri<\/td>\n<td data-start=\"1916\" data-end=\"1935\" data-col-size=\"sm\">LSZH \/ PE \/ PVC<\/td>\n<\/tr>\n<tr data-start=\"1936\" data-end=\"1978\">\n<td data-start=\"1936\" data-end=\"1949\" data-col-size=\"sm\">Uyumluluk<\/td>\n<td data-start=\"1949\" data-end=\"1978\" data-col-size=\"sm\">IEC, TIA-568, RoHS, REACH<\/td>\n<\/tr>\n<\/tbody>\n<\/table>\n<\/div>\n<\/div>\n<hr data-start=\"1980\" data-end=\"1983\" \/>\n<h3 data-start=\"1985\" data-end=\"2037\"><strong data-start=\"1989\" data-end=\"2037\">Toptan Sat\u0131\u015f, OEM ve Proje Tedariki i\u00e7in Tasarland\u0131<\/strong><\/h3>\n<p data-start=\"2039\" data-end=\"2071\">Bu model yayg\u0131n olarak \u015fu kaynaklardan temin edilmektedir:<\/p>\n<ul data-start=\"2073\" data-end=\"2243\">\n<li data-start=\"2073\" data-end=\"2108\">\n<p data-start=\"2075\" data-end=\"2108\"><strong data-start=\"2075\" data-end=\"2108\">Telekom ve CATV distrib\u00fct\u00f6rleri<\/strong><\/p>\n<\/li>\n<li data-start=\"2109\" data-end=\"2138\">\n<p data-start=\"2111\" data-end=\"2138\"><strong data-start=\"2111\" data-end=\"2138\">FTTH &amp; FTTx y\u00fcklenicileri<\/strong><\/p>\n<\/li>\n<li data-start=\"2139\" data-end=\"2163\">\n<p data-start=\"2141\" data-end=\"2163\"><strong data-start=\"2141\" data-end=\"2163\">Sistem entegrat\u00f6rleri<\/strong><\/p>\n<\/li>\n<li data-start=\"2164\" data-end=\"2197\">\n<p data-start=\"2166\" data-end=\"2197\"><strong data-start=\"2166\" data-end=\"2197\">A\u011f ekipman\u0131 tedarik\u00e7ileri<\/strong><\/p>\n<\/li>\n<li data-start=\"2198\" data-end=\"2243\">\n<p data-start=\"2200\" data-end=\"2243\"><strong data-start=\"2200\" data-end=\"2243\">K\u00fcresel ihracat\u00e7\u0131lar ve kaynak \u015firketleri<\/strong><\/p>\n<\/li>\n<\/ul>\n<p data-start=\"2245\" data-end=\"2256\">Destekliyoruz:<\/p>\n<ul data-start=\"2257\" data-end=\"2406\">\n<li data-start=\"2257\" data-end=\"2274\">\n<p data-start=\"2259\" data-end=\"2274\"><strong data-start=\"2259\" data-end=\"2274\">Toplu sipari\u015fler<\/strong><\/p>\n<\/li>\n<li data-start=\"2275\" data-end=\"2293\">\n<p data-start=\"2277\" data-end=\"2293\"><strong data-start=\"2277\" data-end=\"2293\">Esnek Adedi<\/strong><\/p>\n<\/li>\n<li data-start=\"2294\" data-end=\"2318\">\n<p data-start=\"2296\" data-end=\"2318\"><strong data-start=\"2296\" data-end=\"2318\">OEM \/ ODM markalama<\/strong><\/p>\n<\/li>\n<li data-start=\"2319\" data-end=\"2351\">\n<p data-start=\"2321\" data-end=\"2351\"><strong data-start=\"2321\" data-end=\"2351\">\u00d6zel boylar ve paketleme<\/strong><\/p>\n<\/li>\n<li data-start=\"2352\" data-end=\"2380\">\n<p data-start=\"2354\" data-end=\"2380\"><strong data-start=\"2354\" data-end=\"2380\">Fabrika do\u011frudan fiyatland\u0131rmas\u0131<\/strong><\/p>\n<\/li>\n<li data-start=\"2381\" data-end=\"2406\">\n<p data-start=\"2383\" data-end=\"2406\"><strong data-start=\"2383\" data-end=\"2406\">D\u00fcnya \u00e7ap\u0131nda lojistik<\/strong><\/p>\n<\/li>\n<\/ul>\n<hr data-start=\"2408\" data-end=\"2411\" \/>\n<h3 data-start=\"2413\" data-end=\"2464\"><strong data-start=\"2417\" data-end=\"2464\">APC + Armoured Neden Sekt\u00f6r Standard\u0131d\u0131r?<\/strong><\/h3>\n<p data-start=\"2466\" data-end=\"2552\">APC konekt\u00f6rleri b\u00fcy\u00fck \u00f6l\u00e7\u00fcde azalt\u0131r <strong data-start=\"2500\" data-end=\"2527\">optik geri yans\u0131ma<\/strong>, i\u00e7in gerekli olan:<\/p>\n<ul data-start=\"2553\" data-end=\"2642\">\n<li data-start=\"2553\" data-end=\"2563\">\n<p data-start=\"2555\" data-end=\"2563\"><strong data-start=\"2555\" data-end=\"2563\">CATV<\/strong><\/p>\n<\/li>\n<li data-start=\"2564\" data-end=\"2583\">\n<p data-start=\"2566\" data-end=\"2583\"><strong data-start=\"2566\" data-end=\"2583\">RF-over-fiber<\/strong><\/p>\n<\/li>\n<li data-start=\"2584\" data-end=\"2611\">\n<p data-start=\"2586\" data-end=\"2611\"><strong data-start=\"2586\" data-end=\"2611\">PON ve FTTx a\u011flar\u0131<\/strong><\/p>\n<\/li>\n<li data-start=\"2612\" data-end=\"2642\">\n<p data-start=\"2614\" data-end=\"2642\"><strong data-start=\"2614\" data-end=\"2642\">Y\u00fcksek g\u00fc\u00e7l\u00fc lazer sistemleri<\/strong><\/p>\n<\/li>\n<\/ul>\n<p data-start=\"2644\" data-end=\"2802\">Bu <strong data-start=\"2648\" data-end=\"2670\">z\u0131rhl\u0131 yap\u0131<\/strong> uzun vadeli g\u00fcvenilirlik sa\u011flar <strong data-start=\"2704\" data-end=\"2727\">saha kurulumlari<\/strong>, d\u00fc\u015f\u00fcrmek <strong data-start=\"2738\" data-end=\"2771\">bak\u0131m maliyeti ve ar\u0131za s\u00fcresi<\/strong> operat\u00f6rler ve entegrat\u00f6rler i\u00e7in.<\/p>\n<hr data-start=\"2804\" data-end=\"2807\" \/>\n<h2 data-start=\"2809\" data-end=\"2832\"><strong data-start=\"2812\" data-end=\"2832\">Profesyonel SSS<\/strong><\/h2>\n<p data-start=\"2834\" data-end=\"2965\"><strong data-start=\"2834\" data-end=\"2891\">S1: Bu kablo FTTH ve PON a\u011flar\u0131 i\u00e7in uygun mu?<\/strong><br data-start=\"2891\" data-end=\"2894\" \/>Evet, a\u015fa\u011f\u0131dakilerle tamamen uyumludur <strong data-start=\"2927\" data-end=\"2964\">GPON, XG-PON ve XGS-PON sistemleri<\/strong>.<\/p>\n<p data-start=\"2967\" data-end=\"3116\"><strong data-start=\"2967\" data-end=\"3018\">S2: APC konnekt\u00f6rleri UPC portlar\u0131 ile kar\u0131\u015ft\u0131r\u0131labilir mi?<\/strong><br data-start=\"3018\" data-end=\"3021\" \/>Hay\u0131r. <strong data-start=\"3025\" data-end=\"3060\">APC ve UPC asla kar\u0131\u015ft\u0131r\u0131lmamal\u0131d\u0131r<\/strong>-Bunu yapmak konekt\u00f6rlere zarar verebilir ve performans\u0131 d\u00fc\u015f\u00fcrebilir.<\/p>\n<p data-start=\"3118\" data-end=\"3239\"><strong data-start=\"3118\" data-end=\"3163\">S3: OEM veya \u00f6zel etiketleme mevcut mu?<\/strong><br data-start=\"3163\" data-end=\"3166\" \/>Evet. Biz sa\u011fl\u0131yoruz <strong data-start=\"3182\" data-end=\"3238\">OEM, ODM, \u00f6zel markalama ve \u00f6zelle\u015ftirilmi\u015f paketleme<\/strong>.<\/p>\n<p data-start=\"3241\" data-end=\"3376\"><strong data-start=\"3241\" data-end=\"3283\">S4: Toplu tedarik i\u00e7in MOQ nedir?<\/strong><br data-start=\"3283\" data-end=\"3286\" \/>Adedi <strong data-start=\"3293\" data-end=\"3305\">esnek<\/strong>, her ikisini de destekleyen <strong data-start=\"3323\" data-end=\"3375\">k\u00fc\u00e7\u00fck deneme sipari\u015fleri ve b\u00fcy\u00fck proje da\u011f\u0131t\u0131mlar\u0131<\/strong>.<\/p>\n<p data-start=\"3378\" data-end=\"3526\"><strong data-start=\"3378\" data-end=\"3428\">S5: Z\u0131rhlama optik performans\u0131 etkiler mi?<\/strong><br data-start=\"3428\" data-end=\"3431\" \/>Hay\u0131r. Z\u0131rhlama \u015funlar\u0131 sa\u011flar <strong data-start=\"3454\" data-end=\"3484\">sadece mekanik koruma<\/strong> ve yapar <strong data-start=\"3494\" data-end=\"3525\">ekleme kayb\u0131n\u0131 art\u0131rmaz<\/strong>.<\/p>\n<p data-start=\"3528\" data-end=\"3695\"><strong data-start=\"3528\" data-end=\"3584\">S6: Bu kabloyu genellikle ne t\u00fcr m\u00fc\u015fteriler sat\u0131n al\u0131r?<\/strong><br data-start=\"3584\" data-end=\"3587\" \/>Genellikle \u015fu ki\u015filer taraf\u0131ndan sat\u0131n al\u0131n\u0131r <strong data-start=\"3615\" data-end=\"3694\">telekom operat\u00f6rleri, CATV sa\u011flay\u0131c\u0131lar\u0131, FTTH y\u00fcklenicileri ve sistem entegrat\u00f6rleri<\/strong>.<\/p>","protected":false},"excerpt":{"rendered":"<p data-start=\"66\" data-end=\"320\">Bu <strong data-start=\"70\" data-end=\"113\">FC\/APC-SC\/APC Z\u0131rhl\u0131 fiber patch cord<\/strong> bir <strong data-start=\"119\" data-end=\"169\">y\u00fcksek performansl\u0131, ta\u015f\u0131y\u0131c\u0131 s\u0131n\u0131f\u0131 optik jumper<\/strong> i\u00e7in tasarlanm\u0131\u015ft\u0131r <strong data-start=\"183\" data-end=\"249\">PON a\u011flar\u0131, CATV sistemleri ve d\u0131\u015f mekan telekom altyap\u0131s\u0131<\/strong> nerede <strong data-start=\"256\" data-end=\"304\">ultra d\u00fc\u015f\u00fck yans\u0131ma ve fiziksel dayan\u0131kl\u0131l\u0131k<\/strong> kritiktir.<\/p>\n<p data-start=\"322\" data-end=\"575\">\u00d6zellikler <strong data-start=\"332\" data-end=\"372\">8\u00b0 APC cilal\u0131 FC ve SC konnekt\u00f6rler<\/strong> ile birlikte <strong data-start=\"389\" data-end=\"423\">metal z\u0131rhl\u0131 kablo yap\u0131s\u0131<\/strong>, bu yama kablosu \u015funlar\u0131 sa\u011flar <strong data-start=\"450\" data-end=\"479\">ola\u011fan\u00fcst\u00fc sinyal safl\u0131\u011f\u0131<\/strong> dayan\u0131rken <strong data-start=\"499\" data-end=\"574\">ezilme, titre\u015fim, kemirgen hasar\u0131 ve zorlu kurulum ortamlar\u0131<\/strong>.<\/p>\n<p data-start=\"577\" data-end=\"733\">Olarak <strong data-start=\"582\" data-end=\"636\">fabrika do\u011frudan \u00fcretici ve toptan ihracat\u00e7\u0131<\/strong>, destekliyoruz <strong data-start=\"649\" data-end=\"723\">OEM, ODM, distrib\u00fct\u00f6rler, sistem entegrat\u00f6rleri ve toplu tedarik projeleri<\/strong> K\u00fcresel olarak.<\/p>","protected":false},"featured_media":714,"comment_status":"open","ping_status":"closed","template":"","meta":[],"product_brand":[],"product_cat":[44],"product_tag":[],"class_list":{"0":"post-713","1":"product","2":"type-product","3":"status-publish","4":"has-post-thumbnail","6":"product_cat-multimode-fiber-optic-patch-cord","8":"first","9":"instock","10":"shipping-taxable","11":"product-type-simple"},"_links":{"self":[{"href":"https:\/\/www.fenxifiber.com\/tr\/wp-json\/wp\/v2\/product\/713","targetHints":{"allow":["GET"]}}],"collection":[{"href":"https:\/\/www.fenxifiber.com\/tr\/wp-json\/wp\/v2\/product"}],"about":[{"href":"https:\/\/www.fenxifiber.com\/tr\/wp-json\/wp\/v2\/types\/product"}],"replies":[{"embeddable":true,"href":"https:\/\/www.fenxifiber.com\/tr\/wp-json\/wp\/v2\/comments?post=713"}],"wp:featuredmedia":[{"embeddable":true,"href":"https:\/\/www.fenxifiber.com\/tr\/wp-json\/wp\/v2\/media\/714"}],"wp:attachment":[{"href":"https:\/\/www.fenxifiber.com\/tr\/wp-json\/wp\/v2\/media?parent=713"}],"wp:term":[{"taxonomy":"product_brand","embeddable":true,"href":"https:\/\/www.fenxifiber.com\/tr\/wp-json\/wp\/v2\/product_brand?post=713"},{"taxonomy":"product_cat","embeddable":true,"href":"https:\/\/www.fenxifiber.com\/tr\/wp-json\/wp\/v2\/product_cat?post=713"},{"taxonomy":"product_tag","embeddable":true,"href":"https:\/\/www.fenxifiber.com\/tr\/wp-json\/wp\/v2\/product_tag?post=713"}],"curies":[{"name":"wp","href":"https:\/\/api.w.org\/{rel}","templated":true}]}}