{"id":715,"date":"2026-02-03T07:31:19","date_gmt":"2026-02-03T07:31:19","guid":{"rendered":"https:\/\/www.fenxifiber.com\/?post_type=product&#038;p=715"},"modified":"2026-02-04T01:39:53","modified_gmt":"2026-02-04T01:39:53","slug":"sc-apc-sc-apc-zirhli","status":"publish","type":"product","link":"https:\/\/www.fenxifiber.com\/tr\/product\/sc-apc-sc-apc-armoured\/","title":{"rendered":"SC\/APC-SC\/APC Z\u0131rhl\u0131 Tek Modlu Fiber Optik Yama Kablosu"},"content":{"rendered":"<h3 data-start=\"729\" data-end=\"772\"><strong data-start=\"733\" data-end=\"772\">Neden Z\u0131rhl\u0131 Korumal\u0131 SC\/APC<\/strong><\/h3>\n<p data-start=\"774\" data-end=\"1013\">SC\/APC <strong data-start=\"788\" data-end=\"810\">standart aray\u00fcz<\/strong> i\u00e7in <strong data-start=\"815\" data-end=\"858\">ODF'ler, PON ay\u0131r\u0131c\u0131lar ve CATV ekipmanlar\u0131<\/strong>. Bu <strong data-start=\"864\" data-end=\"887\">APC 8 derece cila<\/strong> \u00f6nemli \u00f6l\u00e7\u00fcde azalt\u0131r <strong data-start=\"909\" data-end=\"936\">optik geri yans\u0131ma<\/strong>, i\u00e7in kritik olan <strong data-start=\"960\" data-end=\"1012\">RF-over-fiber, GPON, XG-PON ve XGS-PON sistemleri<\/strong>.<\/p>\n<p data-start=\"1015\" data-end=\"1136\">Bir ekleme <strong data-start=\"1025\" data-end=\"1049\">z\u0131rhl\u0131 kablo katman\u0131<\/strong> bu yama kablosunu bir <strong data-start=\"1084\" data-end=\"1108\">sahaya hazir \u00e7\u00f6z\u00fcm<\/strong> y\u00f6nlendirilebilir:<\/p>\n<ul data-start=\"1137\" data-end=\"1217\">\n<li data-start=\"1137\" data-end=\"1157\">\n<p data-start=\"1139\" data-end=\"1157\">D\u0131\u015f mekan dolaplar\u0131<\/p>\n<\/li>\n<li data-start=\"1158\" data-end=\"1173\">\n<p data-start=\"1160\" data-end=\"1173\">Zemin kanallar\u0131<\/p>\n<\/li>\n<li data-start=\"1174\" data-end=\"1189\">\n<p data-start=\"1176\" data-end=\"1189\">Kablo kanallar\u0131<\/p>\n<\/li>\n<li data-start=\"1190\" data-end=\"1217\">\n<p data-start=\"1192\" data-end=\"1217\">Baz istasyonu muhafazalar\u0131<\/p>\n<\/li>\n<\/ul>\n<p data-start=\"1219\" data-end=\"1250\">lif kopmas\u0131 riski olmadan.<\/p>\n<hr data-start=\"1252\" data-end=\"1255\" \/>\n<h3 data-start=\"1257\" data-end=\"1289\"><strong data-start=\"1261\" data-end=\"1289\">Teknik \u00d6zellikler<\/strong><\/h3>\n<div class=\"TyagGW_tableContainer\">\n<div class=\"group TyagGW_tableWrapper flex flex-col-reverse w-fit\" tabindex=\"-1\">\n<table class=\"w-fit min-w-(--thread-content-width)\" data-start=\"1291\" data-end=\"1824\">\n<thead data-start=\"1291\" data-end=\"1329\">\n<tr data-start=\"1291\" data-end=\"1329\">\n<th class=\"\" data-start=\"1291\" data-end=\"1303\" data-col-size=\"sm\">Parametre<\/th>\n<th class=\"\" data-start=\"1303\" data-end=\"1329\" data-col-size=\"sm\">SC\/APC-SC\/APC Z\u0131rhl\u0131<\/th>\n<\/tr>\n<\/thead>\n<tbody data-start=\"1358\" data-end=\"1824\">\n<tr data-start=\"1358\" data-end=\"1401\">\n<td data-start=\"1358\" data-end=\"1371\" data-col-size=\"sm\">Elyaf Tipi<\/td>\n<td data-start=\"1371\" data-end=\"1401\" data-col-size=\"sm\">Tek modlu OS2 (9\/125 \u03bcm)<\/td>\n<\/tr>\n<tr data-start=\"1402\" data-end=\"1443\">\n<td data-start=\"1402\" data-end=\"1419\" data-col-size=\"sm\">Konekt\u00f6r Tipi<\/td>\n<td data-start=\"1419\" data-end=\"1443\" data-col-size=\"sm\">SC \/ APC'den SC \/ APC'ye<\/td>\n<\/tr>\n<tr data-start=\"1444\" data-end=\"1472\">\n<td data-start=\"1444\" data-end=\"1453\" data-col-size=\"sm\">Leh\u00e7e<\/td>\n<td data-start=\"1453\" data-end=\"1472\" data-col-size=\"sm\">APC (8\u00b0 a\u00e7\u0131l\u0131)<\/td>\n<\/tr>\n<tr data-start=\"1473\" data-end=\"1534\">\n<td data-start=\"1473\" data-end=\"1491\" data-col-size=\"sm\">Kablo Yap\u0131s\u0131<\/td>\n<td data-start=\"1491\" data-end=\"1534\" data-col-size=\"sm\">Metal z\u0131rhl\u0131 (\u00e7elik veya al\u00fcminyum boru)<\/td>\n<\/tr>\n<tr data-start=\"1535\" data-end=\"1579\">\n<td data-start=\"1535\" data-end=\"1558\" data-col-size=\"sm\">\u00c7al\u0131\u015fma Dalga Boyu<\/td>\n<td data-start=\"1558\" data-end=\"1579\" data-col-size=\"sm\">1310 nm \/ 1550 nm<\/td>\n<\/tr>\n<tr data-start=\"1580\" data-end=\"1610\">\n<td data-start=\"1580\" data-end=\"1597\" data-col-size=\"sm\">Ekleme Kayb\u0131<\/td>\n<td data-start=\"1597\" data-end=\"1610\" data-col-size=\"sm\">\u2264 0,30 dB<\/td>\n<\/tr>\n<tr data-start=\"1611\" data-end=\"1636\">\n<td data-start=\"1611\" data-end=\"1625\" data-col-size=\"sm\">Geri D\u00f6n\u00fc\u015f Kayb\u0131<\/td>\n<td data-start=\"1625\" data-end=\"1636\" data-col-size=\"sm\">\u2265 60 dB<\/td>\n<\/tr>\n<tr data-start=\"1637\" data-end=\"1697\">\n<td data-start=\"1637\" data-end=\"1656\" data-col-size=\"sm\">\u00c7ekme Dayan\u0131m\u0131<\/td>\n<td data-start=\"1656\" data-end=\"1697\" data-col-size=\"sm\">Standart patch cordlardan \u00e7ok daha y\u00fcksek<\/td>\n<\/tr>\n<tr data-start=\"1698\" data-end=\"1744\">\n<td data-start=\"1698\" data-end=\"1720\" data-col-size=\"sm\">Minimum B\u00fck\u00fclme Yar\u0131\u00e7ap\u0131<\/td>\n<td data-start=\"1720\" data-end=\"1744\" data-col-size=\"sm\">\u2265 10\u00d7 kablo \u00e7ap\u0131<\/td>\n<\/tr>\n<tr data-start=\"1745\" data-end=\"1781\">\n<td data-start=\"1745\" data-end=\"1762\" data-col-size=\"sm\">Ceket Se\u00e7enekleri<\/td>\n<td data-start=\"1762\" data-end=\"1781\" data-col-size=\"sm\">LSZH \/ PE \/ PVC<\/td>\n<\/tr>\n<tr data-start=\"1782\" data-end=\"1824\">\n<td data-start=\"1782\" data-end=\"1795\" data-col-size=\"sm\">Uyumluluk<\/td>\n<td data-start=\"1795\" data-end=\"1824\" data-col-size=\"sm\">IEC, TIA-568, RoHS, REACH<\/td>\n<\/tr>\n<\/tbody>\n<\/table>\n<\/div>\n<\/div>\n<hr data-start=\"1826\" data-end=\"1829\" \/>\n<h3 data-start=\"1831\" data-end=\"1882\"><strong data-start=\"1835\" data-end=\"1882\">Toptan Sat\u0131\u015f, OEM ve A\u011f Projeleri i\u00e7in \u00dcretildi<\/strong><\/h3>\n<p data-start=\"1884\" data-end=\"1937\">Bu SC\/APC z\u0131rhl\u0131 yama kablosu yayg\u0131n olarak tedarik edilmektedir:<\/p>\n<ul data-start=\"1939\" data-end=\"2100\">\n<li data-start=\"1939\" data-end=\"1972\">\n<p data-start=\"1941\" data-end=\"1972\"><strong data-start=\"1941\" data-end=\"1972\">Telekom ve CATV distrib\u00fct\u00f6rleri<\/strong><\/p>\n<\/li>\n<li data-start=\"1973\" data-end=\"2004\">\n<p data-start=\"1975\" data-end=\"2004\"><strong data-start=\"1975\" data-end=\"2004\">FTTH ve FTTx y\u00fcklenicileri<\/strong><\/p>\n<\/li>\n<li data-start=\"2005\" data-end=\"2029\">\n<p data-start=\"2007\" data-end=\"2029\"><strong data-start=\"2007\" data-end=\"2029\">Sistem entegrat\u00f6rleri<\/strong><\/p>\n<\/li>\n<li data-start=\"2030\" data-end=\"2057\">\n<p data-start=\"2032\" data-end=\"2057\"><strong data-start=\"2032\" data-end=\"2057\">PON a\u011f operat\u00f6rleri<\/strong><\/p>\n<\/li>\n<li data-start=\"2058\" data-end=\"2100\">\n<p data-start=\"2060\" data-end=\"2100\"><strong data-start=\"2060\" data-end=\"2100\">K\u00fcresel tedarik acenteleri ve ihracat\u00e7\u0131lar<\/strong><\/p>\n<\/li>\n<\/ul>\n<p data-start=\"2102\" data-end=\"2113\">Destekliyoruz:<\/p>\n<ul data-start=\"2114\" data-end=\"2269\">\n<li data-start=\"2114\" data-end=\"2131\">\n<p data-start=\"2116\" data-end=\"2131\"><strong data-start=\"2116\" data-end=\"2131\">Toplu sipari\u015fler<\/strong><\/p>\n<\/li>\n<li data-start=\"2132\" data-end=\"2150\">\n<p data-start=\"2134\" data-end=\"2150\"><strong data-start=\"2134\" data-end=\"2150\">Esnek Adedi<\/strong><\/p>\n<\/li>\n<li data-start=\"2151\" data-end=\"2180\">\n<p data-start=\"2153\" data-end=\"2180\"><strong data-start=\"2153\" data-end=\"2180\">OEM \/ ODM \u00fcretim<\/strong><\/p>\n<\/li>\n<li data-start=\"2181\" data-end=\"2215\">\n<p data-start=\"2183\" data-end=\"2215\"><strong data-start=\"2183\" data-end=\"2215\">\u00d6zel etiketleme ve paketleme<\/strong><\/p>\n<\/li>\n<li data-start=\"2216\" data-end=\"2244\">\n<p data-start=\"2218\" data-end=\"2244\"><strong data-start=\"2218\" data-end=\"2244\">Fabrika do\u011frudan fiyatland\u0131rmas\u0131<\/strong><\/p>\n<\/li>\n<li data-start=\"2245\" data-end=\"2269\">\n<p data-start=\"2247\" data-end=\"2269\"><strong data-start=\"2247\" data-end=\"2269\">D\u00fcnya \u00e7ap\u0131nda nakliye<\/strong><\/p>\n<\/li>\n<\/ul>\n<hr data-start=\"2271\" data-end=\"2274\" \/>\n<h3 data-start=\"2276\" data-end=\"2333\"><strong data-start=\"2280\" data-end=\"2333\">APC + OS2 + Z\u0131rhl\u0131 Neden Sekt\u00f6r Standard\u0131d\u0131r?<\/strong><\/h3>\n<p data-start=\"2335\" data-end=\"2648\">APC konekt\u00f6rleri \u015funlar\u0131 sa\u011flar <strong data-start=\"2358\" data-end=\"2380\">geri d\u00f6n\u00fc\u015f kayb\u0131 \u226560 dB<\/strong>, bozabilecek sinyal yans\u0131mas\u0131n\u0131 \u00f6nler. <strong data-start=\"2428\" data-end=\"2470\">analog video, RF ve PON iletimi<\/strong>.<br data-start=\"2471\" data-end=\"2474\" \/>OS2 tek modlu fiber destekler <strong data-start=\"2505\" data-end=\"2553\">10G, 25G, 40G, 100G+ ve uzun mesafeli ba\u011flant\u0131lar<\/strong>.<br data-start=\"2554\" data-end=\"2557\" \/>Z\u0131rhl\u0131 yap\u0131 \u015funlar\u0131 sa\u011flar <strong data-start=\"2587\" data-end=\"2621\">uzun vadeli fiziksel g\u00fcvenilirlik<\/strong> ger\u00e7ek d\u00fcnya da\u011f\u0131t\u0131mlar\u0131nda.<\/p>\n<hr data-start=\"2650\" data-end=\"2653\" \/>\n<h2 data-start=\"2655\" data-end=\"2678\"><strong data-start=\"2658\" data-end=\"2678\">Profesyonel SSS<\/strong><\/h2>\n<p data-start=\"2680\" data-end=\"2811\"><strong data-start=\"2680\" data-end=\"2737\">S1: Bu kablo FTTH ve PON a\u011flar\u0131 i\u00e7in uygun mu?<\/strong><br data-start=\"2737\" data-end=\"2740\" \/>Evet, a\u015fa\u011f\u0131dakilerle tamamen uyumludur <strong data-start=\"2773\" data-end=\"2810\">GPON, XG-PON ve XGS-PON sistemleri<\/strong>.<\/p>\n<p data-start=\"2813\" data-end=\"2964\"><strong data-start=\"2813\" data-end=\"2855\">S2: SC\/APC UPC portlar\u0131 ile kullan\u0131labilir mi?<\/strong><br data-start=\"2855\" data-end=\"2858\" \/>Hay\u0131r. <strong data-start=\"2862\" data-end=\"2908\">APC ve UPC konnekt\u00f6rleri asla kar\u0131\u015ft\u0131r\u0131lmamal\u0131d\u0131r<\/strong>, \u00c7\u00fcnk\u00fc bu durum konekt\u00f6rlere zarar verebilir ve performans\u0131 d\u00fc\u015f\u00fcrebilir.<\/p>\n<p data-start=\"2966\" data-end=\"3091\"><strong data-start=\"2966\" data-end=\"3015\">S3: OEM veya distrib\u00fct\u00f6r markas\u0131 mevcut mu?<\/strong><br data-start=\"3015\" data-end=\"3018\" \/>Evet. Biz sa\u011fl\u0131yoruz <strong data-start=\"3034\" data-end=\"3090\">OEM, ODM, \u00f6zel etiketleme ve \u00f6zelle\u015ftirilmi\u015f paketleme<\/strong>.<\/p>\n<p data-start=\"3093\" data-end=\"3224\"><strong data-start=\"3093\" data-end=\"3138\">S4: Toptan sipari\u015fler i\u00e7in MOQ nedir?<\/strong><br data-start=\"3138\" data-end=\"3141\" \/>Adedi <strong data-start=\"3148\" data-end=\"3160\">esnek<\/strong>, izin vermek <strong data-start=\"3171\" data-end=\"3223\">k\u00fc\u00e7\u00fck deneme sipari\u015fleri ve b\u00fcy\u00fck proje tedariki<\/strong>.<\/p>\n<p data-start=\"3226\" data-end=\"3380\"><strong data-start=\"3226\" data-end=\"3278\">S5: Z\u0131rhl\u0131 katman optik kayb\u0131 etkiler mi?<\/strong><br data-start=\"3278\" data-end=\"3281\" \/>Hay\u0131r. Z\u0131rhlama <strong data-start=\"3308\" data-end=\"3338\">sadece mekanik koruma<\/strong> ve yapar <strong data-start=\"3348\" data-end=\"3379\">ekleme kayb\u0131n\u0131 art\u0131rmaz<\/strong>.<\/p>\n<p data-start=\"3382\" data-end=\"3534\"><strong data-start=\"3382\" data-end=\"3425\">S6: Bu modeli genellikle kimler sat\u0131n al\u0131yor?<\/strong><br data-start=\"3425\" data-end=\"3428\" \/>Genellikle \u015fu kaynaklardan temin edilir <strong data-start=\"3454\" data-end=\"3533\">telekom operat\u00f6rleri, CATV sa\u011flay\u0131c\u0131lar\u0131, FTTH y\u00fcklenicileri ve sistem entegrat\u00f6rleri<\/strong>.<\/p>","protected":false},"excerpt":{"rendered":"<p data-start=\"66\" data-end=\"312\">Bu <strong data-start=\"70\" data-end=\"113\">SC\/APC-SC\/APC Z\u0131rhl\u0131 fiber ba\u011flant\u0131 kablosu<\/strong> bir <strong data-start=\"119\" data-end=\"151\">ta\u015f\u0131y\u0131c\u0131 s\u0131n\u0131f\u0131 optik jumper<\/strong> i\u00e7in tasarlanm\u0131\u015ft\u0131r <strong data-start=\"165\" data-end=\"238\">FTTH, PON a\u011flar\u0131, CATV headendleri ve d\u0131\u015f mekan telekom altyap\u0131s\u0131<\/strong> nerede <strong data-start=\"245\" data-end=\"295\">ultra d\u00fc\u015f\u00fck yans\u0131ma ve mekanik dayan\u0131kl\u0131l\u0131k<\/strong> \u00e7ok \u00f6nemlidir.<\/p>\n<p data-start=\"314\" data-end=\"560\">\u00d6zellikler <strong data-start=\"324\" data-end=\"364\">8\u00b0 a\u00e7\u0131l\u0131 APC cilal\u0131 SC konnekt\u00f6rler<\/strong> her iki ucunda ve bir <strong data-start=\"384\" data-end=\"418\">metal z\u0131rhl\u0131 kablo yap\u0131s\u0131<\/strong>, bu model \u015funlar\u0131 sa\u011flar <strong data-start=\"439\" data-end=\"467\">maksimum sinyal kararl\u0131l\u0131\u011f\u0131<\/strong> hayatta kal\u0131rken <strong data-start=\"484\" data-end=\"559\">ezilme, titre\u015fim, kemirgen hasar\u0131 ve zorlu kurulum ortamlar\u0131<\/strong>.<\/p>\n<p data-start=\"562\" data-end=\"722\">Olarak <strong data-start=\"567\" data-end=\"625\">do\u011frudan fiber optik \u00fcreticisi ve toptan ihracat\u00e7\u0131s\u0131<\/strong>, destekliyoruz <strong data-start=\"638\" data-end=\"711\">OEM, ODM, distrib\u00fct\u00f6rler, sistem entegrat\u00f6rleri ve toplu proje tedariki<\/strong> D\u00fcnya \u00e7ap\u0131nda.<\/p>","protected":false},"featured_media":716,"comment_status":"open","ping_status":"closed","template":"","meta":[],"product_brand":[],"product_cat":[44],"product_tag":[],"class_list":{"0":"post-715","1":"product","2":"type-product","3":"status-publish","4":"has-post-thumbnail","6":"product_cat-multimode-fiber-optic-patch-cord","8":"first","9":"instock","10":"shipping-taxable","11":"product-type-simple"},"_links":{"self":[{"href":"https:\/\/www.fenxifiber.com\/tr\/wp-json\/wp\/v2\/product\/715","targetHints":{"allow":["GET"]}}],"collection":[{"href":"https:\/\/www.fenxifiber.com\/tr\/wp-json\/wp\/v2\/product"}],"about":[{"href":"https:\/\/www.fenxifiber.com\/tr\/wp-json\/wp\/v2\/types\/product"}],"replies":[{"embeddable":true,"href":"https:\/\/www.fenxifiber.com\/tr\/wp-json\/wp\/v2\/comments?post=715"}],"wp:featuredmedia":[{"embeddable":true,"href":"https:\/\/www.fenxifiber.com\/tr\/wp-json\/wp\/v2\/media\/716"}],"wp:attachment":[{"href":"https:\/\/www.fenxifiber.com\/tr\/wp-json\/wp\/v2\/media?parent=715"}],"wp:term":[{"taxonomy":"product_brand","embeddable":true,"href":"https:\/\/www.fenxifiber.com\/tr\/wp-json\/wp\/v2\/product_brand?post=715"},{"taxonomy":"product_cat","embeddable":true,"href":"https:\/\/www.fenxifiber.com\/tr\/wp-json\/wp\/v2\/product_cat?post=715"},{"taxonomy":"product_tag","embeddable":true,"href":"https:\/\/www.fenxifiber.com\/tr\/wp-json\/wp\/v2\/product_tag?post=715"}],"curies":[{"name":"wp","href":"https:\/\/api.w.org\/{rel}","templated":true}]}}