{"id":717,"date":"2026-02-03T07:33:59","date_gmt":"2026-02-03T07:33:59","guid":{"rendered":"https:\/\/www.fenxifiber.com\/?post_type=product&#038;p=717"},"modified":"2026-02-04T01:40:23","modified_gmt":"2026-02-04T01:40:23","slug":"sc-upc-sc-apc-zirhli","status":"publish","type":"product","link":"https:\/\/www.fenxifiber.com\/tr\/product\/sc-upc-sc-apc-armoured\/","title":{"rendered":"SC\/UPC-SC\/APC Z\u0131rhl\u0131 Tek Modlu Fiber Optik Yama Kablosu"},"content":{"rendered":"<h3 data-start=\"698\" data-end=\"734\"><strong data-start=\"702\" data-end=\"734\">Bu Kabloyu Benzersiz K\u0131lan Nedir?<\/strong><\/h3>\n<p data-start=\"736\" data-end=\"1024\">Bir\u00e7ok FTTH ve CATV a\u011f\u0131 hala \u00e7al\u0131\u015f\u0131yor <strong data-start=\"774\" data-end=\"819\">ODF'ler ve test ekipman\u0131 \u00fczerindeki UPC aray\u00fczleri<\/strong>, ise <strong data-start=\"827\" data-end=\"879\">ay\u0131r\u0131c\u0131lar, ONU'lar ve RF vericileri APC gerektirir<\/strong>.<br data-start=\"880\" data-end=\"883\" \/>Bu <strong data-start=\"888\" data-end=\"921\">SC\/UPC-SC\/APC z\u0131rhl\u0131 jumper<\/strong> bu bo\u015flu\u011fu doldurarak <strong data-start=\"951\" data-end=\"980\">temiz optik performans<\/strong> Gereksiz ba\u011flant\u0131 panellerini ortadan kald\u0131r\u0131rken.<\/p>\n<p data-start=\"1026\" data-end=\"1071\">Bu <strong data-start=\"1030\" data-end=\"1061\">metal z\u0131rhl\u0131 kablo tasar\u0131m\u0131<\/strong> sa\u011flar:<\/p>\n<ul data-start=\"1072\" data-end=\"1163\">\n<li data-start=\"1072\" data-end=\"1092\">\n<p data-start=\"1074\" data-end=\"1092\">Ezilme direnci<\/p>\n<\/li>\n<li data-start=\"1093\" data-end=\"1114\">\n<p data-start=\"1095\" data-end=\"1114\">Kemirgen korumas\u0131<\/p>\n<\/li>\n<li data-start=\"1115\" data-end=\"1163\">\n<p data-start=\"1117\" data-end=\"1163\">D\u0131\u015f mekan dolaplar\u0131nda ve raflar\u0131nda istikrarl\u0131 y\u00f6nlendirme<\/p>\n<\/li>\n<\/ul>\n<p data-start=\"1165\" data-end=\"1234\">i\u00e7in ideal hale getiriyor <strong data-start=\"1185\" data-end=\"1233\">saha kurulumu ve y\u00fcksek riskli kablo yollar\u0131<\/strong>.<\/p>\n<hr data-start=\"1236\" data-end=\"1239\" \/>\n<h3 data-start=\"1241\" data-end=\"1273\"><strong data-start=\"1245\" data-end=\"1273\">Teknik \u00d6zellikler<\/strong><\/h3>\n<div class=\"TyagGW_tableContainer\">\n<div class=\"group TyagGW_tableWrapper flex flex-col-reverse w-fit\" tabindex=\"-1\">\n<table class=\"w-fit min-w-(--thread-content-width)\" data-start=\"1275\" data-end=\"1749\">\n<thead data-start=\"1275\" data-end=\"1313\">\n<tr data-start=\"1275\" data-end=\"1313\">\n<th class=\"\" data-start=\"1275\" data-end=\"1287\" data-col-size=\"sm\">Parametre<\/th>\n<th class=\"\" data-start=\"1287\" data-end=\"1313\" data-col-size=\"sm\">SC\/UPC-SC\/APC Z\u0131rhl\u0131<\/th>\n<\/tr>\n<\/thead>\n<tbody data-start=\"1342\" data-end=\"1749\">\n<tr data-start=\"1342\" data-end=\"1383\">\n<td data-start=\"1342\" data-end=\"1355\" data-col-size=\"sm\">Elyaf Tipi<\/td>\n<td data-start=\"1355\" data-end=\"1383\" data-col-size=\"sm\">OS2 Tek Modlu 9\/125 \u03bcm<\/td>\n<\/tr>\n<tr data-start=\"1384\" data-end=\"1410\">\n<td data-start=\"1384\" data-end=\"1398\" data-col-size=\"sm\">Konekt\u00f6r A<\/td>\n<td data-start=\"1398\" data-end=\"1410\" data-col-size=\"sm\">SC \/ UPC<\/td>\n<\/tr>\n<tr data-start=\"1411\" data-end=\"1449\">\n<td data-start=\"1411\" data-end=\"1425\" data-col-size=\"sm\">Konekt\u00f6r B<\/td>\n<td data-start=\"1425\" data-end=\"1449\" data-col-size=\"sm\">SC \/ APC (8\u00b0 a\u00e7\u0131l\u0131)<\/td>\n<\/tr>\n<tr data-start=\"1450\" data-end=\"1481\">\n<td data-start=\"1450\" data-end=\"1463\" data-col-size=\"sm\">Kablo Tipi<\/td>\n<td data-start=\"1463\" data-end=\"1481\" data-col-size=\"sm\">Metal z\u0131rhl\u0131<\/td>\n<\/tr>\n<tr data-start=\"1482\" data-end=\"1526\">\n<td data-start=\"1482\" data-end=\"1505\" data-col-size=\"sm\">\u00c7al\u0131\u015fma Dalga Boyu<\/td>\n<td data-start=\"1505\" data-end=\"1526\" data-col-size=\"sm\">1310 nm \/ 1550 nm<\/td>\n<\/tr>\n<tr data-start=\"1527\" data-end=\"1557\">\n<td data-start=\"1527\" data-end=\"1544\" data-col-size=\"sm\">Ekleme Kayb\u0131<\/td>\n<td data-start=\"1544\" data-end=\"1557\" data-col-size=\"sm\">\u2264 0,30 dB<\/td>\n<\/tr>\n<tr data-start=\"1558\" data-end=\"1593\">\n<td data-start=\"1558\" data-end=\"1582\" data-col-size=\"sm\">Geri D\u00f6n\u00fc\u015f Kayb\u0131 (UPC ucu)<\/td>\n<td data-start=\"1582\" data-end=\"1593\" data-col-size=\"sm\">\u2265 50 dB<\/td>\n<\/tr>\n<tr data-start=\"1594\" data-end=\"1629\">\n<td data-start=\"1594\" data-end=\"1618\" data-col-size=\"sm\">Geri D\u00f6n\u00fc\u015f Kayb\u0131 (APC ucu)<\/td>\n<td data-start=\"1618\" data-end=\"1629\" data-col-size=\"sm\">\u2265 60 dB<\/td>\n<\/tr>\n<tr data-start=\"1630\" data-end=\"1678\">\n<td data-start=\"1630\" data-end=\"1649\" data-col-size=\"sm\">\u00c7ekme Dayan\u0131m\u0131<\/td>\n<td data-start=\"1649\" data-end=\"1678\" data-col-size=\"sm\">Y\u00fcksek (z\u0131rhl\u0131 yap\u0131)<\/td>\n<\/tr>\n<tr data-start=\"1679\" data-end=\"1707\">\n<td data-start=\"1679\" data-end=\"1688\" data-col-size=\"sm\">Ceket<\/td>\n<td data-start=\"1688\" data-end=\"1707\" data-col-size=\"sm\">LSZH \/ PE \/ PVC<\/td>\n<\/tr>\n<tr data-start=\"1708\" data-end=\"1749\">\n<td data-start=\"1708\" data-end=\"1720\" data-col-size=\"sm\">Standartlar<\/td>\n<td data-start=\"1720\" data-end=\"1749\" data-col-size=\"sm\">IEC, TIA-568, RoHS, REACH<\/td>\n<\/tr>\n<\/tbody>\n<\/table>\n<\/div>\n<\/div>\n<hr data-start=\"1751\" data-end=\"1754\" \/>\n<h3 data-start=\"1756\" data-end=\"1806\"><strong data-start=\"1760\" data-end=\"1806\">Telekom, FTTH ve CATV A\u011flar\u0131 i\u00e7in Tasarland\u0131<\/strong><\/h3>\n<p data-start=\"1808\" data-end=\"1837\">Bu model yayg\u0131n olarak kullan\u0131lmaktad\u0131r:<\/p>\n<ul data-start=\"1838\" data-end=\"2013\">\n<li data-start=\"1838\" data-end=\"1872\">\n<p data-start=\"1840\" data-end=\"1872\"><strong data-start=\"1840\" data-end=\"1872\">FTTH &amp; FTTx yayg\u0131nla\u015ft\u0131rma projeleri<\/strong><\/p>\n<\/li>\n<li data-start=\"1873\" data-end=\"1910\">\n<p data-start=\"1875\" data-end=\"1910\"><strong data-start=\"1875\" data-end=\"1910\">GPON \/ XG-PON \/ XGS-PON sistemleri<\/strong><\/p>\n<\/li>\n<li data-start=\"1911\" data-end=\"1941\">\n<p data-start=\"1913\" data-end=\"1941\"><strong data-start=\"1913\" data-end=\"1941\">CATV RF-over-fiber ba\u011flant\u0131lar\u0131<\/strong><\/p>\n<\/li>\n<li data-start=\"1942\" data-end=\"1971\">\n<p data-start=\"1944\" data-end=\"1971\"><strong data-start=\"1944\" data-end=\"1971\">Telekom de\u011fi\u015fim \u00e7er\u00e7eveleri<\/strong><\/p>\n<\/li>\n<li data-start=\"1972\" data-end=\"2013\">\n<p data-start=\"1974\" data-end=\"2013\"><strong data-start=\"1974\" data-end=\"2013\">D\u0131\u015f mekan fiber da\u011f\u0131t\u0131m kabinleri<\/strong><\/p>\n<\/li>\n<\/ul>\n<p data-start=\"2015\" data-end=\"2145\">S\u0131kl\u0131kla kaynak olarak kullan\u0131l\u0131r:<br \/>\n<strong data-start=\"2044\" data-end=\"2144\">toptanc\u0131lar, distrib\u00fct\u00f6rler, a\u011f entegrat\u00f6rleri, telekom y\u00fcklenicileri, ihracat\u00e7\u0131lar ve OEM ortaklar\u0131<\/strong>.<\/p>\n<hr data-start=\"2147\" data-end=\"2150\" \/>\n<h3 data-start=\"2152\" data-end=\"2205\"><strong data-start=\"2156\" data-end=\"2205\">K\u00fcresel Al\u0131c\u0131lar Neden Z\u0131rhl\u0131 S\u00fcveterlerimizi Se\u00e7iyor?<\/strong><\/h3>\n<ul data-start=\"2207\" data-end=\"2396\">\n<li data-start=\"2207\" data-end=\"2234\">\n<p data-start=\"2209\" data-end=\"2234\"><strong data-start=\"2209\" data-end=\"2234\">Fabrikadan do\u011frudan tedarik<\/strong><\/p>\n<\/li>\n<li data-start=\"2235\" data-end=\"2264\">\n<p data-start=\"2237\" data-end=\"2264\"><strong data-start=\"2237\" data-end=\"2264\">OEM \/ ODM \u00f6zelle\u015ftirme<\/strong><\/p>\n<\/li>\n<li data-start=\"2265\" data-end=\"2289\">\n<p data-start=\"2267\" data-end=\"2289\"><strong data-start=\"2267\" data-end=\"2289\">Toplu sipari\u015f deste\u011fi<\/strong><\/p>\n<\/li>\n<li data-start=\"2290\" data-end=\"2314\">\n<p data-start=\"2292\" data-end=\"2314\"><strong data-start=\"2292\" data-end=\"2314\">D\u00fc\u015f\u00fck ve esnek MOQ<\/strong><\/p>\n<\/li>\n<li data-start=\"2315\" data-end=\"2353\">\n<p data-start=\"2317\" data-end=\"2353\"><strong data-start=\"2317\" data-end=\"2353\">\u00d6zel etiket ve \u00f6zel paketleme<\/strong><\/p>\n<\/li>\n<li data-start=\"2354\" data-end=\"2396\">\n<p data-start=\"2356\" data-end=\"2396\"><strong data-start=\"2356\" data-end=\"2396\">Projeler i\u00e7in istikrarl\u0131 uzun vadeli tedarik<\/strong><\/p>\n<\/li>\n<\/ul>","protected":false},"excerpt":{"rendered":"<p data-start=\"66\" data-end=\"304\">Bu <strong data-start=\"70\" data-end=\"107\">SC\/UPC-SC\/APC Z\u0131rhl\u0131 yama kablosu<\/strong> bir <strong data-start=\"113\" data-end=\"149\">hibrit-cila tek modlu jumper<\/strong> i\u00e7in tasarlanm\u0131\u015ft\u0131r <strong data-start=\"163\" data-end=\"206\">PON, CATV ve telekom omurga a\u011flar\u0131<\/strong> nerede <strong data-start=\"213\" data-end=\"284\">d\u00fc\u015f\u00fck ekleme kayb\u0131, ultra d\u00fc\u015f\u00fck yans\u0131ma ve mekanik koruma<\/strong> hepsi gereklidir.<\/p>\n<p data-start=\"306\" data-end=\"519\">Birle\u015ftirerek <strong data-start=\"319\" data-end=\"340\">Bir u\u00e7ta SC\/UPC<\/strong> ve <strong data-start=\"345\" data-end=\"368\">Di\u011fer tarafta SC\/APC<\/strong>, bu kablo \u015funlar\u0131 sa\u011flar <strong data-start=\"388\" data-end=\"470\">eski UPC portlar\u0131 ile modern APC tabanl\u0131 ekipman aras\u0131nda do\u011frudan ara ba\u011flant\u0131<\/strong>-adapt\u00f6rler veya sinyal bozucu d\u00f6n\u00fc\u015ft\u00fcr\u00fcc\u00fcler olmadan.<\/p>\n<p data-start=\"521\" data-end=\"691\">Olarak <strong data-start=\"526\" data-end=\"589\">do\u011frudan fabrika \u00fcreticisi, OEM tedarik\u00e7isi ve toplu ihracat\u00e7\u0131<\/strong>, destekliyoruz <strong data-start=\"602\" data-end=\"690\">distrib\u00fct\u00f6rler, sistem entegrat\u00f6rleri, a\u011f y\u00fcklenicileri ve k\u00fcresel kaynak \u015firketleri<\/strong>.<\/p>","protected":false},"featured_media":718,"comment_status":"open","ping_status":"closed","template":"","meta":[],"product_brand":[],"product_cat":[44],"product_tag":[],"class_list":{"0":"post-717","1":"product","2":"type-product","3":"status-publish","4":"has-post-thumbnail","6":"product_cat-multimode-fiber-optic-patch-cord","8":"first","9":"instock","10":"shipping-taxable","11":"product-type-simple"},"_links":{"self":[{"href":"https:\/\/www.fenxifiber.com\/tr\/wp-json\/wp\/v2\/product\/717","targetHints":{"allow":["GET"]}}],"collection":[{"href":"https:\/\/www.fenxifiber.com\/tr\/wp-json\/wp\/v2\/product"}],"about":[{"href":"https:\/\/www.fenxifiber.com\/tr\/wp-json\/wp\/v2\/types\/product"}],"replies":[{"embeddable":true,"href":"https:\/\/www.fenxifiber.com\/tr\/wp-json\/wp\/v2\/comments?post=717"}],"wp:featuredmedia":[{"embeddable":true,"href":"https:\/\/www.fenxifiber.com\/tr\/wp-json\/wp\/v2\/media\/718"}],"wp:attachment":[{"href":"https:\/\/www.fenxifiber.com\/tr\/wp-json\/wp\/v2\/media?parent=717"}],"wp:term":[{"taxonomy":"product_brand","embeddable":true,"href":"https:\/\/www.fenxifiber.com\/tr\/wp-json\/wp\/v2\/product_brand?post=717"},{"taxonomy":"product_cat","embeddable":true,"href":"https:\/\/www.fenxifiber.com\/tr\/wp-json\/wp\/v2\/product_cat?post=717"},{"taxonomy":"product_tag","embeddable":true,"href":"https:\/\/www.fenxifiber.com\/tr\/wp-json\/wp\/v2\/product_tag?post=717"}],"curies":[{"name":"wp","href":"https:\/\/api.w.org\/{rel}","templated":true}]}}