{"id":719,"date":"2026-02-03T07:35:49","date_gmt":"2026-02-03T07:35:49","guid":{"rendered":"https:\/\/www.fenxifiber.com\/?post_type=product&#038;p=719"},"modified":"2026-02-04T01:41:02","modified_gmt":"2026-02-04T01:41:02","slug":"sc-upc-fc-upc-zirhli","status":"publish","type":"product","link":"https:\/\/www.fenxifiber.com\/tr\/product\/sc-upc-fc-upc-armoured\/","title":{"rendered":"SC\/UPC-FC\/UPC Z\u0131rhl\u0131 Tek Modlu Fiber Optik Yama Kablosu"},"content":{"rendered":"<h3 data-start=\"767\" data-end=\"814\"><strong data-start=\"771\" data-end=\"814\">Neden Z\u0131rhl\u0131 \u0130n\u015faat ile FC'ye SC<\/strong><\/h3>\n<p data-start=\"816\" data-end=\"1074\">SC konekt\u00f6rler yayg\u0131n olarak \u015fu alanlarda kullan\u0131l\u0131r <strong data-start=\"849\" data-end=\"900\">ODF'ler, patch paneller ve FTTH da\u011f\u0131t\u0131m kutular\u0131<\/strong>, ise <strong data-start=\"908\" data-end=\"925\">FC konnekt\u00f6rleri<\/strong> kal\u0131r <strong data-start=\"937\" data-end=\"1021\">Optik test cihazlar\u0131, lazerler ve eski telekom ekipmanlar\u0131nda tercih edilen aray\u00fcz<\/strong> \u00e7\u00fcnk\u00fc onlar\u0131n <strong data-start=\"1039\" data-end=\"1073\">vi\u0307da ki\u0307li\u0307tli\u0307 hassas hi\u0307zalama<\/strong>.<\/p>\n<p data-start=\"1076\" data-end=\"1113\">Bu SC'den FC'ye z\u0131rhl\u0131 atlama kablosu:<\/p>\n<ul data-start=\"1114\" data-end=\"1253\">\n<li data-start=\"1114\" data-end=\"1152\">\n<p data-start=\"1116\" data-end=\"1152\"><strong data-start=\"1116\" data-end=\"1152\">Kararl\u0131 laboratuvar s\u0131n\u0131f\u0131 sinyal do\u011frulu\u011fu<\/strong><\/p>\n<\/li>\n<li data-start=\"1153\" data-end=\"1197\">\n<p data-start=\"1155\" data-end=\"1197\"><strong data-start=\"1155\" data-end=\"1197\">Titre\u015fime dayan\u0131kl\u0131 g\u00fcvenli ba\u011flant\u0131lar<\/strong><\/p>\n<\/li>\n<li data-start=\"1198\" data-end=\"1253\">\n<p data-start=\"1200\" data-end=\"1253\"><strong data-start=\"1200\" data-end=\"1253\">Modern ve eski fiber sistemlerin do\u011frudan ba\u011flanmas\u0131<\/strong><\/p>\n<\/li>\n<\/ul>\n<p data-start=\"1255\" data-end=\"1369\">Bu <strong data-start=\"1259\" data-end=\"1283\">metal z\u0131rhl\u0131 kablo<\/strong> kar\u015f\u0131 koruma sa\u011flar <strong data-start=\"1308\" data-end=\"1368\">ezilme, kemirgenler, \u00e7ekme stresi ve kazara hasar<\/strong>.<\/p>\n<hr data-start=\"1371\" data-end=\"1374\" \/>\n<h3 data-start=\"1376\" data-end=\"1408\"><strong data-start=\"1380\" data-end=\"1408\">Teknik \u00d6zellikler<\/strong><\/h3>\n<div class=\"TyagGW_tableContainer\">\n<div class=\"group TyagGW_tableWrapper flex flex-col-reverse w-fit\" tabindex=\"-1\">\n<table class=\"w-fit min-w-(--thread-content-width)\" data-start=\"1410\" data-end=\"1884\">\n<thead data-start=\"1410\" data-end=\"1448\">\n<tr data-start=\"1410\" data-end=\"1448\">\n<th class=\"\" data-start=\"1410\" data-end=\"1422\" data-col-size=\"sm\">Parametre<\/th>\n<th class=\"\" data-start=\"1422\" data-end=\"1448\" data-col-size=\"sm\">SC\/UPC-FC\/UPC Z\u0131rhl\u0131<\/th>\n<\/tr>\n<\/thead>\n<tbody data-start=\"1477\" data-end=\"1884\">\n<tr data-start=\"1477\" data-end=\"1518\">\n<td data-start=\"1477\" data-end=\"1490\" data-col-size=\"sm\">Elyaf Tipi<\/td>\n<td data-start=\"1490\" data-end=\"1518\" data-col-size=\"sm\">OS2 Tek Modlu 9\/125 \u03bcm<\/td>\n<\/tr>\n<tr data-start=\"1519\" data-end=\"1545\">\n<td data-start=\"1519\" data-end=\"1533\" data-col-size=\"sm\">Konekt\u00f6r A<\/td>\n<td data-start=\"1533\" data-end=\"1545\" data-col-size=\"sm\">SC \/ UPC<\/td>\n<\/tr>\n<tr data-start=\"1546\" data-end=\"1572\">\n<td data-start=\"1546\" data-end=\"1560\" data-col-size=\"sm\">Konekt\u00f6r B<\/td>\n<td data-start=\"1560\" data-end=\"1572\" data-col-size=\"sm\">FC \/ UPC<\/td>\n<\/tr>\n<tr data-start=\"1573\" data-end=\"1619\">\n<td data-start=\"1573\" data-end=\"1587\" data-col-size=\"sm\">Leh\u00e7e Tipi<\/td>\n<td data-start=\"1587\" data-end=\"1619\" data-col-size=\"sm\">UPC (Ultra Fiziksel Temas)<\/td>\n<\/tr>\n<tr data-start=\"1620\" data-end=\"1656\">\n<td data-start=\"1620\" data-end=\"1638\" data-col-size=\"sm\">Kablo Yap\u0131s\u0131<\/td>\n<td data-start=\"1638\" data-end=\"1656\" data-col-size=\"sm\">Metal z\u0131rhl\u0131<\/td>\n<\/tr>\n<tr data-start=\"1657\" data-end=\"1701\">\n<td data-start=\"1657\" data-end=\"1680\" data-col-size=\"sm\">\u00c7al\u0131\u015fma Dalga Boyu<\/td>\n<td data-start=\"1680\" data-end=\"1701\" data-col-size=\"sm\">1310 nm \/ 1550 nm<\/td>\n<\/tr>\n<tr data-start=\"1702\" data-end=\"1732\">\n<td data-start=\"1702\" data-end=\"1719\" data-col-size=\"sm\">Ekleme Kayb\u0131<\/td>\n<td data-start=\"1719\" data-end=\"1732\" data-col-size=\"sm\">\u2264 0,30 dB<\/td>\n<\/tr>\n<tr data-start=\"1733\" data-end=\"1758\">\n<td data-start=\"1733\" data-end=\"1747\" data-col-size=\"sm\">Geri D\u00f6n\u00fc\u015f Kayb\u0131<\/td>\n<td data-start=\"1747\" data-end=\"1758\" data-col-size=\"sm\">\u2265 50 dB<\/td>\n<\/tr>\n<tr data-start=\"1759\" data-end=\"1804\">\n<td data-start=\"1759\" data-end=\"1778\" data-col-size=\"sm\">\u00c7ekme Dayan\u0131m\u0131<\/td>\n<td data-start=\"1778\" data-end=\"1804\" data-col-size=\"sm\">Y\u00fcksek (z\u0131rhl\u0131 tasar\u0131m)<\/td>\n<\/tr>\n<tr data-start=\"1805\" data-end=\"1841\">\n<td data-start=\"1805\" data-end=\"1822\" data-col-size=\"sm\">Ceket Se\u00e7enekleri<\/td>\n<td data-start=\"1822\" data-end=\"1841\" data-col-size=\"sm\">LSZH \/ PE \/ PVC<\/td>\n<\/tr>\n<tr data-start=\"1842\" data-end=\"1884\">\n<td data-start=\"1842\" data-end=\"1855\" data-col-size=\"sm\">Uyumluluk<\/td>\n<td data-start=\"1855\" data-end=\"1884\" data-col-size=\"sm\">IEC, TIA-568, RoHS, REACH<\/td>\n<\/tr>\n<\/tbody>\n<\/table>\n<\/div>\n<\/div>\n<hr data-start=\"1886\" data-end=\"1889\" \/>\n<h3 data-start=\"1891\" data-end=\"1923\"><strong data-start=\"1895\" data-end=\"1923\">Bu Kablonun Kullan\u0131ld\u0131\u011f\u0131 Yerler<\/strong><\/h3>\n<ul data-start=\"1925\" data-end=\"2079\">\n<li data-start=\"1925\" data-end=\"1954\">\n<p data-start=\"1927\" data-end=\"1954\"><strong data-start=\"1927\" data-end=\"1954\">Telekom merkez ofisleri<\/strong><\/p>\n<\/li>\n<li data-start=\"1955\" data-end=\"1993\">\n<p data-start=\"1957\" data-end=\"1993\"><strong data-start=\"1957\" data-end=\"1993\">Fiber test ve \u00f6l\u00e7\u00fcm sistemleri<\/strong><\/p>\n<\/li>\n<li data-start=\"1994\" data-end=\"2013\">\n<p data-start=\"1996\" data-end=\"2013\"><strong data-start=\"1996\" data-end=\"2013\">CATV headendleri<\/strong><\/p>\n<\/li>\n<li data-start=\"2014\" data-end=\"2046\">\n<p data-start=\"2016\" data-end=\"2046\"><strong data-start=\"2016\" data-end=\"2046\">FTTH a\u011f\u0131n\u0131n devreye al\u0131nmas\u0131<\/strong><\/p>\n<\/li>\n<li data-start=\"2047\" data-end=\"2079\">\n<p data-start=\"2049\" data-end=\"2079\"><strong data-start=\"2049\" data-end=\"2079\">End\u00fcstriyel fiber ekipmanlar<\/strong><\/p>\n<\/li>\n<\/ul>\n<p data-start=\"2081\" data-end=\"2218\">Yayg\u0131n olarak \u015fu kaynaklardan temin edilir:<br \/>\n<strong data-start=\"2106\" data-end=\"2217\">sistem entegrat\u00f6rleri, telekom y\u00fcklenicileri, distrib\u00fct\u00f6rler, OEM ortaklar\u0131, ihracat\u00e7\u0131lar ve fiber-optik toptanc\u0131lar\u0131<\/strong>.<\/p>\n<hr data-start=\"2220\" data-end=\"2223\" \/>\n<h3 data-start=\"2225\" data-end=\"2268\"><strong data-start=\"2229\" data-end=\"2268\">Proje Seviyesinde Tedarik i\u00e7in Tasarland\u0131<\/strong><\/h3>\n<p data-start=\"2270\" data-end=\"2281\">Destekliyoruz:<\/p>\n<ul data-start=\"2282\" data-end=\"2451\">\n<li data-start=\"2282\" data-end=\"2318\">\n<p data-start=\"2284\" data-end=\"2318\"><strong data-start=\"2284\" data-end=\"2318\">Toplu sipari\u015fler ve uzun vadeli tedarik<\/strong><\/p>\n<\/li>\n<li data-start=\"2319\" data-end=\"2343\">\n<p data-start=\"2321\" data-end=\"2343\"><strong data-start=\"2321\" data-end=\"2343\">D\u00fc\u015f\u00fck ve esnek MOQ<\/strong><\/p>\n<\/li>\n<li data-start=\"2344\" data-end=\"2373\">\n<p data-start=\"2346\" data-end=\"2373\"><strong data-start=\"2346\" data-end=\"2373\">OEM \/ ODM \u00f6zelle\u015ftirme<\/strong><\/p>\n<\/li>\n<li data-start=\"2374\" data-end=\"2422\">\n<p data-start=\"2376\" data-end=\"2422\"><strong data-start=\"2376\" data-end=\"2422\">\u00d6zel uzunluklar, ceket tipleri ve etiketleme<\/strong><\/p>\n<\/li>\n<li data-start=\"2423\" data-end=\"2451\">\n<p data-start=\"2425\" data-end=\"2451\"><strong data-start=\"2425\" data-end=\"2451\">Fabrika do\u011frudan fiyatland\u0131rmas\u0131<\/strong><\/p>\n<\/li>\n<\/ul>\n<p data-start=\"2453\" data-end=\"2588\">Bu, SC\/UPC-FC\/UPC z\u0131rhl\u0131 yama kablosunu a\u015fa\u011f\u0131dakiler i\u00e7in ideal hale getirir <strong data-start=\"2512\" data-end=\"2587\">a\u011f da\u011f\u0131t\u0131m\u0131, bak\u0131m s\u00f6zle\u015fmeleri ve k\u00fcresel tedarik programlar\u0131<\/strong>.<\/p>\n<hr data-start=\"2590\" data-end=\"2593\" \/>\n<h2 data-start=\"2595\" data-end=\"2618\"><strong data-start=\"2598\" data-end=\"2618\">Profesyonel SSS<\/strong><\/h2>\n<p data-start=\"2620\" data-end=\"2776\"><strong data-start=\"2620\" data-end=\"2671\">S1: Neden bir tarafta LC veya SC yerine FC kullan\u0131l\u0131yor?<\/strong><br data-start=\"2671\" data-end=\"2674\" \/>FC \u015funlar\u0131 sa\u011flar <strong data-start=\"2686\" data-end=\"2734\">vida kilidi stabilitesi ve hassas hizalama<\/strong>, i\u00e7in idealdir. <strong data-start=\"2746\" data-end=\"2775\">test cihazlar\u0131 ve lazerler<\/strong>.<\/p>\n<p data-start=\"2778\" data-end=\"2942\"><strong data-start=\"2778\" data-end=\"2823\">S2: UPC telekom ve FTTH i\u00e7in uygun mu?<\/strong><br data-start=\"2823\" data-end=\"2826\" \/>Evet. UPC teklifleri <strong data-start=\"2842\" data-end=\"2885\">d\u00fc\u015f\u00fck ekleme kayb\u0131 ve iyi geri d\u00f6n\u00fc\u015f kayb\u0131<\/strong>, yayg\u0131n olarak kullan\u0131lmas\u0131n\u0131 sa\u011flar <strong data-start=\"2912\" data-end=\"2941\">telekom ve veri\u0307 a\u011flari<\/strong>.<\/p>\n<p data-start=\"2944\" data-end=\"3060\"><strong data-start=\"2944\" data-end=\"2994\">S3: Z\u0131rhlama optik performans\u0131 etkiler mi?<\/strong><br data-start=\"2994\" data-end=\"2997\" \/>Hay\u0131r. Bu sadece <strong data-start=\"3018\" data-end=\"3041\">mekanik dayan\u0131m<\/strong>, optik kay\u0131p de\u011fil.<\/p>","protected":false},"excerpt":{"rendered":"<p data-start=\"66\" data-end=\"339\">Bu <strong data-start=\"70\" data-end=\"107\">SC\/UPC-FC\/UPC Z\u0131rhl\u0131 yama kablosu<\/strong> bir <strong data-start=\"113\" data-end=\"158\">y\u00fcksek kararl\u0131l\u0131\u011fa sahip tek modlu optik jumper<\/strong> i\u00e7in tasarland\u0131 <strong data-start=\"174\" data-end=\"255\">telekom santralleri, test sistemleri, CATV headendleri ve end\u00fcstriyel fiber a\u011flar<\/strong> nerede <strong data-start=\"262\" data-end=\"323\">g\u00fcvenli konnekt\u00f6r kilitleme ve g\u00fc\u00e7l\u00fc mekanik koruma<\/strong> gerekli.<\/p>\n<p data-start=\"341\" data-end=\"589\">Birle\u015ftirir <strong data-start=\"355\" data-end=\"385\">push-pull SC\/UPC konnekt\u00f6r<\/strong> ile <strong data-start=\"393\" data-end=\"422\">di\u015fli FC\/UPC konekt\u00f6r\u00fc<\/strong>, kurulumculara ba\u011flant\u0131 kurma esnekli\u011fi sa\u011flar <strong data-start=\"466\" data-end=\"527\">hassas optik ekipmanlara modern da\u011f\u0131t\u0131m \u00e7er\u00e7eveleri<\/strong>-hepsi bir <strong data-start=\"547\" data-end=\"588\">sa\u011flam metal z\u0131rhl\u0131 kablo yap\u0131s\u0131<\/strong>.<\/p>\n<p data-start=\"591\" data-end=\"760\">Olarak <strong data-start=\"596\" data-end=\"666\">fiber optik \u00fcreticisi, toptan ihracat\u00e7\u0131s\u0131 ve OEM \/ ODM tedarik\u00e7isi<\/strong>, sa\u011fl\u0131yoruz <strong data-start=\"679\" data-end=\"741\">toplu tedarik, \u00f6zel etiketleme ve k\u00fcresel kaynak deste\u011fi<\/strong> B2B m\u00fc\u015fterileri i\u00e7in.<\/p>","protected":false},"featured_media":720,"comment_status":"open","ping_status":"closed","template":"","meta":[],"product_brand":[],"product_cat":[44],"product_tag":[],"class_list":{"0":"post-719","1":"product","2":"type-product","3":"status-publish","4":"has-post-thumbnail","6":"product_cat-multimode-fiber-optic-patch-cord","8":"first","9":"instock","10":"shipping-taxable","11":"product-type-simple"},"_links":{"self":[{"href":"https:\/\/www.fenxifiber.com\/tr\/wp-json\/wp\/v2\/product\/719","targetHints":{"allow":["GET"]}}],"collection":[{"href":"https:\/\/www.fenxifiber.com\/tr\/wp-json\/wp\/v2\/product"}],"about":[{"href":"https:\/\/www.fenxifiber.com\/tr\/wp-json\/wp\/v2\/types\/product"}],"replies":[{"embeddable":true,"href":"https:\/\/www.fenxifiber.com\/tr\/wp-json\/wp\/v2\/comments?post=719"}],"wp:featuredmedia":[{"embeddable":true,"href":"https:\/\/www.fenxifiber.com\/tr\/wp-json\/wp\/v2\/media\/720"}],"wp:attachment":[{"href":"https:\/\/www.fenxifiber.com\/tr\/wp-json\/wp\/v2\/media?parent=719"}],"wp:term":[{"taxonomy":"product_brand","embeddable":true,"href":"https:\/\/www.fenxifiber.com\/tr\/wp-json\/wp\/v2\/product_brand?post=719"},{"taxonomy":"product_cat","embeddable":true,"href":"https:\/\/www.fenxifiber.com\/tr\/wp-json\/wp\/v2\/product_cat?post=719"},{"taxonomy":"product_tag","embeddable":true,"href":"https:\/\/www.fenxifiber.com\/tr\/wp-json\/wp\/v2\/product_tag?post=719"}],"curies":[{"name":"wp","href":"https:\/\/api.w.org\/{rel}","templated":true}]}}