{"id":723,"date":"2026-02-03T07:40:28","date_gmt":"2026-02-03T07:40:28","guid":{"rendered":"https:\/\/www.fenxifiber.com\/?post_type=product&#038;p=723"},"modified":"2026-02-04T01:42:24","modified_gmt":"2026-02-04T01:42:24","slug":"sc-upc-sc-upc-zirhli","status":"publish","type":"product","link":"https:\/\/www.fenxifiber.com\/tr\/product\/sc-upc-sc-upc-armoured\/","title":{"rendered":"SC\/UPC-SC\/UPC Z\u0131rhl\u0131 Tek Modlu Fiber Optik Yama Kablosu"},"content":{"rendered":"<h3 data-start=\"745\" data-end=\"797\"><strong data-start=\"749\" data-end=\"797\">Neden Z\u0131rhl\u0131 Yap\u0131ya Sahip SC\/UPC'yi Se\u00e7melisiniz?<\/strong><\/h3>\n<p data-start=\"799\" data-end=\"1027\">SC konekt\u00f6rler <strong data-start=\"821\" data-end=\"897\">ODF'ler, patch paneller, FTTH kutular\u0131 ve telekom raflar\u0131 i\u00e7in standart aray\u00fcz<\/strong>.<br data-start=\"898\" data-end=\"901\" \/>Bu <strong data-start=\"905\" data-end=\"919\">UPC cilas\u0131<\/strong> sa\u011flar <strong data-start=\"928\" data-end=\"971\">d\u00fc\u015f\u00fck ekleme kayb\u0131 ve y\u00fcksek geri d\u00f6n\u00fc\u015f kayb\u0131<\/strong>, i\u00e7in ideal hale getirir. <strong data-start=\"993\" data-end=\"1026\">telekom ve veri iletimi<\/strong>.<\/p>\n<p data-start=\"1029\" data-end=\"1105\">Bu <strong data-start=\"1033\" data-end=\"1057\">z\u0131rhl\u0131 kablo katman\u0131<\/strong> bu jumper'\u0131n g\u00fcvenli bir \u015fekilde y\u00f6nlendirilmesini sa\u011flar:<\/p>\n<ul data-start=\"1106\" data-end=\"1191\">\n<li data-start=\"1106\" data-end=\"1121\">\n<p data-start=\"1108\" data-end=\"1121\">Zemin kanallar\u0131<\/p>\n<\/li>\n<li data-start=\"1122\" data-end=\"1137\">\n<p data-start=\"1124\" data-end=\"1137\">Kablo kanallar\u0131<\/p>\n<\/li>\n<li data-start=\"1138\" data-end=\"1158\">\n<p data-start=\"1140\" data-end=\"1158\">D\u0131\u015f mekan dolaplar\u0131<\/p>\n<\/li>\n<li data-start=\"1159\" data-end=\"1191\">\n<p data-start=\"1161\" data-end=\"1191\">Y\u00fcksek trafikli ekipman odalar\u0131<\/p>\n<\/li>\n<\/ul>\n<p data-start=\"1193\" data-end=\"1224\">lif kopmas\u0131 riski olmadan.<\/p>\n<hr data-start=\"1226\" data-end=\"1229\" \/>\n<h3 data-start=\"1231\" data-end=\"1263\"><strong data-start=\"1235\" data-end=\"1263\">Teknik \u00d6zellikler<\/strong><\/h3>\n<div class=\"TyagGW_tableContainer\">\n<div class=\"group TyagGW_tableWrapper flex flex-col-reverse w-fit\" tabindex=\"-1\">\n<table class=\"w-fit min-w-(--thread-content-width)\" data-start=\"1265\" data-end=\"1680\">\n<thead data-start=\"1265\" data-end=\"1303\">\n<tr data-start=\"1265\" data-end=\"1303\">\n<th class=\"\" data-start=\"1265\" data-end=\"1277\" data-col-size=\"sm\">Parametre<\/th>\n<th class=\"\" data-start=\"1277\" data-end=\"1303\" data-col-size=\"sm\">SC\/UPC-SC\/UPC Z\u0131rhl\u0131<\/th>\n<\/tr>\n<\/thead>\n<tbody data-start=\"1332\" data-end=\"1680\">\n<tr data-start=\"1332\" data-end=\"1373\">\n<td data-start=\"1332\" data-end=\"1345\" data-col-size=\"sm\">Elyaf Tipi<\/td>\n<td data-start=\"1345\" data-end=\"1373\" data-col-size=\"sm\">OS2 Tek Modlu 9\/125 \u03bcm<\/td>\n<\/tr>\n<tr data-start=\"1374\" data-end=\"1415\">\n<td data-start=\"1374\" data-end=\"1391\" data-col-size=\"sm\">Konekt\u00f6r Tipi<\/td>\n<td data-start=\"1391\" data-end=\"1415\" data-col-size=\"sm\">SC \/ UPC'den SC \/ UPC'ye<\/td>\n<\/tr>\n<tr data-start=\"1416\" data-end=\"1452\">\n<td data-start=\"1416\" data-end=\"1434\" data-col-size=\"sm\">Kablo Yap\u0131s\u0131<\/td>\n<td data-start=\"1434\" data-end=\"1452\" data-col-size=\"sm\">Metal z\u0131rhl\u0131<\/td>\n<\/tr>\n<tr data-start=\"1453\" data-end=\"1497\">\n<td data-start=\"1453\" data-end=\"1476\" data-col-size=\"sm\">\u00c7al\u0131\u015fma Dalga Boyu<\/td>\n<td data-start=\"1476\" data-end=\"1497\" data-col-size=\"sm\">1310 nm \/ 1550 nm<\/td>\n<\/tr>\n<tr data-start=\"1498\" data-end=\"1528\">\n<td data-start=\"1498\" data-end=\"1515\" data-col-size=\"sm\">Ekleme Kayb\u0131<\/td>\n<td data-start=\"1515\" data-end=\"1528\" data-col-size=\"sm\">\u2264 0,30 dB<\/td>\n<\/tr>\n<tr data-start=\"1529\" data-end=\"1554\">\n<td data-start=\"1529\" data-end=\"1543\" data-col-size=\"sm\">Geri D\u00f6n\u00fc\u015f Kayb\u0131<\/td>\n<td data-start=\"1543\" data-end=\"1554\" data-col-size=\"sm\">\u2265 50 dB<\/td>\n<\/tr>\n<tr data-start=\"1555\" data-end=\"1600\">\n<td data-start=\"1555\" data-end=\"1574\" data-col-size=\"sm\">\u00c7ekme Dayan\u0131m\u0131<\/td>\n<td data-start=\"1574\" data-end=\"1600\" data-col-size=\"sm\">Y\u00fcksek (z\u0131rhl\u0131 tasar\u0131m)<\/td>\n<\/tr>\n<tr data-start=\"1601\" data-end=\"1637\">\n<td data-start=\"1601\" data-end=\"1618\" data-col-size=\"sm\">Ceket Se\u00e7enekleri<\/td>\n<td data-start=\"1618\" data-end=\"1637\" data-col-size=\"sm\">LSZH \/ PE \/ PVC<\/td>\n<\/tr>\n<tr data-start=\"1638\" data-end=\"1680\">\n<td data-start=\"1638\" data-end=\"1651\" data-col-size=\"sm\">Uyumluluk<\/td>\n<td data-start=\"1651\" data-end=\"1680\" data-col-size=\"sm\">IEC, TIA-568, RoHS, REACH<\/td>\n<\/tr>\n<\/tbody>\n<\/table>\n<\/div>\n<\/div>\n<hr data-start=\"1682\" data-end=\"1685\" \/>\n<h3 data-start=\"1687\" data-end=\"1707\"><strong data-start=\"1691\" data-end=\"1707\">Uygulamalar<\/strong><\/h3>\n<ul data-start=\"1709\" data-end=\"1861\">\n<li data-start=\"1709\" data-end=\"1735\">\n<p data-start=\"1711\" data-end=\"1735\"><strong data-start=\"1711\" data-end=\"1735\">FTTH &amp; FTTx a\u011flar\u0131<\/strong><\/p>\n<\/li>\n<li data-start=\"1736\" data-end=\"1765\">\n<p data-start=\"1738\" data-end=\"1765\"><strong data-start=\"1738\" data-end=\"1765\">Telekom de\u011fi\u015fim \u00e7er\u00e7eveleri<\/strong><\/p>\n<\/li>\n<li data-start=\"1766\" data-end=\"1799\">\n<p data-start=\"1768\" data-end=\"1799\"><strong data-start=\"1768\" data-end=\"1799\">Fiber da\u011f\u0131t\u0131m kabinleri<\/strong><\/p>\n<\/li>\n<li data-start=\"1800\" data-end=\"1832\">\n<p data-start=\"1802\" data-end=\"1832\"><strong data-start=\"1802\" data-end=\"1832\">Veri merkezi \u00e7apraz ba\u011flant\u0131lar\u0131<\/strong><\/p>\n<\/li>\n<li data-start=\"1833\" data-end=\"1861\">\n<p data-start=\"1835\" data-end=\"1861\"><strong data-start=\"1835\" data-end=\"1861\">End\u00fcstriyel fiber ba\u011flant\u0131lar<\/strong><\/p>\n<\/li>\n<\/ul>\n<p data-start=\"1863\" data-end=\"1995\">Bu model yayg\u0131n olarak \u015fu kaynaklardan temin edilmektedir:<br \/>\n<strong data-start=\"1896\" data-end=\"1994\">telekom operat\u00f6rleri, a\u011f entegrat\u00f6rleri, distrib\u00fct\u00f6rler, toptanc\u0131lar, OEM ortaklar\u0131 ve ihracat\u00e7\u0131lar<\/strong>.<\/p>\n<hr data-start=\"1997\" data-end=\"2000\" \/>\n<h3 data-start=\"2002\" data-end=\"2049\"><strong data-start=\"2006\" data-end=\"2049\">Toptan Sat\u0131\u015f ve Proje Tedariki i\u00e7in Tasarland\u0131<\/strong><\/h3>\n<p data-start=\"2051\" data-end=\"2060\">Biz teklif ediyoruz:<\/p>\n<ul data-start=\"2061\" data-end=\"2211\">\n<li data-start=\"2061\" data-end=\"2085\">\n<p data-start=\"2063\" data-end=\"2085\"><strong data-start=\"2063\" data-end=\"2085\">Toplu sipari\u015f fiyatland\u0131rmas\u0131<\/strong><\/p>\n<\/li>\n<li data-start=\"2086\" data-end=\"2104\">\n<p data-start=\"2088\" data-end=\"2104\"><strong data-start=\"2088\" data-end=\"2104\">Esnek Adedi<\/strong><\/p>\n<\/li>\n<li data-start=\"2105\" data-end=\"2131\">\n<p data-start=\"2107\" data-end=\"2131\"><strong data-start=\"2107\" data-end=\"2131\">OEM \/ ODM \u00fcretim<\/strong><\/p>\n<\/li>\n<li data-start=\"2132\" data-end=\"2173\">\n<p data-start=\"2134\" data-end=\"2173\"><strong data-start=\"2134\" data-end=\"2173\">\u00d6zel etiketleme ve \u00f6zel ambalajlama<\/strong><\/p>\n<\/li>\n<li data-start=\"2174\" data-end=\"2211\">\n<p data-start=\"2176\" data-end=\"2211\"><strong data-start=\"2176\" data-end=\"2211\">\u0130stikrarl\u0131 uzun vadeli fabrika tedari\u011fi<\/strong><\/p>\n<\/li>\n<\/ul>\n<p data-start=\"2213\" data-end=\"2364\">Bu, SC\/UPC-SC\/UPC z\u0131rhl\u0131 yama kablosunu a\u015fa\u011f\u0131dakiler i\u00e7in ideal hale getirir <strong data-start=\"2272\" data-end=\"2363\">a\u011f da\u011f\u0131t\u0131m projeleri, bak\u0131m s\u00f6zle\u015fmeleri ve uluslararas\u0131 tedarik programlar\u0131<\/strong>.<\/p>","protected":false},"excerpt":{"rendered":"<p data-start=\"66\" data-end=\"324\">Bu <strong data-start=\"70\" data-end=\"107\">SC\/UPC-SC\/UPC Z\u0131rhl\u0131 yama kablosu<\/strong> bir <strong data-start=\"113\" data-end=\"154\">a\u011f\u0131r hizmet tipi tek modlu optik jumper<\/strong> i\u00e7in tasarland\u0131 <strong data-start=\"170\" data-end=\"251\">telekom odalar\u0131, FTTH da\u011f\u0131t\u0131m\u0131, veri merkezleri ve end\u00fcstriyel fiber a\u011flar<\/strong> her ikisinin de <strong data-start=\"263\" data-end=\"310\">optik hassasiyet ve mekanik koruma<\/strong> gerekli.<\/p>\n<p data-start=\"326\" data-end=\"553\">Birle\u015ftirerek <strong data-start=\"339\" data-end=\"364\">iki SC\/UPC konekt\u00f6r\u00fc<\/strong> ile <strong data-start=\"372\" data-end=\"406\">metal z\u0131rhl\u0131 kablo yap\u0131s\u0131<\/strong>, bu model \u015funlar\u0131 sunar <strong data-start=\"428\" data-end=\"458\">istikrarl\u0131 optik performans<\/strong> lifleri korurken <strong data-start=\"491\" data-end=\"552\">ezilme, b\u00fck\u00fclme, kemirgen hasar\u0131 ve montaj gerilimi<\/strong>.<\/p>\n<p data-start=\"555\" data-end=\"738\">Olarak <strong data-start=\"560\" data-end=\"645\">fabrika do\u011frudan fiber optik \u00fcreticisi, toptan ihracat\u00e7\u0131s\u0131 ve OEM \/ ODM tedarik\u00e7isi<\/strong>, destekliyoruz <strong data-start=\"658\" data-end=\"737\">toplu sipari\u015fler, distrib\u00fct\u00f6rler, sistem entegrat\u00f6rleri ve k\u00fcresel tedarik ortaklar\u0131<\/strong>.<\/p>","protected":false},"featured_media":725,"comment_status":"open","ping_status":"closed","template":"","meta":[],"product_brand":[],"product_cat":[44],"product_tag":[],"class_list":{"0":"post-723","1":"product","2":"type-product","3":"status-publish","4":"has-post-thumbnail","6":"product_cat-multimode-fiber-optic-patch-cord","8":"first","9":"instock","10":"shipping-taxable","11":"product-type-simple"},"_links":{"self":[{"href":"https:\/\/www.fenxifiber.com\/tr\/wp-json\/wp\/v2\/product\/723","targetHints":{"allow":["GET"]}}],"collection":[{"href":"https:\/\/www.fenxifiber.com\/tr\/wp-json\/wp\/v2\/product"}],"about":[{"href":"https:\/\/www.fenxifiber.com\/tr\/wp-json\/wp\/v2\/types\/product"}],"replies":[{"embeddable":true,"href":"https:\/\/www.fenxifiber.com\/tr\/wp-json\/wp\/v2\/comments?post=723"}],"wp:featuredmedia":[{"embeddable":true,"href":"https:\/\/www.fenxifiber.com\/tr\/wp-json\/wp\/v2\/media\/725"}],"wp:attachment":[{"href":"https:\/\/www.fenxifiber.com\/tr\/wp-json\/wp\/v2\/media?parent=723"}],"wp:term":[{"taxonomy":"product_brand","embeddable":true,"href":"https:\/\/www.fenxifiber.com\/tr\/wp-json\/wp\/v2\/product_brand?post=723"},{"taxonomy":"product_cat","embeddable":true,"href":"https:\/\/www.fenxifiber.com\/tr\/wp-json\/wp\/v2\/product_cat?post=723"},{"taxonomy":"product_tag","embeddable":true,"href":"https:\/\/www.fenxifiber.com\/tr\/wp-json\/wp\/v2\/product_tag?post=723"}],"curies":[{"name":"wp","href":"https:\/\/api.w.org\/{rel}","templated":true}]}}