{"id":730,"date":"2026-02-04T00:41:25","date_gmt":"2026-02-04T00:41:25","guid":{"rendered":"https:\/\/www.fenxifiber.com\/?post_type=product&#038;p=730"},"modified":"2026-02-04T01:49:52","modified_gmt":"2026-02-04T01:49:52","slug":"fc-apc-fc-apc-sm-sx","status":"publish","type":"product","link":"https:\/\/www.fenxifiber.com\/tr\/product\/fc-apc-fc-apc-sm-sx\/","title":{"rendered":"FC\/APC - FC\/APC Tek Modlu Simpleks Fiber Ba\u011flant\u0131 Kablosu K\u0131lavuzu"},"content":{"rendered":"<h3 data-path-to-node=\"5\">Neden FC\/APC-FC\/APC-SM-SX Modelini Se\u00e7melisiniz?<\/h3>\n<p data-path-to-node=\"6\">Bu \u00f6zel kablo, iki b\u00fcy\u00fck a\u011f sorununu \u00e7\u00f6zmek i\u00e7in tasarlanm\u0131\u015ft\u0131r: <b data-path-to-node=\"6\" data-index-in-node=\"75\">titre\u015fim kaynakl\u0131 sinyal kayb\u0131<\/b> ve <b data-path-to-node=\"6\" data-index-in-node=\"109\">geri yans\u0131ma<\/b>. FC konnekt\u00f6r\u00fcn di\u015fli metalik muhafazas\u0131 g\u00fcvenli bir mekanik kilit sa\u011flarken, APC y\u00fcks\u00fc\u011f\u00fcn\u00fcn 8 derecelik a\u00e7\u0131l\u0131 cilas\u0131 yans\u0131yan \u0131\u015f\u0131\u011f\u0131 kaplaman\u0131n i\u00e7ine iterek 60dB'nin \u00fczerinde bir geri d\u00f6n\u00fc\u015f kayb\u0131 sa\u011flar.<\/p>\n<hr data-path-to-node=\"7\" \/>\n<h3 data-path-to-node=\"8\">\u00c7ekirdek Teknik \u00d6zellikleri<\/h3>\n<p data-path-to-node=\"9\">Mevcut altyap\u0131n\u0131zla uyumlulu\u011fu do\u011frulaman\u0131za yard\u0131mc\u0131 olmak i\u00e7in, bu profesyonel s\u0131n\u0131f jumper i\u00e7in standartla\u015ft\u0131r\u0131lm\u0131\u015f \u00f6l\u00e7\u00fcmler a\u015fa\u011f\u0131da verilmi\u015ftir:<\/p>\n<table data-path-to-node=\"10\">\n<thead>\n<tr>\n<td><strong>\u015eartname<\/strong><\/td>\n<td><strong>Detaylar<\/strong><\/td>\n<td><strong>Fayda<\/strong><\/td>\n<\/tr>\n<\/thead>\n<tbody>\n<tr>\n<td><span data-path-to-node=\"10,1,0,0\"><b data-path-to-node=\"10,1,0,0\" data-index-in-node=\"0\">Model<\/b><\/span><\/td>\n<td><span data-path-to-node=\"10,1,1,0\">FC\/APC-FC\/APC-SM-SX<\/span><\/td>\n<td><span data-path-to-node=\"10,1,2,0\">End\u00fcstri Standard\u0131 Tan\u0131mlama<\/span><\/td>\n<\/tr>\n<tr>\n<td><span data-path-to-node=\"10,2,0,0\"><b data-path-to-node=\"10,2,0,0\" data-index-in-node=\"0\">Elyaf Tipi<\/b><\/span><\/td>\n<td><span data-path-to-node=\"10,2,1,0\">Tek modlu (G.652.D\/G.657.A1)<\/span><\/td>\n<td><span data-path-to-node=\"10,2,2,0\">1310\/1550nm i\u00e7in optimize edilmi\u015ftir<\/span><\/td>\n<\/tr>\n<tr>\n<td><span data-path-to-node=\"10,3,0,0\"><b data-path-to-node=\"10,3,0,0\" data-index-in-node=\"0\">Ekleme Kayb\u0131<\/b><\/span><\/td>\n<td><span data-path-to-node=\"10,3,1,0\"><span class=\"math-inline\" data-math=\"\\leq 0.3 \\text{ dB}\" data-index-in-node=\"0\">$\\leq 0,3 \\text{ dB}$<\/span><\/span><\/td>\n<td><span data-path-to-node=\"10,3,2,0\">Y\u00fcksek verimli \u0131\u015f\u0131k iletimi<\/span><\/td>\n<\/tr>\n<tr>\n<td><span data-path-to-node=\"10,4,0,0\"><b data-path-to-node=\"10,4,0,0\" data-index-in-node=\"0\">Geri D\u00f6n\u00fc\u015f Kayb\u0131<\/b><\/span><\/td>\n<td><span data-path-to-node=\"10,4,1,0\"><span class=\"math-inline\" data-math=\"\\geq 60 \\text{ dB}\" data-index-in-node=\"0\">$\\geq 60 \\text{ dB}$<\/span><\/span><\/td>\n<td><span data-path-to-node=\"10,4,2,0\">Lazer hasar\u0131n\u0131\/sinyal g\u00fcr\u00fclt\u00fcs\u00fcn\u00fc \u00f6nler<\/span><\/td>\n<\/tr>\n<tr>\n<td><span data-path-to-node=\"10,5,0,0\"><b data-path-to-node=\"10,5,0,0\" data-index-in-node=\"0\">Ceket Malzemesi<\/b><\/span><\/td>\n<td><span data-path-to-node=\"10,5,1,0\">LSZH (Sar\u0131)<\/span><\/td>\n<td><span data-path-to-node=\"10,5,2,0\">Yang\u0131na kar\u015f\u0131 g\u00fcvenli, d\u00fc\u015f\u00fck dumanl\u0131, s\u0131f\u0131r halojen<\/span><\/td>\n<\/tr>\n<tr>\n<td><span data-path-to-node=\"10,6,0,0\"><b data-path-to-node=\"10,6,0,0\" data-index-in-node=\"0\">Dayan\u0131kl\u0131l\u0131k<\/b><\/span><\/td>\n<td><span data-path-to-node=\"10,6,1,0\"><span class=\"math-inline\" data-math=\"&gt; 1000\" data-index-in-node=\"0\">$&gt; 1000$<\/span> \u00e7iftle\u015fmeler<\/span><\/td>\n<td><span data-path-to-node=\"10,6,2,0\">Uzun vadeli mekanik g\u00fcvenilirlik<\/span><\/td>\n<\/tr>\n<\/tbody>\n<\/table>\n<hr data-path-to-node=\"11\" \/>\n<h3 data-path-to-node=\"12\">Temel Performans Avantajlar\u0131<\/h3>\n<ul data-path-to-node=\"13\">\n<li>\n<p data-path-to-node=\"13,0,0\"><b data-path-to-node=\"13,0,0\" data-index-in-node=\"0\">Hassas Y\u00fcks\u00fck Hizalama:<\/b> Her kablo, 9 mikronluk \u00e7ekirde\u011fin her seferinde m\u00fckemmel \u015fekilde hizalanmas\u0131n\u0131 sa\u011flayan y\u00fcksek kaliteli seramik bir y\u00fcks\u00fc\u011fe sahiptir.<\/p>\n<\/li>\n<li>\n<p data-path-to-node=\"13,1,0\"><b data-path-to-node=\"13,1,0\" data-index-in-node=\"0\">\u00c7evresel Dayan\u0131kl\u0131l\u0131k:<\/b> Y\u00fcksek s\u0131cakl\u0131k direnci ve deforme olmayan bir k\u0131l\u0131f ile bu kablolar, modern veri merkezlerinin zorlu ko\u015fullar\u0131 i\u00e7in \u00fcretilmi\u015ftir.<\/p>\n<\/li>\n<li>\n<p data-path-to-node=\"13,2,0\"><b data-path-to-node=\"13,2,0\" data-index-in-node=\"0\">Minimal Manuel M\u00fcdahale:<\/b> Otomatikle\u015ftirilmi\u015f \u00fcretim s\u00fcrecimiz insan hatalar\u0131n\u0131 azaltarak b\u00fcy\u00fck \u00f6l\u00e7ekli da\u011f\u0131t\u0131mlarda tutarl\u0131 bir istikrar sa\u011flar.<\/p>\n<\/li>\n<li>\n<p data-path-to-node=\"13,3,0\"><b data-path-to-node=\"13,3,0\" data-index-in-node=\"0\">Standartla\u015ft\u0131r\u0131lm\u0131\u015f Uyumluluk:<\/b> Optik konekt\u00f6rler i\u00e7in Telcordia GR-326-CORE standartlar\u0131yla tam uyumludur.<\/p>\n<\/li>\n<\/ul>\n<hr data-path-to-node=\"14\" \/>\n<h3 data-path-to-node=\"15\">A\u011f M\u00fchendisleri i\u00e7in Uzman Soru-Cevaplar\u0131<\/h3>\n<p data-path-to-node=\"16\"><b data-path-to-node=\"16\" data-index-in-node=\"0\">S1: LC\/SC'nin y\u00fckseli\u015fine ra\u011fmen FC konnekt\u00f6r\u00fc neden hala pop\u00fcler?<\/b><\/p>\n<p data-path-to-node=\"16\">FC konnekt\u00f6r\u00fcn di\u015fli, metalik tasar\u0131m\u0131, kazara \u00e7ekilmelere veya titre\u015fime kar\u015f\u0131 neredeyse ba\u011f\u0131\u015f\u0131kt\u0131r. Test ekipmanlar\u0131, laboratuvar ortamlar\u0131 ve fiziksel stabilitenin \u00e7ok \u00f6nemli oldu\u011fu end\u00fcstriyel ortamlar i\u00e7in \u201calt\u0131n standart\u201d olmaya devam etmektedir.<\/p>\n<p data-path-to-node=\"17\"><b data-path-to-node=\"17\" data-index-in-node=\"0\">S2: Bunu bir Mavi (UPC) FC adapt\u00f6r\u00fcne ba\u011flarsam ne olur?<\/b><\/p>\n<p data-path-to-node=\"17\">Bir APC'nin (Ye\u015fil) bir UPC'ye (Mavi) ba\u011flanmas\u0131 b\u00fcy\u00fck bir hava bo\u015flu\u011funa neden olur. Bu neden olur <b data-path-to-node=\"17\" data-index-in-node=\"151\">y\u00fcksek ekleme kayb\u0131<\/b> ve fiber u\u00e7 y\u00fczeylerini fiziksel olarak \u00e7izebilir. Adapt\u00f6rlerinizin ve konekt\u00f6rlerinizin her zaman renk olarak e\u015fle\u015fti\u011finden emin olun.<\/p>\n<p data-path-to-node=\"18\"><b data-path-to-node=\"18\" data-index-in-node=\"0\">S3: Bu kablo 40G\/100G a\u011flar\u0131 i\u00e7in uygun mu?<\/b><\/p>\n<p data-path-to-node=\"18\">Evet. Konekt\u00f6r \u201cSimplex\u201d olsa da, Tek modlu fiber \u00e7ekirdek (OS2), al\u0131c\u0131-vericilerinizin tek telli \u00e7al\u0131\u015fma i\u00e7in yap\u0131land\u0131r\u0131lm\u0131\u015f olmas\u0131 ko\u015fuluyla, uzun mesafelerde y\u00fcksek bant geni\u015fli\u011fine sahip protokolleri kolayca destekler.<\/p>","protected":false},"excerpt":{"rendered":"<p data-path-to-node=\"4\">Y\u00fcksek hassasiyetli a\u011flarda <b data-path-to-node=\"4\" data-index-in-node=\"34\">FC\/APC - FC\/APC Tek Modlu Simpleks (SM SX)<\/b> fiber jumper stabilite i\u00e7in kesin se\u00e7imdir. \u0130ster bir telekom\u00fcnikasyon merkezini ister bir CATV a\u011f\u0131n\u0131 y\u00f6netiyor olun, A\u00e7\u0131l\u0131 Fiziksel Temas (APC) cilas\u0131 ile e\u015fle\u015ftirilmi\u015f \u201cvidal\u0131\u201d FC konekt\u00f6r\u00fc, sinyalinizin uzun mesafelerde kusursuz kalmas\u0131n\u0131 sa\u011flar.<\/p>\n<h3 data-path-to-node=\"5\"><\/h3>","protected":false},"featured_media":734,"comment_status":"open","ping_status":"closed","template":"","meta":[],"product_brand":[],"product_cat":[45],"product_tag":[],"class_list":{"0":"post-730","1":"product","2":"type-product","3":"status-publish","4":"has-post-thumbnail","6":"product_cat-single-mode-fiber-optic-patch-cord","8":"first","9":"instock","10":"shipping-taxable","11":"product-type-simple"},"_links":{"self":[{"href":"https:\/\/www.fenxifiber.com\/tr\/wp-json\/wp\/v2\/product\/730","targetHints":{"allow":["GET"]}}],"collection":[{"href":"https:\/\/www.fenxifiber.com\/tr\/wp-json\/wp\/v2\/product"}],"about":[{"href":"https:\/\/www.fenxifiber.com\/tr\/wp-json\/wp\/v2\/types\/product"}],"replies":[{"embeddable":true,"href":"https:\/\/www.fenxifiber.com\/tr\/wp-json\/wp\/v2\/comments?post=730"}],"wp:featuredmedia":[{"embeddable":true,"href":"https:\/\/www.fenxifiber.com\/tr\/wp-json\/wp\/v2\/media\/734"}],"wp:attachment":[{"href":"https:\/\/www.fenxifiber.com\/tr\/wp-json\/wp\/v2\/media?parent=730"}],"wp:term":[{"taxonomy":"product_brand","embeddable":true,"href":"https:\/\/www.fenxifiber.com\/tr\/wp-json\/wp\/v2\/product_brand?post=730"},{"taxonomy":"product_cat","embeddable":true,"href":"https:\/\/www.fenxifiber.com\/tr\/wp-json\/wp\/v2\/product_cat?post=730"},{"taxonomy":"product_tag","embeddable":true,"href":"https:\/\/www.fenxifiber.com\/tr\/wp-json\/wp\/v2\/product_tag?post=730"}],"curies":[{"name":"wp","href":"https:\/\/api.w.org\/{rel}","templated":true}]}}