{"id":735,"date":"2026-02-04T00:45:19","date_gmt":"2026-02-04T00:45:19","guid":{"rendered":"https:\/\/www.fenxifiber.com\/?post_type=product&#038;p=735"},"modified":"2026-02-04T01:50:22","modified_gmt":"2026-02-04T01:50:22","slug":"fc-apc-lc-apc-sm-sx","status":"publish","type":"product","link":"https:\/\/www.fenxifiber.com\/tr\/product\/fc-apc-lc-apc-sm-sx\/","title":{"rendered":"FC\/APC - LC\/APC Tek Modlu Simpleks Fiber Ba\u011flant\u0131 Kablosu"},"content":{"rendered":"<h3 data-path-to-node=\"5\">Hibrit Avantaj\u0131: Neden FC'den LC'ye?<\/h3>\n<p data-path-to-node=\"6\">Bir\u00e7ok end\u00fcstriyel s\u0131n\u0131f OLT veya test cihaz\u0131 hala sa\u011flam, metalik <b data-path-to-node=\"6\" data-index-in-node=\"82\">FC<\/b> titre\u015fim direnci i\u00e7in aray\u00fcz. Bununla birlikte, \u00e7o\u011fu modern anahtar ve SFP mod\u00fcl\u00fc k\u00fc\u00e7\u00fck form fakt\u00f6rl\u00fc <b data-path-to-node=\"6\" data-index-in-node=\"197\">LC<\/b> yer kazanmak i\u00e7in aray\u00fcz. Bu hibrit kablo, b\u00fcy\u00fck adapt\u00f6rlere olan ihtiyac\u0131 ortadan kald\u0131rarak potansiyel ar\u0131za noktalar\u0131n\u0131 azalt\u0131r ve ekleme kayb\u0131n\u0131z\u0131 d\u00fc\u015f\u00fck tutar.<\/p>\n<hr data-path-to-node=\"7\" \/>\n<h3 data-path-to-node=\"8\">Teknik Performans \u00d6zellikleri<\/h3>\n<p data-path-to-node=\"9\">Bu kablo, y\u00fcksek performansl\u0131 OS2 tek modlu ortamlar i\u00e7in tasarlanm\u0131\u015ft\u0131r ve verilerinizin daha az parazitle daha uza\u011fa gitmesini sa\u011flar.<\/p>\n<table data-path-to-node=\"10\">\n<thead>\n<tr>\n<td><strong>Metrik<\/strong><\/td>\n<td><strong>\u015eartname<\/strong><\/td>\n<td><strong>Neden \u00d6nemli?<\/strong><\/td>\n<\/tr>\n<\/thead>\n<tbody>\n<tr>\n<td><span data-path-to-node=\"10,1,0,0\"><b data-path-to-node=\"10,1,0,0\" data-index-in-node=\"0\">Konekt\u00f6r A<\/b><\/span><\/td>\n<td><span data-path-to-node=\"10,1,1,0\">FC\/APC (Metalik Vida)<\/span><\/td>\n<td><span data-path-to-node=\"10,1,2,0\">Maksimum mekanik stabilite<\/span><\/td>\n<\/tr>\n<tr>\n<td><span data-path-to-node=\"10,2,0,0\"><b data-path-to-node=\"10,2,0,0\" data-index-in-node=\"0\">Konekt\u00f6r B<\/b><\/span><\/td>\n<td><span data-path-to-node=\"10,2,1,0\">LC\/APC (Ge\u00e7meli Plastik)<\/span><\/td>\n<td><span data-path-to-node=\"10,2,2,0\">Y\u00fcksek yo\u011funluklu ba\u011flant\u0131 noktas\u0131 uyumlulu\u011fu<\/span><\/td>\n<\/tr>\n<tr>\n<td><span data-path-to-node=\"10,3,0,0\"><b data-path-to-node=\"10,3,0,0\" data-index-in-node=\"0\">Elyaf Tipi<\/b><\/span><\/td>\n<td><span data-path-to-node=\"10,3,1,0\">Tek Mod 9\/125\u03bcm<\/span><\/td>\n<td><span data-path-to-node=\"10,3,2,0\">Uzun mesafe sinyal b\u00fct\u00fcnl\u00fc\u011f\u00fc<\/span><\/td>\n<\/tr>\n<tr>\n<td><span data-path-to-node=\"10,4,0,0\"><b data-path-to-node=\"10,4,0,0\" data-index-in-node=\"0\">Geri D\u00f6n\u00fc\u015f Kayb\u0131<\/b><\/span><\/td>\n<td><span data-path-to-node=\"10,4,1,0\"><span class=\"math-inline\" data-math=\"\\geq 60 \\text{ dB}\" data-index-in-node=\"0\">$\\geq 60 \\text{ dB}$<\/span> (APC'den APC'ye)<\/span><\/td>\n<td><span data-path-to-node=\"10,4,2,0\">S\u0131n\u0131f\u0131n\u0131n en iyisi yans\u0131ma kontrol\u00fc<\/span><\/td>\n<\/tr>\n<tr>\n<td><span data-path-to-node=\"10,5,0,0\"><b data-path-to-node=\"10,5,0,0\" data-index-in-node=\"0\">Ekleme Kayb\u0131<\/b><\/span><\/td>\n<td><span data-path-to-node=\"10,5,1,0\"><span class=\"math-inline\" data-math=\"\\leq 0.3 \\text{ dB}\" data-index-in-node=\"0\">$\\leq 0,3 \\text{ dB}$<\/span><\/span><\/td>\n<td><span data-path-to-node=\"10,5,2,0\">Ba\u011flant\u0131 boyunca d\u00fc\u015f\u00fck g\u00fc\u00e7 d\u00fc\u015f\u00fc\u015f\u00fc<\/span><\/td>\n<\/tr>\n<tr>\n<td><span data-path-to-node=\"10,6,0,0\"><b data-path-to-node=\"10,6,0,0\" data-index-in-node=\"0\">Ceket<\/b><\/span><\/td>\n<td><span data-path-to-node=\"10,6,1,0\">2.0mm \/ 3.0mm LSZH<\/span><\/td>\n<td><span data-path-to-node=\"10,6,2,0\">\u0130\u00e7 mekan g\u00fcvenli\u011fi i\u00e7in yang\u0131n dereceli<\/span><\/td>\n<\/tr>\n<\/tbody>\n<\/table>\n<hr data-path-to-node=\"11\" \/>\n<h3 data-path-to-node=\"12\">FC\/APC-LC\/APC-SM-SX'in Temel \u00d6zellikleri<\/h3>\n<ul data-path-to-node=\"13\">\n<li>\n<p data-path-to-node=\"13,0,0\"><b data-path-to-node=\"13,0,0\" data-index-in-node=\"0\">Premium APC Cila:<\/b> Her iki u\u00e7 da 8 derecelik a\u00e7\u0131l\u0131 cilaya (Ye\u015fil) sahiptir. Bu, geri yans\u0131man\u0131n hassas lazer diyotlara zarar verebilece\u011fi y\u00fcksek bit h\u0131zl\u0131 uygulamalar i\u00e7in kritik \u00f6neme sahiptir.<\/p>\n<\/li>\n<li>\n<p data-path-to-node=\"13,1,0\"><b data-path-to-node=\"13,1,0\" data-index-in-node=\"0\">Yerden Tasarruf Sa\u011flayan LC U\u00e7:<\/b> LC konnekt\u00f6r\u00fcn k\u00fc\u00e7\u00fck ayak izi, eski konnekt\u00f6r tiplerine k\u0131yasla anahtar taraf\u0131nda iki kat daha fazla ba\u011flant\u0131 noktas\u0131 yo\u011funlu\u011funa olanak tan\u0131r.<\/p>\n<\/li>\n<li>\n<p data-path-to-node=\"13,2,0\"><b data-path-to-node=\"13,2,0\" data-index-in-node=\"0\">End\u00fcstriyel Mukavemetli FC U\u00e7:<\/b> Di\u015fli metal somun, y\u00fcksek titre\u015fimli sunucu odalar\u0131nda veya end\u00fcstriyel kabinlerde bile ba\u011flant\u0131n\u0131n yerinde kalmas\u0131n\u0131 sa\u011flar.<\/p>\n<\/li>\n<li>\n<p data-path-to-node=\"13,3,0\"><b data-path-to-node=\"13,3,0\" data-index-in-node=\"0\">G\u00fcvenilir LSZH Ceket:<\/b> D\u00fc\u015f\u00fck Dumanl\u0131 S\u0131f\u0131r Halojen ceket, veri merkezleri i\u00e7in profesyonel standartt\u0131r ve yang\u0131n durumunda g\u00fcvenlik sa\u011flar.<\/p>\n<\/li>\n<\/ul>\n<hr data-path-to-node=\"14\" \/>\n<h3 data-path-to-node=\"15\">Uzman Soru-Cevaplar\u0131: Yayg\u0131n Saha Sorular\u0131<\/h3>\n<p data-path-to-node=\"16\"><b data-path-to-node=\"16\" data-index-in-node=\"0\">S1: Bu kabloyu standart bir LC SFP mod\u00fcl\u00fcn\u00fc bir FC patch panele ba\u011flamak i\u00e7in kullanabilir miyim?<\/b><\/p>\n<p data-path-to-node=\"16\"><b data-path-to-node=\"16\" data-index-in-node=\"83\">A:<\/b> Yaln\u0131zca SFP mod\u00fcl\u00fcn\u00fcz ve patch paneliniz a\u015fa\u011f\u0131dakiler i\u00e7in derecelendirilmi\u015fse <b data-path-to-node=\"16\" data-index-in-node=\"145\">APC (Ye\u015fil)<\/b>. \u00c7o\u011fu standart LC SFP mod\u00fcl\u00fc UPC (Mavi) kullan\u0131r. Bir LC\/APC konekt\u00f6r\u00fcn\u00fc bir UPC SFP'ye takarsan\u0131z, a\u00e7\u0131l\u0131 u\u00e7 hizalanmaz ve y\u00fcksek kayba neden olur. Her zaman ba\u011flant\u0131 noktas\u0131n\u0131n rengini do\u011frulay\u0131n.<\/p>\n<p data-path-to-node=\"17\"><b data-path-to-node=\"17\" data-index-in-node=\"0\">S2: \u201cSimplex\u201d tasar\u0131m\u0131 10Gbps veya 100Gbps'yi destekliyor mu?<\/b><\/p>\n<p data-path-to-node=\"17\"><b data-path-to-node=\"17\" data-index-in-node=\"57\">A:<\/b> Evet. Fiber \u00e7ekirde\u011fin kendisi (Tek Mod OS2) neredeyse s\u0131n\u0131rs\u0131z bant geni\u015fli\u011fine sahiptir. \u201cSimplex\u201d (SX) tan\u0131m\u0131 sadece tek bir fiber kulland\u0131\u011f\u0131 anlam\u0131na gelir. A\u011f\u0131n\u0131zda BiDi (\u00c7ift y\u00f6nl\u00fc) al\u0131c\u0131-vericiler kullan\u0131l\u0131yorsa, y\u00fcksek h\u0131zl\u0131 veri i\u00e7in ihtiyac\u0131n\u0131z olan tek \u015fey bu tek fiberdir.<\/p>\n<p data-path-to-node=\"18\"><b data-path-to-node=\"18\" data-index-in-node=\"0\">S3: Bu konekt\u00f6rler ne kadar dayan\u0131kl\u0131?<\/b><\/p>\n<p data-path-to-node=\"18\"><b data-path-to-node=\"18\" data-index-in-node=\"38\">A:<\/b> FC taraf\u0131, metal g\u00f6vdesi sayesinde son derece dayan\u0131kl\u0131d\u0131r. LC taraf\u0131 en az 1.000 \u00e7iftle\u015fme i\u00e7in derecelendirilmi\u015ftir. Her 10-20 yerle\u015ftirmeden sonra u\u00e7lar\u0131 temizlemek i\u00e7in bir fiber inceleme mikroskobu kullanman\u0131z\u0131 \u00f6neririz. <span class=\"math-inline\" data-math=\"&lt;0.3\\text{dB}\" data-index-in-node=\"265\">$&lt;0.3\\text{dB}$<\/span> kay\u0131p derecesi.<\/p>","protected":false},"excerpt":{"rendered":"<p data-path-to-node=\"4\">Modern fiber da\u011f\u0131t\u0131mlar\u0131nda \u00e7ok y\u00f6nl\u00fcl\u00fck de h\u0131z kadar \u00f6nemlidir. Bu nedenle <b data-path-to-node=\"4\" data-index-in-node=\"76\">FC\/APC - LC\/APC Tek Modlu Simpleks (SM SX)<\/b> yama kablosu, sa\u011flam eski donan\u0131m ile y\u00fcksek yo\u011funluklu modern a\u011flar aras\u0131ndaki temel k\u00f6pr\u00fcd\u00fcr. G\u00fcvenli, di\u015fli FC konekt\u00f6r\u00fcn\u00fc kompakt, itmeli-\u00e7ekmeli LC konekt\u00f6r\u00fcyle birle\u015ftiren bu atlama kablosu, farkl\u0131 donan\u0131m nesilleri aras\u0131nda sorunsuz entegrasyon sa\u011flar.<\/p>\n<h3 data-path-to-node=\"5\"><\/h3>","protected":false},"featured_media":737,"comment_status":"open","ping_status":"closed","template":"","meta":[],"product_brand":[],"product_cat":[45],"product_tag":[],"class_list":{"0":"post-735","1":"product","2":"type-product","3":"status-publish","4":"has-post-thumbnail","6":"product_cat-single-mode-fiber-optic-patch-cord","8":"first","9":"instock","10":"shipping-taxable","11":"product-type-simple"},"_links":{"self":[{"href":"https:\/\/www.fenxifiber.com\/tr\/wp-json\/wp\/v2\/product\/735","targetHints":{"allow":["GET"]}}],"collection":[{"href":"https:\/\/www.fenxifiber.com\/tr\/wp-json\/wp\/v2\/product"}],"about":[{"href":"https:\/\/www.fenxifiber.com\/tr\/wp-json\/wp\/v2\/types\/product"}],"replies":[{"embeddable":true,"href":"https:\/\/www.fenxifiber.com\/tr\/wp-json\/wp\/v2\/comments?post=735"}],"wp:featuredmedia":[{"embeddable":true,"href":"https:\/\/www.fenxifiber.com\/tr\/wp-json\/wp\/v2\/media\/737"}],"wp:attachment":[{"href":"https:\/\/www.fenxifiber.com\/tr\/wp-json\/wp\/v2\/media?parent=735"}],"wp:term":[{"taxonomy":"product_brand","embeddable":true,"href":"https:\/\/www.fenxifiber.com\/tr\/wp-json\/wp\/v2\/product_brand?post=735"},{"taxonomy":"product_cat","embeddable":true,"href":"https:\/\/www.fenxifiber.com\/tr\/wp-json\/wp\/v2\/product_cat?post=735"},{"taxonomy":"product_tag","embeddable":true,"href":"https:\/\/www.fenxifiber.com\/tr\/wp-json\/wp\/v2\/product_tag?post=735"}],"curies":[{"name":"wp","href":"https:\/\/api.w.org\/{rel}","templated":true}]}}