{"id":740,"date":"2026-02-04T00:51:28","date_gmt":"2026-02-04T00:51:28","guid":{"rendered":"https:\/\/www.fenxifiber.com\/?post_type=product&#038;p=740"},"modified":"2026-02-04T01:55:54","modified_gmt":"2026-02-04T01:55:54","slug":"lc-apc-lc-apc-sm-sx","status":"publish","type":"product","link":"https:\/\/www.fenxifiber.com\/tr\/product\/lc-apc-lc-apc-sm-sx\/","title":{"rendered":"LC\/APC - LC\/APC Tek Modlu Simpleks Fiber Ba\u011flant\u0131 Kablosu"},"content":{"rendered":"<h3 data-path-to-node=\"5\">Ye\u015fil LC Konnekt\u00f6r\u00fcn G\u00fcc\u00fc<\/h3>\n<p data-path-to-node=\"6\">\u201cLC\u201d konekt\u00f6r, eski SC konekt\u00f6rlere k\u0131yasla gereken alan\u0131 yar\u0131ya indirerek a\u011f ileti\u015fiminde devrim yaratt\u0131. Ekledi\u011finizde <b data-path-to-node=\"6\" data-index-in-node=\"125\">APC (A\u00e7\u0131l\u0131 Fiziksel Temas)<\/b> Ye\u015fil muhafazas\u0131 ile tan\u0131mlanabilen cila, y\u00fcksek g\u00fc\u00e7l\u00fc lazer kaynaklar\u0131n\u0131n kararl\u0131l\u0131\u011f\u0131 i\u00e7in hayati \u00f6nem ta\u015f\u0131yan geri yans\u0131may\u0131 neredeyse ortadan kald\u0131ran bir ba\u011flant\u0131 elde edersiniz.<\/p>\n<hr data-path-to-node=\"7\" \/>\n<h3 data-path-to-node=\"8\">Teknik Performans Verileri<\/h3>\n<p data-path-to-node=\"9\">LC\/APC atlama kablolar\u0131m\u0131z, dar y\u00f6nlendirme ortamlar\u0131nda bile performans sa\u011flamak i\u00e7in G.652.D\/G.657.A1 b\u00fck\u00fclmeye kar\u015f\u0131 hassas olmayan fiberden \u00fcretilmi\u015ftir.<\/p>\n<table data-path-to-node=\"10\">\n<thead>\n<tr>\n<td><strong>Parametre<\/strong><\/td>\n<td><strong>\u015eartname<\/strong><\/td>\n<td><strong>Performans Etkisi<\/strong><\/td>\n<\/tr>\n<\/thead>\n<tbody>\n<tr>\n<td><span data-path-to-node=\"10,1,0,0\"><b data-path-to-node=\"10,1,0,0\" data-index-in-node=\"0\">Konekt\u00f6r Tipi<\/b><\/span><\/td>\n<td><span data-path-to-node=\"10,1,1,0\">LC\/APC - LC\/APC<\/span><\/td>\n<td><span data-path-to-node=\"10,1,2,0\">Y\u00fcksek yo\u011funluklu ge\u00e7meli tasar\u0131m<\/span><\/td>\n<\/tr>\n<tr>\n<td><span data-path-to-node=\"10,2,0,0\"><b data-path-to-node=\"10,2,0,0\" data-index-in-node=\"0\">Fiber Modu<\/b><\/span><\/td>\n<td><span data-path-to-node=\"10,2,1,0\">Tekli Mod (OS2)<\/span><\/td>\n<td><span data-path-to-node=\"10,2,2,0\">Uzun menzilli 1310\/1550nm deste\u011fi<\/span><\/td>\n<\/tr>\n<tr>\n<td><span data-path-to-node=\"10,3,0,0\"><b data-path-to-node=\"10,3,0,0\" data-index-in-node=\"0\">Ekleme Kayb\u0131<\/b><\/span><\/td>\n<td><span data-path-to-node=\"10,3,1,0\"><span class=\"math-inline\" data-math=\"\\leq 0.25 \\text{ dB}\" data-index-in-node=\"0\">$\\leq 0,25 \\text{ dB}$<\/span><\/span><\/td>\n<td><span data-path-to-node=\"10,3,2,0\">Sekt\u00f6r lideri d\u00fc\u015f\u00fck zay\u0131flama<\/span><\/td>\n<\/tr>\n<tr>\n<td><span data-path-to-node=\"10,4,0,0\"><b data-path-to-node=\"10,4,0,0\" data-index-in-node=\"0\">Geri D\u00f6n\u00fc\u015f Kayb\u0131<\/b><\/span><\/td>\n<td><span data-path-to-node=\"10,4,1,0\"><span class=\"math-inline\" data-math=\"\\geq 65 \\text{ dB}\" data-index-in-node=\"0\">$\\geq 65 \\text{ dB}$<\/span><\/span><\/td>\n<td><span data-path-to-node=\"10,4,2,0\">Maksimum sinyal safl\u0131\u011f\u0131<\/span><\/td>\n<\/tr>\n<tr>\n<td><span data-path-to-node=\"10,5,0,0\"><b data-path-to-node=\"10,5,0,0\" data-index-in-node=\"0\">Kablo \u00c7ap\u0131<\/b><\/span><\/td>\n<td><span data-path-to-node=\"10,5,1,0\">2.0mm \/ 3.0mm<\/span><\/td>\n<td><span data-path-to-node=\"10,5,2,0\">Esnek ve y\u00f6netimi kolay<\/span><\/td>\n<\/tr>\n<tr>\n<td><span data-path-to-node=\"10,6,0,0\"><b data-path-to-node=\"10,6,0,0\" data-index-in-node=\"0\">Ceket De\u011ferlendirmesi<\/b><\/span><\/td>\n<td><span data-path-to-node=\"10,6,1,0\">LSZH (Sar\u0131)<\/span><\/td>\n<td><span data-path-to-node=\"10,6,2,0\">Kapal\u0131\/kapal\u0131 alanlar i\u00e7in g\u00fcvenli<\/span><\/td>\n<\/tr>\n<\/tbody>\n<\/table>\n<hr data-path-to-node=\"11\" \/>\n<h3 data-path-to-node=\"12\">LC\/APC-LC\/APC-SM-SX Neden \u00d6nemlidir?<\/h3>\n<ul data-path-to-node=\"13\">\n<li>\n<p data-path-to-node=\"13,0,0\"><b data-path-to-node=\"13,0,0\" data-index-in-node=\"0\">Yo\u011funlu\u011fu iki kat\u0131na \u00e7\u0131kar\u0131n:<\/b> LC konekt\u00f6r\u00fcn 1,25 mm seramik y\u00fcks\u00fc\u011f\u00fc, a\u011f m\u00fchendislerinin SC veya FC konekt\u00f6rlere k\u0131yasla 1U patch panele iki kat daha fazla ba\u011flant\u0131 s\u0131\u011fd\u0131rmas\u0131na olanak tan\u0131r.<\/p>\n<\/li>\n<li>\n<p data-path-to-node=\"13,1,0\"><b data-path-to-node=\"13,1,0\" data-index-in-node=\"0\">\u00dcst\u00fcn Geri D\u00f6n\u00fc\u015f Kayb\u0131:<\/b> Genellikle a\u015fan bir geri d\u00f6n\u00fc\u015f kayb\u0131 ile <b data-path-to-node=\"13,1,0\" data-index-in-node=\"57\">65dB<\/b>, LC\/APC kablolar\u0131 GPON, video iletimi (CATV) ve uzun mesafeli DWDM sistemleri gibi hassas uygulamalar i\u00e7in zorunludur.<\/p>\n<\/li>\n<li>\n<p data-path-to-node=\"13,2,0\"><b data-path-to-node=\"13,2,0\" data-index-in-node=\"0\">Kullan\u0131c\u0131 Dostu Mandal:<\/b> RJ45 tarz\u0131 \u201citme-\u00e7ekme\u201d mandallama mekanizmas\u0131, konekt\u00f6r\u00fcn tamamen oturdu\u011fundan ve g\u00fcvenli oldu\u011fundan emin olmak i\u00e7in sesli bir t\u0131klama sa\u011flar.<\/p>\n<\/li>\n<li>\n<p data-path-to-node=\"13,3,0\"><b data-path-to-node=\"13,3,0\" data-index-in-node=\"0\">100% Geometri Testi:<\/b> Her kablo, \u00e7ekirdek-kaplama e\u015fmerkezlili\u011fi a\u00e7\u0131s\u0131ndan fabrikada denetlenir ve 9\u03bcm'lik k\u00fc\u00e7\u00fck \u00e7ekirdeklerin mikroskobik hassasiyetle hizalanmas\u0131 sa\u011flan\u0131r.<\/p>\n<\/li>\n<\/ul>\n<hr data-path-to-node=\"14\" \/>\n<h3 data-path-to-node=\"15\">Uzman Soru-Cevaplar\u0131: Profesyonel \u0130\u00e7g\u00f6r\u00fcler<\/h3>\n<p data-path-to-node=\"16\"><b data-path-to-node=\"16\" data-index-in-node=\"0\">S1: LC\/APC kablosunu standart bir LC\/UPC (Mavi) al\u0131c\u0131-verici ile kullanabilir miyim?<\/b><\/p>\n<p data-path-to-node=\"16\"><b data-path-to-node=\"16\" data-index-in-node=\"73\">A:<\/b> Hay\u0131r. Bu, a\u011f ar\u0131zas\u0131n\u0131n en yayg\u0131n nedenidir. APC'nin 8 derecelik a\u00e7\u0131s\u0131 d\u00fcz bir UPC y\u00fczeyine ayn\u0131 hizada oturmaz ve bu da <b data-path-to-node=\"16\" data-index-in-node=\"214\">-15dB ila -20dB kay\u0131p<\/b> ve potansiyel donan\u0131m hasar\u0131na neden olabilir. Her zaman Ye\u015fil ile Ye\u015fili e\u015fle\u015ftirin.<\/p>\n<p data-path-to-node=\"17\"><b data-path-to-node=\"17\" data-index-in-node=\"0\">S2: LC i\u00e7in Simplex'in (SX) Duplex'e (DX) g\u00f6re avantaj\u0131 nedir?<\/b><\/p>\n<p data-path-to-node=\"17\"><b data-path-to-node=\"17\" data-index-in-node=\"65\">A:<\/b> Simpleks kablolar a\u015fa\u011f\u0131dakiler i\u00e7in idealdir <b data-path-to-node=\"17\" data-index-in-node=\"97\">BiDi (\u00c7ift y\u00f6nl\u00fc)<\/b> al\u0131c\u0131-vericiler, farkl\u0131 dalga boylar\u0131 kullanarak tek bir fiber \u015ferit \u00fczerinden veri g\u00f6nderir ve al\u0131r. Bu, yerden tasarruf sa\u011flar ve 50%'nin gerektirdi\u011fi kablolama miktar\u0131n\u0131 azalt\u0131r.<\/p>\n<p data-path-to-node=\"18\"><b data-path-to-node=\"18\" data-index-in-node=\"0\">S3: \u201cLSZH\u201d ceket bir rafta dar k\u0131vr\u0131mlarla nas\u0131l ba\u015fa \u00e7\u0131k\u0131yor?<\/b><\/p>\n<p data-path-to-node=\"18\"><b data-path-to-node=\"18\" data-index-in-node=\"61\">A:<\/b> LSZH ceketlerimiz esneklik i\u00e7in tasarlanm\u0131\u015ft\u0131r. Bununla birlikte, son derece dar k\u00f6\u015feler i\u00e7in <b data-path-to-node=\"18\" data-index-in-node=\"166\">G.657.A1 \u201cB\u00fck\u00fclmeye Duyars\u0131z\u201d<\/b> Bu LC\/APC jumper'\u0131n 10 mm b\u00fck\u00fclme yar\u0131\u00e7ap\u0131nda bile sinyal b\u00fct\u00fcnl\u00fc\u011f\u00fcn\u00fc koruyan versiyonu.<\/p>\n<p data-path-to-node=\"19\"><b data-path-to-node=\"19\" data-index-in-node=\"0\">S4: Bu kablo 400G a\u011flarla uyumlu mu?<\/b><\/p>\n<p data-path-to-node=\"19\"><b data-path-to-node=\"19\" data-index-in-node=\"49\">A:<\/b> Evet. 400G genellikle MPO\/MTP konekt\u00f6rleri kullansa da LC\/APC-LC\/APC tek modlu atlama kablosu, kesme yap\u0131land\u0131rmalar\u0131nda veya standart LC \u00e7ift y\u00f6nl\u00fc\/tek y\u00f6nl\u00fc ba\u011flant\u0131 noktalar\u0131 kullanan 400G-FR4 al\u0131c\u0131-vericileri ba\u011flamak i\u00e7in s\u0131kl\u0131kla kullan\u0131l\u0131r.<\/p>","protected":false},"excerpt":{"rendered":"<p data-path-to-node=\"4\">A\u011flar daha y\u00fcksek yo\u011funluklara ve daha y\u00fcksek h\u0131zlara do\u011fru ilerledik\u00e7e <b data-path-to-node=\"4\" data-index-in-node=\"64\">LC\/APC - LC\/APC Tek Modlu Simpleks (SM SX)<\/b> yama kablosu sekt\u00f6r\u00fcn en g\u00fcvenilir ba\u011flant\u0131s\u0131 haline gelmi\u015ftir. Kompakt \u201cK\u00fc\u00e7\u00fck Form Fakt\u00f6r\u00fc\u201d (SFF) ve a\u00e7\u0131l\u0131 cilas\u0131n\u0131n hassasiyeti ile bilinen bu kablo, y\u00fcksek h\u0131zl\u0131 al\u0131c\u0131-vericileri, ODF'leri ve FTTH da\u011f\u0131t\u0131m noktalar\u0131n\u0131 ba\u011flamak i\u00e7in birincil tercihtir.<\/p>\n<h3 data-path-to-node=\"5\"><\/h3>","protected":false},"featured_media":741,"comment_status":"open","ping_status":"closed","template":"","meta":[],"product_brand":[],"product_cat":[45],"product_tag":[],"class_list":{"0":"post-740","1":"product","2":"type-product","3":"status-publish","4":"has-post-thumbnail","6":"product_cat-single-mode-fiber-optic-patch-cord","8":"first","9":"instock","10":"shipping-taxable","11":"product-type-simple"},"_links":{"self":[{"href":"https:\/\/www.fenxifiber.com\/tr\/wp-json\/wp\/v2\/product\/740","targetHints":{"allow":["GET"]}}],"collection":[{"href":"https:\/\/www.fenxifiber.com\/tr\/wp-json\/wp\/v2\/product"}],"about":[{"href":"https:\/\/www.fenxifiber.com\/tr\/wp-json\/wp\/v2\/types\/product"}],"replies":[{"embeddable":true,"href":"https:\/\/www.fenxifiber.com\/tr\/wp-json\/wp\/v2\/comments?post=740"}],"wp:featuredmedia":[{"embeddable":true,"href":"https:\/\/www.fenxifiber.com\/tr\/wp-json\/wp\/v2\/media\/741"}],"wp:attachment":[{"href":"https:\/\/www.fenxifiber.com\/tr\/wp-json\/wp\/v2\/media?parent=740"}],"wp:term":[{"taxonomy":"product_brand","embeddable":true,"href":"https:\/\/www.fenxifiber.com\/tr\/wp-json\/wp\/v2\/product_brand?post=740"},{"taxonomy":"product_cat","embeddable":true,"href":"https:\/\/www.fenxifiber.com\/tr\/wp-json\/wp\/v2\/product_cat?post=740"},{"taxonomy":"product_tag","embeddable":true,"href":"https:\/\/www.fenxifiber.com\/tr\/wp-json\/wp\/v2\/product_tag?post=740"}],"curies":[{"name":"wp","href":"https:\/\/api.w.org\/{rel}","templated":true}]}}