{"id":742,"date":"2026-02-04T00:53:14","date_gmt":"2026-02-04T00:53:14","guid":{"rendered":"https:\/\/www.fenxifiber.com\/?post_type=product&#038;p=742"},"modified":"2026-02-04T02:06:39","modified_gmt":"2026-02-04T02:06:39","slug":"lc-apc-sc-apc-sm-sx","status":"publish","type":"product","link":"https:\/\/www.fenxifiber.com\/tr\/product\/lc-apc-sc-apc-sm-sx\/","title":{"rendered":"LC\/APC - SC\/APC Tek Modlu Simpleks Fiber Ba\u011flant\u0131 Kablosu"},"content":{"rendered":"<h3 data-path-to-node=\"5\">Hibrit \u00c7\u00f6z\u00fcm: LC ve SC Aras\u0131nda K\u00f6pr\u00fc Olu\u015fturma<\/h3>\n<p data-path-to-node=\"6\">Bu arada <b data-path-to-node=\"6\" data-index-in-node=\"10\">LC<\/b> konekt\u00f6r\u00fc, y\u00fcksek yo\u011funluklu veri merkezlerinde yerden tasarruf sa\u011flayan \u201cK\u00fc\u00e7\u00fck Form Fakt\u00f6r\u00fc\u201d nedeniyle tercih edilmektedir. <b data-path-to-node=\"6\" data-index-in-node=\"109\">SC<\/b> konekt\u00f6r\u00fc, kullan\u0131m\u0131 kolay \u201citme-\u00e7ekme\u201d kilitleme mekanizmas\u0131 sayesinde FTTH (Eve Kadar Fiber) ve telekom\u00fcnikasyon duvar prizleri i\u00e7in k\u00fcresel standart olmaya devam etmektedir. Bu kablo, LC ve SC ba\u011flant\u0131 noktalar\u0131 aras\u0131nda do\u011frudan, d\u00fc\u015f\u00fck kay\u0131pl\u0131 bir yol sa\u011flayarak sinyal bozucu adapt\u00f6rlere olan ihtiyac\u0131 ortadan kald\u0131r\u0131r.<\/p>\n<hr data-path-to-node=\"7\" \/>\n<h3 data-path-to-node=\"8\">Teknik \u00d6zellikler<\/h3>\n<p data-path-to-node=\"9\">OS2 standartlar\u0131na g\u00f6re \u00fcretilen bu kablolar, maksimum mesafe ve minimum sinyal paraziti i\u00e7in tasarlanm\u0131\u015ft\u0131r.<\/p>\n<table data-path-to-node=\"10\">\n<thead>\n<tr>\n<td><strong>\u015eartname<\/strong><\/td>\n<td><strong>Teknik Detay<\/strong><\/td>\n<td><strong>Profesyonel Fayda<\/strong><\/td>\n<\/tr>\n<\/thead>\n<tbody>\n<tr>\n<td><span data-path-to-node=\"10,1,0,0\"><b data-path-to-node=\"10,1,0,0\" data-index-in-node=\"0\">Konekt\u00f6r A<\/b><\/span><\/td>\n<td><span data-path-to-node=\"10,1,1,0\">LC\/APC (Ye\u015fil)<\/span><\/td>\n<td><span data-path-to-node=\"10,1,2,0\">SFP\/SFP+ al\u0131c\u0131-vericilere uyar<\/span><\/td>\n<\/tr>\n<tr>\n<td><span data-path-to-node=\"10,2,0,0\"><b data-path-to-node=\"10,2,0,0\" data-index-in-node=\"0\">Konekt\u00f6r B<\/b><\/span><\/td>\n<td><span data-path-to-node=\"10,2,1,0\">SC\/APC (Ye\u015fil)<\/span><\/td>\n<td><span data-path-to-node=\"10,2,2,0\">Standart OLT\/ONT portlar\u0131na uyar<\/span><\/td>\n<\/tr>\n<tr>\n<td><span data-path-to-node=\"10,3,0,0\"><b data-path-to-node=\"10,3,0,0\" data-index-in-node=\"0\">Fiber \u00c7ekirdek<\/b><\/span><\/td>\n<td><span data-path-to-node=\"10,3,1,0\">Tek Mod 9\/125\u03bcm<\/span><\/td>\n<td><span data-path-to-node=\"10,3,2,0\">Uzun menzilli veriler i\u00e7in optimize edilmi\u015ftir<\/span><\/td>\n<\/tr>\n<tr>\n<td><span data-path-to-node=\"10,4,0,0\"><b data-path-to-node=\"10,4,0,0\" data-index-in-node=\"0\">Ekleme Kayb\u0131<\/b><\/span><\/td>\n<td><span data-path-to-node=\"10,4,1,0\"><span class=\"math-inline\" data-math=\"\\leq 0.3 \\text{ dB}\" data-index-in-node=\"0\">$\\leq 0,3 \\text{ dB}$<\/span><\/span><\/td>\n<td><span data-path-to-node=\"10,4,2,0\">Minimum sinyal d\u00fc\u015f\u00fc\u015f\u00fc<\/span><\/td>\n<\/tr>\n<tr>\n<td><span data-path-to-node=\"10,5,0,0\"><b data-path-to-node=\"10,5,0,0\" data-index-in-node=\"0\">Geri D\u00f6n\u00fc\u015f Kayb\u0131<\/b><\/span><\/td>\n<td><span data-path-to-node=\"10,5,1,0\"><span class=\"math-inline\" data-math=\"\\geq 60 \\text{ dB}\" data-index-in-node=\"0\">$\\geq 60 \\text{ dB}$<\/span><\/span><\/td>\n<td><span data-path-to-node=\"10,5,2,0\">Y\u00fcksek dereceli geri yans\u0131ma kontrol\u00fc<\/span><\/td>\n<\/tr>\n<tr>\n<td><span data-path-to-node=\"10,6,0,0\"><b data-path-to-node=\"10,6,0,0\" data-index-in-node=\"0\">Ceket Malzemesi<\/b><\/span><\/td>\n<td><span data-path-to-node=\"10,6,1,0\">LSZH (D\u00fc\u015f\u00fck Duman)<\/span><\/td>\n<td><span data-path-to-node=\"10,6,2,0\">Konut ve ticari kullan\u0131m i\u00e7in g\u00fcvenli<\/span><\/td>\n<\/tr>\n<\/tbody>\n<\/table>\n<hr data-path-to-node=\"11\" \/>\n<h3 data-path-to-node=\"12\">\u00d6nemli \u00dcr\u00fcn \u00d6zellikleri<\/h3>\n<ul data-path-to-node=\"13\">\n<li>\n<p data-path-to-node=\"13,0,0\"><b data-path-to-node=\"13,0,0\" data-index-in-node=\"0\">Evrensel Uyumluluk:<\/b> Y\u00fcksek yo\u011funluklu LC tabanl\u0131 anahtarlar\u0131 SC tabanl\u0131 patch panellere veya optik a\u011f terminallerine (ONT'ler) ba\u011flamak i\u00e7in m\u00fckemmeldir.<\/p>\n<\/li>\n<li>\n<p data-path-to-node=\"13,1,0\"><b data-path-to-node=\"13,1,0\" data-index-in-node=\"0\">A\u00e7\u0131l\u0131 Fiziksel Temas (APC):<\/b> Her iki u\u00e7ta da 8 derecelik ye\u015fil APC cilas\u0131 bulunur. Bu, geri yans\u0131man\u0131n lazere zarar vermesini \u00f6nlemek i\u00e7in video (CATV) ve y\u00fcksek h\u0131zl\u0131 veri sistemleri i\u00e7in zorunludur.<\/p>\n<\/li>\n<li>\n<p data-path-to-node=\"13,2,0\"><b data-path-to-node=\"13,2,0\" data-index-in-node=\"0\">\u00dcst\u00fcn \u00c7ekme Dayan\u0131m\u0131:<\/b> Bir derecelendirme ile <span class=\"math-inline\" data-math=\"\\geq 200\\text{N}\" data-index-in-node=\"44\">$\\geq 200\\text{N}$<\/span>, Bu kablolar, kalabal\u0131k a\u011f kabinlerinde bulunan zorlu y\u00f6nlendirmeler i\u00e7in yeterince dayan\u0131kl\u0131d\u0131r.<\/p>\n<\/li>\n<li>\n<p data-path-to-node=\"13,3,0\"><b data-path-to-node=\"13,3,0\" data-index-in-node=\"0\">\u00c7evresel Kararl\u0131l\u0131k:<\/b> LSZH sar\u0131 ceket y\u00fcksek s\u0131cakl\u0131klara dayan\u0131kl\u0131d\u0131r ve deforme olmaz, stabil ortamlarda 15 y\u0131ldan fazla kullan\u0131m \u00f6mr\u00fc sa\u011flar.<\/p>\n<\/li>\n<\/ul>\n<hr data-path-to-node=\"14\" \/>\n<h3 data-path-to-node=\"15\">Uzman Soru-Cevaplar\u0131: Saha Bilgisi<\/h3>\n<p data-path-to-node=\"16\"><b data-path-to-node=\"16\" data-index-in-node=\"0\">S1: Bu kabloyu ev internetim (FTTH) i\u00e7in kullanabilir miyim?<\/b><\/p>\n<p data-path-to-node=\"16\"><b data-path-to-node=\"16\" data-index-in-node=\"54\">A:<\/b> Evet, ekipman\u0131n\u0131z\u0131n APC (Ye\u015fil) ba\u011flant\u0131 noktalar\u0131 kullanmas\u0131 \u015fart\u0131yla. Bir\u00e7ok modern fiber y\u00f6nlendirici SC\/APC kullan\u0131rken, \u00fcst d\u00fczey anahtarlardaki optik mod\u00fcller LC\/APC kullan\u0131r. \u201cNesiller aras\u0131\u201d ba\u011flant\u0131 i\u00e7in ihtiyac\u0131n\u0131z olan kablo tam olarak budur.<\/p>\n<p data-path-to-node=\"17\"><b data-path-to-node=\"17\" data-index-in-node=\"0\">S2: LC ve SC konnekt\u00f6rleri aras\u0131ndaki fark nedir?<\/b><\/p>\n<p data-path-to-node=\"17\"><b data-path-to-node=\"17\" data-index-in-node=\"57\">A:<\/b> \u00d6ncelikle boyut. LC y\u00fcks\u00fck <b data-path-to-node=\"17\" data-index-in-node=\"94\">1.25mm<\/b>, SC y\u00fcks\u00fck ise <b data-path-to-node=\"17\" data-index-in-node=\"128\">2,5 mm<\/b>. LC yar\u0131 boyutta oldu\u011fu i\u00e7in \u201cy\u00fcksek yo\u011funluk\u201d i\u00e7in kullan\u0131l\u0131r. SC daha b\u00fcy\u00fck ve daha sa\u011flamd\u0131r, bu da onu genel t\u00fcketiciye y\u00f6nelik fiber ba\u011flant\u0131lar i\u00e7in standart haline getirir.<\/p>\n<p data-path-to-node=\"18\"><b data-path-to-node=\"18\" data-index-in-node=\"0\">S3: Duplex yerine neden \u201cSimplex\u201d (SX) kullan\u0131l\u0131yor?<\/b><\/p>\n<p data-path-to-node=\"18\"><b data-path-to-node=\"18\" data-index-in-node=\"50\">A:<\/b> Simpleks (tek telli) fiber, GPON ve bir\u00e7ok modern BiDi (\u00c7ift y\u00f6nl\u00fc) sistem i\u00e7in standartt\u0131r. Bu sistemler ayn\u0131 tek fiber \u00fczerinden farkl\u0131 dalga boylar\u0131nda \u0131\u015f\u0131k iletir ve al\u0131r, bu da kablolamay\u0131 daha verimli ve uygun maliyetli hale getirir.<\/p>\n<p data-path-to-node=\"19\"><b data-path-to-node=\"19\" data-index-in-node=\"0\">S4: LC ve SC u\u00e7lar\u0131n\u0131 nas\u0131l temizlerim?<\/b><\/p>\n<p data-path-to-node=\"19\"><b data-path-to-node=\"19\" data-index-in-node=\"39\">A:<\/b> Farkl\u0131 y\u00fcks\u00fck boyutlar\u0131na sahip olduklar\u0131ndan (1,25 mm vs 2,5 mm), iki farkl\u0131 \u201cOne-Click\u201d temizleyiciye veya 99% izopropil alkol i\u00e7eren evrensel bir t\u00fcy b\u0131rakmayan mendile ihtiyac\u0131n\u0131z olacakt\u0131r. Temizlik, bak\u0131mda #1 fakt\u00f6r\u00fcd\u00fcr <span class=\"math-inline\" data-math=\"&lt;0.3\\text{dB}\" data-index-in-node=\"254\">$&lt;0.3\\text{dB}$<\/span> kay\u0131p.<\/p>","protected":false},"excerpt":{"rendered":"<p data-path-to-node=\"4\"><span class=\"\">Geli\u015fen fiber optik d\u00fcnyas\u0131nda,<\/span><span class=\"\"> uyumluluk her \u015feydir.<\/span><span class=\"\"> Bu <\/span><b class=\"\" data-path-to-node=\"4\" data-index-in-node=\"72\">LC\/APC - SC\/APC Tek Modlu Simpleks (SM SX)<\/b><span class=\"\"> Yama kablosu, farkl\u0131 nesil a\u011f donan\u0131mlar\u0131 aras\u0131nda kritik bir k\u00f6pr\u00fc g\u00f6revi g\u00f6r\u00fcr.<\/span><span class=\"\"> \u0130ster modern bir k\u00fc\u00e7\u00fck form fakt\u00f6rl\u00fc anahtar\u0131 standart bir abone \u00e7\u0131k\u0131\u015f\u0131na ba\u011flay\u0131n, ister yeni GPON ekipman\u0131n\u0131 entegre edin,<\/span><span class=\"\"> bu hibrit kablo sorunsuz bir kablo sa\u011flar,<\/span><span class=\"\"> y\u00fcksek performansl\u0131 ge\u00e7i\u015f.<\/span><\/p>\n<h3 class=\"\" data-path-to-node=\"5\"><\/h3>","protected":false},"featured_media":743,"comment_status":"open","ping_status":"closed","template":"","meta":[],"product_brand":[],"product_cat":[45],"product_tag":[],"class_list":{"0":"post-742","1":"product","2":"type-product","3":"status-publish","4":"has-post-thumbnail","6":"product_cat-single-mode-fiber-optic-patch-cord","8":"first","9":"instock","10":"shipping-taxable","11":"product-type-simple"},"_links":{"self":[{"href":"https:\/\/www.fenxifiber.com\/tr\/wp-json\/wp\/v2\/product\/742","targetHints":{"allow":["GET"]}}],"collection":[{"href":"https:\/\/www.fenxifiber.com\/tr\/wp-json\/wp\/v2\/product"}],"about":[{"href":"https:\/\/www.fenxifiber.com\/tr\/wp-json\/wp\/v2\/types\/product"}],"replies":[{"embeddable":true,"href":"https:\/\/www.fenxifiber.com\/tr\/wp-json\/wp\/v2\/comments?post=742"}],"wp:featuredmedia":[{"embeddable":true,"href":"https:\/\/www.fenxifiber.com\/tr\/wp-json\/wp\/v2\/media\/743"}],"wp:attachment":[{"href":"https:\/\/www.fenxifiber.com\/tr\/wp-json\/wp\/v2\/media?parent=742"}],"wp:term":[{"taxonomy":"product_brand","embeddable":true,"href":"https:\/\/www.fenxifiber.com\/tr\/wp-json\/wp\/v2\/product_brand?post=742"},{"taxonomy":"product_cat","embeddable":true,"href":"https:\/\/www.fenxifiber.com\/tr\/wp-json\/wp\/v2\/product_cat?post=742"},{"taxonomy":"product_tag","embeddable":true,"href":"https:\/\/www.fenxifiber.com\/tr\/wp-json\/wp\/v2\/product_tag?post=742"}],"curies":[{"name":"wp","href":"https:\/\/api.w.org\/{rel}","templated":true}]}}