{"id":745,"date":"2026-02-04T00:55:04","date_gmt":"2026-02-04T00:55:04","guid":{"rendered":"https:\/\/www.fenxifiber.com\/?post_type=product&#038;p=745"},"modified":"2026-02-04T02:07:54","modified_gmt":"2026-02-04T02:07:54","slug":"sc-apc-sc-apc-sm-sx","status":"publish","type":"product","link":"https:\/\/www.fenxifiber.com\/tr\/product\/sc-apc-sc-apc-sm-sx\/","title":{"rendered":"SC\/APC - SC\/APC Tek Modlu Simpleks (SM SX)"},"content":{"rendered":"<h2 data-path-to-node=\"3\">Teknik \u00d6zellikler: 2026 Benchmark<\/h2>\n<p data-path-to-node=\"4\">SC\/APC jumperlar\u0131m\u0131z y\u00fcksek performansl\u0131 jumperlar kullan\u0131larak \u00fcretilmi\u015ftir. <b data-path-to-node=\"4\" data-index-in-node=\"52\">G.657.A1 veya G.652.D<\/b> Fiber, modern y\u00fcksek h\u0131zl\u0131 altyap\u0131n\u0131n zorlu gereksinimlerini kar\u015f\u0131lamalar\u0131n\u0131 sa\u011flar.<\/p>\n<table data-path-to-node=\"5\">\n<thead>\n<tr>\n<td><strong>Parametre<\/strong><\/td>\n<td><strong>2026 End\u00fcstri Standard\u0131<\/strong><\/td>\n<td><strong>Fayda<\/strong><\/td>\n<\/tr>\n<\/thead>\n<tbody>\n<tr>\n<td><span data-path-to-node=\"5,1,0,0\"><b data-path-to-node=\"5,1,0,0\" data-index-in-node=\"0\">Konekt\u00f6r Tipi<\/b><\/span><\/td>\n<td><span data-path-to-node=\"5,1,1,0\">SC\/APC'den SC\/APC'ye<\/span><\/td>\n<td><span data-path-to-node=\"5,1,2,0\">ODF'ler ve ONT'ler i\u00e7in evrensel uyumluluk<\/span><\/td>\n<\/tr>\n<tr>\n<td><span data-path-to-node=\"5,2,0,0\"><b data-path-to-node=\"5,2,0,0\" data-index-in-node=\"0\">Elyaf S\u0131n\u0131f\u0131<\/b><\/span><\/td>\n<td><span data-path-to-node=\"5,2,1,0\">Tek Mod (OS2) 9\/125\u03bcm<\/span><\/td>\n<td><span data-path-to-node=\"5,2,2,0\">Uzun mesafe sinyal kararl\u0131l\u0131\u011f\u0131<\/span><\/td>\n<\/tr>\n<tr>\n<td><span data-path-to-node=\"5,3,0,0\"><b data-path-to-node=\"5,3,0,0\" data-index-in-node=\"0\">Ekleme Kayb\u0131<\/b><\/span><\/td>\n<td><span data-path-to-node=\"5,3,1,0\">Tipik <span class=\"math-inline\" data-math=\"\\leq 0.2 \\text{ dB}\" data-index-in-node=\"8\">$\\leq 0,2 \\text{ dB}$<\/span><\/span><\/td>\n<td><span data-path-to-node=\"5,3,2,0\">Maksimum g\u00fc\u00e7 verimlili\u011fi<\/span><\/td>\n<\/tr>\n<tr>\n<td><span data-path-to-node=\"5,4,0,0\"><b data-path-to-node=\"5,4,0,0\" data-index-in-node=\"0\">Geri D\u00f6n\u00fc\u015f Kayb\u0131<\/b><\/span><\/td>\n<td><span data-path-to-node=\"5,4,1,0\"><span class=\"math-inline\" data-math=\"\\geq 65 \\text{ dB}\" data-index-in-node=\"0\">$\\geq 65 \\text{ dB}$<\/span><\/span><\/td>\n<td><span data-path-to-node=\"5,4,2,0\">Video ve PON kararl\u0131l\u0131\u011f\u0131 i\u00e7in gereklidir<\/span><\/td>\n<\/tr>\n<tr>\n<td><span data-path-to-node=\"5,5,0,0\"><b data-path-to-node=\"5,5,0,0\" data-index-in-node=\"0\">Ceket \u00c7ap\u0131<\/b><\/span><\/td>\n<td><span data-path-to-node=\"5,5,1,0\">2.0mm \/ 3.0mm<\/span><\/td>\n<td><span data-path-to-node=\"5,5,2,0\">\u0130\u00e7 mekan y\u00f6nlendirmesi i\u00e7in sa\u011flam koruma<\/span><\/td>\n<\/tr>\n<tr>\n<td><span data-path-to-node=\"5,6,0,0\"><b data-path-to-node=\"5,6,0,0\" data-index-in-node=\"0\">\u00c7al\u0131\u015fma S\u0131cakl\u0131\u011f\u0131<\/b><\/span><\/td>\n<td><span data-path-to-node=\"5,6,1,0\"><span class=\"math-inline\" data-math=\"-40\\text{\u00b0C to } +85\\text{\u00b0C}\" data-index-in-node=\"0\">$-40\\text{\u00b0C ila } +85\\text{\u00b0C}$<\/span><\/span><\/td>\n<td><span data-path-to-node=\"5,6,2,0\">Zorlu ortamlarda g\u00fcvenilir<\/span><\/td>\n<\/tr>\n<tr>\n<td><span data-path-to-node=\"5,7,0,0\"><b data-path-to-node=\"5,7,0,0\" data-index-in-node=\"0\">Standartlara Uygunluk<\/b><\/span><\/td>\n<td><span data-path-to-node=\"5,7,1,0\">Telcordia GR-326-CORE<\/span><\/td>\n<td><span data-path-to-node=\"5,7,2,0\">Garantili e\u015fle\u015ftirilebilirlik<\/span><\/td>\n<\/tr>\n<\/tbody>\n<\/table>\n<p data-path-to-node=\"0\">2026 y\u0131l\u0131nda <b data-path-to-node=\"0\" data-index-in-node=\"13\">SC\/APC - SC\/APC Tek Modlu Simpleks (SM SX)<\/b> patch cord, geni\u015f bant ve telekom\u00fcnikasyonun tart\u0131\u015fmas\u0131z kral\u0131 olmaya devam ediyor. Genellikle \u201cAbone Konekt\u00f6r\u00fc\u201d olarak adland\u0131r\u0131lan bu kablo, k\u00fcresel FTTH (Eve Kadar Fiber) ve CATV da\u011f\u0131t\u0131mlar\u0131n\u0131n bel kemi\u011fidir.<\/p>\n<p data-path-to-node=\"1\">Bir GPON veya XGS-PON a\u011f\u0131 i\u00e7in g\u00fcvenilir, uygun maliyetli bir ba\u011flant\u0131 ar\u0131yorsan\u0131z, bu end\u00fcstri standard\u0131 \u201cye\u015filden ye\u015file\u201d jumper'd\u0131r.<\/p>\n<hr data-path-to-node=\"2\" \/>\n<h2 data-path-to-node=\"3\">Teknik \u00d6zellikler: 2026 Benchmark<\/h2>\n<p data-path-to-node=\"4\">SC\/APC jumperlar\u0131m\u0131z y\u00fcksek performansl\u0131 jumperlar kullan\u0131larak \u00fcretilmi\u015ftir. <b data-path-to-node=\"4\" data-index-in-node=\"52\">G.657.A1 veya G.652.D<\/b> Fiber, modern y\u00fcksek h\u0131zl\u0131 altyap\u0131n\u0131n zorlu gereksinimlerini kar\u015f\u0131lamalar\u0131n\u0131 sa\u011flar.<\/p>\n<table data-path-to-node=\"5\">\n<thead>\n<tr>\n<td><strong>Parametre<\/strong><\/td>\n<td><strong>2026 End\u00fcstri Standard\u0131<\/strong><\/td>\n<td><strong>Fayda<\/strong><\/td>\n<\/tr>\n<\/thead>\n<tbody>\n<tr>\n<td><span data-path-to-node=\"5,1,0,0\"><b data-path-to-node=\"5,1,0,0\" data-index-in-node=\"0\">Konekt\u00f6r Tipi<\/b><\/span><\/td>\n<td><span data-path-to-node=\"5,1,1,0\">SC\/APC'den SC\/APC'ye<\/span><\/td>\n<td><span data-path-to-node=\"5,1,2,0\">ODF'ler ve ONT'ler i\u00e7in evrensel uyumluluk<\/span><\/td>\n<\/tr>\n<tr>\n<td><span data-path-to-node=\"5,2,0,0\"><b data-path-to-node=\"5,2,0,0\" data-index-in-node=\"0\">Elyaf S\u0131n\u0131f\u0131<\/b><\/span><\/td>\n<td><span data-path-to-node=\"5,2,1,0\">Tek Mod (OS2) 9\/125\u03bcm<\/span><\/td>\n<td><span data-path-to-node=\"5,2,2,0\">Uzun mesafe sinyal kararl\u0131l\u0131\u011f\u0131<\/span><\/td>\n<\/tr>\n<tr>\n<td><span data-path-to-node=\"5,3,0,0\"><b data-path-to-node=\"5,3,0,0\" data-index-in-node=\"0\">Ekleme Kayb\u0131<\/b><\/span><\/td>\n<td><span data-path-to-node=\"5,3,1,0\">Tipik <span class=\"math-inline\" data-math=\"\\leq 0.2 \\text{ dB}\" data-index-in-node=\"8\">$\\leq 0,2 \\text{ dB}$<\/span><\/span><\/td>\n<td><span data-path-to-node=\"5,3,2,0\">Maksimum g\u00fc\u00e7 verimlili\u011fi<\/span><\/td>\n<\/tr>\n<tr>\n<td><span data-path-to-node=\"5,4,0,0\"><b data-path-to-node=\"5,4,0,0\" data-index-in-node=\"0\">Geri D\u00f6n\u00fc\u015f Kayb\u0131<\/b><\/span><\/td>\n<td><span data-path-to-node=\"5,4,1,0\"><span class=\"math-inline\" data-math=\"\\geq 65 \\text{ dB}\" data-index-in-node=\"0\">$\\geq 65 \\text{ dB}$<\/span><\/span><\/td>\n<td><span data-path-to-node=\"5,4,2,0\">Video ve PON kararl\u0131l\u0131\u011f\u0131 i\u00e7in gereklidir<\/span><\/td>\n<\/tr>\n<tr>\n<td><span data-path-to-node=\"5,5,0,0\"><b data-path-to-node=\"5,5,0,0\" data-index-in-node=\"0\">Ceket \u00c7ap\u0131<\/b><\/span><\/td>\n<td><span data-path-to-node=\"5,5,1,0\">2.0mm \/ 3.0mm<\/span><\/td>\n<td><span data-path-to-node=\"5,5,2,0\">\u0130\u00e7 mekan y\u00f6nlendirmesi i\u00e7in sa\u011flam koruma<\/span><\/td>\n<\/tr>\n<tr>\n<td><span data-path-to-node=\"5,6,0,0\"><b data-path-to-node=\"5,6,0,0\" data-index-in-node=\"0\">\u00c7al\u0131\u015fma S\u0131cakl\u0131\u011f\u0131<\/b><\/span><\/td>\n<td><span data-path-to-node=\"5,6,1,0\"><span class=\"math-inline\" data-math=\"-40\\text{\u00b0C to } +85\\text{\u00b0C}\" data-index-in-node=\"0\">$-40\\text{\u00b0C ila } +85\\text{\u00b0C}$<\/span><\/span><\/td>\n<td><span data-path-to-node=\"5,6,2,0\">Zorlu ortamlarda g\u00fcvenilir<\/span><\/td>\n<\/tr>\n<tr>\n<td><span data-path-to-node=\"5,7,0,0\"><b data-path-to-node=\"5,7,0,0\" data-index-in-node=\"0\">Standartlara Uygunluk<\/b><\/span><\/td>\n<td><span data-path-to-node=\"5,7,1,0\">Telcordia GR-326-CORE<\/span><\/td>\n<td><span data-path-to-node=\"5,7,2,0\">Garantili e\u015fle\u015ftirilebilirlik<\/span><\/td>\n<\/tr>\n<\/tbody>\n<\/table>\n<hr data-path-to-node=\"6\" \/>\n<h2 data-path-to-node=\"7\">SC\/APC Neden FTTH i\u00e7in K\u00fcresel Standartt\u0131r?<\/h2>\n<h3 data-path-to-node=\"8\">1. \u201cBas-\u00c7ek\u201d Kolayl\u0131\u011f\u0131<\/h3>\n<p data-path-to-node=\"9\">SC konnekt\u00f6r\u00fcn kare, plastik g\u00f6vdesi basit bir itme-\u00e7ekme mandallama mekanizmas\u0131na sahiptir. Vidal\u0131 FC konnekt\u00f6r\u00fcn aksine, SC h\u0131zl\u0131 ve sesli bir \u015fekilde devreye girecek \u015fekilde tasarlanm\u0131\u015ft\u0131r. Bu da onu hem saha teknisyenleri hem de t\u00fcketiciler i\u00e7in tercih edilen bir se\u00e7enek haline getirir.<\/p>\n<h3 data-path-to-node=\"10\">2. Video ve Veri i\u00e7in Y\u00fcksek Geri D\u00f6n\u00fc\u015f Kayb\u0131<\/h3>\n<p data-path-to-node=\"11\">2026'da, T\u00fcrkiye'de <b data-path-to-node=\"11\" data-index-in-node=\"29\">50G-PON<\/b> ve daha y\u00fcksek frekansl\u0131 CATV sinyallerinde, geri yans\u0131ma kritik bir d\u00fc\u015fmand\u0131r. 8 derecelik <b data-path-to-node=\"11\" data-index-in-node=\"122\">APC (A\u00e7\u0131l\u0131 Fiziksel Temas)<\/b> Leh\u00e7e, yans\u0131yan \u0131\u015f\u0131\u011f\u0131n fiber kaplamaya y\u00f6nlendirilmesini sa\u011flayarak geri d\u00f6n\u00fc\u015f kayb\u0131n\u0131 \u00fcst\u00fcn bir seviyede tutar. <b data-path-to-node=\"11\" data-index-in-node=\"263\"><span class=\"math-inline\" data-math=\"\\geq 65\\text{dB}\" data-index-in-node=\"263\">$\\geq 65\\text{dB}$<\/span><\/b>.<\/p>\n<h3 data-path-to-node=\"12\">3. Uygun Maliyetli Dayan\u0131kl\u0131l\u0131k<\/h3>\n<p data-path-to-node=\"13\">SC konekt\u00f6r\u00fcn daha b\u00fcy\u00fck 2,5 mm seramik y\u00fcks\u00fc\u011f\u00fc, daha k\u00fc\u00e7\u00fck konekt\u00f6rlere g\u00f6re mikroskobik toza kar\u015f\u0131 daha az hassas olan sa\u011flam bir e\u015fle\u015fme y\u00fczeyi sa\u011flar. Performanstan \u00f6d\u00fcn vermeden y\u00fcksek hacimli abone da\u011f\u0131t\u0131mlar\u0131 i\u00e7in en uygun maliyetli \u00e7\u00f6z\u00fcmd\u00fcr.<\/p>\n<h3 data-path-to-node=\"14\">4. LSZH ile \u00d6nce G\u00fcvenlik<\/h3>\n<p data-path-to-node=\"15\">SC\/APC-SC\/APC-SM-SX kablolar\u0131m\u0131z a\u015fa\u011f\u0131dakilerle kaplanm\u0131\u015ft\u0131r <b data-path-to-node=\"15\" data-index-in-node=\"49\">LSZH (D\u00fc\u015f\u00fck Dumanl\u0131 S\u0131f\u0131r Halojen)<\/b> malzemelerdir. Bu, bir yang\u0131n durumunda kablonun, modern konut ve ofis binalar\u0131 i\u00e7in zorunlu bir gereklilik olan standart PVC k\u0131l\u0131flarda bulunan zehirli gazlar\u0131 veya a\u011f\u0131r duman\u0131 yaymamas\u0131n\u0131 sa\u011flar.<\/p>\n<hr data-path-to-node=\"16\" \/>\n<h2 data-path-to-node=\"17\">Profesyonel Soru-Cevap: Saha SSS<\/h2>\n<p data-path-to-node=\"18\"><b data-path-to-node=\"18\" data-index-in-node=\"0\">S1: Neden bu Ye\u015fil (SC\/APC) ba\u011flant\u0131 kablosu yerine Mavi (SC\/UPC) ba\u011flant\u0131 kablosu kullanam\u0131yorum?<\/b><\/p>\n<p data-path-to-node=\"18\"><b data-path-to-node=\"18\" data-index-in-node=\"83\">A:<\/b> Bir PON veya CATV a\u011f\u0131nda, bir UPC konekt\u00f6r\u00fc kullanmak, geri yans\u0131ma nedeniyle \u00f6nemli \u00f6l\u00e7\u00fcde \u201cg\u00fcr\u00fclt\u00fcye\u201d neden olacakt\u0131r. Bu, video sinyallerinde pikselle\u015fmeye veya y\u00fcksek h\u0131zl\u0131 verilerde bit hata oranlar\u0131n\u0131n (BER) artmas\u0131na neden olabilir. Ayr\u0131ca, d\u00fcz bir UPC ile a\u00e7\u0131l\u0131 bir APC aras\u0131ndaki fiziksel temas, fiber y\u00fczeylere kal\u0131c\u0131 olarak zarar verebilir.<\/p>\n<p data-path-to-node=\"19\"><b data-path-to-node=\"19\" data-index-in-node=\"0\">S2: Gigabit internet ba\u011flant\u0131m i\u00e7in \u201cSimplex\u201d (SX) yeterli mi?<\/b><\/p>\n<p data-path-to-node=\"19\"><b data-path-to-node=\"19\" data-index-in-node=\"69\">A:<\/b> Evet. \u00c7o\u011fu FTTH sistemi veri g\u00f6ndermek ve almak i\u00e7in tek bir fiber kablo kullan\u0131r (1310nm\/1490nm gibi WDM teknolojisi kullanarak). Bu nedenle, bir Simpleks (SX) kablo, ONT'nize veya y\u00f6nlendiricinize giden son ba\u011flant\u0131 i\u00e7in tam olarak gereken \u015feydir.<\/p>\n<p data-path-to-node=\"20\"><b data-path-to-node=\"20\" data-index-in-node=\"0\">S3: 2.0mm veya 3.0mm cekete ihtiyac\u0131m olup olmad\u0131\u011f\u0131n\u0131 nas\u0131l bilebilirim?<\/b><\/p>\n<p data-path-to-node=\"20\"><b data-path-to-node=\"20\" data-index-in-node=\"53\">A:<\/b> Dar patch paneller veya masa\u00fcst\u00fc ayarlar\u0131 i\u00e7inde y\u00f6nlendirme i\u00e7in, <b data-path-to-node=\"20\" data-index-in-node=\"115\">2.0mm<\/b> daha esnektir. Kablo a\u00e7\u0131ktaysa veya a\u00e7\u0131k bir rafta as\u0131l\u0131ysa <b data-path-to-node=\"20\" data-index-in-node=\"195\">3.0mm<\/b> ceket daha iyi gerilme mukavemeti ve fiziksel strese kar\u015f\u0131 koruma sa\u011flar.<\/p>\n<p data-path-to-node=\"21\"><b data-path-to-node=\"21\" data-index-in-node=\"0\">S4: Bu kablo 10G veya 25G h\u0131zlar\u0131n\u0131 destekleyebilir mi?<\/b><\/p>\n<p data-path-to-node=\"21\"><b data-path-to-node=\"21\" data-index-in-node=\"46\">A:<\/b> Kesinlikle. OS2 tek modlu fiber \u00e7ekirdek, mevcut 10G\/25G\/50G standartlar\u0131n\u0131 \u00e7ok a\u015fan bir bant geni\u015fli\u011fi kapasitesine sahiptir. Al\u0131c\u0131-vericileriniz uyumlu oldu\u011fu s\u00fcrece bu kablo gelece\u011fe d\u00f6n\u00fckt\u00fcr.<\/p>","protected":false},"excerpt":{"rendered":"<p data-path-to-node=\"0\">2026 y\u0131l\u0131nda <b data-path-to-node=\"0\" data-index-in-node=\"13\">SC\/APC - SC\/APC Tek Modlu Simpleks (SM SX)<\/b> patch cord, geni\u015f bant ve telekom\u00fcnikasyonun tart\u0131\u015fmas\u0131z kral\u0131 olmaya devam ediyor. Genellikle \u201cAbone Konekt\u00f6r\u00fc\u201d olarak adland\u0131r\u0131lan bu kablo, k\u00fcresel FTTH (Eve Kadar Fiber) ve CATV da\u011f\u0131t\u0131mlar\u0131n\u0131n bel kemi\u011fidir.<\/p>\n<p data-path-to-node=\"1\">Bir GPON veya XGS-PON a\u011f\u0131 i\u00e7in g\u00fcvenilir, uygun maliyetli bir ba\u011flant\u0131 ar\u0131yorsan\u0131z, bu end\u00fcstri standard\u0131 \u201cye\u015filden ye\u015file\u201d jumper'd\u0131r.<\/p>","protected":false},"featured_media":747,"comment_status":"open","ping_status":"closed","template":"","meta":[],"product_brand":[],"product_cat":[45],"product_tag":[],"class_list":{"0":"post-745","1":"product","2":"type-product","3":"status-publish","4":"has-post-thumbnail","6":"product_cat-single-mode-fiber-optic-patch-cord","8":"first","9":"instock","10":"shipping-taxable","11":"product-type-simple"},"_links":{"self":[{"href":"https:\/\/www.fenxifiber.com\/tr\/wp-json\/wp\/v2\/product\/745","targetHints":{"allow":["GET"]}}],"collection":[{"href":"https:\/\/www.fenxifiber.com\/tr\/wp-json\/wp\/v2\/product"}],"about":[{"href":"https:\/\/www.fenxifiber.com\/tr\/wp-json\/wp\/v2\/types\/product"}],"replies":[{"embeddable":true,"href":"https:\/\/www.fenxifiber.com\/tr\/wp-json\/wp\/v2\/comments?post=745"}],"wp:featuredmedia":[{"embeddable":true,"href":"https:\/\/www.fenxifiber.com\/tr\/wp-json\/wp\/v2\/media\/747"}],"wp:attachment":[{"href":"https:\/\/www.fenxifiber.com\/tr\/wp-json\/wp\/v2\/media?parent=745"}],"wp:term":[{"taxonomy":"product_brand","embeddable":true,"href":"https:\/\/www.fenxifiber.com\/tr\/wp-json\/wp\/v2\/product_brand?post=745"},{"taxonomy":"product_cat","embeddable":true,"href":"https:\/\/www.fenxifiber.com\/tr\/wp-json\/wp\/v2\/product_cat?post=745"},{"taxonomy":"product_tag","embeddable":true,"href":"https:\/\/www.fenxifiber.com\/tr\/wp-json\/wp\/v2\/product_tag?post=745"}],"curies":[{"name":"wp","href":"https:\/\/api.w.org\/{rel}","templated":true}]}}