{"id":748,"date":"2026-02-04T00:58:03","date_gmt":"2026-02-04T00:58:03","guid":{"rendered":"https:\/\/www.fenxifiber.com\/?post_type=product&#038;p=748"},"modified":"2026-02-04T01:42:57","modified_gmt":"2026-02-04T01:42:57","slug":"lc-upc-sc-upc-sm-sx","status":"publish","type":"product","link":"https:\/\/www.fenxifiber.com\/tr\/product\/lc-upc-sc-upc-sm-sx\/","title":{"rendered":"LC\/UPC-SC\/UPC-SM-SX Tek Modlu Fiber Optik Yama Kablosu"},"content":{"rendered":"<h3 data-start=\"656\" data-end=\"708\"><strong data-start=\"660\" data-end=\"708\">LC'den SC Simplex'e Neden Hala Y\u00fcksek Talep Var?<\/strong><\/h3>\n<p data-start=\"710\" data-end=\"1041\">Modern anahtarlar, y\u00f6nlendiriciler ve optik al\u0131c\u0131-vericiler <strong data-start=\"765\" data-end=\"777\">LC ba\u011flant\u0131 noktalar\u0131<\/strong> port yo\u011funlu\u011funu en \u00fcst d\u00fczeye \u00e7\u0131karmak i\u00e7in <strong data-start=\"810\" data-end=\"827\">SC konekt\u00f6rler<\/strong> standart olarak kal\u0131r <strong data-start=\"847\" data-end=\"893\">yama panelleri, FTTH kutular\u0131 ve telekom ODF'leri<\/strong>.<br data-start=\"894\" data-end=\"897\" \/>Bu <strong data-start=\"901\" data-end=\"925\">LC-SC simpleks tasar\u0131m<\/strong> sa\u011flar <strong data-start=\"937\" data-end=\"970\">do\u011frudan, d\u00fc\u015f\u00fck kay\u0131pl\u0131 optik yol<\/strong> adapt\u00f6rler olmadan, her ikisini de azaltarak <strong data-start=\"1003\" data-end=\"1040\">sinyal kayb\u0131 ve kurulum maliyeti<\/strong>.<\/p>\n<hr data-start=\"1043\" data-end=\"1046\" \/>\n<h3 data-start=\"1048\" data-end=\"1080\"><strong data-start=\"1052\" data-end=\"1080\">Teknik \u00d6zellikler<\/strong><\/h3>\n<div class=\"TyagGW_tableContainer\">\n<div class=\"group TyagGW_tableWrapper flex flex-col-reverse w-fit\" tabindex=\"-1\">\n<table class=\"w-fit min-w-(--thread-content-width)\" data-start=\"1082\" data-end=\"1464\">\n<thead data-start=\"1082\" data-end=\"1117\">\n<tr data-start=\"1082\" data-end=\"1117\">\n<th class=\"\" data-start=\"1082\" data-end=\"1094\" data-col-size=\"sm\">Parametre<\/th>\n<th class=\"\" data-start=\"1094\" data-end=\"1117\" data-col-size=\"sm\">LC\/UPC-SC\/UPC-SM-SX<\/th>\n<\/tr>\n<\/thead>\n<tbody data-start=\"1146\" data-end=\"1464\">\n<tr data-start=\"1146\" data-end=\"1187\">\n<td data-start=\"1146\" data-end=\"1159\" data-col-size=\"sm\">Elyaf Tipi<\/td>\n<td data-start=\"1159\" data-end=\"1187\" data-col-size=\"sm\">OS2 Tek Modlu 9\/125 \u03bcm<\/td>\n<\/tr>\n<tr data-start=\"1188\" data-end=\"1234\">\n<td data-start=\"1188\" data-end=\"1204\" data-col-size=\"sm\">Konfig\u00fcrasyon<\/td>\n<td data-start=\"1204\" data-end=\"1234\" data-col-size=\"sm\">Simpleks (SX, tek fiber)<\/td>\n<\/tr>\n<tr data-start=\"1235\" data-end=\"1261\">\n<td data-start=\"1235\" data-end=\"1249\" data-col-size=\"sm\">Konekt\u00f6r A<\/td>\n<td data-start=\"1249\" data-end=\"1261\" data-col-size=\"sm\">LC \/ UPC<\/td>\n<\/tr>\n<tr data-start=\"1262\" data-end=\"1288\">\n<td data-start=\"1262\" data-end=\"1276\" data-col-size=\"sm\">Konekt\u00f6r B<\/td>\n<td data-start=\"1276\" data-end=\"1288\" data-col-size=\"sm\">SC \/ UPC<\/td>\n<\/tr>\n<tr data-start=\"1289\" data-end=\"1333\">\n<td data-start=\"1289\" data-end=\"1312\" data-col-size=\"sm\">\u00c7al\u0131\u015fma Dalga Boyu<\/td>\n<td data-start=\"1312\" data-end=\"1333\" data-col-size=\"sm\">1310 nm \/ 1550 nm<\/td>\n<\/tr>\n<tr data-start=\"1334\" data-end=\"1364\">\n<td data-start=\"1334\" data-end=\"1351\" data-col-size=\"sm\">Ekleme Kayb\u0131<\/td>\n<td data-start=\"1351\" data-end=\"1364\" data-col-size=\"sm\">\u2264 0,30 dB<\/td>\n<\/tr>\n<tr data-start=\"1365\" data-end=\"1390\">\n<td data-start=\"1365\" data-end=\"1379\" data-col-size=\"sm\">Geri D\u00f6n\u00fc\u015f Kayb\u0131<\/td>\n<td data-start=\"1379\" data-end=\"1390\" data-col-size=\"sm\">\u2265 50 dB<\/td>\n<\/tr>\n<tr data-start=\"1391\" data-end=\"1422\">\n<td data-start=\"1391\" data-end=\"1408\" data-col-size=\"sm\">Ceket Se\u00e7enekleri<\/td>\n<td data-start=\"1408\" data-end=\"1422\" data-col-size=\"sm\">LSZH \/ PVC<\/td>\n<\/tr>\n<tr data-start=\"1423\" data-end=\"1464\">\n<td data-start=\"1423\" data-end=\"1435\" data-col-size=\"sm\">Standartlar<\/td>\n<td data-start=\"1435\" data-end=\"1464\" data-col-size=\"sm\">IEC, TIA-568, RoHS, REACH<\/td>\n<\/tr>\n<\/tbody>\n<\/table>\n<\/div>\n<\/div>\n<hr data-start=\"1466\" data-end=\"1469\" \/>\n<h3 data-start=\"1471\" data-end=\"1499\"><strong data-start=\"1475\" data-end=\"1499\">Tipik Uygulamalar<\/strong><\/h3>\n<ul data-start=\"1501\" data-end=\"1674\">\n<li data-start=\"1501\" data-end=\"1534\">\n<p data-start=\"1503\" data-end=\"1534\"><strong data-start=\"1503\" data-end=\"1534\">FTTH &amp; FTTx eri\u015fim a\u011flar\u0131<\/strong><\/p>\n<\/li>\n<li data-start=\"1535\" data-end=\"1568\">\n<p data-start=\"1537\" data-end=\"1568\"><strong data-start=\"1537\" data-end=\"1568\">Telekom da\u011f\u0131t\u0131m \u00e7er\u00e7eveleri<\/strong><\/p>\n<\/li>\n<li data-start=\"1569\" data-end=\"1601\">\n<p data-start=\"1571\" data-end=\"1601\"><strong data-start=\"1571\" data-end=\"1601\">SFP \/ SFP+ optik mod\u00fcller<\/strong><\/p>\n<\/li>\n<li data-start=\"1602\" data-end=\"1643\">\n<p data-start=\"1604\" data-end=\"1643\"><strong data-start=\"1604\" data-end=\"1643\">Fiber duvar \u00e7\u0131k\u0131\u015flar\u0131 ve patch paneller<\/strong><\/p>\n<\/li>\n<li data-start=\"1644\" data-end=\"1674\">\n<p data-start=\"1646\" data-end=\"1674\"><strong data-start=\"1646\" data-end=\"1674\">Veri merkezi eri\u015fim ba\u011flant\u0131lar\u0131<\/strong><\/p>\n<\/li>\n<\/ul>\n<p data-start=\"1676\" data-end=\"1815\">Bu model s\u0131kl\u0131kla taraf\u0131ndan sat\u0131n al\u0131n\u0131r:<br \/>\n<strong data-start=\"1715\" data-end=\"1814\">fiber distrib\u00fct\u00f6rleri, sistem entegrat\u00f6rleri, FTTH y\u00fcklenicileri, OEM fabrikalar\u0131 ve ihracat toptanc\u0131lar\u0131<\/strong>.<\/p>\n<hr data-start=\"1817\" data-end=\"1820\" \/>\n<h3 data-start=\"1822\" data-end=\"1869\"><strong data-start=\"1826\" data-end=\"1869\">B2B Tedarik ve OEM Projeleri i\u00e7in Optimize Edildi<\/strong><\/h3>\n<p data-start=\"1871\" data-end=\"1882\">Destekliyoruz:<\/p>\n<ul data-start=\"1883\" data-end=\"2058\">\n<li data-start=\"1883\" data-end=\"1900\">\n<p data-start=\"1885\" data-end=\"1900\"><strong data-start=\"1885\" data-end=\"1900\">Toplu sipari\u015fler<\/strong><\/p>\n<\/li>\n<li data-start=\"1901\" data-end=\"1919\">\n<p data-start=\"1903\" data-end=\"1919\"><strong data-start=\"1903\" data-end=\"1919\">Esnek Adedi<\/strong><\/p>\n<\/li>\n<li data-start=\"1920\" data-end=\"1949\">\n<p data-start=\"1922\" data-end=\"1949\"><strong data-start=\"1922\" data-end=\"1949\">OEM \/ ODM \u00fcretim<\/strong><\/p>\n<\/li>\n<li data-start=\"1950\" data-end=\"1984\">\n<p data-start=\"1952\" data-end=\"1984\"><strong data-start=\"1952\" data-end=\"1984\">\u00d6zel etiketleme ve paketleme<\/strong><\/p>\n<\/li>\n<li data-start=\"1985\" data-end=\"2028\">\n<p data-start=\"1987\" data-end=\"2028\"><strong data-start=\"1987\" data-end=\"2028\">\u00d6zel kablo uzunluklar\u0131 ve k\u0131l\u0131f tipleri<\/strong><\/p>\n<\/li>\n<li data-start=\"2029\" data-end=\"2058\">\n<p data-start=\"2031\" data-end=\"2058\"><strong data-start=\"2031\" data-end=\"2058\">\u0130stikrarl\u0131 uzun vadeli tedarik<\/strong><\/p>\n<\/li>\n<\/ul>\n<p data-start=\"2060\" data-end=\"2161\">Bu, LC\/UPC-SC\/UPC-SM-SX'i a\u015fa\u011f\u0131dakiler i\u00e7in ideal bir se\u00e7im haline getirir <strong data-start=\"2111\" data-end=\"2160\">proje bazl\u0131 sat\u0131n alma ve k\u00fcresel kaynak kullan\u0131m\u0131<\/strong>.<\/p>\n<hr data-start=\"2163\" data-end=\"2166\" \/>\n<h2 data-start=\"2168\" data-end=\"2191\"><strong data-start=\"2171\" data-end=\"2191\">Profesyonel SSS<\/strong><\/h2>\n<p data-start=\"2193\" data-end=\"2324\"><strong data-start=\"2193\" data-end=\"2233\">S1: Bu modelde SX ne anlama geliyor?<\/strong><br data-start=\"2233\" data-end=\"2236\" \/>SX'in a\u00e7\u0131l\u0131m\u0131 <strong data-start=\"2250\" data-end=\"2261\">simpleks<\/strong>, yani kablonun <strong data-start=\"2285\" data-end=\"2298\">bir fiber<\/strong> dubleks \u00e7ift yerine.<\/p>\n<p data-start=\"2326\" data-end=\"2490\"><strong data-start=\"2326\" data-end=\"2390\">S2: Bu kablo FTTH ve telekom a\u011flar\u0131 ile uyumlu mu?<\/strong><br data-start=\"2390\" data-end=\"2393\" \/>Evet. <strong data-start=\"2406\" data-end=\"2431\">OS2 tek modlu fiber<\/strong>, ile tam uyumludur. <strong data-start=\"2455\" data-end=\"2489\">telekom, FTTH ve PON sistemleri<\/strong>.<\/p>\n<p data-start=\"2492\" data-end=\"2640\"><strong data-start=\"2492\" data-end=\"2542\">S3: Neden bir u\u00e7ta LC ve di\u011fer u\u00e7ta SC kullan\u0131l\u0131yor?<\/strong><br data-start=\"2542\" data-end=\"2545\" \/>LC uyuyor <strong data-start=\"2553\" data-end=\"2582\">y\u00fcksek yo\u011funluklu al\u0131c\u0131-vericiler<\/strong>, 'ye ba\u011flan\u0131rken, SC <strong data-start=\"2605\" data-end=\"2639\">standart ODF'ler ve duvar prizleri<\/strong>.<\/p>\n<p data-start=\"2642\" data-end=\"2763\"><strong data-start=\"2642\" data-end=\"2705\">S4: Bu OEM veya \u00f6zel etiketli ambalajlarda tedarik edilebilir mi?<\/strong><br data-start=\"2705\" data-end=\"2708\" \/>Evet. Biz sa\u011fl\u0131yoruz <strong data-start=\"2724\" data-end=\"2762\">OEM, ODM ve distrib\u00fct\u00f6r markas\u0131<\/strong>.<\/p>\n<p data-start=\"2765\" data-end=\"2917\"><strong data-start=\"2765\" data-end=\"2821\">S5: Bu uzun mesafeli iletim i\u00e7in uygun mu?<\/strong><br data-start=\"2821\" data-end=\"2824\" \/>Evet. OS2 tek modlu fiber \u015funlar\u0131 destekler <strong data-start=\"2860\" data-end=\"2916\">\u00c7ok d\u00fc\u015f\u00fck zay\u0131flama ile kilometrelerce iletim<\/strong>.<\/p>\n<p data-start=\"2919\" data-end=\"3042\"><strong data-start=\"2919\" data-end=\"2957\">S6: Bu modeli genellikle kimler sat\u0131n al\u0131yor?<\/strong><br data-start=\"2957\" data-end=\"2960\" \/><strong data-start=\"2960\" data-end=\"3041\">Telekom operat\u00f6rleri, FTTH kurulumcular\u0131, sistem entegrat\u00f6rleri ve fiber toptanc\u0131lar\u0131<\/strong>.<\/p>","protected":false},"excerpt":{"rendered":"<p data-start=\"63\" data-end=\"466\">Bu <strong data-start=\"67\" data-end=\"90\">LC\/UPC-SC\/UPC-SM-SX<\/strong> yama kablosu bir <strong data-start=\"107\" data-end=\"155\">tek fiber simpleks (SX) tek modlu jumper<\/strong> i\u00e7in tasarlanm\u0131\u015ft\u0131r <strong data-start=\"169\" data-end=\"249\">FTTH, telekom raflar\u0131, optik mod\u00fcller ve kompakt fiber da\u011f\u0131t\u0131m sistemleri<\/strong>. Birle\u015ftirir <strong data-start=\"265\" data-end=\"298\">y\u00fcksek yo\u011funluklu LC\/UPC konnekt\u00f6r<\/strong> bir ucunda bir <strong data-start=\"317\" data-end=\"346\">standart SC\/UPC konekt\u00f6r\u00fc<\/strong> aras\u0131nda kesintisiz ara ba\u011flant\u0131ya izin verir. <strong data-start=\"403\" data-end=\"465\">SFP tabanl\u0131 ekipman ve SC sonland\u0131rmal\u0131 ODF'ler veya duvar prizleri<\/strong>.<\/p>\n<p data-start=\"468\" data-end=\"649\">Bu yap\u0131land\u0131rma a\u015fa\u011f\u0131dakiler taraf\u0131ndan yayg\u0131n olarak kullan\u0131lmaktad\u0131r <strong data-start=\"505\" data-end=\"588\">sistem entegrat\u00f6rleri, telekom operat\u00f6rleri, toptanc\u0131lar ve OEM fiber \u00fcreticileri<\/strong> i\u00e7in <strong data-start=\"593\" data-end=\"648\">uygun maliyetli ve yerden tasarruf sa\u011flayan a\u011f da\u011f\u0131t\u0131mlar\u0131<\/strong>.<\/p>","protected":false},"featured_media":749,"comment_status":"open","ping_status":"closed","template":"","meta":[],"product_brand":[],"product_cat":[44],"product_tag":[],"class_list":{"0":"post-748","1":"product","2":"type-product","3":"status-publish","4":"has-post-thumbnail","6":"product_cat-multimode-fiber-optic-patch-cord","8":"first","9":"instock","10":"shipping-taxable","11":"product-type-simple"},"_links":{"self":[{"href":"https:\/\/www.fenxifiber.com\/tr\/wp-json\/wp\/v2\/product\/748","targetHints":{"allow":["GET"]}}],"collection":[{"href":"https:\/\/www.fenxifiber.com\/tr\/wp-json\/wp\/v2\/product"}],"about":[{"href":"https:\/\/www.fenxifiber.com\/tr\/wp-json\/wp\/v2\/types\/product"}],"replies":[{"embeddable":true,"href":"https:\/\/www.fenxifiber.com\/tr\/wp-json\/wp\/v2\/comments?post=748"}],"wp:featuredmedia":[{"embeddable":true,"href":"https:\/\/www.fenxifiber.com\/tr\/wp-json\/wp\/v2\/media\/749"}],"wp:attachment":[{"href":"https:\/\/www.fenxifiber.com\/tr\/wp-json\/wp\/v2\/media?parent=748"}],"wp:term":[{"taxonomy":"product_brand","embeddable":true,"href":"https:\/\/www.fenxifiber.com\/tr\/wp-json\/wp\/v2\/product_brand?post=748"},{"taxonomy":"product_cat","embeddable":true,"href":"https:\/\/www.fenxifiber.com\/tr\/wp-json\/wp\/v2\/product_cat?post=748"},{"taxonomy":"product_tag","embeddable":true,"href":"https:\/\/www.fenxifiber.com\/tr\/wp-json\/wp\/v2\/product_tag?post=748"}],"curies":[{"name":"wp","href":"https:\/\/api.w.org\/{rel}","templated":true}]}}