{"id":750,"date":"2026-02-04T00:59:49","date_gmt":"2026-02-04T00:59:49","guid":{"rendered":"https:\/\/www.fenxifiber.com\/?post_type=product&#038;p=750"},"modified":"2026-02-04T02:08:32","modified_gmt":"2026-02-04T02:08:32","slug":"lc-apc-sc-upc-sm-sx","status":"publish","type":"product","link":"https:\/\/www.fenxifiber.com\/tr\/product\/lc-apc-sc-upc-sm-sx\/","title":{"rendered":"LC\/APC - SC\/UPC Tek Modlu Simpleks Fiber Ba\u011flant\u0131 Kablosu"},"content":{"rendered":"<h3 data-path-to-node=\"6\">Hibrit M\u00fccadelesi: APC'den UPC'ye<\/h3>\n<p data-path-to-node=\"7\">Bu \u00f6zel kablonun birincil nedeni uyumluluktur.<\/p>\n<ul data-path-to-node=\"8\">\n<li>\n<p data-path-to-node=\"8,0,0\"><b data-path-to-node=\"8,0,0\" data-index-in-node=\"0\">LC\/APC (Ye\u015fil):<\/b> Genellikle modern SFP mod\u00fclleri veya geri yans\u0131man\u0131n en aza indirilmesi gereken GPON ekipman\u0131 gibi \u201cekipman taraf\u0131nda\u201d bulunur.<\/p>\n<\/li>\n<li>\n<p data-path-to-node=\"8,1,0\"><b data-path-to-node=\"8,1,0\" data-index-in-node=\"0\">SC\/UPC (Mavi):<\/b> Genellikle d\u00fcz bir fiziksel temas kullanan eski patch paneller, test ekipmanlar\u0131 veya standart medya d\u00f6n\u00fc\u015ft\u00fcr\u00fcc\u00fcler i\u00e7in \u201ca\u011f taraf\u0131\u201d standard\u0131.<\/p>\n<\/li>\n<\/ul>\n<hr data-path-to-node=\"9\" \/>\n<h3 data-path-to-node=\"10\">Teknik Performans ve Veriler<\/h3>\n<p data-path-to-node=\"11\">Bu kablo iki farkl\u0131 cila tipini birbirine ba\u011flad\u0131\u011f\u0131ndan, d\u00fc\u015f\u00fck ekleme kayb\u0131n\u0131 korumak i\u00e7in \u00fcretim s\u00fcrecindeki hassasiyet hayati \u00f6nem ta\u015f\u0131maktad\u0131r.<\/p>\n<table data-path-to-node=\"12\">\n<thead>\n<tr>\n<td><strong>Parametre<\/strong><\/td>\n<td><strong>\u015eartname<\/strong><\/td>\n<td><strong>Neden \u00d6nemli?<\/strong><\/td>\n<\/tr>\n<\/thead>\n<tbody>\n<tr>\n<td><span data-path-to-node=\"12,1,0,0\"><b data-path-to-node=\"12,1,0,0\" data-index-in-node=\"0\">Konekt\u00f6r A<\/b><\/span><\/td>\n<td><span data-path-to-node=\"12,1,1,0\">LC\/APC (8\u00b0 A\u00e7\u0131l\u0131)<\/span><\/td>\n<td><span data-path-to-node=\"12,1,2,0\">Y\u00fcksek yo\u011funluklu APC ba\u011flant\u0131 noktalar\u0131na uyar<\/span><\/td>\n<\/tr>\n<tr>\n<td><span data-path-to-node=\"12,2,0,0\"><b data-path-to-node=\"12,2,0,0\" data-index-in-node=\"0\">Konekt\u00f6r B<\/b><\/span><\/td>\n<td><span data-path-to-node=\"12,2,1,0\">SC\/UPC (D\u00fcz\/Ultra)<\/span><\/td>\n<td><span data-path-to-node=\"12,2,2,0\">Standart eski SC ba\u011flant\u0131 noktalar\u0131na uyar<\/span><\/td>\n<\/tr>\n<tr>\n<td><span data-path-to-node=\"12,3,0,0\"><b data-path-to-node=\"12,3,0,0\" data-index-in-node=\"0\">Fiber Modu<\/b><\/span><\/td>\n<td><span data-path-to-node=\"12,3,1,0\">Tek Mod OS2 (9\/125\u03bcm)<\/span><\/td>\n<td><span data-path-to-node=\"12,3,2,0\">Uzun mesafelerde d\u00fc\u015f\u00fck zay\u0131flama<\/span><\/td>\n<\/tr>\n<tr>\n<td><span data-path-to-node=\"12,4,0,0\"><b data-path-to-node=\"12,4,0,0\" data-index-in-node=\"0\">Geri D\u00f6n\u00fc\u015f Kayb\u0131 (LC)<\/b><\/span><\/td>\n<td><span data-path-to-node=\"12,4,1,0\"><span class=\"math-inline\" data-math=\"\\geq 60 \\text{ dB}\" data-index-in-node=\"0\">$\\geq 60 \\text{ dB}$<\/span><\/span><\/td>\n<td><span data-path-to-node=\"12,4,2,0\">Lazer kayna\u011f\u0131n\u0131 yans\u0131madan korur<\/span><\/td>\n<\/tr>\n<tr>\n<td><span data-path-to-node=\"12,5,0,0\"><b data-path-to-node=\"12,5,0,0\" data-index-in-node=\"0\">Geri D\u00f6n\u00fc\u015f Kayb\u0131 (SC)<\/b><\/span><\/td>\n<td><span data-path-to-node=\"12,5,1,0\"><span class=\"math-inline\" data-math=\"\\geq 50 \\text{ dB}\" data-index-in-node=\"0\">$\\geq 50 \\text{ dB}$<\/span><\/span><\/td>\n<td><span data-path-to-node=\"12,5,2,0\">Standart UPC performans\u0131<\/span><\/td>\n<\/tr>\n<tr>\n<td><span data-path-to-node=\"12,6,0,0\"><b data-path-to-node=\"12,6,0,0\" data-index-in-node=\"0\">Ekleme Kayb\u0131<\/b><\/span><\/td>\n<td><span data-path-to-node=\"12,6,1,0\"><span class=\"math-inline\" data-math=\"\\leq 0.3 \\text{ dB}\" data-index-in-node=\"0\">$\\leq 0,3 \\text{ dB}$<\/span><\/span><\/td>\n<td><span data-path-to-node=\"12,6,2,0\">Verimli g\u00fc\u00e7 \u00e7\u0131k\u0131\u015f\u0131<\/span><\/td>\n<\/tr>\n<tr>\n<td><span data-path-to-node=\"12,7,0,0\"><b data-path-to-node=\"12,7,0,0\" data-index-in-node=\"0\">Ceket<\/b><\/span><\/td>\n<td><span data-path-to-node=\"12,7,1,0\">2.0mm LSZH (Sar\u0131)<\/span><\/td>\n<td><span data-path-to-node=\"12,7,2,0\">Esnek ve yang\u0131na kar\u015f\u0131 g\u00fcvenli<\/span><\/td>\n<\/tr>\n<\/tbody>\n<\/table>\n<hr data-path-to-node=\"13\" \/>\n<h3 data-path-to-node=\"14\">Neden Bu \u00d6zel Hibrit Jumper'\u0131 Se\u00e7melisiniz?<\/h3>\n<ul data-path-to-node=\"15\">\n<li>\n<p data-path-to-node=\"15,0,0\"><b data-path-to-node=\"15,0,0\" data-index-in-node=\"0\">Adapt\u00f6rleri Ortadan Kald\u0131r\u0131n:<\/b> Hibrit bir ba\u011flant\u0131 kablosu kullanmak, ba\u011f\u0131ms\u0131z bir adapt\u00f6r kullanmaktan her zaman daha \u00fcst\u00fcnd\u00fcr. Her adapt\u00f6r fazladan bir \u201ce\u015f\u201d ekler ve bu da toplam ekleme kayb\u0131n\u0131 art\u0131r\u0131r. Bu kablo do\u011frudan, d\u00fc\u015f\u00fck kay\u0131pl\u0131 bir ba\u011flant\u0131 sa\u011flar.<\/p>\n<\/li>\n<li>\n<p data-path-to-node=\"15,1,0\"><b data-path-to-node=\"15,1,0\" data-index-in-node=\"0\">Y\u00fcksek Yo\u011funluklu LC U\u00e7:<\/b> LC konekt\u00f6r\u00fc SC'den 50% daha k\u00fc\u00e7\u00fckt\u00fcr, bu da onu kalabal\u0131k anahtarlar ve SFP ba\u011flant\u0131 noktalar\u0131 i\u00e7in m\u00fckemmel hale getirir.<\/p>\n<\/li>\n<li>\n<p data-path-to-node=\"15,2,0\"><b data-path-to-node=\"15,2,0\" data-index-in-node=\"0\">End\u00fcstriyel Standart SC Sonu:<\/b> SC ucu, standart duvar prizleri veya ODF'ler i\u00e7in sa\u011flam bir ba\u011flant\u0131 sa\u011flayan sa\u011flam bir 2,5 mm y\u00fcks\u00fc\u011fe sahiptir.<\/p>\n<\/li>\n<li>\n<p data-path-to-node=\"15,3,0\"><b data-path-to-node=\"15,3,0\" data-index-in-node=\"0\">LSZH G\u00fcvenlik Derecesi:<\/b> D\u00fc\u015f\u00fck Dumanl\u0131 S\u0131f\u0131r Halojen k\u0131l\u0131f, bina g\u00fcvenlik y\u00f6netmeliklerine uygunluk sa\u011flayarak hem kurumsal veri merkezleri hem de konut FTTH i\u00e7in uygun hale getirir.<\/p>\n<\/li>\n<\/ul>\n<hr data-path-to-node=\"16\" \/>\n<h3 data-path-to-node=\"17\">Uzman Soru-Cevaplar\u0131: Profesyonel \u0130\u00e7g\u00f6r\u00fcler<\/h3>\n<p data-path-to-node=\"18\"><b data-path-to-node=\"18\" data-index-in-node=\"0\">S1: LC\/APC ucunu bir Mavi (UPC) ba\u011flant\u0131 noktas\u0131na takabilir miyim?<\/b><\/p>\n<p data-path-to-node=\"18\"><b data-path-to-node=\"18\" data-index-in-node=\"54\">A:<\/b> <b data-path-to-node=\"18\" data-index-in-node=\"57\">Hay\u0131r.<\/b> Renkleri e\u015fle\u015ftirmelisiniz. Ye\u015fil LC\/APC ucu Ye\u015fil APC ba\u011flant\u0131 noktas\u0131na ve Mavi SC\/UPC ucu Mavi UPC ba\u011flant\u0131 noktas\u0131na gitmelidir. Bunlar\u0131 kar\u0131\u015ft\u0131r\u0131rsan\u0131z, b\u00fcy\u00fck sinyal kayb\u0131na neden olan ve fibere potansiyel olarak zarar veren b\u00fcy\u00fck bir hava bo\u015flu\u011fu olu\u015fturursunuz.<\/p>\n<p data-path-to-node=\"19\"><b data-path-to-node=\"19\" data-index-in-node=\"0\">S2: Neden her iki u\u00e7ta da APC kullanm\u0131yorsunuz?<\/b><\/p>\n<p data-path-to-node=\"19\"><b data-path-to-node=\"19\" data-index-in-node=\"39\">A:<\/b> \u0130deal olarak \u00f6yle yapars\u0131n\u0131z. Ancak mevcut bir\u00e7ok a\u011f UPC (Mavi) altyap\u0131s\u0131 kullan\u0131larak in\u015fa edilmi\u015ftir. Kaynak ekipman\u0131n\u0131z\u0131n do\u011fru \u00e7al\u0131\u015fmas\u0131 i\u00e7in APC gerekiyorsa ancak patch paneliniz UPC ise, bu \u201chibrit\u201d kablo onlar\u0131 g\u00fcvenli bir \u015fekilde ba\u011flaman\u0131n tek yoludur.<\/p>\n<p data-path-to-node=\"20\"><b data-path-to-node=\"20\" data-index-in-node=\"0\">S3: Bu kablo 10G SFP+ mod\u00fclleri i\u00e7in uygun mu?<\/b><\/p>\n<p data-path-to-node=\"20\"><b data-path-to-node=\"20\" data-index-in-node=\"49\">A:<\/b> Evet. Tek Modlu OS2 fiber 10G, 40G ve 100G h\u0131zlar\u0131n\u0131 kolayca destekler. Konekt\u00f6r tipi (LC veya SC) h\u0131z\u0131 s\u0131n\u0131rlamaz; fiber \u00e7ekirdek ve al\u0131c\u0131-vericiler s\u0131n\u0131rlar.<\/p>\n<p data-path-to-node=\"21\"><b data-path-to-node=\"21\" data-index-in-node=\"0\">S4: Hibrit bir kabloyu nas\u0131l temizlemeliyim?<\/b><\/p>\n<p data-path-to-node=\"21\"><b data-path-to-node=\"21\" data-index-in-node=\"39\">A:<\/b> Y\u00fcks\u00fckler farkl\u0131 boyutlarda oldu\u011fundan (LC i\u00e7in 1,25 mm ve SC i\u00e7in 2,5 mm), \u00e7ift boyutlu bir temizleme aletine veya her u\u00e7 i\u00e7in ayr\u0131 \u201cTek T\u0131kla\u201d temizleyicilere ihtiyac\u0131n\u0131z olacakt\u0131r.<\/p>","protected":false},"excerpt":{"rendered":"<p data-path-to-node=\"4\">Bir\u00e7ok fiber a\u011f ge\u00e7i\u015finde, kendinizi \u201cYe\u015fil\u201d (APC) donan\u0131m\u0131 \u201cMavi\u201d (UPC) eski ba\u011flant\u0131 noktalar\u0131na ba\u011flaman\u0131z gerekirken bulacaks\u0131n\u0131z. Bu <b data-path-to-node=\"4\" data-index-in-node=\"131\">LC\/APC - SC\/UPC Tek Modlu Simpleks (SM SX)<\/b> yama kablosu tam da bu senaryo i\u00e7in kesin bir m\u00fchendislik \u00e7\u00f6z\u00fcm\u00fcd\u00fcr.<\/p>\n<p data-path-to-node=\"5\">Bu hibrit jumper, y\u00fcksek performansl\u0131 APC seviyesi al\u0131c\u0131-vericilerin standart SC\/UPC da\u011f\u0131t\u0131m panelleriyle entegrasyonuna olanak tan\u0131yarak farkl\u0131 optik standartlar aras\u0131nda g\u00fcvenilir bir k\u00f6pr\u00fc sa\u011flar.<\/p>","protected":false},"featured_media":751,"comment_status":"open","ping_status":"closed","template":"","meta":[],"product_brand":[],"product_cat":[45],"product_tag":[],"class_list":{"0":"post-750","1":"product","2":"type-product","3":"status-publish","4":"has-post-thumbnail","6":"product_cat-single-mode-fiber-optic-patch-cord","8":"first","9":"instock","10":"shipping-taxable","11":"product-type-simple"},"_links":{"self":[{"href":"https:\/\/www.fenxifiber.com\/tr\/wp-json\/wp\/v2\/product\/750","targetHints":{"allow":["GET"]}}],"collection":[{"href":"https:\/\/www.fenxifiber.com\/tr\/wp-json\/wp\/v2\/product"}],"about":[{"href":"https:\/\/www.fenxifiber.com\/tr\/wp-json\/wp\/v2\/types\/product"}],"replies":[{"embeddable":true,"href":"https:\/\/www.fenxifiber.com\/tr\/wp-json\/wp\/v2\/comments?post=750"}],"wp:featuredmedia":[{"embeddable":true,"href":"https:\/\/www.fenxifiber.com\/tr\/wp-json\/wp\/v2\/media\/751"}],"wp:attachment":[{"href":"https:\/\/www.fenxifiber.com\/tr\/wp-json\/wp\/v2\/media?parent=750"}],"wp:term":[{"taxonomy":"product_brand","embeddable":true,"href":"https:\/\/www.fenxifiber.com\/tr\/wp-json\/wp\/v2\/product_brand?post=750"},{"taxonomy":"product_cat","embeddable":true,"href":"https:\/\/www.fenxifiber.com\/tr\/wp-json\/wp\/v2\/product_cat?post=750"},{"taxonomy":"product_tag","embeddable":true,"href":"https:\/\/www.fenxifiber.com\/tr\/wp-json\/wp\/v2\/product_tag?post=750"}],"curies":[{"name":"wp","href":"https:\/\/api.w.org\/{rel}","templated":true}]}}