{"id":752,"date":"2026-02-04T01:01:23","date_gmt":"2026-02-04T01:01:23","guid":{"rendered":"https:\/\/www.fenxifiber.com\/?post_type=product&#038;p=752"},"modified":"2026-02-04T02:09:10","modified_gmt":"2026-02-04T02:09:10","slug":"sc-upc-sc-upc-sm-sx","status":"publish","type":"product","link":"https:\/\/www.fenxifiber.com\/tr\/product\/sc-upc-sc-upc-sm-sx\/","title":{"rendered":"SC\/UPC - SC\/UPC Tek Modlu Simpleks (SM SX) ba\u011flant\u0131 kablosu"},"content":{"rendered":"<h2 data-path-to-node=\"3\">Teknik \u00d6zellikler: Mesleki Standartlar<\/h2>\n<p data-path-to-node=\"4\">\u201cUltra Fiziksel Temas\u201d (UPC) cilas\u0131, standart PC'den daha d\u00fc\u015f\u00fck bir geri yans\u0131man\u0131n gerekli oldu\u011fu, ancak a\u00e7\u0131l\u0131 APC'nin gerekli olmad\u0131\u011f\u0131 y\u00fcksek h\u0131zl\u0131 veri iletimi i\u00e7in tasarlanm\u0131\u015ft\u0131r.<\/p>\n<table data-path-to-node=\"5\">\n<thead>\n<tr>\n<td><strong>\u015eartname<\/strong><\/td>\n<td><strong>Teknik Detay<\/strong><\/td>\n<td><strong>Avantaj<\/strong><\/td>\n<\/tr>\n<\/thead>\n<tbody>\n<tr>\n<td><span data-path-to-node=\"5,1,0,0\"><b data-path-to-node=\"5,1,0,0\" data-index-in-node=\"0\">Konekt\u00f6r Tipi<\/b><\/span><\/td>\n<td><span data-path-to-node=\"5,1,1,0\">SC\/UPC'den SC\/UPC'ye<\/span><\/td>\n<td><span data-path-to-node=\"5,1,2,0\">Evrensel 2,5 mm \u201cPush-Pull\u201d tasar\u0131m<\/span><\/td>\n<\/tr>\n<tr>\n<td><span data-path-to-node=\"5,2,0,0\"><b data-path-to-node=\"5,2,0,0\" data-index-in-node=\"0\">Elyaf Tipi<\/b><\/span><\/td>\n<td><span data-path-to-node=\"5,2,1,0\">Tek Mod (OS2) 9\/125\u03bcm<\/span><\/td>\n<td><span data-path-to-node=\"5,2,2,0\">100 km+ mesafe kabiliyeti<\/span><\/td>\n<\/tr>\n<tr>\n<td><span data-path-to-node=\"5,3,0,0\"><b data-path-to-node=\"5,3,0,0\" data-index-in-node=\"0\">Ekleme Kayb\u0131<\/b><\/span><\/td>\n<td><span data-path-to-node=\"5,3,1,0\"><span class=\"math-inline\" data-math=\"\\leq 0.25 \\text{ dB}\" data-index-in-node=\"0\">$\\leq 0,25 \\text{ dB}$<\/span><\/span><\/td>\n<td><span data-path-to-node=\"5,3,2,0\">Y\u00fcksek verimli \u0131\u015f\u0131k yolu<\/span><\/td>\n<\/tr>\n<tr>\n<td><span data-path-to-node=\"5,4,0,0\"><b data-path-to-node=\"5,4,0,0\" data-index-in-node=\"0\">Geri D\u00f6n\u00fc\u015f Kayb\u0131<\/b><\/span><\/td>\n<td><span data-path-to-node=\"5,4,1,0\"><span class=\"math-inline\" data-math=\"\\geq 50 \\text{ dB}\" data-index-in-node=\"0\">$\\geq 50 \\text{ dB}$<\/span><\/span><\/td>\n<td><span data-path-to-node=\"5,4,2,0\">Dijital veriler i\u00e7in sinyal g\u00fcr\u00fclt\u00fcs\u00fcn\u00fc en aza indirir<\/span><\/td>\n<\/tr>\n<tr>\n<td><span data-path-to-node=\"5,5,0,0\"><b data-path-to-node=\"5,5,0,0\" data-index-in-node=\"0\">Ceket Malzemesi<\/b><\/span><\/td>\n<td><span data-path-to-node=\"5,5,1,0\">LSZH (Sar\u0131)<\/span><\/td>\n<td><span data-path-to-node=\"5,5,2,0\">Yang\u0131n g\u00fcvenli\u011fi ve d\u00fc\u015f\u00fck toksisite<\/span><\/td>\n<\/tr>\n<tr>\n<td><span data-path-to-node=\"5,6,0,0\"><b data-path-to-node=\"5,6,0,0\" data-index-in-node=\"0\">Dalga boyu<\/b><\/span><\/td>\n<td><span data-path-to-node=\"5,6,1,0\">1310nm \/ 1550nm<\/span><\/td>\n<td><span data-path-to-node=\"5,6,2,0\">T\u00fcm SM al\u0131c\u0131-vericileri i\u00e7in optimize edilmi\u015ftir<\/span><\/td>\n<\/tr>\n<tr>\n<td><span data-path-to-node=\"5,7,0,0\"><b data-path-to-node=\"5,7,0,0\" data-index-in-node=\"0\">\u00c7iftle\u015fme Dayan\u0131kl\u0131l\u0131\u011f\u0131<\/b><\/span><\/td>\n<td><span data-path-to-node=\"5,7,1,0\"><span class=\"math-inline\" data-math=\"&gt; 1000\" data-index-in-node=\"0\">$&gt; 1000$<\/span> zamanlar<\/span><\/td>\n<td><span data-path-to-node=\"5,7,2,0\">Uzun s\u00fcreli mekanik \u00f6m\u00fcr<\/span><\/td>\n<\/tr>\n<\/tbody>\n<\/table>\n<hr data-path-to-node=\"6\" \/>\n<h2 data-path-to-node=\"7\">SC\/UPC Neden Sekt\u00f6r Standard\u0131d\u0131r?<\/h2>\n<h3 data-path-to-node=\"8\">1. Sa\u011flam SC Mekanizmas\u0131<\/h3>\n<p data-path-to-node=\"9\">Bu <b data-path-to-node=\"9\" data-index-in-node=\"4\">Abone Konekt\u00f6r\u00fc (SC)<\/b> kare, ge\u00e7meli bir kilitleme mekanizmas\u0131na sahiptir. Daha k\u00fc\u00e7\u00fck LC konnekt\u00f6rlerin aksine, SC'nin 2,5 mm'lik y\u00fcks\u00fc\u011f\u00fc daha geni\u015f bir y\u00fczey alan\u0131 sunarak yanl\u0131\u015f hizalanmaya daha az e\u011filimli olmas\u0131n\u0131 ve \u201cy\u00fcksek trafikli\u201d da\u011f\u0131t\u0131m \u00e7er\u00e7evelerinde s\u0131k s\u0131k yama yapmak i\u00e7in fiziksel olarak daha dayan\u0131kl\u0131 olmas\u0131n\u0131 sa\u011flar.<\/p>\n<h3 data-path-to-node=\"10\">2. Dijital Veriler i\u00e7in Optimize Edildi<\/h3>\n<p data-path-to-node=\"11\">APC (Ye\u015fil) ise video\/CATV i\u00e7in krald\u0131r, <b data-path-to-node=\"11\" data-index-in-node=\"42\">UPC (Mavi)<\/b> \u00e7o\u011fu dijital veri protokol\u00fc i\u00e7in standartt\u0131r. Geri d\u00f6n\u00fc\u015f kayb\u0131 ile <b data-path-to-node=\"11\" data-index-in-node=\"124\"><span class=\"math-inline\" data-math=\"\\geq 50\\text{dB}\" data-index-in-node=\"124\">$\\geq 50\\text{dB}$<\/span><\/b>, APC donan\u0131m\u0131n\u0131n y\u00fcksek maliyeti olmadan Gigabit Ethernet ve 10G\/40G veri ortamlar\u0131 i\u00e7in fazlas\u0131yla yeterli sinyal safl\u0131\u011f\u0131 sa\u011flar.<\/p>\n<h3 data-path-to-node=\"12\">3. \u201cS\u0131f\u0131r-Halojen\u201d G\u00fcvenlik<\/h3>\n<p data-path-to-node=\"13\">Modern sunucu odalar\u0131ndaki g\u00fcvenlik d\u00fczenlemeleri kat\u0131d\u0131r. SC\/UPC jumperlar\u0131m\u0131z \u015funlar\u0131 kullan\u0131r <b data-path-to-node=\"13\" data-index-in-node=\"77\">LSZH (D\u00fc\u015f\u00fck Dumanl\u0131 S\u0131f\u0131r Halojen)<\/b> Ceketler. A\u015f\u0131r\u0131 \u0131s\u0131 durumunda, bu kablolar minimum duman \u00fcretir ve a\u015f\u0131nd\u0131r\u0131c\u0131 halojen gazlar\u0131 \u00fcretmez, hem personeli hem de pahal\u0131 donan\u0131m\u0131 korur.<\/p>\n<h3 data-path-to-node=\"14\">4. Simpleks Basitlik<\/h3>\n<p data-path-to-node=\"15\">Bu <b data-path-to-node=\"15\" data-index-in-node=\"4\">Simpleks (SX)<\/b> tasar\u0131m\u0131, \u00c7ift Y\u00f6nl\u00fc (BiDi) a\u011f ileti\u015fimi veya \u00f6zel tek y\u00f6nl\u00fc ileti\u015fim i\u00e7in tek bir fiber telin kullan\u0131ld\u0131\u011f\u0131 herhangi bir sistem i\u00e7in m\u00fckemmeldir. Hafiftir, kablo tepsilerinde daha az yer kaplar ve dubleks demetlere g\u00f6re y\u00f6netimi daha kolayd\u0131r.<\/p>\n<hr data-path-to-node=\"16\" \/>\n<h2 data-path-to-node=\"17\">Uzman Soru-Cevaplar\u0131: Sorun Giderme ve \u0130\u00e7g\u00f6r\u00fcler<\/h2>\n<p data-path-to-node=\"18\"><b data-path-to-node=\"18\" data-index-in-node=\"0\">S: Bir SC\/UPC (Mavi) kablosunu bir SC\/APC (Ye\u015fil) ba\u011flant\u0131 noktas\u0131na takabilir miyim?<\/b><\/p>\n<p data-path-to-node=\"18\"><b data-path-to-node=\"18\" data-index-in-node=\"66\">A:<\/b> <b data-path-to-node=\"18\" data-index-in-node=\"69\">Hay\u0131r.<\/b> Bu yayg\u0131n bir hatad\u0131r. Bir UPC ucu d\u00fczken, bir APC portu a\u00e7\u0131l\u0131d\u0131r. Bunlar\u0131 birbirine zorlamak b\u00fcy\u00fck bir hava bo\u015flu\u011fu yarat\u0131r (sinyal ar\u0131zas\u0131na neden olur) ve pahal\u0131 seramik y\u00fcks\u00fckleri kal\u0131c\u0131 olarak \u00e7izebilir.<\/p>\n<p data-path-to-node=\"19\"><b data-path-to-node=\"19\" data-index-in-node=\"0\">S: Bir SC\/UPC Tek Modlu kablo i\u00e7in maksimum mesafe nedir?<\/b><\/p>\n<p data-path-to-node=\"19\"><b data-path-to-node=\"19\" data-index-in-node=\"65\">A:<\/b> Kablonun kendisi, \u015fu mesafelere kadar destekleyebilen OS2 fiberden yap\u0131lm\u0131\u015ft\u0131r <b data-path-to-node=\"19\" data-index-in-node=\"141\">100 km<\/b> al\u0131c\u0131-vericilerinizin g\u00fcc\u00fcne ba\u011fl\u0131 olarak. Bununla birlikte, \u00e7o\u011fu ba\u011flant\u0131 kablosu uygulamas\u0131 i\u00e7in, ayn\u0131 raf veya oda i\u00e7inde (1m ila 30m) kullan\u0131l\u0131rlar.<\/p>\n<p data-path-to-node=\"20\"><b data-path-to-node=\"20\" data-index-in-node=\"0\">S: \u201cSimplex\u201d kablom neden sar\u0131?<\/b><\/p>\n<p data-path-to-node=\"20\"><b data-path-to-node=\"20\" data-index-in-node=\"37\">A:<\/b> End\u00fcstri standard\u0131 renk kodlamas\u0131na g\u00f6re <b data-path-to-node=\"20\" data-index-in-node=\"85\">Sar\u0131<\/b> Tek Modlu fiberi (9\/125\u03bcm) temsil ederken, Turuncu, Aqua veya Violet \u00e7e\u015fitli derecelerde \u00c7ok Modlu fiber i\u00e7in kullan\u0131l\u0131r.<\/p>\n<p data-path-to-node=\"21\"><b data-path-to-node=\"21\" data-index-in-node=\"0\">S: SC\/UPC, SFP mod\u00fclleri ile uyumlu mudur?<\/b><\/p>\n<p data-path-to-node=\"21\"><b data-path-to-node=\"21\" data-index-in-node=\"42\">A:<\/b> \u00c7o\u011fu SFP mod\u00fcl\u00fc daha k\u00fc\u00e7\u00fck olan LC ba\u011flant\u0131 noktas\u0131n\u0131 kullan\u0131r. Bir SC\/UPC yama panelini bir LC SFP mod\u00fcl\u00fcne ba\u011flamak i\u00e7in bir <b data-path-to-node=\"21\" data-index-in-node=\"159\">LC'den SC'ye<\/b> standart bir SC'den SC'ye atlama kablosu yerine d\u00f6n\u00fc\u015ft\u00fcrme kablosu.<\/p>","protected":false},"excerpt":{"rendered":"<p>Standart fiber a\u011f d\u00fcnyas\u0131nda <b data-path-to-node=\"0\" data-index-in-node=\"47\">SC\/UPC - SC\/UPC Tek Modlu Simpleks (SM SX)<\/b> yama kablosu end\u00fcstrinin beygiridir. \u201cMavi\u201d konekt\u00f6rleriyle tan\u0131nan bu kablo, Ultra Fiziksel Temas (UPC) parlatma kullanan kurumsal LAN'lar, veri merkezleri ve genel telekom\u00fcnikasyon ba\u011flant\u0131lar\u0131 i\u00e7in standartt\u0131r.<\/p>","protected":false},"featured_media":754,"comment_status":"open","ping_status":"closed","template":"","meta":[],"product_brand":[],"product_cat":[45],"product_tag":[],"class_list":{"0":"post-752","1":"product","2":"type-product","3":"status-publish","4":"has-post-thumbnail","6":"product_cat-single-mode-fiber-optic-patch-cord","8":"first","9":"instock","10":"shipping-taxable","11":"product-type-simple"},"_links":{"self":[{"href":"https:\/\/www.fenxifiber.com\/tr\/wp-json\/wp\/v2\/product\/752","targetHints":{"allow":["GET"]}}],"collection":[{"href":"https:\/\/www.fenxifiber.com\/tr\/wp-json\/wp\/v2\/product"}],"about":[{"href":"https:\/\/www.fenxifiber.com\/tr\/wp-json\/wp\/v2\/types\/product"}],"replies":[{"embeddable":true,"href":"https:\/\/www.fenxifiber.com\/tr\/wp-json\/wp\/v2\/comments?post=752"}],"wp:featuredmedia":[{"embeddable":true,"href":"https:\/\/www.fenxifiber.com\/tr\/wp-json\/wp\/v2\/media\/754"}],"wp:attachment":[{"href":"https:\/\/www.fenxifiber.com\/tr\/wp-json\/wp\/v2\/media?parent=752"}],"wp:term":[{"taxonomy":"product_brand","embeddable":true,"href":"https:\/\/www.fenxifiber.com\/tr\/wp-json\/wp\/v2\/product_brand?post=752"},{"taxonomy":"product_cat","embeddable":true,"href":"https:\/\/www.fenxifiber.com\/tr\/wp-json\/wp\/v2\/product_cat?post=752"},{"taxonomy":"product_tag","embeddable":true,"href":"https:\/\/www.fenxifiber.com\/tr\/wp-json\/wp\/v2\/product_tag?post=752"}],"curies":[{"name":"wp","href":"https:\/\/api.w.org\/{rel}","templated":true}]}}