{"id":755,"date":"2026-02-04T01:04:44","date_gmt":"2026-02-04T01:04:44","guid":{"rendered":"https:\/\/www.fenxifiber.com\/?post_type=product&#038;p=755"},"modified":"2026-02-04T02:09:52","modified_gmt":"2026-02-04T02:09:52","slug":"fc-upc-lc-upc-sm-sx","status":"publish","type":"product","link":"https:\/\/www.fenxifiber.com\/tr\/product\/fc-upc-lc-upc-sm-sx\/","title":{"rendered":"Aradaki Bo\u015flu\u011fu Kapatmak: FC\/UPC - LC\/UPC SM SX Fiber Ba\u011flant\u0131 Kablosu"},"content":{"rendered":"<p data-path-to-node=\"4\">\u0130ster eski OTDR test ekipman\u0131 ister a\u011f\u0131r hizmet tipi telekom\u00fcnikasyon anahtarlar\u0131 ile \u00e7al\u0131\u015f\u0131yor olun, bu hibrit jumper farkl\u0131 nesil teknolojilerin tek bir paketi bile d\u00fc\u015f\u00fcrmeden birbirleriyle konu\u015fmas\u0131n\u0131 sa\u011flar.<\/p>\n<h2 data-path-to-node=\"5\">Bu Hibrit Yap\u0131land\u0131rma Neden \u0130\u015fe Yar\u0131yor?<\/h2>\n<p data-path-to-node=\"6\">G\u00fczelli\u011fi <b data-path-to-node=\"6\" data-index-in-node=\"18\">FC\/UPC'den LC\/UPC'ye<\/b> \u201cher iki d\u00fcnyan\u0131n da en iyisi\u201d yakla\u015f\u0131m\u0131nda yatmaktad\u0131r:<\/p>\n<ul data-path-to-node=\"7\">\n<li>\n<p data-path-to-node=\"7,0,0\"><b data-path-to-node=\"7,0,0\" data-index-in-node=\"0\">FC End (Tank):<\/b> FC (Y\u00fcks\u00fckl\u00fc Konnekt\u00f6r) sa\u011flaml\u0131k i\u00e7in \u00fcretilmi\u015ftir. Di\u015fli, metalik g\u00f6vdesi yerine vidalan\u0131r, bu da onu titre\u015fimlere veya kazara \u00e7ekmelere kar\u015f\u0131 pratik olarak ba\u011f\u0131\u015f\u0131k hale getirir.<\/p>\n<\/li>\n<li>\n<p data-path-to-node=\"7,1,0\"><b data-path-to-node=\"7,1,0\" data-index-in-node=\"0\">The LC End (The Precision):<\/b> LC (Lucent Connector) modern veri merkezinin kral\u0131d\u0131r. K\u00fc\u00e7\u00fck form fakt\u00f6r\u00fc y\u00fcksek yo\u011funlukta yama yap\u0131lmas\u0131na olanak tan\u0131r ve \u201cge\u00e7meli\u201d mandal\u0131 size g\u00fcvenli bir ba\u011flant\u0131n\u0131n tatmin edici t\u0131klamas\u0131n\u0131 sa\u011flar.<\/p>\n<\/li>\n<li>\n<p data-path-to-node=\"7,2,0\"><b data-path-to-node=\"7,2,0\" data-index-in-node=\"0\">UPC Polish (The Standard):<\/b> Her iki u\u00e7ta da Ultra Fiziksel Temas (Mavi) kullanarak, geri d\u00f6n\u00fc\u015f kayb\u0131n\u0131 d\u00fc\u015f\u00fck tutan (tipik olarak <span class=\"math-inline\" data-math=\"\\geq 50\\text{ dB}\" data-index-in-node=\"155\">$\\geq 50\\text{ dB}$<\/span>) a\u00e7\u0131l\u0131 konekt\u00f6rlerin karma\u015f\u0131kl\u0131\u011f\u0131 olmadan.<\/p>\n<\/li>\n<\/ul>\n<hr data-path-to-node=\"8\" \/>\n<h2 data-path-to-node=\"9\">Teknik Performans D\u00f6k\u00fcm\u00fc<\/h2>\n<p data-path-to-node=\"10\">\u015eimdi ba\u011flant\u0131 b\u00fct\u00e7eniz i\u00e7in ger\u00e7ekten \u00f6nemli olan rakamlara bakal\u0131m:<\/p>\n<table data-path-to-node=\"11\">\n<thead>\n<tr>\n<td><strong>\u00d6zellik<\/strong><\/td>\n<td><strong>Performans \u00d6zellikleri<\/strong><\/td>\n<td><strong>\u201cGer\u00e7ek D\u00fcnya\u201d Faydas\u0131<\/strong><\/td>\n<\/tr>\n<\/thead>\n<tbody>\n<tr>\n<td><span data-path-to-node=\"11,1,0,0\"><b data-path-to-node=\"11,1,0,0\" data-index-in-node=\"0\">Elyaf Tipi<\/b><\/span><\/td>\n<td><span data-path-to-node=\"11,1,1,0\">Tek Mod (OS2) 9\/125\u03bcm<\/span><\/td>\n<td><span data-path-to-node=\"11,1,2,0\">Uzun mesafeli ba\u011flant\u0131lar i\u00e7in s\u0131f\u0131r mesafe kayg\u0131s\u0131.<\/span><\/td>\n<\/tr>\n<tr>\n<td><span data-path-to-node=\"11,2,0,0\"><b data-path-to-node=\"11,2,0,0\" data-index-in-node=\"0\">Ekleme Kayb\u0131<\/b><\/span><\/td>\n<td><span data-path-to-node=\"11,2,1,0\"><span class=\"math-inline\" data-math=\"\\leq 0.3 \\text{ dB}\" data-index-in-node=\"0\">$\\leq 0,3 \\text{ dB}$<\/span><\/span><\/td>\n<td><span data-path-to-node=\"11,2,2,0\">I\u015f\u0131k kayna\u011f\u0131n\u0131z taraf\u0131ndan neredeyse g\u00f6r\u00fcnmez.<\/span><\/td>\n<\/tr>\n<tr>\n<td><span data-path-to-node=\"11,3,0,0\"><b data-path-to-node=\"11,3,0,0\" data-index-in-node=\"0\">Geri D\u00f6n\u00fc\u015f Kayb\u0131<\/b><\/span><\/td>\n<td><span data-path-to-node=\"11,3,1,0\"><span class=\"math-inline\" data-math=\"\\geq 50 \\text{ dB}\" data-index-in-node=\"0\">$\\geq 50 \\text{ dB}$<\/span><\/span><\/td>\n<td><span data-path-to-node=\"11,3,2,0\">Geri yans\u0131man\u0131n verilerinizi bozmas\u0131n\u0131 engeller.<\/span><\/td>\n<\/tr>\n<tr>\n<td><span data-path-to-node=\"11,4,0,0\"><b data-path-to-node=\"11,4,0,0\" data-index-in-node=\"0\">Ceket Malzemesi<\/b><\/span><\/td>\n<td><span data-path-to-node=\"11,4,1,0\">LSZH (Sar\u0131)<\/span><\/td>\n<td><span data-path-to-node=\"11,4,2,0\">Bina y\u00f6netmeli\u011fine uygun ve raf i\u00e7in g\u00fcvenli.<\/span><\/td>\n<\/tr>\n<tr>\n<td><span data-path-to-node=\"11,5,0,0\"><b data-path-to-node=\"11,5,0,0\" data-index-in-node=\"0\">Dayan\u0131kl\u0131l\u0131k<\/b><\/span><\/td>\n<td><span data-path-to-node=\"11,5,1,0\"><span class=\"math-inline\" data-math=\"1000+\" data-index-in-node=\"0\">$1000+$<\/span> \u00c7iftle\u015fmeler<\/span><\/td>\n<td><span data-path-to-node=\"11,5,2,0\">Tak\u0131lmak, \u00e7\u0131kar\u0131lmak ve yeniden tak\u0131lmak \u00fczere \u00fcretilmi\u015ftir.<\/span><\/td>\n<\/tr>\n<\/tbody>\n<\/table>\n<hr data-path-to-node=\"12\" \/>\n<h2 data-path-to-node=\"13\">Saha i\u00e7in Profesyonel \u0130pu\u00e7lar\u0131<\/h2>\n<h3 data-path-to-node=\"14\">1. Temizlik, \u00c7al\u0131\u015fma S\u00fcresinin Yan\u0131nda...<\/h3>\n<p data-path-to-node=\"15\">\u0130ki farkl\u0131 y\u00fcks\u00fck boyutuna sahip oldu\u011funuz i\u00e7in (FC i\u00e7in 2,5 mm ve LC i\u00e7in 1,25 mm), her ikisi i\u00e7in de ayn\u0131 temizleme aletini kullanmaya \u00e7al\u0131\u015fmay\u0131n. \u00c7apraz kontaminasyonu \u00f6nlemek i\u00e7in her bir u\u00e7 i\u00e7in \u00f6zel bir \u201cOne-Click\u201d temizleyici kullan\u0131n.<\/p>\n<h3 data-path-to-node=\"16\">2. FC'yi A\u015f\u0131r\u0131 S\u0131kmay\u0131n<\/h3>\n<p data-path-to-node=\"17\">FC vida tipi konnekt\u00f6r\u00fc a\u015fa\u011f\u0131 do\u011fru \u00e7ekmek cazip gelebilir. Yapmay\u0131n. Seramik y\u00fcks\u00fc\u011f\u00fc oturtmak i\u00e7in parmak s\u0131k\u0131l\u0131\u011f\u0131 yeterlidir. A\u015f\u0131r\u0131 s\u0131kma dahili yay mekanizmas\u0131 \u00fczerinde gereksiz bask\u0131 olu\u015fturabilir.<\/p>\n<h3 data-path-to-node=\"18\">3. Maviye Dikkat<\/h3>\n<p data-path-to-node=\"19\">Unutmay\u0131n, bu bir <b data-path-to-node=\"19\" data-index-in-node=\"20\">UPC (Mavi)<\/b> kablo. Bu LC\/UPC ucunu Ye\u015fil LC\/APC al\u0131c\u0131-vericiye takmaya \u00e7al\u0131\u015f\u0131rsan\u0131z, sinyal kayb\u0131nda b\u00fcy\u00fck bir art\u0131\u015f g\u00f6receksiniz. Renklerinizi uyumlu tutun.<\/p>\n<hr data-path-to-node=\"20\" \/>\n<h2 data-path-to-node=\"21\">H\u0131zl\u0131 Ate\u015f Soru-Cevap<\/h2>\n<p data-path-to-node=\"22\"><b data-path-to-node=\"22\" data-index-in-node=\"0\">S: 2026'da neden FC kullan\u0131l\u0131yor?<\/b><\/p>\n<p data-path-to-node=\"22\"><b data-path-to-node=\"22\" data-index-in-node=\"30\">A:<\/b> Titre\u015fim. End\u00fcstriyel ortamlarda, denizcilik uygulamalar\u0131nda veya ekipman\u0131n s\u0131k s\u0131k hareket ettirildi\u011fi laboratuvarlarda vidal\u0131 FC konnekt\u00f6r, plastik ge\u00e7meli mandaldan \u00e7ok daha g\u00fcvenilirdir.<\/p>\n<p data-path-to-node=\"23\"><b data-path-to-node=\"23\" data-index-in-node=\"0\">S: Bunu 10G veya 40G i\u00e7in kullanabilir miyim?<\/b><\/p>\n<p data-path-to-node=\"23\"><b data-path-to-node=\"23\" data-index-in-node=\"34\">A:<\/b> Kesinlikle. Tek modlu OS2 fiber etkin bir \u015fekilde \u201ch\u0131z k\u00f6r\u00fcd\u00fcr\u201d. Al\u0131c\u0131-vericileriniz 1310\/1550nm dalga boylar\u0131yla e\u015fle\u015fti\u011fi s\u00fcrece, kablo darbo\u011faz\u0131n\u0131z olmayacakt\u0131r.<\/p>\n<p data-path-to-node=\"24\"><b data-path-to-node=\"24\" data-index-in-node=\"0\">S: \u201cSimplex\u201d (SX) g\u00fcncelli\u011fini yitirdi mi?<\/b><\/p>\n<p data-path-to-node=\"24\"><b data-path-to-node=\"24\" data-index-in-node=\"31\">A:<\/b> Hi\u00e7 de de\u011fil. BiDi (\u00c7ift y\u00f6nl\u00fc) al\u0131c\u0131-vericilerin y\u00fckseli\u015fiyle, tek bir fiber iplik\u00e7ik (Simplex) genellikle tam \u00e7ift y\u00f6nl\u00fc ileti\u015fimi idare etmek i\u00e7in ihtiyac\u0131n\u0131z olan tek \u015feydir ve fiber kapasitenizi etkili bir \u015fekilde iki kat\u0131na \u00e7\u0131kar\u0131r.<\/p>","protected":false},"excerpt":{"rendered":"<p data-path-to-node=\"3\">En yeni LC-to-LC y\u00fcksek yo\u011funluklu kurulumlara kafay\u0131 takm\u0131\u015f bir d\u00fcnyada <b data-path-to-node=\"3\" data-index-in-node=\"70\">FC\/UPC-LC\/UPC-SM-SX<\/b> \u00e7e\u015fitli donan\u0131m ortamlar\u0131yla u\u011fra\u015fan a\u011f m\u00fchendisleri i\u00e7in \u201cgizli silah\u201d olmaya devam ediyor. Bu sadece bir kablo de\u011fildir; sa\u011flam, end\u00fcstriyel s\u0131n\u0131f FC ba\u011flant\u0131 noktalar\u0131 ile g\u00fcn\u00fcm\u00fcz\u00fcn SFP mod\u00fcllerinde bulunan \u015f\u0131k, modern LC arabirimleri aras\u0131ndaki temel \u00e7eviricidir.<\/p>\n<p data-path-to-node=\"4\">","protected":false},"featured_media":756,"comment_status":"open","ping_status":"closed","template":"","meta":[],"product_brand":[],"product_cat":[45],"product_tag":[],"class_list":{"0":"post-755","1":"product","2":"type-product","3":"status-publish","4":"has-post-thumbnail","6":"product_cat-single-mode-fiber-optic-patch-cord","8":"first","9":"instock","10":"shipping-taxable","11":"product-type-simple"},"_links":{"self":[{"href":"https:\/\/www.fenxifiber.com\/tr\/wp-json\/wp\/v2\/product\/755","targetHints":{"allow":["GET"]}}],"collection":[{"href":"https:\/\/www.fenxifiber.com\/tr\/wp-json\/wp\/v2\/product"}],"about":[{"href":"https:\/\/www.fenxifiber.com\/tr\/wp-json\/wp\/v2\/types\/product"}],"replies":[{"embeddable":true,"href":"https:\/\/www.fenxifiber.com\/tr\/wp-json\/wp\/v2\/comments?post=755"}],"wp:featuredmedia":[{"embeddable":true,"href":"https:\/\/www.fenxifiber.com\/tr\/wp-json\/wp\/v2\/media\/756"}],"wp:attachment":[{"href":"https:\/\/www.fenxifiber.com\/tr\/wp-json\/wp\/v2\/media?parent=755"}],"wp:term":[{"taxonomy":"product_brand","embeddable":true,"href":"https:\/\/www.fenxifiber.com\/tr\/wp-json\/wp\/v2\/product_brand?post=755"},{"taxonomy":"product_cat","embeddable":true,"href":"https:\/\/www.fenxifiber.com\/tr\/wp-json\/wp\/v2\/product_cat?post=755"},{"taxonomy":"product_tag","embeddable":true,"href":"https:\/\/www.fenxifiber.com\/tr\/wp-json\/wp\/v2\/product_tag?post=755"}],"curies":[{"name":"wp","href":"https:\/\/api.w.org\/{rel}","templated":true}]}}