{"id":757,"date":"2026-02-04T01:06:36","date_gmt":"2026-02-04T01:06:36","guid":{"rendered":"https:\/\/www.fenxifiber.com\/?post_type=product&#038;p=757"},"modified":"2026-02-04T02:10:42","modified_gmt":"2026-02-04T02:10:42","slug":"lc-upc-lc-upc-sm-sx","status":"publish","type":"product","link":"https:\/\/www.fenxifiber.com\/tr\/product\/lc-upc-lc-upc-sm-sx\/","title":{"rendered":"LC\/UPC - LC\/UPC Tek Modlu Simpleks (SM SX) ba\u011flant\u0131 kablosu"},"content":{"rendered":"<h2 data-path-to-node=\"6\">Veri Ta\u015f\u0131yan Teknik \u00d6zellikler<\/h2>\n<p data-path-to-node=\"7\">A\u011f mimar\u0131 i\u00e7in say\u0131lar hikayeyi anlat\u0131r. \u0130\u015fte birinci s\u0131n\u0131f bir LC\/UPC Simplex jumper i\u00e7in 2026 performans profili:<\/p>\n<table data-path-to-node=\"8\">\n<thead>\n<tr>\n<td><strong>Metrik<\/strong><\/td>\n<td><strong>\u015eartname<\/strong><\/td>\n<td><strong>M\u00fchendislik De\u011feri<\/strong><\/td>\n<\/tr>\n<\/thead>\n<tbody>\n<tr>\n<td><span data-path-to-node=\"8,1,0,0\"><b data-path-to-node=\"8,1,0,0\" data-index-in-node=\"0\">Konekt\u00f6r Tipi<\/b><\/span><\/td>\n<td><span data-path-to-node=\"8,1,1,0\">LC\/UPC'den LC\/UPC'ye<\/span><\/td>\n<td><span data-path-to-node=\"8,1,2,0\">Y\u00fcksek yo\u011funluklu \u201cSnap-in\u201d mandallama<\/span><\/td>\n<\/tr>\n<tr>\n<td><span data-path-to-node=\"8,2,0,0\"><b data-path-to-node=\"8,2,0,0\" data-index-in-node=\"0\">Fiber \u00c7ekirdek<\/b><\/span><\/td>\n<td><span data-path-to-node=\"8,2,1,0\">Tek Mod (OS2) 9\/125\u03bcm<\/span><\/td>\n<td><span data-path-to-node=\"8,2,2,0\">1310nm ve 1550nm i\u00e7in optimize edilmi\u015ftir<\/span><\/td>\n<\/tr>\n<tr>\n<td><span data-path-to-node=\"8,3,0,0\"><b data-path-to-node=\"8,3,0,0\" data-index-in-node=\"0\">Ekleme Kayb\u0131<\/b><\/span><\/td>\n<td><span data-path-to-node=\"8,3,1,0\"><span class=\"math-inline\" data-math=\"\\leq 0.2 \\text{ dB}\" data-index-in-node=\"0\">$\\leq 0,2 \\text{ dB}$<\/span><\/span><\/td>\n<td><span data-path-to-node=\"8,3,2,0\">Sekt\u00f6r lideri d\u00fc\u015f\u00fck g\u00fc\u00e7 kayb\u0131<\/span><\/td>\n<\/tr>\n<tr>\n<td><span data-path-to-node=\"8,4,0,0\"><b data-path-to-node=\"8,4,0,0\" data-index-in-node=\"0\">Geri D\u00f6n\u00fc\u015f Kayb\u0131<\/b><\/span><\/td>\n<td><span data-path-to-node=\"8,4,1,0\"><span class=\"math-inline\" data-math=\"\\geq 50 \\text{ dB}\" data-index-in-node=\"0\">$\\geq 50 \\text{ dB}$<\/span><\/span><\/td>\n<td><span data-path-to-node=\"8,4,2,0\">Kristal netli\u011finde dijital sinyal<\/span><\/td>\n<\/tr>\n<tr>\n<td><span data-path-to-node=\"8,5,0,0\"><b data-path-to-node=\"8,5,0,0\" data-index-in-node=\"0\">Ceket Malzemesi<\/b><\/span><\/td>\n<td><span data-path-to-node=\"8,5,1,0\">LSZH (Sar\u0131)<\/span><\/td>\n<td><span data-path-to-node=\"8,5,2,0\">Yang\u0131na kar\u015f\u0131 g\u00fcvenli, d\u00fc\u015f\u00fck dumanl\u0131, s\u0131f\u0131r halojen<\/span><\/td>\n<\/tr>\n<tr>\n<td><span data-path-to-node=\"8,6,0,0\"><b data-path-to-node=\"8,6,0,0\" data-index-in-node=\"0\">B\u00fck\u00fclme Yar\u0131\u00e7ap\u0131<\/b><\/span><\/td>\n<td><span data-path-to-node=\"8,6,1,0\">10mm - 30mm<\/span><\/td>\n<td><span data-path-to-node=\"8,6,2,0\">S\u0131k\u0131 kablo y\u00f6netimi i\u00e7in esnek<\/span><\/td>\n<\/tr>\n<\/tbody>\n<\/table>\n<hr data-path-to-node=\"9\" \/>\n<h2 data-path-to-node=\"10\">Bu Kablo Neden A\u011f\u0131n Vazge\u00e7ilmezidir?<\/h2>\n<h3 data-path-to-node=\"11\">1. Y\u00fcksek Yo\u011funluklu Haz\u0131r<\/h3>\n<p data-path-to-node=\"12\">\u201cK\u00fc\u00e7\u00fck Form Fakt\u00f6r\u00fc\u201d (SFF) tasar\u0131m\u0131 en b\u00fcy\u00fck sat\u0131\u015f noktas\u0131d\u0131r. Bunlar\u0131 y\u00fcksek yo\u011funluklu ODF'lerde (Optik Da\u011f\u0131t\u0131m \u00c7er\u00e7eveleri) daha b\u00fcy\u00fck konekt\u00f6rlerle ili\u015fkili \u201ckablo spagettisi\u201d olmadan yan yana istifleyebilirsiniz.<\/p>\n<h3 data-path-to-node=\"13\">2. G\u00fcvenin \u201cT\u0131klamas\u0131\u201d<\/h3>\n<p data-path-to-node=\"14\">LC konnekt\u00f6r, tan\u0131d\u0131k bir RJ45 tarz\u0131 mandallama mekanizmas\u0131 kullan\u0131r. Ba\u011flant\u0131n\u0131n g\u00fcvenli olup olmad\u0131\u011f\u0131n\u0131 tahmin etmenize gerek yoktur; bu sesli \u201cklik\u201d size \u0131\u015f\u0131k yolunuzun kilitlendi\u011fini s\u00f6yler.<\/p>\n<h3 data-path-to-node=\"15\">3. Gelece\u011fe Haz\u0131r OS2 Fiber<\/h3>\n<p data-path-to-node=\"16\">Bug\u00fcn 1Gbps h\u0131z\u0131nda \u00e7al\u0131\u015f\u0131yor olsan\u0131z da <b data-path-to-node=\"16\" data-index-in-node=\"44\">Tek Modlu OS2<\/b> Bu kablonun i\u00e7indeki \u00e7ekirdek, uzun mesafelerde 10G, 40G ve hatta 100G + h\u0131zlar\u0131 i\u00e7in derecelendirilmi\u015ftir. Bu bir \u201cbir kez sat\u0131n al, asla y\u00fckseltme yapma\u201d altyap\u0131 yat\u0131r\u0131m\u0131d\u0131r.<\/p>\n<h3 data-path-to-node=\"17\">4. Simpleks Verimlilik<\/h3>\n<p data-path-to-node=\"18\">Simpleks (SX) kablolar a\u015fa\u011f\u0131dakiler i\u00e7in yal\u0131n se\u00e7imdir <b data-path-to-node=\"18\" data-index-in-node=\"44\">BiDi (\u00c7ift y\u00f6nl\u00fc)<\/b> kurulumlar. Hem TX hem de RX i\u00e7in tek bir tel kullanarak, kablolama ayak izinizi yar\u0131ya indirir ve envanterinizi basitle\u015ftirirsiniz.<\/p>\n<hr data-path-to-node=\"19\" \/>\n<h2 data-path-to-node=\"20\">Saha Rehberi: S\u0131k\u00e7a Sorulan Sorular<\/h2>\n<p data-path-to-node=\"21\"><b data-path-to-node=\"21\" data-index-in-node=\"0\">S: Bu Mavi (UPC) kabloyu Ye\u015fil (APC) ba\u011flant\u0131 noktas\u0131nda kullanabilir miyim?<\/b><\/p>\n<p data-path-to-node=\"21\"><b data-path-to-node=\"21\" data-index-in-node=\"58\">A:<\/b> Kesinlikle de\u011fil. Bir UPC konekt\u00f6r\u00fc d\u00fcz bir u\u00e7 y\u00fcze sahipken, bir APC ba\u011flant\u0131 noktas\u0131 8 derece a\u00e7\u0131l\u0131d\u0131r. Bunlar\u0131 birbirine zorlarsan\u0131z, b\u00fcy\u00fck sinyal kayb\u0131na ve ekipman\u0131n\u0131zda potansiyel fiziksel hasara neden olan bir hava bo\u015flu\u011fu elde edersiniz. <b data-path-to-node=\"21\" data-index-in-node=\"291\">Mavi, Mavi'yle kal\u0131r.<\/b><\/p>\n<p data-path-to-node=\"22\"><b data-path-to-node=\"22\" data-index-in-node=\"0\">S: Sar\u0131 ve aqua kablolar aras\u0131nda bir fark var m\u0131?<\/b><\/p>\n<p data-path-to-node=\"22\"><b data-path-to-node=\"22\" data-index-in-node=\"61\">A:<\/b> Evet! Sar\u0131 evrensel bir koddur. <b data-path-to-node=\"22\" data-index-in-node=\"102\">Tek Mod (SM)<\/b>, Bu LC\/UPC-SM-SX kablosu da bunu kullan\u0131r. Aqua tipik olarak Multimode (OM3\/OM4) i\u00e7in kullan\u0131l\u0131r. \u0130ki fiber t\u00fcr\u00fcn\u00fc kar\u0131\u015ft\u0131ramazs\u0131n\u0131z.<\/p>\n<p data-path-to-node=\"23\"><b data-path-to-node=\"23\" data-index-in-node=\"0\">S: \u201cSimplex\u201d tasar\u0131m\u0131 h\u0131z\u0131m\u0131 s\u0131n\u0131rl\u0131yor mu?<\/b><\/p>\n<p data-path-to-node=\"23\"><b data-path-to-node=\"23\" data-index-in-node=\"45\">A:<\/b> Hi\u00e7 de de\u011fil. H\u0131z, al\u0131c\u0131-vericileriniz (SFP'ler) taraf\u0131ndan belirlenir. Tek bir fiber \u015ferit \u00e7ok b\u00fcy\u00fck miktarda veri ta\u015f\u0131yabilir; \u201cSimplex\u201d sadece tek bir fiziksel cam \u015feridine sahip oldu\u011funuz anlam\u0131na gelir.<\/p>\n<p data-path-to-node=\"24\"><b data-path-to-node=\"24\" data-index-in-node=\"0\">S: LC u\u00e7lar\u0131n\u0131 ne s\u0131kl\u0131kla temizlemeliyim?<\/b><\/p>\n<p data-path-to-node=\"24\"><b data-path-to-node=\"24\" data-index-in-node=\"41\">A:<\/b> Her takt\u0131\u011f\u0131n\u0131zda. LC y\u00fcks\u00fck \u00e7ok k\u00fc\u00e7\u00fck oldu\u011fundan (1,25 mm), mikroskobik bir toz zerresi bile 9 mikronluk fiber \u00e7ekirde\u011fin tamam\u0131n\u0131 t\u0131kayabilir. En iyi sonu\u00e7lar i\u00e7in \u201cOne-Click\u201d temizleyici kullan\u0131n.<\/p>","protected":false},"excerpt":{"rendered":"<h2 data-path-to-node=\"2\">LC\/UPC Avantaj\u0131: K\u00fc\u00e7\u00fck Boyut, B\u00fcy\u00fck Performans<\/h2>\n<p data-path-to-node=\"3\">\u201cLC\u201d konnekt\u00f6r, bir \"LC\" konnekt\u00f6r kullanarak oyunu de\u011fi\u015ftirdi. <b data-path-to-node=\"3\" data-index-in-node=\"51\">1,25 mm seramik y\u00fcks\u00fck<\/b>-Eski SC veya FC konnekt\u00f6rlerinin tam yar\u0131s\u0131 boyutundad\u0131r. Bu sayede m\u00fchendisler 144 fiberi tek bir 1U raf alan\u0131na s\u0131\u011fd\u0131rabilir.<\/p>\n<p data-path-to-node=\"4\">Ama bu sadece boyutla ilgili de\u011fil. Bu <b data-path-to-node=\"4\" data-index-in-node=\"34\">UPC (Ultra Fiziksel Temas)<\/b> taraf\u0131ndan tan\u0131nan cila <b data-path-to-node=\"4\" data-index-in-node=\"89\">Mavi<\/b> muhafaza, fiber u\u00e7 y\u00fczeylerinin geri yans\u0131may\u0131 minimumda tutmak i\u00e7in yeterli hassasiyetle bulu\u015fmas\u0131n\u0131 sa\u011flar ve bu da onu y\u00fcksek h\u0131zl\u0131 dijital veri iletimi i\u00e7in ideal se\u00e7im haline getirir.<\/p>","protected":false},"featured_media":758,"comment_status":"open","ping_status":"closed","template":"","meta":[],"product_brand":[],"product_cat":[45],"product_tag":[],"class_list":{"0":"post-757","1":"product","2":"type-product","3":"status-publish","4":"has-post-thumbnail","6":"product_cat-single-mode-fiber-optic-patch-cord","8":"first","9":"instock","10":"shipping-taxable","11":"product-type-simple"},"_links":{"self":[{"href":"https:\/\/www.fenxifiber.com\/tr\/wp-json\/wp\/v2\/product\/757","targetHints":{"allow":["GET"]}}],"collection":[{"href":"https:\/\/www.fenxifiber.com\/tr\/wp-json\/wp\/v2\/product"}],"about":[{"href":"https:\/\/www.fenxifiber.com\/tr\/wp-json\/wp\/v2\/types\/product"}],"replies":[{"embeddable":true,"href":"https:\/\/www.fenxifiber.com\/tr\/wp-json\/wp\/v2\/comments?post=757"}],"wp:featuredmedia":[{"embeddable":true,"href":"https:\/\/www.fenxifiber.com\/tr\/wp-json\/wp\/v2\/media\/758"}],"wp:attachment":[{"href":"https:\/\/www.fenxifiber.com\/tr\/wp-json\/wp\/v2\/media?parent=757"}],"wp:term":[{"taxonomy":"product_brand","embeddable":true,"href":"https:\/\/www.fenxifiber.com\/tr\/wp-json\/wp\/v2\/product_brand?post=757"},{"taxonomy":"product_cat","embeddable":true,"href":"https:\/\/www.fenxifiber.com\/tr\/wp-json\/wp\/v2\/product_cat?post=757"},{"taxonomy":"product_tag","embeddable":true,"href":"https:\/\/www.fenxifiber.com\/tr\/wp-json\/wp\/v2\/product_tag?post=757"}],"curies":[{"name":"wp","href":"https:\/\/api.w.org\/{rel}","templated":true}]}}