{"id":759,"date":"2026-02-04T01:08:06","date_gmt":"2026-02-04T01:08:06","guid":{"rendered":"https:\/\/www.fenxifiber.com\/?post_type=product&#038;p=759"},"modified":"2026-02-04T02:11:09","modified_gmt":"2026-02-04T02:11:09","slug":"fc-upc-st-upc-sm-sx","status":"publish","type":"product","link":"https:\/\/www.fenxifiber.com\/tr\/product\/fc-upc-st-upc-sm-sx\/","title":{"rendered":"G\u00fcvenilirlik Kilitlendi: FC\/UPC - ST\/UPC Tek Modlu Yama Kablosu"},"content":{"rendered":"<h2 data-path-to-node=\"6\">Donan\u0131m: Neden FC ve ST?<\/h2>\n<ul data-path-to-node=\"7\">\n<li>\n<p data-path-to-node=\"7,0,0\"><b data-path-to-node=\"7,0,0\" data-index-in-node=\"0\">FC\/UPC (The Screw-On):<\/b> Ba\u015flang\u0131\u00e7ta telekom\u00fcnikasyon i\u00e7in tasarlanan FC konnekt\u00f6r\u00fc di\u015fli metal bir muhafaza kullan\u0131r. Bir kez vidaland\u0131\u011f\u0131nda, hi\u00e7bir yere gitmez. Hassas test ekipmanlar\u0131 ve gemi a\u011flar\u0131 i\u00e7in tercih edilen bir se\u00e7enektir.<\/p>\n<\/li>\n<li>\n<p data-path-to-node=\"7,1,0\"><b data-path-to-node=\"7,1,0\" data-index-in-node=\"0\">ST\/UPC (The Bayonet):<\/b> \u201cD\u00fcz U\u00e7lu\u201d konekt\u00f6r, BNC tarz\u0131 bir \u00e7evirmeli kilit mekanizmas\u0131 kullan\u0131r. Sa\u011flam, yayl\u0131 bir ba\u011flant\u0131n\u0131n gerekli oldu\u011fu end\u00fcstriyel tesis zeminlerinde ve kamp\u00fcs omurgalar\u0131nda kullan\u0131m kolayl\u0131\u011f\u0131 ile \u00fcnl\u00fcd\u00fcr.<\/p>\n<\/li>\n<li>\n<p data-path-to-node=\"7,2,0\"><b data-path-to-node=\"7,2,0\" data-index-in-node=\"0\">UPC (Ultra Fiziksel Temas):<\/b> Her iki u\u00e7ta da klasik <b data-path-to-node=\"7,2,0\" data-index-in-node=\"60\">Mavi<\/b> UPC cilas\u0131, dijital veri iletimi i\u00e7in camdan cama y\u00fcksek kaliteli bir y\u00fczey sa\u011flar.<\/p>\n<\/li>\n<\/ul>\n<hr data-path-to-node=\"8\" \/>\n<h2 data-path-to-node=\"9\">Teknik Performans Profili<\/h2>\n<p data-path-to-node=\"10\">Sa\u011flam d\u0131\u015f y\u00fczeyine ra\u011fmen, i\u00e7 performans\u0131 y\u00fcksek hassasiyetli OS2 tek modlu camd\u0131r.<\/p>\n<table data-path-to-node=\"11\">\n<thead>\n<tr>\n<td><strong>Metrik<\/strong><\/td>\n<td><strong>\u015eartname<\/strong><\/td>\n<td><strong>M\u00fchendislik De\u011feri<\/strong><\/td>\n<\/tr>\n<\/thead>\n<tbody>\n<tr>\n<td><span data-path-to-node=\"11,1,0,0\"><b data-path-to-node=\"11,1,0,0\" data-index-in-node=\"0\">Elyaf Tipi<\/b><\/span><\/td>\n<td><span data-path-to-node=\"11,1,1,0\">Tek Mod (OS2) 9\/125\u03bcm<\/span><\/td>\n<td><span data-path-to-node=\"11,1,2,0\">Uzun mesafe mesafe kabiliyeti<\/span><\/td>\n<\/tr>\n<tr>\n<td><span data-path-to-node=\"11,2,0,0\"><b data-path-to-node=\"11,2,0,0\" data-index-in-node=\"0\">Ekleme Kayb\u0131<\/b><\/span><\/td>\n<td><span data-path-to-node=\"11,2,1,0\"><span class=\"math-inline\" data-math=\"\\leq 0.3 \\text{ dB}\" data-index-in-node=\"0\">$\\leq 0,3 \\text{ dB}$<\/span><\/span><\/td>\n<td><span data-path-to-node=\"11,2,2,0\">Minimum sinyal zay\u0131flamas\u0131<\/span><\/td>\n<\/tr>\n<tr>\n<td><span data-path-to-node=\"11,3,0,0\"><b data-path-to-node=\"11,3,0,0\" data-index-in-node=\"0\">Geri D\u00f6n\u00fc\u015f Kayb\u0131<\/b><\/span><\/td>\n<td><span data-path-to-node=\"11,3,1,0\"><span class=\"math-inline\" data-math=\"\\geq 50 \\text{ dB}\" data-index-in-node=\"0\">$\\geq 50 \\text{ dB}$<\/span><\/span><\/td>\n<td><span data-path-to-node=\"11,3,2,0\">Dijital sinyal safl\u0131\u011f\u0131 i\u00e7in optimize edilmi\u015ftir<\/span><\/td>\n<\/tr>\n<tr>\n<td><span data-path-to-node=\"11,4,0,0\"><b data-path-to-node=\"11,4,0,0\" data-index-in-node=\"0\">Konekt\u00f6r Malzemesi<\/b><\/span><\/td>\n<td><span data-path-to-node=\"11,4,1,0\">Nikel Kaplamal\u0131 Metal<\/span><\/td>\n<td><span data-path-to-node=\"11,4,2,0\">Maksimum korozyon direnci<\/span><\/td>\n<\/tr>\n<tr>\n<td><span data-path-to-node=\"11,5,0,0\"><b data-path-to-node=\"11,5,0,0\" data-index-in-node=\"0\">Ceket Tipi<\/b><\/span><\/td>\n<td><span data-path-to-node=\"11,5,1,0\">2.0mm \/ 3.0mm LSZH<\/span><\/td>\n<td><span data-path-to-node=\"11,5,2,0\">\u0130\u00e7 mekan kullan\u0131m\u0131 i\u00e7in g\u00fcvenlik s\u0131n\u0131f\u0131<\/span><\/td>\n<\/tr>\n<tr>\n<td><span data-path-to-node=\"11,6,0,0\"><b data-path-to-node=\"11,6,0,0\" data-index-in-node=\"0\">\u00c7iftle\u015fme Dayan\u0131kl\u0131l\u0131\u011f\u0131<\/b><\/span><\/td>\n<td><span data-path-to-node=\"11,6,1,0\"><span class=\"math-inline\" data-math=\"&gt; 1000\" data-index-in-node=\"0\">$&gt; 1000$<\/span> D\u00f6ng\u00fcler<\/span><\/td>\n<td><span data-path-to-node=\"11,6,2,0\">Tekrarlanan \u201ctak ve \u00e7al\u0131\u015ft\u0131r\u201d i\u00e7in \u00fcretilmi\u015ftir\u201d<\/span><\/td>\n<\/tr>\n<\/tbody>\n<\/table>\n<hr data-path-to-node=\"12\" \/>\n<h2 data-path-to-node=\"13\">Bu Kablo Neden Plastik Alternatiflerinden Daha \u0130yi Performans G\u00f6steriyor?<\/h2>\n<h3 data-path-to-node=\"14\">1. Titre\u015fim Ba\u011f\u0131\u015f\u0131kl\u0131\u011f\u0131<\/h3>\n<p data-path-to-node=\"15\">A\u011f\u0131r makinelerin yak\u0131n\u0131nda bulunan \u00fcretim tesisleri veya veri merkezleri gibi ortamlarda plastik klipsler yorulabilir veya gev\u015feyebilir. FC ve ST konnekt\u00f6rlerinin metalik, kilitleme \u00f6zelli\u011fi, fiber \u00e7ekirde\u011fin m\u00fckemmel \u015fekilde ortalanm\u0131\u015f kalmas\u0131n\u0131 sa\u011flar.<\/p>\n<h3 data-path-to-node=\"16\">2. Y\u00fcksek Hassasiyetli 2,5 mm Y\u00fcks\u00fckler<\/h3>\n<p data-path-to-node=\"17\">Hem FC hem de ST u\u00e7lar\u0131 daha b\u00fcy\u00fck 2,5 mm seramik y\u00fcks\u00fck kullan\u0131r. Bu, ba\u011flant\u0131ya fiziksel y\u00fczey alan\u0131 ekler ve LC konekt\u00f6rlerinde bulunan k\u00fc\u00e7\u00fck 1,25 mm y\u00fcks\u00fcklerden daha sa\u011flam hale getirir.<\/p>\n<h3 data-path-to-node=\"18\">3. Test Ekipman\u0131 i\u00e7in \u201cStandart\u201d<\/h3>\n<p data-path-to-node=\"19\">\u00c7o\u011fu \u00fcst d\u00fczey OTDR (Optik Zaman Tan\u0131ml\u0131 Reflektometreler) ve I\u015f\u0131k Kaynaklar\u0131, tekrarlanabilirli\u011fi nedeniyle bir FC aray\u00fcz\u00fc kullan\u0131r. Bu kablo, s\u00f6z konusu ekipman\u0131 ST tabanl\u0131 bir da\u011f\u0131t\u0131m paneline ba\u011flamak i\u00e7in m\u00fckemmel bir \u201cf\u0131rlatma kablosu \u201ddur.<\/p>\n<hr data-path-to-node=\"20\" \/>\n<h2 data-path-to-node=\"21\">Uzman Soru-Cevaplar\u0131: Profesyonel \u0130pu\u00e7lar\u0131<\/h2>\n<p data-path-to-node=\"22\"><b data-path-to-node=\"22\" data-index-in-node=\"0\">S: ST konekt\u00f6r\u00fc 2026 y\u0131l\u0131nda \u201cmodas\u0131 ge\u00e7mi\u015f\u201d mi olacak?<\/b><\/p>\n<p data-path-to-node=\"22\"><b data-path-to-node=\"22\" data-index-in-node=\"43\">A:<\/b> Hi\u00e7 de de\u011fil. LC a\u015fa\u011f\u0131dakiler i\u00e7in kullan\u0131l\u0131rken <i data-path-to-node=\"22\" data-index-in-node=\"79\">yo\u011funluk<\/i>, ST a\u015fa\u011f\u0131dakiler i\u00e7in kullan\u0131l\u0131r <i data-path-to-node=\"22\" data-index-in-node=\"103\">dayan\u0131kl\u0131l\u0131k<\/i>. \u00c7evirmeli kilit plastik mandallar gibi k\u0131r\u0131lmad\u0131\u011f\u0131 i\u00e7in g\u00fcvenlik sistemlerinde, enerji santrallerinde ve askeri uygulamalarda ST konnekt\u00f6rleri standart olarak g\u00f6rmeye devam edeceksiniz.<\/p>\n<p data-path-to-node=\"23\"><b data-path-to-node=\"23\" data-index-in-node=\"0\">S: Bu Tek Modlu (Sar\u0131) kabloyu \u00c7ok Modlu (Turuncu\/Aqua) sistemimle kullanabilir miyim?<\/b><\/p>\n<p data-path-to-node=\"23\"><b data-path-to-node=\"23\" data-index-in-node=\"85\">A:<\/b> <b data-path-to-node=\"23\" data-index-in-node=\"88\">Hay\u0131r.<\/b> Fiber t\u00fcrlerini asla kar\u0131\u015ft\u0131rmamal\u0131s\u0131n\u0131z. Tek Modlu \u00e7ekirdek (9\u03bcm), \u00c7ok Modlu \u00e7ekirdekten (50\u03bcm veya 62,5\u03bcm) \u00e7ok daha k\u00fc\u00e7\u00fckt\u00fcr. Bu kablonun \u00c7ok Modlu bir sistemde kullan\u0131lmas\u0131 a\u015f\u0131r\u0131 sinyal kayb\u0131na neden olacakt\u0131r (90%'ye kadar).<\/p>\n<p data-path-to-node=\"24\"><b data-path-to-node=\"24\" data-index-in-node=\"0\">S: \u201cSimplex\u201d tasar\u0131m\u0131n\u0131n buradaki faydas\u0131 nedir?<\/b><\/p>\n<p data-path-to-node=\"24\"><b data-path-to-node=\"24\" data-index-in-node=\"53\">A:<\/b> Simpleks (SX), tek y\u00f6nl\u00fc sens\u00f6r verileri veya BiDi (\u00c7ift y\u00f6nl\u00fc) ileti\u015fim i\u00e7in standartt\u0131r. Kabloyu daha hafif hale getirir ve hantal bir dubleks zip-kordona k\u0131yasla dar kanallardan \u00e7ekmeyi kolayla\u015ft\u0131r\u0131r.<\/p>\n<p data-path-to-node=\"25\"><b data-path-to-node=\"25\" data-index-in-node=\"0\">S: \u201cUPC\u201d cilas\u0131 \u201cAPC\u201d portlar\u0131 ile \u00e7al\u0131\u015f\u0131r m\u0131?<\/b><\/p>\n<p data-path-to-node=\"25\"><b data-path-to-node=\"25\" data-index-in-node=\"48\">A:<\/b> <b data-path-to-node=\"25\" data-index-in-node=\"51\">Asla.<\/b> Mavi (UPC) konekt\u00f6r\u00fcn Ye\u015fil (APC) ba\u011flant\u0131 noktas\u0131na tak\u0131lmas\u0131, \u0131\u015f\u0131\u011f\u0131 lazerinize geri yans\u0131tan ve ekipman\u0131n\u0131za zarar verebilecek bir hava bo\u015flu\u011funa neden olur. Her zaman Mavi ile Maviyi e\u015fle\u015ftirin.<\/p>","protected":false},"excerpt":{"rendered":"<p data-path-to-node=\"4\">Fiber optik alan\u0131nda, baz\u0131 ba\u011flant\u0131lar sadece bir \u201cklik\u201d sesinden daha fazlas\u0131n\u0131 gerektirir - mekanik bir kilit gerektirirler. Bu <b data-path-to-node=\"4\" data-index-in-node=\"116\">FC\/UPC - ST\/UPC-SM-SX<\/b> \u015fimdiye kadar tasarlanm\u0131\u015f fiziksel olarak en g\u00fcvenli konnekt\u00f6r tiplerinden ikisi aras\u0131nda k\u00f6pr\u00fc kurmak i\u00e7in tasarlanm\u0131\u015f hibrit bir \u00e7\u00f6z\u00fcmd\u00fcr.<\/p>\n<p data-path-to-node=\"5\">Birle\u015ftirerek <b data-path-to-node=\"5\" data-index-in-node=\"17\">di\u015fli vidal\u0131 FC<\/b> ile <b data-path-to-node=\"5\" data-index-in-node=\"47\">s\u00fcng\u00fc tarz\u0131 \u00e7evirmeli kilit ST<\/b>, Bu kablo, hareket, titre\u015fim veya s\u0131k kullan\u0131ma maruz kalan tek modlu a\u011flar i\u00e7in ultra kararl\u0131 bir \u0131\u015f\u0131k yolu sa\u011flar.<\/p>","protected":false},"featured_media":761,"comment_status":"open","ping_status":"closed","template":"","meta":[],"product_brand":[],"product_cat":[45],"product_tag":[],"class_list":{"0":"post-759","1":"product","2":"type-product","3":"status-publish","4":"has-post-thumbnail","6":"product_cat-single-mode-fiber-optic-patch-cord","8":"first","9":"instock","10":"shipping-taxable","11":"product-type-simple"},"_links":{"self":[{"href":"https:\/\/www.fenxifiber.com\/tr\/wp-json\/wp\/v2\/product\/759","targetHints":{"allow":["GET"]}}],"collection":[{"href":"https:\/\/www.fenxifiber.com\/tr\/wp-json\/wp\/v2\/product"}],"about":[{"href":"https:\/\/www.fenxifiber.com\/tr\/wp-json\/wp\/v2\/types\/product"}],"replies":[{"embeddable":true,"href":"https:\/\/www.fenxifiber.com\/tr\/wp-json\/wp\/v2\/comments?post=759"}],"wp:featuredmedia":[{"embeddable":true,"href":"https:\/\/www.fenxifiber.com\/tr\/wp-json\/wp\/v2\/media\/761"}],"wp:attachment":[{"href":"https:\/\/www.fenxifiber.com\/tr\/wp-json\/wp\/v2\/media?parent=759"}],"wp:term":[{"taxonomy":"product_brand","embeddable":true,"href":"https:\/\/www.fenxifiber.com\/tr\/wp-json\/wp\/v2\/product_brand?post=759"},{"taxonomy":"product_cat","embeddable":true,"href":"https:\/\/www.fenxifiber.com\/tr\/wp-json\/wp\/v2\/product_cat?post=759"},{"taxonomy":"product_tag","embeddable":true,"href":"https:\/\/www.fenxifiber.com\/tr\/wp-json\/wp\/v2\/product_tag?post=759"}],"curies":[{"name":"wp","href":"https:\/\/api.w.org\/{rel}","templated":true}]}}