{"id":769,"date":"2026-02-04T01:24:01","date_gmt":"2026-02-04T01:24:01","guid":{"rendered":"https:\/\/www.fenxifiber.com\/?post_type=product&#038;p=769"},"modified":"2026-02-04T02:12:43","modified_gmt":"2026-02-04T02:12:43","slug":"sc-upc-sc-apc-sm-sx","status":"publish","type":"product","link":"https:\/\/www.fenxifiber.com\/tr\/product\/sc-upc-sc-apc-sm-sx\/","title":{"rendered":"SC\/UPC - SC\/APC Tek Modlu Simpleks Fiber Ba\u011flant\u0131 Kablosu"},"content":{"rendered":"<h2 data-path-to-node=\"6\">Hibrit Mant\u0131k: Mavi ile Ye\u015fil Bulu\u015fuyor<\/h2>\n<ul data-path-to-node=\"7\">\n<li>\n<p data-path-to-node=\"7,0,0\"><b data-path-to-node=\"7,0,0\" data-index-in-node=\"0\">SC\/UPC (Mavi):<\/b> \u201cUltra Fiziksel Temas\u201d ucu. D\u00fcz, y\u00fcksek hassasiyetli bir cilan\u0131n yeterli oldu\u011fu genel dijital veri iletimi ve kurumsal LAN'lar i\u00e7in standartt\u0131r.<\/p>\n<\/li>\n<li>\n<p data-path-to-node=\"7,1,0\"><b data-path-to-node=\"7,1,0\" data-index-in-node=\"0\">SC\/APC (Ye\u015fil):<\/b> \u201cA\u00e7\u0131l\u0131 Fiziksel Temas\u201d ucu. 8 derecelik bir e\u011fime sahip olan bu u\u00e7, CATV, GPON ve y\u00fcksek bit h\u0131zl\u0131 sistemlerde geri yans\u0131may\u0131 ortadan kald\u0131rmak i\u00e7in zorunludur.<\/p>\n<\/li>\n<li>\n<p data-path-to-node=\"7,2,0\"><b data-path-to-node=\"7,2,0\" data-index-in-node=\"0\">SM SX (Tek Modlu Simpleks):<\/b> Neredeyse sonsuz bant geni\u015fli\u011fi kapasitesi ile uzun mesafeli ileti\u015fimi destekleyen tek bir 9\/125\u03bcm OS2 fiber iplik\u00e7ik.<\/p>\n<\/li>\n<\/ul>\n<hr data-path-to-node=\"8\" \/>\n<h2 data-path-to-node=\"9\">Teknik Performans D\u00f6k\u00fcm\u00fc<\/h2>\n<p data-path-to-node=\"10\">G\u00fcvenilir bir ba\u011flant\u0131 i\u00e7in UPC ve APC aras\u0131ndaki ge\u00e7i\u015fin sorunsuz olmas\u0131 gerekir. Kablolar\u0131m\u0131z a\u015fa\u011f\u0131daki 2026 end\u00fcstri kriterlerini kar\u015f\u0131lamaktad\u0131r:<\/p>\n<table data-path-to-node=\"11\">\n<thead>\n<tr>\n<td><strong>\u015eartname<\/strong><\/td>\n<td><strong>SC\/UPC Taraf\u0131<\/strong><\/td>\n<td><strong>SC\/APC Taraf\u0131<\/strong><\/td>\n<td><strong>Profesyonel Fayda<\/strong><\/td>\n<\/tr>\n<\/thead>\n<tbody>\n<tr>\n<td><span data-path-to-node=\"11,1,0,0\"><b data-path-to-node=\"11,1,0,0\" data-index-in-node=\"0\">Konekt\u00f6r Rengi<\/b><\/span><\/td>\n<td><span data-path-to-node=\"11,1,1,0\">Mavi<\/span><\/td>\n<td><span data-path-to-node=\"11,1,2,0\">Ye\u015fil<\/span><\/td>\n<td><span data-path-to-node=\"11,1,3,0\">An\u0131nda g\u00f6rsel port e\u015fle\u015ftirme<\/span><\/td>\n<\/tr>\n<tr>\n<td><span data-path-to-node=\"11,2,0,0\"><b data-path-to-node=\"11,2,0,0\" data-index-in-node=\"0\">Geri D\u00f6n\u00fc\u015f Kayb\u0131<\/b><\/span><\/td>\n<td><span data-path-to-node=\"11,2,1,0\"><span class=\"math-inline\" data-math=\"\\geq 50 \\text{ dB}\" data-index-in-node=\"0\">$\\geq 50 \\text{ dB}$<\/span><\/span><\/td>\n<td><span data-path-to-node=\"11,2,2,0\"><span class=\"math-inline\" data-math=\"\\geq 65 \\text{ dB}\" data-index-in-node=\"0\">$\\geq 65 \\text{ dB}$<\/span><\/span><\/td>\n<td><span data-path-to-node=\"11,2,3,0\">Kaynak lazerleri g\u00fcr\u00fclt\u00fcden korur<\/span><\/td>\n<\/tr>\n<tr>\n<td><span data-path-to-node=\"11,3,0,0\"><b data-path-to-node=\"11,3,0,0\" data-index-in-node=\"0\">Ekleme Kayb\u0131<\/b><\/span><\/td>\n<td><span data-path-to-node=\"11,3,1,0\"><span class=\"math-inline\" data-math=\"\\leq 0.3 \\text{ dB}\" data-index-in-node=\"0\">$\\leq 0,3 \\text{ dB}$<\/span><\/span><\/td>\n<td><span data-path-to-node=\"11,3,2,0\"><span class=\"math-inline\" data-math=\"\\leq 0.3 \\text{ dB}\" data-index-in-node=\"0\">$\\leq 0,3 \\text{ dB}$<\/span><\/span><\/td>\n<td><span data-path-to-node=\"11,3,3,0\">Minimum \u0131\u015f\u0131k sinyali zay\u0131flamas\u0131<\/span><\/td>\n<\/tr>\n<tr>\n<td><span data-path-to-node=\"11,4,0,0\"><b data-path-to-node=\"11,4,0,0\" data-index-in-node=\"0\">Elyaf S\u0131n\u0131f\u0131<\/b><\/span><\/td>\n<td><span data-path-to-node=\"11,4,1,0\">OS2 (9\/125\u03bcm)<\/span><\/td>\n<td><span data-path-to-node=\"11,4,2,0\">OS2 (9\/125\u03bcm)<\/span><\/td>\n<td><span data-path-to-node=\"11,4,3,0\">G.652.D\/G.657.A1 uyumlu<\/span><\/td>\n<\/tr>\n<tr>\n<td><span data-path-to-node=\"11,5,0,0\"><b data-path-to-node=\"11,5,0,0\" data-index-in-node=\"0\">Ceket Malzemesi<\/b><\/span><\/td>\n<td><span data-path-to-node=\"11,5,1,0\">LSZH (Sar\u0131)<\/span><\/td>\n<td><span data-path-to-node=\"11,5,2,0\">LSZH (Sar\u0131)<\/span><\/td>\n<td><span data-path-to-node=\"11,5,3,0\">Yang\u0131n g\u00fcvenli\u011fi ve bina y\u00f6netmeli\u011fine haz\u0131r<\/span><\/td>\n<\/tr>\n<tr>\n<td><span data-path-to-node=\"11,6,0,0\"><b data-path-to-node=\"11,6,0,0\" data-index-in-node=\"0\">\u00c7iftle\u015fme D\u00f6ng\u00fcleri<\/b><\/span><\/td>\n<td><span data-path-to-node=\"11,6,1,0\"><span class=\"math-inline\" data-math=\"&gt;1000\" data-index-in-node=\"0\">$&gt;1000$<\/span> zamanlar<\/span><\/td>\n<td><span data-path-to-node=\"11,6,2,0\"><span class=\"math-inline\" data-math=\"&gt;1000\" data-index-in-node=\"0\">$&gt;1000$<\/span> zamanlar<\/span><\/td>\n<td><span data-path-to-node=\"11,6,3,0\">S\u0131k s\u0131k yeniden yama yapmak i\u00e7in dayan\u0131kl\u0131<\/span><\/td>\n<\/tr>\n<\/tbody>\n<\/table>\n<hr data-path-to-node=\"12\" \/>\n<h2 data-path-to-node=\"13\">Bu Jumper Modern A\u011flar \u0130\u00e7in Neden Gerekli?<\/h2>\n<h3 data-path-to-node=\"14\">1. Sorunsuz Birlikte \u00c7al\u0131\u015fabilirlik<\/h3>\n<p data-path-to-node=\"15\">\u0130SS a\u011flar\u0131 XGS-PON veya 50G-PON'a y\u00fckseltilirken, \u201cson mil\u201d genellikle APC konekt\u00f6rleri kullan\u0131r. Ancak, mevcut omurga hala UPC olabilir. Bu kablo, t\u00fcm patch panelleri de\u011fi\u015ftirmeden bu iki d\u00fcnyay\u0131 birbirine ba\u011flamak i\u00e7in do\u011frudan bir yol sa\u011flar.<\/p>\n<h3 data-path-to-node=\"16\">2. Geri Yans\u0131ma Korumas\u0131<\/h3>\n<p data-path-to-node=\"17\">Kullanarak <b data-path-to-node=\"17\" data-index-in-node=\"13\">APC (Ye\u015fil)<\/b> ucunda (CATV lazeri veya EDFA gibi), yans\u0131yan \u0131\u015f\u0131\u011f\u0131n fiber kaplamaya y\u00f6nlendirilmesini sa\u011flayarak y\u00fcksek bir geri d\u00f6n\u00fc\u015f kayb\u0131 sa\u011flars\u0131n\u0131z. <b data-path-to-node=\"17\" data-index-in-node=\"198\"><span class=\"math-inline\" data-math=\"\\geq 65\\text{dB}\" data-index-in-node=\"198\">$\\geq 65\\text{dB}$<\/span><\/b> di\u011fer u\u00e7 standart bir UPC olsa bile.<\/p>\n<h3 data-path-to-node=\"18\">3. Alan Verimli Simpleks Tasar\u0131m<\/h3>\n<p data-path-to-node=\"19\">\u0130\u00e7in <b data-path-to-node=\"19\" data-index-in-node=\"4\">BiDi (\u00c7ift y\u00f6nl\u00fc)<\/b> ba\u011flant\u0131lar, bir tane varken neden iki fiber kullanal\u0131m? Simpleks (SX) tasar\u0131m, tepsilerdeki kablo y\u0131\u011f\u0131n\u0131n\u0131 azalt\u0131r ve dar ODF (Optik Da\u011f\u0131t\u0131m \u00c7er\u00e7evesi) kabinlerinde y\u00f6netimi daha kolayd\u0131r.<\/p>\n<hr data-path-to-node=\"20\" \/>\n<h2 data-path-to-node=\"21\">Uzman Soru-Cevaplar\u0131: Saha \u0130\u00e7g\u00f6r\u00fcleri<\/h2>\n<p data-path-to-node=\"22\"><b data-path-to-node=\"22\" data-index-in-node=\"0\">S: Sadece h\u0131zl\u0131 bir test i\u00e7in Mavi ucu bir Ye\u015fil ba\u011flant\u0131 noktas\u0131na takabilir miyim?<\/b><\/p>\n<p data-path-to-node=\"22\"><b data-path-to-node=\"22\" data-index-in-node=\"68\">A:<\/b> <b data-path-to-node=\"22\" data-index-in-node=\"71\">Hay\u0131r.<\/b> Bu, bir ba\u011flant\u0131y\u0131 bozman\u0131n en h\u0131zl\u0131 yoludur. Bir UPC ucu d\u00fczd\u00fcr ve bir APC portu a\u00e7\u0131l\u0131d\u0131r. Bunlar\u0131 birbirine takmak, her iki seramik y\u00fcks\u00fc\u011f\u00fc de \u00e7izebilecek fiziksel bir \u201cnokta temas\u0131\u201d yarat\u0131r ve kesinlikle b\u00fcy\u00fck sinyal kayb\u0131na neden olacak bir hava bo\u015flu\u011funa neden olur.<\/p>\n<p data-path-to-node=\"23\"><b data-path-to-node=\"23\" data-index-in-node=\"0\">S: Geri d\u00f6n\u00fc\u015f kayb\u0131 neden her iki u\u00e7ta farkl\u0131d\u0131r?<\/b><\/p>\n<p data-path-to-node=\"23\"><b data-path-to-node=\"23\" data-index-in-node=\"49\">A:<\/b> Geri d\u00f6n\u00fc\u015f kayb\u0131 konnekt\u00f6r\u00fcn cilas\u0131n\u0131n bir \u00f6zelli\u011fidir. Konekt\u00f6rdeki 8 derecelik a\u00e7\u0131 <b data-path-to-node=\"23\" data-index-in-node=\"131\">APC (Ye\u015fil)<\/b> ucu, yans\u0131may\u0131 d\u00fcz u\u00e7tan daha etkili bir \u015fekilde azaltmak i\u00e7in matematiksel olarak tasarlanm\u0131\u015ft\u0131r. <b data-path-to-node=\"23\" data-index-in-node=\"226\">UPC (Mavi)<\/b> u\u00e7, bu y\u00fczden daha y\u00fcksek bir derecelendirmeye sahiptir (65dB'ye kar\u015f\u0131 50dB).<\/p>\n<p data-path-to-node=\"24\"><b data-path-to-node=\"24\" data-index-in-node=\"0\">S: Bu kablo 100G h\u0131zlar\u0131yla uyumlu mu?<\/b><\/p>\n<p data-path-to-node=\"24\"><b data-path-to-node=\"24\" data-index-in-node=\"46\">A:<\/b> Kesinlikle. Bu <b data-path-to-node=\"24\" data-index-in-node=\"65\">OS2<\/b> Tek modlu fiber \u00e7ekirdek, al\u0131c\u0131-vericilerinizin ve a\u011f ekipman\u0131n\u0131z\u0131n bu h\u0131zlar i\u00e7in derecelendirilmi\u015f olmas\u0131 ko\u015fuluyla 100G, 400G ve hatta 800G veri h\u0131zlar\u0131n\u0131 idare etme kapasitesinden daha fazlas\u0131na sahiptir.<\/p>\n<p data-path-to-node=\"25\"><b data-path-to-node=\"25\" data-index-in-node=\"0\">S: Bu kabloyu kalabal\u0131k bir rafta nas\u0131l tan\u0131mlayabilirim?<\/b><\/p>\n<p data-path-to-node=\"25\"><b data-path-to-node=\"25\" data-index-in-node=\"51\">A:<\/b> Basit\u00e7e konekt\u00f6r botlar\u0131na ve yuvalar\u0131na bak\u0131n. Bir ucu <b data-path-to-node=\"25\" data-index-in-node=\"119\">Mavi<\/b> ve di\u011feri de <b data-path-to-node=\"25\" data-index-in-node=\"146\">Ye\u015fil<\/b>. Bu renk kodlamas\u0131, teknisyenlerin yanl\u0131\u015f ba\u011flant\u0131 yapmas\u0131n\u0131 \u00f6nlemek i\u00e7in uluslararas\u0131 bir standartt\u0131r.<\/p>","protected":false},"excerpt":{"rendered":"<p data-path-to-node=\"4\">Bir\u00e7ok fiber da\u011f\u0131t\u0131m\u0131nda bir \u201crenk \u00e7at\u0131\u015fmas\u0131\u201d ile kar\u015f\u0131la\u015f\u0131rs\u0131n\u0131z: da\u011f\u0131t\u0131m paneliniz <b data-path-to-node=\"4\" data-index-in-node=\"90\">Mavi (UPC)<\/b>, ancak yeni y\u00fcksek h\u0131zl\u0131 ekipman\u0131n\u0131z <b data-path-to-node=\"4\" data-index-in-node=\"145\">Ye\u015fil (APC)<\/b>. Bu <b data-path-to-node=\"4\" data-index-in-node=\"162\">SC\/UPC-SC\/APC-SM-SX<\/b> bu sorun i\u00e7in tasarlanm\u0131\u015f bir \u00e7\u00f6z\u00fcmd\u00fcr.<\/p>\n<p data-path-to-node=\"5\">Bu hibrit ba\u011flant\u0131 kablosunun bir ucunda standart bir SC\/UPC konekt\u00f6r\u00fc, di\u011fer ucunda ise hassas a\u00e7\u0131l\u0131 bir SC\/APC konekt\u00f6r\u00fc bulunur. A\u011f m\u00fchendislerinin eski tek modlu altyap\u0131y\u0131, ba\u011f\u0131ms\u0131z adapt\u00f6rlerin neden oldu\u011fu sinyal bozulmas\u0131 olmadan modern, y\u00fcksek hassasiyetli donan\u0131mla entegre etmelerini sa\u011flar.<\/p>","protected":false},"featured_media":772,"comment_status":"open","ping_status":"closed","template":"","meta":[],"product_brand":[],"product_cat":[45],"product_tag":[],"class_list":{"0":"post-769","1":"product","2":"type-product","3":"status-publish","4":"has-post-thumbnail","6":"product_cat-single-mode-fiber-optic-patch-cord","8":"first","9":"instock","10":"shipping-taxable","11":"product-type-simple"},"_links":{"self":[{"href":"https:\/\/www.fenxifiber.com\/tr\/wp-json\/wp\/v2\/product\/769","targetHints":{"allow":["GET"]}}],"collection":[{"href":"https:\/\/www.fenxifiber.com\/tr\/wp-json\/wp\/v2\/product"}],"about":[{"href":"https:\/\/www.fenxifiber.com\/tr\/wp-json\/wp\/v2\/types\/product"}],"replies":[{"embeddable":true,"href":"https:\/\/www.fenxifiber.com\/tr\/wp-json\/wp\/v2\/comments?post=769"}],"wp:featuredmedia":[{"embeddable":true,"href":"https:\/\/www.fenxifiber.com\/tr\/wp-json\/wp\/v2\/media\/772"}],"wp:attachment":[{"href":"https:\/\/www.fenxifiber.com\/tr\/wp-json\/wp\/v2\/media?parent=769"}],"wp:term":[{"taxonomy":"product_brand","embeddable":true,"href":"https:\/\/www.fenxifiber.com\/tr\/wp-json\/wp\/v2\/product_brand?post=769"},{"taxonomy":"product_cat","embeddable":true,"href":"https:\/\/www.fenxifiber.com\/tr\/wp-json\/wp\/v2\/product_cat?post=769"},{"taxonomy":"product_tag","embeddable":true,"href":"https:\/\/www.fenxifiber.com\/tr\/wp-json\/wp\/v2\/product_tag?post=769"}],"curies":[{"name":"wp","href":"https:\/\/api.w.org\/{rel}","templated":true}]}}