{"id":773,"date":"2026-02-04T01:25:28","date_gmt":"2026-02-04T01:25:28","guid":{"rendered":"https:\/\/www.fenxifiber.com\/?post_type=product&#038;p=773"},"modified":"2026-02-04T02:14:30","modified_gmt":"2026-02-04T02:14:30","slug":"sc-upc-sc-upc-sm-sx-2","status":"publish","type":"product","link":"https:\/\/www.fenxifiber.com\/tr\/product\/sc-upc-sc-upc-sm-sx-2\/","title":{"rendered":"SC\/UPC - SC\/UPC Tek Mod Simpleks Yama Kablosu"},"content":{"rendered":"<h2 data-path-to-node=\"6\">A\u011flara G\u00fc\u00e7 Veren Performans<\/h2>\n<p data-path-to-node=\"7\">Hassasiyet, fiber opti\u011fin kalp at\u0131\u015flar\u0131d\u0131r. SC\/UPC jumper'lar\u0131m\u0131z, 9 mikronluk fiber \u00e7ekirdeklerin her e\u015fle\u015ftirildiklerinde mikroskobik do\u011frulukla hizalanmas\u0131n\u0131 sa\u011flamak i\u00e7in y\u00fcksek kaliteli seramik y\u00fcks\u00fcklerle \u00fcretilmi\u015ftir.<\/p>\n<table data-path-to-node=\"8\">\n<thead>\n<tr>\n<td><strong>Teknik Parametreler<\/strong><\/td>\n<td><strong>\u015eartname<\/strong><\/td>\n<td><strong>Profesyonel De\u011fer<\/strong><\/td>\n<\/tr>\n<\/thead>\n<tbody>\n<tr>\n<td><span data-path-to-node=\"8,1,0,0\"><b data-path-to-node=\"8,1,0,0\" data-index-in-node=\"0\">Konekt\u00f6r Tipi<\/b><\/span><\/td>\n<td><span data-path-to-node=\"8,1,1,0\">SC\/UPC'den SC\/UPC'ye<\/span><\/td>\n<td><span data-path-to-node=\"8,1,2,0\">Evrensel 2,5 mm \u201cPush-Pull\u201d<\/span><\/td>\n<\/tr>\n<tr>\n<td><span data-path-to-node=\"8,2,0,0\"><b data-path-to-node=\"8,2,0,0\" data-index-in-node=\"0\">Elyaf Kategorisi<\/b><\/span><\/td>\n<td><span data-path-to-node=\"8,2,1,0\">Tek Mod OS2 (9\/125\u03bcm)<\/span><\/td>\n<td><span data-path-to-node=\"8,2,2,0\">1310nm\/1550nm i\u00e7in optimize edilmi\u015ftir<\/span><\/td>\n<\/tr>\n<tr>\n<td><span data-path-to-node=\"8,3,0,0\"><b data-path-to-node=\"8,3,0,0\" data-index-in-node=\"0\">Ekleme Kayb\u0131<\/b><\/span><\/td>\n<td><span data-path-to-node=\"8,3,1,0\"><span class=\"math-inline\" data-math=\"\\leq 0.25 \\text{ dB}\" data-index-in-node=\"0\">$\\leq 0,25 \\text{ dB}$<\/span><\/span><\/td>\n<td><span data-path-to-node=\"8,3,2,0\">Y\u00fcksek verimli \u0131\u015f\u0131k yolu<\/span><\/td>\n<\/tr>\n<tr>\n<td><span data-path-to-node=\"8,4,0,0\"><b data-path-to-node=\"8,4,0,0\" data-index-in-node=\"0\">Geri D\u00f6n\u00fc\u015f Kayb\u0131<\/b><\/span><\/td>\n<td><span data-path-to-node=\"8,4,1,0\"><span class=\"math-inline\" data-math=\"\\geq 50 \\text{ dB}\" data-index-in-node=\"0\">$\\geq 50 \\text{ dB}$<\/span><\/span><\/td>\n<td><span data-path-to-node=\"8,4,2,0\">\u00dcst\u00fcn dijital sinyal safl\u0131\u011f\u0131<\/span><\/td>\n<\/tr>\n<tr>\n<td><span data-path-to-node=\"8,5,0,0\"><b data-path-to-node=\"8,5,0,0\" data-index-in-node=\"0\">Ceket Malzemesi<\/b><\/span><\/td>\n<td><span data-path-to-node=\"8,5,1,0\">LSZH (Sar\u0131)<\/span><\/td>\n<td><span data-path-to-node=\"8,5,2,0\">Yang\u0131na kar\u015f\u0131 g\u00fcvenli ve d\u00fc\u015f\u00fck dumanl\u0131<\/span><\/td>\n<\/tr>\n<tr>\n<td><span data-path-to-node=\"8,6,0,0\"><b data-path-to-node=\"8,6,0,0\" data-index-in-node=\"0\">Dayan\u0131kl\u0131l\u0131k<\/b><\/span><\/td>\n<td><span data-path-to-node=\"8,6,1,0\"><span class=\"math-inline\" data-math=\"&gt; 1000\" data-index-in-node=\"0\">$&gt; 1000$<\/span> \u00c7iftle\u015fmeler<\/span><\/td>\n<td><span data-path-to-node=\"8,6,2,0\">Uzun s\u00fcreli mekanik \u00f6m\u00fcr<\/span><\/td>\n<\/tr>\n<\/tbody>\n<\/table>\n<hr data-path-to-node=\"9\" \/>\n<h2 data-path-to-node=\"10\">SC\/UPC Neden Sekt\u00f6r Standard\u0131 Olmaya Devam Ediyor?<\/h2>\n<h3 data-path-to-node=\"11\">1. Sa\u011flam Mekanik Tasar\u0131m<\/h3>\n<p data-path-to-node=\"12\">SC konekt\u00f6r\u00fc kare \u015feklinde, ge\u00e7meli bir kilitleme mekanizmas\u0131na sahiptir. 2,5 mm'lik y\u00fcks\u00fc\u011f\u00fc, daha k\u00fc\u00e7\u00fck LC alternatiflerinden daha b\u00fcy\u00fck ve fiziksel olarak daha esnektir, bu da y\u00fcksek trafikli da\u011f\u0131t\u0131m \u00e7er\u00e7evelerinde s\u0131k s\u0131k yeniden yama s\u0131ras\u0131nda hasara daha az e\u011filimli olmas\u0131n\u0131 sa\u011flar.<\/p>\n<h3 data-path-to-node=\"13\">2. Y\u00fcksek H\u0131zl\u0131 Veriler i\u00e7in Optimize Edilmi\u015ftir<\/h3>\n<p data-path-to-node=\"14\">APC (Ye\u015fil) konekt\u00f6rler ise analog video i\u00e7in gereklidir, <b data-path-to-node=\"14\" data-index-in-node=\"61\">UPC (Mavi)<\/b> dijital veriler i\u00e7in optimize edilmi\u015f standartt\u0131r. Geri d\u00f6n\u00fc\u015f kayb\u0131 ile <b data-path-to-node=\"14\" data-index-in-node=\"138\"><span class=\"math-inline\" data-math=\"\\geq 50\\text{dB}\" data-index-in-node=\"138\">$\\geq 50\\text{dB}$<\/span><\/b>, Gigabit Ethernet, 10G ve hatta 100G protokolleri i\u00e7in kristal netli\u011finde bir yol sa\u011flar.<\/p>\n<h3 data-path-to-node=\"15\">3. Gelece\u011fe Haz\u0131r OS2 \u00c7ekirde\u011fi<\/h3>\n<p data-path-to-node=\"16\">Sar\u0131 ceketin i\u00e7inde y\u00fcksek performansl\u0131 <b data-path-to-node=\"16\" data-index-in-node=\"45\">OS2 Tek Modlu fiber<\/b>. Bu cam, 40 km ve \u00f6tesine (al\u0131c\u0131-vericilere ba\u011fl\u0131 olarak) kadar olan mesafeler i\u00e7in derecelendirilmi\u015ftir ve a\u011f h\u0131zlar\u0131n\u0131z\u0131 art\u0131rd\u0131\u011f\u0131n\u0131zda fiziksel katman altyap\u0131n\u0131z\u0131n y\u00fckseltilmesine gerek kalmamas\u0131n\u0131 sa\u011flar.<\/p>\n<h3 data-path-to-node=\"17\">4. Safety-First LSZH Ceket<\/h3>\n<p data-path-to-node=\"18\">Yama kablolar\u0131m\u0131z \u015funlar\u0131 kullan\u0131r <b data-path-to-node=\"18\" data-index-in-node=\"24\">D\u00fc\u015f\u00fck Dumanl\u0131 S\u0131f\u0131r Halojen (LSZH)<\/b> malzemeler. A\u015f\u0131r\u0131 \u0131s\u0131 veya yang\u0131n durumunda, ceket minimum duman ve s\u0131f\u0131r toksik halojen gaz\u0131 yayar ve modern veri merkezleri i\u00e7in en kat\u0131 bina g\u00fcvenlik kodlar\u0131n\u0131 kar\u015f\u0131lar.<\/p>\n<hr data-path-to-node=\"19\" \/>\n<h2 data-path-to-node=\"20\">Teknik Soru-Cevap: Saha M\u00fchendisli\u011fi SSS<\/h2>\n<p data-path-to-node=\"21\"><b data-path-to-node=\"21\" data-index-in-node=\"0\">S: Bu SC\/UPC (Mavi) kabloyu bir SC\/APC (Ye\u015fil) ba\u011flant\u0131 noktas\u0131na takabilir miyim?<\/b><\/p>\n<p data-path-to-node=\"21\"><b data-path-to-node=\"21\" data-index-in-node=\"68\">A: Hay\u0131r.<\/b> Bu kritik bir hatad\u0131r. Bir UPC ucu d\u00fczd\u00fcr ve bir APC portu a\u00e7\u0131l\u0131d\u0131r. Bunlar\u0131 birbirine zorlamak, b\u00fcy\u00fck sinyal kayb\u0131na neden olan bir hava bo\u015flu\u011fu yarat\u0131r ve seramik y\u00fcks\u00fckleri kal\u0131c\u0131 olarak \u00e7izebilir. Her zaman e\u015fle\u015ftirin <b data-path-to-node=\"21\" data-index-in-node=\"284\">Maviden Maviye<\/b>.<\/p>\n<p data-path-to-node=\"22\"><b data-path-to-node=\"22\" data-index-in-node=\"0\">S: \u201cSimplex\u201d (SX) konfig\u00fcrasyonunun faydas\u0131 nedir?<\/b><\/p>\n<p data-path-to-node=\"22\"><b data-path-to-node=\"22\" data-index-in-node=\"60\">A:<\/b> Tek y\u00f6nl\u00fc kablolar \u00c7ift Y\u00f6nl\u00fc (BiDi) a\u011f ileti\u015fimi i\u00e7in idealdir. BiDi al\u0131c\u0131-vericileri tek bir tel \u00fczerinde g\u00f6nderme ve alma yapt\u0131\u011f\u0131ndan, Simplex kablo kullanmak kablo kanallar\u0131n\u0131zdaki hacmi azalt\u0131r ve fiber y\u00f6netiminizi basitle\u015ftirir.<\/p>\n<p data-path-to-node=\"23\"><b data-path-to-node=\"23\" data-index-in-node=\"0\">S: LSZH ceket raflardaki dar k\u00f6\u015feleri nas\u0131l idare ediyor?<\/b><\/p>\n<p data-path-to-node=\"23\"><b data-path-to-node=\"23\" data-index-in-node=\"60\">A:<\/b> Kablolar\u0131m\u0131z b\u00fck\u00fclmeye kar\u015f\u0131 duyars\u0131z fiber (G.657.A1) kullan\u0131r ve standart fibere g\u00f6re \u00e7ok daha s\u0131k\u0131 bir b\u00fck\u00fclme yar\u0131\u00e7ap\u0131na izin verir. Bu, \u201cmikro b\u00fck\u00fclme\u201d sinyal kayb\u0131 konusunda endi\u015felenmeden kablolar\u0131 kalabal\u0131k panellerden ge\u00e7irebilece\u011finiz anlam\u0131na gelir.<\/p>\n<p data-path-to-node=\"24\"><b data-path-to-node=\"24\" data-index-in-node=\"0\">S: Konekt\u00f6r rengi neden Mavi?<\/b><\/p>\n<p data-path-to-node=\"24\"><b data-path-to-node=\"24\" data-index-in-node=\"36\">A:<\/b> Uluslararas\u0131 fiber kodlama standard\u0131nda Mavi, Tek Modlu fiber i\u00e7in bir UPC (Ultra Fiziksel Temas) cilas\u0131n\u0131 temsil eder. Bu, teknisyenlerin donan\u0131m uyumsuzluklar\u0131n\u0131 \u00f6nlemek i\u00e7in do\u011fru ba\u011flant\u0131 t\u00fcr\u00fcn\u00fc h\u0131zl\u0131 bir \u015fekilde tan\u0131mlamas\u0131na yard\u0131mc\u0131 olur.<\/p>","protected":false},"excerpt":{"rendered":"<p data-path-to-node=\"4\">Optik veri iletiminin y\u00fcksek riskli d\u00fcnyas\u0131nda, g\u00f6steri\u015fli yeni konekt\u00f6rler gelir ve gider, ancak <b data-path-to-node=\"4\" data-index-in-node=\"98\">SC\/UPC - SC\/UPC Tek Modlu Simpleks (SM SX)<\/b> sekt\u00f6r\u00fcn en g\u00fcvenilir i\u015f g\u00fcc\u00fc olmaya devam ediyor. 2026\u201cya do\u011fru ilerlerken, bu \u201dMaviden Maviye\" atlama kablosu kurumsal LAN'lar\u0131n ve kurumsal d\u00fczeyde veri merkezlerinin bel kemi\u011fi olmaya devam ediyor.<\/p>\n<p data-path-to-node=\"5\">Y\u00fcksek yo\u011funluklu LC konekt\u00f6rler anahtar taraf\u0131na hakim olsa da, SC (Abone Konekt\u00f6r\u00fc) fiziksel sa\u011flaml\u0131\u011f\u0131 ve kullan\u0131m kolayl\u0131\u011f\u0131 nedeniyle tercih edilmeye devam etmektedir. <b data-path-to-node=\"5\" data-index-in-node=\"152\">Optik Da\u011f\u0131t\u0131m \u00c7er\u00e7eveleri (ODF)<\/b>.<\/p>","protected":false},"featured_media":775,"comment_status":"open","ping_status":"closed","template":"","meta":[],"product_brand":[],"product_cat":[45],"product_tag":[],"class_list":{"0":"post-773","1":"product","2":"type-product","3":"status-publish","4":"has-post-thumbnail","6":"product_cat-single-mode-fiber-optic-patch-cord","8":"first","9":"instock","10":"shipping-taxable","11":"product-type-simple"},"_links":{"self":[{"href":"https:\/\/www.fenxifiber.com\/tr\/wp-json\/wp\/v2\/product\/773","targetHints":{"allow":["GET"]}}],"collection":[{"href":"https:\/\/www.fenxifiber.com\/tr\/wp-json\/wp\/v2\/product"}],"about":[{"href":"https:\/\/www.fenxifiber.com\/tr\/wp-json\/wp\/v2\/types\/product"}],"replies":[{"embeddable":true,"href":"https:\/\/www.fenxifiber.com\/tr\/wp-json\/wp\/v2\/comments?post=773"}],"wp:featuredmedia":[{"embeddable":true,"href":"https:\/\/www.fenxifiber.com\/tr\/wp-json\/wp\/v2\/media\/775"}],"wp:attachment":[{"href":"https:\/\/www.fenxifiber.com\/tr\/wp-json\/wp\/v2\/media?parent=773"}],"wp:term":[{"taxonomy":"product_brand","embeddable":true,"href":"https:\/\/www.fenxifiber.com\/tr\/wp-json\/wp\/v2\/product_brand?post=773"},{"taxonomy":"product_cat","embeddable":true,"href":"https:\/\/www.fenxifiber.com\/tr\/wp-json\/wp\/v2\/product_cat?post=773"},{"taxonomy":"product_tag","embeddable":true,"href":"https:\/\/www.fenxifiber.com\/tr\/wp-json\/wp\/v2\/product_tag?post=773"}],"curies":[{"name":"wp","href":"https:\/\/api.w.org\/{rel}","templated":true}]}}