{"id":779,"date":"2026-02-04T01:28:38","date_gmt":"2026-02-04T01:28:38","guid":{"rendered":"https:\/\/www.fenxifiber.com\/?post_type=product&#038;p=779"},"modified":"2026-02-04T02:16:35","modified_gmt":"2026-02-04T02:16:35","slug":"st-upc-st-upc-sm-sx","status":"publish","type":"product","link":"https:\/\/www.fenxifiber.com\/tr\/product\/st-upc-st-upc-sm-sx\/","title":{"rendered":"End\u00fcstriyel S\u0131n\u0131f ST\/UPC - ST\/UPC Tek Modlu Simpleks Fiber Ba\u011flant\u0131 Kablosu"},"content":{"rendered":"<h2 data-path-to-node=\"6\">Sat\u0131n Alma i\u00e7in Temel Teknik \u00d6zellikler<\/h2>\n<p data-path-to-node=\"7\">Her yama kablosu a\u015fa\u011f\u0131dakileri kar\u015f\u0131layacak \u015fekilde \u00fcretilmi\u015ftir <b data-path-to-node=\"7\" data-index-in-node=\"41\">Telcordia GR-326-CORE<\/b> ve <b data-path-to-node=\"7\" data-index-in-node=\"67\">IEC<\/b> Uluslararas\u0131 standartlar, mevcut ST donan\u0131m\u0131 ile sorunsuz bir \u015fekilde e\u015fle\u015ftirilebilirlik sa\u011flar.<\/p>\n<table data-path-to-node=\"8\">\n<thead>\n<tr>\n<td><strong>\u00d6zellik<\/strong><\/td>\n<td><strong>Teknik \u00d6zellikler<\/strong><\/td>\n<td><strong>B2B De\u011fer \u00d6nerisi<\/strong><\/td>\n<\/tr>\n<\/thead>\n<tbody>\n<tr>\n<td><span data-path-to-node=\"8,1,0,0\"><b data-path-to-node=\"8,1,0,0\" data-index-in-node=\"0\">Konekt\u00f6r Tipi<\/b><\/span><\/td>\n<td><span data-path-to-node=\"8,1,1,0\">ST\/UPC - ST\/UPC<\/span><\/td>\n<td><span data-path-to-node=\"8,1,2,0\">G\u00fcvenli kilitleme i\u00e7in metalik bayonet<\/span><\/td>\n<\/tr>\n<tr>\n<td><span data-path-to-node=\"8,2,0,0\"><b data-path-to-node=\"8,2,0,0\" data-index-in-node=\"0\">Elyaf Kategorisi<\/b><\/span><\/td>\n<td><span data-path-to-node=\"8,2,1,0\">Tek Mod OS2 (9\/125\u03bcm)<\/span><\/td>\n<td><span data-path-to-node=\"8,2,2,0\">Uzun mesafeli stabilite i\u00e7in d\u00fc\u015f\u00fck zay\u0131flama<\/span><\/td>\n<\/tr>\n<tr>\n<td><span data-path-to-node=\"8,3,0,0\"><b data-path-to-node=\"8,3,0,0\" data-index-in-node=\"0\">Ekleme Kayb\u0131<\/b><\/span><\/td>\n<td><span data-path-to-node=\"8,3,1,0\"><span class=\"math-inline\" data-math=\"\\leq 0.30 \\text{ dB}\" data-index-in-node=\"0\">$\\leq 0,30 \\text{ dB}$<\/span><\/span><\/td>\n<td><span data-path-to-node=\"8,3,2,0\">Y\u00fcksek verimli iletim b\u00fct\u00e7esi<\/span><\/td>\n<\/tr>\n<tr>\n<td><span data-path-to-node=\"8,4,0,0\"><b data-path-to-node=\"8,4,0,0\" data-index-in-node=\"0\">Geri D\u00f6n\u00fc\u015f Kayb\u0131<\/b><\/span><\/td>\n<td><span data-path-to-node=\"8,4,1,0\"><span class=\"math-inline\" data-math=\"\\geq 50 \\text{ dB}\" data-index-in-node=\"0\">$\\geq 50 \\text{ dB}$<\/span><\/span><\/td>\n<td><span data-path-to-node=\"8,4,2,0\">Veri b\u00fct\u00fcnl\u00fc\u011f\u00fc i\u00e7in geri yans\u0131may\u0131 en aza indirir<\/span><\/td>\n<\/tr>\n<tr>\n<td><span data-path-to-node=\"8,5,0,0\"><b data-path-to-node=\"8,5,0,0\" data-index-in-node=\"0\">Muhafaza Malzemesi<\/b><\/span><\/td>\n<td><span data-path-to-node=\"8,5,1,0\">Nikel Kaplamal\u0131 Metal<\/span><\/td>\n<td><span data-path-to-node=\"8,5,2,0\">Korozyona dayan\u0131kl\u0131 ve ultra dayan\u0131kl\u0131<\/span><\/td>\n<\/tr>\n<tr>\n<td><span data-path-to-node=\"8,6,0,0\"><b data-path-to-node=\"8,6,0,0\" data-index-in-node=\"0\">Ceket De\u011ferlendirmesi<\/b><\/span><\/td>\n<td><span data-path-to-node=\"8,6,1,0\">LSZH (D\u00fc\u015f\u00fck Duman)<\/span><\/td>\n<td><span data-path-to-node=\"8,6,2,0\">Uluslararas\u0131 g\u00fcvenlik kodlar\u0131na uygundur<\/span><\/td>\n<\/tr>\n<\/tbody>\n<\/table>\n<hr data-path-to-node=\"9\" \/>\n<h2 data-path-to-node=\"10\">ST\/UPC End\u00fcstriyel Ortamlar i\u00e7in Neden Tercih Edilir?<\/h2>\n<h3 data-path-to-node=\"11\">1. Titre\u015fime Dayan\u0131kl\u0131 G\u00fcvenlik<\/h3>\n<p data-path-to-node=\"12\">LC veya SC konnekt\u00f6rlerinin \u201cge\u00e7meli\u201d mandal\u0131n\u0131n aksine, ST konnekt\u00f6r\u00fc bir <b data-path-to-node=\"12\" data-index-in-node=\"79\">yayl\u0131 \u00e7evirmeli kilit<\/b> mekanizmas\u0131na sahiptir. Bu, a\u011f\u0131r makinelerin veya s\u00fcrekli fiziksel hareketlerin oldu\u011fu ortamlarda bile sabit kalan, g\u00fcvenli bir ba\u011flant\u0131 sa\u011flar.<\/p>\n<h3 data-path-to-node=\"13\">2. Y\u00fcksek Mekanik Dayan\u0131kl\u0131l\u0131k<\/h3>\n<p data-path-to-node=\"14\">2,5 mm'lik y\u00fcksek hassasiyetli seramik y\u00fcks\u00fck ile <b data-path-to-node=\"14\" data-index-in-node=\"56\">nikel kaplamal\u0131 metalik g\u00f6vde<\/b>, ST konnekt\u00f6r \u00fcst\u00fcn darbe direnci sunar. Bu da onu fabrika zeminleri, petrol ve gaz tesisleri ve d\u0131\u015f mekan hizmet dolaplar\u0131 i\u00e7in standart haline getirir.<\/p>\n<h3 data-path-to-node=\"15\">3. G\u00fcvenilir Tek Modlu OS2 \u00c7ekirdek<\/h3>\n<p data-path-to-node=\"16\">Jumperlar\u0131m\u0131z, a\u015fa\u011f\u0131daki dalga boylar\u0131n\u0131 destekleyen y\u00fcksek performansl\u0131 OS2 fiber kullan\u0131r <span class=\"math-inline\" data-math=\"1310\\text{nm}\" data-index-in-node=\"74\">$1310\\text{nm}$<\/span> ve <span class=\"math-inline\" data-math=\"1550\\text{nm}\" data-index-in-node=\"92\">$1550\\text{nm}$<\/span>. Bu, kablonun uzun mesafelerde 10Gbps+ h\u0131zlara haz\u0131r olmas\u0131n\u0131 sa\u011flayarak kurumsal altyap\u0131 i\u00e7in gelece\u011fe d\u00f6n\u00fck bir yat\u0131r\u0131m haline getirir.<\/p>\n<h3 data-path-to-node=\"17\">4. Sertifikal\u0131 LSZH Ceket<\/h3>\n<p data-path-to-node=\"18\">G\u00fcvenlik uyumlulu\u011fu B2B projeleri i\u00e7in en \u00f6nemli \u00f6nceliktir. Sar\u0131 ceketlerimiz \u015funlardan yap\u0131lm\u0131\u015ft\u0131r <b data-path-to-node=\"18\" data-index-in-node=\"87\">D\u00fc\u015f\u00fck Dumanl\u0131 S\u0131f\u0131r Halojen (LSZH)<\/b> Yang\u0131n durumunda toksik olmayan dumanlar yayan malzeme, hem personeli hem de hassas elektronik donan\u0131m\u0131 korur.<\/p>\n<hr data-path-to-node=\"19\" \/>\n<h2 data-path-to-node=\"20\">B2B Sat\u0131n Alma SSS<\/h2>\n<p data-path-to-node=\"21\"><b data-path-to-node=\"21\" data-index-in-node=\"0\">S: Bu ST\/UPC (Mavi) konekt\u00f6r ST\/APC (Ye\u015fil) ba\u011flant\u0131 noktalar\u0131 ile uyumlu mu?<\/b><\/p>\n<p data-path-to-node=\"21\"><b data-path-to-node=\"21\" data-index-in-node=\"73\">A:<\/b> Hay\u0131r. UPC (Ultra Fiziksel Temas) ve APC (A\u00e7\u0131l\u0131 Fiziksel Temas) farkl\u0131 u\u00e7 y\u00fcz geometrilerine sahiptir. Bunlar\u0131n kar\u0131\u015ft\u0131r\u0131lmas\u0131 y\u00fcksek ekleme kayb\u0131na ve potansiyel donan\u0131m hasar\u0131na neden olur. Her zaman parlatma tiplerinin e\u015fle\u015fti\u011finden emin olun.<\/p>\n<p data-path-to-node=\"22\"><b data-path-to-node=\"22\" data-index-in-node=\"0\">S: Belirli end\u00fcstriyel projeler i\u00e7in \u00f6zel uzunluklar sipari\u015f edebilir miyiz?<\/b><\/p>\n<p data-path-to-node=\"22\"><b data-path-to-node=\"22\" data-index-in-node=\"65\">A:<\/b> Evet. Profesyonel bir B2B tedarik\u00e7isi olarak, projenizin \u00f6zel gereksinimlerini kar\u015f\u0131lamak i\u00e7in \u00f6zel uzunluklar (\u00f6rn. 0,5 m ila 100 m+) ve farkl\u0131 k\u0131l\u0131f \u00e7aplar\u0131 (2,0 mm veya 3,0 mm) i\u00e7in esnek \u00fcretim sunuyoruz.<\/p>\n<p data-path-to-node=\"23\"><b data-path-to-node=\"23\" data-index-in-node=\"0\">S: B\u00fcy\u00fck toptan sipari\u015fler i\u00e7in \u00fcr\u00fcn kalitesini nas\u0131l sa\u011fl\u0131yorsunuz?<\/b><\/p>\n<p data-path-to-node=\"23\"><b data-path-to-node=\"23\" data-index-in-node=\"65\">A:<\/b> Her kablo, Ekleme Kayb\u0131 (IL) ve Geri D\u00f6n\u00fc\u015f Kayb\u0131 (RL) i\u00e7in 100% fabrika testine tabi tutulur. Talep \u00fczerine 2026 seviyesinde kalite standartlar\u0131n\u0131 sa\u011flamak i\u00e7in ayr\u0131nt\u0131l\u0131 test raporlar\u0131 ve 3D interferometri do\u011frulamas\u0131 sa\u011fl\u0131yoruz.<\/p>\n<p data-path-to-node=\"24\"><b data-path-to-node=\"24\" data-index-in-node=\"0\">S: \u201cSimplex\u201d (SX) BiDi al\u0131c\u0131-vericiler i\u00e7in uygun mudur?<\/b><\/p>\n<p data-path-to-node=\"24\"><b data-path-to-node=\"24\" data-index-in-node=\"53\">A:<\/b> Kesinlikle. Tek y\u00f6nl\u00fc kablolar, \u00c7ift Y\u00f6nl\u00fc (BiDi) ileti\u015fim i\u00e7in standartt\u0131r ve tek bir tel \u00fczerinden y\u00fcksek h\u0131zl\u0131 veri iletimi ve al\u0131m\u0131na olanak tan\u0131yarak kanal alan\u0131n\u0131z\u0131 optimize eder ve genel proje maliyetlerini d\u00fc\u015f\u00fcr\u00fcr.<\/p>","protected":false},"excerpt":{"rendered":"<p data-path-to-node=\"4\">Sanayi ve telekom\u00fcnikasyon sekt\u00f6rlerinde <b data-path-to-node=\"4\" data-index-in-node=\"54\">ST\/UPC - ST\/UPC Tek Modlu Simpleks (SM SX)<\/b> yama kablosu, kritik g\u00f6rev ba\u011flant\u0131lar\u0131 i\u00e7in \u00f6nde gelen se\u00e7imdir. Klasik bayonet tarz\u0131 \u00e7evirmeli kilit mekanizmas\u0131na sahip olan bu \u201cMaviden Maviye\u201d atlama kablosu, standart plastik konekt\u00f6rlerin ar\u0131zalanabilece\u011fi y\u00fcksek titre\u015fimli ortamlara dayanacak \u015fekilde tasarlanm\u0131\u015ft\u0131r.<\/p>\n<p data-path-to-node=\"5\">B2B tedarik y\u00f6neticileri ve sistem entegrat\u00f6rleri i\u00e7in ST jumper'lar\u0131m\u0131z kamp\u00fcs omurgalar\u0131, end\u00fcstriyel otomasyon ve \u00f6zel a\u011f donan\u0131mlar\u0131 i\u00e7in sa\u011flam ve uzun vadeli bir \u00e7\u00f6z\u00fcm sunar.<\/p>","protected":false},"featured_media":780,"comment_status":"open","ping_status":"closed","template":"","meta":[],"product_brand":[],"product_cat":[45],"product_tag":[],"class_list":{"0":"post-779","1":"product","2":"type-product","3":"status-publish","4":"has-post-thumbnail","6":"product_cat-single-mode-fiber-optic-patch-cord","8":"first","9":"instock","10":"shipping-taxable","11":"product-type-simple"},"_links":{"self":[{"href":"https:\/\/www.fenxifiber.com\/tr\/wp-json\/wp\/v2\/product\/779","targetHints":{"allow":["GET"]}}],"collection":[{"href":"https:\/\/www.fenxifiber.com\/tr\/wp-json\/wp\/v2\/product"}],"about":[{"href":"https:\/\/www.fenxifiber.com\/tr\/wp-json\/wp\/v2\/types\/product"}],"replies":[{"embeddable":true,"href":"https:\/\/www.fenxifiber.com\/tr\/wp-json\/wp\/v2\/comments?post=779"}],"wp:featuredmedia":[{"embeddable":true,"href":"https:\/\/www.fenxifiber.com\/tr\/wp-json\/wp\/v2\/media\/780"}],"wp:attachment":[{"href":"https:\/\/www.fenxifiber.com\/tr\/wp-json\/wp\/v2\/media?parent=779"}],"wp:term":[{"taxonomy":"product_brand","embeddable":true,"href":"https:\/\/www.fenxifiber.com\/tr\/wp-json\/wp\/v2\/product_brand?post=779"},{"taxonomy":"product_cat","embeddable":true,"href":"https:\/\/www.fenxifiber.com\/tr\/wp-json\/wp\/v2\/product_cat?post=779"},{"taxonomy":"product_tag","embeddable":true,"href":"https:\/\/www.fenxifiber.com\/tr\/wp-json\/wp\/v2\/product_tag?post=779"}],"curies":[{"name":"wp","href":"https:\/\/api.w.org\/{rel}","templated":true}]}}