{"id":781,"date":"2026-02-04T01:30:07","date_gmt":"2026-02-04T01:30:07","guid":{"rendered":"https:\/\/www.fenxifiber.com\/?post_type=product&#038;p=781"},"modified":"2026-02-04T02:17:28","modified_gmt":"2026-02-04T02:17:28","slug":"st-upc-lc-upc-sm-sx","status":"publish","type":"product","link":"https:\/\/www.fenxifiber.com\/tr\/product\/st-upc-lc-upc-sm-sx\/","title":{"rendered":"Profesyonel ST\/UPC - LC\/UPC Tek Modlu Simpleks Fiber Yama Kablosu"},"content":{"rendered":"<h2 data-path-to-node=\"6\">Veriye Dayal\u0131 Performans Spesifikasyonlar\u0131<\/h2>\n<p data-path-to-node=\"7\">Her yama kablosu a\u015fa\u011f\u0131daki teknik parametrelere s\u0131k\u0131 s\u0131k\u0131ya ba\u011fl\u0131 kalacak \u015fekilde \u00fcretilmi\u015ftir:<\/p>\n<table data-path-to-node=\"8\">\n<thead>\n<tr>\n<td><strong>\u00d6zellik<\/strong><\/td>\n<td><strong>Teknik \u00d6zellikler<\/strong><\/td>\n<td><strong>B2B Tedarik Avantaj\u0131<\/strong><\/td>\n<\/tr>\n<\/thead>\n<tbody>\n<tr>\n<td><span data-path-to-node=\"8,1,0,0\"><b data-path-to-node=\"8,1,0,0\" data-index-in-node=\"0\">Konekt\u00f6r Tipi<\/b><\/span><\/td>\n<td><span data-path-to-node=\"8,1,1,0\">ST\/UPC'den LC\/UPC'ye<\/span><\/td>\n<td><span data-path-to-node=\"8,1,2,0\">Sanayiden Y\u00fcksek Yo\u011funlu\u011fa d\u00f6n\u00fc\u015f\u00fcm<\/span><\/td>\n<\/tr>\n<tr>\n<td><span data-path-to-node=\"8,2,0,0\"><b data-path-to-node=\"8,2,0,0\" data-index-in-node=\"0\">Elyaf Kategorisi<\/b><\/span><\/td>\n<td><span data-path-to-node=\"8,2,1,0\">Tek Mod (SM\/SX)<\/span><\/td>\n<td><span data-path-to-node=\"8,2,2,0\">Uzun mesafeli OS2 ba\u011flant\u0131lar\u0131 i\u00e7in optimize edilmi\u015ftir<\/span><\/td>\n<\/tr>\n<tr>\n<td><span data-path-to-node=\"8,3,0,0\"><b data-path-to-node=\"8,3,0,0\" data-index-in-node=\"0\">Ekleme Kayb\u0131<\/b><\/span><\/td>\n<td><span data-path-to-node=\"8,3,1,0\"><span class=\"math-inline\" data-math=\"&lt; 0.3 \\text{ dB}\" data-index-in-node=\"0\">$&lt; 0,3 \\text{ dB}$<\/span><\/span><\/td>\n<td><span data-path-to-node=\"8,3,2,0\">Y\u00fcksek verimli sinyal \u00e7\u0131k\u0131\u015f\u0131<\/span><\/td>\n<\/tr>\n<tr>\n<td><span data-path-to-node=\"8,4,0,0\"><b data-path-to-node=\"8,4,0,0\" data-index-in-node=\"0\">Geri D\u00f6n\u00fc\u015f Kayb\u0131<\/b><\/span><\/td>\n<td><span data-path-to-node=\"8,4,1,0\"><span class=\"math-inline\" data-math=\"\\geq 50 \\text{ dB}\" data-index-in-node=\"0\">$\\geq 50 \\text{ dB}$<\/span> (UPC)<\/span><\/td>\n<td><span data-path-to-node=\"8,4,2,0\">Dijital veriler i\u00e7in en aza indirilmi\u015f geri yans\u0131ma<\/span><\/td>\n<\/tr>\n<tr>\n<td><span data-path-to-node=\"8,5,0,0\"><b data-path-to-node=\"8,5,0,0\" data-index-in-node=\"0\">Dalga Uzunlu\u011fu<\/b><\/span><\/td>\n<td><span data-path-to-node=\"8,5,1,0\">1310nm \/ 1490nm \/ 1550nm<\/span><\/td>\n<td><span data-path-to-node=\"8,5,2,0\">Standart SM optiklerle tam uyumluluk<\/span><\/td>\n<\/tr>\n<tr>\n<td><span data-path-to-node=\"8,6,0,0\"><b data-path-to-node=\"8,6,0,0\" data-index-in-node=\"0\">Bant Geni\u015fli\u011fi<\/b><\/span><\/td>\n<td><span data-path-to-node=\"8,6,1,0\"><span class=\"math-inline\" data-math=\"\\pm 40\\text{nm}\" data-index-in-node=\"0\">$\\pm 40\\text{nm}$<\/span><\/span><\/td>\n<td><span data-path-to-node=\"8,6,2,0\">\u00c7e\u015fitli spektral aral\u0131klarda istikrarl\u0131 performans<\/span><\/td>\n<\/tr>\n<tr>\n<td><span data-path-to-node=\"8,7,0,0\"><b data-path-to-node=\"8,7,0,0\" data-index-in-node=\"0\">Gerilim Dayan\u0131m\u0131<\/b><\/span><\/td>\n<td><span data-path-to-node=\"8,7,1,0\"><span class=\"math-inline\" data-math=\"\\geq 200 \\text{ N}\" data-index-in-node=\"0\">$\\geq 200 \\text{ N}$<\/span><\/span><\/td>\n<td><span data-path-to-node=\"8,7,2,0\">Kurulum s\u0131ras\u0131nda y\u00fcksek mekanik dayan\u0131kl\u0131l\u0131k<\/span><\/td>\n<\/tr>\n<tr>\n<td><span data-path-to-node=\"8,8,0,0\"><b data-path-to-node=\"8,8,0,0\" data-index-in-node=\"0\">Dayan\u0131kl\u0131l\u0131k<\/b><\/span><\/td>\n<td><span data-path-to-node=\"8,8,1,0\"><span class=\"math-inline\" data-math=\"\\geq 1000\" data-index-in-node=\"0\">$\\geq 1000$<\/span> zamanlar<\/span><\/td>\n<td><span data-path-to-node=\"8,8,2,0\">Donan\u0131m\u0131n s\u0131k s\u0131k yeniden yamalanmas\u0131 i\u00e7in g\u00fcvenilir<\/span><\/td>\n<\/tr>\n<tr>\n<td><span data-path-to-node=\"8,9,0,0\"><b data-path-to-node=\"8,9,0,0\" data-index-in-node=\"0\">Malzeme<\/b><\/span><\/td>\n<td><span data-path-to-node=\"8,9,1,0\">LSZH (Sar\u0131)<\/span><\/td>\n<td><span data-path-to-node=\"8,9,2,0\">Yang\u0131na kar\u015f\u0131 g\u00fcvenli, D\u00fc\u015f\u00fck Dumanl\u0131 S\u0131f\u0131r Halojen ceket<\/span><\/td>\n<\/tr>\n<\/tbody>\n<\/table>\n<hr data-path-to-node=\"9\" \/>\n<h2 data-path-to-node=\"10\">Bu Hibrit Yap\u0131land\u0131rma Neden Gerekli?<\/h2>\n<h3 data-path-to-node=\"11\">1. Sa\u011flam Mekanik Kararl\u0131l\u0131k<\/h3>\n<p data-path-to-node=\"12\">Bu <b data-path-to-node=\"12\" data-index-in-node=\"4\">ST\/UPC<\/b> ucunda titre\u015fime dayan\u0131kl\u0131 bir ba\u011flant\u0131 sa\u011flayan nikel kaplama metalik bayonet tarz\u0131 b\u00fck\u00fcml\u00fc kilit bulunur. Bu \u00f6zellik modern <b data-path-to-node=\"12\" data-index-in-node=\"145\">LC\/UPC<\/b> u\u00e7, y\u00fcksek yo\u011funluklu anahtarlara h\u0131zl\u0131 ve g\u00fcvenli ba\u011flant\u0131 i\u00e7in RJ45 tarz\u0131 bir mandal sunar.<\/p>\n<h3 data-path-to-node=\"13\">2. End\u00fcstri Lideri Optik B\u00fct\u00fcnl\u00fck<\/h3>\n<p data-path-to-node=\"14\">'den daha az bir ekleme kayb\u0131 ile <b data-path-to-node=\"14\" data-index-in-node=\"36\">0.3dB<\/b> ve a\u015fan bir geri d\u00f6n\u00fc\u015f kayb\u0131 <b data-path-to-node=\"14\" data-index-in-node=\"70\">50dB<\/b>, Bu kablo sinyal bozulmas\u0131n\u0131 en aza indirir. Bu \u00f6l\u00e7\u00fcmler, kritik fiber yollarda g\u00fc\u00e7 b\u00fct\u00e7esini korumak i\u00e7in \u00e7ok \u00f6nemlidir.<\/p>\n<h3 data-path-to-node=\"15\">3. G\u00fcvenlik ve Uyumluluk<\/h3>\n<p data-path-to-node=\"16\">Modern bina g\u00fcvenlik standartlar\u0131 i\u00e7in tasarlanan <b data-path-to-node=\"16\" data-index-in-node=\"51\">LSZH (D\u00fc\u015f\u00fck Dumanl\u0131 S\u0131f\u0131r Halojen)<\/b> ceket, yang\u0131n durumunda kablonun minimum duman \u00fcretmesini ve toksik halojen gazlar \u00fcretmemesini sa\u011flar. Bu da onu veri merkezleri ve ticari ofis alanlar\u0131 i\u00e7in zorunlu bir se\u00e7im haline getirir.<\/p>\n<h3 data-path-to-node=\"17\">4. Sa\u011flam Performans<\/h3>\n<p data-path-to-node=\"18\">Gerilim g\u00fcc\u00fc ile <b data-path-to-node=\"18\" data-index-in-node=\"27\"><span class=\"math-inline\" data-math=\"\\geq 200\\text{N}\" data-index-in-node=\"27\">$\\geq 200\\text{N}$<\/span><\/b>, Bu atlama telleri, fiber \u00e7ekirde\u011fi tehlikeye atmadan yo\u011fun kablo kanallar\u0131 ve dikey kanallar boyunca y\u00f6nlendirmenin fiziksel streslerine dayanacak \u015fekilde \u00fcretilmi\u015ftir.<\/p>\n<hr data-path-to-node=\"19\" \/>\n<h2 data-path-to-node=\"20\">B2B Tedarik ve Destek<\/h2>\n<p data-path-to-node=\"21\"><b data-path-to-node=\"21\" data-index-in-node=\"0\">S: Bu kablolar y\u00fcksek titre\u015fimli end\u00fcstriyel ortamlar i\u00e7in uygun mu?<\/b> <b data-path-to-node=\"21\" data-index-in-node=\"69\">A:<\/b> Evet. ST konnekt\u00f6r\u00fcn\u00fcn metalik \u00e7evirmeli kilidi, standart plastik mandallar\u0131n mekanik titre\u015fim nedeniyle ar\u0131zalanabilece\u011fi ortamlar i\u00e7in \u00f6zel olarak tasarlanm\u0131\u015ft\u0131r.<\/p>\n<p data-path-to-node=\"22\"><b data-path-to-node=\"22\" data-index-in-node=\"0\">S: \u201cSimplex\u201d tasar\u0131m\u0131n\u0131n kurumsal kullan\u0131c\u0131lar i\u00e7in faydas\u0131 nedir?<\/b> <b data-path-to-node=\"22\" data-index-in-node=\"69\">A:<\/b> Simpleks (SX), \u00c7ift Y\u00f6nl\u00fc (BiDi) a\u011f ileti\u015fimi i\u00e7in standartt\u0131r. Hem TX hem de RX i\u00e7in tek bir tel kullanmak, da\u011f\u0131t\u0131m \u00e7er\u00e7evelerindeki kablo y\u0131\u011f\u0131n\u0131n\u0131 azalt\u0131rken fiber tesisinizin kapasitesini iki kat\u0131na \u00e7\u0131karman\u0131za olanak tan\u0131r.<\/p>\n<p data-path-to-node=\"23\"><b data-path-to-node=\"23\" data-index-in-node=\"0\">S: B\u00fcy\u00fck sipari\u015fler i\u00e7in toplu test raporlar\u0131 sunuyor musunuz?<\/b> <b data-path-to-node=\"23\" data-index-in-node=\"55\">A:<\/b> Her bir ba\u011flant\u0131 kablosu IL ve RL i\u00e7in fabrikada test edilmi\u015f 100%'dir. Profesyonel bir B2B orta\u011f\u0131 olarak, toplam kalite g\u00fcvencesi sa\u011flamak i\u00e7in y\u00fcksek hacimli toptan sevkiyatlar i\u00e7in ayr\u0131nt\u0131l\u0131 test g\u00fcnl\u00fckleri ve 3D interferometri raporlar\u0131 sa\u011flayabiliriz.<\/p>","protected":false},"excerpt":{"rendered":"<p data-path-to-node=\"4\">Bu <b data-path-to-node=\"4\" data-index-in-node=\"4\">ST\/UPC - LC\/UPC Tek Mod Simpleks (SM SX)<\/b> yama kablosu, kurumsal a\u011f i\u00e7in kritik bir hibrit \u00e7\u00f6z\u00fcmd\u00fcr. Sa\u011flam, end\u00fcstriyel ST standard\u0131 ba\u011flant\u0131 noktalar\u0131 ile modern SFP\/SFP+ al\u0131c\u0131-vericilerinde bulunan K\u00fc\u00e7\u00fck Form Fakt\u00f6r\u00fc (SFF) LC aray\u00fczleri aras\u0131ndaki bo\u015flu\u011fu doldurur.<\/p>\n<p data-path-to-node=\"5\">2026 seviyesi altyap\u0131 i\u00e7in tasarlanan bu jumper, telekom\u00fcnikasyon, end\u00fcstriyel otomasyon ve kamp\u00fcs omurgalar\u0131nda uzun mesafeli veri iletimi i\u00e7in g\u00fcvenli, d\u00fc\u015f\u00fck kay\u0131pl\u0131 bir ba\u011flant\u0131 sa\u011flar.<\/p>","protected":false},"featured_media":782,"comment_status":"open","ping_status":"closed","template":"","meta":[],"product_brand":[],"product_cat":[45],"product_tag":[],"class_list":{"0":"post-781","1":"product","2":"type-product","3":"status-publish","4":"has-post-thumbnail","6":"product_cat-single-mode-fiber-optic-patch-cord","8":"first","9":"instock","10":"shipping-taxable","11":"product-type-simple"},"_links":{"self":[{"href":"https:\/\/www.fenxifiber.com\/tr\/wp-json\/wp\/v2\/product\/781","targetHints":{"allow":["GET"]}}],"collection":[{"href":"https:\/\/www.fenxifiber.com\/tr\/wp-json\/wp\/v2\/product"}],"about":[{"href":"https:\/\/www.fenxifiber.com\/tr\/wp-json\/wp\/v2\/types\/product"}],"replies":[{"embeddable":true,"href":"https:\/\/www.fenxifiber.com\/tr\/wp-json\/wp\/v2\/comments?post=781"}],"wp:featuredmedia":[{"embeddable":true,"href":"https:\/\/www.fenxifiber.com\/tr\/wp-json\/wp\/v2\/media\/782"}],"wp:attachment":[{"href":"https:\/\/www.fenxifiber.com\/tr\/wp-json\/wp\/v2\/media?parent=781"}],"wp:term":[{"taxonomy":"product_brand","embeddable":true,"href":"https:\/\/www.fenxifiber.com\/tr\/wp-json\/wp\/v2\/product_brand?post=781"},{"taxonomy":"product_cat","embeddable":true,"href":"https:\/\/www.fenxifiber.com\/tr\/wp-json\/wp\/v2\/product_cat?post=781"},{"taxonomy":"product_tag","embeddable":true,"href":"https:\/\/www.fenxifiber.com\/tr\/wp-json\/wp\/v2\/product_tag?post=781"}],"curies":[{"name":"wp","href":"https:\/\/api.w.org\/{rel}","templated":true}]}}